{"id":135,"date":"2015-05-28T09:14:30","date_gmt":"2015-05-28T07:14:30","guid":{"rendered":"https:\/\/c-hessler.de\/?page_id=135"},"modified":"2025-12-09T12:46:23","modified_gmt":"2025-12-09T11:46:23","slug":"vigtige-oplysninger-om-brugen-af-webshop-skabelonen","status":"publish","type":"page","link":"https:\/\/c-hessler.de\/da\/wichtige-informationen-zur-nutzung-der-onlineshop-vorlage\/","title":{"rendered":"Vigtige oplysninger til webshop-skabelonen"},"content":{"rendered":"<p>For at sikre, at webshop-skabelonen kan bruges i Tyskland p\u00e5 en lovmedholdelig m\u00e5de, er den blevet tilpasset med udvidelsen \"WooCommerce German Market\". Dette opretter automatisk nogle sider og tilpasser indholdet. Vi anbefaler, at du f\u00f8rst kontrollerer WooCommerce-indstillingerne i backend og derefter selve siderne for korrekt indhold (f.eks. kontaktoplysninger, skatte- og annulleringsoplysninger).<\/p>\n<h3>Hvilke tilpasninger er n\u00f8dvendige for WooCommerce?<\/h3>\n<p>En nyttig samling af mange vejledninger og yderligere information kan findes p\u00e5 <a href=\"https:\/\/marketpress.de\/2014\/woocommerce-guide\/#tutorials\">WooCommerce rejseguide<\/a>.<\/p>\n<h3>Fjern noten \"Dette er en demoinstallation ...\"<\/h3>\n<p>Bem\u00e6rkningen \"Dette er en demoinstallation. Enhver ordre i denne butik vil hverken blive taget i betragtning eller udf\u00f8rt.\" kan skjules i backend ved at fjerne markeringen i boksen \"WooCommerce \/ Indstillinger \/ Aktiv\u00e9r hint-tekst for hele hjemmesiden\".<\/p>\n<h3>Hvilket demo-indhold er inkluderet i shoppen?<\/h3>\n<p>Webshop-skabelonen leveres med flere eksempler p\u00e5 produkter i en eksempelkategori. Linkene i menuen er ogs\u00e5 tilpasset til demoen. For at f\u00e5 et bedre overblik anbefaler vi, at du sletter billederne af pr\u00f8veprodukterne fra mediegalleriet, n\u00e5r du starter butikken.<\/p>\n<p><strong>Efter ops\u00e6tning af webshoppen kan denne side slettes i editoren via \"Put in recycle bin\". For at tilpasse menuen skal du g\u00e5 til siden \"Menuer\" i backend under menupunktet \"Design\".<\/strong><\/p>","protected":false},"excerpt":{"rendered":"<p>Damit die Onlineshop-Vorlage in Deutschland rechtssicher genutzt werden kann, ist sie mit der Erweiterung &#8222;WooCommerce German Market&#8220; angepasst worden. Hierbei wurden automatisch einige Seiten angelegt sowie Inhalte anpasst. Wir empfehlen zu Beginn die WooCommerce-Einstellungen im Backend und anschlie\u00dfend die Seiten selbst auf\u00a0korrekten Inhalt (z.B. Kontaktdaten, Steuer- und Widerrufsinformationen) zu pr\u00fcfen. Welche Anpassungen sind bei WooCommerce [&hellip;]<\/p>\n","protected":false},"author":5,"featured_media":0,"parent":0,"menu_order":0,"comment_status":"closed","ping_status":"closed","template":"","meta":{"footnotes":""},"class_list":["post-135","page","type-page","status-publish","hentry"],"yoast_head":"<!-- This site is optimized with the Yoast SEO Premium plugin v27.0 (Yoast SEO v27.4) - https:\/\/yoast.com\/product\/yoast-seo-premium-wordpress\/ -->\n<title>Wichtige Informationen f\u00fcr die Onlineshop-Vorlage - Dr. Christoph He\u00dfler Maschinensysteme<\/title>\n<meta name=\"robots\" content=\"index, follow, max-snippet:-1, max-image-preview:large, max-video-preview:-1\" \/>\n<link rel=\"canonical\" href=\"https:\/\/c-hessler.de\/da\/vigtige-oplysninger-om-brugen-af-webshop-skabelonen\/\" \/>\n<meta property=\"og:locale\" content=\"da_DK\" \/>\n<meta property=\"og:type\" content=\"article\" \/>\n<meta property=\"og:title\" content=\"Wichtige Informationen f\u00fcr die Onlineshop-Vorlage\" \/>\n<meta property=\"og:description\" content=\"Damit die Onlineshop-Vorlage in Deutschland rechtssicher genutzt werden kann, ist sie mit der Erweiterung &#8222;WooCommerce German Market&#8220; angepasst worden. Hierbei wurden automatisch einige Seiten angelegt sowie Inhalte anpasst. Wir empfehlen zu Beginn die WooCommerce-Einstellungen im Backend und anschlie\u00dfend die Seiten selbst auf\u00a0korrekten Inhalt (z.B. Kontaktdaten, Steuer- und Widerrufsinformationen) zu pr\u00fcfen. Welche Anpassungen sind bei WooCommerce [&hellip;]\" \/>\n<meta property=\"og:url\" content=\"https:\/\/c-hessler.de\/da\/vigtige-oplysninger-om-brugen-af-webshop-skabelonen\/\" \/>\n<meta property=\"og:site_name\" content=\"Dr. Christoph He\u00dfler Maschinensysteme\" \/>\n<meta property=\"article:publisher\" content=\"https:\/\/www.facebook.com\/DrChristophHesslerMaschinensysteme\/\" \/>\n<meta property=\"article:modified_time\" content=\"2025-12-09T11:46:23+00:00\" \/>\n<meta name=\"twitter:label1\" content=\"Estimeret l\u00e6setid\" \/>\n\t<meta name=\"twitter:data1\" content=\"1 minut\" \/>\n<script type=\"application\/ld+json\" class=\"yoast-schema-graph\">{\"@context\":\"https:\\\/\\\/schema.org\",\"@graph\":[{\"@type\":\"WebPage\",\"@id\":\"https:\\\/\\\/c-hessler.de\\\/wichtige-informationen-zur-nutzung-der-onlineshop-vorlage\\\/\",\"url\":\"https:\\\/\\\/c-hessler.de\\\/wichtige-informationen-zur-nutzung-der-onlineshop-vorlage\\\/\",\"name\":\"Wichtige Informationen f\u00fcr die Onlineshop-Vorlage - Dr. Christoph He\u00dfler Maschinensysteme\",\"isPartOf\":{\"@id\":\"https:\\\/\\\/c-hessler.de\\\/#website\"},\"datePublished\":\"2015-05-28T07:14:30+00:00\",\"dateModified\":\"2025-12-09T11:46:23+00:00\",\"inLanguage\":\"da-DK\",\"potentialAction\":[{\"@type\":\"ReadAction\",\"target\":[\"https:\\\/\\\/c-hessler.de\\\/wichtige-informationen-zur-nutzung-der-onlineshop-vorlage\\\/\"]}]},{\"@type\":\"WebSite\",\"@id\":\"https:\\\/\\\/c-hessler.de\\\/#website\",\"url\":\"https:\\\/\\\/c-hessler.de\\\/\",\"name\":\"www.c-hessler.de\",\"description\":\"\",\"publisher\":{\"@id\":\"https:\\\/\\\/c-hessler.de\\\/#organization\"},\"potentialAction\":[{\"@type\":\"SearchAction\",\"target\":{\"@type\":\"EntryPoint\",\"urlTemplate\":\"https:\\\/\\\/c-hessler.de\\\/?s={search_term_string}\"},\"query-input\":{\"@type\":\"PropertyValueSpecification\",\"valueRequired\":true,\"valueName\":\"search_term_string\"}}],\"inLanguage\":\"da-DK\"},{\"@type\":\"Organization\",\"@id\":\"https:\\\/\\\/c-hessler.de\\\/#organization\",\"name\":\"Dr. Christoph He\u00dfler Maschinensysteme\",\"alternateName\":\"Dr. Christoph He\u00dfler Maschinensysteme\",\"url\":\"https:\\\/\\\/c-hessler.de\\\/\",\"logo\":{\"@type\":\"ImageObject\",\"inLanguage\":\"da-DK\",\"@id\":\"https:\\\/\\\/c-hessler.de\\\/#\\\/schema\\\/logo\\\/image\\\/\",\"url\":\"https:\\\/\\\/c-hessler.de\\\/wp-content\\\/uploads\\\/2026\\\/02\\\/Draw-03-150312-110115-Ausgeschnitten-I.jpg\",\"contentUrl\":\"https:\\\/\\\/c-hessler.de\\\/wp-content\\\/uploads\\\/2026\\\/02\\\/Draw-03-150312-110115-Ausgeschnitten-I.jpg\",\"width\":445,\"height\":394,\"caption\":\"Dr. Christoph He\u00dfler Maschinensysteme\"},\"image\":{\"@id\":\"https:\\\/\\\/c-hessler.de\\\/#\\\/schema\\\/logo\\\/image\\\/\"},\"sameAs\":[\"https:\\\/\\\/www.facebook.com\\\/DrChristophHesslerMaschinensysteme\\\/\",\"https:\\\/\\\/www.pinterest.de\\\/hesstools\\\/\",\"https:\\\/\\\/www.youtube.com\\\/channel\\\/UCaNnXDGGF_BiYFQZ2kJgi-A?view_as=subscriber\"],\"description\":\"1. Ecken- und Kantenfr\u00e4sen f\u00fcr Tischler und Schreiner, Sonderanfertigungen 2. Auch f\u00fcr die Nachbearbeitung von Eck-Schwei\u00dfn\u00e4hten bei Aluminium-Werkstoffen, f\u00fcr Fahrzeugbauer oder Metallbauer aller Art\",\"email\":\"christoph.hessler@c-hessler.de\",\"telephone\":\"0527413012080\",\"legalName\":\"Dr. Christoph He\u00dfler Maschinensysteme\",\"foundingDate\":\"2003-06-05\",\"vatID\":\"DE230070107\",\"numberOfEmployees\":{\"@type\":\"QuantitativeValue\",\"minValue\":\"1\",\"maxValue\":\"10\"}}]}<\/script>\n<!-- \/ Yoast SEO Premium plugin. -->","yoast_head_json":{"title":"Vigtig information til webshop-skabelonen - Dr. Christoph He\u00dfler Maschinensysteme","robots":{"index":"index","follow":"follow","max-snippet":"max-snippet:-1","max-image-preview":"max-image-preview:large","max-video-preview":"max-video-preview:-1"},"canonical":"https:\/\/c-hessler.de\/da\/vigtige-oplysninger-om-brugen-af-webshop-skabelonen\/","og_locale":"da_DK","og_type":"article","og_title":"Wichtige Informationen f\u00fcr die Onlineshop-Vorlage","og_description":"Damit die Onlineshop-Vorlage in Deutschland rechtssicher genutzt werden kann, ist sie mit der Erweiterung &#8222;WooCommerce German Market&#8220; angepasst worden. Hierbei wurden automatisch einige Seiten angelegt sowie Inhalte anpasst. Wir empfehlen zu Beginn die WooCommerce-Einstellungen im Backend und anschlie\u00dfend die Seiten selbst auf\u00a0korrekten Inhalt (z.B. Kontaktdaten, Steuer- und Widerrufsinformationen) zu pr\u00fcfen. Welche Anpassungen sind bei WooCommerce [&hellip;]","og_url":"https:\/\/c-hessler.de\/da\/vigtige-oplysninger-om-brugen-af-webshop-skabelonen\/","og_site_name":"Dr. Christoph He\u00dfler Maschinensysteme","article_publisher":"https:\/\/www.facebook.com\/DrChristophHesslerMaschinensysteme\/","article_modified_time":"2025-12-09T11:46:23+00:00","twitter_misc":{"Estimeret l\u00e6setid":"1 minut"},"schema":{"@context":"https:\/\/schema.org","@graph":[{"@type":"WebPage","@id":"https:\/\/c-hessler.de\/wichtige-informationen-zur-nutzung-der-onlineshop-vorlage\/","url":"https:\/\/c-hessler.de\/wichtige-informationen-zur-nutzung-der-onlineshop-vorlage\/","name":"Vigtig information til webshop-skabelonen - Dr. Christoph He\u00dfler Maschinensysteme","isPartOf":{"@id":"https:\/\/c-hessler.de\/#website"},"datePublished":"2015-05-28T07:14:30+00:00","dateModified":"2025-12-09T11:46:23+00:00","inLanguage":"da-DK","potentialAction":[{"@type":"ReadAction","target":["https:\/\/c-hessler.de\/wichtige-informationen-zur-nutzung-der-onlineshop-vorlage\/"]}]},{"@type":"WebSite","@id":"https:\/\/c-hessler.de\/#website","url":"https:\/\/c-hessler.de\/","name":"www.c-hessler.de","description":"","publisher":{"@id":"https:\/\/c-hessler.de\/#organization"},"potentialAction":[{"@type":"SearchAction","target":{"@type":"EntryPoint","urlTemplate":"https:\/\/c-hessler.de\/?s={search_term_string}"},"query-input":{"@type":"PropertyValueSpecification","valueRequired":true,"valueName":"search_term_string"}}],"inLanguage":"da-DK"},{"@type":"Organization","@id":"https:\/\/c-hessler.de\/#organization","name":"Dr. Christoph He\u00dfler Maskinsystemer","alternateName":"Dr. Christoph He\u00dfler Maschinensysteme","url":"https:\/\/c-hessler.de\/","logo":{"@type":"ImageObject","inLanguage":"da-DK","@id":"https:\/\/c-hessler.de\/#\/schema\/logo\/image\/","url":"https:\/\/c-hessler.de\/wp-content\/uploads\/2026\/02\/Draw-03-150312-110115-Ausgeschnitten-I.jpg","contentUrl":"https:\/\/c-hessler.de\/wp-content\/uploads\/2026\/02\/Draw-03-150312-110115-Ausgeschnitten-I.jpg","width":445,"height":394,"caption":"Dr. Christoph He\u00dfler Maschinensysteme"},"image":{"@id":"https:\/\/c-hessler.de\/#\/schema\/logo\/image\/"},"sameAs":["https:\/\/www.facebook.com\/DrChristophHesslerMaschinensysteme\/","https:\/\/www.pinterest.de\/hesstools\/","https:\/\/www.youtube.com\/channel\/UCaNnXDGGF_BiYFQZ2kJgi-A?view_as=subscriber"],"description":"1. Ecken- und Kantenfr\u00e4sen f\u00fcr Tischler und Schreiner, Sonderanfertigungen 2. Auch f\u00fcr die Nachbearbeitung von Eck-Schwei\u00dfn\u00e4hten bei Aluminium-Werkstoffen, f\u00fcr Fahrzeugbauer oder Metallbauer aller Art","email":"christoph.hessler@c-hessler.de","telephone":"0527413012080","legalName":"Dr. Christoph He\u00dfler Maschinensysteme","foundingDate":"2003-06-05","vatID":"DE230070107","numberOfEmployees":{"@type":"QuantitativeValue","minValue":"1","maxValue":"10"}}]}},"_hostinger_reach_plugin_has_subscription_block":false,"_hostinger_reach_plugin_is_elementor":false,"_links":{"self":[{"href":"https:\/\/c-hessler.de\/da\/wp-json\/wp\/v2\/pages\/135","targetHints":{"allow":["GET"]}}],"collection":[{"href":"https:\/\/c-hessler.de\/da\/wp-json\/wp\/v2\/pages"}],"about":[{"href":"https:\/\/c-hessler.de\/da\/wp-json\/wp\/v2\/types\/page"}],"author":[{"embeddable":true,"href":"https:\/\/c-hessler.de\/da\/wp-json\/wp\/v2\/users\/5"}],"replies":[{"embeddable":true,"href":"https:\/\/c-hessler.de\/da\/wp-json\/wp\/v2\/comments?post=135"}],"version-history":[{"count":0,"href":"https:\/\/c-hessler.de\/da\/wp-json\/wp\/v2\/pages\/135\/revisions"}],"wp:attachment":[{"href":"https:\/\/c-hessler.de\/da\/wp-json\/wp\/v2\/media?parent=135"}],"curies":[{"name":"wp","href":"https:\/\/api.w.org\/{rel}","templated":true}]}}