{"id":8750,"date":"2015-04-23T09:10:19","date_gmt":"2015-04-23T07:10:19","guid":{"rendered":"http:\/\/\/?page_id=8750"},"modified":"2025-12-11T17:45:41","modified_gmt":"2025-12-11T16:45:41","slug":"wood-craft-2014-i-nuernberg","status":"publish","type":"page","link":"https:\/\/c-hessler.de\/da\/messen\/holz-handwerk-2014-in-nuernberg\/","title":{"rendered":"Holz-Handwerk 2014 i N\u00fcrnberg"},"content":{"rendered":"<div data-elementor-type=\"wp-page\" data-elementor-id=\"8750\" class=\"elementor elementor-8750\" data-elementor-settings=\"{&quot;ha_cmc_init_switcher&quot;:&quot;no&quot;}\" data-elementor-post-type=\"page\">\n\t\t\t\t<div class=\"elementor-element elementor-element-6a87bbf8 e-flex e-con-boxed e-con e-parent\" data-id=\"6a87bbf8\" data-element_type=\"container\" data-e-type=\"container\" data-settings=\"{&quot;_ha_eqh_enable&quot;:false}\">\n\t\t\t\t\t<div class=\"e-con-inner\">\n\t\t\t\t<div class=\"elementor-element elementor-element-3a45125a elementor-widget elementor-widget-heading\" data-id=\"3a45125a\" data-element_type=\"widget\" data-e-type=\"widget\" data-widget_type=\"heading.default\">\n\t\t\t\t\t<h2 class=\"elementor-heading-title elementor-size-default\">Vores messestand\n<\/h2>\t\t\t\t<\/div>\n\t\t\t\t\t<\/div>\n\t\t\t\t<\/div>\n\t\t<div class=\"elementor-element elementor-element-cb75d71 e-grid e-con-boxed e-con e-parent\" data-id=\"cb75d71\" data-element_type=\"container\" data-e-type=\"container\" data-settings=\"{&quot;_ha_eqh_enable&quot;:false}\">\n\t\t\t\t\t<div class=\"e-con-inner\">\n\t\t\t\t<div class=\"elementor-element elementor-element-42849c19 elementor-widget elementor-widget-text-editor\" data-id=\"42849c19\" data-element_type=\"widget\" data-e-type=\"widget\" data-widget_type=\"text-editor.default\">\n\t\t\t\t\t\t\t\t\t<p>P\u00e5 Holz-Handwerk-messen 2014 i N\u00fcrnberg kunne vi igen pr\u00e6sentere nogle af vores maskiner, f.eks. overfr\u00e6seren KF 400. Mange bes\u00f8gende kunne afpr\u00f8ve vores maskiner direkte p\u00e5 stedet.<\/p><p>Har du forslag til forbedringer? Giv din feedback her.<\/p><p><strong><span style=\"color: #800000;\"><a class=\"et_pb_button et_pb_button_0 et_pb_bg_layout_light\" style=\"color: #800000;\" href=\"https:\/\/c-hessler.de\/da\/foresporgselsformular\/\" target=\"_blank\" rel=\"noopener\">Giv feedback<\/a><\/span><\/strong><\/p>\t\t\t\t\t\t\t\t<\/div>\n\t\t\t\t<div class=\"elementor-element elementor-element-c1dd113 elementor-arrows-position-inside elementor-pagination-position-outside elementor-widget elementor-widget-image-carousel\" data-id=\"c1dd113\" data-element_type=\"widget\" data-e-type=\"widget\" data-settings=\"{&quot;slides_to_show&quot;:&quot;1&quot;,&quot;navigation&quot;:&quot;both&quot;,&quot;autoplay&quot;:&quot;yes&quot;,&quot;pause_on_hover&quot;:&quot;yes&quot;,&quot;pause_on_interaction&quot;:&quot;yes&quot;,&quot;autoplay_speed&quot;:5000,&quot;infinite&quot;:&quot;yes&quot;,&quot;effect&quot;:&quot;slide&quot;,&quot;speed&quot;:500}\" data-widget_type=\"image-carousel.default\">\n\t\t\t\t\t\t\t<div class=\"elementor-image-carousel-wrapper swiper\" role=\"region\" aria-roledescription=\"carousel\" aria-label=\"Billedkarrusel\" dir=\"ltr\">\n\t\t\t<div class=\"elementor-image-carousel swiper-wrapper swiper-image-stretch\" aria-live=\"off\">\n\t\t\t\t\t\t\t\t<div class=\"swiper-slide\" role=\"group\" aria-roledescription=\"slide\" aria-label=\"1 di 6\" data-no-translation-aria-label=\"\"><figure class=\"swiper-slide-inner\"><img decoding=\"async\" class=\"swiper-slide-image\" src=\"https:\/\/c-hessler.de\/wp-content\/uploads\/2018\/01\/20140327_085915-bearbeitet-e1609520620746.jpg\" alt=\"20140327_085915 redigeret\" \/><\/figure><\/div><div class=\"swiper-slide\" role=\"group\" aria-roledescription=\"slide\" aria-label=\"2 di 6\" data-no-translation-aria-label=\"\"><figure class=\"swiper-slide-inner\"><img decoding=\"async\" class=\"swiper-slide-image\" src=\"https:\/\/c-hessler.de\/wp-content\/uploads\/2015\/04\/IMG_20140328_132157-scaled.jpg\" alt=\"IMG_20140328_132157\" \/><\/figure><\/div><div class=\"swiper-slide\" role=\"group\" aria-roledescription=\"slide\" aria-label=\"3 di 6\" data-no-translation-aria-label=\"\"><figure class=\"swiper-slide-inner\"><img decoding=\"async\" class=\"swiper-slide-image\" src=\"https:\/\/c-hessler.de\/wp-content\/uploads\/2015\/04\/IMG_20140327_124510-scaled.jpg\" alt=\"IMG_20140327_124510\" \/><\/figure><\/div><div class=\"swiper-slide\" role=\"group\" aria-roledescription=\"slide\" aria-label=\"4 di 6\" data-no-translation-aria-label=\"\"><figure class=\"swiper-slide-inner\"><img decoding=\"async\" class=\"swiper-slide-image\" src=\"https:\/\/c-hessler.de\/wp-content\/uploads\/2015\/04\/1466568bd02.jpg\" alt=\"1466568bd02\" \/><\/figure><\/div><div class=\"swiper-slide\" role=\"group\" aria-roledescription=\"slide\" aria-label=\"5 di 6\" data-no-translation-aria-label=\"\"><figure class=\"swiper-slide-inner\"><img decoding=\"async\" class=\"swiper-slide-image\" src=\"https:\/\/c-hessler.de\/wp-content\/uploads\/2015\/04\/20140328_140224.jpg\" alt=\"20140328_140224\" \/><\/figure><\/div><div class=\"swiper-slide\" role=\"group\" aria-roledescription=\"slide\" aria-label=\"6 di 6\" data-no-translation-aria-label=\"\"><figure class=\"swiper-slide-inner\"><img decoding=\"async\" class=\"swiper-slide-image\" src=\"https:\/\/c-hessler.de\/wp-content\/uploads\/2015\/04\/20140327_152811.jpg\" alt=\"20140327_152811\" \/><\/figure><\/div>\t\t\t<\/div>\n\t\t\t\t\t\t\t\t\t\t\t\t<div class=\"elementor-swiper-button elementor-swiper-button-prev\" role=\"button\" tabindex=\"0\">\n\t\t\t\t\t\t<svg aria-hidden=\"true\" class=\"e-font-icon-svg e-eicon-chevron-left\" viewbox=\"0 0 1000 1000\" xmlns=\"http:\/\/www.w3.org\/2000\/svg\"><path d=\"M646 125C629 125 613 133 604 142L308 442C296 454 292 471 292 487 292 504 296 521 308 533L604 854C617 867 629 875 646 875 663 875 679 871 692 858 704 846 713 829 713 812 713 796 708 779 692 767L438 487 692 225C700 217 708 204 708 187 708 171 704 154 692 142 675 129 663 125 646 125Z\"><\/path><\/svg>\t\t\t\t\t<\/div>\n\t\t\t\t\t<div class=\"elementor-swiper-button elementor-swiper-button-next\" role=\"button\" tabindex=\"0\">\n\t\t\t\t\t\t<svg aria-hidden=\"true\" class=\"e-font-icon-svg e-eicon-chevron-right\" viewbox=\"0 0 1000 1000\" xmlns=\"http:\/\/www.w3.org\/2000\/svg\"><path d=\"M696 533C708 521 713 504 713 487 713 471 708 454 696 446L400 146C388 133 375 125 354 125 338 125 325 129 313 142 300 154 292 171 292 187 292 204 296 221 308 233L563 492 304 771C292 783 288 800 288 817 288 833 296 850 308 863 321 871 338 875 354 875 371 875 388 867 400 854L696 533Z\"><\/path><\/svg>\t\t\t\t\t<\/div>\n\t\t\t\t\n\t\t\t\t\t\t\t\t\t<div class=\"swiper-pagination\"><\/div>\n\t\t\t\t\t\t\t\t\t<\/div>\n\t\t\t\t\t\t<\/div>\n\t\t\t\t\t<\/div>\n\t\t\t\t<\/div>\n\t\t\t\t<\/div>","protected":false},"excerpt":{"rendered":"<p>Unser Messe-Stand Auf der Holz-Handwerk Messe 2014 in N\u00fcrnberg haben wir wieder einige unserer Maschinen, wie die Kantenfr\u00e4se KF 400 Top, vorstellen k\u00f6nnen. Zahlreiche Besucher haben unsere Maschinen\u00a0direkt vor Ort ausprobieren k\u00f6nnen. Haben Sie Verbesserungsvorschl\u00e4ge? Geben Sie Ihr Feedback hier. Feedback geben<\/p>","protected":false},"author":5,"featured_media":0,"parent":8702,"menu_order":0,"comment_status":"closed","ping_status":"closed","template":"elementor_header_footer","meta":{"footnotes":""},"class_list":["post-8750","page","type-page","status-publish","hentry"],"yoast_head":"<!-- This site is optimized with the Yoast SEO Premium plugin v27.0 (Yoast SEO v27.4) - https:\/\/yoast.com\/product\/yoast-seo-premium-wordpress\/ -->\n<title>Holz-Handwerk 2014 in N\u00fcrnberg \u2022 CHM<\/title>\n<meta name=\"description\" content=\"Auf der Holz-Handwerk 2014 in N\u00fcrnberg haben wir wieder unsere Eckenfr\u00e4sen, Kantenfr\u00e4sen und Spezial Oberfr\u00e4sen vorgestellt, wie z.B. den Ausklinker.\" \/>\n<meta name=\"robots\" content=\"index, follow, max-snippet:-1, max-image-preview:large, max-video-preview:-1\" \/>\n<link rel=\"canonical\" href=\"https:\/\/c-hessler.de\/da\/foranstaltning\/wood-craft-2014-i-nuernberg\/\" \/>\n<meta property=\"og:locale\" content=\"da_DK\" \/>\n<meta property=\"og:type\" content=\"article\" \/>\n<meta property=\"og:title\" content=\"Holz-Handwerk 2014 in N\u00fcrnberg\" \/>\n<meta property=\"og:description\" content=\"Auf der Holz-Handwerk 2014 in N\u00fcrnberg haben wir wieder unsere Eckenfr\u00e4sen, Kantenfr\u00e4sen und Spezial Oberfr\u00e4sen vorgestellt, wie z.B. den Ausklinker.\" \/>\n<meta property=\"og:url\" content=\"https:\/\/c-hessler.de\/da\/foranstaltning\/wood-craft-2014-i-nuernberg\/\" \/>\n<meta property=\"og:site_name\" content=\"Dr. Christoph He\u00dfler Maschinensysteme\" \/>\n<meta property=\"article:publisher\" content=\"https:\/\/www.facebook.com\/DrChristophHesslerMaschinensysteme\/\" \/>\n<meta property=\"article:modified_time\" content=\"2025-12-11T16:45:41+00:00\" \/>\n<meta property=\"og:image\" content=\"https:\/\/c-hessler.de\/wp-content\/uploads\/2018\/01\/20140327_085915-bearbeitet-e1609520620746.jpg\" \/>\n<meta name=\"twitter:label1\" content=\"Estimeret l\u00e6setid\" \/>\n\t<meta name=\"twitter:data1\" content=\"2 minutter\" \/>\n<script type=\"application\/ld+json\" class=\"yoast-schema-graph\">{\"@context\":\"https:\\\/\\\/schema.org\",\"@graph\":[{\"@type\":\"WebPage\",\"@id\":\"https:\\\/\\\/c-hessler.de\\\/messen\\\/holz-handwerk-2014-in-nuernberg\\\/\",\"url\":\"https:\\\/\\\/c-hessler.de\\\/messen\\\/holz-handwerk-2014-in-nuernberg\\\/\",\"name\":\"Holz-Handwerk 2014 in N\u00fcrnberg \u2022 CHM\",\"isPartOf\":{\"@id\":\"https:\\\/\\\/c-hessler.de\\\/#website\"},\"primaryImageOfPage\":{\"@id\":\"https:\\\/\\\/c-hessler.de\\\/messen\\\/holz-handwerk-2014-in-nuernberg\\\/#primaryimage\"},\"image\":{\"@id\":\"https:\\\/\\\/c-hessler.de\\\/messen\\\/holz-handwerk-2014-in-nuernberg\\\/#primaryimage\"},\"thumbnailUrl\":\"https:\\\/\\\/c-hessler.de\\\/wp-content\\\/uploads\\\/2018\\\/01\\\/20140327_085915-bearbeitet-e1609520620746.jpg\",\"datePublished\":\"2015-04-23T07:10:19+00:00\",\"dateModified\":\"2025-12-11T16:45:41+00:00\",\"description\":\"Auf der Holz-Handwerk 2014 in N\u00fcrnberg haben wir wieder unsere Eckenfr\u00e4sen, Kantenfr\u00e4sen und Spezial Oberfr\u00e4sen vorgestellt, wie z.B. den Ausklinker.\",\"breadcrumb\":{\"@id\":\"https:\\\/\\\/c-hessler.de\\\/messen\\\/holz-handwerk-2014-in-nuernberg\\\/#breadcrumb\"},\"inLanguage\":\"da-DK\",\"potentialAction\":[{\"@type\":\"ReadAction\",\"target\":[\"https:\\\/\\\/c-hessler.de\\\/messen\\\/holz-handwerk-2014-in-nuernberg\\\/\"]}]},{\"@type\":\"ImageObject\",\"inLanguage\":\"da-DK\",\"@id\":\"https:\\\/\\\/c-hessler.de\\\/messen\\\/holz-handwerk-2014-in-nuernberg\\\/#primaryimage\",\"url\":\"https:\\\/\\\/c-hessler.de\\\/wp-content\\\/uploads\\\/2018\\\/01\\\/20140327_085915-bearbeitet-e1609520620746.jpg\",\"contentUrl\":\"https:\\\/\\\/c-hessler.de\\\/wp-content\\\/uploads\\\/2018\\\/01\\\/20140327_085915-bearbeitet-e1609520620746.jpg\"},{\"@type\":\"BreadcrumbList\",\"@id\":\"https:\\\/\\\/c-hessler.de\\\/messen\\\/holz-handwerk-2014-in-nuernberg\\\/#breadcrumb\",\"itemListElement\":[{\"@type\":\"ListItem\",\"position\":1,\"name\":\"Messen\",\"item\":\"https:\\\/\\\/c-hessler.de\\\/messen\\\/\"},{\"@type\":\"ListItem\",\"position\":2,\"name\":\"Holz-Handwerk 2014 in N\u00fcrnberg\"}]},{\"@type\":\"WebSite\",\"@id\":\"https:\\\/\\\/c-hessler.de\\\/#website\",\"url\":\"https:\\\/\\\/c-hessler.de\\\/\",\"name\":\"www.c-hessler.de\",\"description\":\"\",\"publisher\":{\"@id\":\"https:\\\/\\\/c-hessler.de\\\/#organization\"},\"potentialAction\":[{\"@type\":\"SearchAction\",\"target\":{\"@type\":\"EntryPoint\",\"urlTemplate\":\"https:\\\/\\\/c-hessler.de\\\/?s={search_term_string}\"},\"query-input\":{\"@type\":\"PropertyValueSpecification\",\"valueRequired\":true,\"valueName\":\"search_term_string\"}}],\"inLanguage\":\"da-DK\"},{\"@type\":\"Organization\",\"@id\":\"https:\\\/\\\/c-hessler.de\\\/#organization\",\"name\":\"Dr. Christoph He\u00dfler Maschinensysteme\",\"alternateName\":\"Dr. Christoph He\u00dfler Maschinensysteme\",\"url\":\"https:\\\/\\\/c-hessler.de\\\/\",\"logo\":{\"@type\":\"ImageObject\",\"inLanguage\":\"da-DK\",\"@id\":\"https:\\\/\\\/c-hessler.de\\\/#\\\/schema\\\/logo\\\/image\\\/\",\"url\":\"https:\\\/\\\/c-hessler.de\\\/wp-content\\\/uploads\\\/2026\\\/02\\\/Draw-03-150312-110115-Ausgeschnitten-I.jpg\",\"contentUrl\":\"https:\\\/\\\/c-hessler.de\\\/wp-content\\\/uploads\\\/2026\\\/02\\\/Draw-03-150312-110115-Ausgeschnitten-I.jpg\",\"width\":445,\"height\":394,\"caption\":\"Dr. Christoph He\u00dfler Maschinensysteme\"},\"image\":{\"@id\":\"https:\\\/\\\/c-hessler.de\\\/#\\\/schema\\\/logo\\\/image\\\/\"},\"sameAs\":[\"https:\\\/\\\/www.facebook.com\\\/DrChristophHesslerMaschinensysteme\\\/\",\"https:\\\/\\\/www.pinterest.de\\\/hesstools\\\/\",\"https:\\\/\\\/www.youtube.com\\\/channel\\\/UCaNnXDGGF_BiYFQZ2kJgi-A?view_as=subscriber\"],\"description\":\"1. Ecken- und Kantenfr\u00e4sen f\u00fcr Tischler und Schreiner, Sonderanfertigungen 2. Auch f\u00fcr die Nachbearbeitung von Eck-Schwei\u00dfn\u00e4hten bei Aluminium-Werkstoffen, f\u00fcr Fahrzeugbauer oder Metallbauer aller Art\",\"email\":\"christoph.hessler@c-hessler.de\",\"telephone\":\"0527413012080\",\"legalName\":\"Dr. Christoph He\u00dfler Maschinensysteme\",\"foundingDate\":\"2003-06-05\",\"vatID\":\"DE230070107\",\"numberOfEmployees\":{\"@type\":\"QuantitativeValue\",\"minValue\":\"1\",\"maxValue\":\"10\"}}]}<\/script>\n<!-- \/ Yoast SEO Premium plugin. -->","yoast_head_json":{"title":"Holz-Handwerk 2014 i N\u00fcrnberg - CHM","description":"P\u00e5 Holz-Handwerk 2014 i N\u00fcrnberg pr\u00e6senterede vi endnu en gang vores hj\u00f8rnefr\u00e6sere, kantfr\u00e6sere og specialfr\u00e6sere som f.eks.","robots":{"index":"index","follow":"follow","max-snippet":"max-snippet:-1","max-image-preview":"max-image-preview:large","max-video-preview":"max-video-preview:-1"},"canonical":"https:\/\/c-hessler.de\/da\/foranstaltning\/wood-craft-2014-i-nuernberg\/","og_locale":"da_DK","og_type":"article","og_title":"Holz-Handwerk 2014 in N\u00fcrnberg","og_description":"Auf der Holz-Handwerk 2014 in N\u00fcrnberg haben wir wieder unsere Eckenfr\u00e4sen, Kantenfr\u00e4sen und Spezial Oberfr\u00e4sen vorgestellt, wie z.B. den Ausklinker.","og_url":"https:\/\/c-hessler.de\/da\/foranstaltning\/wood-craft-2014-i-nuernberg\/","og_site_name":"Dr. Christoph He\u00dfler Maschinensysteme","article_publisher":"https:\/\/www.facebook.com\/DrChristophHesslerMaschinensysteme\/","article_modified_time":"2025-12-11T16:45:41+00:00","og_image":[{"url":"https:\/\/c-hessler.de\/wp-content\/uploads\/2018\/01\/20140327_085915-bearbeitet-e1609520620746.jpg","type":"","width":"","height":""}],"twitter_misc":{"Estimeret l\u00e6setid":"2 minutter"},"schema":{"@context":"https:\/\/schema.org","@graph":[{"@type":"WebPage","@id":"https:\/\/c-hessler.de\/messen\/holz-handwerk-2014-in-nuernberg\/","url":"https:\/\/c-hessler.de\/messen\/holz-handwerk-2014-in-nuernberg\/","name":"Holz-Handwerk 2014 i N\u00fcrnberg - CHM","isPartOf":{"@id":"https:\/\/c-hessler.de\/#website"},"primaryImageOfPage":{"@id":"https:\/\/c-hessler.de\/messen\/holz-handwerk-2014-in-nuernberg\/#primaryimage"},"image":{"@id":"https:\/\/c-hessler.de\/messen\/holz-handwerk-2014-in-nuernberg\/#primaryimage"},"thumbnailUrl":"https:\/\/c-hessler.de\/wp-content\/uploads\/2018\/01\/20140327_085915-bearbeitet-e1609520620746.jpg","datePublished":"2015-04-23T07:10:19+00:00","dateModified":"2025-12-11T16:45:41+00:00","description":"P\u00e5 Holz-Handwerk 2014 i N\u00fcrnberg pr\u00e6senterede vi endnu en gang vores hj\u00f8rnefr\u00e6sere, kantfr\u00e6sere og specialfr\u00e6sere som f.eks.","breadcrumb":{"@id":"https:\/\/c-hessler.de\/messen\/holz-handwerk-2014-in-nuernberg\/#breadcrumb"},"inLanguage":"da-DK","potentialAction":[{"@type":"ReadAction","target":["https:\/\/c-hessler.de\/messen\/holz-handwerk-2014-in-nuernberg\/"]}]},{"@type":"ImageObject","inLanguage":"da-DK","@id":"https:\/\/c-hessler.de\/messen\/holz-handwerk-2014-in-nuernberg\/#primaryimage","url":"https:\/\/c-hessler.de\/wp-content\/uploads\/2018\/01\/20140327_085915-bearbeitet-e1609520620746.jpg","contentUrl":"https:\/\/c-hessler.de\/wp-content\/uploads\/2018\/01\/20140327_085915-bearbeitet-e1609520620746.jpg"},{"@type":"BreadcrumbList","@id":"https:\/\/c-hessler.de\/messen\/holz-handwerk-2014-in-nuernberg\/#breadcrumb","itemListElement":[{"@type":"ListItem","position":1,"name":"Messen","item":"https:\/\/c-hessler.de\/messen\/"},{"@type":"ListItem","position":2,"name":"Holz-Handwerk 2014 in N\u00fcrnberg"}]},{"@type":"WebSite","@id":"https:\/\/c-hessler.de\/#website","url":"https:\/\/c-hessler.de\/","name":"www.c-hessler.de","description":"","publisher":{"@id":"https:\/\/c-hessler.de\/#organization"},"potentialAction":[{"@type":"SearchAction","target":{"@type":"EntryPoint","urlTemplate":"https:\/\/c-hessler.de\/?s={search_term_string}"},"query-input":{"@type":"PropertyValueSpecification","valueRequired":true,"valueName":"search_term_string"}}],"inLanguage":"da-DK"},{"@type":"Organization","@id":"https:\/\/c-hessler.de\/#organization","name":"Dr. Christoph He\u00dfler Maskinsystemer","alternateName":"Dr. Christoph He\u00dfler Maschinensysteme","url":"https:\/\/c-hessler.de\/","logo":{"@type":"ImageObject","inLanguage":"da-DK","@id":"https:\/\/c-hessler.de\/#\/schema\/logo\/image\/","url":"https:\/\/c-hessler.de\/wp-content\/uploads\/2026\/02\/Draw-03-150312-110115-Ausgeschnitten-I.jpg","contentUrl":"https:\/\/c-hessler.de\/wp-content\/uploads\/2026\/02\/Draw-03-150312-110115-Ausgeschnitten-I.jpg","width":445,"height":394,"caption":"Dr. Christoph He\u00dfler Maschinensysteme"},"image":{"@id":"https:\/\/c-hessler.de\/#\/schema\/logo\/image\/"},"sameAs":["https:\/\/www.facebook.com\/DrChristophHesslerMaschinensysteme\/","https:\/\/www.pinterest.de\/hesstools\/","https:\/\/www.youtube.com\/channel\/UCaNnXDGGF_BiYFQZ2kJgi-A?view_as=subscriber"],"description":"1. Ecken- und Kantenfr\u00e4sen f\u00fcr Tischler und Schreiner, Sonderanfertigungen 2. Auch f\u00fcr die Nachbearbeitung von Eck-Schwei\u00dfn\u00e4hten bei Aluminium-Werkstoffen, f\u00fcr Fahrzeugbauer oder Metallbauer aller Art","email":"christoph.hessler@c-hessler.de","telephone":"0527413012080","legalName":"Dr. Christoph He\u00dfler Maschinensysteme","foundingDate":"2003-06-05","vatID":"DE230070107","numberOfEmployees":{"@type":"QuantitativeValue","minValue":"1","maxValue":"10"}}]}},"_hostinger_reach_plugin_has_subscription_block":false,"_hostinger_reach_plugin_is_elementor":false,"_links":{"self":[{"href":"https:\/\/c-hessler.de\/da\/wp-json\/wp\/v2\/pages\/8750","targetHints":{"allow":["GET"]}}],"collection":[{"href":"https:\/\/c-hessler.de\/da\/wp-json\/wp\/v2\/pages"}],"about":[{"href":"https:\/\/c-hessler.de\/da\/wp-json\/wp\/v2\/types\/page"}],"author":[{"embeddable":true,"href":"https:\/\/c-hessler.de\/da\/wp-json\/wp\/v2\/users\/5"}],"replies":[{"embeddable":true,"href":"https:\/\/c-hessler.de\/da\/wp-json\/wp\/v2\/comments?post=8750"}],"version-history":[{"count":4,"href":"https:\/\/c-hessler.de\/da\/wp-json\/wp\/v2\/pages\/8750\/revisions"}],"predecessor-version":[{"id":208186,"href":"https:\/\/c-hessler.de\/da\/wp-json\/wp\/v2\/pages\/8750\/revisions\/208186"}],"up":[{"embeddable":true,"href":"https:\/\/c-hessler.de\/da\/wp-json\/wp\/v2\/pages\/8702"}],"wp:attachment":[{"href":"https:\/\/c-hessler.de\/da\/wp-json\/wp\/v2\/media?parent=8750"}],"curies":[{"name":"wp","href":"https:\/\/api.w.org\/{rel}","templated":true}]}}