{"id":9216,"date":"2015-04-28T15:26:06","date_gmt":"2015-04-28T13:26:06","guid":{"rendered":"http:\/\/\/?page_id=9216"},"modified":"2025-12-17T07:44:54","modified_gmt":"2025-12-17T06:44:54","slug":"aftryk","status":"publish","type":"page","link":"https:\/\/c-hessler.de\/da\/impressum\/","title":{"rendered":"P\u00e5tryk"},"content":{"rendered":"<div data-elementor-type=\"wp-page\" data-elementor-id=\"9216\" class=\"elementor elementor-9216\" data-elementor-settings=\"{&quot;ha_cmc_init_switcher&quot;:&quot;no&quot;}\" data-elementor-post-type=\"page\">\n\t\t\t\t<div class=\"elementor-element elementor-element-473ee166 e-flex e-con-boxed e-con e-parent\" data-id=\"473ee166\" data-element_type=\"container\" data-e-type=\"container\" data-settings=\"{&quot;_ha_eqh_enable&quot;:false}\">\n\t\t\t\t\t<div class=\"e-con-inner\">\n\t\t\t\t<div class=\"elementor-element elementor-element-82fdf73 elementor-widget elementor-widget-text-editor\" data-id=\"82fdf73\" data-element_type=\"widget\" data-e-type=\"widget\" data-widget_type=\"text-editor.default\">\n\t\t\t\t\t\t\t\t\t<div class=\"wpb_text_column wpb_content_element\"><div class=\"wpb_wrapper\"><h1>Alt, hvad der er rigtigt<\/h1><p>\u00a0<\/p><\/div><\/div><div class=\"ww-gap gap\">\u00a0<\/div><h3><i class=\"fa fa-check\"><\/i><span class=\"title\">Oplysninger i henhold til \u00a7 5 TMG:<\/span><\/h3><div class=\"column_container\"><div class=\"ww-fancy-box wrapper fancy-box-style-1\"><div class=\"ww-fancy-box-content\"><p>Dr. Christoph He\u00dfler<br \/>Dr. Christoph He\u00dfler Maskinsystemer<br \/>P\u00e5 Ronceva 5<br \/>32312 L\u00fcbbecke<\/p><p>\u00a0<\/p><\/div><\/div><\/div><div class=\"column_container\"><div class=\"ww-fancy-box wrapper fancy-box-style-1\"><div class=\"ww-fancy-box-title\"><h3><i class=\"fa fa-check\"><\/i><span class=\"title\">Kontakt:<\/span><\/h3><\/div><div class=\"ww-fancy-box-content\"><p>Telefon: National 05741 3012080 International 00495741 3012080<br \/>Fax: 05741 296406<br \/>e-mail: christoph.hessler@c-hessler.de<br \/>Salgsafgifts-ID:<\/p><p>Momsidentifikationsnummer i henhold til \u00a727 a i momsloven:<br \/>DA 230070107<\/p><\/div><\/div><\/div><div class=\"column_container\"><div class=\"ww-fancy-box wrapper fancy-box-style-1\"><div class=\"ww-fancy-box-title\"><h5>\u00a0<\/h5><h5><i class=\"fa fa-check\"><\/i><span class=\"title\">Ansvarlig for indholdet i henhold til \u00a7 55 Abs. 2 RStV:<\/span><\/h5><\/div><div class=\"ww-fancy-box-content\"><p>Dr. Christoph He\u00dfler<br \/>P\u00e5 Ronceva 5<br \/>32312 L\u00fcbbecke<\/p><p>Kilde: http:\/\/www.e-recht24.de<\/p><p>\u00a0<\/p><\/div><\/div><\/div><div class=\"column_container\"><div class=\"ww-fancy-box wrapper fancy-box-style-1\"><div class=\"ww-fancy-box-title\"><h3><i class=\"fa fa-check\"><\/i><span class=\"title\">Udelukkelse af ansvar (ansvarsfraskrivelse)<\/span><\/h3><\/div><div class=\"ww-fancy-box-content\"><p>Ansvar for indhold<\/p><p>Som tjenesteudbyder er vi ansvarlige for vores eget indhold p\u00e5 disse sider i henhold til \u00a7 7 (1) TMG (tysk telemedielov) og generel lovgivning. I henhold til \u00a7\u00a7 8 til 10 TMG er vi som tjenesteudbyder dog ikke forpligtet til at overv\u00e5ge transmitterede eller lagrede tredjepartsoplysninger eller til at unders\u00f8ge omst\u00e6ndigheder, der tyder p\u00e5 ulovlig aktivitet. Forpligtelser til at fjerne eller blokere brugen af oplysninger i overensstemmelse med den generelle lovgivning forbliver up\u00e5virket af dette. Ansvar i denne henseende er dog kun muligt fra tidspunktet for kendskab til en specifik overtr\u00e6delse. S\u00e5 snart vi bliver opm\u00e6rksomme p\u00e5 s\u00e5danne overtr\u00e6delser, vil vi straks fjerne dette indhold.<\/p><p>Ansvar for links<\/p><p>Vores hjemmeside indeholder links til eksterne tredjepartswebsteder, hvis indhold vi ikke har nogen indflydelse p\u00e5. Derfor kan vi ikke p\u00e5tage os noget ansvar for dette tredjepartsindhold. Den respektive udbyder eller operat\u00f8r af siderne er altid ansvarlig for indholdet af de linkede sider. De linkede sider blev kontrolleret for mulige lovovertr\u00e6delser p\u00e5 tidspunktet for linkningen. Ulovligt indhold kunne ikke genkendes p\u00e5 tidspunktet for sammenk\u00e6dningen. En permanent overv\u00e5gning af indholdet p\u00e5 de linkede sider er dog ikke rimelig uden konkrete beviser for en overtr\u00e6delse. Hvis vi bliver opm\u00e6rksomme p\u00e5 eventuelle lovovertr\u00e6delser, fjerner vi straks s\u00e5danne links.<\/p><p>Ophavsret<\/p><p>Indholdet og v\u00e6rkerne, der er skabt af webstedsoperat\u00f8rerne p\u00e5 disse sider, er underlagt tysk lov om ophavsret. Kopiering, bearbejdning, distribution og enhver form for anvendelse uden for gr\u00e6nserne af ophavsretten kr\u00e6ver skriftligt samtykke fra den respektive forfatter eller skaber. Downloads og kopier af dette websted er kun tilladt til privat, ikke-kommerciel brug. For s\u00e5 vidt som indholdet p\u00e5 dette websted ikke er oprettet af operat\u00f8ren, respekteres tredjeparts ophavsret. Is\u00e6r er tredjepartsindhold m\u00e6rket som s\u00e5dan. Hvis du alligevel bliver opm\u00e6rksom p\u00e5 en kr\u00e6nkelse af ophavsretten, bedes du informere os herom. Hvis vi bliver opm\u00e6rksomme p\u00e5 overtr\u00e6delser, vil vi straks fjerne s\u00e5dant indhold.<\/p><p>\u00a0<\/p><\/div><h3>Procedure for klager<\/h3><div class=\"woocommerce woocommerce-gzd woocommerce-gzd-complaints-shortcode\"><h4>Alternativ tvistbil\u00e6ggelse i henhold til art. 14, stk. 1 ODR-VO og \u00a7 36 VSBG:<\/h4><p>Europa-Kommissionen stiller en platform til r\u00e5dighed for onlinetvistbil\u00e6ggelse (OS), som du kan f\u00e5 adgang til p\u00e5\u00a0<a href=\"http:\/\/ec.europa.eu\/consumers\/odr\/\" target=\"_blank\" rel=\"noopener\">http:\/\/ec.europa.eu\/consumers\/odr\/<\/a> finde. Vi er ikke forpligtet til eller villige til at deltage i tvistbil\u00e6ggelsesprocedurer ved et forbrugervoldgiftsn\u00e6vn.<\/p><\/div><\/div><\/div>\t\t\t\t\t\t\t\t<\/div>\n\t\t\t\t\t<\/div>\n\t\t\t\t<\/div>\n\t\t\t\t<\/div>","protected":false},"excerpt":{"rendered":"<p>Alles was Recht ist \u00a0 \u00a0 Angaben gem\u00e4\u00df \u00a7 5 TMG: Dr. Christoph He\u00dflerDr. Christoph He\u00dfler MaschinensystemeAn der Ronceva 532312 L\u00fcbbecke \u00a0 Kontakt: Telefon: National 05741 3012080 International 00495741 3012080Telefax: 05741 296406E-Mail: christoph.hessler@c-hessler.deUmsatzsteuer-ID: Umsatzsteuer-Identifikationsnummer gem\u00e4\u00df \u00a727 a Umsatzsteuergesetz:DE 230070107 \u00a0 Verantwortlich f\u00fcr den Inhalt nach \u00a7 55 Abs. 2 RStV: Dr. Christoph He\u00dflerAn der Ronceva [&hellip;]<\/p>\n","protected":false},"author":9,"featured_media":0,"parent":0,"menu_order":0,"comment_status":"closed","ping_status":"closed","template":"","meta":{"footnotes":""},"class_list":["post-9216","page","type-page","status-publish","hentry"],"yoast_head":"<!-- This site is optimized with the Yoast SEO Premium plugin v27.0 (Yoast SEO v27.3) - https:\/\/yoast.com\/product\/yoast-seo-premium-wordpress\/ -->\n<title>Impressum - Dr. Christoph He\u00dfler Maschinensysteme<\/title>\n<meta name=\"robots\" content=\"index, follow, max-snippet:-1, max-image-preview:large, max-video-preview:-1\" \/>\n<link rel=\"canonical\" href=\"https:\/\/c-hessler.de\/da\/aftryk\/\" \/>\n<meta property=\"og:locale\" content=\"da_DK\" \/>\n<meta property=\"og:type\" content=\"article\" \/>\n<meta property=\"og:title\" content=\"Impressum\" \/>\n<meta property=\"og:description\" content=\"Alles was Recht ist \u00a0 \u00a0 Angaben gem\u00e4\u00df \u00a7 5 TMG: Dr. Christoph He\u00dflerDr. Christoph He\u00dfler MaschinensystemeAn der Ronceva 532312 L\u00fcbbecke \u00a0 Kontakt: Telefon: National 05741 3012080 International 00495741 3012080Telefax: 05741 296406E-Mail: christoph.hessler@c-hessler.deUmsatzsteuer-ID: Umsatzsteuer-Identifikationsnummer gem\u00e4\u00df \u00a727 a Umsatzsteuergesetz:DE 230070107 \u00a0 Verantwortlich f\u00fcr den Inhalt nach \u00a7 55 Abs. 2 RStV: Dr. Christoph He\u00dflerAn der Ronceva [&hellip;]\" \/>\n<meta property=\"og:url\" content=\"https:\/\/c-hessler.de\/da\/aftryk\/\" \/>\n<meta property=\"og:site_name\" content=\"Dr. Christoph He\u00dfler Maschinensysteme\" \/>\n<meta property=\"article:publisher\" content=\"https:\/\/www.facebook.com\/DrChristophHesslerMaschinensysteme\/\" \/>\n<meta property=\"article:modified_time\" content=\"2025-12-17T06:44:54+00:00\" \/>\n<meta name=\"twitter:label1\" content=\"Estimeret l\u00e6setid\" \/>\n\t<meta name=\"twitter:data1\" content=\"3 minutter\" \/>\n<script type=\"application\/ld+json\" class=\"yoast-schema-graph\">{\"@context\":\"https:\\\/\\\/schema.org\",\"@graph\":[{\"@type\":\"WebPage\",\"@id\":\"https:\\\/\\\/c-hessler.de\\\/impressum\\\/\",\"url\":\"https:\\\/\\\/c-hessler.de\\\/impressum\\\/\",\"name\":\"Impressum - Dr. Christoph He\u00dfler Maschinensysteme\",\"isPartOf\":{\"@id\":\"https:\\\/\\\/c-hessler.de\\\/#website\"},\"datePublished\":\"2015-04-28T13:26:06+00:00\",\"dateModified\":\"2025-12-17T06:44:54+00:00\",\"inLanguage\":\"da-DK\",\"potentialAction\":[{\"@type\":\"ReadAction\",\"target\":[\"https:\\\/\\\/c-hessler.de\\\/impressum\\\/\"]}]},{\"@type\":\"WebSite\",\"@id\":\"https:\\\/\\\/c-hessler.de\\\/#website\",\"url\":\"https:\\\/\\\/c-hessler.de\\\/\",\"name\":\"www.c-hessler.de\",\"description\":\"\",\"publisher\":{\"@id\":\"https:\\\/\\\/c-hessler.de\\\/#organization\"},\"potentialAction\":[{\"@type\":\"SearchAction\",\"target\":{\"@type\":\"EntryPoint\",\"urlTemplate\":\"https:\\\/\\\/c-hessler.de\\\/?s={search_term_string}\"},\"query-input\":{\"@type\":\"PropertyValueSpecification\",\"valueRequired\":true,\"valueName\":\"search_term_string\"}}],\"inLanguage\":\"da-DK\"},{\"@type\":\"Organization\",\"@id\":\"https:\\\/\\\/c-hessler.de\\\/#organization\",\"name\":\"Dr. Christoph He\u00dfler Maschinensysteme\",\"alternateName\":\"Dr. Christoph He\u00dfler Maschinensysteme\",\"url\":\"https:\\\/\\\/c-hessler.de\\\/\",\"logo\":{\"@type\":\"ImageObject\",\"inLanguage\":\"da-DK\",\"@id\":\"https:\\\/\\\/c-hessler.de\\\/#\\\/schema\\\/logo\\\/image\\\/\",\"url\":\"https:\\\/\\\/c-hessler.de\\\/wp-content\\\/uploads\\\/2026\\\/02\\\/Draw-03-150312-110115-Ausgeschnitten-I.jpg\",\"contentUrl\":\"https:\\\/\\\/c-hessler.de\\\/wp-content\\\/uploads\\\/2026\\\/02\\\/Draw-03-150312-110115-Ausgeschnitten-I.jpg\",\"width\":445,\"height\":394,\"caption\":\"Dr. Christoph He\u00dfler Maschinensysteme\"},\"image\":{\"@id\":\"https:\\\/\\\/c-hessler.de\\\/#\\\/schema\\\/logo\\\/image\\\/\"},\"sameAs\":[\"https:\\\/\\\/www.facebook.com\\\/DrChristophHesslerMaschinensysteme\\\/\",\"https:\\\/\\\/www.pinterest.de\\\/hesstools\\\/\",\"https:\\\/\\\/www.youtube.com\\\/channel\\\/UCaNnXDGGF_BiYFQZ2kJgi-A?view_as=subscriber\"],\"description\":\"1. Ecken- und Kantenfr\u00e4sen f\u00fcr Tischler und Schreiner, Sonderanfertigungen 2. Auch f\u00fcr die Nachbearbeitung von Eck-Schwei\u00dfn\u00e4hten bei Aluminium-Werkstoffen, f\u00fcr Fahrzeugbauer oder Metallbauer aller Art\",\"email\":\"christoph.hessler@c-hessler.de\",\"telephone\":\"0527413012080\",\"legalName\":\"Dr. Christoph He\u00dfler Maschinensysteme\",\"foundingDate\":\"2003-06-05\",\"vatID\":\"DE230070107\",\"numberOfEmployees\":{\"@type\":\"QuantitativeValue\",\"minValue\":\"1\",\"maxValue\":\"10\"}}]}<\/script>\n<!-- \/ Yoast SEO Premium plugin. -->","yoast_head_json":{"title":"Aftryk - Dr. Christoph Hessler Maskinsystemer","robots":{"index":"index","follow":"follow","max-snippet":"max-snippet:-1","max-image-preview":"max-image-preview:large","max-video-preview":"max-video-preview:-1"},"canonical":"https:\/\/c-hessler.de\/da\/aftryk\/","og_locale":"da_DK","og_type":"article","og_title":"Impressum","og_description":"Alles was Recht ist \u00a0 \u00a0 Angaben gem\u00e4\u00df \u00a7 5 TMG: Dr. Christoph He\u00dflerDr. Christoph He\u00dfler MaschinensystemeAn der Ronceva 532312 L\u00fcbbecke \u00a0 Kontakt: Telefon: National 05741 3012080 International 00495741 3012080Telefax: 05741 296406E-Mail: christoph.hessler@c-hessler.deUmsatzsteuer-ID: Umsatzsteuer-Identifikationsnummer gem\u00e4\u00df \u00a727 a Umsatzsteuergesetz:DE 230070107 \u00a0 Verantwortlich f\u00fcr den Inhalt nach \u00a7 55 Abs. 2 RStV: Dr. Christoph He\u00dflerAn der Ronceva [&hellip;]","og_url":"https:\/\/c-hessler.de\/da\/aftryk\/","og_site_name":"Dr. Christoph He\u00dfler Maschinensysteme","article_publisher":"https:\/\/www.facebook.com\/DrChristophHesslerMaschinensysteme\/","article_modified_time":"2025-12-17T06:44:54+00:00","twitter_misc":{"Estimeret l\u00e6setid":"3 minutter"},"schema":{"@context":"https:\/\/schema.org","@graph":[{"@type":"WebPage","@id":"https:\/\/c-hessler.de\/impressum\/","url":"https:\/\/c-hessler.de\/impressum\/","name":"Aftryk - Dr. Christoph Hessler Maskinsystemer","isPartOf":{"@id":"https:\/\/c-hessler.de\/#website"},"datePublished":"2015-04-28T13:26:06+00:00","dateModified":"2025-12-17T06:44:54+00:00","inLanguage":"da-DK","potentialAction":[{"@type":"ReadAction","target":["https:\/\/c-hessler.de\/impressum\/"]}]},{"@type":"WebSite","@id":"https:\/\/c-hessler.de\/#website","url":"https:\/\/c-hessler.de\/","name":"www.c-hessler.de","description":"","publisher":{"@id":"https:\/\/c-hessler.de\/#organization"},"potentialAction":[{"@type":"SearchAction","target":{"@type":"EntryPoint","urlTemplate":"https:\/\/c-hessler.de\/?s={search_term_string}"},"query-input":{"@type":"PropertyValueSpecification","valueRequired":true,"valueName":"search_term_string"}}],"inLanguage":"da-DK"},{"@type":"Organization","@id":"https:\/\/c-hessler.de\/#organization","name":"Dr. Christoph He\u00dfler Maskinsystemer","alternateName":"Dr. Christoph He\u00dfler Maschinensysteme","url":"https:\/\/c-hessler.de\/","logo":{"@type":"ImageObject","inLanguage":"da-DK","@id":"https:\/\/c-hessler.de\/#\/schema\/logo\/image\/","url":"https:\/\/c-hessler.de\/wp-content\/uploads\/2026\/02\/Draw-03-150312-110115-Ausgeschnitten-I.jpg","contentUrl":"https:\/\/c-hessler.de\/wp-content\/uploads\/2026\/02\/Draw-03-150312-110115-Ausgeschnitten-I.jpg","width":445,"height":394,"caption":"Dr. Christoph He\u00dfler Maschinensysteme"},"image":{"@id":"https:\/\/c-hessler.de\/#\/schema\/logo\/image\/"},"sameAs":["https:\/\/www.facebook.com\/DrChristophHesslerMaschinensysteme\/","https:\/\/www.pinterest.de\/hesstools\/","https:\/\/www.youtube.com\/channel\/UCaNnXDGGF_BiYFQZ2kJgi-A?view_as=subscriber"],"description":"1. Ecken- und Kantenfr\u00e4sen f\u00fcr Tischler und Schreiner, Sonderanfertigungen 2. Auch f\u00fcr die Nachbearbeitung von Eck-Schwei\u00dfn\u00e4hten bei Aluminium-Werkstoffen, f\u00fcr Fahrzeugbauer oder Metallbauer aller Art","email":"christoph.hessler@c-hessler.de","telephone":"0527413012080","legalName":"Dr. Christoph He\u00dfler Maschinensysteme","foundingDate":"2003-06-05","vatID":"DE230070107","numberOfEmployees":{"@type":"QuantitativeValue","minValue":"1","maxValue":"10"}}]}},"_hostinger_reach_plugin_has_subscription_block":false,"_hostinger_reach_plugin_is_elementor":false,"_links":{"self":[{"href":"https:\/\/c-hessler.de\/da\/wp-json\/wp\/v2\/pages\/9216","targetHints":{"allow":["GET"]}}],"collection":[{"href":"https:\/\/c-hessler.de\/da\/wp-json\/wp\/v2\/pages"}],"about":[{"href":"https:\/\/c-hessler.de\/da\/wp-json\/wp\/v2\/types\/page"}],"author":[{"embeddable":true,"href":"https:\/\/c-hessler.de\/da\/wp-json\/wp\/v2\/users\/9"}],"replies":[{"embeddable":true,"href":"https:\/\/c-hessler.de\/da\/wp-json\/wp\/v2\/comments?post=9216"}],"version-history":[{"count":3,"href":"https:\/\/c-hessler.de\/da\/wp-json\/wp\/v2\/pages\/9216\/revisions"}],"predecessor-version":[{"id":208813,"href":"https:\/\/c-hessler.de\/da\/wp-json\/wp\/v2\/pages\/9216\/revisions\/208813"}],"wp:attachment":[{"href":"https:\/\/c-hessler.de\/da\/wp-json\/wp\/v2\/media?parent=9216"}],"curies":[{"name":"wp","href":"https:\/\/api.w.org\/{rel}","templated":true}]}}