{"id":9797,"date":"2015-05-09T16:16:40","date_gmt":"2015-05-09T14:16:40","guid":{"rendered":"https:\/\/c-hessler.de\/?page_id=9797"},"modified":"2025-12-17T07:45:50","modified_gmt":"2025-12-17T06:45:50","slug":"agb","status":"publish","type":"page","link":"https:\/\/c-hessler.de\/da\/agb\/","title":{"rendered":"GTC"},"content":{"rendered":"<div data-elementor-type=\"wp-page\" data-elementor-id=\"9797\" class=\"elementor elementor-9797\" data-elementor-settings=\"{&quot;ha_cmc_init_switcher&quot;:&quot;no&quot;}\" data-elementor-post-type=\"page\">\n\t\t\t\t<div class=\"elementor-element elementor-element-7ea7c975 e-flex e-con-boxed e-con e-parent\" data-id=\"7ea7c975\" data-element_type=\"container\" data-e-type=\"container\" data-settings=\"{&quot;_ha_eqh_enable&quot;:false}\">\n\t\t\t\t\t<div class=\"e-con-inner\">\n\t\t\t\t<div class=\"elementor-element elementor-element-3c11f55c elementor-widget elementor-widget-text-editor\" data-id=\"3c11f55c\" data-element_type=\"widget\" data-e-type=\"widget\" data-widget_type=\"text-editor.default\">\n\t\t\t\t\t\t\t\t\t<h1>Generelle vilk\u00e5r og betingelser<\/h1><p><a href=\"http:\/\/www.deutscheanwaltshotline.de\/recht-auf-ihrer-website\/agb-generator\"> AGB oprettet<\/a> via generatoren fra Deutsche Anwaltshotline AG<\/p><h2>Kontraktlig partner<\/h2><p>P\u00e5 grundlag af disse generelle vilk\u00e5r og betingelser (GTC) indg\u00e5s en kontrakt mellem kunden og<br \/>Dr. Christoph He\u00dfler Maskinsystemer<br \/>Repr\u00e6senteret af Christoph He\u00dfler<br \/>Adresse: An der Ronceva 5 32312 L\u00fcbbecke<\/p><p>Identifikationsnummer for moms: DE230070107,<\/p><p>i det f\u00f8lgende ben\u00e6vnt udbyderen, er kontrakten indg\u00e5et.<\/p><h2>Kontraktens genstand<\/h2><p>Denne kontrakt regulerer salg af nye varer fra omr\u00e5det\/omr\u00e5derne maskiner og udstyr, prim\u00e6rt til t\u00f8mrer- og snedkerbranchen, is\u00e6r til kant- og hj\u00f8rnebearbejdning, via leverand\u00f8rens online shop. For detaljer om det respektive tilbud henvises til produktbeskrivelsen p\u00e5 tilbudssiden.<\/p><h2>Indg\u00e5else af kontrakt<\/h2><p>Kontrakten indg\u00e5s i elektroniske forretningstransaktioner via butikssystemet eller via andre fjernkommunikationsmidler s\u00e5som telefon og e-mail. De tilbud, der pr\u00e6senteres, repr\u00e6senterer en ikke-bindende invitation til at afgive et tilbud gennem kundeordren, som udbyderen derefter kan acceptere.<br \/>Bestillingsprocessen best\u00e5r af f\u00f8lgende trin i shopsystemet:<\/p><ul><li>Udv\u00e6lgelse af tilbuddet i den \u00f8nskede specifikation (m\u00e6ngde)<\/li><li>Tilf\u00f8jelse af tilbuddet til indk\u00f8bskurven<\/li><li>Klik p\u00e5 knappen 'bestil'<\/li><li>Indtast fakturerings- og leveringsadresse<\/li><li>Valg af leveringszone og betalingsmetode<\/li><li>Kontrol og behandling af ordren og alle indtastninger permanent muligt<\/li><li>Bekr\u00e6ft vilk\u00e5r og betingelser, og tryk p\u00e5 knappen \"bestil mod betaling\".<\/li><li>Bekr\u00e6ftelsesmail om, at ordren er modtaget<\/li><\/ul><p>Ud over butikssystemet kan ordrer ogs\u00e5 afgives ved hj\u00e6lp af fjernkommunikation (telefon\/email), hvorved ordreprocessen til indg\u00e5else af kontrakten omfatter f\u00f8lgende trin:<\/p><ul><li>Ring \/ send bestillingsmail direkte eller efter test<\/li><li>Ordrebekr\u00e6ftelse<\/li><\/ul><p>Kontrakten indg\u00e5s f\u00f8rst, n\u00e5r leverand\u00f8ren sender en ordrebekr\u00e6ftelse. Den automatisk genererede og afsendte ordrebekr\u00e6ftelse udg\u00f8r ikke en tilsvarende juridisk bindende erkl\u00e6ring. Kontrakten indg\u00e5s ogs\u00e5, n\u00e5r varerne afsendes eller tjenesten leveres.<\/p><h2>Kontraktens varighed<\/h2><p>Kontrakten er indg\u00e5et p\u00e5 ubestemt tid.<\/p><h2>Bevarelse af ejendomsretten<\/h2><p>De leverede varer forbliver leverand\u00f8rens ejendom, indtil fuld betaling har fundet sted.<\/p><h2>Reservationer<\/h2><p>Udbyderen forbeholder sig ret til ikke at levere den lovede service, hvis den ikke er tilg\u00e6ngelig.<\/p><h2>Priser, forsendelsesomkostninger, returomkostninger<\/h2><p>Alle priser er nettopriser. Produkterne i butikken er ogs\u00e5 m\u00e6rket med nettopriser. Lovpligtig moms vises under ordrebehandlingen. De endelige priser for ordrebehandlingen inkluderer den lovpligtige moms. Ud over de endelige priser p\u00e5l\u00f8ber der yderligere omkostninger afh\u00e6ngigt af forsendelsesmetoden, som vises, f\u00f8r ordren afsendes. Hvis der findes en fortrydelsesret, og denne udnyttes, skal kunden afholde omkostningerne til returforsendelsen.<\/p><h2>Betalingsbetingelser<\/h2><p>Kunden har kun f\u00f8lgende muligheder for betaling: forudg\u00e5ende bankoverf\u00f8rsel, faktura. Andre betalingsmetoder tilbydes ikke og vil blive afvist.<\/p><p>Forudbetaling: Fakturabel\u00f8bet skal overf\u00f8res p\u00e5 forh\u00e5nd til den konto, der er angivet p\u00e5 fakturaen, som indeholder alle detaljer for overf\u00f8rslen og sendes via e-mail.<\/p><p>Faktura: Fakturabel\u00f8bet skal overf\u00f8res til den konto, der er angivet p\u00e5 fakturaen, som indeholder alle detaljer for overf\u00f8rslen og sendes med leveringen. Kunden er forpligtet til at betale eller overf\u00f8re det angivne bel\u00f8b til den konto, der er angivet p\u00e5 fakturaen, inden for 10 dage efter modtagelse af fakturaen. Betaling forfalder uden fradrag fra fakturadatoen. Hvis forfaldsdatoen for betaling er fastsat i henhold til kalenderen, er kunden i misligholdelse, s\u00e5 snart forfaldsdatoen overskrides. Kunden har ingen tilbageholdelsesret, der ikke er baseret p\u00e5 det samme kontraktforhold. Modregning i kundens krav er udelukket, medmindre disse er ubestridte eller retligt fastsl\u00e5et.<\/p><h2>Betingelser for levering<\/h2><p>Varerne afsendes i henhold til den i ordrebekr\u00e6ftelsen anf\u00f8rte leveringsdato efter bekr\u00e6ftet modtagelse af betaling. P\u00e5 leveringsdatoen og med bekr\u00e6ftet modtagelse af betaling finder afsendelse sted i gennemsnit senest 3 arbejdsdage efter modtagelse af betaling. Iv\u00e6rks\u00e6tteren forpligter sig til at levere i overensstemmelse med den leveringsdato, der er angivet i ordrebekr\u00e6ftelsen. Hvis leverand\u00f8ren ikke sender direkte, vil ordren blive sendt af leverand\u00f8ren eller producenten, s\u00e5 snart hele ordren er p\u00e5 lager. Hvis leverand\u00f8ren ikke er ansvarlig for en permanent leveringshindring, is\u00e6r force majeure eller manglende levering fra egne leverand\u00f8rer, selv om en tilsvarende d\u00e6kningstransaktion blev foretaget i god tid, har leverand\u00f8ren ret til at tr\u00e6kke sig ud af en kontrakt med kunden i denne henseende. Kunden skal straks informeres, og eventuelle modtagne ydelser, is\u00e6r betalinger, skal refunderes.<\/p><h2>Garanti<\/h2><p>Forbrugere har ret til en lovbestemt ret til ansvar for mangler ved de tilbudte tjenester i overensstemmelse med de relevante bestemmelser i den tyske borgerlige lovbog (BGB). Hvis der er en afvigelse fra dette, reguleres garantien af de relevante bestemmelser i de generelle vilk\u00e5r og betingelser (GTC). Hvis kunden er en iv\u00e6rks\u00e6tter, er garantiperioden for nye varer begr\u00e6nset til et \u00e5r for en typisk brugsperiode for h\u00e5ndv\u00e6rkere. Leverand\u00f8ren f\u00e5r ret til at v\u00e6lge mellem reparation eller udskiftning i tilf\u00e6lde af efterf\u00f8lgende opfyldelse, hvis varerne er nye, og kunden er en iv\u00e6rks\u00e6tter. Hvis kunden er en iv\u00e6rks\u00e6tter, er garantien udelukket for brugte varer. Hvis kunden er en forbruger, er garantiperioden for brugte varer begr\u00e6nset til et \u00e5r. Dette g\u00e6lder ikke for erstatningskrav fra kunden p\u00e5 grund af skade p\u00e5 liv, lemmer, helbred eller v\u00e6sentlige kontraktlige forpligtelser, som n\u00f8dvendigvis skal opfyldes for at n\u00e5 det kontraktlige m\u00e5l. Dette g\u00e6lder heller ikke for erstatningskrav p\u00e5 grund af groft uagtsom eller fors\u00e6tlig pligtfors\u00f8mmelse fra udbyderens side eller dennes juridiske repr\u00e6sentant eller stedfortr\u00e6der. I alle andre henseender g\u00e6lder de lovm\u00e6ssige bestemmelser.<\/p><h2>Kontraktdesign<\/h2><p>Hvis kunden er erhvervsdrivende, overg\u00e5r risikoen for h\u00e6ndeligt tab og\/eller h\u00e6ndelig forringelse af varerne til kunden ved overdragelsen eller, i tilf\u00e6lde af forsendelse, ved leveringen af varerne til den valgte tjenesteudbyder. Kunden har ikke mulighed for at f\u00e5 direkte adgang til den gemte shopkontrakttekst. Kunden kan rette indtastningsfejl under bestillingsprocessen. Dette kan g\u00f8res p\u00e5 f\u00f8lgende m\u00e5de: Tilbage-knap i browseren.<\/p><h2>Fortrydelsesret og kundeservice<\/h2><p><b>Politik for afbestilling<\/b><\/p><p>Du har ret til at annullere denne kontrakt inden for 14 dage uden at angive nogen grund.<\/p><p>Afbestillingsfristen er fjorten dage fra datoen,<\/p><ul><li style=\"list-style-type: none;\"><ul><li>I tilf\u00e6lde af en k\u00f8bsaftale: hvor du eller en tredjepart, som du har udpeget, og som ikke er transport\u00f8ren, har taget de sidste varer i besiddelse.<\/li><li>I tilf\u00e6lde af en kontrakt om flere varer, som forbrugeren har bestilt som en del af en enkelt ordre, og som leveres separat: hvor du eller en tredjepart udpeget af dig, som ikke er transport\u00f8r, har taget de sidste varer i besiddelse.<\/li><li>I tilf\u00e6lde af en kontrakt om levering af varer i flere delforsendelser eller stykker: hvor du eller en tredjepart, der er udpeget af dig, og som ikke er transport\u00f8r, har taget den sidste delforsendelse eller det sidste stykke i besiddelse.<\/li><li>I tilf\u00e6lde af en kontrakt om regelm\u00e6ssig levering af varer over en fast periode: hvor du eller en tredjepart, som du har udpeget, og som ikke er transport\u00f8ren, har taget de f\u00f8rste varer i besiddelse.<\/li><\/ul><\/li><\/ul><p>Hvis flere alternativer falder sammen, er det sidste tidspunkt afg\u00f8rende.<\/p><p>For at ud\u00f8ve fortrydelsesretten skal du informere os (Dr. Christoph He\u00dfler Maschinensysteme, Christoph He\u00dfler, An der Ronceva 5 32312 L\u00fcbbecke +49 (0)5741 3012080 christoph.hessler@c-hessler.de) om din beslutning om at fortryde denne kontrakt ved en tydelig erkl\u00e6ring (f.eks. et brev sendt med posten, fax eller e-mail). Du kan bruge den vedh\u00e6ftede opsigelsesformular, men det er ikke obligatorisk.<\/p><p>For at overholde fortrydelsesfristen er det tilstr\u00e6kkeligt, at du sender din meddelelse om ud\u00f8velse af fortrydelsesretten inden fortrydelsesfristens udl\u00f8b.<\/p><p>Konsekvenser af annullering<\/p><p>Hvis du fortryder denne aftale, refunderer vi alle betalinger modtaget fra dig, herunder leveringsomkostninger (med undtagelse af ekstra omkostninger som f\u00f8lge af dit valg af en anden type levering end den billigste form for standardlevering, som vi tilbyder), uden un\u00f8dig forsinkelse og under alle omst\u00e6ndigheder senest 14 dage fra den dag, hvor vi har modtaget meddelelse om din beslutning om at fortryde denne aftale. Til denne tilbagebetaling benytter vi samme betalingsmiddel, som du benyttede ved den oprindelige transaktion, medmindre andet udtrykkeligt er aftalt med dig; du vil under ingen omst\u00e6ndigheder blive opkr\u00e6vet gebyrer for denne tilbagebetaling. Vi kan tilbageholde tilbagebetalingen, indtil vi har modtaget varerne retur, eller indtil du har fremlagt bevis for, at du har returneret varerne, alt efter hvilket tidspunkt der er tidligst.<\/p><p>Du skal returnere eller aflevere varerne til Dr. Christoph He\u00dfler Maschinensysteme, Christoph He\u00dfler, An der Ronceva 5 32312 L\u00fcbbecke +49 (0)5741 3012080 christoph.hessler@c-hessler.de straks og under alle omst\u00e6ndigheder senest 14 dage efter den dag, hvor du informerer os om annulleringen af denne kontrakt. Fristen er overholdt, hvis du sender varerne inden udl\u00f8bet af fristen p\u00e5 fjorten dage.<\/p><p>Du b\u00e6rer de direkte omkostninger ved at returnere varerne.<\/p><p>Du skal kun betale for eventuel v\u00e6rdiforringelse af varerne, hvis denne v\u00e6rdiforringelse skyldes h\u00e5ndtering af varerne, som ikke er n\u00f8dvendig for at kontrollere deres tilstand, egenskaber og funktionalitet.<\/p><p>Hvis varen er blevet beskadiget eller reduceret i v\u00e6rdi i denne forstand, skal kunden b\u00e6re omkostningerne til reparation og ethvert v\u00e6rditab p\u00e5 trods af reparationen.<\/p><p>Slut p\u00e5 afbestillingsregler<\/p><p>Du kan n\u00e5 vores kundeservice p\u00e5 f\u00f8lgende tidspunkter Dr. Christoph He\u00dfler Maschinensysteme, Christoph He\u00dfler, An der Ronceva 5, 32312 L\u00fcbbecke +49 (0)5741 3012080 christoph.hessler@c-hessler.de \u00c5bningstider:<br \/>8:00 til 16:00.<\/p><h2>Ansvarsfraskrivelse<\/h2><p>Erstatningskrav fra kunden er udelukket, medmindre andet er angivet nedenfor. Dette g\u00e6lder ogs\u00e5 for udbyderens repr\u00e6sentanter og medhj\u00e6lpere, hvis kunden g\u00f8r erstatningskrav g\u00e6ldende over for dem. Undtaget er erstatningskrav fra kunden p\u00e5 grund af skader p\u00e5 liv, lemmer, helbred eller v\u00e6sentlige kontraktlige forpligtelser, som n\u00f8dvendigvis skal opfyldes for at n\u00e5 det kontraktlige m\u00e5l. Dette g\u00e6lder heller ikke for erstatningskrav p\u00e5 grund af groft uagtsom eller fors\u00e6tlig pligtfors\u00f8mmelse fra udbyderens eller dennes juridiske repr\u00e6sentants eller stedfortr\u00e6dende agents side.<\/p><h2>Forbud mod overdragelse og pants\u00e6tning<\/h2><p>Kundens krav eller rettigheder over for udbyderen kan g\u00f8res g\u00e6ldende uden<br \/>Varerne m\u00e5 ikke overdrages eller pants\u00e6ttes uden kundens samtykke, medmindre kunden har godtgjort en legitim interesse i overdragelsen eller pants\u00e6tningen.<\/p><h2>Sprog, v\u00e6rneting og g\u00e6ldende lov<\/h2><p>Kontrakten skal udf\u00e6rdiges p\u00e5 tysk. Den videre gennemf\u00f8relse af kontraktforholdet skal ske p\u00e5 tysk. Loven i Forbundsrepublikken Tyskland g\u00e6lder udelukkende. For forbrugere g\u00e6lder dette kun i det omfang, at ingen lovbestemmelser i det land, hvor kunden har sin bop\u00e6l eller s\u00e6dvanlige opholdssted, er begr\u00e6nset. V\u00e6rneting for tvister med kunder, der ikke er forbrugere, offentligretlige juridiske personer eller offentligretlige specialfonde, er udbyderens hjemsted.<\/p><h2>Klausul om adskillelse<\/h2><p>Hvis en bestemmelse i disse vilk\u00e5r og betingelser er ugyldig, p\u00e5virker det ikke gyldigheden af de \u00f8vrige bestemmelser.<\/p>\t\t\t\t\t\t\t\t<\/div>\n\t\t\t\t\t<\/div>\n\t\t\t\t<\/div>\n\t\t\t\t<\/div>","protected":false},"excerpt":{"rendered":"<p>Allgemeine Gesch\u00e4ftsbedingungen AGB erstellt \u00fcber den Generator der Deutschen Anwaltshotline AG Vertragspartner Auf Grundlage dieser Allgemeinen Gesch\u00e4ftsbedingungen (AGB) kommt zwischen dem Kunden undDr. Christoph He\u00dfler MaschinensystemeVertreten durch Christoph He\u00dflerAdresse: An der Ronceva 5 32312 L\u00fcbbecke Umsatzsteuer-Identifikationsnummer: DE230070107, nachfolgend Anbieter genannt, der Vertrag zustande. Vertragsgegenstand Durch diesen Vertrag wird der Verkauf von neuen Waren aus dem [&hellip;]<\/p>\n","protected":false},"author":9,"featured_media":0,"parent":0,"menu_order":0,"comment_status":"closed","ping_status":"closed","template":"","meta":{"footnotes":""},"class_list":["post-9797","page","type-page","status-publish","hentry"],"yoast_head":"<!-- This site is optimized with the Yoast SEO Premium plugin v27.0 (Yoast SEO v27.3) - https:\/\/yoast.com\/product\/yoast-seo-premium-wordpress\/ -->\n<title>AGB - Dr. Christoph He\u00dfler Maschinensysteme<\/title>\n<meta name=\"robots\" content=\"index, follow, max-snippet:-1, max-image-preview:large, max-video-preview:-1\" \/>\n<link rel=\"canonical\" href=\"https:\/\/c-hessler.de\/da\/agb\/\" \/>\n<meta property=\"og:locale\" content=\"da_DK\" \/>\n<meta property=\"og:type\" content=\"article\" \/>\n<meta property=\"og:title\" content=\"AGB\" \/>\n<meta property=\"og:description\" content=\"Allgemeine Gesch\u00e4ftsbedingungen AGB erstellt \u00fcber den Generator der Deutschen Anwaltshotline AG Vertragspartner Auf Grundlage dieser Allgemeinen Gesch\u00e4ftsbedingungen (AGB) kommt zwischen dem Kunden undDr. Christoph He\u00dfler MaschinensystemeVertreten durch Christoph He\u00dflerAdresse: An der Ronceva 5 32312 L\u00fcbbecke Umsatzsteuer-Identifikationsnummer: DE230070107, nachfolgend Anbieter genannt, der Vertrag zustande. Vertragsgegenstand Durch diesen Vertrag wird der Verkauf von neuen Waren aus dem [&hellip;]\" \/>\n<meta property=\"og:url\" content=\"https:\/\/c-hessler.de\/da\/agb\/\" \/>\n<meta property=\"og:site_name\" content=\"Dr. Christoph He\u00dfler Maschinensysteme\" \/>\n<meta property=\"article:publisher\" content=\"https:\/\/www.facebook.com\/DrChristophHesslerMaschinensysteme\/\" \/>\n<meta property=\"article:modified_time\" content=\"2025-12-17T06:45:50+00:00\" \/>\n<meta name=\"twitter:label1\" content=\"Estimeret l\u00e6setid\" \/>\n\t<meta name=\"twitter:data1\" content=\"10 minutter\" \/>\n<script type=\"application\/ld+json\" class=\"yoast-schema-graph\">{\"@context\":\"https:\\\/\\\/schema.org\",\"@graph\":[{\"@type\":\"WebPage\",\"@id\":\"https:\\\/\\\/c-hessler.de\\\/agb\\\/\",\"url\":\"https:\\\/\\\/c-hessler.de\\\/agb\\\/\",\"name\":\"AGB - Dr. Christoph He\u00dfler Maschinensysteme\",\"isPartOf\":{\"@id\":\"https:\\\/\\\/c-hessler.de\\\/#website\"},\"datePublished\":\"2015-05-09T14:16:40+00:00\",\"dateModified\":\"2025-12-17T06:45:50+00:00\",\"inLanguage\":\"da-DK\",\"potentialAction\":[{\"@type\":\"ReadAction\",\"target\":[\"https:\\\/\\\/c-hessler.de\\\/agb\\\/\"]}]},{\"@type\":\"WebSite\",\"@id\":\"https:\\\/\\\/c-hessler.de\\\/#website\",\"url\":\"https:\\\/\\\/c-hessler.de\\\/\",\"name\":\"www.c-hessler.de\",\"description\":\"\",\"publisher\":{\"@id\":\"https:\\\/\\\/c-hessler.de\\\/#organization\"},\"potentialAction\":[{\"@type\":\"SearchAction\",\"target\":{\"@type\":\"EntryPoint\",\"urlTemplate\":\"https:\\\/\\\/c-hessler.de\\\/?s={search_term_string}\"},\"query-input\":{\"@type\":\"PropertyValueSpecification\",\"valueRequired\":true,\"valueName\":\"search_term_string\"}}],\"inLanguage\":\"da-DK\"},{\"@type\":\"Organization\",\"@id\":\"https:\\\/\\\/c-hessler.de\\\/#organization\",\"name\":\"Dr. Christoph He\u00dfler Maschinensysteme\",\"alternateName\":\"Dr. Christoph He\u00dfler Maschinensysteme\",\"url\":\"https:\\\/\\\/c-hessler.de\\\/\",\"logo\":{\"@type\":\"ImageObject\",\"inLanguage\":\"da-DK\",\"@id\":\"https:\\\/\\\/c-hessler.de\\\/#\\\/schema\\\/logo\\\/image\\\/\",\"url\":\"https:\\\/\\\/c-hessler.de\\\/wp-content\\\/uploads\\\/2026\\\/02\\\/Draw-03-150312-110115-Ausgeschnitten-I.jpg\",\"contentUrl\":\"https:\\\/\\\/c-hessler.de\\\/wp-content\\\/uploads\\\/2026\\\/02\\\/Draw-03-150312-110115-Ausgeschnitten-I.jpg\",\"width\":445,\"height\":394,\"caption\":\"Dr. Christoph He\u00dfler Maschinensysteme\"},\"image\":{\"@id\":\"https:\\\/\\\/c-hessler.de\\\/#\\\/schema\\\/logo\\\/image\\\/\"},\"sameAs\":[\"https:\\\/\\\/www.facebook.com\\\/DrChristophHesslerMaschinensysteme\\\/\",\"https:\\\/\\\/www.pinterest.de\\\/hesstools\\\/\",\"https:\\\/\\\/www.youtube.com\\\/channel\\\/UCaNnXDGGF_BiYFQZ2kJgi-A?view_as=subscriber\"],\"description\":\"1. Ecken- und Kantenfr\u00e4sen f\u00fcr Tischler und Schreiner, Sonderanfertigungen 2. Auch f\u00fcr die Nachbearbeitung von Eck-Schwei\u00dfn\u00e4hten bei Aluminium-Werkstoffen, f\u00fcr Fahrzeugbauer oder Metallbauer aller Art\",\"email\":\"christoph.hessler@c-hessler.de\",\"telephone\":\"0527413012080\",\"legalName\":\"Dr. Christoph He\u00dfler Maschinensysteme\",\"foundingDate\":\"2003-06-05\",\"vatID\":\"DE230070107\",\"numberOfEmployees\":{\"@type\":\"QuantitativeValue\",\"minValue\":\"1\",\"maxValue\":\"10\"}}]}<\/script>\n<!-- \/ Yoast SEO Premium plugin. -->","yoast_head_json":{"title":"Generelle vilk\u00e5r og betingelser - Dr. Christoph He\u00dfler Maschinensysteme","robots":{"index":"index","follow":"follow","max-snippet":"max-snippet:-1","max-image-preview":"max-image-preview:large","max-video-preview":"max-video-preview:-1"},"canonical":"https:\/\/c-hessler.de\/da\/agb\/","og_locale":"da_DK","og_type":"article","og_title":"AGB","og_description":"Allgemeine Gesch\u00e4ftsbedingungen AGB erstellt \u00fcber den Generator der Deutschen Anwaltshotline AG Vertragspartner Auf Grundlage dieser Allgemeinen Gesch\u00e4ftsbedingungen (AGB) kommt zwischen dem Kunden undDr. Christoph He\u00dfler MaschinensystemeVertreten durch Christoph He\u00dflerAdresse: An der Ronceva 5 32312 L\u00fcbbecke Umsatzsteuer-Identifikationsnummer: DE230070107, nachfolgend Anbieter genannt, der Vertrag zustande. Vertragsgegenstand Durch diesen Vertrag wird der Verkauf von neuen Waren aus dem [&hellip;]","og_url":"https:\/\/c-hessler.de\/da\/agb\/","og_site_name":"Dr. Christoph He\u00dfler Maschinensysteme","article_publisher":"https:\/\/www.facebook.com\/DrChristophHesslerMaschinensysteme\/","article_modified_time":"2025-12-17T06:45:50+00:00","twitter_misc":{"Estimeret l\u00e6setid":"10 minutter"},"schema":{"@context":"https:\/\/schema.org","@graph":[{"@type":"WebPage","@id":"https:\/\/c-hessler.de\/agb\/","url":"https:\/\/c-hessler.de\/agb\/","name":"Generelle vilk\u00e5r og betingelser - Dr. Christoph He\u00dfler Maschinensysteme","isPartOf":{"@id":"https:\/\/c-hessler.de\/#website"},"datePublished":"2015-05-09T14:16:40+00:00","dateModified":"2025-12-17T06:45:50+00:00","inLanguage":"da-DK","potentialAction":[{"@type":"ReadAction","target":["https:\/\/c-hessler.de\/agb\/"]}]},{"@type":"WebSite","@id":"https:\/\/c-hessler.de\/#website","url":"https:\/\/c-hessler.de\/","name":"www.c-hessler.de","description":"","publisher":{"@id":"https:\/\/c-hessler.de\/#organization"},"potentialAction":[{"@type":"SearchAction","target":{"@type":"EntryPoint","urlTemplate":"https:\/\/c-hessler.de\/?s={search_term_string}"},"query-input":{"@type":"PropertyValueSpecification","valueRequired":true,"valueName":"search_term_string"}}],"inLanguage":"da-DK"},{"@type":"Organization","@id":"https:\/\/c-hessler.de\/#organization","name":"Dr. Christoph He\u00dfler Maskinsystemer","alternateName":"Dr. Christoph He\u00dfler Maschinensysteme","url":"https:\/\/c-hessler.de\/","logo":{"@type":"ImageObject","inLanguage":"da-DK","@id":"https:\/\/c-hessler.de\/#\/schema\/logo\/image\/","url":"https:\/\/c-hessler.de\/wp-content\/uploads\/2026\/02\/Draw-03-150312-110115-Ausgeschnitten-I.jpg","contentUrl":"https:\/\/c-hessler.de\/wp-content\/uploads\/2026\/02\/Draw-03-150312-110115-Ausgeschnitten-I.jpg","width":445,"height":394,"caption":"Dr. Christoph He\u00dfler Maschinensysteme"},"image":{"@id":"https:\/\/c-hessler.de\/#\/schema\/logo\/image\/"},"sameAs":["https:\/\/www.facebook.com\/DrChristophHesslerMaschinensysteme\/","https:\/\/www.pinterest.de\/hesstools\/","https:\/\/www.youtube.com\/channel\/UCaNnXDGGF_BiYFQZ2kJgi-A?view_as=subscriber"],"description":"1. Ecken- und Kantenfr\u00e4sen f\u00fcr Tischler und Schreiner, Sonderanfertigungen 2. Auch f\u00fcr die Nachbearbeitung von Eck-Schwei\u00dfn\u00e4hten bei Aluminium-Werkstoffen, f\u00fcr Fahrzeugbauer oder Metallbauer aller Art","email":"christoph.hessler@c-hessler.de","telephone":"0527413012080","legalName":"Dr. Christoph He\u00dfler Maschinensysteme","foundingDate":"2003-06-05","vatID":"DE230070107","numberOfEmployees":{"@type":"QuantitativeValue","minValue":"1","maxValue":"10"}}]}},"_hostinger_reach_plugin_has_subscription_block":false,"_hostinger_reach_plugin_is_elementor":false,"_links":{"self":[{"href":"https:\/\/c-hessler.de\/da\/wp-json\/wp\/v2\/pages\/9797","targetHints":{"allow":["GET"]}}],"collection":[{"href":"https:\/\/c-hessler.de\/da\/wp-json\/wp\/v2\/pages"}],"about":[{"href":"https:\/\/c-hessler.de\/da\/wp-json\/wp\/v2\/types\/page"}],"author":[{"embeddable":true,"href":"https:\/\/c-hessler.de\/da\/wp-json\/wp\/v2\/users\/9"}],"replies":[{"embeddable":true,"href":"https:\/\/c-hessler.de\/da\/wp-json\/wp\/v2\/comments?post=9797"}],"version-history":[{"count":3,"href":"https:\/\/c-hessler.de\/da\/wp-json\/wp\/v2\/pages\/9797\/revisions"}],"predecessor-version":[{"id":208819,"href":"https:\/\/c-hessler.de\/da\/wp-json\/wp\/v2\/pages\/9797\/revisions\/208819"}],"wp:attachment":[{"href":"https:\/\/c-hessler.de\/da\/wp-json\/wp\/v2\/media?parent=9797"}],"curies":[{"name":"wp","href":"https:\/\/api.w.org\/{rel}","templated":true}]}}