{"id":10347,"date":"2016-02-23T21:04:44","date_gmt":"2016-02-23T20:04:44","guid":{"rendered":"https:\/\/c-hessler.de\/?post_type=product&#038;p=10347"},"modified":"2025-12-15T17:49:11","modified_gmt":"2025-12-15T16:49:11","slug":"letvaegts-premium-kantskaerer-kf-400","status":"publish","type":"product","link":"https:\/\/c-hessler.de\/da\/shop\/leichte-premium-kantenfraese-kf-400\/","title":{"rendered":"Letv\u00e6gts premium kantfr\u00e6ser KF 400 TOP"},"content":{"rendered":"<div class=\"wp-block-columns are-vertically-aligned-center is-layout-flex wp-container-core-columns-is-layout-28f84493 wp-block-columns-is-layout-flex\">\n<div class=\"wp-block-column is-layout-flow wp-block-column-is-layout-flow\">\n<figure class=\"wp-block-boldblocks-youtube-block\"><div id=\"yb-video-MM6q6c1a8gE\" class=\"yb-player\" data-video-id=\"MM6q6c1a8gE\" data-title=\"Play\" style=\"background-image:url(https:\/\/img.youtube.com\/vi\/MM6q6c1a8gE\/hqdefault.jpg)\"><button type=\"button\" class=\"yb-btn-play\"><span class=\"visually-hidden\">Spil<\/span><\/button><\/div><figcaption class=\"yb-caption\">Pneumatisk kantfr\u00e6ser KF 400 TOP<\/figcaption><\/figure>\n<\/div>\n\n\n\n<div class=\"wp-block-column is-vertically-aligned-center is-layout-flow wp-block-column-is-layout-flow\" style=\"flex-basis:60%\">\n<p class=\"title has-text-color\" style=\"color:#131315\"><strong>Letv\u00e6gts-kantfr\u00e6ser af h\u00f8j kvalitet til pr\u00e6cis tr\u00e6- og plastbearbejdning<\/strong><\/p>\n\n\n\n<p>Let og robust, ideel til kantbrydning og til radius og affasning op til 2 mm.  Svarer til den tidligere lameloverfr\u00e6ser. Til 6 mm skaft.  Hvis du vil have mere kraft og et skaft p\u00e5 8 mm, er der&nbsp;<a href=\"https:\/\/c-hessler.de\/da\/butik\/kantskaerer-med-trykluft-kf-400-iii\/\">KF 400 III&nbsp;<\/a>.<\/p>\n\n\n\n<p class=\"title has-text-color\" style=\"color:#131315\">Meget letl\u00f8bende, tysk industriel luftmotor af h\u00f8j kvalitet. Premium-kantfr\u00e6seren har en integreret lufttilf\u00f8rsel og udst\u00f8dningsslange. Den leveres inklusive en R2- eller skr\u00e5fr\u00e6ser af h\u00f8j kvalitet, samlet og testet.<br>Ekstremt let og nem at h\u00e5ndtere: kun 0,58 kg p\u00e5 fr\u00e6sehovedet<\/p>\n<\/div>\n<\/div>\n\n\n\n<div style=\"height:122px\" aria-hidden=\"true\" class=\"wp-block-spacer\"><\/div>\n\n\n\n<div class=\"wp-block-columns are-vertically-aligned-center is-layout-flex wp-container-core-columns-is-layout-28f84493 wp-block-columns-is-layout-flex\">\n<div class=\"wp-block-column is-vertically-aligned-center is-layout-flow wp-block-column-is-layout-flow\">\n<h2 class=\"wp-block-heading title has-text-color\" id=\"h-merkmale-zum-system\" style=\"color:#131315\"><strong>Systemets funktioner<\/strong><\/h2>\n\n\n\n<h5 class=\"wp-block-heading title has-text-color\" id=\"h-anwendungsgebiet\" style=\"color:#131315\">Anvendelsesomr\u00e5de<\/h5>\n\n\n\n<p class=\"title has-text-color\" style=\"color:#131315\">Den lette premium-kantfr\u00e6ser til pr\u00e6cis tr\u00e6bearbejdning er meget nem at h\u00e5ndtere. Den bruges typisk til at bryde kanter, affase eller afrunde plastkanter, der allerede er fr\u00e6set flade, eller p\u00e5 tr\u00e6paneler. Dens ydeevne er lavere end for en stor kantfr\u00e6ser. Ydelsesgr\u00e6nsen er n\u00e5et for en 2 mm tyk ABS-plastkant, n\u00e5r den afrundes med en ny R2-overfr\u00e6ser.<\/p>\n\n\n\n<h5 class=\"wp-block-heading\" id=\"h-funktion-und-bedienung\">Funktion og betjening<\/h5>\n\n\n\n<p>Dens man\u00f8vredygtighed er uovertruffen. Da kantfr\u00e6seren ikke kr\u00e6ver batteri eller elmotor, er det ikke n\u00f8dvendigt at flytte dens v\u00e6gt.<\/p>\n\n\n\n<p>Den bedste m\u00e5de at finde ud af, hvad KF 400 TOP faktisk betyder, er ved selv at r\u00f8re ved den. Derfor tilbyder vi kommercielle brugere en gratis og uforpligtende test.<\/p>\n\n\n\n<h5 class=\"wp-block-heading\" id=\"h-preis\">Pris<\/h5>\n\n\n\n<ul class=\"wp-block-list\">\n<li>1 uges uforpligtende og gratis test<\/li>\n\n\n\n<li>Pris se ovenfor<\/li>\n<\/ul>\n\n\n\n<h5 class=\"wp-block-heading\" id=\"h-technische-voraussetzungen\">Tekniske krav<\/h5>\n\n\n\n<p>Den lette fr\u00e6ser har plads til fr\u00e6sere med 6 mm skaft.<\/p>\n\n\n\n<p>Det er n\u00f8dvendigt regelm\u00e6ssigt at tils\u00e6tte olie til trykluftanl\u00e6gget for at det kan fungere. Ved sporadisk brug kan dette g\u00f8res ved at fylde olien direkte i<br>Olien kan tilf\u00f8res ved hj\u00e6lp af en tryklufttilslutning eller, i tilf\u00e6lde af kontinuerlig drift, ved hj\u00e6lp af en vedligeholdelsesenhed, der er indstillet til 1 dr\u00e5be olie pr. minut.<\/p>\n\n\n\n<h5 class=\"wp-block-heading\" id=\"h-lieferumfang\">Leveringens omfang<\/h5>\n\n\n\n<p>KF 400 TOP leveres med en tilluft- og en fraluftslange. Udbl\u00e6sningsslangen omgiver tryklufttilf\u00f8rselsslangen som en fleksibel kappe og leder luften v\u00e6k fra arbejdsomr\u00e5det.<\/p>\n\n\n\n<p>En yderligere effekt af udbl\u00e6sningsslangen er st\u00f8jreduktion. KF 400 TOP premium-kantfr\u00e6seren er mere st\u00f8jsvag end en elektrisk overfr\u00e6ser eller en elektrisk kantfr\u00e6ser.<\/p>\n<\/div>\n\n\n\n<div class=\"wp-block-column is-vertically-aligned-center is-layout-flow wp-block-column-is-layout-flow\" style=\"flex-basis:60%\">\n<figure class=\"wp-block-image size-full is-resized\"><img fetchpriority=\"high\" decoding=\"async\" width=\"573\" height=\"265\" src=\"https:\/\/c-hessler.de\/wp-content\/uploads\/2014\/04\/kf400-produktseite.jpg\" alt=\"Lette overfr\u00e6sere til kantafrunding og kantfasning KF 400 TOP\" class=\"wp-image-8301\" style=\"width:579px;height:auto\" srcset=\"https:\/\/c-hessler.de\/wp-content\/uploads\/2014\/04\/kf400-produktseite.jpg 573w, https:\/\/c-hessler.de\/wp-content\/uploads\/2014\/04\/kf400-produktseite-150x69.jpg 150w, https:\/\/c-hessler.de\/wp-content\/uploads\/2014\/04\/kf400-produktseite-510x236.jpg 510w, https:\/\/c-hessler.de\/wp-content\/uploads\/2014\/04\/kf400-produktseite-300x139.jpg 300w\" sizes=\"(max-width: 573px) 100vw, 573px\" \/><figcaption class=\"wp-element-caption\">Lette overfr\u00e6sere til kantafrunding og kantfasning KF 400 TOP<\/figcaption><\/figure>\n\n\n\n<figure class=\"wp-block-image size-full\"><img decoding=\"async\" width=\"577\" height=\"433\" src=\"https:\/\/c-hessler.de\/wp-content\/uploads\/2023\/05\/P1010008.png\" alt=\"\" class=\"wp-image-206540\" srcset=\"https:\/\/c-hessler.de\/wp-content\/uploads\/2023\/05\/P1010008.png 577w, https:\/\/c-hessler.de\/wp-content\/uploads\/2023\/05\/P1010008-300x225.png 300w, https:\/\/c-hessler.de\/wp-content\/uploads\/2023\/05\/P1010008-510x382.png 510w, https:\/\/c-hessler.de\/wp-content\/uploads\/2023\/05\/P1010008-480x360.png 480w, https:\/\/c-hessler.de\/wp-content\/uploads\/2023\/05\/P1010008-150x113.png 150w\" sizes=\"(max-width: 577px) 100vw, 577px\" \/><figcaption class=\"wp-element-caption\">Kantfr\u00e6ser KF 400 TOP trykluft i st\u00f8rrelsessammenligning med \u00e9n h\u00e5nd<\/figcaption><\/figure>\n\n\n\n<figure class=\"wp-block-image size-full is-resized\"><img decoding=\"async\" width=\"730\" height=\"547\" src=\"https:\/\/c-hessler.de\/wp-content\/uploads\/2014\/04\/143aae720ac.jpg\" alt=\"Motoren i premium edge routeren er knap nok st\u00f8rre end en kuglepen.\" class=\"wp-image-8307\" style=\"width:578px;height:auto\" srcset=\"https:\/\/c-hessler.de\/wp-content\/uploads\/2014\/04\/143aae720ac.jpg 730w, https:\/\/c-hessler.de\/wp-content\/uploads\/2014\/04\/143aae720ac-150x112.jpg 150w, https:\/\/c-hessler.de\/wp-content\/uploads\/2014\/04\/143aae720ac-510x382.jpg 510w, https:\/\/c-hessler.de\/wp-content\/uploads\/2014\/04\/143aae720ac-300x225.jpg 300w\" sizes=\"(max-width: 730px) 100vw, 730px\" \/><figcaption class=\"wp-element-caption\">Motoren i premium edge routeren er knap nok st\u00f8rre end en kuglepen.<\/figcaption><\/figure>\n\n\n\n<p><\/p>\n<\/div>\n<\/div>\n\n\n\n<div style=\"height:30px\" aria-hidden=\"true\" class=\"wp-block-spacer\"><\/div>","protected":false},"excerpt":{"rendered":"<p class=\"western\">Den kompakte kantfr\u00e6ser KF 400 TOP har en trykluftmotor og er s\u00e6rligt velegnet til<b> Stille og roligt<\/b> og<b> let. <\/b>Den har derfor en <b>Meget god man\u00f8vredygtighed<\/b>. Den er meget velegnet til let afgratning\/fasning\/afrunding inden for tr\u00e6bearbejdning og plastforarbejdning, f.eks. til plexiglas. Svarer til den tidligere Lamello Profila Pro, men er lettere og mere st\u00f8jsvag. Med tysk industriel luftmotor.<\/p>\n<p>Med KF 400 TOP f\u00e5r du en <strong>Det bedste produkt<\/strong> med hensyn til <strong>Man\u00f8vredygtighed<\/strong> og <strong>St\u00f8jreduktion<\/strong>. Vi kender ikke til en lettere og mere st\u00f8jsvag kantfr\u00e6ser.<\/p>","protected":false},"featured_media":10501,"comment_status":"open","ping_status":"closed","template":"","meta":[],"product_brand":[],"product_cat":[58],"product_tag":[38,45,40],"class_list":{"0":"post-10347","1":"product","2":"type-product","3":"status-publish","4":"has-post-thumbnail","6":"product_cat-handgefuehrte-maschinen","7":"product_tag-handgefuehrt","8":"product_tag-kanten","9":"product_tag-pneumatischer-antrieb","11":"first","12":"instock","13":"taxable","14":"shipping-taxable","15":"purchasable","16":"product-type-simple"},"yoast_head":"<!-- This site is optimized with the Yoast SEO Premium plugin v27.0 (Yoast SEO v27.4) - https:\/\/yoast.com\/product\/yoast-seo-premium-wordpress\/ -->\n<title>Leichte Premium-Kantenfr\u00e4se f\u00fcr pr\u00e4zise Holzbearbeitung<\/title>\n<meta name=\"description\" content=\"Entdecke die leichte Premium-Kantenfr\u00e4se f\u00fcr pr\u00e4zise Holzbearbeitung und Kunststoffbearbeitung. Optimal f\u00fcr Radius und Fase.\" \/>\n<meta name=\"robots\" content=\"index, follow, max-snippet:-1, max-image-preview:large, max-video-preview:-1\" \/>\n<link rel=\"canonical\" href=\"https:\/\/c-hessler.de\/da\/butik\/letvaegts-premium-kantskaerer-kf-400\/\" \/>\n<meta property=\"og:locale\" content=\"da_DK\" \/>\n<meta property=\"og:type\" content=\"article\" \/>\n<meta property=\"og:title\" content=\"Leichte Premium-Kantenfr\u00e4se KF 400 TOP\" \/>\n<meta property=\"og:description\" content=\"Entdecke die leichte Premium-Kantenfr\u00e4se f\u00fcr pr\u00e4zise Holzbearbeitung und Kunststoffbearbeitung. Optimal f\u00fcr Radius und Fase.\" \/>\n<meta property=\"og:url\" content=\"https:\/\/c-hessler.de\/da\/butik\/letvaegts-premium-kantskaerer-kf-400\/\" \/>\n<meta property=\"og:site_name\" content=\"Dr. Christoph He\u00dfler Maschinensysteme\" \/>\n<meta property=\"article:publisher\" content=\"https:\/\/www.facebook.com\/DrChristophHesslerMaschinensysteme\/\" \/>\n<meta property=\"article:modified_time\" content=\"2025-12-15T16:49:11+00:00\" \/>\n<meta property=\"og:image\" content=\"https:\/\/c-hessler.de\/wp-content\/uploads\/2016\/02\/IMG_6556_DxO-e1741974693488.jpg\" \/>\n\t<meta property=\"og:image:width\" content=\"1500\" \/>\n\t<meta property=\"og:image:height\" content=\"1199\" \/>\n\t<meta property=\"og:image:type\" content=\"image\/jpeg\" \/>\n<meta name=\"twitter:label1\" content=\"Pris\" \/>\n\t<meta name=\"twitter:data1\" content=\"490,00&nbsp;&euro; ohne MwSt.\" \/>\n\t<meta name=\"twitter:label2\" content=\"Tilg\u00e6ngelighed\" \/>\n\t<meta name=\"twitter:data2\" content=\"P\u00e5 lager\" \/>\n<script type=\"application\/ld+json\" class=\"yoast-schema-graph\">{\"@context\":\"https:\\\/\\\/schema.org\",\"@graph\":[{\"@type\":\"WebPage\",\"@id\":\"https:\\\/\\\/c-hessler.de\\\/shop\\\/leichte-premium-kantenfraese-kf-400\\\/\",\"url\":\"https:\\\/\\\/c-hessler.de\\\/shop\\\/leichte-premium-kantenfraese-kf-400\\\/\",\"name\":\"Leichte Premium-Kantenfr\u00e4se f\u00fcr pr\u00e4zise Holzbearbeitung\",\"isPartOf\":{\"@id\":\"https:\\\/\\\/c-hessler.de\\\/#website\"},\"primaryImageOfPage\":{\"@id\":\"https:\\\/\\\/c-hessler.de\\\/shop\\\/leichte-premium-kantenfraese-kf-400\\\/#primaryimage\"},\"image\":{\"@id\":\"https:\\\/\\\/c-hessler.de\\\/shop\\\/leichte-premium-kantenfraese-kf-400\\\/#primaryimage\"},\"thumbnailUrl\":\"https:\\\/\\\/c-hessler.de\\\/wp-content\\\/uploads\\\/2016\\\/02\\\/IMG_6556_DxO-e1741974693488.jpg\",\"datePublished\":\"2016-02-23T20:04:44+00:00\",\"dateModified\":\"2025-12-15T16:49:11+00:00\",\"description\":\"Entdecke die leichte Premium-Kantenfr\u00e4se f\u00fcr pr\u00e4zise Holzbearbeitung und Kunststoffbearbeitung. Optimal f\u00fcr Radius und Fase.\",\"breadcrumb\":{\"@id\":\"https:\\\/\\\/c-hessler.de\\\/shop\\\/leichte-premium-kantenfraese-kf-400\\\/#breadcrumb\"},\"inLanguage\":\"da-DK\",\"potentialAction\":[{\"@type\":\"ReadAction\",\"target\":[\"https:\\\/\\\/c-hessler.de\\\/shop\\\/leichte-premium-kantenfraese-kf-400\\\/\"]}]},{\"@type\":\"ImageObject\",\"inLanguage\":\"da-DK\",\"@id\":\"https:\\\/\\\/c-hessler.de\\\/shop\\\/leichte-premium-kantenfraese-kf-400\\\/#primaryimage\",\"url\":\"https:\\\/\\\/c-hessler.de\\\/wp-content\\\/uploads\\\/2016\\\/02\\\/IMG_6556_DxO-e1741974693488.jpg\",\"contentUrl\":\"https:\\\/\\\/c-hessler.de\\\/wp-content\\\/uploads\\\/2016\\\/02\\\/IMG_6556_DxO-e1741974693488.jpg\",\"width\":1500,\"height\":1199,\"caption\":\"Gewicht ohne Schlauch mit Teller und Fr\u00e4ser wie abgebildet: 0,58 kg\"},{\"@type\":\"BreadcrumbList\",\"@id\":\"https:\\\/\\\/c-hessler.de\\\/shop\\\/leichte-premium-kantenfraese-kf-400\\\/#breadcrumb\",\"itemListElement\":[{\"@type\":\"ListItem\",\"position\":1,\"name\":\"Produkte\",\"item\":\"https:\\\/\\\/c-hessler.de\\\/produkte\\\/\"},{\"@type\":\"ListItem\",\"position\":2,\"name\":\"Leichte Premium-Kantenfr\u00e4se KF 400 TOP\"}]},{\"@type\":\"WebSite\",\"@id\":\"https:\\\/\\\/c-hessler.de\\\/#website\",\"url\":\"https:\\\/\\\/c-hessler.de\\\/\",\"name\":\"www.c-hessler.de\",\"description\":\"\",\"publisher\":{\"@id\":\"https:\\\/\\\/c-hessler.de\\\/#organization\"},\"potentialAction\":[{\"@type\":\"SearchAction\",\"target\":{\"@type\":\"EntryPoint\",\"urlTemplate\":\"https:\\\/\\\/c-hessler.de\\\/?s={search_term_string}\"},\"query-input\":{\"@type\":\"PropertyValueSpecification\",\"valueRequired\":true,\"valueName\":\"search_term_string\"}}],\"inLanguage\":\"da-DK\"},{\"@type\":\"Organization\",\"@id\":\"https:\\\/\\\/c-hessler.de\\\/#organization\",\"name\":\"Dr. Christoph He\u00dfler Maschinensysteme\",\"alternateName\":\"Dr. Christoph He\u00dfler Maschinensysteme\",\"url\":\"https:\\\/\\\/c-hessler.de\\\/\",\"logo\":{\"@type\":\"ImageObject\",\"inLanguage\":\"da-DK\",\"@id\":\"https:\\\/\\\/c-hessler.de\\\/#\\\/schema\\\/logo\\\/image\\\/\",\"url\":\"https:\\\/\\\/c-hessler.de\\\/wp-content\\\/uploads\\\/2026\\\/02\\\/Draw-03-150312-110115-Ausgeschnitten-I.jpg\",\"contentUrl\":\"https:\\\/\\\/c-hessler.de\\\/wp-content\\\/uploads\\\/2026\\\/02\\\/Draw-03-150312-110115-Ausgeschnitten-I.jpg\",\"width\":445,\"height\":394,\"caption\":\"Dr. Christoph He\u00dfler Maschinensysteme\"},\"image\":{\"@id\":\"https:\\\/\\\/c-hessler.de\\\/#\\\/schema\\\/logo\\\/image\\\/\"},\"sameAs\":[\"https:\\\/\\\/www.facebook.com\\\/DrChristophHesslerMaschinensysteme\\\/\",\"https:\\\/\\\/www.pinterest.de\\\/hesstools\\\/\",\"https:\\\/\\\/www.youtube.com\\\/channel\\\/UCaNnXDGGF_BiYFQZ2kJgi-A?view_as=subscriber\"],\"description\":\"1. Ecken- und Kantenfr\u00e4sen f\u00fcr Tischler und Schreiner, Sonderanfertigungen 2. Auch f\u00fcr die Nachbearbeitung von Eck-Schwei\u00dfn\u00e4hten bei Aluminium-Werkstoffen, f\u00fcr Fahrzeugbauer oder Metallbauer aller Art\",\"email\":\"christoph.hessler@c-hessler.de\",\"telephone\":\"0527413012080\",\"legalName\":\"Dr. Christoph He\u00dfler Maschinensysteme\",\"foundingDate\":\"2003-06-05\",\"vatID\":\"DE230070107\",\"numberOfEmployees\":{\"@type\":\"QuantitativeValue\",\"minValue\":\"1\",\"maxValue\":\"10\"}}]}<\/script>\n<meta property=\"product:price:amount\" content=\"490.00\" \/>\n<meta property=\"product:price:currency\" content=\"EUR\" \/>\n<meta property=\"og:availability\" content=\"instock\" \/>\n<meta property=\"product:availability\" content=\"instock\" \/>\n<meta property=\"product:retailer_item_id\" content=\"leichte-premium-kantenfraese-kf-400\" \/>\n<meta property=\"product:condition\" content=\"new\" \/>\n<!-- \/ Yoast SEO Premium plugin. -->","yoast_head_json":{"title":"Letv\u00e6gts-kantfr\u00e6ser af h\u00f8j kvalitet til pr\u00e6cis tr\u00e6bearbejdning","description":"Oplev den lette premium-kantfr\u00e6ser til pr\u00e6cis tr\u00e6- og plastbearbejdning. Ideel til radius og affasning.","robots":{"index":"index","follow":"follow","max-snippet":"max-snippet:-1","max-image-preview":"max-image-preview:large","max-video-preview":"max-video-preview:-1"},"canonical":"https:\/\/c-hessler.de\/da\/butik\/letvaegts-premium-kantskaerer-kf-400\/","og_locale":"da_DK","og_type":"article","og_title":"Leichte Premium-Kantenfr\u00e4se KF 400 TOP","og_description":"Entdecke die leichte Premium-Kantenfr\u00e4se f\u00fcr pr\u00e4zise Holzbearbeitung und Kunststoffbearbeitung. Optimal f\u00fcr Radius und Fase.","og_url":"https:\/\/c-hessler.de\/da\/butik\/letvaegts-premium-kantskaerer-kf-400\/","og_site_name":"Dr. Christoph He\u00dfler Maschinensysteme","article_publisher":"https:\/\/www.facebook.com\/DrChristophHesslerMaschinensysteme\/","article_modified_time":"2025-12-15T16:49:11+00:00","og_image":[{"width":1500,"height":1199,"url":"https:\/\/c-hessler.de\/wp-content\/uploads\/2016\/02\/IMG_6556_DxO-e1741974693488.jpg","type":"image\/jpeg"}],"twitter_misc":{"Pris":"490,00&nbsp;&euro; ohne MwSt.","Tilg\u00e6ngelighed":"P\u00e5 lager"},"schema":{"@context":"https:\/\/schema.org","@graph":[{"@type":"WebPage","@id":"https:\/\/c-hessler.de\/shop\/leichte-premium-kantenfraese-kf-400\/","url":"https:\/\/c-hessler.de\/shop\/leichte-premium-kantenfraese-kf-400\/","name":"Letv\u00e6gts-kantfr\u00e6ser af h\u00f8j kvalitet til pr\u00e6cis tr\u00e6bearbejdning","isPartOf":{"@id":"https:\/\/c-hessler.de\/#website"},"primaryImageOfPage":{"@id":"https:\/\/c-hessler.de\/shop\/leichte-premium-kantenfraese-kf-400\/#primaryimage"},"image":{"@id":"https:\/\/c-hessler.de\/shop\/leichte-premium-kantenfraese-kf-400\/#primaryimage"},"thumbnailUrl":"https:\/\/c-hessler.de\/wp-content\/uploads\/2016\/02\/IMG_6556_DxO-e1741974693488.jpg","datePublished":"2016-02-23T20:04:44+00:00","dateModified":"2025-12-15T16:49:11+00:00","description":"Oplev den lette premium-kantfr\u00e6ser til pr\u00e6cis tr\u00e6- og plastbearbejdning. Ideel til radius og affasning.","breadcrumb":{"@id":"https:\/\/c-hessler.de\/shop\/leichte-premium-kantenfraese-kf-400\/#breadcrumb"},"inLanguage":"da-DK","potentialAction":[{"@type":"ReadAction","target":["https:\/\/c-hessler.de\/shop\/leichte-premium-kantenfraese-kf-400\/"]}]},{"@type":"ImageObject","inLanguage":"da-DK","@id":"https:\/\/c-hessler.de\/shop\/leichte-premium-kantenfraese-kf-400\/#primaryimage","url":"https:\/\/c-hessler.de\/wp-content\/uploads\/2016\/02\/IMG_6556_DxO-e1741974693488.jpg","contentUrl":"https:\/\/c-hessler.de\/wp-content\/uploads\/2016\/02\/IMG_6556_DxO-e1741974693488.jpg","width":1500,"height":1199,"caption":"Gewicht ohne Schlauch mit Teller und Fr\u00e4ser wie abgebildet: 0,58 kg"},{"@type":"BreadcrumbList","@id":"https:\/\/c-hessler.de\/shop\/leichte-premium-kantenfraese-kf-400\/#breadcrumb","itemListElement":[{"@type":"ListItem","position":1,"name":"Produkte","item":"https:\/\/c-hessler.de\/produkte\/"},{"@type":"ListItem","position":2,"name":"Leichte Premium-Kantenfr\u00e4se KF 400 TOP"}]},{"@type":"WebSite","@id":"https:\/\/c-hessler.de\/#website","url":"https:\/\/c-hessler.de\/","name":"www.c-hessler.de","description":"","publisher":{"@id":"https:\/\/c-hessler.de\/#organization"},"potentialAction":[{"@type":"SearchAction","target":{"@type":"EntryPoint","urlTemplate":"https:\/\/c-hessler.de\/?s={search_term_string}"},"query-input":{"@type":"PropertyValueSpecification","valueRequired":true,"valueName":"search_term_string"}}],"inLanguage":"da-DK"},{"@type":"Organization","@id":"https:\/\/c-hessler.de\/#organization","name":"Dr. Christoph He\u00dfler Maskinsystemer","alternateName":"Dr. Christoph He\u00dfler Maschinensysteme","url":"https:\/\/c-hessler.de\/","logo":{"@type":"ImageObject","inLanguage":"da-DK","@id":"https:\/\/c-hessler.de\/#\/schema\/logo\/image\/","url":"https:\/\/c-hessler.de\/wp-content\/uploads\/2026\/02\/Draw-03-150312-110115-Ausgeschnitten-I.jpg","contentUrl":"https:\/\/c-hessler.de\/wp-content\/uploads\/2026\/02\/Draw-03-150312-110115-Ausgeschnitten-I.jpg","width":445,"height":394,"caption":"Dr. Christoph He\u00dfler Maschinensysteme"},"image":{"@id":"https:\/\/c-hessler.de\/#\/schema\/logo\/image\/"},"sameAs":["https:\/\/www.facebook.com\/DrChristophHesslerMaschinensysteme\/","https:\/\/www.pinterest.de\/hesstools\/","https:\/\/www.youtube.com\/channel\/UCaNnXDGGF_BiYFQZ2kJgi-A?view_as=subscriber"],"description":"1. Ecken- und Kantenfr\u00e4sen f\u00fcr Tischler und Schreiner, Sonderanfertigungen 2. Auch f\u00fcr die Nachbearbeitung von Eck-Schwei\u00dfn\u00e4hten bei Aluminium-Werkstoffen, f\u00fcr Fahrzeugbauer oder Metallbauer aller Art","email":"christoph.hessler@c-hessler.de","telephone":"0527413012080","legalName":"Dr. Christoph He\u00dfler Maschinensysteme","foundingDate":"2003-06-05","vatID":"DE230070107","numberOfEmployees":{"@type":"QuantitativeValue","minValue":"1","maxValue":"10"}}]},"product_price_amount":"490.00","product_price_currency":"EUR","og_availability":"instock","product_availability":"instock","product_retailer_item_id":"leichte-premium-kantenfraese-kf-400","product_condition":"new"},"_links":{"self":[{"href":"https:\/\/c-hessler.de\/da\/wp-json\/wp\/v2\/product\/10347","targetHints":{"allow":["GET"]}}],"collection":[{"href":"https:\/\/c-hessler.de\/da\/wp-json\/wp\/v2\/product"}],"about":[{"href":"https:\/\/c-hessler.de\/da\/wp-json\/wp\/v2\/types\/product"}],"replies":[{"embeddable":true,"href":"https:\/\/c-hessler.de\/da\/wp-json\/wp\/v2\/comments?post=10347"}],"wp:featuredmedia":[{"embeddable":true,"href":"https:\/\/c-hessler.de\/da\/wp-json\/wp\/v2\/media\/10501"}],"wp:attachment":[{"href":"https:\/\/c-hessler.de\/da\/wp-json\/wp\/v2\/media?parent=10347"}],"wp:term":[{"taxonomy":"product_brand","embeddable":true,"href":"https:\/\/c-hessler.de\/da\/wp-json\/wp\/v2\/product_brand?post=10347"},{"taxonomy":"product_cat","embeddable":true,"href":"https:\/\/c-hessler.de\/da\/wp-json\/wp\/v2\/product_cat?post=10347"},{"taxonomy":"product_tag","embeddable":true,"href":"https:\/\/c-hessler.de\/da\/wp-json\/wp\/v2\/product_tag?post=10347"}],"curies":[{"name":"wp","href":"https:\/\/api.w.org\/{rel}","templated":true}]}}