{"id":10900,"date":"2017-12-06T00:43:22","date_gmt":"2017-12-05T23:43:22","guid":{"rendered":"https:\/\/c-hessler.de\/?post_type=product&#038;p=10900"},"modified":"2025-12-10T15:10:02","modified_gmt":"2025-12-10T14:10:02","slug":"hjorneafrundingssystem-ecko-vz-100-90f-mfk-1","status":"publish","type":"product","link":"https:\/\/c-hessler.de\/da\/shop\/eckenrunder-system-ecko-vz-100-90f-mfk-1\/","title":{"rendered":"Hj\u00f8rneafrundingssystem Ecko VZ 100 90F MFK 1"},"content":{"rendered":"<p><\/p>\n\n\n\n<div class=\"wp-block-columns are-vertically-aligned-center is-layout-flex wp-container-core-columns-is-layout-28f84493 wp-block-columns-is-layout-flex\">\n<div class=\"wp-block-column is-vertically-aligned-center is-layout-flow wp-block-column-is-layout-flow\">\n<p class=\"title has-text-color\" style=\"color:#131315\">Vellykket hj\u00f8rneafrunding med Ecko-systemet<\/p>\n\n\n\n<ul class=\"wp-block-list\">\n<li>Med justerbart stop for at forhindre drejning i<\/li>\n\n\n\n<li>Pr\u00e6cist fremstillet til pr\u00e6cis afrunding<\/li>\n\n\n\n<li>Beskyttelse mod at r\u00e6kke ind i den ellers \u00e5bne fr\u00e6ser<\/li>\n<\/ul>\n<\/div>\n\n\n\n<div class=\"wp-block-column is-vertically-aligned-center is-layout-flow wp-block-column-is-layout-flow\" style=\"flex-basis:60%\">\n<figure class=\"wp-block-boldblocks-youtube-block\"><div id=\"yb-video-UqnwIqwS_JI\" class=\"yb-player\" data-video-id=\"UqnwIqwS_JI\" data-title=\"Play\" style=\"background-image:url(https:\/\/img.youtube.com\/vi\/UqnwIqwS_JI\/hqdefault.jpg)\"><button type=\"button\" class=\"yb-btn-play\"><span class=\"visually-hidden\">Spil<\/span><\/button><\/div><\/figure>\n\n\n\n<p><\/p>\n<\/div>\n<\/div>\n\n\n\n<div style=\"height:30px\" aria-hidden=\"true\" class=\"wp-block-spacer\"><\/div>\n\n\n\n<div class=\"wp-block-columns are-vertically-aligned-center is-layout-flex wp-container-core-columns-is-layout-28f84493 wp-block-columns-is-layout-flex\">\n<div class=\"wp-block-column is-layout-flow wp-block-column-is-layout-flow\">\n<div class=\"wp-block-columns is-layout-flex wp-container-core-columns-is-layout-28f84493 wp-block-columns-is-layout-flex\">\n<div class=\"wp-block-column is-layout-flow wp-block-column-is-layout-flow\">\n<figure class=\"wp-block-image size-full is-resized\"><img fetchpriority=\"high\" decoding=\"async\" width=\"585\" height=\"669\" src=\"https:\/\/c-hessler.de\/wp-content\/uploads\/2017\/12\/Werkst\u00fcck-vorher.jpg\" alt=\"Kant 2 mm f\u00f8r afrunding\" class=\"wp-image-10895\" style=\"aspect-ratio:0.9716885743174924;width:700px;height:auto\" srcset=\"https:\/\/c-hessler.de\/wp-content\/uploads\/2017\/12\/Werkst\u00fcck-vorher.jpg 585w, https:\/\/c-hessler.de\/wp-content\/uploads\/2017\/12\/Werkst\u00fcck-vorher-150x172.jpg 150w, https:\/\/c-hessler.de\/wp-content\/uploads\/2017\/12\/Werkst\u00fcck-vorher-510x583.jpg 510w, https:\/\/c-hessler.de\/wp-content\/uploads\/2017\/12\/Werkst\u00fcck-vorher-262x300.jpg 262w\" sizes=\"(max-width: 585px) 100vw, 585px\" \/><figcaption class=\"wp-element-caption\">Opgave: Fr\u00e6sning og afrunding af forkantens fremspring i flugt<br><\/figcaption><\/figure>\n<\/div>\n\n\n\n<div class=\"wp-block-column is-layout-flow wp-block-column-is-layout-flow\">\n<figure class=\"wp-block-image size-full is-resized\"><img decoding=\"async\" width=\"684\" height=\"824\" src=\"https:\/\/c-hessler.de\/wp-content\/uploads\/2017\/12\/Werkst\u00fcck-nachher-III.jpg\" alt=\"Limet kant i hj\u00f8rnet afrundet med R2.\" class=\"wp-image-10898\" style=\"aspect-ratio:0.8301103078038363;width:546px;height:auto\" srcset=\"https:\/\/c-hessler.de\/wp-content\/uploads\/2017\/12\/Werkst\u00fcck-nachher-III.jpg 684w, https:\/\/c-hessler.de\/wp-content\/uploads\/2017\/12\/Werkst\u00fcck-nachher-III-150x181.jpg 150w, https:\/\/c-hessler.de\/wp-content\/uploads\/2017\/12\/Werkst\u00fcck-nachher-III-510x614.jpg 510w, https:\/\/c-hessler.de\/wp-content\/uploads\/2017\/12\/Werkst\u00fcck-nachher-III-249x300.jpg 249w\" sizes=\"(max-width: 684px) 100vw, 684px\" \/><figcaption class=\"wp-element-caption\">L\u00f8sning: Afrundede hj\u00f8rner i bund, top og side<br><\/figcaption><\/figure>\n<\/div>\n<\/div>\n<\/div>\n<\/div>\n\n\n\n<div class=\"wp-block-columns are-vertically-aligned-center is-layout-flex wp-container-core-columns-is-layout-28f84493 wp-block-columns-is-layout-flex\">\n<div class=\"wp-block-column is-vertically-aligned-center is-layout-flow wp-block-column-is-layout-flow\">\n<h2 class=\"wp-block-heading title has-text-color\" id=\"h-merkmale-zum-system\" style=\"color:#131315\"><strong>Systemets funktioner<\/strong><\/h2>\n\n\n\n<h5 class=\"wp-block-heading title has-text-color\" id=\"h-anwendungsgebiet\" style=\"color:#131315\">Anvendelsesomr\u00e5de<\/h5>\n\n\n\n<p>Afrunding af limede kanter p\u00e5 forsiden.<\/p>\n\n\n\n<p>Sammenlignet med en kopienhed p\u00e5 en kantlimemaskine er hj\u00f8rnerundingen meget omkostningseffektiv.<\/p>\n\n\n\n<h5 class=\"wp-block-heading\" id=\"h-funktion-und-bedienung\">Funktion og betjening<\/h5>\n\n\n\n<ul class=\"wp-block-list\">\n<li>Kantfr\u00e6seren er fastgjort i hj\u00f8rnesystemet.<\/li>\n\n\n\n<li>Fr\u00e6serens trykleje f\u00f8res fra den f\u00f8rste side over hj\u00f8rnet til den modsatte side.<\/li>\n<\/ul>\n\n\n\n<h5 class=\"wp-block-heading\" id=\"h-preis\">Pris<\/h5>\n\n\n\n<p>For at hj\u00f8rnerundingen skal lykkes, skal det v\u00e6re muligt at styre pr\u00e6cist, is\u00e6r med en relativt tung, elektrisk maskine.<\/p>\n\n\n\n<p>For eksempel er drejestoppet slebet med sn\u00e6vre tolerancer.  Se ovenfor for pris.<\/p>\n\n\n\n<h5 class=\"wp-block-heading\" id=\"h-technische-voraussetzungen\">Tekniske krav<\/h5>\n\n\n\n<ul class=\"wp-block-list\">\n<li>Fr\u00e6seren skal have et trykleje.<\/li>\n\n\n\n<li>Maskinen skal have et gennemg\u00e5ende hul i bordet til M8-gevindstiften p\u00e5 drejestoppet.<\/li>\n\n\n\n<li>Bordets brune st\u00f8tteflade skal slutte foran fr\u00e6seren. Hvis st\u00f8ttefladen omslutter fr\u00e6seren, bedes du give os besked. Vi vil s\u00e5 tilpasse Ecko i overensstemmelse hermed.<\/li>\n<\/ul>\n\n\n\n<h5 class=\"wp-block-heading\" id=\"h-lieferumfang\">Leveringens omfang<\/h5>\n\n\n\n<ul class=\"wp-block-list\">\n<li>Drejeligt stop<\/li>\n\n\n\n<li>Bord med afsk\u00e6rmning<\/li>\n\n\n\n<li>Indsats til krave<\/li>\n\n\n\n<li>Modificeret tryklejebremse<\/li>\n\n\n\n<li>Betjeningsvejledning<\/li>\n<\/ul>\n<\/div>\n\n\n\n<div class=\"wp-block-column is-vertically-aligned-center is-layout-flow wp-block-column-is-layout-flow\" style=\"flex-basis:60%\">\n<p>Enkel justering af kantstoppet. Det forhindrer overfr\u00e6seren i at svinge ind i kanten.<\/p>\n\n\n\n<figure class=\"wp-block-boldblocks-youtube-block\"><div id=\"yb-video-oT24tX9sZoE\" class=\"yb-player\" data-video-id=\"oT24tX9sZoE\" data-title=\"Play\" style=\"background-image:url(https:\/\/img.youtube.com\/vi\/oT24tX9sZoE\/hqdefault.jpg)\"><button type=\"button\" class=\"yb-btn-play\"><span class=\"visually-hidden\">Spil<\/span><\/button><\/div><figcaption class=\"yb-caption\">Hj\u00f8rnefr\u00e6ser Ecko: Indstilling af kantstop, del 4 af 5<\/figcaption><\/figure>\n<\/div>\n<\/div>","protected":false},"excerpt":{"rendered":"<p>Hj\u00f8rnefr\u00e6ser Ecko VZ 100 90F MFK 1 til Festool MFK 700 med gennemg\u00e5ende hul i bordet, se billeder. Sp\u00f8rg efter andre kantfr\u00e6sere.<\/p>\n<ul>\n<li>For en perfekt kant: stabil, nem at h\u00e5ndtere, pr\u00e6cis, holdbar<\/li>\n<li>Meget nem installation, meget enkel og hurtig justering<\/li>\n<li>Leveringsomfang: Ecko som vist, kantfr\u00e6seren er ikke inkluderet i leveringsomfanget.<\/li>\n<li>Alternativ: Afrund hj\u00f8rnerne med trykluft, se <a href=\"https:\/\/c-hessler.de\/da\/butik\/hjorne-rund-mz-02-90f\/\">her<\/a><\/li>\n<\/ul>\n<p>N\u00e5r du har afgivet en ordre, bekr\u00e6fter vi ordren og sender dig bankoplysningerne.<\/p>\n<p>Se videoen nedenfor.<\/p>","protected":false},"featured_media":10887,"comment_status":"open","ping_status":"closed","template":"","meta":[],"product_brand":[],"product_cat":[58],"product_tag":[],"class_list":{"0":"post-10900","1":"product","2":"type-product","3":"status-publish","4":"has-post-thumbnail","6":"product_cat-handgefuehrte-maschinen","8":"first","9":"instock","10":"taxable","11":"shipping-taxable","12":"purchasable","13":"product-type-simple"},"yoast_head":"<!-- This site is optimized with the Yoast SEO Premium plugin v27.0 (Yoast SEO v27.4) - https:\/\/yoast.com\/product\/yoast-seo-premium-wordpress\/ -->\n<title>Ecken runden mit Festool-Kantenfr\u00e4se<\/title>\n<meta name=\"description\" content=\"Eine perfekte Kante braucht ein perfektes Eckenrunden. Dies gelingt mit der Festool MFK mit dem Eckenrunder-System Ecko. F\u00fcr Holz und Kunststoff.\" \/>\n<meta name=\"robots\" content=\"index, follow, max-snippet:-1, max-image-preview:large, max-video-preview:-1\" \/>\n<link rel=\"canonical\" href=\"https:\/\/c-hessler.de\/da\/butik\/hjorneafrundingssystem-ecko-vz-100-90f-mfk-1\/\" \/>\n<meta property=\"og:locale\" content=\"da_DK\" \/>\n<meta property=\"og:type\" content=\"article\" \/>\n<meta property=\"og:title\" content=\"Eckenrunder-System Ecko VZ 100 90F MFK 1\" \/>\n<meta property=\"og:description\" content=\"Eine perfekte Kante braucht ein perfektes Eckenrunden. Dies gelingt mit der Festool MFK mit dem Eckenrunder-System Ecko. F\u00fcr Holz und Kunststoff.\" \/>\n<meta property=\"og:url\" content=\"https:\/\/c-hessler.de\/da\/butik\/hjorneafrundingssystem-ecko-vz-100-90f-mfk-1\/\" \/>\n<meta property=\"og:site_name\" content=\"Dr. Christoph He\u00dfler Maschinensysteme\" \/>\n<meta property=\"article:publisher\" content=\"https:\/\/www.facebook.com\/DrChristophHesslerMaschinensysteme\/\" \/>\n<meta property=\"article:modified_time\" content=\"2025-12-10T14:10:02+00:00\" \/>\n<meta property=\"og:image\" content=\"https:\/\/c-hessler.de\/wp-content\/uploads\/2017\/12\/P1010019-freigestellt-III.png\" \/>\n\t<meta property=\"og:image:width\" content=\"2048\" \/>\n\t<meta property=\"og:image:height\" content=\"1536\" \/>\n\t<meta property=\"og:image:type\" content=\"image\/png\" \/>\n<meta name=\"twitter:label1\" content=\"Pris\" \/>\n\t<meta name=\"twitter:data1\" content=\"320,00&nbsp;&euro; ohne MwSt.\" \/>\n\t<meta name=\"twitter:label2\" content=\"Tilg\u00e6ngelighed\" \/>\n\t<meta name=\"twitter:data2\" content=\"P\u00e5 lager\" \/>\n<script type=\"application\/ld+json\" class=\"yoast-schema-graph\">{\"@context\":\"https:\\\/\\\/schema.org\",\"@graph\":[{\"@type\":\"WebPage\",\"@id\":\"https:\\\/\\\/c-hessler.de\\\/shop\\\/eckenrunder-system-ecko-vz-100-90f-mfk-1\\\/\",\"url\":\"https:\\\/\\\/c-hessler.de\\\/shop\\\/eckenrunder-system-ecko-vz-100-90f-mfk-1\\\/\",\"name\":\"Ecken runden mit Festool-Kantenfr\u00e4se\",\"isPartOf\":{\"@id\":\"https:\\\/\\\/c-hessler.de\\\/#website\"},\"primaryImageOfPage\":{\"@id\":\"https:\\\/\\\/c-hessler.de\\\/shop\\\/eckenrunder-system-ecko-vz-100-90f-mfk-1\\\/#primaryimage\"},\"image\":{\"@id\":\"https:\\\/\\\/c-hessler.de\\\/shop\\\/eckenrunder-system-ecko-vz-100-90f-mfk-1\\\/#primaryimage\"},\"thumbnailUrl\":\"https:\\\/\\\/c-hessler.de\\\/wp-content\\\/uploads\\\/2017\\\/12\\\/P1010019-freigestellt-III.png\",\"datePublished\":\"2017-12-05T23:43:22+00:00\",\"dateModified\":\"2025-12-10T14:10:02+00:00\",\"description\":\"Eine perfekte Kante braucht ein perfektes Eckenrunden. Dies gelingt mit der Festool MFK mit dem Eckenrunder-System Ecko. F\u00fcr Holz und Kunststoff.\",\"breadcrumb\":{\"@id\":\"https:\\\/\\\/c-hessler.de\\\/shop\\\/eckenrunder-system-ecko-vz-100-90f-mfk-1\\\/#breadcrumb\"},\"inLanguage\":\"da-DK\",\"potentialAction\":[{\"@type\":\"ReadAction\",\"target\":[\"https:\\\/\\\/c-hessler.de\\\/shop\\\/eckenrunder-system-ecko-vz-100-90f-mfk-1\\\/\"]}]},{\"@type\":\"ImageObject\",\"inLanguage\":\"da-DK\",\"@id\":\"https:\\\/\\\/c-hessler.de\\\/shop\\\/eckenrunder-system-ecko-vz-100-90f-mfk-1\\\/#primaryimage\",\"url\":\"https:\\\/\\\/c-hessler.de\\\/wp-content\\\/uploads\\\/2017\\\/12\\\/P1010019-freigestellt-III.png\",\"contentUrl\":\"https:\\\/\\\/c-hessler.de\\\/wp-content\\\/uploads\\\/2017\\\/12\\\/P1010019-freigestellt-III.png\",\"width\":2048,\"height\":1536,\"caption\":\"Die Komponenten des Eckenrunder-Systems Ecko\"},{\"@type\":\"BreadcrumbList\",\"@id\":\"https:\\\/\\\/c-hessler.de\\\/shop\\\/eckenrunder-system-ecko-vz-100-90f-mfk-1\\\/#breadcrumb\",\"itemListElement\":[{\"@type\":\"ListItem\",\"position\":1,\"name\":\"Produkte\",\"item\":\"https:\\\/\\\/c-hessler.de\\\/produkte\\\/\"},{\"@type\":\"ListItem\",\"position\":2,\"name\":\"Eckenrunder-System Ecko VZ 100 90F MFK 1\"}]},{\"@type\":\"WebSite\",\"@id\":\"https:\\\/\\\/c-hessler.de\\\/#website\",\"url\":\"https:\\\/\\\/c-hessler.de\\\/\",\"name\":\"www.c-hessler.de\",\"description\":\"\",\"publisher\":{\"@id\":\"https:\\\/\\\/c-hessler.de\\\/#organization\"},\"potentialAction\":[{\"@type\":\"SearchAction\",\"target\":{\"@type\":\"EntryPoint\",\"urlTemplate\":\"https:\\\/\\\/c-hessler.de\\\/?s={search_term_string}\"},\"query-input\":{\"@type\":\"PropertyValueSpecification\",\"valueRequired\":true,\"valueName\":\"search_term_string\"}}],\"inLanguage\":\"da-DK\"},{\"@type\":\"Organization\",\"@id\":\"https:\\\/\\\/c-hessler.de\\\/#organization\",\"name\":\"Dr. Christoph He\u00dfler Maschinensysteme\",\"alternateName\":\"Dr. Christoph He\u00dfler Maschinensysteme\",\"url\":\"https:\\\/\\\/c-hessler.de\\\/\",\"logo\":{\"@type\":\"ImageObject\",\"inLanguage\":\"da-DK\",\"@id\":\"https:\\\/\\\/c-hessler.de\\\/#\\\/schema\\\/logo\\\/image\\\/\",\"url\":\"https:\\\/\\\/c-hessler.de\\\/wp-content\\\/uploads\\\/2026\\\/02\\\/Draw-03-150312-110115-Ausgeschnitten-I.jpg\",\"contentUrl\":\"https:\\\/\\\/c-hessler.de\\\/wp-content\\\/uploads\\\/2026\\\/02\\\/Draw-03-150312-110115-Ausgeschnitten-I.jpg\",\"width\":445,\"height\":394,\"caption\":\"Dr. Christoph He\u00dfler Maschinensysteme\"},\"image\":{\"@id\":\"https:\\\/\\\/c-hessler.de\\\/#\\\/schema\\\/logo\\\/image\\\/\"},\"sameAs\":[\"https:\\\/\\\/www.facebook.com\\\/DrChristophHesslerMaschinensysteme\\\/\",\"https:\\\/\\\/www.pinterest.de\\\/hesstools\\\/\",\"https:\\\/\\\/www.youtube.com\\\/channel\\\/UCaNnXDGGF_BiYFQZ2kJgi-A?view_as=subscriber\"],\"description\":\"1. Ecken- und Kantenfr\u00e4sen f\u00fcr Tischler und Schreiner, Sonderanfertigungen 2. Auch f\u00fcr die Nachbearbeitung von Eck-Schwei\u00dfn\u00e4hten bei Aluminium-Werkstoffen, f\u00fcr Fahrzeugbauer oder Metallbauer aller Art\",\"email\":\"christoph.hessler@c-hessler.de\",\"telephone\":\"0527413012080\",\"legalName\":\"Dr. Christoph He\u00dfler Maschinensysteme\",\"foundingDate\":\"2003-06-05\",\"vatID\":\"DE230070107\",\"numberOfEmployees\":{\"@type\":\"QuantitativeValue\",\"minValue\":\"1\",\"maxValue\":\"10\"}}]}<\/script>\n<meta property=\"product:price:amount\" content=\"320.00\" \/>\n<meta property=\"product:price:currency\" content=\"EUR\" \/>\n<meta property=\"og:availability\" content=\"instock\" \/>\n<meta property=\"product:availability\" content=\"instock\" \/>\n<meta property=\"product:retailer_item_id\" content=\"eckenrunder-system-ecko-vz-100-90f-mfk-1\" \/>\n<meta property=\"product:condition\" content=\"new\" \/>\n<!-- \/ Yoast SEO Premium plugin. -->","yoast_head_json":{"title":"Afrunding af hj\u00f8rner med Festool kantfr\u00e6ser","description":"En perfekt kant kr\u00e6ver perfekt hj\u00f8rneafrunding. Dette opn\u00e5s med Festool MFK med hj\u00f8rneafrundingssystemet Ecko. Til tr\u00e6 og plast.","robots":{"index":"index","follow":"follow","max-snippet":"max-snippet:-1","max-image-preview":"max-image-preview:large","max-video-preview":"max-video-preview:-1"},"canonical":"https:\/\/c-hessler.de\/da\/butik\/hjorneafrundingssystem-ecko-vz-100-90f-mfk-1\/","og_locale":"da_DK","og_type":"article","og_title":"Eckenrunder-System Ecko VZ 100 90F MFK 1","og_description":"Eine perfekte Kante braucht ein perfektes Eckenrunden. Dies gelingt mit der Festool MFK mit dem Eckenrunder-System Ecko. F\u00fcr Holz und Kunststoff.","og_url":"https:\/\/c-hessler.de\/da\/butik\/hjorneafrundingssystem-ecko-vz-100-90f-mfk-1\/","og_site_name":"Dr. Christoph He\u00dfler Maschinensysteme","article_publisher":"https:\/\/www.facebook.com\/DrChristophHesslerMaschinensysteme\/","article_modified_time":"2025-12-10T14:10:02+00:00","og_image":[{"width":2048,"height":1536,"url":"https:\/\/c-hessler.de\/wp-content\/uploads\/2017\/12\/P1010019-freigestellt-III.png","type":"image\/png"}],"twitter_misc":{"Pris":"320,00&nbsp;&euro; ohne MwSt.","Tilg\u00e6ngelighed":"P\u00e5 lager"},"schema":{"@context":"https:\/\/schema.org","@graph":[{"@type":"WebPage","@id":"https:\/\/c-hessler.de\/shop\/eckenrunder-system-ecko-vz-100-90f-mfk-1\/","url":"https:\/\/c-hessler.de\/shop\/eckenrunder-system-ecko-vz-100-90f-mfk-1\/","name":"Afrunding af hj\u00f8rner med Festool kantfr\u00e6ser","isPartOf":{"@id":"https:\/\/c-hessler.de\/#website"},"primaryImageOfPage":{"@id":"https:\/\/c-hessler.de\/shop\/eckenrunder-system-ecko-vz-100-90f-mfk-1\/#primaryimage"},"image":{"@id":"https:\/\/c-hessler.de\/shop\/eckenrunder-system-ecko-vz-100-90f-mfk-1\/#primaryimage"},"thumbnailUrl":"https:\/\/c-hessler.de\/wp-content\/uploads\/2017\/12\/P1010019-freigestellt-III.png","datePublished":"2017-12-05T23:43:22+00:00","dateModified":"2025-12-10T14:10:02+00:00","description":"En perfekt kant kr\u00e6ver perfekt hj\u00f8rneafrunding. Dette opn\u00e5s med Festool MFK med hj\u00f8rneafrundingssystemet Ecko. Til tr\u00e6 og plast.","breadcrumb":{"@id":"https:\/\/c-hessler.de\/shop\/eckenrunder-system-ecko-vz-100-90f-mfk-1\/#breadcrumb"},"inLanguage":"da-DK","potentialAction":[{"@type":"ReadAction","target":["https:\/\/c-hessler.de\/shop\/eckenrunder-system-ecko-vz-100-90f-mfk-1\/"]}]},{"@type":"ImageObject","inLanguage":"da-DK","@id":"https:\/\/c-hessler.de\/shop\/eckenrunder-system-ecko-vz-100-90f-mfk-1\/#primaryimage","url":"https:\/\/c-hessler.de\/wp-content\/uploads\/2017\/12\/P1010019-freigestellt-III.png","contentUrl":"https:\/\/c-hessler.de\/wp-content\/uploads\/2017\/12\/P1010019-freigestellt-III.png","width":2048,"height":1536,"caption":"Die Komponenten des Eckenrunder-Systems Ecko"},{"@type":"BreadcrumbList","@id":"https:\/\/c-hessler.de\/shop\/eckenrunder-system-ecko-vz-100-90f-mfk-1\/#breadcrumb","itemListElement":[{"@type":"ListItem","position":1,"name":"Produkte","item":"https:\/\/c-hessler.de\/produkte\/"},{"@type":"ListItem","position":2,"name":"Eckenrunder-System Ecko VZ 100 90F MFK 1"}]},{"@type":"WebSite","@id":"https:\/\/c-hessler.de\/#website","url":"https:\/\/c-hessler.de\/","name":"www.c-hessler.de","description":"","publisher":{"@id":"https:\/\/c-hessler.de\/#organization"},"potentialAction":[{"@type":"SearchAction","target":{"@type":"EntryPoint","urlTemplate":"https:\/\/c-hessler.de\/?s={search_term_string}"},"query-input":{"@type":"PropertyValueSpecification","valueRequired":true,"valueName":"search_term_string"}}],"inLanguage":"da-DK"},{"@type":"Organization","@id":"https:\/\/c-hessler.de\/#organization","name":"Dr. Christoph He\u00dfler Maskinsystemer","alternateName":"Dr. Christoph He\u00dfler Maschinensysteme","url":"https:\/\/c-hessler.de\/","logo":{"@type":"ImageObject","inLanguage":"da-DK","@id":"https:\/\/c-hessler.de\/#\/schema\/logo\/image\/","url":"https:\/\/c-hessler.de\/wp-content\/uploads\/2026\/02\/Draw-03-150312-110115-Ausgeschnitten-I.jpg","contentUrl":"https:\/\/c-hessler.de\/wp-content\/uploads\/2026\/02\/Draw-03-150312-110115-Ausgeschnitten-I.jpg","width":445,"height":394,"caption":"Dr. Christoph He\u00dfler Maschinensysteme"},"image":{"@id":"https:\/\/c-hessler.de\/#\/schema\/logo\/image\/"},"sameAs":["https:\/\/www.facebook.com\/DrChristophHesslerMaschinensysteme\/","https:\/\/www.pinterest.de\/hesstools\/","https:\/\/www.youtube.com\/channel\/UCaNnXDGGF_BiYFQZ2kJgi-A?view_as=subscriber"],"description":"1. Ecken- und Kantenfr\u00e4sen f\u00fcr Tischler und Schreiner, Sonderanfertigungen 2. Auch f\u00fcr die Nachbearbeitung von Eck-Schwei\u00dfn\u00e4hten bei Aluminium-Werkstoffen, f\u00fcr Fahrzeugbauer oder Metallbauer aller Art","email":"christoph.hessler@c-hessler.de","telephone":"0527413012080","legalName":"Dr. Christoph He\u00dfler Maschinensysteme","foundingDate":"2003-06-05","vatID":"DE230070107","numberOfEmployees":{"@type":"QuantitativeValue","minValue":"1","maxValue":"10"}}]},"product_price_amount":"320.00","product_price_currency":"EUR","og_availability":"instock","product_availability":"instock","product_retailer_item_id":"eckenrunder-system-ecko-vz-100-90f-mfk-1","product_condition":"new"},"_links":{"self":[{"href":"https:\/\/c-hessler.de\/da\/wp-json\/wp\/v2\/product\/10900","targetHints":{"allow":["GET"]}}],"collection":[{"href":"https:\/\/c-hessler.de\/da\/wp-json\/wp\/v2\/product"}],"about":[{"href":"https:\/\/c-hessler.de\/da\/wp-json\/wp\/v2\/types\/product"}],"replies":[{"embeddable":true,"href":"https:\/\/c-hessler.de\/da\/wp-json\/wp\/v2\/comments?post=10900"}],"wp:featuredmedia":[{"embeddable":true,"href":"https:\/\/c-hessler.de\/da\/wp-json\/wp\/v2\/media\/10887"}],"wp:attachment":[{"href":"https:\/\/c-hessler.de\/da\/wp-json\/wp\/v2\/media?parent=10900"}],"wp:term":[{"taxonomy":"product_brand","embeddable":true,"href":"https:\/\/c-hessler.de\/da\/wp-json\/wp\/v2\/product_brand?post=10900"},{"taxonomy":"product_cat","embeddable":true,"href":"https:\/\/c-hessler.de\/da\/wp-json\/wp\/v2\/product_cat?post=10900"},{"taxonomy":"product_tag","embeddable":true,"href":"https:\/\/c-hessler.de\/da\/wp-json\/wp\/v2\/product_tag?post=10900"}],"curies":[{"name":"wp","href":"https:\/\/api.w.org\/{rel}","templated":true}]}}