{"id":205595,"date":"2018-12-19T09:04:35","date_gmt":"2018-12-19T08:04:35","guid":{"rendered":"https:\/\/c-hessler.de\/?post_type=product&#038;p=205595"},"modified":"2025-12-10T18:46:29","modified_gmt":"2025-12-10T17:46:29","slug":"mafell-fraesmotor-fm-1000","status":"publish","type":"product","link":"https:\/\/c-hessler.de\/da\/shop\/mafell-fraesmotor-fm-1000\/","title":{"rendered":"Motor til CNC-fr\u00e6sere og fr\u00e6seborde Mafell FM 1000"},"content":{"rendered":"<div style=\"height:30px\" aria-hidden=\"true\" class=\"wp-block-spacer\"><\/div>\n\n\n\n<div class=\"wp-block-columns is-layout-flex wp-container-core-columns-is-layout-28f84493 wp-block-columns-is-layout-flex\">\n<div class=\"wp-block-column is-layout-flow wp-block-column-is-layout-flow\">\n<figure class=\"wp-block-image size-full\"><img fetchpriority=\"high\" decoding=\"async\" width=\"511\" height=\"390\" src=\"https:\/\/c-hessler.de\/wp-content\/uploads\/2018\/12\/detailbild_04.jpg\" alt=\"Spindell\u00e5s\" class=\"wp-image-205607\" srcset=\"https:\/\/c-hessler.de\/wp-content\/uploads\/2018\/12\/detailbild_04.jpg 511w, https:\/\/c-hessler.de\/wp-content\/uploads\/2018\/12\/detailbild_04-150x114.jpg 150w, https:\/\/c-hessler.de\/wp-content\/uploads\/2018\/12\/detailbild_04-300x229.jpg 300w, https:\/\/c-hessler.de\/wp-content\/uploads\/2018\/12\/detailbild_04-510x389.jpg 510w\" sizes=\"(max-width: 511px) 100vw, 511px\" \/><figcaption class=\"wp-element-caption\">Man trykker p\u00e5 spindell\u00e5sen for at skifte v\u00e6rkt\u00f8j. S\u00e5 skal du kun bruge 1 n\u00f8gle til sp\u00e6ndem\u00f8trikken<br><\/figcaption><\/figure>\n<\/div>\n\n\n\n<div class=\"wp-block-column is-layout-flow wp-block-column-is-layout-flow\">\n<figure class=\"wp-block-image size-full\"><img decoding=\"async\" width=\"511\" height=\"390\" src=\"https:\/\/c-hessler.de\/wp-content\/uploads\/2018\/12\/detailbild_03.jpg\" alt=\"Lejer er sikret med slagbeskyttelse\" class=\"wp-image-205606\" srcset=\"https:\/\/c-hessler.de\/wp-content\/uploads\/2018\/12\/detailbild_03.jpg 511w, https:\/\/c-hessler.de\/wp-content\/uploads\/2018\/12\/detailbild_03-150x114.jpg 150w, https:\/\/c-hessler.de\/wp-content\/uploads\/2018\/12\/detailbild_03-300x229.jpg 300w, https:\/\/c-hessler.de\/wp-content\/uploads\/2018\/12\/detailbild_03-510x389.jpg 510w\" sizes=\"(max-width: 511px) 100vw, 511px\" \/><figcaption class=\"wp-element-caption\">N\u00e5r sp\u00e5nerne flyver, skal maskinen v\u00e6re sikkert beskyttet. FM 1000 har en roterende slagsk\u00e6rm (s\u00f8lv) til dette form\u00e5l. Den holder sp\u00e5nerne v\u00e6k fra drivspindelens lejer.<br><\/figcaption><\/figure>\n<\/div>\n<\/div>\n\n\n\n<div class=\"wp-block-columns is-layout-flex wp-container-core-columns-is-layout-28f84493 wp-block-columns-is-layout-flex\">\n<div class=\"wp-block-column is-layout-flow wp-block-column-is-layout-flow\">\n<figure class=\"wp-block-image size-full\"><img decoding=\"async\" width=\"511\" height=\"390\" src=\"https:\/\/c-hessler.de\/wp-content\/uploads\/2018\/12\/detailbild_02.jpg\" alt=\"Euroneck 43 mm\" class=\"wp-image-205605\" srcset=\"https:\/\/c-hessler.de\/wp-content\/uploads\/2018\/12\/detailbild_02.jpg 511w, https:\/\/c-hessler.de\/wp-content\/uploads\/2018\/12\/detailbild_02-150x114.jpg 150w, https:\/\/c-hessler.de\/wp-content\/uploads\/2018\/12\/detailbild_02-300x229.jpg 300w, https:\/\/c-hessler.de\/wp-content\/uploads\/2018\/12\/detailbild_02-510x389.jpg 510w\" sizes=\"(max-width: 511px) 100vw, 511px\" \/><figcaption class=\"wp-element-caption\">Sp\u00e6nde- og lejeflangen er lavet af st\u00e5l. Den absorberer st\u00f8d fra bearbejdningen p\u00e5 en sikker m\u00e5de. Med en diameter p\u00e5 43 mm passer den i standardholdere.<br><\/figcaption><\/figure>\n<\/div>\n\n\n\n<div class=\"wp-block-column is-layout-flow wp-block-column-is-layout-flow\">\n<figure class=\"wp-block-image size-full\"><img loading=\"lazy\" decoding=\"async\" width=\"511\" height=\"390\" src=\"https:\/\/c-hessler.de\/wp-content\/uploads\/2018\/12\/detailbild_01.jpg\" alt=\"Med justerbar og kontrollerbar hastighed\" class=\"wp-image-205604\" srcset=\"https:\/\/c-hessler.de\/wp-content\/uploads\/2018\/12\/detailbild_01.jpg 511w, https:\/\/c-hessler.de\/wp-content\/uploads\/2018\/12\/detailbild_01-150x114.jpg 150w, https:\/\/c-hessler.de\/wp-content\/uploads\/2018\/12\/detailbild_01-300x229.jpg 300w, https:\/\/c-hessler.de\/wp-content\/uploads\/2018\/12\/detailbild_01-510x389.jpg 510w\" sizes=\"(max-width: 511px) 100vw, 511px\" \/><figcaption class=\"wp-element-caption\">Hastigheden kan forudindstilles fra 4.000 o\/min til 25.000 o\/min. Elektronikken sikrer, at hastigheden opretholdes. Sikker og ren fr\u00e6sning fra akryl til sp\u00e5nplade.<br><\/figcaption><\/figure>\n<\/div>\n<\/div>\n\n\n\n<div class=\"wp-block-columns is-layout-flex wp-container-core-columns-is-layout-28f84493 wp-block-columns-is-layout-flex\">\n<div class=\"wp-block-column is-layout-flow wp-block-column-is-layout-flow\">\n<figure class=\"wp-block-image size-full\"><img loading=\"lazy\" decoding=\"async\" width=\"1417\" height=\"1417\" src=\"https:\/\/c-hessler.de\/wp-content\/uploads\/2018\/12\/093732_spannzange.jpg\" alt=\"8 mm-sp\u00e6ndetangen holder fr\u00e6seren.\" class=\"wp-image-205603\" srcset=\"https:\/\/c-hessler.de\/wp-content\/uploads\/2018\/12\/093732_spannzange.jpg 1417w, https:\/\/c-hessler.de\/wp-content\/uploads\/2018\/12\/093732_spannzange-400x400.jpg 400w, https:\/\/c-hessler.de\/wp-content\/uploads\/2018\/12\/093732_spannzange-100x100.jpg 100w, https:\/\/c-hessler.de\/wp-content\/uploads\/2018\/12\/093732_spannzange-800x800.jpg 800w, https:\/\/c-hessler.de\/wp-content\/uploads\/2018\/12\/093732_spannzange-150x150.jpg 150w, https:\/\/c-hessler.de\/wp-content\/uploads\/2018\/12\/093732_spannzange-300x300.jpg 300w, https:\/\/c-hessler.de\/wp-content\/uploads\/2018\/12\/093732_spannzange-768x768.jpg 768w, https:\/\/c-hessler.de\/wp-content\/uploads\/2018\/12\/093732_spannzange-1024x1024.jpg 1024w, https:\/\/c-hessler.de\/wp-content\/uploads\/2018\/12\/093732_spannzange-1080x1080.jpg 1080w\" sizes=\"(max-width: 1417px) 100vw, 1417px\" \/><figcaption class=\"wp-element-caption\">Sp\u00e6ndetangen holder fr\u00e6seren og s\u00e6ttes ind i drivspindelens konus. FM 1000-fr\u00e6semotoren leveres med en sp\u00e6ndetang til 8 mm skaft. Andre sp\u00e6ndet\u00e6nger p\u00e5 foresp\u00f8rgsel. Den maksimale skaftdiameter, der kan fastsp\u00e6ndes, er 10 mm.<br><\/figcaption><\/figure>\n<\/div>\n\n\n\n<div class=\"wp-block-column is-layout-flow wp-block-column-is-layout-flow\">\n<figure class=\"wp-block-image size-full\"><img loading=\"lazy\" decoding=\"async\" width=\"1417\" height=\"1417\" src=\"https:\/\/c-hessler.de\/wp-content\/uploads\/2018\/12\/093729_ueberwurfmutter.jpg\" alt=\"Sekskant p\u00e5 oml\u00f8ber\" class=\"wp-image-205602\" srcset=\"https:\/\/c-hessler.de\/wp-content\/uploads\/2018\/12\/093729_ueberwurfmutter.jpg 1417w, https:\/\/c-hessler.de\/wp-content\/uploads\/2018\/12\/093729_ueberwurfmutter-400x400.jpg 400w, https:\/\/c-hessler.de\/wp-content\/uploads\/2018\/12\/093729_ueberwurfmutter-100x100.jpg 100w, https:\/\/c-hessler.de\/wp-content\/uploads\/2018\/12\/093729_ueberwurfmutter-800x800.jpg 800w, https:\/\/c-hessler.de\/wp-content\/uploads\/2018\/12\/093729_ueberwurfmutter-150x150.jpg 150w, https:\/\/c-hessler.de\/wp-content\/uploads\/2018\/12\/093729_ueberwurfmutter-300x300.jpg 300w, https:\/\/c-hessler.de\/wp-content\/uploads\/2018\/12\/093729_ueberwurfmutter-768x768.jpg 768w, https:\/\/c-hessler.de\/wp-content\/uploads\/2018\/12\/093729_ueberwurfmutter-1024x1024.jpg 1024w, https:\/\/c-hessler.de\/wp-content\/uploads\/2018\/12\/093729_ueberwurfmutter-1080x1080.jpg 1080w\" sizes=\"(max-width: 1417px) 100vw, 1417px\" \/><figcaption class=\"wp-element-caption\">Oml\u00f8berm\u00f8trikken presser sp\u00e6ndetangen ind i drivspindelens konus. Den sp\u00e6ndes med en n\u00f8gle, der f\u00f8lger med maskinen. Spindell\u00e5sen trykkes ind p\u00e5 samme tid.<br><\/figcaption><\/figure>\n<\/div>\n<\/div>\n\n\n\n<div style=\"height:30px\" aria-hidden=\"true\" class=\"wp-block-spacer\"><\/div>","protected":false},"excerpt":{"rendered":"<p>Her kommer videreudviklingen af den gennempr\u00f8vede motor fra Mafell til CNC-fr\u00e6sning og til fr\u00e6seborde<\/p>\n<ul>\n<li>Med 1000 watt = 1 kW<\/li>\n<li>H\u00f8j koncentriskitet: <strong>Mindre 0,01 mm<\/strong> i fastsp\u00e6ndingskeglen<\/li>\n<li>Justerbar hastighed: Nominel tomgangshastighed 4.000 - 25.000 o\/min.<\/li>\n<li><strong>Behageligt stille, s\u00e6rligt behageligt under kontinuerlig drift: lydtryksniveau dB (A) maks. 75<\/strong><\/li>\n<li>Alle tilslutningsdimensioner som for forg\u00e6ngermodellen: Dimensioner (BxHxL) 73 mm x 254 mm x 79 mm, sp\u00e6ndehals 43 mm<\/li>\n<li>Inklusive 8 mm sp\u00e6ndetang og<strong> 4 meter kabel<\/strong>. Sp\u00e6ndetang <strong>max. for aksel 10 mm<\/strong> tilg\u00e6ngelig som ekstraudstyr.<\/li>\n<li>V\u00e6gt 1,65 kg<\/li>\n<\/ul>\n<p>MAFELLs fr\u00e6semotorer fremstilles under den strengeste kvalitetskontrol i Oberndorf am Neckar i Tyskland. F\u00f8r levering bliver hver enkelt fr\u00e6semotor \"k\u00f8rt ind\" under laboratorieforhold. Det \u00f8ger levetiden og holdbarheden.<\/p>","protected":false},"featured_media":205601,"comment_status":"open","ping_status":"closed","template":"","meta":[],"product_brand":[],"product_cat":[94],"product_tag":[46,95,97,96,38],"class_list":{"0":"post-205595","1":"product","2":"type-product","3":"status-publish","4":"has-post-thumbnail","6":"product_cat-motoren-und-antriebe","7":"product_tag-elektrischer-antrieb","8":"product_tag-elektromotor","9":"product_tag-fm-1000","10":"product_tag-fraesmotor","11":"product_tag-handgefuehrt","13":"first","14":"onbackorder","15":"sold-individually","16":"taxable","17":"shipping-taxable","18":"purchasable","19":"product-type-simple"},"yoast_head":"<!-- This site is optimized with the Yoast SEO Premium plugin v27.0 (Yoast SEO v27.3) - https:\/\/yoast.com\/product\/yoast-seo-premium-wordpress\/ -->\n<title>Motor f\u00fcr CNC-Fr\u00e4sen und Fr\u00e4stische Mafell FM 1000 - Dr. Christoph He\u00dfler Maschinensysteme<\/title>\n<meta name=\"description\" content=\"Der neue Fr\u00e4smotor von Mafell f\u00fcr CNC-Fr\u00e4sen und Fr\u00e4stische im Modellbau, Formenbau, Werbetechnik, Gravur, Schmuck, Elektronik, Steinmetzarbeiten\" \/>\n<meta name=\"robots\" content=\"index, follow, max-snippet:-1, max-image-preview:large, max-video-preview:-1\" \/>\n<link rel=\"canonical\" href=\"https:\/\/c-hessler.de\/da\/butik\/mafell-fraesmotor-fm-1000\/\" \/>\n<meta property=\"og:locale\" content=\"da_DK\" \/>\n<meta property=\"og:type\" content=\"article\" \/>\n<meta property=\"og:title\" content=\"Motor f\u00fcr CNC-Fr\u00e4sen und Fr\u00e4stische Mafell FM 1000\" \/>\n<meta property=\"og:description\" content=\"Der neue Fr\u00e4smotor von Mafell f\u00fcr CNC-Fr\u00e4sen und Fr\u00e4stische im Modellbau, Formenbau, Werbetechnik, Gravur, Schmuck, Elektronik, Steinmetzarbeiten\" \/>\n<meta property=\"og:url\" content=\"https:\/\/c-hessler.de\/da\/butik\/mafell-fraesmotor-fm-1000\/\" \/>\n<meta property=\"og:site_name\" content=\"Dr. Christoph He\u00dfler Maschinensysteme\" \/>\n<meta property=\"article:publisher\" content=\"https:\/\/www.facebook.com\/DrChristophHesslerMaschinensysteme\/\" \/>\n<meta property=\"article:modified_time\" content=\"2025-12-10T17:46:29+00:00\" \/>\n<meta property=\"og:image\" content=\"https:\/\/c-hessler.de\/wp-content\/uploads\/2018\/12\/fm_800_1000_frei-e1545382484196-scaled.jpg\" \/>\n\t<meta property=\"og:image:width\" content=\"2560\" \/>\n\t<meta property=\"og:image:height\" content=\"1903\" \/>\n\t<meta property=\"og:image:type\" content=\"image\/jpeg\" \/>\n<meta name=\"twitter:label1\" content=\"Pris\" \/>\n\t<meta name=\"twitter:data1\" content=\"273,00&nbsp;&euro; ohne MwSt.\" \/>\n\t<meta name=\"twitter:label2\" content=\"Tilg\u00e6ngelighed\" \/>\n\t<meta name=\"twitter:data2\" content=\"I restordre\" \/>\n<script type=\"application\/ld+json\" class=\"yoast-schema-graph\">{\"@context\":\"https:\\\/\\\/schema.org\",\"@graph\":[{\"@type\":\"WebPage\",\"@id\":\"https:\\\/\\\/c-hessler.de\\\/shop\\\/mafell-fraesmotor-fm-1000\\\/\",\"url\":\"https:\\\/\\\/c-hessler.de\\\/shop\\\/mafell-fraesmotor-fm-1000\\\/\",\"name\":\"Motor f\u00fcr CNC-Fr\u00e4sen und Fr\u00e4stische Mafell FM 1000 - Dr. Christoph He\u00dfler Maschinensysteme\",\"isPartOf\":{\"@id\":\"https:\\\/\\\/c-hessler.de\\\/#website\"},\"primaryImageOfPage\":{\"@id\":\"https:\\\/\\\/c-hessler.de\\\/shop\\\/mafell-fraesmotor-fm-1000\\\/#primaryimage\"},\"image\":{\"@id\":\"https:\\\/\\\/c-hessler.de\\\/shop\\\/mafell-fraesmotor-fm-1000\\\/#primaryimage\"},\"thumbnailUrl\":\"https:\\\/\\\/c-hessler.de\\\/wp-content\\\/uploads\\\/2018\\\/12\\\/fm_800_1000_frei-e1545382484196-scaled.jpg\",\"datePublished\":\"2018-12-19T08:04:35+00:00\",\"dateModified\":\"2025-12-10T17:46:29+00:00\",\"description\":\"Der neue Fr\u00e4smotor von Mafell f\u00fcr CNC-Fr\u00e4sen und Fr\u00e4stische im Modellbau, Formenbau, Werbetechnik, Gravur, Schmuck, Elektronik, Steinmetzarbeiten\",\"breadcrumb\":{\"@id\":\"https:\\\/\\\/c-hessler.de\\\/shop\\\/mafell-fraesmotor-fm-1000\\\/#breadcrumb\"},\"inLanguage\":\"da-DK\",\"potentialAction\":[{\"@type\":\"ReadAction\",\"target\":[\"https:\\\/\\\/c-hessler.de\\\/shop\\\/mafell-fraesmotor-fm-1000\\\/\"]}]},{\"@type\":\"ImageObject\",\"inLanguage\":\"da-DK\",\"@id\":\"https:\\\/\\\/c-hessler.de\\\/shop\\\/mafell-fraesmotor-fm-1000\\\/#primaryimage\",\"url\":\"https:\\\/\\\/c-hessler.de\\\/wp-content\\\/uploads\\\/2018\\\/12\\\/fm_800_1000_frei-e1545382484196-scaled.jpg\",\"contentUrl\":\"https:\\\/\\\/c-hessler.de\\\/wp-content\\\/uploads\\\/2018\\\/12\\\/fm_800_1000_frei-e1545382484196-scaled.jpg\",\"width\":2560,\"height\":1903,\"caption\":\"Fr\u00e4smotor Mafell FM 1000\"},{\"@type\":\"BreadcrumbList\",\"@id\":\"https:\\\/\\\/c-hessler.de\\\/shop\\\/mafell-fraesmotor-fm-1000\\\/#breadcrumb\",\"itemListElement\":[{\"@type\":\"ListItem\",\"position\":1,\"name\":\"Produkte\",\"item\":\"https:\\\/\\\/c-hessler.de\\\/produkte\\\/\"},{\"@type\":\"ListItem\",\"position\":2,\"name\":\"Motor f\u00fcr CNC-Fr\u00e4sen und Fr\u00e4stische Mafell FM 1000\"}]},{\"@type\":\"WebSite\",\"@id\":\"https:\\\/\\\/c-hessler.de\\\/#website\",\"url\":\"https:\\\/\\\/c-hessler.de\\\/\",\"name\":\"www.c-hessler.de\",\"description\":\"\",\"publisher\":{\"@id\":\"https:\\\/\\\/c-hessler.de\\\/#organization\"},\"potentialAction\":[{\"@type\":\"SearchAction\",\"target\":{\"@type\":\"EntryPoint\",\"urlTemplate\":\"https:\\\/\\\/c-hessler.de\\\/?s={search_term_string}\"},\"query-input\":{\"@type\":\"PropertyValueSpecification\",\"valueRequired\":true,\"valueName\":\"search_term_string\"}}],\"inLanguage\":\"da-DK\"},{\"@type\":\"Organization\",\"@id\":\"https:\\\/\\\/c-hessler.de\\\/#organization\",\"name\":\"Dr. Christoph He\u00dfler Maschinensysteme\",\"alternateName\":\"Dr. Christoph He\u00dfler Maschinensysteme\",\"url\":\"https:\\\/\\\/c-hessler.de\\\/\",\"logo\":{\"@type\":\"ImageObject\",\"inLanguage\":\"da-DK\",\"@id\":\"https:\\\/\\\/c-hessler.de\\\/#\\\/schema\\\/logo\\\/image\\\/\",\"url\":\"https:\\\/\\\/c-hessler.de\\\/wp-content\\\/uploads\\\/2026\\\/02\\\/Draw-03-150312-110115-Ausgeschnitten-I.jpg\",\"contentUrl\":\"https:\\\/\\\/c-hessler.de\\\/wp-content\\\/uploads\\\/2026\\\/02\\\/Draw-03-150312-110115-Ausgeschnitten-I.jpg\",\"width\":445,\"height\":394,\"caption\":\"Dr. Christoph He\u00dfler Maschinensysteme\"},\"image\":{\"@id\":\"https:\\\/\\\/c-hessler.de\\\/#\\\/schema\\\/logo\\\/image\\\/\"},\"sameAs\":[\"https:\\\/\\\/www.facebook.com\\\/DrChristophHesslerMaschinensysteme\\\/\",\"https:\\\/\\\/www.pinterest.de\\\/hesstools\\\/\",\"https:\\\/\\\/www.youtube.com\\\/channel\\\/UCaNnXDGGF_BiYFQZ2kJgi-A?view_as=subscriber\"],\"description\":\"1. Ecken- und Kantenfr\u00e4sen f\u00fcr Tischler und Schreiner, Sonderanfertigungen 2. Auch f\u00fcr die Nachbearbeitung von Eck-Schwei\u00dfn\u00e4hten bei Aluminium-Werkstoffen, f\u00fcr Fahrzeugbauer oder Metallbauer aller Art\",\"email\":\"christoph.hessler@c-hessler.de\",\"telephone\":\"0527413012080\",\"legalName\":\"Dr. Christoph He\u00dfler Maschinensysteme\",\"foundingDate\":\"2003-06-05\",\"vatID\":\"DE230070107\",\"numberOfEmployees\":{\"@type\":\"QuantitativeValue\",\"minValue\":\"1\",\"maxValue\":\"10\"}}]}<\/script>\n<meta property=\"product:price:amount\" content=\"273.00\" \/>\n<meta property=\"product:price:currency\" content=\"EUR\" \/>\n<meta property=\"og:availability\" content=\"backorder\" \/>\n<meta property=\"product:availability\" content=\"available for order\" \/>\n<meta property=\"product:retailer_item_id\" content=\"mafell-fraesmotor-fm-1000\" \/>\n<meta property=\"product:condition\" content=\"new\" \/>\n<!-- \/ Yoast SEO Premium plugin. -->","yoast_head_json":{"title":"Motor til CNC-fr\u00e6sere og fr\u00e6seborde Mafell FM 1000 - Dr. Christoph He\u00dfler Maschinensysteme","description":"Den nye fr\u00e6semotor fra Mafell til CNC-fr\u00e6sere og fr\u00e6seborde inden for modelbygning, formfremstilling, reklameteknologi, gravering, smykker, elektronik og stenhuggeri.","robots":{"index":"index","follow":"follow","max-snippet":"max-snippet:-1","max-image-preview":"max-image-preview:large","max-video-preview":"max-video-preview:-1"},"canonical":"https:\/\/c-hessler.de\/da\/butik\/mafell-fraesmotor-fm-1000\/","og_locale":"da_DK","og_type":"article","og_title":"Motor f\u00fcr CNC-Fr\u00e4sen und Fr\u00e4stische Mafell FM 1000","og_description":"Der neue Fr\u00e4smotor von Mafell f\u00fcr CNC-Fr\u00e4sen und Fr\u00e4stische im Modellbau, Formenbau, Werbetechnik, Gravur, Schmuck, Elektronik, Steinmetzarbeiten","og_url":"https:\/\/c-hessler.de\/da\/butik\/mafell-fraesmotor-fm-1000\/","og_site_name":"Dr. Christoph He\u00dfler Maschinensysteme","article_publisher":"https:\/\/www.facebook.com\/DrChristophHesslerMaschinensysteme\/","article_modified_time":"2025-12-10T17:46:29+00:00","og_image":[{"width":2560,"height":1903,"url":"https:\/\/c-hessler.de\/wp-content\/uploads\/2018\/12\/fm_800_1000_frei-e1545382484196-scaled.jpg","type":"image\/jpeg"}],"twitter_misc":{"Pris":"273,00&nbsp;&euro; ohne MwSt.","Tilg\u00e6ngelighed":"I restordre"},"schema":{"@context":"https:\/\/schema.org","@graph":[{"@type":"WebPage","@id":"https:\/\/c-hessler.de\/shop\/mafell-fraesmotor-fm-1000\/","url":"https:\/\/c-hessler.de\/shop\/mafell-fraesmotor-fm-1000\/","name":"Motor til CNC-fr\u00e6sere og fr\u00e6seborde Mafell FM 1000 - Dr. Christoph He\u00dfler Maschinensysteme","isPartOf":{"@id":"https:\/\/c-hessler.de\/#website"},"primaryImageOfPage":{"@id":"https:\/\/c-hessler.de\/shop\/mafell-fraesmotor-fm-1000\/#primaryimage"},"image":{"@id":"https:\/\/c-hessler.de\/shop\/mafell-fraesmotor-fm-1000\/#primaryimage"},"thumbnailUrl":"https:\/\/c-hessler.de\/wp-content\/uploads\/2018\/12\/fm_800_1000_frei-e1545382484196-scaled.jpg","datePublished":"2018-12-19T08:04:35+00:00","dateModified":"2025-12-10T17:46:29+00:00","description":"Den nye fr\u00e6semotor fra Mafell til CNC-fr\u00e6sere og fr\u00e6seborde inden for modelbygning, formfremstilling, reklameteknologi, gravering, smykker, elektronik og stenhuggeri.","breadcrumb":{"@id":"https:\/\/c-hessler.de\/shop\/mafell-fraesmotor-fm-1000\/#breadcrumb"},"inLanguage":"da-DK","potentialAction":[{"@type":"ReadAction","target":["https:\/\/c-hessler.de\/shop\/mafell-fraesmotor-fm-1000\/"]}]},{"@type":"ImageObject","inLanguage":"da-DK","@id":"https:\/\/c-hessler.de\/shop\/mafell-fraesmotor-fm-1000\/#primaryimage","url":"https:\/\/c-hessler.de\/wp-content\/uploads\/2018\/12\/fm_800_1000_frei-e1545382484196-scaled.jpg","contentUrl":"https:\/\/c-hessler.de\/wp-content\/uploads\/2018\/12\/fm_800_1000_frei-e1545382484196-scaled.jpg","width":2560,"height":1903,"caption":"Fr\u00e4smotor Mafell FM 1000"},{"@type":"BreadcrumbList","@id":"https:\/\/c-hessler.de\/shop\/mafell-fraesmotor-fm-1000\/#breadcrumb","itemListElement":[{"@type":"ListItem","position":1,"name":"Produkte","item":"https:\/\/c-hessler.de\/produkte\/"},{"@type":"ListItem","position":2,"name":"Motor f\u00fcr CNC-Fr\u00e4sen und Fr\u00e4stische Mafell FM 1000"}]},{"@type":"WebSite","@id":"https:\/\/c-hessler.de\/#website","url":"https:\/\/c-hessler.de\/","name":"www.c-hessler.de","description":"","publisher":{"@id":"https:\/\/c-hessler.de\/#organization"},"potentialAction":[{"@type":"SearchAction","target":{"@type":"EntryPoint","urlTemplate":"https:\/\/c-hessler.de\/?s={search_term_string}"},"query-input":{"@type":"PropertyValueSpecification","valueRequired":true,"valueName":"search_term_string"}}],"inLanguage":"da-DK"},{"@type":"Organization","@id":"https:\/\/c-hessler.de\/#organization","name":"Dr. Christoph He\u00dfler Maskinsystemer","alternateName":"Dr. Christoph He\u00dfler Maschinensysteme","url":"https:\/\/c-hessler.de\/","logo":{"@type":"ImageObject","inLanguage":"da-DK","@id":"https:\/\/c-hessler.de\/#\/schema\/logo\/image\/","url":"https:\/\/c-hessler.de\/wp-content\/uploads\/2026\/02\/Draw-03-150312-110115-Ausgeschnitten-I.jpg","contentUrl":"https:\/\/c-hessler.de\/wp-content\/uploads\/2026\/02\/Draw-03-150312-110115-Ausgeschnitten-I.jpg","width":445,"height":394,"caption":"Dr. Christoph He\u00dfler Maschinensysteme"},"image":{"@id":"https:\/\/c-hessler.de\/#\/schema\/logo\/image\/"},"sameAs":["https:\/\/www.facebook.com\/DrChristophHesslerMaschinensysteme\/","https:\/\/www.pinterest.de\/hesstools\/","https:\/\/www.youtube.com\/channel\/UCaNnXDGGF_BiYFQZ2kJgi-A?view_as=subscriber"],"description":"1. Ecken- und Kantenfr\u00e4sen f\u00fcr Tischler und Schreiner, Sonderanfertigungen 2. Auch f\u00fcr die Nachbearbeitung von Eck-Schwei\u00dfn\u00e4hten bei Aluminium-Werkstoffen, f\u00fcr Fahrzeugbauer oder Metallbauer aller Art","email":"christoph.hessler@c-hessler.de","telephone":"0527413012080","legalName":"Dr. Christoph He\u00dfler Maschinensysteme","foundingDate":"2003-06-05","vatID":"DE230070107","numberOfEmployees":{"@type":"QuantitativeValue","minValue":"1","maxValue":"10"}}]},"product_price_amount":"273.00","product_price_currency":"EUR","og_availability":"backorder","product_availability":"available for order","product_retailer_item_id":"mafell-fraesmotor-fm-1000","product_condition":"new"},"_links":{"self":[{"href":"https:\/\/c-hessler.de\/da\/wp-json\/wp\/v2\/product\/205595","targetHints":{"allow":["GET"]}}],"collection":[{"href":"https:\/\/c-hessler.de\/da\/wp-json\/wp\/v2\/product"}],"about":[{"href":"https:\/\/c-hessler.de\/da\/wp-json\/wp\/v2\/types\/product"}],"replies":[{"embeddable":true,"href":"https:\/\/c-hessler.de\/da\/wp-json\/wp\/v2\/comments?post=205595"}],"wp:featuredmedia":[{"embeddable":true,"href":"https:\/\/c-hessler.de\/da\/wp-json\/wp\/v2\/media\/205601"}],"wp:attachment":[{"href":"https:\/\/c-hessler.de\/da\/wp-json\/wp\/v2\/media?parent=205595"}],"wp:term":[{"taxonomy":"product_brand","embeddable":true,"href":"https:\/\/c-hessler.de\/da\/wp-json\/wp\/v2\/product_brand?post=205595"},{"taxonomy":"product_cat","embeddable":true,"href":"https:\/\/c-hessler.de\/da\/wp-json\/wp\/v2\/product_cat?post=205595"},{"taxonomy":"product_tag","embeddable":true,"href":"https:\/\/c-hessler.de\/da\/wp-json\/wp\/v2\/product_tag?post=205595"}],"curies":[{"name":"wp","href":"https:\/\/api.w.org\/{rel}","templated":true}]}}