{"id":205638,"date":"2019-01-17T08:43:08","date_gmt":"2019-01-17T07:43:08","guid":{"rendered":"https:\/\/c-hessler.de\/?post_type=product&#038;p=205638"},"modified":"2025-12-10T19:14:32","modified_gmt":"2025-12-10T18:14:32","slug":"45-graders-fraeser-til-skra-kanter","status":"publish","type":"product","link":"https:\/\/c-hessler.de\/da\/shop\/fraeser-45-grad-fuer-schraege-kanten\/","title":{"rendered":"45 graders fr\u00e6ser til skr\u00e5 kant"},"content":{"rendered":"<p><\/p>\n\n\n\n<div class=\"wp-block-columns are-vertically-aligned-center is-layout-flex wp-container-core-columns-is-layout-28f84493 wp-block-columns-is-layout-flex\">\n<div class=\"wp-block-column is-vertically-aligned-center is-layout-flow wp-block-column-is-layout-flow\">\n<h4 class=\"wp-block-heading\" id=\"h-fraser-fur-die-kantennachbearbeitung-an-schragen-schmalseiten\">Fr\u00e6ser til kantbearbejdning p\u00e5 skr\u00e5nende smalle sider<\/h4>\n\n\n\n<p>En radius fr\u00e6ses p\u00e5 en eksisterende faset kant, se billede. Den \u00f8nskede radius kan angives i bestillingsnoterne ved bestilling. Standard er R2.<\/p>\n\n\n\n<p>Velegnet til tr\u00e6 og plast, maksimalt kantudh\u00e6ng 3 mm. Jo mindre kantudh\u00e6ng, jo bedre bliver den fr\u00e6sede overflade.<\/p>\n\n\n\n<ul class=\"wp-block-list\">\n<li>Radius 2, skaft 8 mm<\/li>\n\n\n\n<li>+45\u00b0 (stump vinkel), -45\u00b0 (spids vinkel)<\/li>\n\n\n\n<li>Monteret med trykring<\/li>\n\n\n\n<li>Karbid<\/li>\n\n\n\n<li>Hastighed op til maks. 30.000 o\/min<\/li>\n\n\n\n<li>Velegnet til tr\u00e6 og plast, maksimalt kantudh\u00e6ng 3 mm. Jo mindre kantudh\u00e6ng, jo bedre bliver den fr\u00e6sede overflade.<\/li>\n<\/ul>\n<\/div>\n\n\n\n<div class=\"wp-block-column is-vertically-aligned-center is-layout-flow wp-block-column-is-layout-flow\" style=\"flex-basis:60%\">\n<figure class=\"wp-block-image size-large\"><img fetchpriority=\"high\" decoding=\"async\" width=\"1024\" height=\"768\" src=\"https:\/\/c-hessler.de\/wp-content\/uploads\/2019\/01\/P1010026-1024x768.jpg\" alt=\"Tryklejet justerer fr\u00e6serens forskydning i forhold til arbejdsemnet.\" class=\"wp-image-205651\"\/><figcaption class=\"wp-element-caption\">Skr\u00e5 sidebearbejdning p\u00e5 spids side<\/figcaption><\/figure>\n<\/div>\n<\/div>\n\n\n\n<div class=\"wp-block-columns are-vertically-aligned-center is-layout-flex wp-container-core-columns-is-layout-28f84493 wp-block-columns-is-layout-flex\">\n<div class=\"wp-block-column is-layout-flow wp-block-column-is-layout-flow\">\n<div class=\"wp-block-columns is-layout-flex wp-container-core-columns-is-layout-28f84493 wp-block-columns-is-layout-flex\">\n<div class=\"wp-block-column is-layout-flow wp-block-column-is-layout-flow\">\n<figure class=\"wp-block-image alignwide size-full\"><img decoding=\"async\" width=\"528\" height=\"480\" src=\"https:\/\/c-hessler.de\/wp-content\/uploads\/2019\/01\/HesStumpfP00-I.jpg\" alt=\"Fr\u00e6ser til stump side\" class=\"wp-image-205654\" srcset=\"https:\/\/c-hessler.de\/wp-content\/uploads\/2019\/01\/HesStumpfP00-I.jpg 528w, https:\/\/c-hessler.de\/wp-content\/uploads\/2019\/01\/HesStumpfP00-I-150x136.jpg 150w, https:\/\/c-hessler.de\/wp-content\/uploads\/2019\/01\/HesStumpfP00-I-510x464.jpg 510w, https:\/\/c-hessler.de\/wp-content\/uploads\/2019\/01\/HesStumpfP00-I-300x273.jpg 300w\" sizes=\"(max-width: 528px) 100vw, 528px\" \/><figcaption class=\"wp-element-caption\">Kvalitetssikring af 45\u00b0-fr\u00e6seren til den stumpe side<br><\/figcaption><\/figure>\n<\/div>\n\n\n\n<div class=\"wp-block-column is-layout-flow wp-block-column-is-layout-flow\">\n<figure class=\"wp-block-image alignwide size-full\"><img decoding=\"async\" width=\"528\" height=\"480\" src=\"https:\/\/c-hessler.de\/wp-content\/uploads\/2019\/01\/HesSpitzP00-I.jpg\" alt=\"Tangential str\u00e5le fra tryklejet til sk\u00e6rekanten\" class=\"wp-image-205653\" srcset=\"https:\/\/c-hessler.de\/wp-content\/uploads\/2019\/01\/HesSpitzP00-I.jpg 528w, https:\/\/c-hessler.de\/wp-content\/uploads\/2019\/01\/HesSpitzP00-I-150x136.jpg 150w, https:\/\/c-hessler.de\/wp-content\/uploads\/2019\/01\/HesSpitzP00-I-510x464.jpg 510w, https:\/\/c-hessler.de\/wp-content\/uploads\/2019\/01\/HesSpitzP00-I-300x273.jpg 300w\" sizes=\"(max-width: 528px) 100vw, 528px\" \/><figcaption class=\"wp-element-caption\">Kontroller placeringen af trykringen og sk\u00e6rekanten p\u00e5 den spidse side<br><\/figcaption><\/figure>\n<\/div>\n<\/div>\n<\/div>\n<\/div>\n\n\n\n<div style=\"height:30px\" aria-hidden=\"true\" class=\"wp-block-spacer\"><\/div>","protected":false},"excerpt":{"rendered":"<p>Overfr\u00e6ser til efterbehandling af limede kanter p\u00e5 skr\u00e5tstillede smalle flader i 45\u00b0.<br \/>\nS\u00e6ttet best\u00e5r af 2 fr\u00e6sere med 1 trykleje med trykring, en fr\u00e6ser til den spidse side af den smalle flade og en til den stumpe side.<\/p>\n<p>Fr\u00e6serne er fremstillet efter en h\u00f8j standard som individuelle stykker.<\/p>\n<ul>\n<li>2 sk\u00e6rekanter i h\u00e5rdmetal<\/li>\n<li>Optimeret sk\u00e6rekantgeometri<\/li>\n<li>Trykleje i st\u00e5l med trykring til den respektive vinkel<\/li>\n<li>Radius efter eget valg, standard er R2<\/li>\n<\/ul>\n<p>V\u00e6lg den spidse eller stumpe side af den 45 graders smalle side blandt mulighederne. Fr\u00e6serne kan ogs\u00e5 l\u00e6gges i indk\u00f8bskurven enkeltvis. <strong>Ved s\u00e6rlige \u00f8nsker bedes du kontakte os via kontaktsiden eller direkte p\u00e5 telefon: 05741 3012080.<\/strong><\/p>","protected":false},"featured_media":205646,"comment_status":"open","ping_status":"closed","template":"","meta":[],"product_brand":[],"product_cat":[108],"product_tag":[106,109,38,45,111,110],"class_list":{"0":"post-205638","1":"product","2":"type-product","3":"status-publish","4":"has-post-thumbnail","6":"product_cat-werkzeuge","7":"product_tag-fraeser-45-grad","8":"product_tag-fraeser-45","9":"product_tag-handgefuehrt","10":"product_tag-kanten","11":"product_tag-schraege-kante","12":"product_tag-schraege-schmalseite","14":"first","15":"instock","16":"sold-individually","17":"taxable","18":"shipping-taxable","19":"purchasable","20":"product-type-variable"},"yoast_head":"<!-- This site is optimized with the Yoast SEO Premium plugin v27.0 (Yoast SEO v27.4) - https:\/\/yoast.com\/product\/yoast-seo-premium-wordpress\/ -->\n<title>Fr\u00e4ser f\u00fcr schr\u00e4ge Kanten 45 Grad zum Runden und B\u00fcndigfr\u00e4sen<\/title>\n<meta name=\"description\" content=\"F\u00fcr das Kantenrunden an schr\u00e4gen Schmalseiten ben\u00f6tigt man jeweils einen Fr\u00e4ser f\u00fcr die spitze Seite und die stumpfe Seite f\u00fcr die Kantennachbearbeitung.\" \/>\n<meta name=\"robots\" content=\"index, follow, max-snippet:-1, max-image-preview:large, max-video-preview:-1\" \/>\n<link rel=\"canonical\" href=\"https:\/\/c-hessler.de\/da\/butik\/45-graders-fraeser-til-skra-kanter\/\" \/>\n<meta property=\"og:locale\" content=\"da_DK\" \/>\n<meta property=\"og:type\" content=\"article\" \/>\n<meta property=\"og:title\" content=\"Fr\u00e4ser 45 Grad f\u00fcr schr\u00e4ge Kante\" \/>\n<meta property=\"og:description\" content=\"F\u00fcr das Kantenrunden an schr\u00e4gen Schmalseiten ben\u00f6tigt man jeweils einen Fr\u00e4ser f\u00fcr die spitze Seite und die stumpfe Seite f\u00fcr die Kantennachbearbeitung.\" \/>\n<meta property=\"og:url\" content=\"https:\/\/c-hessler.de\/da\/butik\/45-graders-fraeser-til-skra-kanter\/\" \/>\n<meta property=\"og:site_name\" content=\"Dr. Christoph He\u00dfler Maschinensysteme\" \/>\n<meta property=\"article:publisher\" content=\"https:\/\/www.facebook.com\/DrChristophHesslerMaschinensysteme\/\" \/>\n<meta property=\"article:modified_time\" content=\"2025-12-10T18:14:32+00:00\" \/>\n<meta property=\"og:image\" content=\"https:\/\/c-hessler.de\/wp-content\/uploads\/2019\/01\/P1010008-e1547726631776.jpg\" \/>\n\t<meta property=\"og:image:width\" content=\"1448\" \/>\n\t<meta property=\"og:image:height\" content=\"1075\" \/>\n\t<meta property=\"og:image:type\" content=\"image\/jpeg\" \/>\n<meta name=\"twitter:label1\" content=\"Tilg\u00e6ngelighed\" \/>\n\t<meta name=\"twitter:data1\" content=\"P\u00e5 lager\" \/>\n<script type=\"application\/ld+json\" class=\"yoast-schema-graph\">{\"@context\":\"https:\\\/\\\/schema.org\",\"@graph\":[{\"@type\":\"WebPage\",\"@id\":\"https:\\\/\\\/c-hessler.de\\\/shop\\\/fraeser-45-grad-fuer-schraege-kanten\\\/\",\"url\":\"https:\\\/\\\/c-hessler.de\\\/shop\\\/fraeser-45-grad-fuer-schraege-kanten\\\/\",\"name\":\"Fr\u00e4ser f\u00fcr schr\u00e4ge Kanten 45 Grad zum Runden und B\u00fcndigfr\u00e4sen\",\"isPartOf\":{\"@id\":\"https:\\\/\\\/c-hessler.de\\\/#website\"},\"primaryImageOfPage\":{\"@id\":\"https:\\\/\\\/c-hessler.de\\\/shop\\\/fraeser-45-grad-fuer-schraege-kanten\\\/#primaryimage\"},\"image\":{\"@id\":\"https:\\\/\\\/c-hessler.de\\\/shop\\\/fraeser-45-grad-fuer-schraege-kanten\\\/#primaryimage\"},\"thumbnailUrl\":\"https:\\\/\\\/c-hessler.de\\\/wp-content\\\/uploads\\\/2019\\\/01\\\/P1010008-e1547726631776.jpg\",\"datePublished\":\"2019-01-17T07:43:08+00:00\",\"dateModified\":\"2025-12-10T18:14:32+00:00\",\"description\":\"F\u00fcr das Kantenrunden an schr\u00e4gen Schmalseiten ben\u00f6tigt man jeweils einen Fr\u00e4ser f\u00fcr die spitze Seite und die stumpfe Seite f\u00fcr die Kantennachbearbeitung.\",\"breadcrumb\":{\"@id\":\"https:\\\/\\\/c-hessler.de\\\/shop\\\/fraeser-45-grad-fuer-schraege-kanten\\\/#breadcrumb\"},\"inLanguage\":\"da-DK\",\"potentialAction\":[{\"@type\":\"ReadAction\",\"target\":[\"https:\\\/\\\/c-hessler.de\\\/shop\\\/fraeser-45-grad-fuer-schraege-kanten\\\/\"]}]},{\"@type\":\"ImageObject\",\"inLanguage\":\"da-DK\",\"@id\":\"https:\\\/\\\/c-hessler.de\\\/shop\\\/fraeser-45-grad-fuer-schraege-kanten\\\/#primaryimage\",\"url\":\"https:\\\/\\\/c-hessler.de\\\/wp-content\\\/uploads\\\/2019\\\/01\\\/P1010008-e1547726631776.jpg\",\"contentUrl\":\"https:\\\/\\\/c-hessler.de\\\/wp-content\\\/uploads\\\/2019\\\/01\\\/P1010008-e1547726631776.jpg\",\"width\":1448,\"height\":1075,\"caption\":\"Fr\u00e4ser f\u00fcr spitze Seite und stumpfe Seite\"},{\"@type\":\"BreadcrumbList\",\"@id\":\"https:\\\/\\\/c-hessler.de\\\/shop\\\/fraeser-45-grad-fuer-schraege-kanten\\\/#breadcrumb\",\"itemListElement\":[{\"@type\":\"ListItem\",\"position\":1,\"name\":\"Produkte\",\"item\":\"https:\\\/\\\/c-hessler.de\\\/produkte\\\/\"},{\"@type\":\"ListItem\",\"position\":2,\"name\":\"Fr\u00e4ser 45 Grad f\u00fcr schr\u00e4ge Kante\"}]},{\"@type\":\"WebSite\",\"@id\":\"https:\\\/\\\/c-hessler.de\\\/#website\",\"url\":\"https:\\\/\\\/c-hessler.de\\\/\",\"name\":\"www.c-hessler.de\",\"description\":\"\",\"publisher\":{\"@id\":\"https:\\\/\\\/c-hessler.de\\\/#organization\"},\"potentialAction\":[{\"@type\":\"SearchAction\",\"target\":{\"@type\":\"EntryPoint\",\"urlTemplate\":\"https:\\\/\\\/c-hessler.de\\\/?s={search_term_string}\"},\"query-input\":{\"@type\":\"PropertyValueSpecification\",\"valueRequired\":true,\"valueName\":\"search_term_string\"}}],\"inLanguage\":\"da-DK\"},{\"@type\":\"Organization\",\"@id\":\"https:\\\/\\\/c-hessler.de\\\/#organization\",\"name\":\"Dr. Christoph He\u00dfler Maschinensysteme\",\"alternateName\":\"Dr. Christoph He\u00dfler Maschinensysteme\",\"url\":\"https:\\\/\\\/c-hessler.de\\\/\",\"logo\":{\"@type\":\"ImageObject\",\"inLanguage\":\"da-DK\",\"@id\":\"https:\\\/\\\/c-hessler.de\\\/#\\\/schema\\\/logo\\\/image\\\/\",\"url\":\"https:\\\/\\\/c-hessler.de\\\/wp-content\\\/uploads\\\/2026\\\/02\\\/Draw-03-150312-110115-Ausgeschnitten-I.jpg\",\"contentUrl\":\"https:\\\/\\\/c-hessler.de\\\/wp-content\\\/uploads\\\/2026\\\/02\\\/Draw-03-150312-110115-Ausgeschnitten-I.jpg\",\"width\":445,\"height\":394,\"caption\":\"Dr. Christoph He\u00dfler Maschinensysteme\"},\"image\":{\"@id\":\"https:\\\/\\\/c-hessler.de\\\/#\\\/schema\\\/logo\\\/image\\\/\"},\"sameAs\":[\"https:\\\/\\\/www.facebook.com\\\/DrChristophHesslerMaschinensysteme\\\/\",\"https:\\\/\\\/www.pinterest.de\\\/hesstools\\\/\",\"https:\\\/\\\/www.youtube.com\\\/channel\\\/UCaNnXDGGF_BiYFQZ2kJgi-A?view_as=subscriber\"],\"description\":\"1. Ecken- und Kantenfr\u00e4sen f\u00fcr Tischler und Schreiner, Sonderanfertigungen 2. Auch f\u00fcr die Nachbearbeitung von Eck-Schwei\u00dfn\u00e4hten bei Aluminium-Werkstoffen, f\u00fcr Fahrzeugbauer oder Metallbauer aller Art\",\"email\":\"christoph.hessler@c-hessler.de\",\"telephone\":\"0527413012080\",\"legalName\":\"Dr. Christoph He\u00dfler Maschinensysteme\",\"foundingDate\":\"2003-06-05\",\"vatID\":\"DE230070107\",\"numberOfEmployees\":{\"@type\":\"QuantitativeValue\",\"minValue\":\"1\",\"maxValue\":\"10\"}}]}<\/script>\n<meta property=\"og:availability\" content=\"instock\" \/>\n<meta property=\"product:availability\" content=\"instock\" \/>\n<meta property=\"product:retailer_item_id\" content=\"fraeser-45-grad-fuer-schraege-kanten\" \/>\n<meta property=\"product:condition\" content=\"new\" \/>\n<!-- \/ Yoast SEO Premium plugin. -->","yoast_head_json":{"title":"Fr\u00e6ser til skr\u00e5 kanter 45 grader til afrunding og planfr\u00e6sning","description":"Til kantafrunding p\u00e5 skr\u00e5 smalle sider skal du bruge et overfr\u00e6sebit til den spidse side og et til den stumpe side til kantafslutning.","robots":{"index":"index","follow":"follow","max-snippet":"max-snippet:-1","max-image-preview":"max-image-preview:large","max-video-preview":"max-video-preview:-1"},"canonical":"https:\/\/c-hessler.de\/da\/butik\/45-graders-fraeser-til-skra-kanter\/","og_locale":"da_DK","og_type":"article","og_title":"Fr\u00e4ser 45 Grad f\u00fcr schr\u00e4ge Kante","og_description":"F\u00fcr das Kantenrunden an schr\u00e4gen Schmalseiten ben\u00f6tigt man jeweils einen Fr\u00e4ser f\u00fcr die spitze Seite und die stumpfe Seite f\u00fcr die Kantennachbearbeitung.","og_url":"https:\/\/c-hessler.de\/da\/butik\/45-graders-fraeser-til-skra-kanter\/","og_site_name":"Dr. Christoph He\u00dfler Maschinensysteme","article_publisher":"https:\/\/www.facebook.com\/DrChristophHesslerMaschinensysteme\/","article_modified_time":"2025-12-10T18:14:32+00:00","og_image":[{"width":1448,"height":1075,"url":"https:\/\/c-hessler.de\/wp-content\/uploads\/2019\/01\/P1010008-e1547726631776.jpg","type":"image\/jpeg"}],"twitter_misc":{"Tilg\u00e6ngelighed":"P\u00e5 lager"},"schema":{"@context":"https:\/\/schema.org","@graph":[{"@type":"WebPage","@id":"https:\/\/c-hessler.de\/shop\/fraeser-45-grad-fuer-schraege-kanten\/","url":"https:\/\/c-hessler.de\/shop\/fraeser-45-grad-fuer-schraege-kanten\/","name":"Fr\u00e6ser til skr\u00e5 kanter 45 grader til afrunding og planfr\u00e6sning","isPartOf":{"@id":"https:\/\/c-hessler.de\/#website"},"primaryImageOfPage":{"@id":"https:\/\/c-hessler.de\/shop\/fraeser-45-grad-fuer-schraege-kanten\/#primaryimage"},"image":{"@id":"https:\/\/c-hessler.de\/shop\/fraeser-45-grad-fuer-schraege-kanten\/#primaryimage"},"thumbnailUrl":"https:\/\/c-hessler.de\/wp-content\/uploads\/2019\/01\/P1010008-e1547726631776.jpg","datePublished":"2019-01-17T07:43:08+00:00","dateModified":"2025-12-10T18:14:32+00:00","description":"Til kantafrunding p\u00e5 skr\u00e5 smalle sider skal du bruge et overfr\u00e6sebit til den spidse side og et til den stumpe side til kantafslutning.","breadcrumb":{"@id":"https:\/\/c-hessler.de\/shop\/fraeser-45-grad-fuer-schraege-kanten\/#breadcrumb"},"inLanguage":"da-DK","potentialAction":[{"@type":"ReadAction","target":["https:\/\/c-hessler.de\/shop\/fraeser-45-grad-fuer-schraege-kanten\/"]}]},{"@type":"ImageObject","inLanguage":"da-DK","@id":"https:\/\/c-hessler.de\/shop\/fraeser-45-grad-fuer-schraege-kanten\/#primaryimage","url":"https:\/\/c-hessler.de\/wp-content\/uploads\/2019\/01\/P1010008-e1547726631776.jpg","contentUrl":"https:\/\/c-hessler.de\/wp-content\/uploads\/2019\/01\/P1010008-e1547726631776.jpg","width":1448,"height":1075,"caption":"Fr\u00e4ser f\u00fcr spitze Seite und stumpfe Seite"},{"@type":"BreadcrumbList","@id":"https:\/\/c-hessler.de\/shop\/fraeser-45-grad-fuer-schraege-kanten\/#breadcrumb","itemListElement":[{"@type":"ListItem","position":1,"name":"Produkte","item":"https:\/\/c-hessler.de\/produkte\/"},{"@type":"ListItem","position":2,"name":"Fr\u00e4ser 45 Grad f\u00fcr schr\u00e4ge Kante"}]},{"@type":"WebSite","@id":"https:\/\/c-hessler.de\/#website","url":"https:\/\/c-hessler.de\/","name":"www.c-hessler.de","description":"","publisher":{"@id":"https:\/\/c-hessler.de\/#organization"},"potentialAction":[{"@type":"SearchAction","target":{"@type":"EntryPoint","urlTemplate":"https:\/\/c-hessler.de\/?s={search_term_string}"},"query-input":{"@type":"PropertyValueSpecification","valueRequired":true,"valueName":"search_term_string"}}],"inLanguage":"da-DK"},{"@type":"Organization","@id":"https:\/\/c-hessler.de\/#organization","name":"Dr. Christoph He\u00dfler Maskinsystemer","alternateName":"Dr. Christoph He\u00dfler Maschinensysteme","url":"https:\/\/c-hessler.de\/","logo":{"@type":"ImageObject","inLanguage":"da-DK","@id":"https:\/\/c-hessler.de\/#\/schema\/logo\/image\/","url":"https:\/\/c-hessler.de\/wp-content\/uploads\/2026\/02\/Draw-03-150312-110115-Ausgeschnitten-I.jpg","contentUrl":"https:\/\/c-hessler.de\/wp-content\/uploads\/2026\/02\/Draw-03-150312-110115-Ausgeschnitten-I.jpg","width":445,"height":394,"caption":"Dr. Christoph He\u00dfler Maschinensysteme"},"image":{"@id":"https:\/\/c-hessler.de\/#\/schema\/logo\/image\/"},"sameAs":["https:\/\/www.facebook.com\/DrChristophHesslerMaschinensysteme\/","https:\/\/www.pinterest.de\/hesstools\/","https:\/\/www.youtube.com\/channel\/UCaNnXDGGF_BiYFQZ2kJgi-A?view_as=subscriber"],"description":"1. Ecken- und Kantenfr\u00e4sen f\u00fcr Tischler und Schreiner, Sonderanfertigungen 2. Auch f\u00fcr die Nachbearbeitung von Eck-Schwei\u00dfn\u00e4hten bei Aluminium-Werkstoffen, f\u00fcr Fahrzeugbauer oder Metallbauer aller Art","email":"christoph.hessler@c-hessler.de","telephone":"0527413012080","legalName":"Dr. Christoph He\u00dfler Maschinensysteme","foundingDate":"2003-06-05","vatID":"DE230070107","numberOfEmployees":{"@type":"QuantitativeValue","minValue":"1","maxValue":"10"}}]},"og_availability":"instock","product_availability":"instock","product_retailer_item_id":"fraeser-45-grad-fuer-schraege-kanten","product_condition":"new"},"_links":{"self":[{"href":"https:\/\/c-hessler.de\/da\/wp-json\/wp\/v2\/product\/205638","targetHints":{"allow":["GET"]}}],"collection":[{"href":"https:\/\/c-hessler.de\/da\/wp-json\/wp\/v2\/product"}],"about":[{"href":"https:\/\/c-hessler.de\/da\/wp-json\/wp\/v2\/types\/product"}],"replies":[{"embeddable":true,"href":"https:\/\/c-hessler.de\/da\/wp-json\/wp\/v2\/comments?post=205638"}],"wp:featuredmedia":[{"embeddable":true,"href":"https:\/\/c-hessler.de\/da\/wp-json\/wp\/v2\/media\/205646"}],"wp:attachment":[{"href":"https:\/\/c-hessler.de\/da\/wp-json\/wp\/v2\/media?parent=205638"}],"wp:term":[{"taxonomy":"product_brand","embeddable":true,"href":"https:\/\/c-hessler.de\/da\/wp-json\/wp\/v2\/product_brand?post=205638"},{"taxonomy":"product_cat","embeddable":true,"href":"https:\/\/c-hessler.de\/da\/wp-json\/wp\/v2\/product_cat?post=205638"},{"taxonomy":"product_tag","embeddable":true,"href":"https:\/\/c-hessler.de\/da\/wp-json\/wp\/v2\/product_tag?post=205638"}],"curies":[{"name":"wp","href":"https:\/\/api.w.org\/{rel}","templated":true}]}}