{"id":206349,"date":"2022-06-21T19:35:57","date_gmt":"2022-06-21T17:35:57","guid":{"rendered":"https:\/\/c-hessler.de\/?post_type=product&#038;p=206349"},"modified":"2025-12-09T17:09:41","modified_gmt":"2025-12-09T16:09:41","slug":"kantskaerer-med-trykluft-kf-400-iii","status":"publish","type":"product","link":"https:\/\/c-hessler.de\/da\/shop\/kantenfraese-mit-druckluft-kf-400-iii\/","title":{"rendered":"Kantfr\u00e6ser med trykluft KF 400 III"},"content":{"rendered":"<div class=\"wp-block-columns are-vertically-aligned-center is-layout-flex wp-container-core-columns-is-layout-28f84493 wp-block-columns-is-layout-flex\">\n<div class=\"wp-block-column is-vertically-aligned-center is-layout-flow wp-block-column-is-layout-flow\">\n<p class=\"title has-text-color\" style=\"color:#131315\">De robuste pneumatiske kantlimere<\/p>\n\n\n\n<p>Der findes ingen lettere kantfr\u00e6ser end en kantfr\u00e6ser med trykluft. Is\u00e6r n\u00e5r du f\u00e5r ondt i h\u00e5nden og armen, fordi du skal arbejde med overfr\u00e6seren i lang tid eller med stor f\u00f8lsomhed, er trykluftdrevet uovertruffent. Denne type trykluftoverfr\u00e6ser kaldes ofte for en lameloverfr\u00e6ser af t\u00f8mrere og snedkere.<\/p>\n\n\n\n<p>Derfor har Hessler udvidet sit program af pneumatiske kantfr\u00e6sere med KF 400 III. Den har et gennempr\u00f8vet trykluftdrev og imponerer med sin ydeevne og h\u00e5ndterbarhed.<\/p>\n\n\n\n<ul class=\"wp-block-list\">\n<li>Pneumatisk drev\n<ul class=\"wp-block-list\">\n<li>Sp\u00e6ndetang op til skaft 8 mm<\/li>\n\n\n\n<li>maks. 24.000 o\/min, justerbar hastighed<\/li>\n\n\n\n<li>maks. 6 bar, ca. 600 l\/min +1 dr\u00e5be olie\/min<\/li>\n<\/ul>\n<\/li>\n\n\n\n<li>Bord\n<ul class=\"wp-block-list\">\n<li>Fremstillet af metal<\/li>\n\n\n\n<li>Tyk, robust underst\u00f8tning af arbejdsemnet<\/li>\n<\/ul>\n<\/li>\n\n\n\n<li>Fr\u00e6ser\n<ul class=\"wp-block-list\">\n<li>Med trykleje<\/li>\n\n\n\n<li>Fr\u00e6ser max. diameter 28 mm<\/li>\n<\/ul>\n<\/li>\n<\/ul>\n<\/div>\n\n\n\n<div class=\"wp-block-column is-vertically-aligned-center is-layout-flow wp-block-column-is-layout-flow\" style=\"flex-basis:60%\">\n<figure class=\"wp-block-image size-large\"><img fetchpriority=\"high\" decoding=\"async\" width=\"1024\" height=\"576\" src=\"https:\/\/c-hessler.de\/wp-content\/uploads\/2022\/07\/20220715_133904-verpixelt--1024x576.jpg\" alt=\"Holz-Handwerk 2022 messe\" class=\"wp-image-206365\"\/><figcaption class=\"wp-element-caption\">Holz-Handwerk 2022-messen i N\u00fcrnberg<\/figcaption><\/figure>\n\n\n\n<p><\/p>\n<\/div>\n<\/div>\n\n\n\n<div style=\"height:30px\" aria-hidden=\"true\" class=\"wp-block-spacer\"><\/div>\n\n\n\n<div class=\"wp-block-columns are-vertically-aligned-center is-layout-flex wp-container-core-columns-is-layout-28f84493 wp-block-columns-is-layout-flex\">\n<div class=\"wp-block-column is-vertically-aligned-center is-layout-flow wp-block-column-is-layout-flow\">\n<figure class=\"wp-block-image size-large\"><img decoding=\"async\" width=\"1024\" height=\"576\" src=\"https:\/\/c-hessler.de\/wp-content\/uploads\/2022\/07\/20220712_100501-1024x576.jpg\" alt=\"Den pneumatiske kantfr\u00e6ser KF 400 III kan testes p\u00e5 Holz-Handwerk-messen i N\u00fcrnberg.\" class=\"wp-image-206367\" srcset=\"https:\/\/c-hessler.de\/wp-content\/uploads\/2022\/07\/20220712_100501-1024x576.jpg 1024w, https:\/\/c-hessler.de\/wp-content\/uploads\/2022\/07\/20220712_100501-300x169.jpg 300w, https:\/\/c-hessler.de\/wp-content\/uploads\/2022\/07\/20220712_100501-768x432.jpg 768w, https:\/\/c-hessler.de\/wp-content\/uploads\/2022\/07\/20220712_100501-1536x864.jpg 1536w, https:\/\/c-hessler.de\/wp-content\/uploads\/2022\/07\/20220712_100501-2048x1152.jpg 2048w, https:\/\/c-hessler.de\/wp-content\/uploads\/2022\/07\/20220712_100501-1080x608.jpg 1080w, https:\/\/c-hessler.de\/wp-content\/uploads\/2022\/07\/20220712_100501-1280x720.jpg 1280w, https:\/\/c-hessler.de\/wp-content\/uploads\/2022\/07\/20220712_100501-980x551.jpg 980w, https:\/\/c-hessler.de\/wp-content\/uploads\/2022\/07\/20220712_100501-480x270.jpg 480w, https:\/\/c-hessler.de\/wp-content\/uploads\/2022\/07\/20220712_100501-800x450.jpg 800w, https:\/\/c-hessler.de\/wp-content\/uploads\/2022\/07\/20220712_100501-scaled-150x84.jpg 150w\" sizes=\"(max-width: 1024px) 100vw, 1024px\" \/><figcaption class=\"wp-element-caption\">Den pneumatiske kantfr\u00e6ser KF 400 III p\u00e5 Holz-Handwerk 2022-messen i N\u00fcrnberg<\/figcaption><\/figure>\n<\/div>\n\n\n\n<div class=\"wp-block-column is-vertically-aligned-center is-layout-flow wp-block-column-is-layout-flow\" style=\"flex-basis:40%\">\n<p class=\"title has-text-color\" style=\"color:#131315\">Kantfr\u00e6seren KF 400 III med trykluft kan ogs\u00e5 udstyres med en vendbar indsatsfr\u00e6ser. Hvis udbl\u00e6sningsluften forstyrrer arbejdet, kan man f\u00e5 en udbl\u00e6sningskanal som ekstraudstyr. Den g\u00f8r det muligt at lede udbl\u00e6sningsluften ud til siden.<\/p>\n\n\n\n<p>Ved intensiv drift er det n\u00f8dvendigt med en vedligeholdelsesenhed eller en opstr\u00f8msolier for at sikre, at der tilf\u00f8res tilstr\u00e6kkeligt med olie til motoren (ca. 1 dr\u00e5be\/minut). En lille olieflaske med en beskrivelse af oliespecifikationen er inkluderet i leveringen til start.<\/p>\n\n\n\n<p>Der tilbydes r\u00e5dgivning for hver pneumatisk kantfr\u00e6ser med hensyn til den respektive anvendelse, tlf.: +49 (0)5741 3012080.<\/p>\n\n\n\n<p>Dr. Christoph He\u00dfler Maskinsystemer<\/p>\n\n\n\n<p>32312 L\u00fcbbecke<\/p>\n\n\n\n<p>www.c-hessler.de<\/p>\n<\/div>\n<\/div>\n\n\n\n<div style=\"height:30px\" aria-hidden=\"true\" class=\"wp-block-spacer\"><\/div>\n\n\n\n<div class=\"wp-block-columns are-vertically-aligned-center is-layout-flex wp-container-core-columns-is-layout-28f84493 wp-block-columns-is-layout-flex\">\n<div class=\"wp-block-column is-vertically-aligned-center is-layout-flow wp-block-column-is-layout-flow\">\n<h2 class=\"wp-block-heading title has-text-color\" id=\"h-merkmale-zum-system\" style=\"color:#131315\"><strong>Systemets funktioner<\/strong><\/h2>\n\n\n\n<h5 class=\"wp-block-heading title has-text-color\" id=\"h-anwendungsgebiet\" style=\"color:#131315\">Anvendelsesomr\u00e5de<\/h5>\n\n\n\n<p class=\"title has-text-color\" style=\"color:#131315\">Sammenlignet med elektriske kantlimere er KF 400 III pneumatiske kantlimere lette og nemme at h\u00e5ndtere. De bruges typisk til affasning eller afrunding af plastkanter, der allerede er fr\u00e6set i plan eller p\u00e5 paneler. Overfr\u00e6seren kan bruges p\u00e5 tr\u00e6 og plast med en affasning eller radius p\u00e5 op til 3 mm.<\/p>\n\n\n\n<h5 class=\"wp-block-heading\" id=\"h-funktion-und-bedienung\">Funktion og betjening<\/h5>\n\n\n\n<p>Kantfr\u00e6seren KF 400 III har et ergonomisk udformet h\u00e5ndtag. Den kan nemt styres med en overfr\u00e6serbit med trykleje og p\u00e5 den solide bundplade.  Vi tilbyder kommercielle brugere en gratis, uforpligtende pr\u00f8veperiode.<\/p>\n\n\n\n<h5 class=\"wp-block-heading\" id=\"h-preis\">Pris<\/h5>\n\n\n\n<ul class=\"wp-block-list\">\n<li>1 uges uforpligtende og gratis test<\/li>\n\n\n\n<li>Pris se ovenfor<\/li>\n<\/ul>\n\n\n\n<h5 class=\"wp-block-heading\" id=\"h-technische-voraussetzungen\">Tekniske krav<\/h5>\n\n\n\n<p>Til drift er det n\u00f8dvendigt regelm\u00e6ssigt at tilf\u00f8je trykluftsapparatolie. Ved sporadisk brug kan dette g\u00f8res ved at dryppe direkte i tryklufttilslutningsstikket eller, ved kontinuerlig drift, ved at bruge en vedligeholdelsesenhed, der er indstillet til 1 dr\u00e5be olie pr. minut.<\/p>\n\n\n\n<h5 class=\"wp-block-heading\" id=\"h-lieferumfang\">Leveringens omfang<\/h5>\n\n\n\n<p>Kantfr\u00e6seren KF 400 III med trykluft leveres som standard med en fastmonteret R2-fr\u00e6ser. Overfr\u00e6seren er samlet og testet. Der medf\u00f8lger ogs\u00e5 en lille flaske trykluftv\u00e6rkt\u00f8jsolie.<\/p>\n<\/div>\n\n\n\n<div class=\"wp-block-column is-vertically-aligned-center is-layout-flow wp-block-column-is-layout-flow\" style=\"flex-basis:60%\">\n<figure class=\"wp-block-image size-large\"><img decoding=\"async\" width=\"768\" height=\"1024\" src=\"https:\/\/c-hessler.de\/wp-content\/uploads\/2022\/07\/C.-Hessler-Kantenrunder-KF-400-III-1594-4-zu-3-768x1024.jpg\" alt=\"Kantfr\u00e6seren KF 400 III fr\u00e6ser hurtigt rundt om hj\u00f8rnerne\" class=\"wp-image-206359\"\/><figcaption class=\"wp-element-caption\">Kantfr\u00e6seren KF 400 III fr\u00e6ser hurtigt rundt om hj\u00f8rner.<\/figcaption><\/figure>\n\n\n\n<p><\/p>\n<\/div>\n<\/div>\n\n\n\n<div style=\"height:30px\" aria-hidden=\"true\" class=\"wp-block-spacer\"><\/div>","protected":false},"excerpt":{"rendered":"<p class=\"western\">Den pneumatiske kantfr\u00e6ser KF 400 III har en robust pneumatisk motor<b>. <\/b>Den er meget nemmere at h\u00e5ndtere end en elektrisk kantfr\u00e6ser. Den er meget velegnet til afgratning\/fasning\/afrunding. Svarer til den tidligere Lamello Profila Pro eller Wegoma DKF32. For r\u00e5dgivning ring venligst: 05741 3012080, internationalt +49 5741 3012080.<\/p>\n<p>Med KF 400 III f\u00e5r du en <strong>Gennempr\u00f8vet produkt til robust brug <\/strong>med ergonomisk h\u00e5ndtag og hastighedsjustering. Sp\u00e6ndepatron til 8 mm skaft.<\/p>","protected":false},"featured_media":206352,"comment_status":"open","ping_status":"closed","template":"","meta":[],"product_brand":[],"product_cat":[58],"product_tag":[38,45,40],"class_list":{"0":"post-206349","1":"product","2":"type-product","3":"status-publish","4":"has-post-thumbnail","6":"product_cat-handgefuehrte-maschinen","7":"product_tag-handgefuehrt","8":"product_tag-kanten","9":"product_tag-pneumatischer-antrieb","11":"first","12":"instock","13":"taxable","14":"shipping-taxable","15":"purchasable","16":"product-type-simple"},"yoast_head":"<!-- This site is optimized with the Yoast SEO Premium plugin v27.0 (Yoast SEO v27.4) - https:\/\/yoast.com\/product\/yoast-seo-premium-wordpress\/ -->\n<title>Kantenfr\u00e4se mit Druckluft mit montiertem Fr\u00e4ser, \u00e4hnlich Lamello<\/title>\n<meta name=\"description\" content=\"Die Kantenfr\u00e4se KF 400 III wird mit Druckluft angetrieben. \u00c4hnlich zur fr\u00fcheren Lamello Profila Pro. Die Fr\u00e4se hat Schaft 8 mm.\" \/>\n<meta name=\"robots\" content=\"index, follow, max-snippet:-1, max-image-preview:large, max-video-preview:-1\" \/>\n<link rel=\"canonical\" href=\"https:\/\/c-hessler.de\/da\/butik\/kantskaerer-med-trykluft-kf-400-iii\/\" \/>\n<meta property=\"og:locale\" content=\"da_DK\" \/>\n<meta property=\"og:type\" content=\"article\" \/>\n<meta property=\"og:title\" content=\"Kantenfr\u00e4se mit Druckluft KF 400 III\" \/>\n<meta property=\"og:description\" content=\"Die Kantenfr\u00e4se KF 400 III wird mit Druckluft angetrieben. \u00c4hnlich zur fr\u00fcheren Lamello Profila Pro. Die Fr\u00e4se hat Schaft 8 mm.\" \/>\n<meta property=\"og:url\" content=\"https:\/\/c-hessler.de\/da\/butik\/kantskaerer-med-trykluft-kf-400-iii\/\" \/>\n<meta property=\"og:site_name\" content=\"Dr. Christoph He\u00dfler Maschinensysteme\" \/>\n<meta property=\"article:publisher\" content=\"https:\/\/www.facebook.com\/DrChristophHesslerMaschinensysteme\/\" \/>\n<meta property=\"article:modified_time\" content=\"2025-12-09T16:09:41+00:00\" \/>\n<meta property=\"og:image\" content=\"https:\/\/c-hessler.de\/wp-content\/uploads\/2022\/06\/P1010024freigestellt.jpg\" \/>\n\t<meta property=\"og:image:width\" content=\"1600\" \/>\n\t<meta property=\"og:image:height\" content=\"1200\" \/>\n\t<meta property=\"og:image:type\" content=\"image\/jpeg\" \/>\n<meta name=\"twitter:label1\" content=\"Pris\" \/>\n\t<meta name=\"twitter:data1\" content=\"490,00&nbsp;&euro; ohne MwSt.\" \/>\n\t<meta name=\"twitter:label2\" content=\"Tilg\u00e6ngelighed\" \/>\n\t<meta name=\"twitter:data2\" content=\"P\u00e5 lager\" \/>\n<script type=\"application\/ld+json\" class=\"yoast-schema-graph\">{\"@context\":\"https:\\\/\\\/schema.org\",\"@graph\":[{\"@type\":\"WebPage\",\"@id\":\"https:\\\/\\\/c-hessler.de\\\/shop\\\/kantenfraese-mit-druckluft-kf-400-iii\\\/\",\"url\":\"https:\\\/\\\/c-hessler.de\\\/shop\\\/kantenfraese-mit-druckluft-kf-400-iii\\\/\",\"name\":\"Kantenfr\u00e4se mit Druckluft mit montiertem Fr\u00e4ser, \u00e4hnlich Lamello\",\"isPartOf\":{\"@id\":\"https:\\\/\\\/c-hessler.de\\\/#website\"},\"primaryImageOfPage\":{\"@id\":\"https:\\\/\\\/c-hessler.de\\\/shop\\\/kantenfraese-mit-druckluft-kf-400-iii\\\/#primaryimage\"},\"image\":{\"@id\":\"https:\\\/\\\/c-hessler.de\\\/shop\\\/kantenfraese-mit-druckluft-kf-400-iii\\\/#primaryimage\"},\"thumbnailUrl\":\"https:\\\/\\\/c-hessler.de\\\/wp-content\\\/uploads\\\/2022\\\/06\\\/P1010024freigestellt.jpg\",\"datePublished\":\"2022-06-21T17:35:57+00:00\",\"dateModified\":\"2025-12-09T16:09:41+00:00\",\"description\":\"Die Kantenfr\u00e4se KF 400 III wird mit Druckluft angetrieben. \u00c4hnlich zur fr\u00fcheren Lamello Profila Pro. Die Fr\u00e4se hat Schaft 8 mm.\",\"breadcrumb\":{\"@id\":\"https:\\\/\\\/c-hessler.de\\\/shop\\\/kantenfraese-mit-druckluft-kf-400-iii\\\/#breadcrumb\"},\"inLanguage\":\"da-DK\",\"potentialAction\":[{\"@type\":\"ReadAction\",\"target\":[\"https:\\\/\\\/c-hessler.de\\\/shop\\\/kantenfraese-mit-druckluft-kf-400-iii\\\/\"]}]},{\"@type\":\"ImageObject\",\"inLanguage\":\"da-DK\",\"@id\":\"https:\\\/\\\/c-hessler.de\\\/shop\\\/kantenfraese-mit-druckluft-kf-400-iii\\\/#primaryimage\",\"url\":\"https:\\\/\\\/c-hessler.de\\\/wp-content\\\/uploads\\\/2022\\\/06\\\/P1010024freigestellt.jpg\",\"contentUrl\":\"https:\\\/\\\/c-hessler.de\\\/wp-content\\\/uploads\\\/2022\\\/06\\\/P1010024freigestellt.jpg\",\"width\":1600,\"height\":1200,\"caption\":\"Kantenfr\u00e4se KF 400 III\"},{\"@type\":\"BreadcrumbList\",\"@id\":\"https:\\\/\\\/c-hessler.de\\\/shop\\\/kantenfraese-mit-druckluft-kf-400-iii\\\/#breadcrumb\",\"itemListElement\":[{\"@type\":\"ListItem\",\"position\":1,\"name\":\"Produkte\",\"item\":\"https:\\\/\\\/c-hessler.de\\\/produkte\\\/\"},{\"@type\":\"ListItem\",\"position\":2,\"name\":\"Kantenfr\u00e4se mit Druckluft KF 400 III\"}]},{\"@type\":\"WebSite\",\"@id\":\"https:\\\/\\\/c-hessler.de\\\/#website\",\"url\":\"https:\\\/\\\/c-hessler.de\\\/\",\"name\":\"www.c-hessler.de\",\"description\":\"\",\"publisher\":{\"@id\":\"https:\\\/\\\/c-hessler.de\\\/#organization\"},\"potentialAction\":[{\"@type\":\"SearchAction\",\"target\":{\"@type\":\"EntryPoint\",\"urlTemplate\":\"https:\\\/\\\/c-hessler.de\\\/?s={search_term_string}\"},\"query-input\":{\"@type\":\"PropertyValueSpecification\",\"valueRequired\":true,\"valueName\":\"search_term_string\"}}],\"inLanguage\":\"da-DK\"},{\"@type\":\"Organization\",\"@id\":\"https:\\\/\\\/c-hessler.de\\\/#organization\",\"name\":\"Dr. Christoph He\u00dfler Maschinensysteme\",\"alternateName\":\"Dr. Christoph He\u00dfler Maschinensysteme\",\"url\":\"https:\\\/\\\/c-hessler.de\\\/\",\"logo\":{\"@type\":\"ImageObject\",\"inLanguage\":\"da-DK\",\"@id\":\"https:\\\/\\\/c-hessler.de\\\/#\\\/schema\\\/logo\\\/image\\\/\",\"url\":\"https:\\\/\\\/c-hessler.de\\\/wp-content\\\/uploads\\\/2026\\\/02\\\/Draw-03-150312-110115-Ausgeschnitten-I.jpg\",\"contentUrl\":\"https:\\\/\\\/c-hessler.de\\\/wp-content\\\/uploads\\\/2026\\\/02\\\/Draw-03-150312-110115-Ausgeschnitten-I.jpg\",\"width\":445,\"height\":394,\"caption\":\"Dr. Christoph He\u00dfler Maschinensysteme\"},\"image\":{\"@id\":\"https:\\\/\\\/c-hessler.de\\\/#\\\/schema\\\/logo\\\/image\\\/\"},\"sameAs\":[\"https:\\\/\\\/www.facebook.com\\\/DrChristophHesslerMaschinensysteme\\\/\",\"https:\\\/\\\/www.pinterest.de\\\/hesstools\\\/\",\"https:\\\/\\\/www.youtube.com\\\/channel\\\/UCaNnXDGGF_BiYFQZ2kJgi-A?view_as=subscriber\"],\"description\":\"1. Ecken- und Kantenfr\u00e4sen f\u00fcr Tischler und Schreiner, Sonderanfertigungen 2. Auch f\u00fcr die Nachbearbeitung von Eck-Schwei\u00dfn\u00e4hten bei Aluminium-Werkstoffen, f\u00fcr Fahrzeugbauer oder Metallbauer aller Art\",\"email\":\"christoph.hessler@c-hessler.de\",\"telephone\":\"0527413012080\",\"legalName\":\"Dr. Christoph He\u00dfler Maschinensysteme\",\"foundingDate\":\"2003-06-05\",\"vatID\":\"DE230070107\",\"numberOfEmployees\":{\"@type\":\"QuantitativeValue\",\"minValue\":\"1\",\"maxValue\":\"10\"}}]}<\/script>\n<meta property=\"product:price:amount\" content=\"490.00\" \/>\n<meta property=\"product:price:currency\" content=\"EUR\" \/>\n<meta property=\"og:availability\" content=\"instock\" \/>\n<meta property=\"product:availability\" content=\"instock\" \/>\n<meta property=\"product:retailer_item_id\" content=\"kantenfraese-mit-druckluft-kf-400-iii\" \/>\n<meta property=\"product:condition\" content=\"new\" \/>\n<!-- \/ Yoast SEO Premium plugin. -->","yoast_head_json":{"title":"Kantfr\u00e6semaskine med trykluft med monteret fr\u00e6ser, svarende til Lamello","description":"Kantfr\u00e6seren KF 400 III drives af trykluft. I lighed med den tidligere Lamello Profila Pro. Overfr\u00e6seren har et 8 mm skaft.","robots":{"index":"index","follow":"follow","max-snippet":"max-snippet:-1","max-image-preview":"max-image-preview:large","max-video-preview":"max-video-preview:-1"},"canonical":"https:\/\/c-hessler.de\/da\/butik\/kantskaerer-med-trykluft-kf-400-iii\/","og_locale":"da_DK","og_type":"article","og_title":"Kantenfr\u00e4se mit Druckluft KF 400 III","og_description":"Die Kantenfr\u00e4se KF 400 III wird mit Druckluft angetrieben. \u00c4hnlich zur fr\u00fcheren Lamello Profila Pro. Die Fr\u00e4se hat Schaft 8 mm.","og_url":"https:\/\/c-hessler.de\/da\/butik\/kantskaerer-med-trykluft-kf-400-iii\/","og_site_name":"Dr. Christoph He\u00dfler Maschinensysteme","article_publisher":"https:\/\/www.facebook.com\/DrChristophHesslerMaschinensysteme\/","article_modified_time":"2025-12-09T16:09:41+00:00","og_image":[{"width":1600,"height":1200,"url":"https:\/\/c-hessler.de\/wp-content\/uploads\/2022\/06\/P1010024freigestellt.jpg","type":"image\/jpeg"}],"twitter_misc":{"Pris":"490,00&nbsp;&euro; ohne MwSt.","Tilg\u00e6ngelighed":"P\u00e5 lager"},"schema":{"@context":"https:\/\/schema.org","@graph":[{"@type":"WebPage","@id":"https:\/\/c-hessler.de\/shop\/kantenfraese-mit-druckluft-kf-400-iii\/","url":"https:\/\/c-hessler.de\/shop\/kantenfraese-mit-druckluft-kf-400-iii\/","name":"Kantfr\u00e6semaskine med trykluft med monteret fr\u00e6ser, svarende til Lamello","isPartOf":{"@id":"https:\/\/c-hessler.de\/#website"},"primaryImageOfPage":{"@id":"https:\/\/c-hessler.de\/shop\/kantenfraese-mit-druckluft-kf-400-iii\/#primaryimage"},"image":{"@id":"https:\/\/c-hessler.de\/shop\/kantenfraese-mit-druckluft-kf-400-iii\/#primaryimage"},"thumbnailUrl":"https:\/\/c-hessler.de\/wp-content\/uploads\/2022\/06\/P1010024freigestellt.jpg","datePublished":"2022-06-21T17:35:57+00:00","dateModified":"2025-12-09T16:09:41+00:00","description":"Kantfr\u00e6seren KF 400 III drives af trykluft. I lighed med den tidligere Lamello Profila Pro. Overfr\u00e6seren har et 8 mm skaft.","breadcrumb":{"@id":"https:\/\/c-hessler.de\/shop\/kantenfraese-mit-druckluft-kf-400-iii\/#breadcrumb"},"inLanguage":"da-DK","potentialAction":[{"@type":"ReadAction","target":["https:\/\/c-hessler.de\/shop\/kantenfraese-mit-druckluft-kf-400-iii\/"]}]},{"@type":"ImageObject","inLanguage":"da-DK","@id":"https:\/\/c-hessler.de\/shop\/kantenfraese-mit-druckluft-kf-400-iii\/#primaryimage","url":"https:\/\/c-hessler.de\/wp-content\/uploads\/2022\/06\/P1010024freigestellt.jpg","contentUrl":"https:\/\/c-hessler.de\/wp-content\/uploads\/2022\/06\/P1010024freigestellt.jpg","width":1600,"height":1200,"caption":"Kantenfr\u00e4se KF 400 III"},{"@type":"BreadcrumbList","@id":"https:\/\/c-hessler.de\/shop\/kantenfraese-mit-druckluft-kf-400-iii\/#breadcrumb","itemListElement":[{"@type":"ListItem","position":1,"name":"Produkte","item":"https:\/\/c-hessler.de\/produkte\/"},{"@type":"ListItem","position":2,"name":"Kantenfr\u00e4se mit Druckluft KF 400 III"}]},{"@type":"WebSite","@id":"https:\/\/c-hessler.de\/#website","url":"https:\/\/c-hessler.de\/","name":"www.c-hessler.de","description":"","publisher":{"@id":"https:\/\/c-hessler.de\/#organization"},"potentialAction":[{"@type":"SearchAction","target":{"@type":"EntryPoint","urlTemplate":"https:\/\/c-hessler.de\/?s={search_term_string}"},"query-input":{"@type":"PropertyValueSpecification","valueRequired":true,"valueName":"search_term_string"}}],"inLanguage":"da-DK"},{"@type":"Organization","@id":"https:\/\/c-hessler.de\/#organization","name":"Dr. Christoph He\u00dfler Maskinsystemer","alternateName":"Dr. Christoph He\u00dfler Maschinensysteme","url":"https:\/\/c-hessler.de\/","logo":{"@type":"ImageObject","inLanguage":"da-DK","@id":"https:\/\/c-hessler.de\/#\/schema\/logo\/image\/","url":"https:\/\/c-hessler.de\/wp-content\/uploads\/2026\/02\/Draw-03-150312-110115-Ausgeschnitten-I.jpg","contentUrl":"https:\/\/c-hessler.de\/wp-content\/uploads\/2026\/02\/Draw-03-150312-110115-Ausgeschnitten-I.jpg","width":445,"height":394,"caption":"Dr. Christoph He\u00dfler Maschinensysteme"},"image":{"@id":"https:\/\/c-hessler.de\/#\/schema\/logo\/image\/"},"sameAs":["https:\/\/www.facebook.com\/DrChristophHesslerMaschinensysteme\/","https:\/\/www.pinterest.de\/hesstools\/","https:\/\/www.youtube.com\/channel\/UCaNnXDGGF_BiYFQZ2kJgi-A?view_as=subscriber"],"description":"1. Ecken- und Kantenfr\u00e4sen f\u00fcr Tischler und Schreiner, Sonderanfertigungen 2. Auch f\u00fcr die Nachbearbeitung von Eck-Schwei\u00dfn\u00e4hten bei Aluminium-Werkstoffen, f\u00fcr Fahrzeugbauer oder Metallbauer aller Art","email":"christoph.hessler@c-hessler.de","telephone":"0527413012080","legalName":"Dr. Christoph He\u00dfler Maschinensysteme","foundingDate":"2003-06-05","vatID":"DE230070107","numberOfEmployees":{"@type":"QuantitativeValue","minValue":"1","maxValue":"10"}}]},"product_price_amount":"490.00","product_price_currency":"EUR","og_availability":"instock","product_availability":"instock","product_retailer_item_id":"kantenfraese-mit-druckluft-kf-400-iii","product_condition":"new"},"_links":{"self":[{"href":"https:\/\/c-hessler.de\/da\/wp-json\/wp\/v2\/product\/206349","targetHints":{"allow":["GET"]}}],"collection":[{"href":"https:\/\/c-hessler.de\/da\/wp-json\/wp\/v2\/product"}],"about":[{"href":"https:\/\/c-hessler.de\/da\/wp-json\/wp\/v2\/types\/product"}],"replies":[{"embeddable":true,"href":"https:\/\/c-hessler.de\/da\/wp-json\/wp\/v2\/comments?post=206349"}],"wp:featuredmedia":[{"embeddable":true,"href":"https:\/\/c-hessler.de\/da\/wp-json\/wp\/v2\/media\/206352"}],"wp:attachment":[{"href":"https:\/\/c-hessler.de\/da\/wp-json\/wp\/v2\/media?parent=206349"}],"wp:term":[{"taxonomy":"product_brand","embeddable":true,"href":"https:\/\/c-hessler.de\/da\/wp-json\/wp\/v2\/product_brand?post=206349"},{"taxonomy":"product_cat","embeddable":true,"href":"https:\/\/c-hessler.de\/da\/wp-json\/wp\/v2\/product_cat?post=206349"},{"taxonomy":"product_tag","embeddable":true,"href":"https:\/\/c-hessler.de\/da\/wp-json\/wp\/v2\/product_tag?post=206349"}],"curies":[{"name":"wp","href":"https:\/\/api.w.org\/{rel}","templated":true}]}}