{"id":206381,"date":"2022-07-21T10:09:15","date_gmt":"2022-07-21T08:09:15","guid":{"rendered":"https:\/\/c-hessler.de\/?post_type=product&#038;p=206381"},"modified":"2025-12-10T18:53:38","modified_gmt":"2025-12-10T17:53:38","slug":"fraeser-til-indhakkemaskiner-mz-02-90f","status":"publish","type":"product","link":"https:\/\/c-hessler.de\/da\/shop\/fraeser-fuer-ausklinker-mz-02-90f\/","title":{"rendered":"Fr\u00e6ser til udhakker MZ 02 90F A"},"content":{"rendered":"<h4 class=\"wp-block-heading\" id=\"h-ersatzfraser-fur-den-ausklinker-standzeit-und-nachscharfen\">Udskiftningsfr\u00e6ser til notcher: levetid og efterslibning<\/h4>\n\n\n\n<ul class=\"wp-block-list\">\n<li>Diamantfr\u00e6seren til udhuggeren har en levetid p\u00e5 omkring 10.000 hj\u00f8rner p\u00e5 HPL-belagte bordplader.<\/li>\n\n\n\n<li>Fr\u00e6seren kan efterslibes afh\u00e6ngigt af slid eller afskalning.<\/li>\n\n\n\n<li>Den mindste mulige diameter er teoretisk 33,6 mm.<\/li>\n\n\n\n<li>I virkeligheden b\u00f8r den mindste diameter ikke v\u00e6re mindre end 34 mm.<\/li>\n<\/ul>","protected":false},"excerpt":{"rendered":"<p>Fr\u00e6ser til udfr\u00e6sning af afrundinger i indvendige hj\u00f8rner med udfr\u00e6seren til m\u00f8beldele MZ 02 90F A.<\/p>\n<p>Fr\u00e6serne er fremstillet efter en h\u00f8j standard som individuelle stykker.<\/p>\n<ul>\n<li>2 diamantsk\u00e6rekanter<\/li>\n<li>Optimeret sk\u00e6rekantgeometri<\/li>\n<li>Fint afbalanceret<\/li>\n<li>Skaft 8<\/li>\n<li>For kurver op til radius 12,5<\/li>\n<\/ul>\n<p><strong>Ved s\u00e6rlige \u00f8nsker bedes du kontakte os via kontaktsiden eller direkte p\u00e5 telefon: 05741 3012080.<\/strong><\/p>","protected":false},"featured_media":206385,"comment_status":"open","ping_status":"closed","template":"","meta":[],"product_brand":[],"product_cat":[108],"product_tag":[106,109,38,45,111,110],"class_list":{"0":"post-206381","1":"product","2":"type-product","3":"status-publish","4":"has-post-thumbnail","6":"product_cat-werkzeuge","7":"product_tag-fraeser-45-grad","8":"product_tag-fraeser-45","9":"product_tag-handgefuehrt","10":"product_tag-kanten","11":"product_tag-schraege-kante","12":"product_tag-schraege-schmalseite","14":"first","15":"instock","16":"sale","17":"taxable","18":"shipping-taxable","19":"purchasable","20":"product-type-variable"},"yoast_head":"<!-- This site is optimized with the Yoast SEO Premium plugin v27.0 (Yoast SEO v27.3) - https:\/\/yoast.com\/product\/yoast-seo-premium-wordpress\/ -->\n<title>Fr\u00e4ser f\u00fcr den Ausklinker f\u00fcr pr\u00e4zises Fr\u00e4sen an M\u00f6belteilen<\/title>\n<meta name=\"description\" content=\"F\u00fcr das Ausfr\u00e4sen der Rundung in Innenecken an M\u00f6belteilen. Sonderfr\u00e4ser mit Diamantschneiden. Passt f\u00fcr den Ausklinker MZ 02 90F A.\" \/>\n<meta name=\"robots\" content=\"index, follow, max-snippet:-1, max-image-preview:large, max-video-preview:-1\" \/>\n<link rel=\"canonical\" href=\"https:\/\/c-hessler.de\/da\/butik\/fraeser-til-indhakkemaskiner-mz-02-90f\/\" \/>\n<meta property=\"og:locale\" content=\"da_DK\" \/>\n<meta property=\"og:type\" content=\"article\" \/>\n<meta property=\"og:title\" content=\"Fr\u00e4ser f\u00fcr Ausklinker MZ 02 90F A\" \/>\n<meta property=\"og:description\" content=\"F\u00fcr das Ausfr\u00e4sen der Rundung in Innenecken an M\u00f6belteilen. Sonderfr\u00e4ser mit Diamantschneiden. Passt f\u00fcr den Ausklinker MZ 02 90F A.\" \/>\n<meta property=\"og:url\" content=\"https:\/\/c-hessler.de\/da\/butik\/fraeser-til-indhakkemaskiner-mz-02-90f\/\" \/>\n<meta property=\"og:site_name\" content=\"Dr. Christoph He\u00dfler Maschinensysteme\" \/>\n<meta property=\"article:publisher\" content=\"https:\/\/www.facebook.com\/DrChristophHesslerMaschinensysteme\/\" \/>\n<meta property=\"article:modified_time\" content=\"2025-12-10T17:53:38+00:00\" \/>\n<meta property=\"og:image\" content=\"https:\/\/c-hessler.de\/wp-content\/uploads\/2022\/07\/Sonder-Diamant-Fraeser-bearbeitet.jpg\" \/>\n\t<meta property=\"og:image:width\" content=\"705\" \/>\n\t<meta property=\"og:image:height\" content=\"526\" \/>\n\t<meta property=\"og:image:type\" content=\"image\/jpeg\" \/>\n<meta name=\"twitter:label1\" content=\"Tilg\u00e6ngelighed\" \/>\n\t<meta name=\"twitter:data1\" content=\"P\u00e5 lager\" \/>\n<script type=\"application\/ld+json\" class=\"yoast-schema-graph\">{\"@context\":\"https:\\\/\\\/schema.org\",\"@graph\":[{\"@type\":\"WebPage\",\"@id\":\"https:\\\/\\\/c-hessler.de\\\/shop\\\/fraeser-fuer-ausklinker-mz-02-90f\\\/\",\"url\":\"https:\\\/\\\/c-hessler.de\\\/shop\\\/fraeser-fuer-ausklinker-mz-02-90f\\\/\",\"name\":\"Fr\u00e4ser f\u00fcr den Ausklinker f\u00fcr pr\u00e4zises Fr\u00e4sen an M\u00f6belteilen\",\"isPartOf\":{\"@id\":\"https:\\\/\\\/c-hessler.de\\\/#website\"},\"primaryImageOfPage\":{\"@id\":\"https:\\\/\\\/c-hessler.de\\\/shop\\\/fraeser-fuer-ausklinker-mz-02-90f\\\/#primaryimage\"},\"image\":{\"@id\":\"https:\\\/\\\/c-hessler.de\\\/shop\\\/fraeser-fuer-ausklinker-mz-02-90f\\\/#primaryimage\"},\"thumbnailUrl\":\"https:\\\/\\\/c-hessler.de\\\/wp-content\\\/uploads\\\/2022\\\/07\\\/Sonder-Diamant-Fraeser-bearbeitet.jpg\",\"datePublished\":\"2022-07-21T08:09:15+00:00\",\"dateModified\":\"2025-12-10T17:53:38+00:00\",\"description\":\"F\u00fcr das Ausfr\u00e4sen der Rundung in Innenecken an M\u00f6belteilen. Sonderfr\u00e4ser mit Diamantschneiden. Passt f\u00fcr den Ausklinker MZ 02 90F A.\",\"breadcrumb\":{\"@id\":\"https:\\\/\\\/c-hessler.de\\\/shop\\\/fraeser-fuer-ausklinker-mz-02-90f\\\/#breadcrumb\"},\"inLanguage\":\"da-DK\",\"potentialAction\":[{\"@type\":\"ReadAction\",\"target\":[\"https:\\\/\\\/c-hessler.de\\\/shop\\\/fraeser-fuer-ausklinker-mz-02-90f\\\/\"]}]},{\"@type\":\"ImageObject\",\"inLanguage\":\"da-DK\",\"@id\":\"https:\\\/\\\/c-hessler.de\\\/shop\\\/fraeser-fuer-ausklinker-mz-02-90f\\\/#primaryimage\",\"url\":\"https:\\\/\\\/c-hessler.de\\\/wp-content\\\/uploads\\\/2022\\\/07\\\/Sonder-Diamant-Fraeser-bearbeitet.jpg\",\"contentUrl\":\"https:\\\/\\\/c-hessler.de\\\/wp-content\\\/uploads\\\/2022\\\/07\\\/Sonder-Diamant-Fraeser-bearbeitet.jpg\",\"width\":705,\"height\":526,\"caption\":\"Sonderfr\u00e4ser mit Diamant-Schneiden f\u00fcr den Ausklinker f\u00fcr M\u00f6belteile\"},{\"@type\":\"BreadcrumbList\",\"@id\":\"https:\\\/\\\/c-hessler.de\\\/shop\\\/fraeser-fuer-ausklinker-mz-02-90f\\\/#breadcrumb\",\"itemListElement\":[{\"@type\":\"ListItem\",\"position\":1,\"name\":\"Produkte\",\"item\":\"https:\\\/\\\/c-hessler.de\\\/produkte\\\/\"},{\"@type\":\"ListItem\",\"position\":2,\"name\":\"Fr\u00e4ser f\u00fcr Ausklinker MZ 02 90F A\"}]},{\"@type\":\"WebSite\",\"@id\":\"https:\\\/\\\/c-hessler.de\\\/#website\",\"url\":\"https:\\\/\\\/c-hessler.de\\\/\",\"name\":\"www.c-hessler.de\",\"description\":\"\",\"publisher\":{\"@id\":\"https:\\\/\\\/c-hessler.de\\\/#organization\"},\"potentialAction\":[{\"@type\":\"SearchAction\",\"target\":{\"@type\":\"EntryPoint\",\"urlTemplate\":\"https:\\\/\\\/c-hessler.de\\\/?s={search_term_string}\"},\"query-input\":{\"@type\":\"PropertyValueSpecification\",\"valueRequired\":true,\"valueName\":\"search_term_string\"}}],\"inLanguage\":\"da-DK\"},{\"@type\":\"Organization\",\"@id\":\"https:\\\/\\\/c-hessler.de\\\/#organization\",\"name\":\"Dr. Christoph He\u00dfler Maschinensysteme\",\"alternateName\":\"Dr. Christoph He\u00dfler Maschinensysteme\",\"url\":\"https:\\\/\\\/c-hessler.de\\\/\",\"logo\":{\"@type\":\"ImageObject\",\"inLanguage\":\"da-DK\",\"@id\":\"https:\\\/\\\/c-hessler.de\\\/#\\\/schema\\\/logo\\\/image\\\/\",\"url\":\"https:\\\/\\\/c-hessler.de\\\/wp-content\\\/uploads\\\/2026\\\/02\\\/Draw-03-150312-110115-Ausgeschnitten-I.jpg\",\"contentUrl\":\"https:\\\/\\\/c-hessler.de\\\/wp-content\\\/uploads\\\/2026\\\/02\\\/Draw-03-150312-110115-Ausgeschnitten-I.jpg\",\"width\":445,\"height\":394,\"caption\":\"Dr. Christoph He\u00dfler Maschinensysteme\"},\"image\":{\"@id\":\"https:\\\/\\\/c-hessler.de\\\/#\\\/schema\\\/logo\\\/image\\\/\"},\"sameAs\":[\"https:\\\/\\\/www.facebook.com\\\/DrChristophHesslerMaschinensysteme\\\/\",\"https:\\\/\\\/www.pinterest.de\\\/hesstools\\\/\",\"https:\\\/\\\/www.youtube.com\\\/channel\\\/UCaNnXDGGF_BiYFQZ2kJgi-A?view_as=subscriber\"],\"description\":\"1. Ecken- und Kantenfr\u00e4sen f\u00fcr Tischler und Schreiner, Sonderanfertigungen 2. Auch f\u00fcr die Nachbearbeitung von Eck-Schwei\u00dfn\u00e4hten bei Aluminium-Werkstoffen, f\u00fcr Fahrzeugbauer oder Metallbauer aller Art\",\"email\":\"christoph.hessler@c-hessler.de\",\"telephone\":\"0527413012080\",\"legalName\":\"Dr. Christoph He\u00dfler Maschinensysteme\",\"foundingDate\":\"2003-06-05\",\"vatID\":\"DE230070107\",\"numberOfEmployees\":{\"@type\":\"QuantitativeValue\",\"minValue\":\"1\",\"maxValue\":\"10\"}}]}<\/script>\n<meta property=\"og:availability\" content=\"instock\" \/>\n<meta property=\"product:availability\" content=\"instock\" \/>\n<meta property=\"product:retailer_item_id\" content=\"fraeser-fuer-ausklinker-mz-02-90f\" \/>\n<meta property=\"product:condition\" content=\"new\" \/>\n<!-- \/ Yoast SEO Premium plugin. -->","yoast_head_json":{"title":"Fr\u00e6ser til udsparingen til pr\u00e6cis fr\u00e6sning af m\u00f8beldele","description":"Til udfr\u00e6sning af afrundinger i indvendige hj\u00f8rner p\u00e5 m\u00f8beldele. Specialfr\u00e6ser med diamantsk\u00e6rekanter. Passer til udfr\u00e6seren MZ 02 90F A.","robots":{"index":"index","follow":"follow","max-snippet":"max-snippet:-1","max-image-preview":"max-image-preview:large","max-video-preview":"max-video-preview:-1"},"canonical":"https:\/\/c-hessler.de\/da\/butik\/fraeser-til-indhakkemaskiner-mz-02-90f\/","og_locale":"da_DK","og_type":"article","og_title":"Fr\u00e4ser f\u00fcr Ausklinker MZ 02 90F A","og_description":"F\u00fcr das Ausfr\u00e4sen der Rundung in Innenecken an M\u00f6belteilen. Sonderfr\u00e4ser mit Diamantschneiden. Passt f\u00fcr den Ausklinker MZ 02 90F A.","og_url":"https:\/\/c-hessler.de\/da\/butik\/fraeser-til-indhakkemaskiner-mz-02-90f\/","og_site_name":"Dr. Christoph He\u00dfler Maschinensysteme","article_publisher":"https:\/\/www.facebook.com\/DrChristophHesslerMaschinensysteme\/","article_modified_time":"2025-12-10T17:53:38+00:00","og_image":[{"width":705,"height":526,"url":"https:\/\/c-hessler.de\/wp-content\/uploads\/2022\/07\/Sonder-Diamant-Fraeser-bearbeitet.jpg","type":"image\/jpeg"}],"twitter_misc":{"Tilg\u00e6ngelighed":"P\u00e5 lager"},"schema":{"@context":"https:\/\/schema.org","@graph":[{"@type":"WebPage","@id":"https:\/\/c-hessler.de\/shop\/fraeser-fuer-ausklinker-mz-02-90f\/","url":"https:\/\/c-hessler.de\/shop\/fraeser-fuer-ausklinker-mz-02-90f\/","name":"Fr\u00e6ser til udsparingen til pr\u00e6cis fr\u00e6sning af m\u00f8beldele","isPartOf":{"@id":"https:\/\/c-hessler.de\/#website"},"primaryImageOfPage":{"@id":"https:\/\/c-hessler.de\/shop\/fraeser-fuer-ausklinker-mz-02-90f\/#primaryimage"},"image":{"@id":"https:\/\/c-hessler.de\/shop\/fraeser-fuer-ausklinker-mz-02-90f\/#primaryimage"},"thumbnailUrl":"https:\/\/c-hessler.de\/wp-content\/uploads\/2022\/07\/Sonder-Diamant-Fraeser-bearbeitet.jpg","datePublished":"2022-07-21T08:09:15+00:00","dateModified":"2025-12-10T17:53:38+00:00","description":"Til udfr\u00e6sning af afrundinger i indvendige hj\u00f8rner p\u00e5 m\u00f8beldele. Specialfr\u00e6ser med diamantsk\u00e6rekanter. Passer til udfr\u00e6seren MZ 02 90F A.","breadcrumb":{"@id":"https:\/\/c-hessler.de\/shop\/fraeser-fuer-ausklinker-mz-02-90f\/#breadcrumb"},"inLanguage":"da-DK","potentialAction":[{"@type":"ReadAction","target":["https:\/\/c-hessler.de\/shop\/fraeser-fuer-ausklinker-mz-02-90f\/"]}]},{"@type":"ImageObject","inLanguage":"da-DK","@id":"https:\/\/c-hessler.de\/shop\/fraeser-fuer-ausklinker-mz-02-90f\/#primaryimage","url":"https:\/\/c-hessler.de\/wp-content\/uploads\/2022\/07\/Sonder-Diamant-Fraeser-bearbeitet.jpg","contentUrl":"https:\/\/c-hessler.de\/wp-content\/uploads\/2022\/07\/Sonder-Diamant-Fraeser-bearbeitet.jpg","width":705,"height":526,"caption":"Sonderfr\u00e4ser mit Diamant-Schneiden f\u00fcr den Ausklinker f\u00fcr M\u00f6belteile"},{"@type":"BreadcrumbList","@id":"https:\/\/c-hessler.de\/shop\/fraeser-fuer-ausklinker-mz-02-90f\/#breadcrumb","itemListElement":[{"@type":"ListItem","position":1,"name":"Produkte","item":"https:\/\/c-hessler.de\/produkte\/"},{"@type":"ListItem","position":2,"name":"Fr\u00e4ser f\u00fcr Ausklinker MZ 02 90F A"}]},{"@type":"WebSite","@id":"https:\/\/c-hessler.de\/#website","url":"https:\/\/c-hessler.de\/","name":"www.c-hessler.de","description":"","publisher":{"@id":"https:\/\/c-hessler.de\/#organization"},"potentialAction":[{"@type":"SearchAction","target":{"@type":"EntryPoint","urlTemplate":"https:\/\/c-hessler.de\/?s={search_term_string}"},"query-input":{"@type":"PropertyValueSpecification","valueRequired":true,"valueName":"search_term_string"}}],"inLanguage":"da-DK"},{"@type":"Organization","@id":"https:\/\/c-hessler.de\/#organization","name":"Dr. Christoph He\u00dfler Maskinsystemer","alternateName":"Dr. Christoph He\u00dfler Maschinensysteme","url":"https:\/\/c-hessler.de\/","logo":{"@type":"ImageObject","inLanguage":"da-DK","@id":"https:\/\/c-hessler.de\/#\/schema\/logo\/image\/","url":"https:\/\/c-hessler.de\/wp-content\/uploads\/2026\/02\/Draw-03-150312-110115-Ausgeschnitten-I.jpg","contentUrl":"https:\/\/c-hessler.de\/wp-content\/uploads\/2026\/02\/Draw-03-150312-110115-Ausgeschnitten-I.jpg","width":445,"height":394,"caption":"Dr. Christoph He\u00dfler Maschinensysteme"},"image":{"@id":"https:\/\/c-hessler.de\/#\/schema\/logo\/image\/"},"sameAs":["https:\/\/www.facebook.com\/DrChristophHesslerMaschinensysteme\/","https:\/\/www.pinterest.de\/hesstools\/","https:\/\/www.youtube.com\/channel\/UCaNnXDGGF_BiYFQZ2kJgi-A?view_as=subscriber"],"description":"1. Ecken- und Kantenfr\u00e4sen f\u00fcr Tischler und Schreiner, Sonderanfertigungen 2. Auch f\u00fcr die Nachbearbeitung von Eck-Schwei\u00dfn\u00e4hten bei Aluminium-Werkstoffen, f\u00fcr Fahrzeugbauer oder Metallbauer aller Art","email":"christoph.hessler@c-hessler.de","telephone":"0527413012080","legalName":"Dr. Christoph He\u00dfler Maschinensysteme","foundingDate":"2003-06-05","vatID":"DE230070107","numberOfEmployees":{"@type":"QuantitativeValue","minValue":"1","maxValue":"10"}}]},"og_availability":"instock","product_availability":"instock","product_retailer_item_id":"fraeser-fuer-ausklinker-mz-02-90f","product_condition":"new"},"_links":{"self":[{"href":"https:\/\/c-hessler.de\/da\/wp-json\/wp\/v2\/product\/206381","targetHints":{"allow":["GET"]}}],"collection":[{"href":"https:\/\/c-hessler.de\/da\/wp-json\/wp\/v2\/product"}],"about":[{"href":"https:\/\/c-hessler.de\/da\/wp-json\/wp\/v2\/types\/product"}],"replies":[{"embeddable":true,"href":"https:\/\/c-hessler.de\/da\/wp-json\/wp\/v2\/comments?post=206381"}],"wp:featuredmedia":[{"embeddable":true,"href":"https:\/\/c-hessler.de\/da\/wp-json\/wp\/v2\/media\/206385"}],"wp:attachment":[{"href":"https:\/\/c-hessler.de\/da\/wp-json\/wp\/v2\/media?parent=206381"}],"wp:term":[{"taxonomy":"product_brand","embeddable":true,"href":"https:\/\/c-hessler.de\/da\/wp-json\/wp\/v2\/product_brand?post=206381"},{"taxonomy":"product_cat","embeddable":true,"href":"https:\/\/c-hessler.de\/da\/wp-json\/wp\/v2\/product_cat?post=206381"},{"taxonomy":"product_tag","embeddable":true,"href":"https:\/\/c-hessler.de\/da\/wp-json\/wp\/v2\/product_tag?post=206381"}],"curies":[{"name":"wp","href":"https:\/\/api.w.org\/{rel}","templated":true}]}}