{"id":206621,"date":"2023-05-18T15:52:32","date_gmt":"2023-05-18T13:52:32","guid":{"rendered":"https:\/\/c-hessler.de\/?post_type=product&#038;p=206621"},"modified":"2025-12-30T04:14:51","modified_gmt":"2025-12-30T03:14:51","slug":"allwinkel-buendigfraeser-mz-100-160v-h","status":"publish","type":"product","link":"https:\/\/c-hessler.de\/da\/shop\/allwinkel-buendigfraeser-mz-100-160v-h\/","title":{"rendered":"Helvinklet planfr\u00e6ser MZ 100 160V H"},"content":{"rendered":"<div style=\"height:30px\" aria-hidden=\"true\" class=\"wp-block-spacer\"><\/div>\n\n\n\n<div class=\"wp-block-columns are-vertically-aligned-center is-layout-flex wp-container-core-columns-is-layout-28f84493 wp-block-columns-is-layout-flex\">\n<div class=\"wp-block-column is-layout-flow wp-block-column-is-layout-flow\">\n<div class=\"wp-block-columns is-layout-flex wp-container-core-columns-is-layout-28f84493 wp-block-columns-is-layout-flex\">\n<div class=\"wp-block-column is-layout-flow wp-block-column-is-layout-flow\">\n<p>Arbejdsprincippet<br><\/p>\n\n\n\n<figure class=\"wp-block-image alignwide size-full\"><img fetchpriority=\"high\" decoding=\"async\" width=\"1091\" height=\"600\" src=\"https:\/\/c-hessler.de\/wp-content\/uploads\/2023\/05\/Screenshot-2022-04-04-184259-e1684341417946.jpg\" alt=\"\" class=\"wp-image-206600\" srcset=\"https:\/\/c-hessler.de\/wp-content\/uploads\/2023\/05\/Screenshot-2022-04-04-184259-e1684341417946.jpg 1091w, https:\/\/c-hessler.de\/wp-content\/uploads\/2023\/05\/Screenshot-2022-04-04-184259-e1684341417946-300x165.jpg 300w, https:\/\/c-hessler.de\/wp-content\/uploads\/2023\/05\/Screenshot-2022-04-04-184259-e1684341417946-1024x563.jpg 1024w, https:\/\/c-hessler.de\/wp-content\/uploads\/2023\/05\/Screenshot-2022-04-04-184259-e1684341417946-768x422.jpg 768w, https:\/\/c-hessler.de\/wp-content\/uploads\/2023\/05\/Screenshot-2022-04-04-184259-e1684341417946-1080x594.jpg 1080w, https:\/\/c-hessler.de\/wp-content\/uploads\/2023\/05\/Screenshot-2022-04-04-184259-e1684341417946-800x440.jpg 800w, https:\/\/c-hessler.de\/wp-content\/uploads\/2023\/05\/Screenshot-2022-04-04-184259-e1684341417946-150x82.jpg 150w\" sizes=\"(max-width: 1091px) 100vw, 1091px\" \/><\/figure>\n\n\n\n<p>Arbejdsprincippet er baseret p\u00e5\u00a0<a href=\"https:\/\/c-hessler.de\/da\/butik\/endefraeser-til-limede-kanter-pa-mobeldele-af-trae\/\">Standard planfr\u00e6ser og er beskrevet der<\/a>.<\/p>\n<\/div>\n\n\n\n<div class=\"wp-block-column is-layout-flow wp-block-column-is-layout-flow\">\n<p>Anvendelsen p\u00e5 det komplekse emne<\/p>\n\n\n\n<figure class=\"wp-block-image alignwide size-full\"><img decoding=\"async\" width=\"1067\" height=\"800\" src=\"https:\/\/c-hessler.de\/wp-content\/uploads\/2023\/05\/P1000693-scaled-e1684259419217.jpg\" alt=\"Flush-fr\u00e6ser H med arbejdsemnet 1\" class=\"wp-image-206584\" srcset=\"https:\/\/c-hessler.de\/wp-content\/uploads\/2023\/05\/P1000693-scaled-e1684259419217.jpg 1067w, https:\/\/c-hessler.de\/wp-content\/uploads\/2023\/05\/P1000693-scaled-e1684259419217-300x225.jpg 300w, https:\/\/c-hessler.de\/wp-content\/uploads\/2023\/05\/P1000693-scaled-e1684259419217-1024x768.jpg 1024w, https:\/\/c-hessler.de\/wp-content\/uploads\/2023\/05\/P1000693-scaled-e1684259419217-768x576.jpg 768w, https:\/\/c-hessler.de\/wp-content\/uploads\/2023\/05\/P1000693-scaled-e1684259419217-510x382.jpg 510w, https:\/\/c-hessler.de\/wp-content\/uploads\/2023\/05\/P1000693-scaled-e1684259419217-800x600.jpg 800w, https:\/\/c-hessler.de\/wp-content\/uploads\/2023\/05\/P1000693-scaled-e1684259419217-150x112.jpg 150w\" sizes=\"(max-width: 1067px) 100vw, 1067px\" \/><\/figure>\n<\/div>\n<\/div>\n<\/div>\n<\/div>\n\n\n\n<div class=\"wp-block-columns are-vertically-aligned-center is-layout-flex wp-container-core-columns-is-layout-28f84493 wp-block-columns-is-layout-flex\">\n<div class=\"wp-block-column is-layout-flow wp-block-column-is-layout-flow\">\n<div class=\"wp-block-columns is-layout-flex wp-container-core-columns-is-layout-28f84493 wp-block-columns-is-layout-flex\">\n<div class=\"wp-block-column is-layout-flow wp-block-column-is-layout-flow\">\n<p><strong>Historien bag planfr\u00e6seren H<\/strong><\/p>\n\n\n\n<div style=\"height:13px\" aria-hidden=\"true\" class=\"wp-block-spacer\"><\/div>\n\n\n\n<p><em>Fort\u00e6llinger skabt med AI (kunstig intelligens) p\u00e5 basis af virkelige specifikationer, revideret med menneskelig intelligens. Vi demonstrerer, hvad der er muligt med nye metoder, og at vi som virksomhed bruger dem for vores kunder:<\/em><\/p>\n\n\n\n<div style=\"height:16px\" aria-hidden=\"true\" class=\"wp-block-spacer\"><\/div>\n\n\n\n<p>En producent af campingvogne og autocampere havde en smidig og engageret medarbejder i arbejdsforberedelsesafdelingen. Medarbejderen, hvis navn vi har \u00e6ndret, og som vi her kalder Henry, havde l\u00e6nge v\u00e6ret p\u00e5 udkig efter en m\u00e5de at forenkle de interne processer p\u00e5.<\/p>\n\n\n\n<p>Under sin internets\u00f8gning st\u00f8dte Henry p\u00e5 virksomheden Dr. Christoph He\u00dfler Maschinensysteme (CHM HESSLER), som havde udviklet den innovative skyllefr\u00e6ser. Imponeret over CHM HESSLERs ekspertise og engagement tog Henry kontakt og indledte en intensiv dialog. Henry inds\u00e5 hurtigt potentialet i en ny fr\u00e6ser til produktion af campingvogne og autocampere. Han kunne levende forestille sig, hvordan brugen af dette innovative v\u00e6rkt\u00f8j ville forbedre kvaliteten af arbejdet og samtidig reducere produktionstiden. Hans passion for arbejdet drev ham til at finde en l\u00f8sning p\u00e5, hvordan den nye fr\u00e6ser kunne integreres i virksomheden.<\/p>\n\n\n\n<p>Det viste sig i f\u00f8rste omgang, at&nbsp;<a href=\"https:\/\/c-hessler.de\/da\/butik\/allwinkel-buendigfraeser-mz-100-160v\/\" target=\"_blank\" rel=\"noreferrer noopener\">Eksisterende planfr\u00e6sere<\/a>&nbsp;kunne ikke bearbejde alle de emner, som campingvognsproducenten havde brug for. Da kravene var blevet afklaret, udviklede CHM HESSLER en s\u00e6rlig variant H af planfr\u00e6seren, som opfyldte virksomhedens krav. Henry gav vigtig feedback p\u00e5 udviklingen af denne variant og arbejdede t\u00e6t sammen med CHM HESSLERs designafdeling og produktionspersonale. P\u00e5 den m\u00e5de sikrede han, at den nye planfr\u00e6ser var perfekt skr\u00e6ddersyet til campingvognsproducentens behov.<\/p>\n\n\n\n<p>Under hele projektet bar Henry en maske p\u00e5 grund af corona-perioden, hvilket gjorde hans ansigt ukendt for CHM HESSLER. P\u00e5 trods af denne fysiske barriere fortsatte han med at arbejde t\u00e6t sammen med CHM HESSLER for at diskutere og implementere koncepter, \u00e6ndringer, testudrulninger og beskyttelseselementer.<\/p>\n\n\n\n<p>Da flush-fr\u00e6seren H endelig blev introduceret med succes, var campingvognsproducenten begejstret for den kvalitet og pr\u00e6cision, den leverede. Medarbejderne var taknemmelige for Henrys engagement og tog imod den nye fr\u00e6ser med begejstring. Produktionsprocesserne blev mere effektive, og arbejdet blev lettere, hvilket f\u00f8rte til \u00f8get tilfredshed og motivation blandt medarbejderne.<\/p>\n\n\n\n<p>Efter den vellykkede lancering af planfr\u00e6seren H havde Henry endelig mulighed for at bes\u00f8ge CHM HESSLER p\u00e5 deres messestand og m\u00f8de dem personligt. At blive m\u00f8dt uden maske symboliserede afslutningen p\u00e5 et f\u00e6lles projekt og succesen med samarbejdet mellem campingvognsproducenten og CHM HESSLER. Henry fortjener anerkendelse for sin v\u00e6rdifulde rolle i introduktionen af H-flush-fr\u00e6seren.<\/p>\n\n\n\n<p>Historien om skyllefr\u00e6seren H og samarbejdet mellem Henry f\u00fcr den Wohnwagenbauer og CHM HESSLER understreger vigtigheden af partnerskaber, innovation og tilpasningsevne. Den viser, hvordan f\u00e6lles engagement og samarbejde kan f\u00f8re til nye l\u00f8sninger, selv i udfordrende tider som f.eks. coronapandemien.<\/p>\n<\/div>\n\n\n\n<div class=\"wp-block-column is-layout-flow wp-block-column-is-layout-flow\">\n<p><\/p>\n\n\n\n<figure class=\"wp-block-image size-large\"><img decoding=\"async\" width=\"1024\" height=\"768\" src=\"https:\/\/c-hessler.de\/wp-content\/uploads\/2023\/05\/P1000669-scaled-e1684259824625-1024x768.jpg\" alt=\"\" class=\"wp-image-206587\" srcset=\"https:\/\/c-hessler.de\/wp-content\/uploads\/2023\/05\/P1000669-scaled-e1684259824625-1024x768.jpg 1024w, https:\/\/c-hessler.de\/wp-content\/uploads\/2023\/05\/P1000669-scaled-e1684259824625-300x225.jpg 300w, https:\/\/c-hessler.de\/wp-content\/uploads\/2023\/05\/P1000669-scaled-e1684259824625-768x576.jpg 768w, https:\/\/c-hessler.de\/wp-content\/uploads\/2023\/05\/P1000669-scaled-e1684259824625-510x382.jpg 510w, https:\/\/c-hessler.de\/wp-content\/uploads\/2023\/05\/P1000669-scaled-e1684259824625-800x600.jpg 800w, https:\/\/c-hessler.de\/wp-content\/uploads\/2023\/05\/P1000669-scaled-e1684259824625-150x112.jpg 150w, https:\/\/c-hessler.de\/wp-content\/uploads\/2023\/05\/P1000669-scaled-e1684259824625.jpg 1067w\" sizes=\"(max-width: 1024px) 100vw, 1024px\" \/><\/figure>\n\n\n\n<h4 class=\"wp-block-heading\" id=\"h-was-der-allwinkel-bundigfraser-h-kann\">Hvad H-planfr\u00e6seren kan g\u00f8re:<\/h4>\n\n\n\n<ul class=\"wp-block-list\">\n<li>Flush-fr\u00e6sning af kantb\u00e5ndets overh\u00e6ng p\u00e5 dele med indhak og udbulinger<\/li>\n\n\n\n<li>Hurtig justering af centerstoppet for at tilpasse det til arbejdsemnets geometri<\/li>\n\n\n\n<li>Hurtig justering af det forreste stop med fastg\u00f8relsesblok<\/li>\n\n\n\n<li>Hurtigt skift mellem forskellige hj\u00f8rnevinkler uden justering<\/li>\n\n\n\n<li>Rent fr\u00e6sningsresultat<\/li>\n<\/ul>\n<\/div>\n<\/div>\n\n\n\n<p><\/p>\n<\/div>\n<\/div>","protected":false},"excerpt":{"rendered":"<p>Fladfr\u00e6seren H bruges til at fr\u00e6se flade kantfremspring p\u00e5 forsiden. I mods\u00e6tning til <a href=\"https:\/\/c-hessler.de\/da\/butik\/allwinkel-buendigfraeser-mz-100-160v\/\">Standard planfr\u00e6ser<\/a> Komplekse komponenter kan bearbejdes med H-varianten. Meget velegnet til s\u00e5kaldte puslespilsdele og andre specialdele. Gennempr\u00f8vet ved fremstilling af campingvogne og mobilhomes. Der findes en h\u00f8jreh\u00e5ndsversion som vist og en spejlvendt venstreh\u00e5ndsversion.<\/p>\n<p>Vi st\u00e5r ogs\u00e5 til r\u00e5dighed for at besvare sp\u00f8rgsm\u00e5l pr. telefon. Tlf.: 05741 3012080, internationalt: +49 5741 3012080<\/p>","protected":false},"featured_media":206577,"comment_status":"open","ping_status":"closed","template":"","meta":[],"product_brand":[],"product_cat":[58],"product_tag":[41,38,40],"class_list":{"0":"post-206621","1":"product","2":"type-product","3":"status-publish","4":"has-post-thumbnail","6":"product_cat-handgefuehrte-maschinen","7":"product_tag-aussenecken","8":"product_tag-handgefuehrt","9":"product_tag-pneumatischer-antrieb","11":"first","12":"instock","13":"sold-individually","14":"taxable","15":"shipping-taxable","16":"purchasable","17":"product-type-simple"},"yoast_head":"<!-- This site is optimized with the Yoast SEO Premium plugin v27.0 (Yoast SEO v27.3) - https:\/\/yoast.com\/product\/yoast-seo-premium-wordpress\/ -->\n<title>Allwinkel-B\u00fcndigfr\u00e4ser H von Dr. He\u00dfler Maschinensysteme<\/title>\n<meta name=\"description\" content=\"Mit dem Allwinkel-B\u00fcndigfr\u00e4ser H werden Kopf-Kanten von komplexen Teilen b\u00fcndig gefr\u00e4st. Sehr gut geeignet f\u00fcr Teile von Wohnwagen und Wohnmobilen.\" \/>\n<meta name=\"robots\" content=\"index, follow, max-snippet:-1, max-image-preview:large, max-video-preview:-1\" \/>\n<link rel=\"canonical\" href=\"https:\/\/c-hessler.de\/da\/butik\/allwinkel-buendigfraeser-mz-100-160v-h\/\" \/>\n<meta property=\"og:locale\" content=\"da_DK\" \/>\n<meta property=\"og:type\" content=\"article\" \/>\n<meta property=\"og:title\" content=\"Allwinkel-B\u00fcndigfr\u00e4ser MZ 100 160V H\" \/>\n<meta property=\"og:description\" content=\"Mit dem Allwinkel-B\u00fcndigfr\u00e4ser H werden Kopf-Kanten von komplexen Teilen b\u00fcndig gefr\u00e4st. Sehr gut geeignet f\u00fcr Teile von Wohnwagen und Wohnmobilen.\" \/>\n<meta property=\"og:url\" content=\"https:\/\/c-hessler.de\/da\/butik\/allwinkel-buendigfraeser-mz-100-160v-h\/\" \/>\n<meta property=\"og:site_name\" content=\"Dr. Christoph He\u00dfler Maschinensysteme\" \/>\n<meta property=\"article:publisher\" content=\"https:\/\/www.facebook.com\/DrChristophHesslerMaschinensysteme\/\" \/>\n<meta property=\"article:modified_time\" content=\"2025-12-30T03:14:51+00:00\" \/>\n<meta property=\"og:image\" content=\"https:\/\/c-hessler.de\/wp-content\/uploads\/2023\/05\/P1010124-scaled-e1684256696780.jpg\" \/>\n\t<meta property=\"og:image:width\" content=\"1600\" \/>\n\t<meta property=\"og:image:height\" content=\"1200\" \/>\n\t<meta property=\"og:image:type\" content=\"image\/jpeg\" \/>\n<meta name=\"twitter:label1\" content=\"Pris\" \/>\n\t<meta name=\"twitter:data1\" content=\"3.754,00&nbsp;&euro; ohne MwSt.\" \/>\n\t<meta name=\"twitter:label2\" content=\"Tilg\u00e6ngelighed\" \/>\n\t<meta name=\"twitter:data2\" content=\"P\u00e5 lager\" \/>\n<script type=\"application\/ld+json\" class=\"yoast-schema-graph\">{\"@context\":\"https:\\\/\\\/schema.org\",\"@graph\":[{\"@type\":\"WebPage\",\"@id\":\"https:\\\/\\\/c-hessler.de\\\/shop\\\/allwinkel-buendigfraeser-mz-100-160v-h\\\/\",\"url\":\"https:\\\/\\\/c-hessler.de\\\/shop\\\/allwinkel-buendigfraeser-mz-100-160v-h\\\/\",\"name\":\"Allwinkel-B\u00fcndigfr\u00e4ser H von Dr. He\u00dfler Maschinensysteme\",\"isPartOf\":{\"@id\":\"https:\\\/\\\/c-hessler.de\\\/#website\"},\"primaryImageOfPage\":{\"@id\":\"https:\\\/\\\/c-hessler.de\\\/shop\\\/allwinkel-buendigfraeser-mz-100-160v-h\\\/#primaryimage\"},\"image\":{\"@id\":\"https:\\\/\\\/c-hessler.de\\\/shop\\\/allwinkel-buendigfraeser-mz-100-160v-h\\\/#primaryimage\"},\"thumbnailUrl\":\"https:\\\/\\\/c-hessler.de\\\/wp-content\\\/uploads\\\/2023\\\/05\\\/P1010124-scaled-e1684256696780.jpg\",\"datePublished\":\"2023-05-18T13:52:32+00:00\",\"dateModified\":\"2025-12-30T03:14:51+00:00\",\"description\":\"Mit dem Allwinkel-B\u00fcndigfr\u00e4ser H werden Kopf-Kanten von komplexen Teilen b\u00fcndig gefr\u00e4st. Sehr gut geeignet f\u00fcr Teile von Wohnwagen und Wohnmobilen.\",\"breadcrumb\":{\"@id\":\"https:\\\/\\\/c-hessler.de\\\/shop\\\/allwinkel-buendigfraeser-mz-100-160v-h\\\/#breadcrumb\"},\"inLanguage\":\"da-DK\",\"potentialAction\":[{\"@type\":\"ReadAction\",\"target\":[\"https:\\\/\\\/c-hessler.de\\\/shop\\\/allwinkel-buendigfraeser-mz-100-160v-h\\\/\"]}]},{\"@type\":\"ImageObject\",\"inLanguage\":\"da-DK\",\"@id\":\"https:\\\/\\\/c-hessler.de\\\/shop\\\/allwinkel-buendigfraeser-mz-100-160v-h\\\/#primaryimage\",\"url\":\"https:\\\/\\\/c-hessler.de\\\/wp-content\\\/uploads\\\/2023\\\/05\\\/P1010124-scaled-e1684256696780.jpg\",\"contentUrl\":\"https:\\\/\\\/c-hessler.de\\\/wp-content\\\/uploads\\\/2023\\\/05\\\/P1010124-scaled-e1684256696780.jpg\",\"width\":1600,\"height\":1200,\"caption\":\"B\u00fcndigfr\u00e4ser mit Hochschwert\"},{\"@type\":\"BreadcrumbList\",\"@id\":\"https:\\\/\\\/c-hessler.de\\\/shop\\\/allwinkel-buendigfraeser-mz-100-160v-h\\\/#breadcrumb\",\"itemListElement\":[{\"@type\":\"ListItem\",\"position\":1,\"name\":\"Produkte\",\"item\":\"https:\\\/\\\/c-hessler.de\\\/produkte\\\/\"},{\"@type\":\"ListItem\",\"position\":2,\"name\":\"Allwinkel-B\u00fcndigfr\u00e4ser MZ 100 160V H\"}]},{\"@type\":\"WebSite\",\"@id\":\"https:\\\/\\\/c-hessler.de\\\/#website\",\"url\":\"https:\\\/\\\/c-hessler.de\\\/\",\"name\":\"www.c-hessler.de\",\"description\":\"\",\"publisher\":{\"@id\":\"https:\\\/\\\/c-hessler.de\\\/#organization\"},\"potentialAction\":[{\"@type\":\"SearchAction\",\"target\":{\"@type\":\"EntryPoint\",\"urlTemplate\":\"https:\\\/\\\/c-hessler.de\\\/?s={search_term_string}\"},\"query-input\":{\"@type\":\"PropertyValueSpecification\",\"valueRequired\":true,\"valueName\":\"search_term_string\"}}],\"inLanguage\":\"da-DK\"},{\"@type\":\"Organization\",\"@id\":\"https:\\\/\\\/c-hessler.de\\\/#organization\",\"name\":\"Dr. Christoph He\u00dfler Maschinensysteme\",\"alternateName\":\"Dr. Christoph He\u00dfler Maschinensysteme\",\"url\":\"https:\\\/\\\/c-hessler.de\\\/\",\"logo\":{\"@type\":\"ImageObject\",\"inLanguage\":\"da-DK\",\"@id\":\"https:\\\/\\\/c-hessler.de\\\/#\\\/schema\\\/logo\\\/image\\\/\",\"url\":\"https:\\\/\\\/c-hessler.de\\\/wp-content\\\/uploads\\\/2026\\\/02\\\/Draw-03-150312-110115-Ausgeschnitten-I.jpg\",\"contentUrl\":\"https:\\\/\\\/c-hessler.de\\\/wp-content\\\/uploads\\\/2026\\\/02\\\/Draw-03-150312-110115-Ausgeschnitten-I.jpg\",\"width\":445,\"height\":394,\"caption\":\"Dr. Christoph He\u00dfler Maschinensysteme\"},\"image\":{\"@id\":\"https:\\\/\\\/c-hessler.de\\\/#\\\/schema\\\/logo\\\/image\\\/\"},\"sameAs\":[\"https:\\\/\\\/www.facebook.com\\\/DrChristophHesslerMaschinensysteme\\\/\",\"https:\\\/\\\/www.pinterest.de\\\/hesstools\\\/\",\"https:\\\/\\\/www.youtube.com\\\/channel\\\/UCaNnXDGGF_BiYFQZ2kJgi-A?view_as=subscriber\"],\"description\":\"1. Ecken- und Kantenfr\u00e4sen f\u00fcr Tischler und Schreiner, Sonderanfertigungen 2. Auch f\u00fcr die Nachbearbeitung von Eck-Schwei\u00dfn\u00e4hten bei Aluminium-Werkstoffen, f\u00fcr Fahrzeugbauer oder Metallbauer aller Art\",\"email\":\"christoph.hessler@c-hessler.de\",\"telephone\":\"0527413012080\",\"legalName\":\"Dr. Christoph He\u00dfler Maschinensysteme\",\"foundingDate\":\"2003-06-05\",\"vatID\":\"DE230070107\",\"numberOfEmployees\":{\"@type\":\"QuantitativeValue\",\"minValue\":\"1\",\"maxValue\":\"10\"}}]}<\/script>\n<meta property=\"product:price:amount\" content=\"3754.00\" \/>\n<meta property=\"product:price:currency\" content=\"EUR\" \/>\n<meta property=\"og:availability\" content=\"instock\" \/>\n<meta property=\"product:availability\" content=\"instock\" \/>\n<meta property=\"product:retailer_item_id\" content=\"allwinkel-buendigfraeser-mz-100-160v-h\" \/>\n<meta property=\"product:condition\" content=\"new\" \/>\n<!-- \/ Yoast SEO Premium plugin. -->","yoast_head_json":{"title":"Helvinklet planfr\u00e6ser H fra Dr. Hessler Maschinensysteme","description":"Kantfr\u00e6seren H bruges til at fr\u00e6se de \u00f8verste kanter af komplekse dele i plan. Meget velegnet til dele til campingvogne og autocampere.","robots":{"index":"index","follow":"follow","max-snippet":"max-snippet:-1","max-image-preview":"max-image-preview:large","max-video-preview":"max-video-preview:-1"},"canonical":"https:\/\/c-hessler.de\/da\/butik\/allwinkel-buendigfraeser-mz-100-160v-h\/","og_locale":"da_DK","og_type":"article","og_title":"Allwinkel-B\u00fcndigfr\u00e4ser MZ 100 160V H","og_description":"Mit dem Allwinkel-B\u00fcndigfr\u00e4ser H werden Kopf-Kanten von komplexen Teilen b\u00fcndig gefr\u00e4st. Sehr gut geeignet f\u00fcr Teile von Wohnwagen und Wohnmobilen.","og_url":"https:\/\/c-hessler.de\/da\/butik\/allwinkel-buendigfraeser-mz-100-160v-h\/","og_site_name":"Dr. Christoph He\u00dfler Maschinensysteme","article_publisher":"https:\/\/www.facebook.com\/DrChristophHesslerMaschinensysteme\/","article_modified_time":"2025-12-30T03:14:51+00:00","og_image":[{"width":1600,"height":1200,"url":"https:\/\/c-hessler.de\/wp-content\/uploads\/2023\/05\/P1010124-scaled-e1684256696780.jpg","type":"image\/jpeg"}],"twitter_misc":{"Pris":"3.754,00&nbsp;&euro; ohne MwSt.","Tilg\u00e6ngelighed":"P\u00e5 lager"},"schema":{"@context":"https:\/\/schema.org","@graph":[{"@type":"WebPage","@id":"https:\/\/c-hessler.de\/shop\/allwinkel-buendigfraeser-mz-100-160v-h\/","url":"https:\/\/c-hessler.de\/shop\/allwinkel-buendigfraeser-mz-100-160v-h\/","name":"Helvinklet planfr\u00e6ser H fra Dr. Hessler Maschinensysteme","isPartOf":{"@id":"https:\/\/c-hessler.de\/#website"},"primaryImageOfPage":{"@id":"https:\/\/c-hessler.de\/shop\/allwinkel-buendigfraeser-mz-100-160v-h\/#primaryimage"},"image":{"@id":"https:\/\/c-hessler.de\/shop\/allwinkel-buendigfraeser-mz-100-160v-h\/#primaryimage"},"thumbnailUrl":"https:\/\/c-hessler.de\/wp-content\/uploads\/2023\/05\/P1010124-scaled-e1684256696780.jpg","datePublished":"2023-05-18T13:52:32+00:00","dateModified":"2025-12-30T03:14:51+00:00","description":"Kantfr\u00e6seren H bruges til at fr\u00e6se de \u00f8verste kanter af komplekse dele i plan. Meget velegnet til dele til campingvogne og autocampere.","breadcrumb":{"@id":"https:\/\/c-hessler.de\/shop\/allwinkel-buendigfraeser-mz-100-160v-h\/#breadcrumb"},"inLanguage":"da-DK","potentialAction":[{"@type":"ReadAction","target":["https:\/\/c-hessler.de\/shop\/allwinkel-buendigfraeser-mz-100-160v-h\/"]}]},{"@type":"ImageObject","inLanguage":"da-DK","@id":"https:\/\/c-hessler.de\/shop\/allwinkel-buendigfraeser-mz-100-160v-h\/#primaryimage","url":"https:\/\/c-hessler.de\/wp-content\/uploads\/2023\/05\/P1010124-scaled-e1684256696780.jpg","contentUrl":"https:\/\/c-hessler.de\/wp-content\/uploads\/2023\/05\/P1010124-scaled-e1684256696780.jpg","width":1600,"height":1200,"caption":"B\u00fcndigfr\u00e4ser mit Hochschwert"},{"@type":"BreadcrumbList","@id":"https:\/\/c-hessler.de\/shop\/allwinkel-buendigfraeser-mz-100-160v-h\/#breadcrumb","itemListElement":[{"@type":"ListItem","position":1,"name":"Produkte","item":"https:\/\/c-hessler.de\/produkte\/"},{"@type":"ListItem","position":2,"name":"Allwinkel-B\u00fcndigfr\u00e4ser MZ 100 160V H"}]},{"@type":"WebSite","@id":"https:\/\/c-hessler.de\/#website","url":"https:\/\/c-hessler.de\/","name":"www.c-hessler.de","description":"","publisher":{"@id":"https:\/\/c-hessler.de\/#organization"},"potentialAction":[{"@type":"SearchAction","target":{"@type":"EntryPoint","urlTemplate":"https:\/\/c-hessler.de\/?s={search_term_string}"},"query-input":{"@type":"PropertyValueSpecification","valueRequired":true,"valueName":"search_term_string"}}],"inLanguage":"da-DK"},{"@type":"Organization","@id":"https:\/\/c-hessler.de\/#organization","name":"Dr. Christoph He\u00dfler Maskinsystemer","alternateName":"Dr. Christoph He\u00dfler Maschinensysteme","url":"https:\/\/c-hessler.de\/","logo":{"@type":"ImageObject","inLanguage":"da-DK","@id":"https:\/\/c-hessler.de\/#\/schema\/logo\/image\/","url":"https:\/\/c-hessler.de\/wp-content\/uploads\/2026\/02\/Draw-03-150312-110115-Ausgeschnitten-I.jpg","contentUrl":"https:\/\/c-hessler.de\/wp-content\/uploads\/2026\/02\/Draw-03-150312-110115-Ausgeschnitten-I.jpg","width":445,"height":394,"caption":"Dr. Christoph He\u00dfler Maschinensysteme"},"image":{"@id":"https:\/\/c-hessler.de\/#\/schema\/logo\/image\/"},"sameAs":["https:\/\/www.facebook.com\/DrChristophHesslerMaschinensysteme\/","https:\/\/www.pinterest.de\/hesstools\/","https:\/\/www.youtube.com\/channel\/UCaNnXDGGF_BiYFQZ2kJgi-A?view_as=subscriber"],"description":"1. Ecken- und Kantenfr\u00e4sen f\u00fcr Tischler und Schreiner, Sonderanfertigungen 2. Auch f\u00fcr die Nachbearbeitung von Eck-Schwei\u00dfn\u00e4hten bei Aluminium-Werkstoffen, f\u00fcr Fahrzeugbauer oder Metallbauer aller Art","email":"christoph.hessler@c-hessler.de","telephone":"0527413012080","legalName":"Dr. Christoph He\u00dfler Maschinensysteme","foundingDate":"2003-06-05","vatID":"DE230070107","numberOfEmployees":{"@type":"QuantitativeValue","minValue":"1","maxValue":"10"}}]},"product_price_amount":"3754.00","product_price_currency":"EUR","og_availability":"instock","product_availability":"instock","product_retailer_item_id":"allwinkel-buendigfraeser-mz-100-160v-h","product_condition":"new"},"_links":{"self":[{"href":"https:\/\/c-hessler.de\/da\/wp-json\/wp\/v2\/product\/206621","targetHints":{"allow":["GET"]}}],"collection":[{"href":"https:\/\/c-hessler.de\/da\/wp-json\/wp\/v2\/product"}],"about":[{"href":"https:\/\/c-hessler.de\/da\/wp-json\/wp\/v2\/types\/product"}],"replies":[{"embeddable":true,"href":"https:\/\/c-hessler.de\/da\/wp-json\/wp\/v2\/comments?post=206621"}],"wp:featuredmedia":[{"embeddable":true,"href":"https:\/\/c-hessler.de\/da\/wp-json\/wp\/v2\/media\/206577"}],"wp:attachment":[{"href":"https:\/\/c-hessler.de\/da\/wp-json\/wp\/v2\/media?parent=206621"}],"wp:term":[{"taxonomy":"product_brand","embeddable":true,"href":"https:\/\/c-hessler.de\/da\/wp-json\/wp\/v2\/product_brand?post=206621"},{"taxonomy":"product_cat","embeddable":true,"href":"https:\/\/c-hessler.de\/da\/wp-json\/wp\/v2\/product_cat?post=206621"},{"taxonomy":"product_tag","embeddable":true,"href":"https:\/\/c-hessler.de\/da\/wp-json\/wp\/v2\/product_tag?post=206621"}],"curies":[{"name":"wp","href":"https:\/\/api.w.org\/{rel}","templated":true}]}}