{"id":4375,"date":"2014-03-17T14:48:40","date_gmt":"2014-03-17T14:48:40","guid":{"rendered":"http:\/\/prelaunch.cmssuperheroes.com\/Wordpress\/probusiness\/?page_id=4375"},"modified":"2025-12-09T12:44:03","modified_gmt":"2025-12-09T11:44:03","slug":"contact-form-7","status":"publish","type":"page","link":"https:\/\/c-hessler.de\/en\/contact-form-7\/","title":{"rendered":"Contact Form 7"},"content":{"rendered":"<p>[vc_row bg_position=&#8220;top&#8220; bg_repeat=&#8220;no-repeat&#8220; padding_top=&#8220;10&#8243; padding_bottom=&#8220;10&#8243; margin_top=&#8220;20&#8243; margin_bottom=&#8220;0&#8243; parallax_speed=&#8220;0.1&#8243;][vc_column width=&#8220;1\/4&#8243;][ww-shortcode-menu nav_menu=&#8220;71&#8243; layout=&#8220;vertical&#8220; menu_align=&#8220;left&#8220; hover_delay=&#8220;0&#8243; menu_line_height=&#8220;80&#8243; title=&#8220;Features Menu&#8220; style=&#8220;ww-menu-style4&#8243;][\/vc_column][vc_column width=&#8220;3\/4&#8243;][vc_single_image image=&#8220;5614&#8243; img_link_target=&#8220;_self&#8220; img_border=&#8220;no-top-boder&#8220; title=&#8220;Start Capturing Your Customers Details&#8220; img_size=&#8220;868&#215;270&#8243; el_class=&#8220;bg-title&#8220;][ww-shortcode-gap height=&#8220;40&#8243;][vc_row_inner el_class=&#8220;welcome&#8220;][vc_column_inner width=&#8220;2\/3&#8243;][vc_column_text]<\/p>\n<h4>Create Forms Quickly &amp; Easily<\/h4>\n<p>Capture your clients details and <span style=\"font-family: 'opensansbold';\">create slick contact forms<\/span>, we&#8217;ve included <span style=\"font-family: 'opensansbold';\">two different styles<\/span> for contact form 7, <span style=\"font-family: 'opensansbold';\">the most popular form builder for WordPress.<\/span><\/p>\n<p>[\/vc_column_text][\/vc_column_inner][vc_column_inner width=&#8220;1\/3&#8243; el_class=&#8220;center&#8220;][ww-shortcode-gap height=&#8220;10&#8243;][ww-shortcode-button icon_position=&#8220;left&#8220; colour=&#8220;preset&#8220; type=&#8220;standard&#8220; size=&#8220;large&#8220; target=&#8220;_blank&#8220; animate_type=&#8220;none&#8220; icon=&#8220;fa fa-gift&#8220; label=&#8220;PURCHASE NOW&#8220; link=&#8220;http:\/\/themeforest.net\/user\/CMSSuperHeroes&#8220;][\/vc_column_inner][\/vc_row_inner][ww-shortcode-gap height=&#8220;40&#8243;][vc_text_separator title=&#8220;FORM STYLE 1&#8243; title_align=&#8220;separator_align_center&#8220;][ww-shortcode-gap height=&#8220;40&#8243;][contact_form_vc id=&#8220;25&#8243; form_style=&#8220;style-1&#8243;][ww-shortcode-gap height=&#8220;40&#8243;][vc_text_separator title=&#8220;FORM STYLE 2&#8243; title_align=&#8220;separator_align_center&#8220;][ww-shortcode-gap height=&#8220;40&#8243;][contact_form_vc id=&#8220;25&#8243; form_style=&#8220;style-2&#8243;][ww-shortcode-gap height=&#8220;40&#8243;][vc_text_separator title=&#8220;ALL FORM ELEMENTS&#8220; title_align=&#8220;separator_align_center&#8220;][ww-shortcode-gap height=&#8220;40&#8243;][contact_form_vc id=&#8220;4420&#8243; form_style=&#8220;style-2&#8243;][ww-shortcode-gap height=&#8220;40&#8243;][\/vc_column][\/vc_row]<\/p>\n","protected":false},"excerpt":{"rendered":"<p>[vc_row bg_position=&#8220;top&#8220; bg_repeat=&#8220;no-repeat&#8220; padding_top=&#8220;10&#8243; padding_bottom=&#8220;10&#8243; margin_top=&#8220;20&#8243; margin_bottom=&#8220;0&#8243; parallax_speed=&#8220;0.1&#8243;][vc_column width=&#8220;1\/4&#8243;][ww-shortcode-menu nav_menu=&#8220;71&#8243; layout=&#8220;vertical&#8220; menu_align=&#8220;left&#8220; hover_delay=&#8220;0&#8243; menu_line_height=&#8220;80&#8243; title=&#8220;Features Menu&#8220; style=&#8220;ww-menu-style4&#8243;][\/vc_column][vc_column width=&#8220;3\/4&#8243;][vc_single_image image=&#8220;5614&#8243; img_link_target=&#8220;_self&#8220; img_border=&#8220;no-top-boder&#8220; title=&#8220;Start Capturing Your Customers Details&#8220; img_size=&#8220;868&#215;270&#8243; el_class=&#8220;bg-title&#8220;][ww-shortcode-gap height=&#8220;40&#8243;][vc_row_inner el_class=&#8220;welcome&#8220;][vc_column_inner width=&#8220;2\/3&#8243;][vc_column_text] Create Forms Quickly &amp; Easily Capture your clients details and create slick contact forms, we&#8217;ve included two different styles for contact form 7, the [&hellip;]<\/p>\n","protected":false},"author":9,"featured_media":0,"parent":0,"menu_order":0,"comment_status":"closed","ping_status":"closed","template":"","meta":{"footnotes":""},"class_list":["post-4375","page","type-page","status-publish","hentry"],"yoast_head":"<!-- This site is optimized with the Yoast SEO Premium plugin v27.0 (Yoast SEO v27.4) - https:\/\/yoast.com\/product\/yoast-seo-premium-wordpress\/ -->\n<title>Contact Form 7 - Dr. Christoph He\u00dfler Maschinensysteme<\/title>\n<meta name=\"robots\" content=\"index, follow, max-snippet:-1, max-image-preview:large, max-video-preview:-1\" \/>\n<link rel=\"canonical\" href=\"https:\/\/c-hessler.de\/en\/contact-form-7\/\" \/>\n<meta property=\"og:locale\" content=\"en_GB\" \/>\n<meta property=\"og:type\" content=\"article\" \/>\n<meta property=\"og:title\" content=\"Contact Form 7\" \/>\n<meta property=\"og:description\" content=\"[vc_row bg_position=&#8220;top&#8220; bg_repeat=&#8220;no-repeat&#8220; padding_top=&#8220;10&#8243; padding_bottom=&#8220;10&#8243; margin_top=&#8220;20&#8243; margin_bottom=&#8220;0&#8243; parallax_speed=&#8220;0.1&#8243;][vc_column width=&#8220;1\/4&#8243;][ww-shortcode-menu nav_menu=&#8220;71&#8243; layout=&#8220;vertical&#8220; menu_align=&#8220;left&#8220; hover_delay=&#8220;0&#8243; menu_line_height=&#8220;80&#8243; title=&#8220;Features Menu&#8220; style=&#8220;ww-menu-style4&#8243;][\/vc_column][vc_column width=&#8220;3\/4&#8243;][vc_single_image image=&#8220;5614&#8243; img_link_target=&#8220;_self&#8220; img_border=&#8220;no-top-boder&#8220; title=&#8220;Start Capturing Your Customers Details&#8220; img_size=&#8220;868&#215;270&#8243; el_class=&#8220;bg-title&#8220;][ww-shortcode-gap height=&#8220;40&#8243;][vc_row_inner el_class=&#8220;welcome&#8220;][vc_column_inner width=&#8220;2\/3&#8243;][vc_column_text] Create Forms Quickly &amp; Easily Capture your clients details and create slick contact forms, we&#8217;ve included two different styles for contact form 7, the [&hellip;]\" \/>\n<meta property=\"og:url\" content=\"https:\/\/c-hessler.de\/en\/contact-form-7\/\" \/>\n<meta property=\"og:site_name\" content=\"Dr. Christoph He\u00dfler Maschinensysteme\" \/>\n<meta property=\"article:publisher\" content=\"https:\/\/www.facebook.com\/DrChristophHesslerMaschinensysteme\/\" \/>\n<meta property=\"article:modified_time\" content=\"2025-12-09T11:44:03+00:00\" \/>\n<meta name=\"twitter:label1\" content=\"Estimated reading time\" \/>\n\t<meta name=\"twitter:data1\" content=\"1 minute\" \/>\n<script type=\"application\/ld+json\" class=\"yoast-schema-graph\">{\"@context\":\"https:\\\/\\\/schema.org\",\"@graph\":[{\"@type\":\"WebPage\",\"@id\":\"https:\\\/\\\/c-hessler.de\\\/contact-form-7\\\/\",\"url\":\"https:\\\/\\\/c-hessler.de\\\/contact-form-7\\\/\",\"name\":\"Contact Form 7 - Dr. Christoph He\u00dfler Maschinensysteme\",\"isPartOf\":{\"@id\":\"https:\\\/\\\/c-hessler.de\\\/#website\"},\"datePublished\":\"2014-03-17T14:48:40+00:00\",\"dateModified\":\"2025-12-09T11:44:03+00:00\",\"inLanguage\":\"en-GB\",\"potentialAction\":[{\"@type\":\"ReadAction\",\"target\":[\"https:\\\/\\\/c-hessler.de\\\/contact-form-7\\\/\"]}]},{\"@type\":\"WebSite\",\"@id\":\"https:\\\/\\\/c-hessler.de\\\/#website\",\"url\":\"https:\\\/\\\/c-hessler.de\\\/\",\"name\":\"www.c-hessler.de\",\"description\":\"\",\"publisher\":{\"@id\":\"https:\\\/\\\/c-hessler.de\\\/#organization\"},\"potentialAction\":[{\"@type\":\"SearchAction\",\"target\":{\"@type\":\"EntryPoint\",\"urlTemplate\":\"https:\\\/\\\/c-hessler.de\\\/?s={search_term_string}\"},\"query-input\":{\"@type\":\"PropertyValueSpecification\",\"valueRequired\":true,\"valueName\":\"search_term_string\"}}],\"inLanguage\":\"en-GB\"},{\"@type\":\"Organization\",\"@id\":\"https:\\\/\\\/c-hessler.de\\\/#organization\",\"name\":\"Dr. Christoph He\u00dfler Maschinensysteme\",\"alternateName\":\"Dr. Christoph He\u00dfler Maschinensysteme\",\"url\":\"https:\\\/\\\/c-hessler.de\\\/\",\"logo\":{\"@type\":\"ImageObject\",\"inLanguage\":\"en-GB\",\"@id\":\"https:\\\/\\\/c-hessler.de\\\/#\\\/schema\\\/logo\\\/image\\\/\",\"url\":\"https:\\\/\\\/c-hessler.de\\\/wp-content\\\/uploads\\\/2026\\\/02\\\/Draw-03-150312-110115-Ausgeschnitten-I.jpg\",\"contentUrl\":\"https:\\\/\\\/c-hessler.de\\\/wp-content\\\/uploads\\\/2026\\\/02\\\/Draw-03-150312-110115-Ausgeschnitten-I.jpg\",\"width\":445,\"height\":394,\"caption\":\"Dr. Christoph He\u00dfler Maschinensysteme\"},\"image\":{\"@id\":\"https:\\\/\\\/c-hessler.de\\\/#\\\/schema\\\/logo\\\/image\\\/\"},\"sameAs\":[\"https:\\\/\\\/www.facebook.com\\\/DrChristophHesslerMaschinensysteme\\\/\",\"https:\\\/\\\/www.pinterest.de\\\/hesstools\\\/\",\"https:\\\/\\\/www.youtube.com\\\/channel\\\/UCaNnXDGGF_BiYFQZ2kJgi-A?view_as=subscriber\"],\"description\":\"1. Ecken- und Kantenfr\u00e4sen f\u00fcr Tischler und Schreiner, Sonderanfertigungen 2. Auch f\u00fcr die Nachbearbeitung von Eck-Schwei\u00dfn\u00e4hten bei Aluminium-Werkstoffen, f\u00fcr Fahrzeugbauer oder Metallbauer aller Art\",\"email\":\"christoph.hessler@c-hessler.de\",\"telephone\":\"0527413012080\",\"legalName\":\"Dr. Christoph He\u00dfler Maschinensysteme\",\"foundingDate\":\"2003-06-05\",\"vatID\":\"DE230070107\",\"numberOfEmployees\":{\"@type\":\"QuantitativeValue\",\"minValue\":\"1\",\"maxValue\":\"10\"}}]}<\/script>\n<!-- \/ Yoast SEO Premium plugin. -->","yoast_head_json":{"title":"Contact Form 7 - Dr Christoph He\u00dfler Machine Systems","robots":{"index":"index","follow":"follow","max-snippet":"max-snippet:-1","max-image-preview":"max-image-preview:large","max-video-preview":"max-video-preview:-1"},"canonical":"https:\/\/c-hessler.de\/en\/contact-form-7\/","og_locale":"en_GB","og_type":"article","og_title":"Contact Form 7","og_description":"[vc_row bg_position=&#8220;top&#8220; bg_repeat=&#8220;no-repeat&#8220; padding_top=&#8220;10&#8243; padding_bottom=&#8220;10&#8243; margin_top=&#8220;20&#8243; margin_bottom=&#8220;0&#8243; parallax_speed=&#8220;0.1&#8243;][vc_column width=&#8220;1\/4&#8243;][ww-shortcode-menu nav_menu=&#8220;71&#8243; layout=&#8220;vertical&#8220; menu_align=&#8220;left&#8220; hover_delay=&#8220;0&#8243; menu_line_height=&#8220;80&#8243; title=&#8220;Features Menu&#8220; style=&#8220;ww-menu-style4&#8243;][\/vc_column][vc_column width=&#8220;3\/4&#8243;][vc_single_image image=&#8220;5614&#8243; img_link_target=&#8220;_self&#8220; img_border=&#8220;no-top-boder&#8220; title=&#8220;Start Capturing Your Customers Details&#8220; img_size=&#8220;868&#215;270&#8243; el_class=&#8220;bg-title&#8220;][ww-shortcode-gap height=&#8220;40&#8243;][vc_row_inner el_class=&#8220;welcome&#8220;][vc_column_inner width=&#8220;2\/3&#8243;][vc_column_text] Create Forms Quickly &amp; Easily Capture your clients details and create slick contact forms, we&#8217;ve included two different styles for contact form 7, the [&hellip;]","og_url":"https:\/\/c-hessler.de\/en\/contact-form-7\/","og_site_name":"Dr. Christoph He\u00dfler Maschinensysteme","article_publisher":"https:\/\/www.facebook.com\/DrChristophHesslerMaschinensysteme\/","article_modified_time":"2025-12-09T11:44:03+00:00","twitter_misc":{"Estimated reading time":"1 minute"},"schema":{"@context":"https:\/\/schema.org","@graph":[{"@type":"WebPage","@id":"https:\/\/c-hessler.de\/contact-form-7\/","url":"https:\/\/c-hessler.de\/contact-form-7\/","name":"Contact Form 7 - Dr Christoph He\u00dfler Machine Systems","isPartOf":{"@id":"https:\/\/c-hessler.de\/#website"},"datePublished":"2014-03-17T14:48:40+00:00","dateModified":"2025-12-09T11:44:03+00:00","inLanguage":"en-GB","potentialAction":[{"@type":"ReadAction","target":["https:\/\/c-hessler.de\/contact-form-7\/"]}]},{"@type":"WebSite","@id":"https:\/\/c-hessler.de\/#website","url":"https:\/\/c-hessler.de\/","name":"www.c-hessler.de","description":"","publisher":{"@id":"https:\/\/c-hessler.de\/#organization"},"potentialAction":[{"@type":"SearchAction","target":{"@type":"EntryPoint","urlTemplate":"https:\/\/c-hessler.de\/?s={search_term_string}"},"query-input":{"@type":"PropertyValueSpecification","valueRequired":true,"valueName":"search_term_string"}}],"inLanguage":"en-GB"},{"@type":"Organization","@id":"https:\/\/c-hessler.de\/#organization","name":"Dr Christoph He\u00dfler Machine Systems","alternateName":"Dr. Christoph He\u00dfler Maschinensysteme","url":"https:\/\/c-hessler.de\/","logo":{"@type":"ImageObject","inLanguage":"en-GB","@id":"https:\/\/c-hessler.de\/#\/schema\/logo\/image\/","url":"https:\/\/c-hessler.de\/wp-content\/uploads\/2026\/02\/Draw-03-150312-110115-Ausgeschnitten-I.jpg","contentUrl":"https:\/\/c-hessler.de\/wp-content\/uploads\/2026\/02\/Draw-03-150312-110115-Ausgeschnitten-I.jpg","width":445,"height":394,"caption":"Dr. Christoph He\u00dfler Maschinensysteme"},"image":{"@id":"https:\/\/c-hessler.de\/#\/schema\/logo\/image\/"},"sameAs":["https:\/\/www.facebook.com\/DrChristophHesslerMaschinensysteme\/","https:\/\/www.pinterest.de\/hesstools\/","https:\/\/www.youtube.com\/channel\/UCaNnXDGGF_BiYFQZ2kJgi-A?view_as=subscriber"],"description":"1. Ecken- und Kantenfr\u00e4sen f\u00fcr Tischler und Schreiner, Sonderanfertigungen 2. Auch f\u00fcr die Nachbearbeitung von Eck-Schwei\u00dfn\u00e4hten bei Aluminium-Werkstoffen, f\u00fcr Fahrzeugbauer oder Metallbauer aller Art","email":"christoph.hessler@c-hessler.de","telephone":"0527413012080","legalName":"Dr. Christoph He\u00dfler Maschinensysteme","foundingDate":"2003-06-05","vatID":"DE230070107","numberOfEmployees":{"@type":"QuantitativeValue","minValue":"1","maxValue":"10"}}]}},"_hostinger_reach_plugin_has_subscription_block":false,"_hostinger_reach_plugin_is_elementor":false,"_links":{"self":[{"href":"https:\/\/c-hessler.de\/en\/wp-json\/wp\/v2\/pages\/4375","targetHints":{"allow":["GET"]}}],"collection":[{"href":"https:\/\/c-hessler.de\/en\/wp-json\/wp\/v2\/pages"}],"about":[{"href":"https:\/\/c-hessler.de\/en\/wp-json\/wp\/v2\/types\/page"}],"author":[{"embeddable":true,"href":"https:\/\/c-hessler.de\/en\/wp-json\/wp\/v2\/users\/9"}],"replies":[{"embeddable":true,"href":"https:\/\/c-hessler.de\/en\/wp-json\/wp\/v2\/comments?post=4375"}],"version-history":[{"count":0,"href":"https:\/\/c-hessler.de\/en\/wp-json\/wp\/v2\/pages\/4375\/revisions"}],"wp:attachment":[{"href":"https:\/\/c-hessler.de\/en\/wp-json\/wp\/v2\/media?parent=4375"}],"curies":[{"name":"wp","href":"https:\/\/api.w.org\/{rel}","templated":true}]}}