{"id":8860,"date":"2015-04-23T14:15:37","date_gmt":"2015-04-23T12:15:37","guid":{"rendered":"http:\/\/\/?page_id=8860"},"modified":"2025-12-12T13:50:57","modified_gmt":"2025-12-12T12:50:57","slug":"press","status":"publish","type":"page","link":"https:\/\/c-hessler.de\/en\/presse\/","title":{"rendered":"Press"},"content":{"rendered":"<div data-elementor-type=\"wp-page\" data-elementor-id=\"8860\" class=\"elementor elementor-8860\" data-elementor-settings=\"{&quot;ha_cmc_init_switcher&quot;:&quot;no&quot;}\" data-elementor-post-type=\"page\">\n\t\t\t\t<div class=\"elementor-element elementor-element-66d64e0 e-grid e-con-boxed e-con e-parent\" data-id=\"66d64e0\" data-element_type=\"container\" data-e-type=\"container\" data-settings=\"{&quot;_ha_eqh_enable&quot;:false}\">\n\t\t\t\t\t<div class=\"e-con-inner\">\n\t\t\t\t<div class=\"elementor-element elementor-element-7fc3aa2 elementor-widget elementor-widget-text-editor\" data-id=\"7fc3aa2\" data-element_type=\"widget\" data-e-type=\"widget\" data-widget_type=\"text-editor.default\">\n\t\t\t\t\t\t\t\t\t<h4 class=\"et_pb_module_header\">Our press releases<\/h4><div class=\"et_pb_blurb_description\"><h5>\u00a0<\/h5><h5>BM 11\/2024<\/h5><p>Compressed air instead of electricity:\u00a0<a href=\"https:\/\/c-hessler.de\/wp-content\/uploads\/2024\/11\/BM-11-24-Seite-62-Kantenfraesen-Druckluft.pdf\">PDF-Download<\/a><br \/><a style=\"font-size: 18px; font-weight: 600; letter-spacing: 0px; background-color: #ffffff;\" href=\"https:\/\/www.bm-online.de\/produkte-und-tests\/produkte\/technik2\/leichtgewicht-4\/\">Link to BM-Online<\/a><\/p><h5>BM 09\/ 2018<\/h5><p>CHM presents edge milling machines for bevelled narrow sides,<br \/>Weird trio:\u00a0<a href=\"https:\/\/c-hessler.de\/wp-content\/uploads\/2018\/11\/bm_2018-009_He%C3%9Fler-1.pdf\">PDF Download<\/a><br \/><a style=\"background-color: #ffffff;\" href=\"https:\/\/www.bm-online.de\/produkte-und-tests\/produkte\/technik2\/schraeges-trio\/\">Link to BM-online<\/a><\/p><p>\u00a0<\/p><h5>BM 03\/ 2018<\/h5><p>Guided corner rounding for standard edge milling: PDF\u00a0<a href=\"https:\/\/c-hessler.de\/wp-content\/uploads\/2018\/11\/bm_2018-003_144_spezial20181029.pdf\">D<\/a><a href=\"https:\/\/c-hessler.de\/wp-content\/uploads\/2018\/11\/bm_2018-003_144_spezial20181029.pdf\">ownload<\/a><br \/><a style=\"background-color: #ffffff;\" href=\"https:\/\/www.bm-online.de\/themenspecials\/holz-handwerk\/gefuehrtes-eckenrunden-fuer-standard-kantenfraesen\/\">Link to BM-online<\/a><\/p><p>\u00a0<\/p><h5>Furniture production magazine, issue 1 \/ 2015<\/h5><p>Special cases and their consistent solution: \u00a0<a href=\"https:\/\/c-hessler.de\/wp-content\/uploads\/2015\/09\/MF_01_15_S.94-95.pdf\">PDF Download<\/a><\/p><h5>Press release Woodworking, February 2011<\/h5><p>Processing of wood (Russian): \u00a0<a href=\"https:\/\/c-hessler.de\/wp-content\/uploads\/2015\/04\/Sammelmappe2.pdf\">PDF Download<\/a><\/p><h5>Press release HOB, September 2010<\/h5><h6>Corner moulding notch:<\/h6><p>Round becomes square: \u00a0<a href=\"https:\/\/c-hessler.de\/wp-content\/uploads\/2015\/04\/35-HOB-9-10.pdf\">PDF Download<\/a><\/p><h5>Press release BM, June 2010<\/h5><p>Rationally notch inside corners: \u00a0<a href=\"https:\/\/c-hessler.de\/wp-content\/uploads\/2015\/04\/page060-artikel.pdf\">PDF Download<\/a><\/p><h5>Press release BM, September 2009<\/h5><p>Corner former for mitre inside corners: \u00a0<a href=\"https:\/\/c-hessler.de\/wp-content\/uploads\/2015\/04\/pagina.058.pdf\">PDF Download<\/a><\/p><h5>Press release dds, February 2009<\/h5><p>Corners and edges under control: \u00a0<a href=\"https:\/\/c-hessler.de\/wp-content\/uploads\/2015\/04\/2242d26a5a5cf49ffff8194ac14421f.pdf\">PDF Download<\/a><\/p><\/div>\t\t\t\t\t\t\t\t<\/div>\n\t\t<div class=\"elementor-element elementor-element-d63a4b6 e-grid e-con-full e-con e-child\" data-id=\"d63a4b6\" data-element_type=\"container\" data-e-type=\"container\" data-settings=\"{&quot;_ha_eqh_enable&quot;:false}\">\n\t\t\t\t<div class=\"elementor-element elementor-element-1264608 elementor-widget elementor-widget-image\" data-id=\"1264608\" data-element_type=\"widget\" data-e-type=\"widget\" data-widget_type=\"image.default\">\n\t\t\t\t\t\t\t\t\t\t\t\t\t\t\t<img fetchpriority=\"high\" decoding=\"async\" width=\"724\" height=\"1024\" src=\"https:\/\/c-hessler.de\/wp-content\/uploads\/2024\/11\/BM-11-24-Seite-62-Kantenfraesen-Druckluft-1-724x1024.jpg\" class=\"attachment-large size-large wp-image-206811\" alt=\"\" srcset=\"https:\/\/c-hessler.de\/wp-content\/uploads\/2024\/11\/BM-11-24-Seite-62-Kantenfraesen-Druckluft-1-724x1024.jpg 724w, https:\/\/c-hessler.de\/wp-content\/uploads\/2024\/11\/BM-11-24-Seite-62-Kantenfraesen-Druckluft-1-212x300.jpg 212w, https:\/\/c-hessler.de\/wp-content\/uploads\/2024\/11\/BM-11-24-Seite-62-Kantenfraesen-Druckluft-1-768x1086.jpg 768w, https:\/\/c-hessler.de\/wp-content\/uploads\/2024\/11\/BM-11-24-Seite-62-Kantenfraesen-Druckluft-1-1086x1536.jpg 1086w, https:\/\/c-hessler.de\/wp-content\/uploads\/2024\/11\/BM-11-24-Seite-62-Kantenfraesen-Druckluft-1-1080x1528.jpg 1080w, https:\/\/c-hessler.de\/wp-content\/uploads\/2024\/11\/BM-11-24-Seite-62-Kantenfraesen-Druckluft-1-980x1386.jpg 980w, https:\/\/c-hessler.de\/wp-content\/uploads\/2024\/11\/BM-11-24-Seite-62-Kantenfraesen-Druckluft-1-480x679.jpg 480w, https:\/\/c-hessler.de\/wp-content\/uploads\/2024\/11\/BM-11-24-Seite-62-Kantenfraesen-Druckluft-1-800x1132.jpg 800w, https:\/\/c-hessler.de\/wp-content\/uploads\/2024\/11\/BM-11-24-Seite-62-Kantenfraesen-Druckluft-1-150x212.jpg 150w, https:\/\/c-hessler.de\/wp-content\/uploads\/2024\/11\/BM-11-24-Seite-62-Kantenfraesen-Druckluft-1.jpg 1240w\" sizes=\"(max-width: 724px) 100vw, 724px\" \/>\t\t\t\t\t\t\t\t\t\t\t\t\t\t\t<\/div>\n\t\t\t\t<div class=\"elementor-element elementor-element-2309122 elementor-widget elementor-widget-image\" data-id=\"2309122\" data-element_type=\"widget\" data-e-type=\"widget\" data-widget_type=\"image.default\">\n\t\t\t\t\t\t\t\t\t\t\t\t\t\t\t<img decoding=\"async\" width=\"171\" height=\"241\" src=\"https:\/\/c-hessler.de\/wp-content\/uploads\/2015\/04\/13842971dbb.jpg\" class=\"attachment-large size-large wp-image-8887\" alt=\"Press release BM\" srcset=\"https:\/\/c-hessler.de\/wp-content\/uploads\/2015\/04\/13842971dbb.jpg 171w, https:\/\/c-hessler.de\/wp-content\/uploads\/2015\/04\/13842971dbb-150x211.jpg 150w\" sizes=\"(max-width: 171px) 100vw, 171px\" \/>\t\t\t\t\t\t\t\t\t\t\t\t\t\t\t<\/div>\n\t\t\t\t<div class=\"elementor-element elementor-element-d7ce02d elementor-widget elementor-widget-image\" data-id=\"d7ce02d\" data-element_type=\"widget\" data-e-type=\"widget\" data-widget_type=\"image.default\">\n\t\t\t\t\t\t\t\t\t\t\t\t\t\t\t<img decoding=\"async\" width=\"165\" height=\"233\" src=\"https:\/\/c-hessler.de\/wp-content\/uploads\/2015\/04\/13842506586.jpg\" class=\"attachment-large size-large wp-image-8886\" alt=\"Press release HOB\" srcset=\"https:\/\/c-hessler.de\/wp-content\/uploads\/2015\/04\/13842506586.jpg 165w, https:\/\/c-hessler.de\/wp-content\/uploads\/2015\/04\/13842506586-150x212.jpg 150w\" sizes=\"(max-width: 165px) 100vw, 165px\" \/>\t\t\t\t\t\t\t\t\t\t\t\t\t\t\t<\/div>\n\t\t\t\t<div class=\"elementor-element elementor-element-500b430 elementor-widget elementor-widget-image\" data-id=\"500b430\" data-element_type=\"widget\" data-e-type=\"widget\" data-widget_type=\"image.default\">\n\t\t\t\t\t\t\t\t\t\t\t\t\t\t\t<img loading=\"lazy\" decoding=\"async\" width=\"152\" height=\"215\" src=\"https:\/\/c-hessler.de\/wp-content\/uploads\/2015\/04\/138429be93a4.jpg\" class=\"attachment-large size-large wp-image-8900\" alt=\"Press release DDS\" srcset=\"https:\/\/c-hessler.de\/wp-content\/uploads\/2015\/04\/138429be93a4.jpg 152w, https:\/\/c-hessler.de\/wp-content\/uploads\/2015\/04\/138429be93a4-150x212.jpg 150w\" sizes=\"(max-width: 152px) 100vw, 152px\" \/>\t\t\t\t\t\t\t\t\t\t\t\t\t\t\t<\/div>\n\t\t\t\t<\/div>\n\t\t\t\t\t<\/div>\n\t\t\t\t<\/div>\n\t\t<div class=\"elementor-element elementor-element-7459a47d e-con-full e-flex e-con e-parent\" data-id=\"7459a47d\" data-element_type=\"container\" data-e-type=\"container\" data-settings=\"{&quot;background_background&quot;:&quot;classic&quot;,&quot;_ha_eqh_enable&quot;:false}\">\n\t\t\t\t<div class=\"elementor-element elementor-element-544853b7 elementor-widget elementor-widget-heading\" data-id=\"544853b7\" data-element_type=\"widget\" data-e-type=\"widget\" data-widget_type=\"heading.default\">\n\t\t\t\t\t<h2 class=\"elementor-heading-title elementor-size-default\">Why Christoph He\u00dfler Maschinensysteme?<\/h2>\t\t\t\t<\/div>\n\t\t\t\t<\/div>\n\t\t\t\t<section class=\"elementor-section elementor-top-section elementor-element elementor-element-5ffccf4a elementor-section-stretched elementor-section-boxed elementor-section-height-default elementor-section-height-default\" data-id=\"5ffccf4a\" data-element_type=\"section\" data-e-type=\"section\" data-settings=\"{&quot;stretch_section&quot;:&quot;section-stretched&quot;,&quot;background_background&quot;:&quot;classic&quot;,&quot;_ha_eqh_enable&quot;:false}\">\n\t\t\t\t\t\t<div class=\"elementor-container elementor-column-gap-extended\">\n\t\t\t\t\t<div class=\"elementor-column elementor-col-33 elementor-top-column elementor-element elementor-element-7889c183 animated-fast elementor-invisible\" data-id=\"7889c183\" data-element_type=\"column\" data-e-type=\"column\" data-settings=\"{&quot;animation&quot;:&quot;fadeIn&quot;}\">\n\t\t\t<div class=\"elementor-widget-wrap elementor-element-populated\">\n\t\t\t\t\t\t<div class=\"elementor-element elementor-element-444cf9a1 elementor-widget elementor-widget-heading\" data-id=\"444cf9a1\" data-element_type=\"widget\" data-e-type=\"widget\" data-widget_type=\"heading.default\">\n\t\t\t\t\t<h3 class=\"elementor-heading-title elementor-size-default\">This is only available here\n<\/h3>\t\t\t\t<\/div>\n\t\t\t\t<div class=\"elementor-element elementor-element-2ecc7ca3 elementor-widget elementor-widget-text-editor\" data-id=\"2ecc7ca3\" data-element_type=\"widget\" data-e-type=\"widget\" data-widget_type=\"text-editor.default\">\n\t\t\t\t\t\t\t\t\t<p style=\"text-align: center;\"><span style=\"color: #ffffff;\">\u2713 TOP function<\/span><br \/><span style=\"color: #ffffff;\">\u2713 TOP handling<\/span><br \/><span style=\"color: #ffffff;\">\u2713 TOP workmanship<\/span><br \/><span style=\"color: #ffffff;\">\u2713 Directly from the manufacturer<\/span><br \/><span style=\"color: #ffffff;\">\u2713 Advice from the manufacturer<\/span><br \/><span style=\"color: #ffffff;\">\u2713 Test free of charge<\/span><br \/><span style=\"color: #ffffff;\">\u2713 Purchase on account<\/span><\/p>\t\t\t\t\t\t\t\t<\/div>\n\t\t\t\t\t<\/div>\n\t\t<\/div>\n\t\t\t\t<div class=\"elementor-column elementor-col-33 elementor-top-column elementor-element elementor-element-699db35a animated-fast elementor-invisible\" data-id=\"699db35a\" data-element_type=\"column\" data-e-type=\"column\" data-settings=\"{&quot;animation&quot;:&quot;fadeIn&quot;,&quot;animation_delay&quot;:200}\">\n\t\t\t<div class=\"elementor-widget-wrap elementor-element-populated\">\n\t\t\t\t\t\t<div class=\"elementor-element elementor-element-27e921d5 elementor-widget elementor-widget-heading\" data-id=\"27e921d5\" data-element_type=\"widget\" data-e-type=\"widget\" data-widget_type=\"heading.default\">\n\t\t\t\t\t<h3 class=\"elementor-heading-title elementor-size-default\">Test free of charge\n<\/h3>\t\t\t\t<\/div>\n\t\t\t\t<div class=\"elementor-element elementor-element-76d653a6 elementor-widget elementor-widget-text-editor\" data-id=\"76d653a6\" data-element_type=\"widget\" data-e-type=\"widget\" data-widget_type=\"text-editor.default\">\n\t\t\t\t\t\t\t\t\t<p style=\"text-align: center;\"><span style=\"color: #ffffff;\">Are you a professional and work in a commercial environment?<\/span><br \/><span style=\"color: #ffffff;\">Then you have the opportunity to test the machines free of charge and without obligation in order to check the possible applications under your personal conditions.<\/span><\/p>\t\t\t\t\t\t\t\t<\/div>\n\t\t\t\t\t<\/div>\n\t\t<\/div>\n\t\t\t\t<div class=\"elementor-column elementor-col-33 elementor-top-column elementor-element elementor-element-268b0147 animated-fast elementor-invisible\" data-id=\"268b0147\" data-element_type=\"column\" data-e-type=\"column\" data-settings=\"{&quot;animation&quot;:&quot;fadeIn&quot;,&quot;animation_delay&quot;:400}\">\n\t\t\t<div class=\"elementor-widget-wrap elementor-element-populated\">\n\t\t\t\t\t\t<div class=\"elementor-element elementor-element-4054a33e elementor-widget elementor-widget-heading\" data-id=\"4054a33e\" data-element_type=\"widget\" data-e-type=\"widget\" data-widget_type=\"heading.default\">\n\t\t\t\t\t<h3 class=\"elementor-heading-title elementor-size-default\">Reliable service\n<\/h3>\t\t\t\t<\/div>\n\t\t\t\t<div class=\"elementor-element elementor-element-1b4dcf31 elementor-widget elementor-widget-text-editor\" data-id=\"1b4dcf31\" data-element_type=\"widget\" data-e-type=\"widget\" data-widget_type=\"text-editor.default\">\n\t\t\t\t\t\t\t\t\t<p style=\"text-align: center;\"><span style=\"color: #ffffff;\">When you buy a machine from our company, you always buy comprehensive service as well. <\/span><br \/><span style=\"color: #ffffff;\">This starts with the free provision of the machines for testing at your premises and continues with the prompt rectification of any defects and the continuous further development of our devices.<\/span><\/p>\t\t\t\t\t\t\t\t<\/div>\n\t\t\t\t\t<\/div>\n\t\t<\/div>\n\t\t\t\t\t<\/div>\n\t\t<\/section>\n\t\t\t\t<section class=\"elementor-section elementor-top-section elementor-element elementor-element-150d1e0d elementor-section-stretched elementor-section-boxed elementor-section-height-default elementor-section-height-default\" data-id=\"150d1e0d\" data-element_type=\"section\" data-e-type=\"section\" data-settings=\"{&quot;stretch_section&quot;:&quot;section-stretched&quot;,&quot;background_background&quot;:&quot;classic&quot;,&quot;_ha_eqh_enable&quot;:false}\">\n\t\t\t\t\t\t<div class=\"elementor-container elementor-column-gap-extended\">\n\t\t\t\t\t<div class=\"elementor-column elementor-col-100 elementor-top-column elementor-element elementor-element-239990d4\" data-id=\"239990d4\" data-element_type=\"column\" data-e-type=\"column\">\n\t\t\t<div class=\"elementor-widget-wrap elementor-element-populated\">\n\t\t\t\t\t\t<div class=\"elementor-element elementor-element-27cbe8e9 elementor-widget elementor-widget-heading\" data-id=\"27cbe8e9\" data-element_type=\"widget\" data-e-type=\"widget\" data-widget_type=\"heading.default\">\n\t\t\t\t\t<h2 class=\"elementor-heading-title elementor-size-default\">Personalised advice<\/h2>\t\t\t\t<\/div>\n\t\t\t\t<div class=\"elementor-element elementor-element-25e134d1 elementor-widget elementor-widget-text-editor\" data-id=\"25e134d1\" data-element_type=\"widget\" data-e-type=\"widget\" data-widget_type=\"text-editor.default\">\n\t\t\t\t\t\t\t\t\t<p style=\"text-align: left;\"><span style=\"color: #ffffff;\">Dr Christoph He\u00dfler Machine Systems<img loading=\"lazy\" decoding=\"async\" class=\"size-full wp-image-207490 alignright\" src=\"https:\/\/c-hessler.de\/wp-content\/uploads\/2025\/12\/ch2.png\" alt=\"\" width=\"260\" height=\"130\" srcset=\"https:\/\/c-hessler.de\/wp-content\/uploads\/2025\/12\/ch2.png 260w, https:\/\/c-hessler.de\/wp-content\/uploads\/2025\/12\/ch2-150x75.png 150w, https:\/\/c-hessler.de\/wp-content\/uploads\/2025\/12\/ch2-18x9.png 18w\" sizes=\"(max-width: 260px) 100vw, 260px\" \/><\/span><\/p><p style=\"text-align: left;\"><span style=\"color: #ffffff;\">At the Ronceva 5<\/span><br \/><span style=\"color: #ffffff;\">32312 L\u00fcbbecke<\/span><br \/><span style=\"color: #ffffff;\">Phone: +49 (0) 5741 \/ 3012080<\/span><br \/><span style=\"color: #ffffff;\">e-mail: christoph.hessler@c-hessler.de<\/span><\/p>\t\t\t\t\t\t\t\t<\/div>\n\t\t\t\t\t<\/div>\n\t\t<\/div>\n\t\t\t\t\t<\/div>\n\t\t<\/section>\n\t\t\t\t<\/div>","protected":false},"excerpt":{"rendered":"<p>Unsere Pressever\u00f6ffentlichungen \u00a0 BM 11\/2024 Druckluft statt Strom:\u00a0PDF-DownloadLink zu BM-Online BM 09\/ 2018 CHM pr\u00e4sentiert Kantenfr\u00e4sen f\u00fcr schr\u00e4ge Schmalseiten,Schr\u00e4ges Trio:\u00a0PDF DownloadLink zu BM-online \u00a0 BM 03\/ 2018 Gef\u00fchrtes Eckenrunden f\u00fcr Standard-Kantenfr\u00e4sen:\u00a0PDF\u00a0DownloadLink zu BM-online \u00a0 Zeitschrift M\u00f6belfertigung, Ausgabe 1 \/ 2015 Spezialf\u00e4lle und ihre konsequente L\u00f6sung: \u00a0PDF Download Pressever\u00f6ffentlichung Woodworking, Februar 2011 Verarbeitung von Holz (russisch): [&hellip;]<\/p>\n","protected":false},"author":5,"featured_media":0,"parent":0,"menu_order":0,"comment_status":"closed","ping_status":"closed","template":"elementor_header_footer","meta":{"footnotes":""},"class_list":["post-8860","page","type-page","status-publish","hentry"],"yoast_head":"<!-- This site is optimized with the Yoast SEO Premium plugin v27.0 (Yoast SEO v27.3) - https:\/\/yoast.com\/product\/yoast-seo-premium-wordpress\/ -->\n<title>Presse \u2022 Dr. Christoph Hessler Maschinensysteme<\/title>\n<meta name=\"description\" content=\"Unsere Pressever\u00f6ffentlichungen in angesehenen Fachzeitschriften: Zeitschrift M\u00f6belfertigung, Woodworking, HOB, BM, DDS. Alles Ver\u00f6ffentlichungen als pdf.\" \/>\n<meta name=\"robots\" content=\"index, follow, max-snippet:-1, max-image-preview:large, max-video-preview:-1\" \/>\n<link rel=\"canonical\" href=\"https:\/\/c-hessler.de\/en\/press\/\" \/>\n<meta property=\"og:locale\" content=\"en_GB\" \/>\n<meta property=\"og:type\" content=\"article\" \/>\n<meta property=\"og:title\" content=\"Presse\" \/>\n<meta property=\"og:description\" content=\"Unsere Pressever\u00f6ffentlichungen in angesehenen Fachzeitschriften: Zeitschrift M\u00f6belfertigung, Woodworking, HOB, BM, DDS. Alles Ver\u00f6ffentlichungen als pdf.\" \/>\n<meta property=\"og:url\" content=\"https:\/\/c-hessler.de\/en\/press\/\" \/>\n<meta property=\"og:site_name\" content=\"Dr. Christoph He\u00dfler Maschinensysteme\" \/>\n<meta property=\"article:publisher\" content=\"https:\/\/www.facebook.com\/DrChristophHesslerMaschinensysteme\/\" \/>\n<meta property=\"article:modified_time\" content=\"2025-12-12T12:50:57+00:00\" \/>\n<meta property=\"og:image\" content=\"https:\/\/c-hessler.de\/wp-content\/uploads\/2024\/11\/BM-11-24-Seite-62-Kantenfraesen-Druckluft-1.jpg\" \/>\n\t<meta property=\"og:image:width\" content=\"1240\" \/>\n\t<meta property=\"og:image:height\" content=\"1754\" \/>\n\t<meta property=\"og:image:type\" content=\"image\/jpeg\" \/>\n<meta name=\"twitter:label1\" content=\"Estimated reading time\" \/>\n\t<meta name=\"twitter:data1\" content=\"2 minutes\" \/>\n<script type=\"application\/ld+json\" class=\"yoast-schema-graph\">{\"@context\":\"https:\\\/\\\/schema.org\",\"@graph\":[{\"@type\":\"WebPage\",\"@id\":\"https:\\\/\\\/c-hessler.de\\\/presse\\\/\",\"url\":\"https:\\\/\\\/c-hessler.de\\\/presse\\\/\",\"name\":\"Presse \u2022 Dr. Christoph Hessler Maschinensysteme\",\"isPartOf\":{\"@id\":\"https:\\\/\\\/c-hessler.de\\\/#website\"},\"primaryImageOfPage\":{\"@id\":\"https:\\\/\\\/c-hessler.de\\\/presse\\\/#primaryimage\"},\"image\":{\"@id\":\"https:\\\/\\\/c-hessler.de\\\/presse\\\/#primaryimage\"},\"thumbnailUrl\":\"https:\\\/\\\/c-hessler.de\\\/wp-content\\\/uploads\\\/2024\\\/11\\\/BM-11-24-Seite-62-Kantenfraesen-Druckluft-1-724x1024.jpg\",\"datePublished\":\"2015-04-23T12:15:37+00:00\",\"dateModified\":\"2025-12-12T12:50:57+00:00\",\"description\":\"Unsere Pressever\u00f6ffentlichungen in angesehenen Fachzeitschriften: Zeitschrift M\u00f6belfertigung, Woodworking, HOB, BM, DDS. Alles Ver\u00f6ffentlichungen als pdf.\",\"inLanguage\":\"en-GB\",\"potentialAction\":[{\"@type\":\"ReadAction\",\"target\":[\"https:\\\/\\\/c-hessler.de\\\/presse\\\/\"]}]},{\"@type\":\"ImageObject\",\"inLanguage\":\"en-GB\",\"@id\":\"https:\\\/\\\/c-hessler.de\\\/presse\\\/#primaryimage\",\"url\":\"https:\\\/\\\/c-hessler.de\\\/wp-content\\\/uploads\\\/2024\\\/11\\\/BM-11-24-Seite-62-Kantenfraesen-Druckluft-1-724x1024.jpg\",\"contentUrl\":\"https:\\\/\\\/c-hessler.de\\\/wp-content\\\/uploads\\\/2024\\\/11\\\/BM-11-24-Seite-62-Kantenfraesen-Druckluft-1-724x1024.jpg\"},{\"@type\":\"WebSite\",\"@id\":\"https:\\\/\\\/c-hessler.de\\\/#website\",\"url\":\"https:\\\/\\\/c-hessler.de\\\/\",\"name\":\"www.c-hessler.de\",\"description\":\"\",\"publisher\":{\"@id\":\"https:\\\/\\\/c-hessler.de\\\/#organization\"},\"potentialAction\":[{\"@type\":\"SearchAction\",\"target\":{\"@type\":\"EntryPoint\",\"urlTemplate\":\"https:\\\/\\\/c-hessler.de\\\/?s={search_term_string}\"},\"query-input\":{\"@type\":\"PropertyValueSpecification\",\"valueRequired\":true,\"valueName\":\"search_term_string\"}}],\"inLanguage\":\"en-GB\"},{\"@type\":\"Organization\",\"@id\":\"https:\\\/\\\/c-hessler.de\\\/#organization\",\"name\":\"Dr. Christoph He\u00dfler Maschinensysteme\",\"alternateName\":\"Dr. Christoph He\u00dfler Maschinensysteme\",\"url\":\"https:\\\/\\\/c-hessler.de\\\/\",\"logo\":{\"@type\":\"ImageObject\",\"inLanguage\":\"en-GB\",\"@id\":\"https:\\\/\\\/c-hessler.de\\\/#\\\/schema\\\/logo\\\/image\\\/\",\"url\":\"https:\\\/\\\/c-hessler.de\\\/wp-content\\\/uploads\\\/2026\\\/02\\\/Draw-03-150312-110115-Ausgeschnitten-I.jpg\",\"contentUrl\":\"https:\\\/\\\/c-hessler.de\\\/wp-content\\\/uploads\\\/2026\\\/02\\\/Draw-03-150312-110115-Ausgeschnitten-I.jpg\",\"width\":445,\"height\":394,\"caption\":\"Dr. Christoph He\u00dfler Maschinensysteme\"},\"image\":{\"@id\":\"https:\\\/\\\/c-hessler.de\\\/#\\\/schema\\\/logo\\\/image\\\/\"},\"sameAs\":[\"https:\\\/\\\/www.facebook.com\\\/DrChristophHesslerMaschinensysteme\\\/\",\"https:\\\/\\\/www.pinterest.de\\\/hesstools\\\/\",\"https:\\\/\\\/www.youtube.com\\\/channel\\\/UCaNnXDGGF_BiYFQZ2kJgi-A?view_as=subscriber\"],\"description\":\"1. Ecken- und Kantenfr\u00e4sen f\u00fcr Tischler und Schreiner, Sonderanfertigungen 2. Auch f\u00fcr die Nachbearbeitung von Eck-Schwei\u00dfn\u00e4hten bei Aluminium-Werkstoffen, f\u00fcr Fahrzeugbauer oder Metallbauer aller Art\",\"email\":\"christoph.hessler@c-hessler.de\",\"telephone\":\"0527413012080\",\"legalName\":\"Dr. Christoph He\u00dfler Maschinensysteme\",\"foundingDate\":\"2003-06-05\",\"vatID\":\"DE230070107\",\"numberOfEmployees\":{\"@type\":\"QuantitativeValue\",\"minValue\":\"1\",\"maxValue\":\"10\"}}]}<\/script>\n<!-- \/ Yoast SEO Premium plugin. -->","yoast_head_json":{"title":"Press - Dr Christoph Hessler Maschinensysteme","description":"Our press publications in respected trade journals: Zeitschrift M\u00f6belfertigung, Woodworking, HOB, BM, DDS. All publications as pdf.","robots":{"index":"index","follow":"follow","max-snippet":"max-snippet:-1","max-image-preview":"max-image-preview:large","max-video-preview":"max-video-preview:-1"},"canonical":"https:\/\/c-hessler.de\/en\/press\/","og_locale":"en_GB","og_type":"article","og_title":"Presse","og_description":"Unsere Pressever\u00f6ffentlichungen in angesehenen Fachzeitschriften: Zeitschrift M\u00f6belfertigung, Woodworking, HOB, BM, DDS. Alles Ver\u00f6ffentlichungen als pdf.","og_url":"https:\/\/c-hessler.de\/en\/press\/","og_site_name":"Dr. Christoph He\u00dfler Maschinensysteme","article_publisher":"https:\/\/www.facebook.com\/DrChristophHesslerMaschinensysteme\/","article_modified_time":"2025-12-12T12:50:57+00:00","og_image":[{"width":1240,"height":1754,"url":"https:\/\/c-hessler.de\/wp-content\/uploads\/2024\/11\/BM-11-24-Seite-62-Kantenfraesen-Druckluft-1.jpg","type":"image\/jpeg"}],"twitter_misc":{"Estimated reading time":"2 minutes"},"schema":{"@context":"https:\/\/schema.org","@graph":[{"@type":"WebPage","@id":"https:\/\/c-hessler.de\/presse\/","url":"https:\/\/c-hessler.de\/presse\/","name":"Press - Dr Christoph Hessler Maschinensysteme","isPartOf":{"@id":"https:\/\/c-hessler.de\/#website"},"primaryImageOfPage":{"@id":"https:\/\/c-hessler.de\/presse\/#primaryimage"},"image":{"@id":"https:\/\/c-hessler.de\/presse\/#primaryimage"},"thumbnailUrl":"https:\/\/c-hessler.de\/wp-content\/uploads\/2024\/11\/BM-11-24-Seite-62-Kantenfraesen-Druckluft-1-724x1024.jpg","datePublished":"2015-04-23T12:15:37+00:00","dateModified":"2025-12-12T12:50:57+00:00","description":"Our press publications in respected trade journals: Zeitschrift M\u00f6belfertigung, Woodworking, HOB, BM, DDS. All publications as pdf.","inLanguage":"en-GB","potentialAction":[{"@type":"ReadAction","target":["https:\/\/c-hessler.de\/presse\/"]}]},{"@type":"ImageObject","inLanguage":"en-GB","@id":"https:\/\/c-hessler.de\/presse\/#primaryimage","url":"https:\/\/c-hessler.de\/wp-content\/uploads\/2024\/11\/BM-11-24-Seite-62-Kantenfraesen-Druckluft-1-724x1024.jpg","contentUrl":"https:\/\/c-hessler.de\/wp-content\/uploads\/2024\/11\/BM-11-24-Seite-62-Kantenfraesen-Druckluft-1-724x1024.jpg"},{"@type":"WebSite","@id":"https:\/\/c-hessler.de\/#website","url":"https:\/\/c-hessler.de\/","name":"www.c-hessler.de","description":"","publisher":{"@id":"https:\/\/c-hessler.de\/#organization"},"potentialAction":[{"@type":"SearchAction","target":{"@type":"EntryPoint","urlTemplate":"https:\/\/c-hessler.de\/?s={search_term_string}"},"query-input":{"@type":"PropertyValueSpecification","valueRequired":true,"valueName":"search_term_string"}}],"inLanguage":"en-GB"},{"@type":"Organization","@id":"https:\/\/c-hessler.de\/#organization","name":"Dr Christoph He\u00dfler Machine Systems","alternateName":"Dr. Christoph He\u00dfler Maschinensysteme","url":"https:\/\/c-hessler.de\/","logo":{"@type":"ImageObject","inLanguage":"en-GB","@id":"https:\/\/c-hessler.de\/#\/schema\/logo\/image\/","url":"https:\/\/c-hessler.de\/wp-content\/uploads\/2026\/02\/Draw-03-150312-110115-Ausgeschnitten-I.jpg","contentUrl":"https:\/\/c-hessler.de\/wp-content\/uploads\/2026\/02\/Draw-03-150312-110115-Ausgeschnitten-I.jpg","width":445,"height":394,"caption":"Dr. Christoph He\u00dfler Maschinensysteme"},"image":{"@id":"https:\/\/c-hessler.de\/#\/schema\/logo\/image\/"},"sameAs":["https:\/\/www.facebook.com\/DrChristophHesslerMaschinensysteme\/","https:\/\/www.pinterest.de\/hesstools\/","https:\/\/www.youtube.com\/channel\/UCaNnXDGGF_BiYFQZ2kJgi-A?view_as=subscriber"],"description":"1. Ecken- und Kantenfr\u00e4sen f\u00fcr Tischler und Schreiner, Sonderanfertigungen 2. Auch f\u00fcr die Nachbearbeitung von Eck-Schwei\u00dfn\u00e4hten bei Aluminium-Werkstoffen, f\u00fcr Fahrzeugbauer oder Metallbauer aller Art","email":"christoph.hessler@c-hessler.de","telephone":"0527413012080","legalName":"Dr. Christoph He\u00dfler Maschinensysteme","foundingDate":"2003-06-05","vatID":"DE230070107","numberOfEmployees":{"@type":"QuantitativeValue","minValue":"1","maxValue":"10"}}]}},"_hostinger_reach_plugin_has_subscription_block":false,"_hostinger_reach_plugin_is_elementor":false,"_links":{"self":[{"href":"https:\/\/c-hessler.de\/en\/wp-json\/wp\/v2\/pages\/8860","targetHints":{"allow":["GET"]}}],"collection":[{"href":"https:\/\/c-hessler.de\/en\/wp-json\/wp\/v2\/pages"}],"about":[{"href":"https:\/\/c-hessler.de\/en\/wp-json\/wp\/v2\/types\/page"}],"author":[{"embeddable":true,"href":"https:\/\/c-hessler.de\/en\/wp-json\/wp\/v2\/users\/5"}],"replies":[{"embeddable":true,"href":"https:\/\/c-hessler.de\/en\/wp-json\/wp\/v2\/comments?post=8860"}],"version-history":[{"count":6,"href":"https:\/\/c-hessler.de\/en\/wp-json\/wp\/v2\/pages\/8860\/revisions"}],"predecessor-version":[{"id":208332,"href":"https:\/\/c-hessler.de\/en\/wp-json\/wp\/v2\/pages\/8860\/revisions\/208332"}],"wp:attachment":[{"href":"https:\/\/c-hessler.de\/en\/wp-json\/wp\/v2\/media?parent=8860"}],"curies":[{"name":"wp","href":"https:\/\/api.w.org\/{rel}","templated":true}]}}