{"id":9458,"date":"2015-04-29T15:21:18","date_gmt":"2015-04-29T13:21:18","guid":{"rendered":"http:\/\/\/?page_id=9458"},"modified":"2025-12-13T13:39:06","modified_gmt":"2025-12-13T12:39:06","slug":"thank-you","status":"publish","type":"page","link":"https:\/\/c-hessler.de\/en\/referenzen\/dankuechen\/","title":{"rendered":"Dan K\u00fcchen furniture factory"},"content":{"rendered":"<div data-elementor-type=\"wp-page\" data-elementor-id=\"9458\" class=\"elementor elementor-9458\" data-elementor-settings=\"{&quot;ha_cmc_init_switcher&quot;:&quot;no&quot;}\" data-elementor-post-type=\"page\">\n\t\t\t\t<div class=\"elementor-element elementor-element-289a97b0 e-grid e-con-boxed e-con e-parent\" data-id=\"289a97b0\" data-element_type=\"container\" data-e-type=\"container\" data-settings=\"{&quot;_ha_eqh_enable&quot;:false}\">\n\t\t\t\t\t<div class=\"e-con-inner\">\n\t\t\t\t<div class=\"elementor-element elementor-element-39081bf6 elementor-widget elementor-widget-text-editor\" data-id=\"39081bf6\" data-element_type=\"widget\" data-e-type=\"widget\" data-widget_type=\"text-editor.default\">\n\t\t\t\t\t\t\t\t\t<h4 class=\"et_pb_module_header\">DAN-K\u00dcCHEN furniture factory<\/h4><div class=\"et_pb_blurb_description\"><p>M. Danzer Gesellschaft m. b. H<br \/>Leonfeldnerstrasse 273<br \/>4040 Linz<\/p><p>Phone: +43 732 \/ 2552 - 0<br \/>Fax: +43 732 \/ 253 010<\/p><p>Mail:\u00a0service@dan.at<br \/>Website:\u00a0<a href=\"http:\/\/www.dan.at\/index.php?sprache=de\">www.dan.at<\/a><\/p><\/div>\t\t\t\t\t\t\t\t<\/div>\n\t\t\t\t<div class=\"elementor-element elementor-element-3c2af6ea elementor-widget elementor-widget-image\" data-id=\"3c2af6ea\" data-element_type=\"widget\" data-e-type=\"widget\" data-widget_type=\"image.default\">\n\t\t\t\t\t\t\t\t\t\t\t\t\t\t\t<img fetchpriority=\"high\" decoding=\"async\" width=\"1000\" height=\"1000\" src=\"https:\/\/c-hessler.de\/wp-content\/uploads\/2025\/12\/DAN-Logo-Squared-1000x1000px.jpg\" class=\"attachment-full size-full wp-image-208434\" alt=\"\" srcset=\"https:\/\/c-hessler.de\/wp-content\/uploads\/2025\/12\/DAN-Logo-Squared-1000x1000px.jpg 1000w, https:\/\/c-hessler.de\/wp-content\/uploads\/2025\/12\/DAN-Logo-Squared-1000x1000px-300x300.jpg 300w, https:\/\/c-hessler.de\/wp-content\/uploads\/2025\/12\/DAN-Logo-Squared-1000x1000px-150x150.jpg 150w, https:\/\/c-hessler.de\/wp-content\/uploads\/2025\/12\/DAN-Logo-Squared-1000x1000px-768x768.jpg 768w, https:\/\/c-hessler.de\/wp-content\/uploads\/2025\/12\/DAN-Logo-Squared-1000x1000px-12x12.jpg 12w, https:\/\/c-hessler.de\/wp-content\/uploads\/2025\/12\/DAN-Logo-Squared-1000x1000px-990x990.jpg 990w, https:\/\/c-hessler.de\/wp-content\/uploads\/2025\/12\/DAN-Logo-Squared-1000x1000px-441x441.jpg 441w, https:\/\/c-hessler.de\/wp-content\/uploads\/2025\/12\/DAN-Logo-Squared-1000x1000px-100x100.jpg 100w, https:\/\/c-hessler.de\/wp-content\/uploads\/2025\/12\/DAN-Logo-Squared-1000x1000px-800x800.jpg 800w\" sizes=\"(max-width: 1000px) 100vw, 1000px\" \/>\t\t\t\t\t\t\t\t\t\t\t\t\t\t\t<\/div>\n\t\t\t\t\t<\/div>\n\t\t\t\t<\/div>\n\t\t<div class=\"elementor-element elementor-element-4260b81 e-flex e-con-boxed e-con e-parent\" data-id=\"4260b81\" data-element_type=\"container\" data-e-type=\"container\" data-settings=\"{&quot;_ha_eqh_enable&quot;:false}\">\n\t\t\t\t\t<div class=\"e-con-inner\">\n\t\t\t\t<div class=\"elementor-element elementor-element-f8a8236 elementor-widget-divider--view-line elementor-widget elementor-widget-divider\" data-id=\"f8a8236\" data-element_type=\"widget\" data-e-type=\"widget\" data-widget_type=\"divider.default\">\n\t\t\t\t\t\t\t<div class=\"elementor-divider\">\n\t\t\t<span class=\"elementor-divider-separator\">\n\t\t\t\t\t\t<\/span>\n\t\t<\/div>\n\t\t\t\t\t\t<\/div>\n\t\t\t\t\t<\/div>\n\t\t\t\t<\/div>\n\t\t<div class=\"elementor-element elementor-element-780019c5 e-flex e-con-boxed e-con e-parent\" data-id=\"780019c5\" data-element_type=\"container\" data-e-type=\"container\" data-settings=\"{&quot;_ha_eqh_enable&quot;:false}\">\n\t\t\t\t\t<div class=\"e-con-inner\">\n\t\t\t\t<div class=\"elementor-element elementor-element-21e51dfe elementor-widget elementor-widget-text-editor\" data-id=\"21e51dfe\" data-element_type=\"widget\" data-e-type=\"widget\" data-widget_type=\"text-editor.default\">\n\t\t\t\t\t\t\t\t\t<h4 class=\"et_pb_module_header\">E-mail dated 03\/04\/2009<\/h4><div class=\"et_pb_blurb_description\"><p>Dear Dr Christoph Hessler,<\/p><p>We are pleased to confirm that we have purchased the following corner formers from you for the production of parts for kitchens:<\/p><p>Flush milling cutter with integrated 135\u00b0 fixed cut-off for corner processing on 135\u00b0 corners of worktops<\/p><p>Corner former MZ 02 90F for rounding 90\u00b0 corners<\/p><p>Corner former MZ 02 90F mitre for the edge strip joint on the inside corner of worktops, bar tops, extension tables, etc. that join at a 90\u00b0 angle.<\/p><p>Some of the corner formers have been in use for over a year. They are a great help to us, because these specialised devices make our work much easier and the processing quality has been increased.<\/p><p>The corner formers' principle of moving the milling cutter along a guide produces clean, high-quality results. At the same time, the corner formers are lightweight and very comfortable to use.<\/p><p>The corner former principle is an innovative development that we predict will be widely used. We can highly recommend the corner formers to any furniture manufacturer - carpenter, joiner or industrial company.<\/p><p>\u00a0<\/p><p>Yours sincerely<\/p><p>Wolfgang Klausner,<\/p><p>M\u00d6BELFABRIK M.Danzer GmbH<\/p><\/div>\t\t\t\t\t\t\t\t<\/div>\n\t\t\t\t\t<\/div>\n\t\t\t\t<\/div>\n\t\t\t\t<\/div>","protected":false},"excerpt":{"rendered":"<p>DAN-K\u00dcCHEN M\u00f6belfabrik M. Danzer Gesellschaft m. b. HLeonfeldnerstra\u00dfe 2734040 Linz Tel.: +43 732 \/ 2552 \u2013 0Fax: +43 732 \/ 253 010 Mail:\u00a0service@dan.atWebsite:\u00a0www.dan.at E-Mail vom 03.04.2009 Sehr geehrter Herr Dr. Christoph He\u00dfler, wir best\u00e4tigen Ihnen gerne folgende Eckenformer f\u00fcr die Produktion von Teilen f\u00fcr die K\u00fcchen bei Ihnen gekauft zu haben: B\u00fcndigfr\u00e4ser mit integriertem Abtrennen [&hellip;]<\/p>\n","protected":false},"author":5,"featured_media":0,"parent":9218,"menu_order":0,"comment_status":"closed","ping_status":"closed","template":"elementor_header_footer","meta":{"footnotes":""},"class_list":["post-9458","page","type-page","status-publish","hentry"],"yoast_head":"<!-- This site is optimized with the Yoast SEO Premium plugin v27.0 (Yoast SEO v27.4) - https:\/\/yoast.com\/product\/yoast-seo-premium-wordpress\/ -->\n<title>Dan K\u00fcchen M\u00f6belfabrik - Dr. Christoph He\u00dfler Maschinensysteme<\/title>\n<meta name=\"robots\" content=\"index, follow, max-snippet:-1, max-image-preview:large, max-video-preview:-1\" \/>\n<link rel=\"canonical\" href=\"https:\/\/c-hessler.de\/en\/references\/thank-you\/\" \/>\n<meta property=\"og:locale\" content=\"en_GB\" \/>\n<meta property=\"og:type\" content=\"article\" \/>\n<meta property=\"og:title\" content=\"Dan K\u00fcchen M\u00f6belfabrik\" \/>\n<meta property=\"og:description\" content=\"DAN-K\u00dcCHEN M\u00f6belfabrik M. Danzer Gesellschaft m. b. HLeonfeldnerstra\u00dfe 2734040 Linz Tel.: +43 732 \/ 2552 \u2013 0Fax: +43 732 \/ 253 010 Mail:\u00a0service@dan.atWebsite:\u00a0www.dan.at E-Mail vom 03.04.2009 Sehr geehrter Herr Dr. Christoph He\u00dfler, wir best\u00e4tigen Ihnen gerne folgende Eckenformer f\u00fcr die Produktion von Teilen f\u00fcr die K\u00fcchen bei Ihnen gekauft zu haben: B\u00fcndigfr\u00e4ser mit integriertem Abtrennen [&hellip;]\" \/>\n<meta property=\"og:url\" content=\"https:\/\/c-hessler.de\/en\/references\/thank-you\/\" \/>\n<meta property=\"og:site_name\" content=\"Dr. Christoph He\u00dfler Maschinensysteme\" \/>\n<meta property=\"article:publisher\" content=\"https:\/\/www.facebook.com\/DrChristophHesslerMaschinensysteme\/\" \/>\n<meta property=\"article:modified_time\" content=\"2025-12-13T12:39:06+00:00\" \/>\n<meta property=\"og:image\" content=\"https:\/\/c-hessler.de\/wp-content\/uploads\/2025\/12\/DAN-Logo-Squared-1000x1000px.jpg\" \/>\n\t<meta property=\"og:image:width\" content=\"1000\" \/>\n\t<meta property=\"og:image:height\" content=\"1000\" \/>\n\t<meta property=\"og:image:type\" content=\"image\/jpeg\" \/>\n<meta name=\"twitter:label1\" content=\"Estimated reading time\" \/>\n\t<meta name=\"twitter:data1\" content=\"2 minutes\" \/>\n<script type=\"application\/ld+json\" class=\"yoast-schema-graph\">{\"@context\":\"https:\\\/\\\/schema.org\",\"@graph\":[{\"@type\":\"WebPage\",\"@id\":\"https:\\\/\\\/c-hessler.de\\\/referenzen\\\/dankuechen\\\/\",\"url\":\"https:\\\/\\\/c-hessler.de\\\/referenzen\\\/dankuechen\\\/\",\"name\":\"Dan K\u00fcchen M\u00f6belfabrik - Dr. Christoph He\u00dfler Maschinensysteme\",\"isPartOf\":{\"@id\":\"https:\\\/\\\/c-hessler.de\\\/#website\"},\"primaryImageOfPage\":{\"@id\":\"https:\\\/\\\/c-hessler.de\\\/referenzen\\\/dankuechen\\\/#primaryimage\"},\"image\":{\"@id\":\"https:\\\/\\\/c-hessler.de\\\/referenzen\\\/dankuechen\\\/#primaryimage\"},\"thumbnailUrl\":\"https:\\\/\\\/c-hessler.de\\\/wp-content\\\/uploads\\\/2025\\\/12\\\/DAN-Logo-Squared-1000x1000px.jpg\",\"datePublished\":\"2015-04-29T13:21:18+00:00\",\"dateModified\":\"2025-12-13T12:39:06+00:00\",\"breadcrumb\":{\"@id\":\"https:\\\/\\\/c-hessler.de\\\/referenzen\\\/dankuechen\\\/#breadcrumb\"},\"inLanguage\":\"en-GB\",\"potentialAction\":[{\"@type\":\"ReadAction\",\"target\":[\"https:\\\/\\\/c-hessler.de\\\/referenzen\\\/dankuechen\\\/\"]}]},{\"@type\":\"ImageObject\",\"inLanguage\":\"en-GB\",\"@id\":\"https:\\\/\\\/c-hessler.de\\\/referenzen\\\/dankuechen\\\/#primaryimage\",\"url\":\"https:\\\/\\\/c-hessler.de\\\/wp-content\\\/uploads\\\/2025\\\/12\\\/DAN-Logo-Squared-1000x1000px.jpg\",\"contentUrl\":\"https:\\\/\\\/c-hessler.de\\\/wp-content\\\/uploads\\\/2025\\\/12\\\/DAN-Logo-Squared-1000x1000px.jpg\"},{\"@type\":\"BreadcrumbList\",\"@id\":\"https:\\\/\\\/c-hessler.de\\\/referenzen\\\/dankuechen\\\/#breadcrumb\",\"itemListElement\":[{\"@type\":\"ListItem\",\"position\":1,\"name\":\"Referenzen\",\"item\":\"https:\\\/\\\/c-hessler.de\\\/referenzen\\\/\"},{\"@type\":\"ListItem\",\"position\":2,\"name\":\"Dan K\u00fcchen M\u00f6belfabrik\"}]},{\"@type\":\"WebSite\",\"@id\":\"https:\\\/\\\/c-hessler.de\\\/#website\",\"url\":\"https:\\\/\\\/c-hessler.de\\\/\",\"name\":\"www.c-hessler.de\",\"description\":\"\",\"publisher\":{\"@id\":\"https:\\\/\\\/c-hessler.de\\\/#organization\"},\"potentialAction\":[{\"@type\":\"SearchAction\",\"target\":{\"@type\":\"EntryPoint\",\"urlTemplate\":\"https:\\\/\\\/c-hessler.de\\\/?s={search_term_string}\"},\"query-input\":{\"@type\":\"PropertyValueSpecification\",\"valueRequired\":true,\"valueName\":\"search_term_string\"}}],\"inLanguage\":\"en-GB\"},{\"@type\":\"Organization\",\"@id\":\"https:\\\/\\\/c-hessler.de\\\/#organization\",\"name\":\"Dr. Christoph He\u00dfler Maschinensysteme\",\"alternateName\":\"Dr. Christoph He\u00dfler Maschinensysteme\",\"url\":\"https:\\\/\\\/c-hessler.de\\\/\",\"logo\":{\"@type\":\"ImageObject\",\"inLanguage\":\"en-GB\",\"@id\":\"https:\\\/\\\/c-hessler.de\\\/#\\\/schema\\\/logo\\\/image\\\/\",\"url\":\"https:\\\/\\\/c-hessler.de\\\/wp-content\\\/uploads\\\/2026\\\/02\\\/Draw-03-150312-110115-Ausgeschnitten-I.jpg\",\"contentUrl\":\"https:\\\/\\\/c-hessler.de\\\/wp-content\\\/uploads\\\/2026\\\/02\\\/Draw-03-150312-110115-Ausgeschnitten-I.jpg\",\"width\":445,\"height\":394,\"caption\":\"Dr. Christoph He\u00dfler Maschinensysteme\"},\"image\":{\"@id\":\"https:\\\/\\\/c-hessler.de\\\/#\\\/schema\\\/logo\\\/image\\\/\"},\"sameAs\":[\"https:\\\/\\\/www.facebook.com\\\/DrChristophHesslerMaschinensysteme\\\/\",\"https:\\\/\\\/www.pinterest.de\\\/hesstools\\\/\",\"https:\\\/\\\/www.youtube.com\\\/channel\\\/UCaNnXDGGF_BiYFQZ2kJgi-A?view_as=subscriber\"],\"description\":\"1. Ecken- und Kantenfr\u00e4sen f\u00fcr Tischler und Schreiner, Sonderanfertigungen 2. Auch f\u00fcr die Nachbearbeitung von Eck-Schwei\u00dfn\u00e4hten bei Aluminium-Werkstoffen, f\u00fcr Fahrzeugbauer oder Metallbauer aller Art\",\"email\":\"christoph.hessler@c-hessler.de\",\"telephone\":\"0527413012080\",\"legalName\":\"Dr. Christoph He\u00dfler Maschinensysteme\",\"foundingDate\":\"2003-06-05\",\"vatID\":\"DE230070107\",\"numberOfEmployees\":{\"@type\":\"QuantitativeValue\",\"minValue\":\"1\",\"maxValue\":\"10\"}}]}<\/script>\n<!-- \/ Yoast SEO Premium plugin. -->","yoast_head_json":{"title":"Dan K\u00fcchen M\u00f6belfabrik - Dr Christoph He\u00dfler Maschinensysteme","robots":{"index":"index","follow":"follow","max-snippet":"max-snippet:-1","max-image-preview":"max-image-preview:large","max-video-preview":"max-video-preview:-1"},"canonical":"https:\/\/c-hessler.de\/en\/references\/thank-you\/","og_locale":"en_GB","og_type":"article","og_title":"Dan K\u00fcchen M\u00f6belfabrik","og_description":"DAN-K\u00dcCHEN M\u00f6belfabrik M. Danzer Gesellschaft m. b. HLeonfeldnerstra\u00dfe 2734040 Linz Tel.: +43 732 \/ 2552 \u2013 0Fax: +43 732 \/ 253 010 Mail:\u00a0service@dan.atWebsite:\u00a0www.dan.at E-Mail vom 03.04.2009 Sehr geehrter Herr Dr. Christoph He\u00dfler, wir best\u00e4tigen Ihnen gerne folgende Eckenformer f\u00fcr die Produktion von Teilen f\u00fcr die K\u00fcchen bei Ihnen gekauft zu haben: B\u00fcndigfr\u00e4ser mit integriertem Abtrennen [&hellip;]","og_url":"https:\/\/c-hessler.de\/en\/references\/thank-you\/","og_site_name":"Dr. Christoph He\u00dfler Maschinensysteme","article_publisher":"https:\/\/www.facebook.com\/DrChristophHesslerMaschinensysteme\/","article_modified_time":"2025-12-13T12:39:06+00:00","og_image":[{"width":1000,"height":1000,"url":"https:\/\/c-hessler.de\/wp-content\/uploads\/2025\/12\/DAN-Logo-Squared-1000x1000px.jpg","type":"image\/jpeg"}],"twitter_misc":{"Estimated reading time":"2 minutes"},"schema":{"@context":"https:\/\/schema.org","@graph":[{"@type":"WebPage","@id":"https:\/\/c-hessler.de\/referenzen\/dankuechen\/","url":"https:\/\/c-hessler.de\/referenzen\/dankuechen\/","name":"Dan K\u00fcchen M\u00f6belfabrik - Dr Christoph He\u00dfler Maschinensysteme","isPartOf":{"@id":"https:\/\/c-hessler.de\/#website"},"primaryImageOfPage":{"@id":"https:\/\/c-hessler.de\/referenzen\/dankuechen\/#primaryimage"},"image":{"@id":"https:\/\/c-hessler.de\/referenzen\/dankuechen\/#primaryimage"},"thumbnailUrl":"https:\/\/c-hessler.de\/wp-content\/uploads\/2025\/12\/DAN-Logo-Squared-1000x1000px.jpg","datePublished":"2015-04-29T13:21:18+00:00","dateModified":"2025-12-13T12:39:06+00:00","breadcrumb":{"@id":"https:\/\/c-hessler.de\/referenzen\/dankuechen\/#breadcrumb"},"inLanguage":"en-GB","potentialAction":[{"@type":"ReadAction","target":["https:\/\/c-hessler.de\/referenzen\/dankuechen\/"]}]},{"@type":"ImageObject","inLanguage":"en-GB","@id":"https:\/\/c-hessler.de\/referenzen\/dankuechen\/#primaryimage","url":"https:\/\/c-hessler.de\/wp-content\/uploads\/2025\/12\/DAN-Logo-Squared-1000x1000px.jpg","contentUrl":"https:\/\/c-hessler.de\/wp-content\/uploads\/2025\/12\/DAN-Logo-Squared-1000x1000px.jpg"},{"@type":"BreadcrumbList","@id":"https:\/\/c-hessler.de\/referenzen\/dankuechen\/#breadcrumb","itemListElement":[{"@type":"ListItem","position":1,"name":"Referenzen","item":"https:\/\/c-hessler.de\/referenzen\/"},{"@type":"ListItem","position":2,"name":"Dan K\u00fcchen M\u00f6belfabrik"}]},{"@type":"WebSite","@id":"https:\/\/c-hessler.de\/#website","url":"https:\/\/c-hessler.de\/","name":"www.c-hessler.de","description":"","publisher":{"@id":"https:\/\/c-hessler.de\/#organization"},"potentialAction":[{"@type":"SearchAction","target":{"@type":"EntryPoint","urlTemplate":"https:\/\/c-hessler.de\/?s={search_term_string}"},"query-input":{"@type":"PropertyValueSpecification","valueRequired":true,"valueName":"search_term_string"}}],"inLanguage":"en-GB"},{"@type":"Organization","@id":"https:\/\/c-hessler.de\/#organization","name":"Dr Christoph He\u00dfler Machine Systems","alternateName":"Dr. Christoph He\u00dfler Maschinensysteme","url":"https:\/\/c-hessler.de\/","logo":{"@type":"ImageObject","inLanguage":"en-GB","@id":"https:\/\/c-hessler.de\/#\/schema\/logo\/image\/","url":"https:\/\/c-hessler.de\/wp-content\/uploads\/2026\/02\/Draw-03-150312-110115-Ausgeschnitten-I.jpg","contentUrl":"https:\/\/c-hessler.de\/wp-content\/uploads\/2026\/02\/Draw-03-150312-110115-Ausgeschnitten-I.jpg","width":445,"height":394,"caption":"Dr. Christoph He\u00dfler Maschinensysteme"},"image":{"@id":"https:\/\/c-hessler.de\/#\/schema\/logo\/image\/"},"sameAs":["https:\/\/www.facebook.com\/DrChristophHesslerMaschinensysteme\/","https:\/\/www.pinterest.de\/hesstools\/","https:\/\/www.youtube.com\/channel\/UCaNnXDGGF_BiYFQZ2kJgi-A?view_as=subscriber"],"description":"1. Ecken- und Kantenfr\u00e4sen f\u00fcr Tischler und Schreiner, Sonderanfertigungen 2. Auch f\u00fcr die Nachbearbeitung von Eck-Schwei\u00dfn\u00e4hten bei Aluminium-Werkstoffen, f\u00fcr Fahrzeugbauer oder Metallbauer aller Art","email":"christoph.hessler@c-hessler.de","telephone":"0527413012080","legalName":"Dr. Christoph He\u00dfler Maschinensysteme","foundingDate":"2003-06-05","vatID":"DE230070107","numberOfEmployees":{"@type":"QuantitativeValue","minValue":"1","maxValue":"10"}}]}},"_hostinger_reach_plugin_has_subscription_block":false,"_hostinger_reach_plugin_is_elementor":false,"_links":{"self":[{"href":"https:\/\/c-hessler.de\/en\/wp-json\/wp\/v2\/pages\/9458","targetHints":{"allow":["GET"]}}],"collection":[{"href":"https:\/\/c-hessler.de\/en\/wp-json\/wp\/v2\/pages"}],"about":[{"href":"https:\/\/c-hessler.de\/en\/wp-json\/wp\/v2\/types\/page"}],"author":[{"embeddable":true,"href":"https:\/\/c-hessler.de\/en\/wp-json\/wp\/v2\/users\/5"}],"replies":[{"embeddable":true,"href":"https:\/\/c-hessler.de\/en\/wp-json\/wp\/v2\/comments?post=9458"}],"version-history":[{"count":3,"href":"https:\/\/c-hessler.de\/en\/wp-json\/wp\/v2\/pages\/9458\/revisions"}],"predecessor-version":[{"id":208437,"href":"https:\/\/c-hessler.de\/en\/wp-json\/wp\/v2\/pages\/9458\/revisions\/208437"}],"up":[{"embeddable":true,"href":"https:\/\/c-hessler.de\/en\/wp-json\/wp\/v2\/pages\/9218"}],"wp:attachment":[{"href":"https:\/\/c-hessler.de\/en\/wp-json\/wp\/v2\/media?parent=9458"}],"curies":[{"name":"wp","href":"https:\/\/api.w.org\/{rel}","templated":true}]}}