{"id":10347,"date":"2016-02-23T21:04:44","date_gmt":"2016-02-23T20:04:44","guid":{"rendered":"https:\/\/c-hessler.de\/?post_type=product&#038;p=10347"},"modified":"2026-05-06T17:37:40","modified_gmt":"2026-05-06T15:37:40","slug":"lightweight-premium-edger-kf-400","status":"publish","type":"product","link":"https:\/\/c-hessler.de\/en\/shop\/leichte-premium-kantenfraese-kf-400\/","title":{"rendered":"Lightweight premium edge router KF 400 TOP"},"content":{"rendered":"<div class=\"wp-block-columns are-vertically-aligned-center is-layout-flex wp-container-core-columns-is-layout-28f84493 wp-block-columns-is-layout-flex\">\n<div class=\"wp-block-column is-layout-flow wp-block-column-is-layout-flow\">\n<figure class=\"wp-block-boldblocks-youtube-block\"><div id=\"yb-video-MM6q6c1a8gE\" class=\"yb-player\" data-video-id=\"MM6q6c1a8gE\" data-title=\"Play\" style=\"background-image:url(https:\/\/img.youtube.com\/vi\/MM6q6c1a8gE\/hqdefault.jpg)\"><button type=\"button\" class=\"yb-btn-play\"><span class=\"visually-hidden\">Play<\/span><\/button><\/div><figcaption class=\"yb-caption\">Pneumatic edge router KF 400 TOP<\/figcaption><\/figure>\n<\/div>\n\n\n\n<div class=\"wp-block-column is-vertically-aligned-center is-layout-flow wp-block-column-is-layout-flow\" style=\"flex-basis:60%\">\n<p class=\"title has-text-color\" style=\"color:#131315\"><strong>Lightweight premium edge router for precise woodworking and plastics processing<\/strong><\/p>\n\n\n\n<p>Lightweight and robust, ideal for edge breaking and for radius and bevelling up to 2 mm.  Similar to the earlier lamello router. For 6 mm shank.  If you want more power and a shank of 8 mm, there is the\u00a0<a href=\"https:\/\/c-hessler.de\/en\/shop\/edging-machine-with-compressed-air-kf-400-iii\/\">KF 400 III\u00a0<\/a>.<\/p>\n\n\n\n<p class=\"title has-text-color\" style=\"color:#131315\">Very smooth running, high-quality German industrial air motor. The premium edge router has an integrated air supply and exhaust hose. It is supplied including a high-quality R2 or bevel cutter, assembled and tested.<br>Extremely light and easy to handle: only 0.58 kg on the milling head<\/p>\n<\/div>\n<\/div>\n\n\n\n<div style=\"height:122px\" aria-hidden=\"true\" class=\"wp-block-spacer\"><\/div>\n\n\n\n<div class=\"wp-block-columns are-vertically-aligned-center is-layout-flex wp-container-core-columns-is-layout-28f84493 wp-block-columns-is-layout-flex\">\n<div class=\"wp-block-column is-vertically-aligned-center is-layout-flow wp-block-column-is-layout-flow\">\n<h2 class=\"wp-block-heading title has-text-color\" id=\"h-merkmale-zum-system\" style=\"color:#131315\"><strong>System features<\/strong><\/h2>\n\n\n\n<h5 class=\"wp-block-heading title has-text-color\" id=\"h-anwendungsgebiet\" style=\"color:#131315\">Field of application<\/h5>\n\n\n\n<p class=\"title has-text-color\" style=\"color:#131315\">The lightweight premium edge router for precise woodworking is very easy to handle. It is typically used for breaking edges, chamfering or rounding plastic edgebands that have already been milled flush or on wooden panels. Its performance is lower than that of a large edge router. The performance limit is reached for a 2 mm thick ABS plastic edge when it is rounded with a new R2 router bit.<\/p>\n\n\n\n<h5 class=\"wp-block-heading\" id=\"h-funktion-und-bedienung\">Function and operation<\/h5>\n\n\n\n<p>Its manoeuvrability is unrivalled. As the edge router does not require a battery or electric motor, there is no need to move its weight.<\/p>\n\n\n\n<p>The best way to find out what the KF 400 TOP actually means is to touch it yourself. To this end, we offer commercial users a free, no-obligation test.<\/p>\n\n\n\n<h5 class=\"wp-block-heading\" id=\"h-preis\">Price<\/h5>\n\n\n\n<ul class=\"wp-block-list\">\n<li>1 week test without obligation and free of charge<\/li>\n\n\n\n<li>Price see above<\/li>\n<\/ul>\n\n\n\n<h5 class=\"wp-block-heading\" id=\"h-technische-voraussetzungen\">Technical requirements<\/h5>\n\n\n\n<p>The lightweight milling cutter can accommodate milling cutters with a 6 mm shank.<\/p>\n\n\n\n<p>It is necessary to regularly add compressed air device oil for operation. For sporadic use, this can be done by instilling the oil directly into the<br>The oil can be applied by means of a compressed air connection plug or, in the case of continuous operation, by means of a maintenance unit set to 1 drop of oil per minute.<\/p>\n\n\n\n<h5 class=\"wp-block-heading\" id=\"h-lieferumfang\">Scope of delivery<\/h5>\n\n\n\n<p>The KF 400 TOP is supplied with a supply air and exhaust air hose. The exhaust air hose surrounds the compressed air supply hose as a flexible jacket and directs the air away from the work area.<\/p>\n\n\n\n<p>An additional effect of the exhaust air hose is noise reduction. The KF 400 TOP premium edge router is quieter than an electric router or electric edge router.<\/p>\n<\/div>\n\n\n\n<div class=\"wp-block-column is-vertically-aligned-center is-layout-flow wp-block-column-is-layout-flow\" style=\"flex-basis:60%\">\n<figure class=\"wp-block-image size-full is-resized\"><img fetchpriority=\"high\" decoding=\"async\" width=\"573\" height=\"265\" src=\"https:\/\/c-hessler.de\/wp-content\/uploads\/2014\/04\/kf400-produktseite.jpg\" alt=\"Light routers for edge rounding and edge chamfering KF 400 TOP\" class=\"wp-image-8301\" style=\"width:579px;height:auto\" srcset=\"https:\/\/c-hessler.de\/wp-content\/uploads\/2014\/04\/kf400-produktseite.jpg 573w, https:\/\/c-hessler.de\/wp-content\/uploads\/2014\/04\/kf400-produktseite-150x69.jpg 150w, https:\/\/c-hessler.de\/wp-content\/uploads\/2014\/04\/kf400-produktseite-510x236.jpg 510w, https:\/\/c-hessler.de\/wp-content\/uploads\/2014\/04\/kf400-produktseite-300x139.jpg 300w\" sizes=\"(max-width: 573px) 100vw, 573px\" \/><figcaption class=\"wp-element-caption\">Light routers for edge rounding and edge chamfering KF 400 TOP<\/figcaption><\/figure>\n\n\n\n<figure class=\"wp-block-image size-full\"><img decoding=\"async\" width=\"577\" height=\"433\" src=\"https:\/\/c-hessler.de\/wp-content\/uploads\/2023\/05\/P1010008.png\" alt=\"\" class=\"wp-image-206540\" srcset=\"https:\/\/c-hessler.de\/wp-content\/uploads\/2023\/05\/P1010008.png 577w, https:\/\/c-hessler.de\/wp-content\/uploads\/2023\/05\/P1010008-300x225.png 300w, https:\/\/c-hessler.de\/wp-content\/uploads\/2023\/05\/P1010008-510x382.png 510w, https:\/\/c-hessler.de\/wp-content\/uploads\/2023\/05\/P1010008-480x360.png 480w, https:\/\/c-hessler.de\/wp-content\/uploads\/2023\/05\/P1010008-150x113.png 150w\" sizes=\"(max-width: 577px) 100vw, 577px\" \/><figcaption class=\"wp-element-caption\">Edge router KF 400 TOP compressed air in size comparison with one hand<\/figcaption><\/figure>\n\n\n\n<figure class=\"wp-block-image size-full is-resized\"><img decoding=\"async\" width=\"730\" height=\"547\" src=\"https:\/\/c-hessler.de\/wp-content\/uploads\/2014\/04\/143aae720ac.jpg\" alt=\"The motor of the premium edge router is barely larger than a biro.\" class=\"wp-image-8307\" style=\"width:578px;height:auto\" srcset=\"https:\/\/c-hessler.de\/wp-content\/uploads\/2014\/04\/143aae720ac.jpg 730w, https:\/\/c-hessler.de\/wp-content\/uploads\/2014\/04\/143aae720ac-150x112.jpg 150w, https:\/\/c-hessler.de\/wp-content\/uploads\/2014\/04\/143aae720ac-510x382.jpg 510w, https:\/\/c-hessler.de\/wp-content\/uploads\/2014\/04\/143aae720ac-300x225.jpg 300w\" sizes=\"(max-width: 730px) 100vw, 730px\" \/><figcaption class=\"wp-element-caption\">The motor of the premium edge router is barely larger than a biro.<\/figcaption><\/figure>\n\n\n\n<p><\/p>\n<\/div>\n<\/div>\n\n\n\n<div style=\"height:30px\" aria-hidden=\"true\" class=\"wp-block-spacer\"><\/div>","protected":false},"excerpt":{"rendered":"<p class=\"western\">The compact KF 400 TOP edge router has a compressed air motor and is particularly<b> Quiet<\/b> and<b> easy. <\/b>It therefore has a <b>Very good manoeuvrability<\/b>. It is very well suited for light deburring\/bevelling\/rounding work in woodworking and plastics processing, e.g. for Plexiglas. Similar to the earlier Lamello Profila Pro, lighter and quieter. With German industrial air motor.<\/p>\n<p>With the KF 400 TOP you get a <strong>Top product<\/strong> regarding <strong>Manoeuvrability<\/strong> and <strong>Noise reduction<\/strong>. We are not aware of a lighter and quieter edge router.<\/p>","protected":false},"featured_media":10501,"comment_status":"open","ping_status":"closed","template":"","meta":[],"product_brand":[],"product_cat":[58],"product_tag":[38,45,40],"class_list":{"0":"post-10347","1":"product","2":"type-product","3":"status-publish","4":"has-post-thumbnail","6":"product_cat-handgefuehrte-maschinen","7":"product_tag-handgefuehrt","8":"product_tag-kanten","9":"product_tag-pneumatischer-antrieb","11":"first","12":"instock","13":"taxable","14":"shipping-taxable","15":"purchasable","16":"product-type-simple"},"yoast_head":"<!-- This site is optimized with the Yoast SEO Premium plugin v27.5 (Yoast SEO v27.5) - https:\/\/yoast.com\/product\/yoast-seo-premium-wordpress\/ -->\n<title>Leichte Premium-Kantenfr\u00e4se f\u00fcr pr\u00e4zise Holzbearbeitung<\/title>\n<meta name=\"description\" content=\"Entdecke die leichte Premium-Kantenfr\u00e4se f\u00fcr pr\u00e4zise Holzbearbeitung und Kunststoffbearbeitung. Optimal f\u00fcr Radius und Fase.\" \/>\n<meta name=\"robots\" content=\"index, follow, max-snippet:-1, max-image-preview:large, max-video-preview:-1\" \/>\n<link rel=\"canonical\" href=\"https:\/\/c-hessler.de\/en\/shop\/lightweight-premium-edger-kf-400\/\" \/>\n<meta property=\"og:locale\" content=\"en_GB\" \/>\n<meta property=\"og:type\" content=\"article\" \/>\n<meta property=\"og:title\" content=\"Leichte Premium-Kantenfr\u00e4se KF 400 TOP\" \/>\n<meta property=\"og:description\" content=\"Entdecke die leichte Premium-Kantenfr\u00e4se f\u00fcr pr\u00e4zise Holzbearbeitung und Kunststoffbearbeitung. Optimal f\u00fcr Radius und Fase.\" \/>\n<meta property=\"og:url\" content=\"https:\/\/c-hessler.de\/en\/shop\/lightweight-premium-edger-kf-400\/\" \/>\n<meta property=\"og:site_name\" content=\"Dr. Christoph He\u00dfler Maschinensysteme\" \/>\n<meta property=\"article:publisher\" content=\"https:\/\/www.facebook.com\/DrChristophHesslerMaschinensysteme\/\" \/>\n<meta property=\"article:modified_time\" content=\"2026-05-06T15:37:40+00:00\" \/>\n<meta property=\"og:image\" content=\"https:\/\/c-hessler.de\/wp-content\/uploads\/2016\/02\/IMG_6556_DxO-e1741974693488.jpg\" \/>\n\t<meta property=\"og:image:width\" content=\"1500\" \/>\n\t<meta property=\"og:image:height\" content=\"1199\" \/>\n\t<meta property=\"og:image:type\" content=\"image\/jpeg\" \/>\n<meta name=\"twitter:label1\" content=\"Price\" \/>\n\t<meta name=\"twitter:data1\" content=\"540,00&nbsp;&euro; ohne MwSt.\" \/>\n\t<meta name=\"twitter:label2\" content=\"Availability\" \/>\n\t<meta name=\"twitter:data2\" content=\"In stock\" \/>\n<script type=\"application\/ld+json\" class=\"yoast-schema-graph\">{\"@context\":\"https:\\\/\\\/schema.org\",\"@graph\":[{\"@type\":\"WebPage\",\"@id\":\"https:\\\/\\\/c-hessler.de\\\/shop\\\/leichte-premium-kantenfraese-kf-400\\\/\",\"url\":\"https:\\\/\\\/c-hessler.de\\\/shop\\\/leichte-premium-kantenfraese-kf-400\\\/\",\"name\":\"Leichte Premium-Kantenfr\u00e4se f\u00fcr pr\u00e4zise Holzbearbeitung\",\"isPartOf\":{\"@id\":\"https:\\\/\\\/c-hessler.de\\\/#website\"},\"primaryImageOfPage\":{\"@id\":\"https:\\\/\\\/c-hessler.de\\\/shop\\\/leichte-premium-kantenfraese-kf-400\\\/#primaryimage\"},\"image\":{\"@id\":\"https:\\\/\\\/c-hessler.de\\\/shop\\\/leichte-premium-kantenfraese-kf-400\\\/#primaryimage\"},\"thumbnailUrl\":\"https:\\\/\\\/c-hessler.de\\\/wp-content\\\/uploads\\\/2016\\\/02\\\/IMG_6556_DxO-e1741974693488.jpg\",\"datePublished\":\"2016-02-23T20:04:44+00:00\",\"dateModified\":\"2026-05-06T15:37:40+00:00\",\"description\":\"Entdecke die leichte Premium-Kantenfr\u00e4se f\u00fcr pr\u00e4zise Holzbearbeitung und Kunststoffbearbeitung. Optimal f\u00fcr Radius und Fase.\",\"breadcrumb\":{\"@id\":\"https:\\\/\\\/c-hessler.de\\\/shop\\\/leichte-premium-kantenfraese-kf-400\\\/#breadcrumb\"},\"inLanguage\":\"en-GB\",\"potentialAction\":[{\"@type\":\"ReadAction\",\"target\":[\"https:\\\/\\\/c-hessler.de\\\/shop\\\/leichte-premium-kantenfraese-kf-400\\\/\"]}]},{\"@type\":\"ImageObject\",\"inLanguage\":\"en-GB\",\"@id\":\"https:\\\/\\\/c-hessler.de\\\/shop\\\/leichte-premium-kantenfraese-kf-400\\\/#primaryimage\",\"url\":\"https:\\\/\\\/c-hessler.de\\\/wp-content\\\/uploads\\\/2016\\\/02\\\/IMG_6556_DxO-e1741974693488.jpg\",\"contentUrl\":\"https:\\\/\\\/c-hessler.de\\\/wp-content\\\/uploads\\\/2016\\\/02\\\/IMG_6556_DxO-e1741974693488.jpg\",\"width\":1500,\"height\":1199,\"caption\":\"Gewicht ohne Schlauch mit Teller und Fr\u00e4ser wie abgebildet: 0,58 kg\"},{\"@type\":\"BreadcrumbList\",\"@id\":\"https:\\\/\\\/c-hessler.de\\\/shop\\\/leichte-premium-kantenfraese-kf-400\\\/#breadcrumb\",\"itemListElement\":[{\"@type\":\"ListItem\",\"position\":1,\"name\":\"Produkte\",\"item\":\"https:\\\/\\\/c-hessler.de\\\/produkte\\\/\"},{\"@type\":\"ListItem\",\"position\":2,\"name\":\"Leichte Premium-Kantenfr\u00e4se KF 400 TOP\"}]},{\"@type\":\"WebSite\",\"@id\":\"https:\\\/\\\/c-hessler.de\\\/#website\",\"url\":\"https:\\\/\\\/c-hessler.de\\\/\",\"name\":\"www.c-hessler.de\",\"description\":\"\",\"publisher\":{\"@id\":\"https:\\\/\\\/c-hessler.de\\\/#organization\"},\"potentialAction\":[{\"@type\":\"SearchAction\",\"target\":{\"@type\":\"EntryPoint\",\"urlTemplate\":\"https:\\\/\\\/c-hessler.de\\\/?s={search_term_string}\"},\"query-input\":{\"@type\":\"PropertyValueSpecification\",\"valueRequired\":true,\"valueName\":\"search_term_string\"}}],\"inLanguage\":\"en-GB\"},{\"@type\":\"Organization\",\"@id\":\"https:\\\/\\\/c-hessler.de\\\/#organization\",\"name\":\"Dr. Christoph He\u00dfler Maschinensysteme\",\"alternateName\":\"Dr. Christoph He\u00dfler Maschinensysteme\",\"url\":\"https:\\\/\\\/c-hessler.de\\\/\",\"logo\":{\"@type\":\"ImageObject\",\"inLanguage\":\"en-GB\",\"@id\":\"https:\\\/\\\/c-hessler.de\\\/#\\\/schema\\\/logo\\\/image\\\/\",\"url\":\"https:\\\/\\\/c-hessler.de\\\/wp-content\\\/uploads\\\/2026\\\/02\\\/Draw-03-150312-110115-Ausgeschnitten-I.jpg\",\"contentUrl\":\"https:\\\/\\\/c-hessler.de\\\/wp-content\\\/uploads\\\/2026\\\/02\\\/Draw-03-150312-110115-Ausgeschnitten-I.jpg\",\"width\":445,\"height\":394,\"caption\":\"Dr. Christoph He\u00dfler Maschinensysteme\"},\"image\":{\"@id\":\"https:\\\/\\\/c-hessler.de\\\/#\\\/schema\\\/logo\\\/image\\\/\"},\"sameAs\":[\"https:\\\/\\\/www.facebook.com\\\/DrChristophHesslerMaschinensysteme\\\/\",\"https:\\\/\\\/www.pinterest.de\\\/hesstools\\\/\",\"https:\\\/\\\/www.youtube.com\\\/channel\\\/UCaNnXDGGF_BiYFQZ2kJgi-A?view_as=subscriber\"],\"description\":\"1. Ecken- und Kantenfr\u00e4sen f\u00fcr Tischler und Schreiner, Sonderanfertigungen 2. Auch f\u00fcr die Nachbearbeitung von Eck-Schwei\u00dfn\u00e4hten bei Aluminium-Werkstoffen, f\u00fcr Fahrzeugbauer oder Metallbauer aller Art\",\"email\":\"christoph.hessler@c-hessler.de\",\"telephone\":\"0527413012080\",\"legalName\":\"Dr. Christoph He\u00dfler Maschinensysteme\",\"foundingDate\":\"2003-06-05\",\"vatID\":\"DE230070107\",\"numberOfEmployees\":{\"@type\":\"QuantitativeValue\",\"minValue\":\"1\",\"maxValue\":\"10\"}}]}<\/script>\n<meta property=\"product:price:amount\" content=\"540.00\" \/>\n<meta property=\"product:price:currency\" content=\"EUR\" \/>\n<meta property=\"og:availability\" content=\"instock\" \/>\n<meta property=\"product:availability\" content=\"instock\" \/>\n<meta property=\"product:retailer_item_id\" content=\"leichte-premium-kantenfraese-kf-400\" \/>\n<meta property=\"product:condition\" content=\"new\" \/>\n<!-- \/ Yoast SEO Premium plugin. -->","yoast_head_json":{"title":"Lightweight premium edge router for precise woodworking","description":"Discover the lightweight premium edge router for precise woodworking and plastic processing. Ideal for radius and bevelling.","robots":{"index":"index","follow":"follow","max-snippet":"max-snippet:-1","max-image-preview":"max-image-preview:large","max-video-preview":"max-video-preview:-1"},"canonical":"https:\/\/c-hessler.de\/en\/shop\/lightweight-premium-edger-kf-400\/","og_locale":"en_GB","og_type":"article","og_title":"Leichte Premium-Kantenfr\u00e4se KF 400 TOP","og_description":"Entdecke die leichte Premium-Kantenfr\u00e4se f\u00fcr pr\u00e4zise Holzbearbeitung und Kunststoffbearbeitung. Optimal f\u00fcr Radius und Fase.","og_url":"https:\/\/c-hessler.de\/en\/shop\/lightweight-premium-edger-kf-400\/","og_site_name":"Dr. Christoph He\u00dfler Maschinensysteme","article_publisher":"https:\/\/www.facebook.com\/DrChristophHesslerMaschinensysteme\/","article_modified_time":"2026-05-06T15:37:40+00:00","og_image":[{"width":1500,"height":1199,"url":"https:\/\/c-hessler.de\/wp-content\/uploads\/2016\/02\/IMG_6556_DxO-e1741974693488.jpg","type":"image\/jpeg"}],"twitter_misc":{"Price":"540,00&nbsp;&euro; ohne MwSt.","Availability":"In stock"},"schema":{"@context":"https:\/\/schema.org","@graph":[{"@type":"WebPage","@id":"https:\/\/c-hessler.de\/shop\/leichte-premium-kantenfraese-kf-400\/","url":"https:\/\/c-hessler.de\/shop\/leichte-premium-kantenfraese-kf-400\/","name":"Lightweight premium edge router for precise woodworking","isPartOf":{"@id":"https:\/\/c-hessler.de\/#website"},"primaryImageOfPage":{"@id":"https:\/\/c-hessler.de\/shop\/leichte-premium-kantenfraese-kf-400\/#primaryimage"},"image":{"@id":"https:\/\/c-hessler.de\/shop\/leichte-premium-kantenfraese-kf-400\/#primaryimage"},"thumbnailUrl":"https:\/\/c-hessler.de\/wp-content\/uploads\/2016\/02\/IMG_6556_DxO-e1741974693488.jpg","datePublished":"2016-02-23T20:04:44+00:00","dateModified":"2026-05-06T15:37:40+00:00","description":"Discover the lightweight premium edge router for precise woodworking and plastic processing. Ideal for radius and bevelling.","breadcrumb":{"@id":"https:\/\/c-hessler.de\/shop\/leichte-premium-kantenfraese-kf-400\/#breadcrumb"},"inLanguage":"en-GB","potentialAction":[{"@type":"ReadAction","target":["https:\/\/c-hessler.de\/shop\/leichte-premium-kantenfraese-kf-400\/"]}]},{"@type":"ImageObject","inLanguage":"en-GB","@id":"https:\/\/c-hessler.de\/shop\/leichte-premium-kantenfraese-kf-400\/#primaryimage","url":"https:\/\/c-hessler.de\/wp-content\/uploads\/2016\/02\/IMG_6556_DxO-e1741974693488.jpg","contentUrl":"https:\/\/c-hessler.de\/wp-content\/uploads\/2016\/02\/IMG_6556_DxO-e1741974693488.jpg","width":1500,"height":1199,"caption":"Gewicht ohne Schlauch mit Teller und Fr\u00e4ser wie abgebildet: 0,58 kg"},{"@type":"BreadcrumbList","@id":"https:\/\/c-hessler.de\/shop\/leichte-premium-kantenfraese-kf-400\/#breadcrumb","itemListElement":[{"@type":"ListItem","position":1,"name":"Produkte","item":"https:\/\/c-hessler.de\/produkte\/"},{"@type":"ListItem","position":2,"name":"Leichte Premium-Kantenfr\u00e4se KF 400 TOP"}]},{"@type":"WebSite","@id":"https:\/\/c-hessler.de\/#website","url":"https:\/\/c-hessler.de\/","name":"www.c-hessler.de","description":"","publisher":{"@id":"https:\/\/c-hessler.de\/#organization"},"potentialAction":[{"@type":"SearchAction","target":{"@type":"EntryPoint","urlTemplate":"https:\/\/c-hessler.de\/?s={search_term_string}"},"query-input":{"@type":"PropertyValueSpecification","valueRequired":true,"valueName":"search_term_string"}}],"inLanguage":"en-GB"},{"@type":"Organization","@id":"https:\/\/c-hessler.de\/#organization","name":"Dr Christoph He\u00dfler Machine Systems","alternateName":"Dr. Christoph He\u00dfler Maschinensysteme","url":"https:\/\/c-hessler.de\/","logo":{"@type":"ImageObject","inLanguage":"en-GB","@id":"https:\/\/c-hessler.de\/#\/schema\/logo\/image\/","url":"https:\/\/c-hessler.de\/wp-content\/uploads\/2026\/02\/Draw-03-150312-110115-Ausgeschnitten-I.jpg","contentUrl":"https:\/\/c-hessler.de\/wp-content\/uploads\/2026\/02\/Draw-03-150312-110115-Ausgeschnitten-I.jpg","width":445,"height":394,"caption":"Dr. Christoph He\u00dfler Maschinensysteme"},"image":{"@id":"https:\/\/c-hessler.de\/#\/schema\/logo\/image\/"},"sameAs":["https:\/\/www.facebook.com\/DrChristophHesslerMaschinensysteme\/","https:\/\/www.pinterest.de\/hesstools\/","https:\/\/www.youtube.com\/channel\/UCaNnXDGGF_BiYFQZ2kJgi-A?view_as=subscriber"],"description":"1. Ecken- und Kantenfr\u00e4sen f\u00fcr Tischler und Schreiner, Sonderanfertigungen 2. Auch f\u00fcr die Nachbearbeitung von Eck-Schwei\u00dfn\u00e4hten bei Aluminium-Werkstoffen, f\u00fcr Fahrzeugbauer oder Metallbauer aller Art","email":"christoph.hessler@c-hessler.de","telephone":"0527413012080","legalName":"Dr. Christoph He\u00dfler Maschinensysteme","foundingDate":"2003-06-05","vatID":"DE230070107","numberOfEmployees":{"@type":"QuantitativeValue","minValue":"1","maxValue":"10"}}]},"product_price_amount":"540.00","product_price_currency":"EUR","og_availability":"instock","product_availability":"instock","product_retailer_item_id":"leichte-premium-kantenfraese-kf-400","product_condition":"new"},"_links":{"self":[{"href":"https:\/\/c-hessler.de\/en\/wp-json\/wp\/v2\/product\/10347","targetHints":{"allow":["GET"]}}],"collection":[{"href":"https:\/\/c-hessler.de\/en\/wp-json\/wp\/v2\/product"}],"about":[{"href":"https:\/\/c-hessler.de\/en\/wp-json\/wp\/v2\/types\/product"}],"replies":[{"embeddable":true,"href":"https:\/\/c-hessler.de\/en\/wp-json\/wp\/v2\/comments?post=10347"}],"wp:featuredmedia":[{"embeddable":true,"href":"https:\/\/c-hessler.de\/en\/wp-json\/wp\/v2\/media\/10501"}],"wp:attachment":[{"href":"https:\/\/c-hessler.de\/en\/wp-json\/wp\/v2\/media?parent=10347"}],"wp:term":[{"taxonomy":"product_brand","embeddable":true,"href":"https:\/\/c-hessler.de\/en\/wp-json\/wp\/v2\/product_brand?post=10347"},{"taxonomy":"product_cat","embeddable":true,"href":"https:\/\/c-hessler.de\/en\/wp-json\/wp\/v2\/product_cat?post=10347"},{"taxonomy":"product_tag","embeddable":true,"href":"https:\/\/c-hessler.de\/en\/wp-json\/wp\/v2\/product_tag?post=10347"}],"curies":[{"name":"wp","href":"https:\/\/api.w.org\/{rel}","templated":true}]}}