{"id":10900,"date":"2017-12-06T00:43:22","date_gmt":"2017-12-05T23:43:22","guid":{"rendered":"https:\/\/c-hessler.de\/?post_type=product&#038;p=10900"},"modified":"2025-12-10T15:10:02","modified_gmt":"2025-12-10T14:10:02","slug":"corner-rounding-system-ecko-vz-100-90f-mfk-1","status":"publish","type":"product","link":"https:\/\/c-hessler.de\/en\/shop\/eckenrunder-system-ecko-vz-100-90f-mfk-1\/","title":{"rendered":"Corner rounding system Ecko VZ 100 90F MFK 1"},"content":{"rendered":"<p><\/p>\n\n\n\n<div class=\"wp-block-columns are-vertically-aligned-center is-layout-flex wp-container-core-columns-is-layout-28f84493 wp-block-columns-is-layout-flex\">\n<div class=\"wp-block-column is-vertically-aligned-center is-layout-flow wp-block-column-is-layout-flow\">\n<p class=\"title has-text-color\" style=\"color:#131315\">Successful corner rounding with the Ecko system<\/p>\n\n\n\n<ul class=\"wp-block-list\">\n<li>With adjustable stop to prevent swivelling in<\/li>\n\n\n\n<li>Precisely manufactured for precise rounding<\/li>\n\n\n\n<li>Protection against reaching into the otherwise open milling cutter<\/li>\n<\/ul>\n<\/div>\n\n\n\n<div class=\"wp-block-column is-vertically-aligned-center is-layout-flow wp-block-column-is-layout-flow\" style=\"flex-basis:60%\">\n<figure class=\"wp-block-boldblocks-youtube-block\"><div id=\"yb-video-UqnwIqwS_JI\" class=\"yb-player\" data-video-id=\"UqnwIqwS_JI\" data-title=\"Play\" style=\"background-image:url(https:\/\/img.youtube.com\/vi\/UqnwIqwS_JI\/hqdefault.jpg)\"><button type=\"button\" class=\"yb-btn-play\"><span class=\"visually-hidden\">Play<\/span><\/button><\/div><\/figure>\n\n\n\n<p><\/p>\n<\/div>\n<\/div>\n\n\n\n<div style=\"height:30px\" aria-hidden=\"true\" class=\"wp-block-spacer\"><\/div>\n\n\n\n<div class=\"wp-block-columns are-vertically-aligned-center is-layout-flex wp-container-core-columns-is-layout-28f84493 wp-block-columns-is-layout-flex\">\n<div class=\"wp-block-column is-layout-flow wp-block-column-is-layout-flow\">\n<div class=\"wp-block-columns is-layout-flex wp-container-core-columns-is-layout-28f84493 wp-block-columns-is-layout-flex\">\n<div class=\"wp-block-column is-layout-flow wp-block-column-is-layout-flow\">\n<figure class=\"wp-block-image size-full is-resized\"><img fetchpriority=\"high\" decoding=\"async\" width=\"585\" height=\"669\" src=\"https:\/\/c-hessler.de\/wp-content\/uploads\/2017\/12\/Werkst\u00fcck-vorher.jpg\" alt=\"Edge 2mm before rounding\" class=\"wp-image-10895\" style=\"aspect-ratio:0.9716885743174924;width:700px;height:auto\" srcset=\"https:\/\/c-hessler.de\/wp-content\/uploads\/2017\/12\/Werkst\u00fcck-vorher.jpg 585w, https:\/\/c-hessler.de\/wp-content\/uploads\/2017\/12\/Werkst\u00fcck-vorher-150x172.jpg 150w, https:\/\/c-hessler.de\/wp-content\/uploads\/2017\/12\/Werkst\u00fcck-vorher-510x583.jpg 510w, https:\/\/c-hessler.de\/wp-content\/uploads\/2017\/12\/Werkst\u00fcck-vorher-262x300.jpg 262w\" sizes=\"(max-width: 585px) 100vw, 585px\" \/><figcaption class=\"wp-element-caption\">Task: Milling and rounding the front edge protrusion flush<br><\/figcaption><\/figure>\n<\/div>\n\n\n\n<div class=\"wp-block-column is-layout-flow wp-block-column-is-layout-flow\">\n<figure class=\"wp-block-image size-full is-resized\"><img decoding=\"async\" width=\"684\" height=\"824\" src=\"https:\/\/c-hessler.de\/wp-content\/uploads\/2017\/12\/Werkst\u00fcck-nachher-III.jpg\" alt=\"Glued edge at the corner rounded with R2.\" class=\"wp-image-10898\" style=\"aspect-ratio:0.8301103078038363;width:546px;height:auto\" srcset=\"https:\/\/c-hessler.de\/wp-content\/uploads\/2017\/12\/Werkst\u00fcck-nachher-III.jpg 684w, https:\/\/c-hessler.de\/wp-content\/uploads\/2017\/12\/Werkst\u00fcck-nachher-III-150x181.jpg 150w, https:\/\/c-hessler.de\/wp-content\/uploads\/2017\/12\/Werkst\u00fcck-nachher-III-510x614.jpg 510w, https:\/\/c-hessler.de\/wp-content\/uploads\/2017\/12\/Werkst\u00fcck-nachher-III-249x300.jpg 249w\" sizes=\"(max-width: 684px) 100vw, 684px\" \/><figcaption class=\"wp-element-caption\">Solution: Bottom, top and side rounded corner<br><\/figcaption><\/figure>\n<\/div>\n<\/div>\n<\/div>\n<\/div>\n\n\n\n<div class=\"wp-block-columns are-vertically-aligned-center is-layout-flex wp-container-core-columns-is-layout-28f84493 wp-block-columns-is-layout-flex\">\n<div class=\"wp-block-column is-vertically-aligned-center is-layout-flow wp-block-column-is-layout-flow\">\n<h2 class=\"wp-block-heading title has-text-color\" id=\"h-merkmale-zum-system\" style=\"color:#131315\"><strong>System features<\/strong><\/h2>\n\n\n\n<h5 class=\"wp-block-heading title has-text-color\" id=\"h-anwendungsgebiet\" style=\"color:#131315\">Field of application<\/h5>\n\n\n\n<p>Rounding of glued edges on the front side.<\/p>\n\n\n\n<p>Compared to a copying unit on an edge banding machine, corner rounding is very cost-effective.<\/p>\n\n\n\n<h5 class=\"wp-block-heading\" id=\"h-funktion-und-bedienung\">Function and operation<\/h5>\n\n\n\n<ul class=\"wp-block-list\">\n<li>The edge router is fixed in the corner system.<\/li>\n\n\n\n<li>The milling cutter's thrust bearing is guided from the first side over the corner to the opposite side.<\/li>\n<\/ul>\n\n\n\n<h5 class=\"wp-block-heading\" id=\"h-preis\">Price<\/h5>\n\n\n\n<p>For corner rounding to be successful, precise guidance must be possible, especially with a relatively heavy, electric machine.<\/p>\n\n\n\n<p>For example, the swivel stop is ground to close tolerances.  See above for price.<\/p>\n\n\n\n<h5 class=\"wp-block-heading\" id=\"h-technische-voraussetzungen\">Technical requirements<\/h5>\n\n\n\n<ul class=\"wp-block-list\">\n<li>The milling cutter must have a thrust bearing.<\/li>\n\n\n\n<li>The machine must have a through hole in the table for the M8 threaded pin of the swivel stop.<\/li>\n\n\n\n<li>The brown support surface of the table must end in front of the milling cutter. If the support surface encloses the milling cutter, please let us know. We will then adapt the Ecko accordingly.<\/li>\n<\/ul>\n\n\n\n<h5 class=\"wp-block-heading\" id=\"h-lieferumfang\">Scope of delivery<\/h5>\n\n\n\n<ul class=\"wp-block-list\">\n<li>Swivelling stop<\/li>\n\n\n\n<li>Table with guard<\/li>\n\n\n\n<li>Collar insert<\/li>\n\n\n\n<li>Modified thrust bearing brake<\/li>\n\n\n\n<li>Operating instructions<\/li>\n<\/ul>\n<\/div>\n\n\n\n<div class=\"wp-block-column is-vertically-aligned-center is-layout-flow wp-block-column-is-layout-flow\" style=\"flex-basis:60%\">\n<p>Simple adjustment of the edge stop. This prevents the router from swivelling into the edge.<\/p>\n\n\n\n<figure class=\"wp-block-boldblocks-youtube-block\"><div id=\"yb-video-oT24tX9sZoE\" class=\"yb-player\" data-video-id=\"oT24tX9sZoE\" data-title=\"Play\" style=\"background-image:url(https:\/\/img.youtube.com\/vi\/oT24tX9sZoE\/hqdefault.jpg)\"><button type=\"button\" class=\"yb-btn-play\"><span class=\"visually-hidden\">Play<\/span><\/button><\/div><figcaption class=\"yb-caption\">Corner rounder Ecko: Setting the edge stop, part 4 of 5<\/figcaption><\/figure>\n<\/div>\n<\/div>","protected":false},"excerpt":{"rendered":"<p>Corner router Ecko VZ 100 90F MFK 1 for Festool MFK 700 with through hole in the table, see pictures. Please enquire about other edge routers.<\/p>\n<ul>\n<li>For a perfect edge: stable, easy to handle, precise, durable<\/li>\n<li>Very easy installation, very simple and quick adjustment<\/li>\n<li>Scope of delivery: Ecko as shown, the edge router is not included in the scope of delivery.<\/li>\n<li>Alternative: Round corners with compressed air, see <a href=\"https:\/\/c-hessler.de\/en\/shop\/corner-round-mz-02-90f\/\">here<\/a><\/li>\n<\/ul>\n<p>After placing an order, we will confirm the order and send you the bank details.<\/p>\n<p>See video below.<\/p>","protected":false},"featured_media":10887,"comment_status":"open","ping_status":"closed","template":"","meta":[],"product_brand":[],"product_cat":[58],"product_tag":[],"class_list":{"0":"post-10900","1":"product","2":"type-product","3":"status-publish","4":"has-post-thumbnail","6":"product_cat-handgefuehrte-maschinen","8":"first","9":"instock","10":"taxable","11":"shipping-taxable","12":"purchasable","13":"product-type-simple"},"yoast_head":"<!-- This site is optimized with the Yoast SEO Premium plugin v27.5 (Yoast SEO v27.5) - https:\/\/yoast.com\/product\/yoast-seo-premium-wordpress\/ -->\n<title>Ecken runden mit Festool-Kantenfr\u00e4se<\/title>\n<meta name=\"description\" content=\"Eine perfekte Kante braucht ein perfektes Eckenrunden. Dies gelingt mit der Festool MFK mit dem Eckenrunder-System Ecko. F\u00fcr Holz und Kunststoff.\" \/>\n<meta name=\"robots\" content=\"index, follow, max-snippet:-1, max-image-preview:large, max-video-preview:-1\" \/>\n<link rel=\"canonical\" href=\"https:\/\/c-hessler.de\/en\/shop\/corner-rounding-system-ecko-vz-100-90f-mfk-1\/\" \/>\n<meta property=\"og:locale\" content=\"en_GB\" \/>\n<meta property=\"og:type\" content=\"article\" \/>\n<meta property=\"og:title\" content=\"Eckenrunder-System Ecko VZ 100 90F MFK 1\" \/>\n<meta property=\"og:description\" content=\"Eine perfekte Kante braucht ein perfektes Eckenrunden. Dies gelingt mit der Festool MFK mit dem Eckenrunder-System Ecko. F\u00fcr Holz und Kunststoff.\" \/>\n<meta property=\"og:url\" content=\"https:\/\/c-hessler.de\/en\/shop\/corner-rounding-system-ecko-vz-100-90f-mfk-1\/\" \/>\n<meta property=\"og:site_name\" content=\"Dr. Christoph He\u00dfler Maschinensysteme\" \/>\n<meta property=\"article:publisher\" content=\"https:\/\/www.facebook.com\/DrChristophHesslerMaschinensysteme\/\" \/>\n<meta property=\"article:modified_time\" content=\"2025-12-10T14:10:02+00:00\" \/>\n<meta property=\"og:image\" content=\"https:\/\/c-hessler.de\/wp-content\/uploads\/2017\/12\/P1010019-freigestellt-III.png\" \/>\n\t<meta property=\"og:image:width\" content=\"2048\" \/>\n\t<meta property=\"og:image:height\" content=\"1536\" \/>\n\t<meta property=\"og:image:type\" content=\"image\/png\" \/>\n<meta name=\"twitter:label1\" content=\"Price\" \/>\n\t<meta name=\"twitter:data1\" content=\"320,00&nbsp;&euro; ohne MwSt.\" \/>\n\t<meta name=\"twitter:label2\" content=\"Availability\" \/>\n\t<meta name=\"twitter:data2\" content=\"In stock\" \/>\n<script type=\"application\/ld+json\" class=\"yoast-schema-graph\">{\"@context\":\"https:\\\/\\\/schema.org\",\"@graph\":[{\"@type\":\"WebPage\",\"@id\":\"https:\\\/\\\/c-hessler.de\\\/shop\\\/eckenrunder-system-ecko-vz-100-90f-mfk-1\\\/\",\"url\":\"https:\\\/\\\/c-hessler.de\\\/shop\\\/eckenrunder-system-ecko-vz-100-90f-mfk-1\\\/\",\"name\":\"Ecken runden mit Festool-Kantenfr\u00e4se\",\"isPartOf\":{\"@id\":\"https:\\\/\\\/c-hessler.de\\\/#website\"},\"primaryImageOfPage\":{\"@id\":\"https:\\\/\\\/c-hessler.de\\\/shop\\\/eckenrunder-system-ecko-vz-100-90f-mfk-1\\\/#primaryimage\"},\"image\":{\"@id\":\"https:\\\/\\\/c-hessler.de\\\/shop\\\/eckenrunder-system-ecko-vz-100-90f-mfk-1\\\/#primaryimage\"},\"thumbnailUrl\":\"https:\\\/\\\/c-hessler.de\\\/wp-content\\\/uploads\\\/2017\\\/12\\\/P1010019-freigestellt-III.png\",\"datePublished\":\"2017-12-05T23:43:22+00:00\",\"dateModified\":\"2025-12-10T14:10:02+00:00\",\"description\":\"Eine perfekte Kante braucht ein perfektes Eckenrunden. Dies gelingt mit der Festool MFK mit dem Eckenrunder-System Ecko. F\u00fcr Holz und Kunststoff.\",\"breadcrumb\":{\"@id\":\"https:\\\/\\\/c-hessler.de\\\/shop\\\/eckenrunder-system-ecko-vz-100-90f-mfk-1\\\/#breadcrumb\"},\"inLanguage\":\"en-GB\",\"potentialAction\":[{\"@type\":\"ReadAction\",\"target\":[\"https:\\\/\\\/c-hessler.de\\\/shop\\\/eckenrunder-system-ecko-vz-100-90f-mfk-1\\\/\"]}]},{\"@type\":\"ImageObject\",\"inLanguage\":\"en-GB\",\"@id\":\"https:\\\/\\\/c-hessler.de\\\/shop\\\/eckenrunder-system-ecko-vz-100-90f-mfk-1\\\/#primaryimage\",\"url\":\"https:\\\/\\\/c-hessler.de\\\/wp-content\\\/uploads\\\/2017\\\/12\\\/P1010019-freigestellt-III.png\",\"contentUrl\":\"https:\\\/\\\/c-hessler.de\\\/wp-content\\\/uploads\\\/2017\\\/12\\\/P1010019-freigestellt-III.png\",\"width\":2048,\"height\":1536,\"caption\":\"Die Komponenten des Eckenrunder-Systems Ecko\"},{\"@type\":\"BreadcrumbList\",\"@id\":\"https:\\\/\\\/c-hessler.de\\\/shop\\\/eckenrunder-system-ecko-vz-100-90f-mfk-1\\\/#breadcrumb\",\"itemListElement\":[{\"@type\":\"ListItem\",\"position\":1,\"name\":\"Produkte\",\"item\":\"https:\\\/\\\/c-hessler.de\\\/produkte\\\/\"},{\"@type\":\"ListItem\",\"position\":2,\"name\":\"Eckenrunder-System Ecko VZ 100 90F MFK 1\"}]},{\"@type\":\"WebSite\",\"@id\":\"https:\\\/\\\/c-hessler.de\\\/#website\",\"url\":\"https:\\\/\\\/c-hessler.de\\\/\",\"name\":\"www.c-hessler.de\",\"description\":\"\",\"publisher\":{\"@id\":\"https:\\\/\\\/c-hessler.de\\\/#organization\"},\"potentialAction\":[{\"@type\":\"SearchAction\",\"target\":{\"@type\":\"EntryPoint\",\"urlTemplate\":\"https:\\\/\\\/c-hessler.de\\\/?s={search_term_string}\"},\"query-input\":{\"@type\":\"PropertyValueSpecification\",\"valueRequired\":true,\"valueName\":\"search_term_string\"}}],\"inLanguage\":\"en-GB\"},{\"@type\":\"Organization\",\"@id\":\"https:\\\/\\\/c-hessler.de\\\/#organization\",\"name\":\"Dr. Christoph He\u00dfler Maschinensysteme\",\"alternateName\":\"Dr. Christoph He\u00dfler Maschinensysteme\",\"url\":\"https:\\\/\\\/c-hessler.de\\\/\",\"logo\":{\"@type\":\"ImageObject\",\"inLanguage\":\"en-GB\",\"@id\":\"https:\\\/\\\/c-hessler.de\\\/#\\\/schema\\\/logo\\\/image\\\/\",\"url\":\"https:\\\/\\\/c-hessler.de\\\/wp-content\\\/uploads\\\/2026\\\/02\\\/Draw-03-150312-110115-Ausgeschnitten-I.jpg\",\"contentUrl\":\"https:\\\/\\\/c-hessler.de\\\/wp-content\\\/uploads\\\/2026\\\/02\\\/Draw-03-150312-110115-Ausgeschnitten-I.jpg\",\"width\":445,\"height\":394,\"caption\":\"Dr. Christoph He\u00dfler Maschinensysteme\"},\"image\":{\"@id\":\"https:\\\/\\\/c-hessler.de\\\/#\\\/schema\\\/logo\\\/image\\\/\"},\"sameAs\":[\"https:\\\/\\\/www.facebook.com\\\/DrChristophHesslerMaschinensysteme\\\/\",\"https:\\\/\\\/www.pinterest.de\\\/hesstools\\\/\",\"https:\\\/\\\/www.youtube.com\\\/channel\\\/UCaNnXDGGF_BiYFQZ2kJgi-A?view_as=subscriber\"],\"description\":\"1. Ecken- und Kantenfr\u00e4sen f\u00fcr Tischler und Schreiner, Sonderanfertigungen 2. Auch f\u00fcr die Nachbearbeitung von Eck-Schwei\u00dfn\u00e4hten bei Aluminium-Werkstoffen, f\u00fcr Fahrzeugbauer oder Metallbauer aller Art\",\"email\":\"christoph.hessler@c-hessler.de\",\"telephone\":\"0527413012080\",\"legalName\":\"Dr. Christoph He\u00dfler Maschinensysteme\",\"foundingDate\":\"2003-06-05\",\"vatID\":\"DE230070107\",\"numberOfEmployees\":{\"@type\":\"QuantitativeValue\",\"minValue\":\"1\",\"maxValue\":\"10\"}}]}<\/script>\n<meta property=\"product:price:amount\" content=\"320.00\" \/>\n<meta property=\"product:price:currency\" content=\"EUR\" \/>\n<meta property=\"og:availability\" content=\"instock\" \/>\n<meta property=\"product:availability\" content=\"instock\" \/>\n<meta property=\"product:retailer_item_id\" content=\"eckenrunder-system-ecko-vz-100-90f-mfk-1\" \/>\n<meta property=\"product:condition\" content=\"new\" \/>\n<!-- \/ Yoast SEO Premium plugin. -->","yoast_head_json":{"title":"Rounding corners with Festool edge router","description":"A perfect edge needs perfect corner rounding. This is achieved with the Festool MFK with the corner rounding system Ecko. For wood and plastic.","robots":{"index":"index","follow":"follow","max-snippet":"max-snippet:-1","max-image-preview":"max-image-preview:large","max-video-preview":"max-video-preview:-1"},"canonical":"https:\/\/c-hessler.de\/en\/shop\/corner-rounding-system-ecko-vz-100-90f-mfk-1\/","og_locale":"en_GB","og_type":"article","og_title":"Eckenrunder-System Ecko VZ 100 90F MFK 1","og_description":"Eine perfekte Kante braucht ein perfektes Eckenrunden. Dies gelingt mit der Festool MFK mit dem Eckenrunder-System Ecko. F\u00fcr Holz und Kunststoff.","og_url":"https:\/\/c-hessler.de\/en\/shop\/corner-rounding-system-ecko-vz-100-90f-mfk-1\/","og_site_name":"Dr. Christoph He\u00dfler Maschinensysteme","article_publisher":"https:\/\/www.facebook.com\/DrChristophHesslerMaschinensysteme\/","article_modified_time":"2025-12-10T14:10:02+00:00","og_image":[{"width":2048,"height":1536,"url":"https:\/\/c-hessler.de\/wp-content\/uploads\/2017\/12\/P1010019-freigestellt-III.png","type":"image\/png"}],"twitter_misc":{"Price":"320,00&nbsp;&euro; ohne MwSt.","Availability":"In stock"},"schema":{"@context":"https:\/\/schema.org","@graph":[{"@type":"WebPage","@id":"https:\/\/c-hessler.de\/shop\/eckenrunder-system-ecko-vz-100-90f-mfk-1\/","url":"https:\/\/c-hessler.de\/shop\/eckenrunder-system-ecko-vz-100-90f-mfk-1\/","name":"Rounding corners with Festool edge router","isPartOf":{"@id":"https:\/\/c-hessler.de\/#website"},"primaryImageOfPage":{"@id":"https:\/\/c-hessler.de\/shop\/eckenrunder-system-ecko-vz-100-90f-mfk-1\/#primaryimage"},"image":{"@id":"https:\/\/c-hessler.de\/shop\/eckenrunder-system-ecko-vz-100-90f-mfk-1\/#primaryimage"},"thumbnailUrl":"https:\/\/c-hessler.de\/wp-content\/uploads\/2017\/12\/P1010019-freigestellt-III.png","datePublished":"2017-12-05T23:43:22+00:00","dateModified":"2025-12-10T14:10:02+00:00","description":"A perfect edge needs perfect corner rounding. This is achieved with the Festool MFK with the corner rounding system Ecko. For wood and plastic.","breadcrumb":{"@id":"https:\/\/c-hessler.de\/shop\/eckenrunder-system-ecko-vz-100-90f-mfk-1\/#breadcrumb"},"inLanguage":"en-GB","potentialAction":[{"@type":"ReadAction","target":["https:\/\/c-hessler.de\/shop\/eckenrunder-system-ecko-vz-100-90f-mfk-1\/"]}]},{"@type":"ImageObject","inLanguage":"en-GB","@id":"https:\/\/c-hessler.de\/shop\/eckenrunder-system-ecko-vz-100-90f-mfk-1\/#primaryimage","url":"https:\/\/c-hessler.de\/wp-content\/uploads\/2017\/12\/P1010019-freigestellt-III.png","contentUrl":"https:\/\/c-hessler.de\/wp-content\/uploads\/2017\/12\/P1010019-freigestellt-III.png","width":2048,"height":1536,"caption":"Die Komponenten des Eckenrunder-Systems Ecko"},{"@type":"BreadcrumbList","@id":"https:\/\/c-hessler.de\/shop\/eckenrunder-system-ecko-vz-100-90f-mfk-1\/#breadcrumb","itemListElement":[{"@type":"ListItem","position":1,"name":"Produkte","item":"https:\/\/c-hessler.de\/produkte\/"},{"@type":"ListItem","position":2,"name":"Eckenrunder-System Ecko VZ 100 90F MFK 1"}]},{"@type":"WebSite","@id":"https:\/\/c-hessler.de\/#website","url":"https:\/\/c-hessler.de\/","name":"www.c-hessler.de","description":"","publisher":{"@id":"https:\/\/c-hessler.de\/#organization"},"potentialAction":[{"@type":"SearchAction","target":{"@type":"EntryPoint","urlTemplate":"https:\/\/c-hessler.de\/?s={search_term_string}"},"query-input":{"@type":"PropertyValueSpecification","valueRequired":true,"valueName":"search_term_string"}}],"inLanguage":"en-GB"},{"@type":"Organization","@id":"https:\/\/c-hessler.de\/#organization","name":"Dr Christoph He\u00dfler Machine Systems","alternateName":"Dr. Christoph He\u00dfler Maschinensysteme","url":"https:\/\/c-hessler.de\/","logo":{"@type":"ImageObject","inLanguage":"en-GB","@id":"https:\/\/c-hessler.de\/#\/schema\/logo\/image\/","url":"https:\/\/c-hessler.de\/wp-content\/uploads\/2026\/02\/Draw-03-150312-110115-Ausgeschnitten-I.jpg","contentUrl":"https:\/\/c-hessler.de\/wp-content\/uploads\/2026\/02\/Draw-03-150312-110115-Ausgeschnitten-I.jpg","width":445,"height":394,"caption":"Dr. Christoph He\u00dfler Maschinensysteme"},"image":{"@id":"https:\/\/c-hessler.de\/#\/schema\/logo\/image\/"},"sameAs":["https:\/\/www.facebook.com\/DrChristophHesslerMaschinensysteme\/","https:\/\/www.pinterest.de\/hesstools\/","https:\/\/www.youtube.com\/channel\/UCaNnXDGGF_BiYFQZ2kJgi-A?view_as=subscriber"],"description":"1. Ecken- und Kantenfr\u00e4sen f\u00fcr Tischler und Schreiner, Sonderanfertigungen 2. Auch f\u00fcr die Nachbearbeitung von Eck-Schwei\u00dfn\u00e4hten bei Aluminium-Werkstoffen, f\u00fcr Fahrzeugbauer oder Metallbauer aller Art","email":"christoph.hessler@c-hessler.de","telephone":"0527413012080","legalName":"Dr. Christoph He\u00dfler Maschinensysteme","foundingDate":"2003-06-05","vatID":"DE230070107","numberOfEmployees":{"@type":"QuantitativeValue","minValue":"1","maxValue":"10"}}]},"product_price_amount":"320.00","product_price_currency":"EUR","og_availability":"instock","product_availability":"instock","product_retailer_item_id":"eckenrunder-system-ecko-vz-100-90f-mfk-1","product_condition":"new"},"_links":{"self":[{"href":"https:\/\/c-hessler.de\/en\/wp-json\/wp\/v2\/product\/10900","targetHints":{"allow":["GET"]}}],"collection":[{"href":"https:\/\/c-hessler.de\/en\/wp-json\/wp\/v2\/product"}],"about":[{"href":"https:\/\/c-hessler.de\/en\/wp-json\/wp\/v2\/types\/product"}],"replies":[{"embeddable":true,"href":"https:\/\/c-hessler.de\/en\/wp-json\/wp\/v2\/comments?post=10900"}],"wp:featuredmedia":[{"embeddable":true,"href":"https:\/\/c-hessler.de\/en\/wp-json\/wp\/v2\/media\/10887"}],"wp:attachment":[{"href":"https:\/\/c-hessler.de\/en\/wp-json\/wp\/v2\/media?parent=10900"}],"wp:term":[{"taxonomy":"product_brand","embeddable":true,"href":"https:\/\/c-hessler.de\/en\/wp-json\/wp\/v2\/product_brand?post=10900"},{"taxonomy":"product_cat","embeddable":true,"href":"https:\/\/c-hessler.de\/en\/wp-json\/wp\/v2\/product_cat?post=10900"},{"taxonomy":"product_tag","embeddable":true,"href":"https:\/\/c-hessler.de\/en\/wp-json\/wp\/v2\/product_tag?post=10900"}],"curies":[{"name":"wp","href":"https:\/\/api.w.org\/{rel}","templated":true}]}}