{"id":205595,"date":"2018-12-19T09:04:35","date_gmt":"2018-12-19T08:04:35","guid":{"rendered":"https:\/\/c-hessler.de\/?post_type=product&#038;p=205595"},"modified":"2026-05-05T10:01:02","modified_gmt":"2026-05-05T08:01:02","slug":"mafell-fraesmotor-fm-1000","status":"publish","type":"product","link":"https:\/\/c-hessler.de\/en\/shop\/mafell-fraesmotor-fm-1000\/","title":{"rendered":"Motor for CNC milling machines and milling tables Mafell FM 1000"},"content":{"rendered":"<div style=\"height:30px\" aria-hidden=\"true\" class=\"wp-block-spacer\"><\/div>\n\n\n\n<div class=\"wp-block-columns is-layout-flex wp-container-core-columns-is-layout-28f84493 wp-block-columns-is-layout-flex\">\n<div class=\"wp-block-column is-layout-flow wp-block-column-is-layout-flow\">\n<figure class=\"wp-block-image size-full\"><img fetchpriority=\"high\" decoding=\"async\" width=\"511\" height=\"390\" src=\"https:\/\/c-hessler.de\/wp-content\/uploads\/2018\/12\/detailbild_04.jpg\" alt=\"Spindle lock\" class=\"wp-image-205607\" srcset=\"https:\/\/c-hessler.de\/wp-content\/uploads\/2018\/12\/detailbild_04.jpg 511w, https:\/\/c-hessler.de\/wp-content\/uploads\/2018\/12\/detailbild_04-150x114.jpg 150w, https:\/\/c-hessler.de\/wp-content\/uploads\/2018\/12\/detailbild_04-300x229.jpg 300w, https:\/\/c-hessler.de\/wp-content\/uploads\/2018\/12\/detailbild_04-510x389.jpg 510w\" sizes=\"(max-width: 511px) 100vw, 511px\" \/><figcaption class=\"wp-element-caption\">The spindle lock is pressed to change tools. You then only need 1 spanner for the clamping nut<br><\/figcaption><\/figure>\n<\/div>\n\n\n\n<div class=\"wp-block-column is-layout-flow wp-block-column-is-layout-flow\">\n<figure class=\"wp-block-image size-full\"><img decoding=\"async\" width=\"511\" height=\"390\" src=\"https:\/\/c-hessler.de\/wp-content\/uploads\/2018\/12\/detailbild_03.jpg\" alt=\"Bearings are secured by impact protection\" class=\"wp-image-205606\" srcset=\"https:\/\/c-hessler.de\/wp-content\/uploads\/2018\/12\/detailbild_03.jpg 511w, https:\/\/c-hessler.de\/wp-content\/uploads\/2018\/12\/detailbild_03-150x114.jpg 150w, https:\/\/c-hessler.de\/wp-content\/uploads\/2018\/12\/detailbild_03-300x229.jpg 300w, https:\/\/c-hessler.de\/wp-content\/uploads\/2018\/12\/detailbild_03-510x389.jpg 510w\" sizes=\"(max-width: 511px) 100vw, 511px\" \/><figcaption class=\"wp-element-caption\">When chips fly, the machine should be safely protected. The FM 1000 has a rotating impact guard (silver) for this purpose. This keeps chips away from the bearings of the drive spindle.<br><\/figcaption><\/figure>\n<\/div>\n<\/div>\n\n\n\n<div class=\"wp-block-columns is-layout-flex wp-container-core-columns-is-layout-28f84493 wp-block-columns-is-layout-flex\">\n<div class=\"wp-block-column is-layout-flow wp-block-column-is-layout-flow\">\n<figure class=\"wp-block-image size-full\"><img decoding=\"async\" width=\"511\" height=\"390\" src=\"https:\/\/c-hessler.de\/wp-content\/uploads\/2018\/12\/detailbild_02.jpg\" alt=\"Euroneck 43mm\" class=\"wp-image-205605\" srcset=\"https:\/\/c-hessler.de\/wp-content\/uploads\/2018\/12\/detailbild_02.jpg 511w, https:\/\/c-hessler.de\/wp-content\/uploads\/2018\/12\/detailbild_02-150x114.jpg 150w, https:\/\/c-hessler.de\/wp-content\/uploads\/2018\/12\/detailbild_02-300x229.jpg 300w, https:\/\/c-hessler.de\/wp-content\/uploads\/2018\/12\/detailbild_02-510x389.jpg 510w\" sizes=\"(max-width: 511px) 100vw, 511px\" \/><figcaption class=\"wp-element-caption\">The clamping and bearing flange is made of steel. It securely absorbs the machining impacts. With a diameter of 43 mm, it fits into standard holders.<br><\/figcaption><\/figure>\n<\/div>\n\n\n\n<div class=\"wp-block-column is-layout-flow wp-block-column-is-layout-flow\">\n<figure class=\"wp-block-image size-full\"><img loading=\"lazy\" decoding=\"async\" width=\"511\" height=\"390\" src=\"https:\/\/c-hessler.de\/wp-content\/uploads\/2018\/12\/detailbild_01.jpg\" alt=\"With adjustable and controllable speed\" class=\"wp-image-205604\" srcset=\"https:\/\/c-hessler.de\/wp-content\/uploads\/2018\/12\/detailbild_01.jpg 511w, https:\/\/c-hessler.de\/wp-content\/uploads\/2018\/12\/detailbild_01-150x114.jpg 150w, https:\/\/c-hessler.de\/wp-content\/uploads\/2018\/12\/detailbild_01-300x229.jpg 300w, https:\/\/c-hessler.de\/wp-content\/uploads\/2018\/12\/detailbild_01-510x389.jpg 510w\" sizes=\"(max-width: 511px) 100vw, 511px\" \/><figcaption class=\"wp-element-caption\">The speed can be preset from 4,000 rpm to 25,000 rpm. The electronics ensure that the speed is maintained. Safe and clean routing from acrylic to chipboard.<br><\/figcaption><\/figure>\n<\/div>\n<\/div>\n\n\n\n<div class=\"wp-block-columns is-layout-flex wp-container-core-columns-is-layout-28f84493 wp-block-columns-is-layout-flex\">\n<div class=\"wp-block-column is-layout-flow wp-block-column-is-layout-flow\">\n<figure class=\"wp-block-image size-full\"><img loading=\"lazy\" decoding=\"async\" width=\"1417\" height=\"1417\" src=\"https:\/\/c-hessler.de\/wp-content\/uploads\/2018\/12\/093732_spannzange.jpg\" alt=\"The 8 mm collet chuck holds the milling cutter\" class=\"wp-image-205603\" srcset=\"https:\/\/c-hessler.de\/wp-content\/uploads\/2018\/12\/093732_spannzange.jpg 1417w, https:\/\/c-hessler.de\/wp-content\/uploads\/2018\/12\/093732_spannzange-400x400.jpg 400w, https:\/\/c-hessler.de\/wp-content\/uploads\/2018\/12\/093732_spannzange-100x100.jpg 100w, https:\/\/c-hessler.de\/wp-content\/uploads\/2018\/12\/093732_spannzange-800x800.jpg 800w, https:\/\/c-hessler.de\/wp-content\/uploads\/2018\/12\/093732_spannzange-150x150.jpg 150w, https:\/\/c-hessler.de\/wp-content\/uploads\/2018\/12\/093732_spannzange-300x300.jpg 300w, https:\/\/c-hessler.de\/wp-content\/uploads\/2018\/12\/093732_spannzange-768x768.jpg 768w, https:\/\/c-hessler.de\/wp-content\/uploads\/2018\/12\/093732_spannzange-1024x1024.jpg 1024w, https:\/\/c-hessler.de\/wp-content\/uploads\/2018\/12\/093732_spannzange-1080x1080.jpg 1080w\" sizes=\"(max-width: 1417px) 100vw, 1417px\" \/><figcaption class=\"wp-element-caption\">The collet chuck holds the milling cutter and is inserted into the cone of the drive spindle. The FM 1000 milling motor is supplied with a collet chuck for 8 mm shank. Other collets on request. The maximum shank diameter that can be clamped is 10 mm.<br><\/figcaption><\/figure>\n<\/div>\n\n\n\n<div class=\"wp-block-column is-layout-flow wp-block-column-is-layout-flow\">\n<figure class=\"wp-block-image size-full\"><img loading=\"lazy\" decoding=\"async\" width=\"1417\" height=\"1417\" src=\"https:\/\/c-hessler.de\/wp-content\/uploads\/2018\/12\/093729_ueberwurfmutter.jpg\" alt=\"Hexagon on union nut\" class=\"wp-image-205602\" srcset=\"https:\/\/c-hessler.de\/wp-content\/uploads\/2018\/12\/093729_ueberwurfmutter.jpg 1417w, https:\/\/c-hessler.de\/wp-content\/uploads\/2018\/12\/093729_ueberwurfmutter-400x400.jpg 400w, https:\/\/c-hessler.de\/wp-content\/uploads\/2018\/12\/093729_ueberwurfmutter-100x100.jpg 100w, https:\/\/c-hessler.de\/wp-content\/uploads\/2018\/12\/093729_ueberwurfmutter-800x800.jpg 800w, https:\/\/c-hessler.de\/wp-content\/uploads\/2018\/12\/093729_ueberwurfmutter-150x150.jpg 150w, https:\/\/c-hessler.de\/wp-content\/uploads\/2018\/12\/093729_ueberwurfmutter-300x300.jpg 300w, https:\/\/c-hessler.de\/wp-content\/uploads\/2018\/12\/093729_ueberwurfmutter-768x768.jpg 768w, https:\/\/c-hessler.de\/wp-content\/uploads\/2018\/12\/093729_ueberwurfmutter-1024x1024.jpg 1024w, https:\/\/c-hessler.de\/wp-content\/uploads\/2018\/12\/093729_ueberwurfmutter-1080x1080.jpg 1080w\" sizes=\"(max-width: 1417px) 100vw, 1417px\" \/><figcaption class=\"wp-element-caption\">The union nut presses the collet into the cone of the drive spindle. It is tightened using a spanner supplied with the machine. The spindle lock is pressed at the same time.<br><\/figcaption><\/figure>\n<\/div>\n<\/div>\n\n\n\n<div style=\"height:30px\" aria-hidden=\"true\" class=\"wp-block-spacer\"><\/div>","protected":false},"excerpt":{"rendered":"<p>Here comes the further development of the proven motor from Mafell for CNC milling and for milling tables<\/p>\n<ul>\n<li>With 1000 watts = 1 kW<\/li>\n<li>High concentricity: <strong>Smaller 0.01mm<\/strong> in the clamping cone<\/li>\n<li>Adjustable speed: Nominal idling speed 4,000 - 25,000 rpm<\/li>\n<li><strong>Pleasantly quiet, particularly pleasant during continuous operation: sound pressure level dB (A) max. 75<\/strong><\/li>\n<li>All connection dimensions as for the predecessor model: Dimensions (WxHxL) 73 mm x 254 mm x 79 mm, clamping neck 43 mm<\/li>\n<li>Including 8mm collet and<strong> 4 metre cable<\/strong>. Collet chuck <strong>max. for shaft 10 mm<\/strong> available as an option.<\/li>\n<li>Weight 1.65 kg<\/li>\n<\/ul>\n<p>MAFELL milling motors are manufactured under the strictest quality controls in Oberndorf am Neckar in Germany. Before delivery, each milling motor is \"run in\" under laboratory conditions. This increases service life and durability.<\/p>","protected":false},"featured_media":205601,"comment_status":"open","ping_status":"closed","template":"","meta":[],"product_brand":[],"product_cat":[94],"product_tag":[46,95,97,96,38],"class_list":{"0":"post-205595","1":"product","2":"type-product","3":"status-publish","4":"has-post-thumbnail","6":"product_cat-motoren-und-antriebe","7":"product_tag-elektrischer-antrieb","8":"product_tag-elektromotor","9":"product_tag-fm-1000","10":"product_tag-fraesmotor","11":"product_tag-handgefuehrt","13":"first","14":"instock","15":"sold-individually","16":"taxable","17":"shipping-taxable","18":"purchasable","19":"product-type-simple"},"yoast_head":"<!-- This site is optimized with the Yoast SEO Premium plugin v27.5 (Yoast SEO v27.5) - https:\/\/yoast.com\/product\/yoast-seo-premium-wordpress\/ -->\n<title>Motor f\u00fcr CNC-Fr\u00e4sen und Fr\u00e4stische Mafell FM 1000 - Dr. Christoph He\u00dfler Maschinensysteme<\/title>\n<meta name=\"description\" content=\"Der neue Fr\u00e4smotor von Mafell f\u00fcr CNC-Fr\u00e4sen und Fr\u00e4stische im Modellbau, Formenbau, Werbetechnik, Gravur, Schmuck, Elektronik, Steinmetzarbeiten\" \/>\n<meta name=\"robots\" content=\"index, follow, max-snippet:-1, max-image-preview:large, max-video-preview:-1\" \/>\n<link rel=\"canonical\" href=\"https:\/\/c-hessler.de\/en\/shop\/mafell-fraesmotor-fm-1000\/\" \/>\n<meta property=\"og:locale\" content=\"en_GB\" \/>\n<meta property=\"og:type\" content=\"article\" \/>\n<meta property=\"og:title\" content=\"Motor f\u00fcr CNC-Fr\u00e4sen und Fr\u00e4stische Mafell FM 1000\" \/>\n<meta property=\"og:description\" content=\"Der neue Fr\u00e4smotor von Mafell f\u00fcr CNC-Fr\u00e4sen und Fr\u00e4stische im Modellbau, Formenbau, Werbetechnik, Gravur, Schmuck, Elektronik, Steinmetzarbeiten\" \/>\n<meta property=\"og:url\" content=\"https:\/\/c-hessler.de\/en\/shop\/mafell-fraesmotor-fm-1000\/\" \/>\n<meta property=\"og:site_name\" content=\"Dr. Christoph He\u00dfler Maschinensysteme\" \/>\n<meta property=\"article:publisher\" content=\"https:\/\/www.facebook.com\/DrChristophHesslerMaschinensysteme\/\" \/>\n<meta property=\"article:modified_time\" content=\"2026-05-05T08:01:02+00:00\" \/>\n<meta property=\"og:image\" content=\"https:\/\/c-hessler.de\/wp-content\/uploads\/2018\/12\/fm_800_1000_frei-e1545382484196-scaled.jpg\" \/>\n\t<meta property=\"og:image:width\" content=\"2560\" \/>\n\t<meta property=\"og:image:height\" content=\"1903\" \/>\n\t<meta property=\"og:image:type\" content=\"image\/jpeg\" \/>\n<meta name=\"twitter:label1\" content=\"Price\" \/>\n\t<meta name=\"twitter:data1\" content=\"273,00&nbsp;&euro; ohne MwSt.\" \/>\n\t<meta name=\"twitter:label2\" content=\"Availability\" \/>\n\t<meta name=\"twitter:data2\" content=\"In stock\" \/>\n<script type=\"application\/ld+json\" class=\"yoast-schema-graph\">{\"@context\":\"https:\\\/\\\/schema.org\",\"@graph\":[{\"@type\":\"WebPage\",\"@id\":\"https:\\\/\\\/c-hessler.de\\\/shop\\\/mafell-fraesmotor-fm-1000\\\/\",\"url\":\"https:\\\/\\\/c-hessler.de\\\/shop\\\/mafell-fraesmotor-fm-1000\\\/\",\"name\":\"Motor f\u00fcr CNC-Fr\u00e4sen und Fr\u00e4stische Mafell FM 1000 - Dr. Christoph He\u00dfler Maschinensysteme\",\"isPartOf\":{\"@id\":\"https:\\\/\\\/c-hessler.de\\\/#website\"},\"primaryImageOfPage\":{\"@id\":\"https:\\\/\\\/c-hessler.de\\\/shop\\\/mafell-fraesmotor-fm-1000\\\/#primaryimage\"},\"image\":{\"@id\":\"https:\\\/\\\/c-hessler.de\\\/shop\\\/mafell-fraesmotor-fm-1000\\\/#primaryimage\"},\"thumbnailUrl\":\"https:\\\/\\\/c-hessler.de\\\/wp-content\\\/uploads\\\/2018\\\/12\\\/fm_800_1000_frei-e1545382484196-scaled.jpg\",\"datePublished\":\"2018-12-19T08:04:35+00:00\",\"dateModified\":\"2026-05-05T08:01:02+00:00\",\"description\":\"Der neue Fr\u00e4smotor von Mafell f\u00fcr CNC-Fr\u00e4sen und Fr\u00e4stische im Modellbau, Formenbau, Werbetechnik, Gravur, Schmuck, Elektronik, Steinmetzarbeiten\",\"breadcrumb\":{\"@id\":\"https:\\\/\\\/c-hessler.de\\\/shop\\\/mafell-fraesmotor-fm-1000\\\/#breadcrumb\"},\"inLanguage\":\"en-GB\",\"potentialAction\":[{\"@type\":\"ReadAction\",\"target\":[\"https:\\\/\\\/c-hessler.de\\\/shop\\\/mafell-fraesmotor-fm-1000\\\/\"]}]},{\"@type\":\"ImageObject\",\"inLanguage\":\"en-GB\",\"@id\":\"https:\\\/\\\/c-hessler.de\\\/shop\\\/mafell-fraesmotor-fm-1000\\\/#primaryimage\",\"url\":\"https:\\\/\\\/c-hessler.de\\\/wp-content\\\/uploads\\\/2018\\\/12\\\/fm_800_1000_frei-e1545382484196-scaled.jpg\",\"contentUrl\":\"https:\\\/\\\/c-hessler.de\\\/wp-content\\\/uploads\\\/2018\\\/12\\\/fm_800_1000_frei-e1545382484196-scaled.jpg\",\"width\":2560,\"height\":1903,\"caption\":\"Fr\u00e4smotor Mafell FM 1000\"},{\"@type\":\"BreadcrumbList\",\"@id\":\"https:\\\/\\\/c-hessler.de\\\/shop\\\/mafell-fraesmotor-fm-1000\\\/#breadcrumb\",\"itemListElement\":[{\"@type\":\"ListItem\",\"position\":1,\"name\":\"Produkte\",\"item\":\"https:\\\/\\\/c-hessler.de\\\/produkte\\\/\"},{\"@type\":\"ListItem\",\"position\":2,\"name\":\"Motor f\u00fcr CNC-Fr\u00e4sen und Fr\u00e4stische Mafell FM 1000\"}]},{\"@type\":\"WebSite\",\"@id\":\"https:\\\/\\\/c-hessler.de\\\/#website\",\"url\":\"https:\\\/\\\/c-hessler.de\\\/\",\"name\":\"www.c-hessler.de\",\"description\":\"\",\"publisher\":{\"@id\":\"https:\\\/\\\/c-hessler.de\\\/#organization\"},\"potentialAction\":[{\"@type\":\"SearchAction\",\"target\":{\"@type\":\"EntryPoint\",\"urlTemplate\":\"https:\\\/\\\/c-hessler.de\\\/?s={search_term_string}\"},\"query-input\":{\"@type\":\"PropertyValueSpecification\",\"valueRequired\":true,\"valueName\":\"search_term_string\"}}],\"inLanguage\":\"en-GB\"},{\"@type\":\"Organization\",\"@id\":\"https:\\\/\\\/c-hessler.de\\\/#organization\",\"name\":\"Dr. Christoph He\u00dfler Maschinensysteme\",\"alternateName\":\"Dr. Christoph He\u00dfler Maschinensysteme\",\"url\":\"https:\\\/\\\/c-hessler.de\\\/\",\"logo\":{\"@type\":\"ImageObject\",\"inLanguage\":\"en-GB\",\"@id\":\"https:\\\/\\\/c-hessler.de\\\/#\\\/schema\\\/logo\\\/image\\\/\",\"url\":\"https:\\\/\\\/c-hessler.de\\\/wp-content\\\/uploads\\\/2026\\\/02\\\/Draw-03-150312-110115-Ausgeschnitten-I.jpg\",\"contentUrl\":\"https:\\\/\\\/c-hessler.de\\\/wp-content\\\/uploads\\\/2026\\\/02\\\/Draw-03-150312-110115-Ausgeschnitten-I.jpg\",\"width\":445,\"height\":394,\"caption\":\"Dr. Christoph He\u00dfler Maschinensysteme\"},\"image\":{\"@id\":\"https:\\\/\\\/c-hessler.de\\\/#\\\/schema\\\/logo\\\/image\\\/\"},\"sameAs\":[\"https:\\\/\\\/www.facebook.com\\\/DrChristophHesslerMaschinensysteme\\\/\",\"https:\\\/\\\/www.pinterest.de\\\/hesstools\\\/\",\"https:\\\/\\\/www.youtube.com\\\/channel\\\/UCaNnXDGGF_BiYFQZ2kJgi-A?view_as=subscriber\"],\"description\":\"1. Ecken- und Kantenfr\u00e4sen f\u00fcr Tischler und Schreiner, Sonderanfertigungen 2. Auch f\u00fcr die Nachbearbeitung von Eck-Schwei\u00dfn\u00e4hten bei Aluminium-Werkstoffen, f\u00fcr Fahrzeugbauer oder Metallbauer aller Art\",\"email\":\"christoph.hessler@c-hessler.de\",\"telephone\":\"0527413012080\",\"legalName\":\"Dr. Christoph He\u00dfler Maschinensysteme\",\"foundingDate\":\"2003-06-05\",\"vatID\":\"DE230070107\",\"numberOfEmployees\":{\"@type\":\"QuantitativeValue\",\"minValue\":\"1\",\"maxValue\":\"10\"}}]}<\/script>\n<meta property=\"product:price:amount\" content=\"273.00\" \/>\n<meta property=\"product:price:currency\" content=\"EUR\" \/>\n<meta property=\"og:availability\" content=\"instock\" \/>\n<meta property=\"product:availability\" content=\"instock\" \/>\n<meta property=\"product:retailer_item_id\" content=\"mafell-fraesmotor-fm-1000\" \/>\n<meta property=\"product:condition\" content=\"new\" \/>\n<!-- \/ Yoast SEO Premium plugin. -->","yoast_head_json":{"title":"Motor for CNC milling machines and milling tables Mafell FM 1000 - Dr Christoph He\u00dfler Maschinensysteme","description":"The new milling motor from Mafell for CNC milling machines and milling tables in model making, mould making, advertising technology, engraving, jewellery, electronics, stonemasonry","robots":{"index":"index","follow":"follow","max-snippet":"max-snippet:-1","max-image-preview":"max-image-preview:large","max-video-preview":"max-video-preview:-1"},"canonical":"https:\/\/c-hessler.de\/en\/shop\/mafell-fraesmotor-fm-1000\/","og_locale":"en_GB","og_type":"article","og_title":"Motor f\u00fcr CNC-Fr\u00e4sen und Fr\u00e4stische Mafell FM 1000","og_description":"Der neue Fr\u00e4smotor von Mafell f\u00fcr CNC-Fr\u00e4sen und Fr\u00e4stische im Modellbau, Formenbau, Werbetechnik, Gravur, Schmuck, Elektronik, Steinmetzarbeiten","og_url":"https:\/\/c-hessler.de\/en\/shop\/mafell-fraesmotor-fm-1000\/","og_site_name":"Dr. Christoph He\u00dfler Maschinensysteme","article_publisher":"https:\/\/www.facebook.com\/DrChristophHesslerMaschinensysteme\/","article_modified_time":"2026-05-05T08:01:02+00:00","og_image":[{"width":2560,"height":1903,"url":"https:\/\/c-hessler.de\/wp-content\/uploads\/2018\/12\/fm_800_1000_frei-e1545382484196-scaled.jpg","type":"image\/jpeg"}],"twitter_misc":{"Price":"273,00&nbsp;&euro; ohne MwSt.","Availability":"In stock"},"schema":{"@context":"https:\/\/schema.org","@graph":[{"@type":"WebPage","@id":"https:\/\/c-hessler.de\/shop\/mafell-fraesmotor-fm-1000\/","url":"https:\/\/c-hessler.de\/shop\/mafell-fraesmotor-fm-1000\/","name":"Motor for CNC milling machines and milling tables Mafell FM 1000 - Dr Christoph He\u00dfler Maschinensysteme","isPartOf":{"@id":"https:\/\/c-hessler.de\/#website"},"primaryImageOfPage":{"@id":"https:\/\/c-hessler.de\/shop\/mafell-fraesmotor-fm-1000\/#primaryimage"},"image":{"@id":"https:\/\/c-hessler.de\/shop\/mafell-fraesmotor-fm-1000\/#primaryimage"},"thumbnailUrl":"https:\/\/c-hessler.de\/wp-content\/uploads\/2018\/12\/fm_800_1000_frei-e1545382484196-scaled.jpg","datePublished":"2018-12-19T08:04:35+00:00","dateModified":"2026-05-05T08:01:02+00:00","description":"The new milling motor from Mafell for CNC milling machines and milling tables in model making, mould making, advertising technology, engraving, jewellery, electronics, stonemasonry","breadcrumb":{"@id":"https:\/\/c-hessler.de\/shop\/mafell-fraesmotor-fm-1000\/#breadcrumb"},"inLanguage":"en-GB","potentialAction":[{"@type":"ReadAction","target":["https:\/\/c-hessler.de\/shop\/mafell-fraesmotor-fm-1000\/"]}]},{"@type":"ImageObject","inLanguage":"en-GB","@id":"https:\/\/c-hessler.de\/shop\/mafell-fraesmotor-fm-1000\/#primaryimage","url":"https:\/\/c-hessler.de\/wp-content\/uploads\/2018\/12\/fm_800_1000_frei-e1545382484196-scaled.jpg","contentUrl":"https:\/\/c-hessler.de\/wp-content\/uploads\/2018\/12\/fm_800_1000_frei-e1545382484196-scaled.jpg","width":2560,"height":1903,"caption":"Fr\u00e4smotor Mafell FM 1000"},{"@type":"BreadcrumbList","@id":"https:\/\/c-hessler.de\/shop\/mafell-fraesmotor-fm-1000\/#breadcrumb","itemListElement":[{"@type":"ListItem","position":1,"name":"Produkte","item":"https:\/\/c-hessler.de\/produkte\/"},{"@type":"ListItem","position":2,"name":"Motor f\u00fcr CNC-Fr\u00e4sen und Fr\u00e4stische Mafell FM 1000"}]},{"@type":"WebSite","@id":"https:\/\/c-hessler.de\/#website","url":"https:\/\/c-hessler.de\/","name":"www.c-hessler.de","description":"","publisher":{"@id":"https:\/\/c-hessler.de\/#organization"},"potentialAction":[{"@type":"SearchAction","target":{"@type":"EntryPoint","urlTemplate":"https:\/\/c-hessler.de\/?s={search_term_string}"},"query-input":{"@type":"PropertyValueSpecification","valueRequired":true,"valueName":"search_term_string"}}],"inLanguage":"en-GB"},{"@type":"Organization","@id":"https:\/\/c-hessler.de\/#organization","name":"Dr Christoph He\u00dfler Machine Systems","alternateName":"Dr. Christoph He\u00dfler Maschinensysteme","url":"https:\/\/c-hessler.de\/","logo":{"@type":"ImageObject","inLanguage":"en-GB","@id":"https:\/\/c-hessler.de\/#\/schema\/logo\/image\/","url":"https:\/\/c-hessler.de\/wp-content\/uploads\/2026\/02\/Draw-03-150312-110115-Ausgeschnitten-I.jpg","contentUrl":"https:\/\/c-hessler.de\/wp-content\/uploads\/2026\/02\/Draw-03-150312-110115-Ausgeschnitten-I.jpg","width":445,"height":394,"caption":"Dr. Christoph He\u00dfler Maschinensysteme"},"image":{"@id":"https:\/\/c-hessler.de\/#\/schema\/logo\/image\/"},"sameAs":["https:\/\/www.facebook.com\/DrChristophHesslerMaschinensysteme\/","https:\/\/www.pinterest.de\/hesstools\/","https:\/\/www.youtube.com\/channel\/UCaNnXDGGF_BiYFQZ2kJgi-A?view_as=subscriber"],"description":"1. Ecken- und Kantenfr\u00e4sen f\u00fcr Tischler und Schreiner, Sonderanfertigungen 2. Auch f\u00fcr die Nachbearbeitung von Eck-Schwei\u00dfn\u00e4hten bei Aluminium-Werkstoffen, f\u00fcr Fahrzeugbauer oder Metallbauer aller Art","email":"christoph.hessler@c-hessler.de","telephone":"0527413012080","legalName":"Dr. Christoph He\u00dfler Maschinensysteme","foundingDate":"2003-06-05","vatID":"DE230070107","numberOfEmployees":{"@type":"QuantitativeValue","minValue":"1","maxValue":"10"}}]},"product_price_amount":"273.00","product_price_currency":"EUR","og_availability":"instock","product_availability":"instock","product_retailer_item_id":"mafell-fraesmotor-fm-1000","product_condition":"new"},"_links":{"self":[{"href":"https:\/\/c-hessler.de\/en\/wp-json\/wp\/v2\/product\/205595","targetHints":{"allow":["GET"]}}],"collection":[{"href":"https:\/\/c-hessler.de\/en\/wp-json\/wp\/v2\/product"}],"about":[{"href":"https:\/\/c-hessler.de\/en\/wp-json\/wp\/v2\/types\/product"}],"replies":[{"embeddable":true,"href":"https:\/\/c-hessler.de\/en\/wp-json\/wp\/v2\/comments?post=205595"}],"wp:featuredmedia":[{"embeddable":true,"href":"https:\/\/c-hessler.de\/en\/wp-json\/wp\/v2\/media\/205601"}],"wp:attachment":[{"href":"https:\/\/c-hessler.de\/en\/wp-json\/wp\/v2\/media?parent=205595"}],"wp:term":[{"taxonomy":"product_brand","embeddable":true,"href":"https:\/\/c-hessler.de\/en\/wp-json\/wp\/v2\/product_brand?post=205595"},{"taxonomy":"product_cat","embeddable":true,"href":"https:\/\/c-hessler.de\/en\/wp-json\/wp\/v2\/product_cat?post=205595"},{"taxonomy":"product_tag","embeddable":true,"href":"https:\/\/c-hessler.de\/en\/wp-json\/wp\/v2\/product_tag?post=205595"}],"curies":[{"name":"wp","href":"https:\/\/api.w.org\/{rel}","templated":true}]}}