{"id":206349,"date":"2022-06-21T19:35:57","date_gmt":"2022-06-21T17:35:57","guid":{"rendered":"https:\/\/c-hessler.de\/?post_type=product&#038;p=206349"},"modified":"2025-12-09T17:09:41","modified_gmt":"2025-12-09T16:09:41","slug":"edging-machine-with-compressed-air-kf-400-iii","status":"publish","type":"product","link":"https:\/\/c-hessler.de\/en\/shop\/kantenfraese-mit-druckluft-kf-400-iii\/","title":{"rendered":"Edge router with compressed air KF 400 III"},"content":{"rendered":"<div class=\"wp-block-columns are-vertically-aligned-center is-layout-flex wp-container-core-columns-is-layout-28f84493 wp-block-columns-is-layout-flex\">\n<div class=\"wp-block-column is-vertically-aligned-center is-layout-flow wp-block-column-is-layout-flow\">\n<p class=\"title has-text-color\" style=\"color:#131315\">The robust pneumatic edge banders<\/p>\n\n\n\n<p>Es gibt keine leichtere\u00a0Kantenfr\u00e4se als eine Kantenfr\u00e4se mit Druckluft. Gerade wenn Hand und Arm anfangen zu schmerzen\u00a0weil lange oder feinf\u00fchlig mit der Kantenfr\u00e4se gearbeitet werden muss, ist der Druckluftantrieb nicht zu \u00fcbertreffen. Diese Bauart der Druckluft-Kantenfr\u00e4se wird bei Schreinern und Tischlern oft als Lamellofr\u00e4se bezeichnet.<\/p>\n\n\n\n<p>This is why Hessler has expanded its programme of pneumatic edge milling machines with the KF 400 III. It has a proven compressed air drive and impresses with its performance and manageability.<\/p>\n\n\n\n<ul class=\"wp-block-list\">\n<li>Pneumatic drive\n<ul class=\"wp-block-list\">\n<li>Collet up to shank 8 mm<\/li>\n\n\n\n<li>max. 24,000 rpm, speed adjustable<\/li>\n\n\n\n<li>max. 6 bar, approx. 600 l\/min +1 drop of oil\/min<\/li>\n<\/ul>\n<\/li>\n\n\n\n<li>Table\n<ul class=\"wp-block-list\">\n<li>Made of metal<\/li>\n\n\n\n<li>Thick, robust workpiece support<\/li>\n<\/ul>\n<\/li>\n\n\n\n<li>Milling cutter\n<ul class=\"wp-block-list\">\n<li>With thrust bearing<\/li>\n\n\n\n<li>Milling cutter max. diameter 28 mm<\/li>\n<\/ul>\n<\/li>\n<\/ul>\n<\/div>\n\n\n\n<div class=\"wp-block-column is-vertically-aligned-center is-layout-flow wp-block-column-is-layout-flow\" style=\"flex-basis:60%\">\n<figure class=\"wp-block-image size-large\"><img fetchpriority=\"high\" decoding=\"async\" width=\"1024\" height=\"576\" src=\"https:\/\/c-hessler.de\/wp-content\/uploads\/2022\/07\/20220715_133904-verpixelt--1024x576.jpg\" alt=\"Holz-Handwerk 2022 trade fair\" class=\"wp-image-206365\"\/><figcaption class=\"wp-element-caption\">Holz-Handwerk 2022 trade fair in Nuremberg<\/figcaption><\/figure>\n\n\n\n<p><\/p>\n<\/div>\n<\/div>\n\n\n\n<div style=\"height:30px\" aria-hidden=\"true\" class=\"wp-block-spacer\"><\/div>\n\n\n\n<div class=\"wp-block-columns are-vertically-aligned-center is-layout-flex wp-container-core-columns-is-layout-28f84493 wp-block-columns-is-layout-flex\">\n<div class=\"wp-block-column is-vertically-aligned-center is-layout-flow wp-block-column-is-layout-flow\">\n<figure class=\"wp-block-image size-large\"><img decoding=\"async\" width=\"1024\" height=\"576\" src=\"https:\/\/c-hessler.de\/wp-content\/uploads\/2022\/07\/20220712_100501-1024x576.jpg\" alt=\"The KF 400 III pneumatic edge router is available for testing at the Holz-Handwerk trade fair in Nuremberg.\" class=\"wp-image-206367\" srcset=\"https:\/\/c-hessler.de\/wp-content\/uploads\/2022\/07\/20220712_100501-1024x576.jpg 1024w, https:\/\/c-hessler.de\/wp-content\/uploads\/2022\/07\/20220712_100501-300x169.jpg 300w, https:\/\/c-hessler.de\/wp-content\/uploads\/2022\/07\/20220712_100501-768x432.jpg 768w, https:\/\/c-hessler.de\/wp-content\/uploads\/2022\/07\/20220712_100501-1536x864.jpg 1536w, https:\/\/c-hessler.de\/wp-content\/uploads\/2022\/07\/20220712_100501-2048x1152.jpg 2048w, https:\/\/c-hessler.de\/wp-content\/uploads\/2022\/07\/20220712_100501-1080x608.jpg 1080w, https:\/\/c-hessler.de\/wp-content\/uploads\/2022\/07\/20220712_100501-1280x720.jpg 1280w, https:\/\/c-hessler.de\/wp-content\/uploads\/2022\/07\/20220712_100501-980x551.jpg 980w, https:\/\/c-hessler.de\/wp-content\/uploads\/2022\/07\/20220712_100501-480x270.jpg 480w, https:\/\/c-hessler.de\/wp-content\/uploads\/2022\/07\/20220712_100501-800x450.jpg 800w, https:\/\/c-hessler.de\/wp-content\/uploads\/2022\/07\/20220712_100501-scaled-150x84.jpg 150w\" sizes=\"(max-width: 1024px) 100vw, 1024px\" \/><figcaption class=\"wp-element-caption\">The KF 400 III pneumatic edge router at the Holz-Handwerk 2022 trade fair in Nuremberg<\/figcaption><\/figure>\n<\/div>\n\n\n\n<div class=\"wp-block-column is-vertically-aligned-center is-layout-flow wp-block-column-is-layout-flow\" style=\"flex-basis:40%\">\n<p class=\"title has-text-color\" style=\"color:#131315\">The KF 400 III edge router with compressed air can also be fitted with an indexable insert router. If the exhaust air interferes with work, an optional exhaust air duct is available. This allows the exhaust air to be discharged to the side.<\/p>\n\n\n\n<p>Bei intensivem Betrieb\u00a0wird\u00a0eine Wartungseinheit ben\u00f6tigt oder ein vorgeschalteter \u00d6ler, damit ausreichend \u00d6l in den Motor eingebracht wird (etwa 1 Tropfen\/Minute). F\u00fcr den Start liegt der Lieferung ein kleines \u00d6lfl\u00e4schchen mit einer Beschreibung der \u00d6lspezifikation bei.<\/p>\n\n\n\n<p>Advice is offered for each pneumatic edge router with regard to the respective application, Tel.: +49 (0)5741 3012080.<\/p>\n\n\n\n<p>Dr Christoph He\u00dfler Machine Systems<\/p>\n\n\n\n<p>32312 L\u00fcbbecke<\/p>\n\n\n\n<p>www.c-hessler.de<\/p>\n<\/div>\n<\/div>\n\n\n\n<div style=\"height:30px\" aria-hidden=\"true\" class=\"wp-block-spacer\"><\/div>\n\n\n\n<div class=\"wp-block-columns are-vertically-aligned-center is-layout-flex wp-container-core-columns-is-layout-28f84493 wp-block-columns-is-layout-flex\">\n<div class=\"wp-block-column is-vertically-aligned-center is-layout-flow wp-block-column-is-layout-flow\">\n<h2 class=\"wp-block-heading title has-text-color\" id=\"h-merkmale-zum-system\" style=\"color:#131315\"><strong>System features<\/strong><\/h2>\n\n\n\n<h5 class=\"wp-block-heading title has-text-color\" id=\"h-anwendungsgebiet\" style=\"color:#131315\">Field of application<\/h5>\n\n\n\n<p class=\"title has-text-color\" style=\"color:#131315\">Compared to electric edge banders, the KF 400 III pneumatic edge banders are lightweight and easy to handle. They are typically used for chamfering or rounding plastic edgebands that have already been milled flush or on panels. The router can be used on wood and plastic with a bevel or radius of up to 3 mm.<\/p>\n\n\n\n<h5 class=\"wp-block-heading\" id=\"h-funktion-und-bedienung\">Function and operation<\/h5>\n\n\n\n<p>The KF 400 III edge router has an ergonomically designed handle. It can be easily guided with a router bit with thrust bearing and on the solid base plate.  We offer commercial users a free, no-obligation trial.<\/p>\n\n\n\n<h5 class=\"wp-block-heading\" id=\"h-preis\">Price<\/h5>\n\n\n\n<ul class=\"wp-block-list\">\n<li>1 week test without obligation and free of charge<\/li>\n\n\n\n<li>Price see above<\/li>\n<\/ul>\n\n\n\n<h5 class=\"wp-block-heading\" id=\"h-technische-voraussetzungen\">Technical requirements<\/h5>\n\n\n\n<p>For operation, it is necessary to regularly add compressed air appliance oil. For sporadic use, this can be done by dripping directly into the compressed air connection plug or, for continuous operation, by using a maintenance unit that is set to 1 drop of oil per minute.<\/p>\n\n\n\n<h5 class=\"wp-block-heading\" id=\"h-lieferumfang\">Scope of delivery<\/h5>\n\n\n\n<p>The KF 400 III edge router with compressed air is supplied as standard with a permanently fitted R2 router bit. The router is assembled and tested. A small bottle of compressed air tool oil is also supplied.<\/p>\n<\/div>\n\n\n\n<div class=\"wp-block-column is-vertically-aligned-center is-layout-flow wp-block-column-is-layout-flow\" style=\"flex-basis:60%\">\n<figure class=\"wp-block-image size-large\"><img decoding=\"async\" width=\"768\" height=\"1024\" src=\"https:\/\/c-hessler.de\/wp-content\/uploads\/2022\/07\/C.-Hessler-Kantenrunder-KF-400-III-1594-4-zu-3-768x1024.jpg\" alt=\"The KF 400 III edge router mills quickly around corners\" class=\"wp-image-206359\"\/><figcaption class=\"wp-element-caption\">The KF 400 III edge router mills quickly around corners.<\/figcaption><\/figure>\n\n\n\n<p><\/p>\n<\/div>\n<\/div>\n\n\n\n<div style=\"height:30px\" aria-hidden=\"true\" class=\"wp-block-spacer\"><\/div>","protected":false},"excerpt":{"rendered":"<p class=\"western\">The KF 400 III pneumatic edge router has a robust pneumatic motor<b>. <\/b>It is much easier to handle than an electric edge router. It is very suitable for deburring\/bevelling\/rounding work. Similar to the former Lamello Profila Pro or Wegoma DKF32. For advice please call: 05741 3012080, international +49 5741 3012080.<\/p>\n<p>With the KF 400 III you get a <strong>Proven product for robust use <\/strong>with ergonomic handle and speed adjustment. Collet chuck for 8 mm shank.<\/p>","protected":false},"featured_media":206352,"comment_status":"open","ping_status":"closed","template":"","meta":[],"product_brand":[],"product_cat":[58],"product_tag":[38,45,40],"class_list":{"0":"post-206349","1":"product","2":"type-product","3":"status-publish","4":"has-post-thumbnail","6":"product_cat-handgefuehrte-maschinen","7":"product_tag-handgefuehrt","8":"product_tag-kanten","9":"product_tag-pneumatischer-antrieb","11":"first","12":"instock","13":"taxable","14":"shipping-taxable","15":"purchasable","16":"product-type-simple"},"yoast_head":"<!-- This site is optimized with the Yoast SEO Premium plugin v27.5 (Yoast SEO v27.5) - https:\/\/yoast.com\/product\/yoast-seo-premium-wordpress\/ -->\n<title>Kantenfr\u00e4se mit Druckluft mit montiertem Fr\u00e4ser, \u00e4hnlich Lamello<\/title>\n<meta name=\"description\" content=\"Die Kantenfr\u00e4se KF 400 III wird mit Druckluft angetrieben. \u00c4hnlich zur fr\u00fcheren Lamello Profila Pro. Die Fr\u00e4se hat Schaft 8 mm.\" \/>\n<meta name=\"robots\" content=\"index, follow, max-snippet:-1, max-image-preview:large, max-video-preview:-1\" \/>\n<link rel=\"canonical\" href=\"https:\/\/c-hessler.de\/en\/shop\/edging-machine-with-compressed-air-kf-400-iii\/\" \/>\n<meta property=\"og:locale\" content=\"en_GB\" \/>\n<meta property=\"og:type\" content=\"article\" \/>\n<meta property=\"og:title\" content=\"Kantenfr\u00e4se mit Druckluft KF 400 III\" \/>\n<meta property=\"og:description\" content=\"Die Kantenfr\u00e4se KF 400 III wird mit Druckluft angetrieben. \u00c4hnlich zur fr\u00fcheren Lamello Profila Pro. Die Fr\u00e4se hat Schaft 8 mm.\" \/>\n<meta property=\"og:url\" content=\"https:\/\/c-hessler.de\/en\/shop\/edging-machine-with-compressed-air-kf-400-iii\/\" \/>\n<meta property=\"og:site_name\" content=\"Dr. Christoph He\u00dfler Maschinensysteme\" \/>\n<meta property=\"article:publisher\" content=\"https:\/\/www.facebook.com\/DrChristophHesslerMaschinensysteme\/\" \/>\n<meta property=\"article:modified_time\" content=\"2025-12-09T16:09:41+00:00\" \/>\n<meta property=\"og:image\" content=\"https:\/\/c-hessler.de\/wp-content\/uploads\/2022\/06\/P1010024freigestellt.jpg\" \/>\n\t<meta property=\"og:image:width\" content=\"1600\" \/>\n\t<meta property=\"og:image:height\" content=\"1200\" \/>\n\t<meta property=\"og:image:type\" content=\"image\/jpeg\" \/>\n<meta name=\"twitter:label1\" content=\"Price\" \/>\n\t<meta name=\"twitter:data1\" content=\"490,00&nbsp;&euro; ohne MwSt.\" \/>\n\t<meta name=\"twitter:label2\" content=\"Availability\" \/>\n\t<meta name=\"twitter:data2\" content=\"In stock\" \/>\n<script type=\"application\/ld+json\" class=\"yoast-schema-graph\">{\"@context\":\"https:\\\/\\\/schema.org\",\"@graph\":[{\"@type\":\"WebPage\",\"@id\":\"https:\\\/\\\/c-hessler.de\\\/shop\\\/kantenfraese-mit-druckluft-kf-400-iii\\\/\",\"url\":\"https:\\\/\\\/c-hessler.de\\\/shop\\\/kantenfraese-mit-druckluft-kf-400-iii\\\/\",\"name\":\"Kantenfr\u00e4se mit Druckluft mit montiertem Fr\u00e4ser, \u00e4hnlich Lamello\",\"isPartOf\":{\"@id\":\"https:\\\/\\\/c-hessler.de\\\/#website\"},\"primaryImageOfPage\":{\"@id\":\"https:\\\/\\\/c-hessler.de\\\/shop\\\/kantenfraese-mit-druckluft-kf-400-iii\\\/#primaryimage\"},\"image\":{\"@id\":\"https:\\\/\\\/c-hessler.de\\\/shop\\\/kantenfraese-mit-druckluft-kf-400-iii\\\/#primaryimage\"},\"thumbnailUrl\":\"https:\\\/\\\/c-hessler.de\\\/wp-content\\\/uploads\\\/2022\\\/06\\\/P1010024freigestellt.jpg\",\"datePublished\":\"2022-06-21T17:35:57+00:00\",\"dateModified\":\"2025-12-09T16:09:41+00:00\",\"description\":\"Die Kantenfr\u00e4se KF 400 III wird mit Druckluft angetrieben. \u00c4hnlich zur fr\u00fcheren Lamello Profila Pro. Die Fr\u00e4se hat Schaft 8 mm.\",\"breadcrumb\":{\"@id\":\"https:\\\/\\\/c-hessler.de\\\/shop\\\/kantenfraese-mit-druckluft-kf-400-iii\\\/#breadcrumb\"},\"inLanguage\":\"en-GB\",\"potentialAction\":[{\"@type\":\"ReadAction\",\"target\":[\"https:\\\/\\\/c-hessler.de\\\/shop\\\/kantenfraese-mit-druckluft-kf-400-iii\\\/\"]}]},{\"@type\":\"ImageObject\",\"inLanguage\":\"en-GB\",\"@id\":\"https:\\\/\\\/c-hessler.de\\\/shop\\\/kantenfraese-mit-druckluft-kf-400-iii\\\/#primaryimage\",\"url\":\"https:\\\/\\\/c-hessler.de\\\/wp-content\\\/uploads\\\/2022\\\/06\\\/P1010024freigestellt.jpg\",\"contentUrl\":\"https:\\\/\\\/c-hessler.de\\\/wp-content\\\/uploads\\\/2022\\\/06\\\/P1010024freigestellt.jpg\",\"width\":1600,\"height\":1200,\"caption\":\"Kantenfr\u00e4se KF 400 III\"},{\"@type\":\"BreadcrumbList\",\"@id\":\"https:\\\/\\\/c-hessler.de\\\/shop\\\/kantenfraese-mit-druckluft-kf-400-iii\\\/#breadcrumb\",\"itemListElement\":[{\"@type\":\"ListItem\",\"position\":1,\"name\":\"Produkte\",\"item\":\"https:\\\/\\\/c-hessler.de\\\/produkte\\\/\"},{\"@type\":\"ListItem\",\"position\":2,\"name\":\"Kantenfr\u00e4se mit Druckluft KF 400 III\"}]},{\"@type\":\"WebSite\",\"@id\":\"https:\\\/\\\/c-hessler.de\\\/#website\",\"url\":\"https:\\\/\\\/c-hessler.de\\\/\",\"name\":\"www.c-hessler.de\",\"description\":\"\",\"publisher\":{\"@id\":\"https:\\\/\\\/c-hessler.de\\\/#organization\"},\"potentialAction\":[{\"@type\":\"SearchAction\",\"target\":{\"@type\":\"EntryPoint\",\"urlTemplate\":\"https:\\\/\\\/c-hessler.de\\\/?s={search_term_string}\"},\"query-input\":{\"@type\":\"PropertyValueSpecification\",\"valueRequired\":true,\"valueName\":\"search_term_string\"}}],\"inLanguage\":\"en-GB\"},{\"@type\":\"Organization\",\"@id\":\"https:\\\/\\\/c-hessler.de\\\/#organization\",\"name\":\"Dr. Christoph He\u00dfler Maschinensysteme\",\"alternateName\":\"Dr. Christoph He\u00dfler Maschinensysteme\",\"url\":\"https:\\\/\\\/c-hessler.de\\\/\",\"logo\":{\"@type\":\"ImageObject\",\"inLanguage\":\"en-GB\",\"@id\":\"https:\\\/\\\/c-hessler.de\\\/#\\\/schema\\\/logo\\\/image\\\/\",\"url\":\"https:\\\/\\\/c-hessler.de\\\/wp-content\\\/uploads\\\/2026\\\/02\\\/Draw-03-150312-110115-Ausgeschnitten-I.jpg\",\"contentUrl\":\"https:\\\/\\\/c-hessler.de\\\/wp-content\\\/uploads\\\/2026\\\/02\\\/Draw-03-150312-110115-Ausgeschnitten-I.jpg\",\"width\":445,\"height\":394,\"caption\":\"Dr. Christoph He\u00dfler Maschinensysteme\"},\"image\":{\"@id\":\"https:\\\/\\\/c-hessler.de\\\/#\\\/schema\\\/logo\\\/image\\\/\"},\"sameAs\":[\"https:\\\/\\\/www.facebook.com\\\/DrChristophHesslerMaschinensysteme\\\/\",\"https:\\\/\\\/www.pinterest.de\\\/hesstools\\\/\",\"https:\\\/\\\/www.youtube.com\\\/channel\\\/UCaNnXDGGF_BiYFQZ2kJgi-A?view_as=subscriber\"],\"description\":\"1. Ecken- und Kantenfr\u00e4sen f\u00fcr Tischler und Schreiner, Sonderanfertigungen 2. Auch f\u00fcr die Nachbearbeitung von Eck-Schwei\u00dfn\u00e4hten bei Aluminium-Werkstoffen, f\u00fcr Fahrzeugbauer oder Metallbauer aller Art\",\"email\":\"christoph.hessler@c-hessler.de\",\"telephone\":\"0527413012080\",\"legalName\":\"Dr. Christoph He\u00dfler Maschinensysteme\",\"foundingDate\":\"2003-06-05\",\"vatID\":\"DE230070107\",\"numberOfEmployees\":{\"@type\":\"QuantitativeValue\",\"minValue\":\"1\",\"maxValue\":\"10\"}}]}<\/script>\n<meta property=\"product:price:amount\" content=\"490.00\" \/>\n<meta property=\"product:price:currency\" content=\"EUR\" \/>\n<meta property=\"og:availability\" content=\"instock\" \/>\n<meta property=\"product:availability\" content=\"instock\" \/>\n<meta property=\"product:retailer_item_id\" content=\"kantenfraese-mit-druckluft-kf-400-iii\" \/>\n<meta property=\"product:condition\" content=\"new\" \/>\n<!-- \/ Yoast SEO Premium plugin. -->","yoast_head_json":{"title":"Edge milling machine with compressed air with mounted milling cutter, similar to Lamello","description":"The KF 400 III edge router is powered by compressed air. Similar to the earlier Lamello Profila Pro. The router has an 8 mm shaft.","robots":{"index":"index","follow":"follow","max-snippet":"max-snippet:-1","max-image-preview":"max-image-preview:large","max-video-preview":"max-video-preview:-1"},"canonical":"https:\/\/c-hessler.de\/en\/shop\/edging-machine-with-compressed-air-kf-400-iii\/","og_locale":"en_GB","og_type":"article","og_title":"Kantenfr\u00e4se mit Druckluft KF 400 III","og_description":"Die Kantenfr\u00e4se KF 400 III wird mit Druckluft angetrieben. \u00c4hnlich zur fr\u00fcheren Lamello Profila Pro. Die Fr\u00e4se hat Schaft 8 mm.","og_url":"https:\/\/c-hessler.de\/en\/shop\/edging-machine-with-compressed-air-kf-400-iii\/","og_site_name":"Dr. Christoph He\u00dfler Maschinensysteme","article_publisher":"https:\/\/www.facebook.com\/DrChristophHesslerMaschinensysteme\/","article_modified_time":"2025-12-09T16:09:41+00:00","og_image":[{"width":1600,"height":1200,"url":"https:\/\/c-hessler.de\/wp-content\/uploads\/2022\/06\/P1010024freigestellt.jpg","type":"image\/jpeg"}],"twitter_misc":{"Price":"490,00&nbsp;&euro; ohne MwSt.","Availability":"In stock"},"schema":{"@context":"https:\/\/schema.org","@graph":[{"@type":"WebPage","@id":"https:\/\/c-hessler.de\/shop\/kantenfraese-mit-druckluft-kf-400-iii\/","url":"https:\/\/c-hessler.de\/shop\/kantenfraese-mit-druckluft-kf-400-iii\/","name":"Edge milling machine with compressed air with mounted milling cutter, similar to Lamello","isPartOf":{"@id":"https:\/\/c-hessler.de\/#website"},"primaryImageOfPage":{"@id":"https:\/\/c-hessler.de\/shop\/kantenfraese-mit-druckluft-kf-400-iii\/#primaryimage"},"image":{"@id":"https:\/\/c-hessler.de\/shop\/kantenfraese-mit-druckluft-kf-400-iii\/#primaryimage"},"thumbnailUrl":"https:\/\/c-hessler.de\/wp-content\/uploads\/2022\/06\/P1010024freigestellt.jpg","datePublished":"2022-06-21T17:35:57+00:00","dateModified":"2025-12-09T16:09:41+00:00","description":"The KF 400 III edge router is powered by compressed air. Similar to the earlier Lamello Profila Pro. The router has an 8 mm shaft.","breadcrumb":{"@id":"https:\/\/c-hessler.de\/shop\/kantenfraese-mit-druckluft-kf-400-iii\/#breadcrumb"},"inLanguage":"en-GB","potentialAction":[{"@type":"ReadAction","target":["https:\/\/c-hessler.de\/shop\/kantenfraese-mit-druckluft-kf-400-iii\/"]}]},{"@type":"ImageObject","inLanguage":"en-GB","@id":"https:\/\/c-hessler.de\/shop\/kantenfraese-mit-druckluft-kf-400-iii\/#primaryimage","url":"https:\/\/c-hessler.de\/wp-content\/uploads\/2022\/06\/P1010024freigestellt.jpg","contentUrl":"https:\/\/c-hessler.de\/wp-content\/uploads\/2022\/06\/P1010024freigestellt.jpg","width":1600,"height":1200,"caption":"Kantenfr\u00e4se KF 400 III"},{"@type":"BreadcrumbList","@id":"https:\/\/c-hessler.de\/shop\/kantenfraese-mit-druckluft-kf-400-iii\/#breadcrumb","itemListElement":[{"@type":"ListItem","position":1,"name":"Produkte","item":"https:\/\/c-hessler.de\/produkte\/"},{"@type":"ListItem","position":2,"name":"Kantenfr\u00e4se mit Druckluft KF 400 III"}]},{"@type":"WebSite","@id":"https:\/\/c-hessler.de\/#website","url":"https:\/\/c-hessler.de\/","name":"www.c-hessler.de","description":"","publisher":{"@id":"https:\/\/c-hessler.de\/#organization"},"potentialAction":[{"@type":"SearchAction","target":{"@type":"EntryPoint","urlTemplate":"https:\/\/c-hessler.de\/?s={search_term_string}"},"query-input":{"@type":"PropertyValueSpecification","valueRequired":true,"valueName":"search_term_string"}}],"inLanguage":"en-GB"},{"@type":"Organization","@id":"https:\/\/c-hessler.de\/#organization","name":"Dr Christoph He\u00dfler Machine Systems","alternateName":"Dr. Christoph He\u00dfler Maschinensysteme","url":"https:\/\/c-hessler.de\/","logo":{"@type":"ImageObject","inLanguage":"en-GB","@id":"https:\/\/c-hessler.de\/#\/schema\/logo\/image\/","url":"https:\/\/c-hessler.de\/wp-content\/uploads\/2026\/02\/Draw-03-150312-110115-Ausgeschnitten-I.jpg","contentUrl":"https:\/\/c-hessler.de\/wp-content\/uploads\/2026\/02\/Draw-03-150312-110115-Ausgeschnitten-I.jpg","width":445,"height":394,"caption":"Dr. Christoph He\u00dfler Maschinensysteme"},"image":{"@id":"https:\/\/c-hessler.de\/#\/schema\/logo\/image\/"},"sameAs":["https:\/\/www.facebook.com\/DrChristophHesslerMaschinensysteme\/","https:\/\/www.pinterest.de\/hesstools\/","https:\/\/www.youtube.com\/channel\/UCaNnXDGGF_BiYFQZ2kJgi-A?view_as=subscriber"],"description":"1. Ecken- und Kantenfr\u00e4sen f\u00fcr Tischler und Schreiner, Sonderanfertigungen 2. Auch f\u00fcr die Nachbearbeitung von Eck-Schwei\u00dfn\u00e4hten bei Aluminium-Werkstoffen, f\u00fcr Fahrzeugbauer oder Metallbauer aller Art","email":"christoph.hessler@c-hessler.de","telephone":"0527413012080","legalName":"Dr. Christoph He\u00dfler Maschinensysteme","foundingDate":"2003-06-05","vatID":"DE230070107","numberOfEmployees":{"@type":"QuantitativeValue","minValue":"1","maxValue":"10"}}]},"product_price_amount":"490.00","product_price_currency":"EUR","og_availability":"instock","product_availability":"instock","product_retailer_item_id":"kantenfraese-mit-druckluft-kf-400-iii","product_condition":"new"},"_links":{"self":[{"href":"https:\/\/c-hessler.de\/en\/wp-json\/wp\/v2\/product\/206349","targetHints":{"allow":["GET"]}}],"collection":[{"href":"https:\/\/c-hessler.de\/en\/wp-json\/wp\/v2\/product"}],"about":[{"href":"https:\/\/c-hessler.de\/en\/wp-json\/wp\/v2\/types\/product"}],"replies":[{"embeddable":true,"href":"https:\/\/c-hessler.de\/en\/wp-json\/wp\/v2\/comments?post=206349"}],"wp:featuredmedia":[{"embeddable":true,"href":"https:\/\/c-hessler.de\/en\/wp-json\/wp\/v2\/media\/206352"}],"wp:attachment":[{"href":"https:\/\/c-hessler.de\/en\/wp-json\/wp\/v2\/media?parent=206349"}],"wp:term":[{"taxonomy":"product_brand","embeddable":true,"href":"https:\/\/c-hessler.de\/en\/wp-json\/wp\/v2\/product_brand?post=206349"},{"taxonomy":"product_cat","embeddable":true,"href":"https:\/\/c-hessler.de\/en\/wp-json\/wp\/v2\/product_cat?post=206349"},{"taxonomy":"product_tag","embeddable":true,"href":"https:\/\/c-hessler.de\/en\/wp-json\/wp\/v2\/product_tag?post=206349"}],"curies":[{"name":"wp","href":"https:\/\/api.w.org\/{rel}","templated":true}]}}