{"id":135,"date":"2015-05-28T09:14:30","date_gmt":"2015-05-28T07:14:30","guid":{"rendered":"https:\/\/c-hessler.de\/?page_id=135"},"modified":"2025-12-09T12:46:23","modified_gmt":"2025-12-09T11:46:23","slug":"informacion-importante-sobre-el-uso-del-modelo-de-tienda-en-linea","status":"publish","type":"page","link":"https:\/\/c-hessler.de\/es\/wichtige-informationen-zur-nutzung-der-onlineshop-vorlage\/","title":{"rendered":"Informaci\u00f3n importante para la plantilla de tienda online"},"content":{"rendered":"<p>Para garantizar que la plantilla de tienda online se pueda utilizar en Alemania de forma legalmente compatible, se ha personalizado con la extensi\u00f3n \"WooCommerce German Market\". Esto crea autom\u00e1ticamente algunas p\u00e1ginas y personaliza el contenido. Recomendamos comprobar primero la configuraci\u00f3n de WooCommerce en el backend y, a continuaci\u00f3n, el contenido correcto de las propias p\u00e1ginas (por ejemplo, datos de contacto, informaci\u00f3n fiscal y de cancelaci\u00f3n).<\/p>\n<h3>\u00bfQu\u00e9 personalizaciones son necesarias para WooCommerce?<\/h3>\n<p>Una \u00fatil recopilaci\u00f3n de muchos tutoriales y m\u00e1s informaci\u00f3n puede encontrarse en la p\u00e1gina <a href=\"https:\/\/marketpress.de\/2014\/woocommerce-guide\/#tutorials\">WooCommerce Gu\u00eda de Viajes<\/a>.<\/p>\n<h3>Elimine la nota \"Esta es una instalaci\u00f3n de demostraci\u00f3n...\".<\/h3>\n<p>La nota \"Esta es una instalaci\u00f3n demo. Cualquier pedido en esta tienda no ser\u00e1 considerado ni ejecutado\" puede ocultarse en el backend desmarcando la casilla \"WooCommerce \/ Configuraci\u00f3n \/ Activar texto de sugerencia de tienda en todo el sitio web\".<\/p>\n<h3>\u00bfQu\u00e9 contenido de demostraci\u00f3n se incluye en la tienda?<\/h3>\n<p>La plantilla de tienda online viene con varios productos de muestra en una categor\u00eda de muestra. Los enlaces del men\u00fa tambi\u00e9n est\u00e1n personalizados para la demo. Para obtener una mejor visi\u00f3n general, recomendamos eliminar las im\u00e1genes de los productos de muestra de la galer\u00eda multimedia al iniciar la tienda.<\/p>\n<p><strong>Despu\u00e9s de configurar la tienda online, esta p\u00e1gina se puede eliminar en el editor a trav\u00e9s de \"Poner en la papelera de reciclaje\". Para personalizar el men\u00fa, vaya a la p\u00e1gina \"Men\u00fas\" en el backend, en la opci\u00f3n de men\u00fa \"Dise\u00f1o\".<\/strong><\/p>","protected":false},"excerpt":{"rendered":"<p>Damit die Onlineshop-Vorlage in Deutschland rechtssicher genutzt werden kann, ist sie mit der Erweiterung &#8222;WooCommerce German Market&#8220; angepasst worden. Hierbei wurden automatisch einige Seiten angelegt sowie Inhalte anpasst. Wir empfehlen zu Beginn die WooCommerce-Einstellungen im Backend und anschlie\u00dfend die Seiten selbst auf\u00a0korrekten Inhalt (z.B. Kontaktdaten, Steuer- und Widerrufsinformationen) zu pr\u00fcfen. Welche Anpassungen sind bei WooCommerce [&hellip;]<\/p>\n","protected":false},"author":5,"featured_media":0,"parent":0,"menu_order":0,"comment_status":"closed","ping_status":"closed","template":"","meta":{"footnotes":""},"class_list":["post-135","page","type-page","status-publish","hentry"],"yoast_head":"<!-- This site is optimized with the Yoast SEO Premium plugin v27.0 (Yoast SEO v27.4) - https:\/\/yoast.com\/product\/yoast-seo-premium-wordpress\/ -->\n<title>Wichtige Informationen f\u00fcr die Onlineshop-Vorlage - Dr. Christoph He\u00dfler Maschinensysteme<\/title>\n<meta name=\"robots\" content=\"index, follow, max-snippet:-1, max-image-preview:large, max-video-preview:-1\" \/>\n<link rel=\"canonical\" href=\"https:\/\/c-hessler.de\/es\/informacion-importante-sobre-el-uso-del-modelo-de-tienda-en-linea\/\" \/>\n<meta property=\"og:locale\" content=\"es_ES\" \/>\n<meta property=\"og:type\" content=\"article\" \/>\n<meta property=\"og:title\" content=\"Wichtige Informationen f\u00fcr die Onlineshop-Vorlage\" \/>\n<meta property=\"og:description\" content=\"Damit die Onlineshop-Vorlage in Deutschland rechtssicher genutzt werden kann, ist sie mit der Erweiterung &#8222;WooCommerce German Market&#8220; angepasst worden. Hierbei wurden automatisch einige Seiten angelegt sowie Inhalte anpasst. Wir empfehlen zu Beginn die WooCommerce-Einstellungen im Backend und anschlie\u00dfend die Seiten selbst auf\u00a0korrekten Inhalt (z.B. Kontaktdaten, Steuer- und Widerrufsinformationen) zu pr\u00fcfen. Welche Anpassungen sind bei WooCommerce [&hellip;]\" \/>\n<meta property=\"og:url\" content=\"https:\/\/c-hessler.de\/es\/informacion-importante-sobre-el-uso-del-modelo-de-tienda-en-linea\/\" \/>\n<meta property=\"og:site_name\" content=\"Dr. Christoph He\u00dfler Maschinensysteme\" \/>\n<meta property=\"article:publisher\" content=\"https:\/\/www.facebook.com\/DrChristophHesslerMaschinensysteme\/\" \/>\n<meta property=\"article:modified_time\" content=\"2025-12-09T11:46:23+00:00\" \/>\n<meta name=\"twitter:label1\" content=\"Tiempo de lectura\" \/>\n\t<meta name=\"twitter:data1\" content=\"1 minuto\" \/>\n<script type=\"application\/ld+json\" class=\"yoast-schema-graph\">{\"@context\":\"https:\\\/\\\/schema.org\",\"@graph\":[{\"@type\":\"WebPage\",\"@id\":\"https:\\\/\\\/c-hessler.de\\\/wichtige-informationen-zur-nutzung-der-onlineshop-vorlage\\\/\",\"url\":\"https:\\\/\\\/c-hessler.de\\\/wichtige-informationen-zur-nutzung-der-onlineshop-vorlage\\\/\",\"name\":\"Wichtige Informationen f\u00fcr die Onlineshop-Vorlage - Dr. Christoph He\u00dfler Maschinensysteme\",\"isPartOf\":{\"@id\":\"https:\\\/\\\/c-hessler.de\\\/#website\"},\"datePublished\":\"2015-05-28T07:14:30+00:00\",\"dateModified\":\"2025-12-09T11:46:23+00:00\",\"inLanguage\":\"es\",\"potentialAction\":[{\"@type\":\"ReadAction\",\"target\":[\"https:\\\/\\\/c-hessler.de\\\/wichtige-informationen-zur-nutzung-der-onlineshop-vorlage\\\/\"]}]},{\"@type\":\"WebSite\",\"@id\":\"https:\\\/\\\/c-hessler.de\\\/#website\",\"url\":\"https:\\\/\\\/c-hessler.de\\\/\",\"name\":\"www.c-hessler.de\",\"description\":\"\",\"publisher\":{\"@id\":\"https:\\\/\\\/c-hessler.de\\\/#organization\"},\"potentialAction\":[{\"@type\":\"SearchAction\",\"target\":{\"@type\":\"EntryPoint\",\"urlTemplate\":\"https:\\\/\\\/c-hessler.de\\\/?s={search_term_string}\"},\"query-input\":{\"@type\":\"PropertyValueSpecification\",\"valueRequired\":true,\"valueName\":\"search_term_string\"}}],\"inLanguage\":\"es\"},{\"@type\":\"Organization\",\"@id\":\"https:\\\/\\\/c-hessler.de\\\/#organization\",\"name\":\"Dr. Christoph He\u00dfler Maschinensysteme\",\"alternateName\":\"Dr. Christoph He\u00dfler Maschinensysteme\",\"url\":\"https:\\\/\\\/c-hessler.de\\\/\",\"logo\":{\"@type\":\"ImageObject\",\"inLanguage\":\"es\",\"@id\":\"https:\\\/\\\/c-hessler.de\\\/#\\\/schema\\\/logo\\\/image\\\/\",\"url\":\"https:\\\/\\\/c-hessler.de\\\/wp-content\\\/uploads\\\/2026\\\/02\\\/Draw-03-150312-110115-Ausgeschnitten-I.jpg\",\"contentUrl\":\"https:\\\/\\\/c-hessler.de\\\/wp-content\\\/uploads\\\/2026\\\/02\\\/Draw-03-150312-110115-Ausgeschnitten-I.jpg\",\"width\":445,\"height\":394,\"caption\":\"Dr. Christoph He\u00dfler Maschinensysteme\"},\"image\":{\"@id\":\"https:\\\/\\\/c-hessler.de\\\/#\\\/schema\\\/logo\\\/image\\\/\"},\"sameAs\":[\"https:\\\/\\\/www.facebook.com\\\/DrChristophHesslerMaschinensysteme\\\/\",\"https:\\\/\\\/www.pinterest.de\\\/hesstools\\\/\",\"https:\\\/\\\/www.youtube.com\\\/channel\\\/UCaNnXDGGF_BiYFQZ2kJgi-A?view_as=subscriber\"],\"description\":\"1. Ecken- und Kantenfr\u00e4sen f\u00fcr Tischler und Schreiner, Sonderanfertigungen 2. Auch f\u00fcr die Nachbearbeitung von Eck-Schwei\u00dfn\u00e4hten bei Aluminium-Werkstoffen, f\u00fcr Fahrzeugbauer oder Metallbauer aller Art\",\"email\":\"christoph.hessler@c-hessler.de\",\"telephone\":\"0527413012080\",\"legalName\":\"Dr. Christoph He\u00dfler Maschinensysteme\",\"foundingDate\":\"2003-06-05\",\"vatID\":\"DE230070107\",\"numberOfEmployees\":{\"@type\":\"QuantitativeValue\",\"minValue\":\"1\",\"maxValue\":\"10\"}}]}<\/script>\n<!-- \/ Yoast SEO Premium plugin. -->","yoast_head_json":{"title":"Informaci\u00f3n importante para el modelo de tienda online - Dr Christoph He\u00dfler Maschinensysteme","robots":{"index":"index","follow":"follow","max-snippet":"max-snippet:-1","max-image-preview":"max-image-preview:large","max-video-preview":"max-video-preview:-1"},"canonical":"https:\/\/c-hessler.de\/es\/informacion-importante-sobre-el-uso-del-modelo-de-tienda-en-linea\/","og_locale":"es_ES","og_type":"article","og_title":"Wichtige Informationen f\u00fcr die Onlineshop-Vorlage","og_description":"Damit die Onlineshop-Vorlage in Deutschland rechtssicher genutzt werden kann, ist sie mit der Erweiterung &#8222;WooCommerce German Market&#8220; angepasst worden. Hierbei wurden automatisch einige Seiten angelegt sowie Inhalte anpasst. Wir empfehlen zu Beginn die WooCommerce-Einstellungen im Backend und anschlie\u00dfend die Seiten selbst auf\u00a0korrekten Inhalt (z.B. Kontaktdaten, Steuer- und Widerrufsinformationen) zu pr\u00fcfen. Welche Anpassungen sind bei WooCommerce [&hellip;]","og_url":"https:\/\/c-hessler.de\/es\/informacion-importante-sobre-el-uso-del-modelo-de-tienda-en-linea\/","og_site_name":"Dr. Christoph He\u00dfler Maschinensysteme","article_publisher":"https:\/\/www.facebook.com\/DrChristophHesslerMaschinensysteme\/","article_modified_time":"2025-12-09T11:46:23+00:00","twitter_misc":{"Tiempo de lectura":"1 minuto"},"schema":{"@context":"https:\/\/schema.org","@graph":[{"@type":"WebPage","@id":"https:\/\/c-hessler.de\/wichtige-informationen-zur-nutzung-der-onlineshop-vorlage\/","url":"https:\/\/c-hessler.de\/wichtige-informationen-zur-nutzung-der-onlineshop-vorlage\/","name":"Informaci\u00f3n importante para el modelo de tienda online - Dr Christoph He\u00dfler Maschinensysteme","isPartOf":{"@id":"https:\/\/c-hessler.de\/#website"},"datePublished":"2015-05-28T07:14:30+00:00","dateModified":"2025-12-09T11:46:23+00:00","inLanguage":"es","potentialAction":[{"@type":"ReadAction","target":["https:\/\/c-hessler.de\/wichtige-informationen-zur-nutzung-der-onlineshop-vorlage\/"]}]},{"@type":"WebSite","@id":"https:\/\/c-hessler.de\/#website","url":"https:\/\/c-hessler.de\/","name":"www.c-hessler.de","description":"","publisher":{"@id":"https:\/\/c-hessler.de\/#organization"},"potentialAction":[{"@type":"SearchAction","target":{"@type":"EntryPoint","urlTemplate":"https:\/\/c-hessler.de\/?s={search_term_string}"},"query-input":{"@type":"PropertyValueSpecification","valueRequired":true,"valueName":"search_term_string"}}],"inLanguage":"es"},{"@type":"Organization","@id":"https:\/\/c-hessler.de\/#organization","name":"Dr. Christoph He\u00dfler Sistemas de m\u00e1quinas","alternateName":"Dr. Christoph He\u00dfler Maschinensysteme","url":"https:\/\/c-hessler.de\/","logo":{"@type":"ImageObject","inLanguage":"es","@id":"https:\/\/c-hessler.de\/#\/schema\/logo\/image\/","url":"https:\/\/c-hessler.de\/wp-content\/uploads\/2026\/02\/Draw-03-150312-110115-Ausgeschnitten-I.jpg","contentUrl":"https:\/\/c-hessler.de\/wp-content\/uploads\/2026\/02\/Draw-03-150312-110115-Ausgeschnitten-I.jpg","width":445,"height":394,"caption":"Dr. Christoph He\u00dfler Maschinensysteme"},"image":{"@id":"https:\/\/c-hessler.de\/#\/schema\/logo\/image\/"},"sameAs":["https:\/\/www.facebook.com\/DrChristophHesslerMaschinensysteme\/","https:\/\/www.pinterest.de\/hesstools\/","https:\/\/www.youtube.com\/channel\/UCaNnXDGGF_BiYFQZ2kJgi-A?view_as=subscriber"],"description":"1. Ecken- und Kantenfr\u00e4sen f\u00fcr Tischler und Schreiner, Sonderanfertigungen 2. Auch f\u00fcr die Nachbearbeitung von Eck-Schwei\u00dfn\u00e4hten bei Aluminium-Werkstoffen, f\u00fcr Fahrzeugbauer oder Metallbauer aller Art","email":"christoph.hessler@c-hessler.de","telephone":"0527413012080","legalName":"Dr. Christoph He\u00dfler Maschinensysteme","foundingDate":"2003-06-05","vatID":"DE230070107","numberOfEmployees":{"@type":"QuantitativeValue","minValue":"1","maxValue":"10"}}]}},"_hostinger_reach_plugin_has_subscription_block":false,"_hostinger_reach_plugin_is_elementor":false,"_links":{"self":[{"href":"https:\/\/c-hessler.de\/es\/wp-json\/wp\/v2\/pages\/135","targetHints":{"allow":["GET"]}}],"collection":[{"href":"https:\/\/c-hessler.de\/es\/wp-json\/wp\/v2\/pages"}],"about":[{"href":"https:\/\/c-hessler.de\/es\/wp-json\/wp\/v2\/types\/page"}],"author":[{"embeddable":true,"href":"https:\/\/c-hessler.de\/es\/wp-json\/wp\/v2\/users\/5"}],"replies":[{"embeddable":true,"href":"https:\/\/c-hessler.de\/es\/wp-json\/wp\/v2\/comments?post=135"}],"version-history":[{"count":0,"href":"https:\/\/c-hessler.de\/es\/wp-json\/wp\/v2\/pages\/135\/revisions"}],"wp:attachment":[{"href":"https:\/\/c-hessler.de\/es\/wp-json\/wp\/v2\/media?parent=135"}],"curies":[{"name":"wp","href":"https:\/\/api.w.org\/{rel}","templated":true}]}}