{"id":8923,"date":"2015-04-24T10:56:24","date_gmt":"2015-04-24T08:56:24","guid":{"rendered":"http:\/\/\/?page_id=8923"},"modified":"2026-02-19T16:58:12","modified_gmt":"2026-02-19T15:58:12","slug":"historia-del-producto","status":"publish","type":"page","link":"https:\/\/c-hessler.de\/es\/produkt-historie\/","title":{"rendered":"Historia del producto"},"content":{"rendered":"<div data-elementor-type=\"wp-page\" data-elementor-id=\"8923\" class=\"elementor elementor-8923\" data-elementor-settings=\"{&quot;ha_cmc_init_switcher&quot;:&quot;no&quot;}\" data-elementor-post-type=\"page\">\n\t\t\t\t<div class=\"elementor-element elementor-element-2c22579 e-grid e-con-boxed e-con e-parent\" data-id=\"2c22579\" data-element_type=\"container\" data-e-type=\"container\" data-settings=\"{&quot;_ha_eqh_enable&quot;:false}\">\n\t\t\t\t\t<div class=\"e-con-inner\">\n\t\t\t\t<div class=\"elementor-element elementor-element-ec4dbe2 elementor-widget elementor-widget-text-editor\" data-id=\"ec4dbe2\" data-element_type=\"widget\" data-e-type=\"widget\" data-widget_type=\"text-editor.default\">\n\t\t\t\t\t\t\t\t\t<p>En la feria Ligna 2005 de Hannover se present\u00f3 la formadora de esquinas de sobremesa TZ 01. Se desarroll\u00f3 a partir de una tarea espec\u00edfica para estanter\u00edas de esquina de 135\u00b0. Se dise\u00f1\u00f3 especialmente para procesar esquinas en<strong>\u00c1ngulos de 135\u00b0 para el desplazamiento de piezas, por ejemplo estanter\u00edas de esquina\u00a0<\/strong>. A finales de 2006 le sigui\u00f3 el estudio tecnol\u00f3gico MZ 01 135V como todoterreno m\u00f3vil con\u00a0<strong>ajuste angular variable y dos zonas de trabajo.\u00a0\u00a0<\/strong><\/p><p><strong>De ah\u00ed se derivaron una serie de esquineros m\u00f3viles. I<\/strong>n marzo de 2007 se present\u00f3 el esquinero MZ 02 90F RBT H, que\u00a0<strong>Separe\u00a0<\/strong><strong>de cantoneras con fresado a ras y fresado de radios<\/strong>\u00a0en un solo aparato. Las ventas de la formadora de esquinas MZ 02 135V comenzaron en agosto de 2007, seguidas de las de la MZ 02 135F en diciembre de 2007 y la MZ 100 90F en marzo de 2008. A \u00e9stas les sigui\u00f3 el dispositivo especial MZ 02 90F para el redondeo de cantos, que constituye una alternativa a la adquisici\u00f3n de una costosa unidad de copiado en una encoladora de cantos. Estas m\u00e1quinas m\u00f3viles est\u00e1n equipadas con un motor de aire comprimido.<\/p><p>El dispositivo universal MZ 100 90F puede utilizarse con un accionamiento el\u00e9ctrico para procesar con precisi\u00f3n las esquinas en una sola operaci\u00f3n y eliminar y redondear los salientes de los bordes en la parte superior.<\/p><p>Despu\u00e9s de la esquina exterior, la esquina interior pas\u00f3 a ocupar un lugar central en estrecho contacto con el cliente a partir de 2010. La formadora de esquinas MZ 02 90F A se utiliza para afilar los radios interiores en esquinas interiores de 90\u00b0. Si a continuaci\u00f3n es necesario encolar los cantos, se dispone para ello de un dispositivo de encolado de cantos que permite el encolado desde la esquina interior interna mediante elementos de presi\u00f3n especiales.<\/p><p>Se desarrollan m\u00e1quinas innovadoras con potencial de derechos de propiedad. Los productos presentados en esta p\u00e1gina web est\u00e1n ampliamente protegidos por derechos de propiedad industrial.<\/p><p>Las ventas son principalmente directas. Esto nos permite asumir las sugerencias de los clientes con rapidez y sin filtros. Esta es la base de nuestro desarrollo.<\/p>\t\t\t\t\t\t\t\t<\/div>\n\t\t\t\t<div class=\"elementor-element elementor-element-0996256 elementor-arrows-position-inside elementor-pagination-position-outside elementor-widget elementor-widget-image-carousel\" data-id=\"0996256\" data-element_type=\"widget\" data-e-type=\"widget\" data-settings=\"{&quot;slides_to_show&quot;:&quot;1&quot;,&quot;navigation&quot;:&quot;both&quot;,&quot;autoplay&quot;:&quot;yes&quot;,&quot;pause_on_hover&quot;:&quot;yes&quot;,&quot;pause_on_interaction&quot;:&quot;yes&quot;,&quot;autoplay_speed&quot;:5000,&quot;infinite&quot;:&quot;yes&quot;,&quot;effect&quot;:&quot;slide&quot;,&quot;speed&quot;:500}\" data-widget_type=\"image-carousel.default\">\n\t\t\t\t\t\t\t<div class=\"elementor-image-carousel-wrapper swiper\" role=\"region\" aria-roledescription=\"carousel\" aria-label=\"Carrusel de im\u00e1genes\" dir=\"ltr\">\n\t\t\t<div class=\"elementor-image-carousel swiper-wrapper swiper-image-stretch\" aria-live=\"off\">\n\t\t\t\t\t\t\t\t<div class=\"swiper-slide\" role=\"group\" aria-roledescription=\"slide\" aria-label=\"1 z 2\" data-no-translation-aria-label=\"\"><figure class=\"swiper-slide-inner\"><img decoding=\"async\" class=\"swiper-slide-image\" src=\"https:\/\/c-hessler.de\/wp-content\/uploads\/2015\/04\/13842aa3854.jpg\" alt=\"C\u00c1MARA DIGITAL OLYMPUS\" \/><\/figure><\/div><div class=\"swiper-slide\" role=\"group\" aria-roledescription=\"slide\" aria-label=\"2 z 2\" data-no-translation-aria-label=\"\"><figure class=\"swiper-slide-inner\"><img decoding=\"async\" class=\"swiper-slide-image\" src=\"https:\/\/c-hessler.de\/wp-content\/uploads\/2015\/04\/13842a81e2a.jpg\" alt=\"C\u00c1MARA DIGITAL OLYMPUS\" \/><\/figure><\/div>\t\t\t<\/div>\n\t\t\t\t\t\t\t\t\t\t\t\t<div class=\"elementor-swiper-button elementor-swiper-button-prev\" role=\"button\" tabindex=\"0\">\n\t\t\t\t\t\t<svg aria-hidden=\"true\" class=\"e-font-icon-svg e-eicon-chevron-left\" viewbox=\"0 0 1000 1000\" xmlns=\"http:\/\/www.w3.org\/2000\/svg\"><path d=\"M646 125C629 125 613 133 604 142L308 442C296 454 292 471 292 487 292 504 296 521 308 533L604 854C617 867 629 875 646 875 663 875 679 871 692 858 704 846 713 829 713 812 713 796 708 779 692 767L438 487 692 225C700 217 708 204 708 187 708 171 704 154 692 142 675 129 663 125 646 125Z\"><\/path><\/svg>\t\t\t\t\t<\/div>\n\t\t\t\t\t<div class=\"elementor-swiper-button elementor-swiper-button-next\" role=\"button\" tabindex=\"0\">\n\t\t\t\t\t\t<svg aria-hidden=\"true\" class=\"e-font-icon-svg e-eicon-chevron-right\" viewbox=\"0 0 1000 1000\" xmlns=\"http:\/\/www.w3.org\/2000\/svg\"><path d=\"M696 533C708 521 713 504 713 487 713 471 708 454 696 446L400 146C388 133 375 125 354 125 338 125 325 129 313 142 300 154 292 171 292 187 292 204 296 221 308 233L563 492 304 771C292 783 288 800 288 817 288 833 296 850 308 863 321 871 338 875 354 875 371 875 388 867 400 854L696 533Z\"><\/path><\/svg>\t\t\t\t\t<\/div>\n\t\t\t\t\n\t\t\t\t\t\t\t\t\t<div class=\"swiper-pagination\"><\/div>\n\t\t\t\t\t\t\t\t\t<\/div>\n\t\t\t\t\t\t<\/div>\n\t\t\t\t\t<\/div>\n\t\t\t\t<\/div>\n\t\t\t\t<section class=\"elementor-section elementor-top-section elementor-element elementor-element-533fdf9c elementor-section-stretched elementor-section-boxed elementor-section-height-default elementor-section-height-default\" data-id=\"533fdf9c\" data-element_type=\"section\" data-e-type=\"section\" data-settings=\"{&quot;stretch_section&quot;:&quot;section-stretched&quot;,&quot;background_background&quot;:&quot;classic&quot;,&quot;_ha_eqh_enable&quot;:false}\">\n\t\t\t\t\t\t<div class=\"elementor-container elementor-column-gap-extended\">\n\t\t\t\t\t<div class=\"elementor-column elementor-col-100 elementor-top-column elementor-element elementor-element-550fac3a animated-fast elementor-invisible\" data-id=\"550fac3a\" data-element_type=\"column\" data-e-type=\"column\" data-settings=\"{&quot;animation&quot;:&quot;fadeIn&quot;,&quot;animation_delay&quot;:200}\">\n\t\t\t<div class=\"elementor-widget-wrap elementor-element-populated\">\n\t\t\t\t\t\t<div class=\"elementor-element elementor-element-712b04bd elementor-widget elementor-widget-text-editor\" data-id=\"712b04bd\" data-element_type=\"widget\" data-e-type=\"widget\" data-widget_type=\"text-editor.default\">\n\t\t\t\t\t\t\t\t\t<h2 class=\"elementor-heading-title elementor-size-default elementor-inline-editing pen\" style=\"outline-color: currentcolor; outline-style: none; color: #ffffff; text-align: center;\" data-elementor-setting-key=\"title\" data-pen-placeholder=\"Eingabe hier...\">\u00bfPor qu\u00e9 Christoph He\u00dfler Maschinensysteme?<\/h2>\t\t\t\t\t\t\t\t<\/div>\n\t\t\t\t\t<\/div>\n\t\t<\/div>\n\t\t\t\t\t<\/div>\n\t\t<\/section>\n\t\t\t\t<section class=\"elementor-section elementor-top-section elementor-element elementor-element-dd1a214 elementor-section-stretched elementor-section-boxed elementor-section-height-default elementor-section-height-default\" data-id=\"dd1a214\" data-element_type=\"section\" data-e-type=\"section\" data-settings=\"{&quot;stretch_section&quot;:&quot;section-stretched&quot;,&quot;background_background&quot;:&quot;classic&quot;,&quot;_ha_eqh_enable&quot;:false}\">\n\t\t\t\t\t\t<div class=\"elementor-container elementor-column-gap-extended\">\n\t\t\t\t\t<div class=\"elementor-column elementor-col-33 elementor-top-column elementor-element elementor-element-169a013 animated-fast elementor-invisible\" data-id=\"169a013\" data-element_type=\"column\" data-e-type=\"column\" data-settings=\"{&quot;animation&quot;:&quot;fadeIn&quot;}\">\n\t\t\t<div class=\"elementor-widget-wrap elementor-element-populated\">\n\t\t\t\t\t\t<div class=\"elementor-element elementor-element-dcee5d7 elementor-widget elementor-widget-heading\" data-id=\"dcee5d7\" data-element_type=\"widget\" data-e-type=\"widget\" data-widget_type=\"heading.default\">\n\t\t\t\t\t<h3 class=\"elementor-heading-title elementor-size-default\">S\u00f3lo est\u00e1 disponible aqu\u00ed\n<\/h3>\t\t\t\t<\/div>\n\t\t\t\t<div class=\"elementor-element elementor-element-e7f185c elementor-widget elementor-widget-text-editor\" data-id=\"e7f185c\" data-element_type=\"widget\" data-e-type=\"widget\" data-widget_type=\"text-editor.default\">\n\t\t\t\t\t\t\t\t\t<p style=\"text-align: center;\"><span style=\"color: #ffffff;\">\u2713 Funci\u00f3n TOP<\/span><br \/><span style=\"color: #ffffff;\">\u2713 Manipulaci\u00f3n TOP<\/span><br \/><span style=\"color: #ffffff;\">\u2713 Mano de obra TOP<\/span><br \/><span style=\"color: #ffffff;\">Directamente del fabricante<\/span><br \/><span style=\"color: #ffffff;\">\u2713 Consejos del fabricante<\/span><br \/><span style=\"color: #ffffff;\">\u2713 Prueba gratuita<\/span><br \/><span style=\"color: #ffffff;\">\u2713 Compra a cuenta<\/span><\/p>\t\t\t\t\t\t\t\t<\/div>\n\t\t\t\t\t<\/div>\n\t\t<\/div>\n\t\t\t\t<div class=\"elementor-column elementor-col-33 elementor-top-column elementor-element elementor-element-4c60796 animated-fast elementor-invisible\" data-id=\"4c60796\" data-element_type=\"column\" data-e-type=\"column\" data-settings=\"{&quot;animation&quot;:&quot;fadeIn&quot;,&quot;animation_delay&quot;:200}\">\n\t\t\t<div class=\"elementor-widget-wrap elementor-element-populated\">\n\t\t\t\t\t\t<div class=\"elementor-element elementor-element-04d034d elementor-widget elementor-widget-heading\" data-id=\"04d034d\" data-element_type=\"widget\" data-e-type=\"widget\" data-widget_type=\"heading.default\">\n\t\t\t\t\t<h3 class=\"elementor-heading-title elementor-size-default\">Prueba gratuita\n<\/h3>\t\t\t\t<\/div>\n\t\t\t\t<div class=\"elementor-element elementor-element-08ed444 elementor-widget elementor-widget-text-editor\" data-id=\"08ed444\" data-element_type=\"widget\" data-e-type=\"widget\" data-widget_type=\"text-editor.default\">\n\t\t\t\t\t\t\t\t\t<p style=\"text-align: center;\"><span style=\"color: #ffffff;\">\u00bfEs usted profesional y trabaja en un entorno comercial?<\/span><br \/><span style=\"color: #ffffff;\">A continuaci\u00f3n, tendr\u00e1 la oportunidad de probar las m\u00e1quinas de forma gratuita y sin compromiso para comprobar las posibles aplicaciones en sus condiciones personales.<\/span><\/p>\t\t\t\t\t\t\t\t<\/div>\n\t\t\t\t\t<\/div>\n\t\t<\/div>\n\t\t\t\t<div class=\"elementor-column elementor-col-33 elementor-top-column elementor-element elementor-element-78326ad animated-fast elementor-invisible\" data-id=\"78326ad\" data-element_type=\"column\" data-e-type=\"column\" data-settings=\"{&quot;animation&quot;:&quot;fadeIn&quot;,&quot;animation_delay&quot;:400}\">\n\t\t\t<div class=\"elementor-widget-wrap elementor-element-populated\">\n\t\t\t\t\t\t<div class=\"elementor-element elementor-element-37a4bc5 elementor-widget elementor-widget-heading\" data-id=\"37a4bc5\" data-element_type=\"widget\" data-e-type=\"widget\" data-widget_type=\"heading.default\">\n\t\t\t\t\t<h3 class=\"elementor-heading-title elementor-size-default\">Servicio fiable\n<\/h3>\t\t\t\t<\/div>\n\t\t\t\t<div class=\"elementor-element elementor-element-50d7bdd elementor-widget elementor-widget-text-editor\" data-id=\"50d7bdd\" data-element_type=\"widget\" data-e-type=\"widget\" data-widget_type=\"text-editor.default\">\n\t\t\t\t\t\t\t\t\t<p style=\"text-align: center;\"><span style=\"color: #ffffff;\">Cuando adquiere una m\u00e1quina de nuestra empresa, siempre adquiere tambi\u00e9n un servicio integral. <\/span><br \/><span style=\"color: #ffffff;\">Esto comienza con el suministro gratuito de las m\u00e1quinas para las pruebas en sus instalaciones y contin\u00faa con la r\u00e1pida subsanaci\u00f3n de cualquier defecto y el continuo perfeccionamiento de nuestros dispositivos.<\/span><\/p>\t\t\t\t\t\t\t\t<\/div>\n\t\t\t\t\t<\/div>\n\t\t<\/div>\n\t\t\t\t\t<\/div>\n\t\t<\/section>\n\t\t\t\t<section class=\"elementor-section elementor-top-section elementor-element elementor-element-518c1828 elementor-section-stretched elementor-section-boxed elementor-section-height-default elementor-section-height-default\" data-id=\"518c1828\" data-element_type=\"section\" data-e-type=\"section\" data-settings=\"{&quot;stretch_section&quot;:&quot;section-stretched&quot;,&quot;background_background&quot;:&quot;classic&quot;,&quot;_ha_eqh_enable&quot;:false}\">\n\t\t\t\t\t\t<div class=\"elementor-container elementor-column-gap-extended\">\n\t\t\t\t\t<div class=\"elementor-column elementor-col-100 elementor-top-column elementor-element elementor-element-3f4e7eb6\" data-id=\"3f4e7eb6\" data-element_type=\"column\" data-e-type=\"column\">\n\t\t\t<div class=\"elementor-widget-wrap elementor-element-populated\">\n\t\t\t\t\t\t<div class=\"elementor-element elementor-element-3a12897 elementor-widget elementor-widget-heading\" data-id=\"3a12897\" data-element_type=\"widget\" data-e-type=\"widget\" data-widget_type=\"heading.default\">\n\t\t\t\t\t<h2 class=\"elementor-heading-title elementor-size-default\">Asesoramiento personalizado<\/h2>\t\t\t\t<\/div>\n\t\t\t\t<div class=\"elementor-element elementor-element-1e10c8cf elementor-widget elementor-widget-text-editor\" data-id=\"1e10c8cf\" data-element_type=\"widget\" data-e-type=\"widget\" data-widget_type=\"text-editor.default\">\n\t\t\t\t\t\t\t\t\t<p style=\"text-align: left;\"><span style=\"color: #ffffff;\">Dr. Christoph He\u00dfler Sistemas de m\u00e1quinas<img decoding=\"async\" class=\"size-full wp-image-207490 alignright\" src=\"https:\/\/c-hessler.de\/wp-content\/uploads\/2025\/12\/ch2.png\" alt=\"\" width=\"260\" height=\"130\" srcset=\"https:\/\/c-hessler.de\/wp-content\/uploads\/2025\/12\/ch2.png 260w, https:\/\/c-hessler.de\/wp-content\/uploads\/2025\/12\/ch2-150x75.png 150w, https:\/\/c-hessler.de\/wp-content\/uploads\/2025\/12\/ch2-18x9.png 18w\" sizes=\"(max-width: 260px) 100vw, 260px\" \/><\/span><\/p><p style=\"text-align: left;\"><span style=\"color: #ffffff;\">En el Ronceva 5<\/span><br \/><span style=\"color: #ffffff;\">32312 L\u00fcbbecke<\/span><br \/><span style=\"color: #ffffff;\">Tel\u00e9fono: +49 (0) 5741 \/ 3012080<\/span><br \/><span style=\"color: #ffffff;\">correo electr\u00f3nico: christoph.hessler@c-hessler.de<\/span><\/p>\t\t\t\t\t\t\t\t<\/div>\n\t\t\t\t\t<\/div>\n\t\t<\/div>\n\t\t\t\t\t<\/div>\n\t\t<\/section>\n\t\t\t\t<\/div>","protected":false},"excerpt":{"rendered":"<p>Auf der Ligna 2005 in Hannover wurde das Tischger\u00e4t Eckenformer TZ 01 vorgestellt. Es entstand aus der konkreten Aufgabenstellung f\u00fcr 135\u00b0 Eckregalb\u00f6den. Es war speziell f\u00fcr die Eckenbearbeitung an135\u00b0-Winkeln f\u00fcr bewegbare Werkst\u00fccke, beispielsweise Eckregalb\u00f6den\u00a0vorgesehen. Es folgte Ende 2006 die Technologie-studie MZ 01 135V als mobiler Allrounder mit\u00a0variabler Winkeleinstellung und zwei Arbeitsbereichen.\u00a0\u00a0 Daraus wurden eine Reihe [&hellip;]<\/p>\n","protected":false},"author":5,"featured_media":0,"parent":0,"menu_order":0,"comment_status":"closed","ping_status":"closed","template":"","meta":{"footnotes":""},"class_list":["post-8923","page","type-page","status-publish","hentry"],"yoast_head":"<!-- This site is optimized with the Yoast SEO Premium plugin v27.0 (Yoast SEO v27.4) - https:\/\/yoast.com\/product\/yoast-seo-premium-wordpress\/ -->\n<title>Produkt-Historie \u2022 Geschichte der Eckenformer<\/title>\n<meta name=\"description\" content=\"Die Geschichte der mobilen Eckenformer: Druckluft betriebene Maschinen zur Ecken- und Kantenbearbeitung. F\u00fcr die Au\u00dfenecke und Innenecke. Innovation pur!\" \/>\n<meta name=\"robots\" content=\"index, follow, max-snippet:-1, max-image-preview:large, max-video-preview:-1\" \/>\n<link rel=\"canonical\" href=\"https:\/\/c-hessler.de\/es\/historia-del-producto\/\" \/>\n<meta property=\"og:locale\" content=\"es_ES\" \/>\n<meta property=\"og:type\" content=\"article\" \/>\n<meta property=\"og:title\" content=\"Produkt-Historie\" \/>\n<meta property=\"og:description\" content=\"Die Geschichte der mobilen Eckenformer: Druckluft betriebene Maschinen zur Ecken- und Kantenbearbeitung. F\u00fcr die Au\u00dfenecke und Innenecke. Innovation pur!\" \/>\n<meta property=\"og:url\" content=\"https:\/\/c-hessler.de\/es\/historia-del-producto\/\" \/>\n<meta property=\"og:site_name\" content=\"Dr. Christoph He\u00dfler Maschinensysteme\" \/>\n<meta property=\"article:publisher\" content=\"https:\/\/www.facebook.com\/DrChristophHesslerMaschinensysteme\/\" \/>\n<meta property=\"article:modified_time\" content=\"2026-02-19T15:58:12+00:00\" \/>\n<meta property=\"og:image\" content=\"https:\/\/c-hessler.de\/wp-content\/uploads\/2015\/04\/13842aa3854.jpg\" \/>\n<meta name=\"twitter:label1\" content=\"Tiempo de lectura\" \/>\n\t<meta name=\"twitter:data1\" content=\"4 minutos\" \/>\n<script type=\"application\/ld+json\" class=\"yoast-schema-graph\">{\"@context\":\"https:\\\/\\\/schema.org\",\"@graph\":[{\"@type\":\"WebPage\",\"@id\":\"https:\\\/\\\/c-hessler.de\\\/produkt-historie\\\/\",\"url\":\"https:\\\/\\\/c-hessler.de\\\/produkt-historie\\\/\",\"name\":\"Produkt-Historie \u2022 Geschichte der Eckenformer\",\"isPartOf\":{\"@id\":\"https:\\\/\\\/c-hessler.de\\\/#website\"},\"primaryImageOfPage\":{\"@id\":\"https:\\\/\\\/c-hessler.de\\\/produkt-historie\\\/#primaryimage\"},\"image\":{\"@id\":\"https:\\\/\\\/c-hessler.de\\\/produkt-historie\\\/#primaryimage\"},\"thumbnailUrl\":\"https:\\\/\\\/c-hessler.de\\\/wp-content\\\/uploads\\\/2015\\\/04\\\/13842aa3854.jpg\",\"datePublished\":\"2015-04-24T08:56:24+00:00\",\"dateModified\":\"2026-02-19T15:58:12+00:00\",\"description\":\"Die Geschichte der mobilen Eckenformer: Druckluft betriebene Maschinen zur Ecken- und Kantenbearbeitung. F\u00fcr die Au\u00dfenecke und Innenecke. Innovation pur!\",\"inLanguage\":\"es\",\"potentialAction\":[{\"@type\":\"ReadAction\",\"target\":[\"https:\\\/\\\/c-hessler.de\\\/produkt-historie\\\/\"]}]},{\"@type\":\"ImageObject\",\"inLanguage\":\"es\",\"@id\":\"https:\\\/\\\/c-hessler.de\\\/produkt-historie\\\/#primaryimage\",\"url\":\"https:\\\/\\\/c-hessler.de\\\/wp-content\\\/uploads\\\/2015\\\/04\\\/13842aa3854.jpg\",\"contentUrl\":\"https:\\\/\\\/c-hessler.de\\\/wp-content\\\/uploads\\\/2015\\\/04\\\/13842aa3854.jpg\"},{\"@type\":\"WebSite\",\"@id\":\"https:\\\/\\\/c-hessler.de\\\/#website\",\"url\":\"https:\\\/\\\/c-hessler.de\\\/\",\"name\":\"www.c-hessler.de\",\"description\":\"\",\"publisher\":{\"@id\":\"https:\\\/\\\/c-hessler.de\\\/#organization\"},\"potentialAction\":[{\"@type\":\"SearchAction\",\"target\":{\"@type\":\"EntryPoint\",\"urlTemplate\":\"https:\\\/\\\/c-hessler.de\\\/?s={search_term_string}\"},\"query-input\":{\"@type\":\"PropertyValueSpecification\",\"valueRequired\":true,\"valueName\":\"search_term_string\"}}],\"inLanguage\":\"es\"},{\"@type\":\"Organization\",\"@id\":\"https:\\\/\\\/c-hessler.de\\\/#organization\",\"name\":\"Dr. Christoph He\u00dfler Maschinensysteme\",\"alternateName\":\"Dr. Christoph He\u00dfler Maschinensysteme\",\"url\":\"https:\\\/\\\/c-hessler.de\\\/\",\"logo\":{\"@type\":\"ImageObject\",\"inLanguage\":\"es\",\"@id\":\"https:\\\/\\\/c-hessler.de\\\/#\\\/schema\\\/logo\\\/image\\\/\",\"url\":\"https:\\\/\\\/c-hessler.de\\\/wp-content\\\/uploads\\\/2026\\\/02\\\/Draw-03-150312-110115-Ausgeschnitten-I.jpg\",\"contentUrl\":\"https:\\\/\\\/c-hessler.de\\\/wp-content\\\/uploads\\\/2026\\\/02\\\/Draw-03-150312-110115-Ausgeschnitten-I.jpg\",\"width\":445,\"height\":394,\"caption\":\"Dr. Christoph He\u00dfler Maschinensysteme\"},\"image\":{\"@id\":\"https:\\\/\\\/c-hessler.de\\\/#\\\/schema\\\/logo\\\/image\\\/\"},\"sameAs\":[\"https:\\\/\\\/www.facebook.com\\\/DrChristophHesslerMaschinensysteme\\\/\",\"https:\\\/\\\/www.pinterest.de\\\/hesstools\\\/\",\"https:\\\/\\\/www.youtube.com\\\/channel\\\/UCaNnXDGGF_BiYFQZ2kJgi-A?view_as=subscriber\"],\"description\":\"1. Ecken- und Kantenfr\u00e4sen f\u00fcr Tischler und Schreiner, Sonderanfertigungen 2. Auch f\u00fcr die Nachbearbeitung von Eck-Schwei\u00dfn\u00e4hten bei Aluminium-Werkstoffen, f\u00fcr Fahrzeugbauer oder Metallbauer aller Art\",\"email\":\"christoph.hessler@c-hessler.de\",\"telephone\":\"0527413012080\",\"legalName\":\"Dr. Christoph He\u00dfler Maschinensysteme\",\"foundingDate\":\"2003-06-05\",\"vatID\":\"DE230070107\",\"numberOfEmployees\":{\"@type\":\"QuantitativeValue\",\"minValue\":\"1\",\"maxValue\":\"10\"}}]}<\/script>\n<!-- \/ Yoast SEO Premium plugin. -->","yoast_head_json":{"title":"Historia del producto - Historia de las esquineras","description":"La historia de las esquineras m\u00f3viles: m\u00e1quinas accionadas por aire comprimido para el mecanizado de esquinas y cantos. Para esquinas exteriores e interiores. Pura innovaci\u00f3n.","robots":{"index":"index","follow":"follow","max-snippet":"max-snippet:-1","max-image-preview":"max-image-preview:large","max-video-preview":"max-video-preview:-1"},"canonical":"https:\/\/c-hessler.de\/es\/historia-del-producto\/","og_locale":"es_ES","og_type":"article","og_title":"Produkt-Historie","og_description":"Die Geschichte der mobilen Eckenformer: Druckluft betriebene Maschinen zur Ecken- und Kantenbearbeitung. F\u00fcr die Au\u00dfenecke und Innenecke. Innovation pur!","og_url":"https:\/\/c-hessler.de\/es\/historia-del-producto\/","og_site_name":"Dr. Christoph He\u00dfler Maschinensysteme","article_publisher":"https:\/\/www.facebook.com\/DrChristophHesslerMaschinensysteme\/","article_modified_time":"2026-02-19T15:58:12+00:00","og_image":[{"url":"https:\/\/c-hessler.de\/wp-content\/uploads\/2015\/04\/13842aa3854.jpg","type":"","width":"","height":""}],"twitter_misc":{"Tiempo de lectura":"4 minutos"},"schema":{"@context":"https:\/\/schema.org","@graph":[{"@type":"WebPage","@id":"https:\/\/c-hessler.de\/produkt-historie\/","url":"https:\/\/c-hessler.de\/produkt-historie\/","name":"Historia del producto - Historia de las esquineras","isPartOf":{"@id":"https:\/\/c-hessler.de\/#website"},"primaryImageOfPage":{"@id":"https:\/\/c-hessler.de\/produkt-historie\/#primaryimage"},"image":{"@id":"https:\/\/c-hessler.de\/produkt-historie\/#primaryimage"},"thumbnailUrl":"https:\/\/c-hessler.de\/wp-content\/uploads\/2015\/04\/13842aa3854.jpg","datePublished":"2015-04-24T08:56:24+00:00","dateModified":"2026-02-19T15:58:12+00:00","description":"La historia de las esquineras m\u00f3viles: m\u00e1quinas accionadas por aire comprimido para el mecanizado de esquinas y cantos. Para esquinas exteriores e interiores. Pura innovaci\u00f3n.","inLanguage":"es","potentialAction":[{"@type":"ReadAction","target":["https:\/\/c-hessler.de\/produkt-historie\/"]}]},{"@type":"ImageObject","inLanguage":"es","@id":"https:\/\/c-hessler.de\/produkt-historie\/#primaryimage","url":"https:\/\/c-hessler.de\/wp-content\/uploads\/2015\/04\/13842aa3854.jpg","contentUrl":"https:\/\/c-hessler.de\/wp-content\/uploads\/2015\/04\/13842aa3854.jpg"},{"@type":"WebSite","@id":"https:\/\/c-hessler.de\/#website","url":"https:\/\/c-hessler.de\/","name":"www.c-hessler.de","description":"","publisher":{"@id":"https:\/\/c-hessler.de\/#organization"},"potentialAction":[{"@type":"SearchAction","target":{"@type":"EntryPoint","urlTemplate":"https:\/\/c-hessler.de\/?s={search_term_string}"},"query-input":{"@type":"PropertyValueSpecification","valueRequired":true,"valueName":"search_term_string"}}],"inLanguage":"es"},{"@type":"Organization","@id":"https:\/\/c-hessler.de\/#organization","name":"Dr. Christoph He\u00dfler Sistemas de m\u00e1quinas","alternateName":"Dr. Christoph He\u00dfler Maschinensysteme","url":"https:\/\/c-hessler.de\/","logo":{"@type":"ImageObject","inLanguage":"es","@id":"https:\/\/c-hessler.de\/#\/schema\/logo\/image\/","url":"https:\/\/c-hessler.de\/wp-content\/uploads\/2026\/02\/Draw-03-150312-110115-Ausgeschnitten-I.jpg","contentUrl":"https:\/\/c-hessler.de\/wp-content\/uploads\/2026\/02\/Draw-03-150312-110115-Ausgeschnitten-I.jpg","width":445,"height":394,"caption":"Dr. Christoph He\u00dfler Maschinensysteme"},"image":{"@id":"https:\/\/c-hessler.de\/#\/schema\/logo\/image\/"},"sameAs":["https:\/\/www.facebook.com\/DrChristophHesslerMaschinensysteme\/","https:\/\/www.pinterest.de\/hesstools\/","https:\/\/www.youtube.com\/channel\/UCaNnXDGGF_BiYFQZ2kJgi-A?view_as=subscriber"],"description":"1. Ecken- und Kantenfr\u00e4sen f\u00fcr Tischler und Schreiner, Sonderanfertigungen 2. Auch f\u00fcr die Nachbearbeitung von Eck-Schwei\u00dfn\u00e4hten bei Aluminium-Werkstoffen, f\u00fcr Fahrzeugbauer oder Metallbauer aller Art","email":"christoph.hessler@c-hessler.de","telephone":"0527413012080","legalName":"Dr. Christoph He\u00dfler Maschinensysteme","foundingDate":"2003-06-05","vatID":"DE230070107","numberOfEmployees":{"@type":"QuantitativeValue","minValue":"1","maxValue":"10"}}]}},"_hostinger_reach_plugin_has_subscription_block":false,"_hostinger_reach_plugin_is_elementor":false,"_links":{"self":[{"href":"https:\/\/c-hessler.de\/es\/wp-json\/wp\/v2\/pages\/8923","targetHints":{"allow":["GET"]}}],"collection":[{"href":"https:\/\/c-hessler.de\/es\/wp-json\/wp\/v2\/pages"}],"about":[{"href":"https:\/\/c-hessler.de\/es\/wp-json\/wp\/v2\/types\/page"}],"author":[{"embeddable":true,"href":"https:\/\/c-hessler.de\/es\/wp-json\/wp\/v2\/users\/5"}],"replies":[{"embeddable":true,"href":"https:\/\/c-hessler.de\/es\/wp-json\/wp\/v2\/comments?post=8923"}],"version-history":[{"count":21,"href":"https:\/\/c-hessler.de\/es\/wp-json\/wp\/v2\/pages\/8923\/revisions"}],"predecessor-version":[{"id":209035,"href":"https:\/\/c-hessler.de\/es\/wp-json\/wp\/v2\/pages\/8923\/revisions\/209035"}],"wp:attachment":[{"href":"https:\/\/c-hessler.de\/es\/wp-json\/wp\/v2\/media?parent=8923"}],"curies":[{"name":"wp","href":"https:\/\/api.w.org\/{rel}","templated":true}]}}