{"id":8945,"date":"2015-04-24T11:44:42","date_gmt":"2015-04-24T09:44:42","guid":{"rendered":"http:\/\/\/?page_id=8945"},"modified":"2025-12-11T16:41:52","modified_gmt":"2025-12-11T15:41:52","slug":"objetivo-y-finalidad","status":"publish","type":"page","link":"https:\/\/c-hessler.de\/es\/ziel-und-zweck\/","title":{"rendered":"Objetivo y finalidad"},"content":{"rendered":"<div data-elementor-type=\"wp-page\" data-elementor-id=\"8945\" class=\"elementor elementor-8945\" data-elementor-settings=\"{&quot;ha_cmc_init_switcher&quot;:&quot;no&quot;}\" data-elementor-post-type=\"page\">\n\t\t\t\t<div class=\"elementor-element elementor-element-bd1cf1c e-flex e-con-boxed e-con e-parent\" data-id=\"bd1cf1c\" data-element_type=\"container\" data-e-type=\"container\" data-settings=\"{&quot;_ha_eqh_enable&quot;:false}\">\n\t\t\t\t\t<div class=\"e-con-inner\">\n\t\t\t\t<div class=\"elementor-element elementor-element-730cde4 elementor-widget elementor-widget-heading\" data-id=\"730cde4\" data-element_type=\"widget\" data-e-type=\"widget\" data-widget_type=\"heading.default\">\n\t\t\t\t\t<h2 class=\"elementor-heading-title elementor-size-default\">Objetivo y finalidad<\/h2>\t\t\t\t<\/div>\n\t\t\t\t\t<\/div>\n\t\t\t\t<\/div>\n\t\t<div class=\"elementor-element elementor-element-79543a5 e-grid e-con-boxed e-con e-parent\" data-id=\"79543a5\" data-element_type=\"container\" data-e-type=\"container\" data-settings=\"{&quot;_ha_eqh_enable&quot;:false}\">\n\t\t\t\t\t<div class=\"e-con-inner\">\n\t\t\t\t<div class=\"elementor-element elementor-element-5a0f425 elementor-widget elementor-widget-text-editor\" data-id=\"5a0f425\" data-element_type=\"widget\" data-e-type=\"widget\" data-widget_type=\"text-editor.default\">\n\t\t\t\t\t\t\t\t\t<h4>En el mercado desde hace m\u00e1s de 10 a\u00f1os con soluciones para la creatividad y la personalizaci\u00f3n en el mecanizado de cantos y esquinas<\/h4><p>Programa:<\/p><p>Tenemos soluciones para carpinteros y ebanistas y para todos aquellos que quieran aplicar de forma productiva la individualizaci\u00f3n de muebles en serie y la creatividad en el dise\u00f1o de piezas de trabajo de madera y pl\u00e1stico.<\/p><p>Ofrecemos un amplio programa de formadoras de esquinas para el procesamiento de esquinas.<\/p><p>El t\u00e9rmino formador de esquinas fue introducido por nosotros en el mecanizado de muebles. Utilizamos el t\u00e9rmino formador de esquinas para describir las fresadoras de cantos que tienen una gu\u00eda. Esto hace que el mecanizado de esquinas sea m\u00e1s f\u00e1cil, preciso y r\u00e1pido.<\/p><p>El programa de formadoras de \u00e1ngulos incluye dispositivos de sobremesa y dispositivos manuales m\u00f3viles para \u00e1ngulos agudos, rectos y obtusos, de accionamiento neum\u00e1tico o el\u00e9ctrico, para \u00e1ngulos fijos o con ajuste variable del \u00e1ngulo, con o sin gu\u00eda.<\/p><p>No todas las m\u00e1quinas se muestran aqu\u00ed, p\u00f3ngase en contacto con nosotros para su tarea de mecanizado espec\u00edfica. Los derechos de propiedad industrial de todas las m\u00e1quinas mostradas est\u00e1n registrados o pendientes de registro en la Oficina Alemana de Patentes y Marcas.<\/p>\t\t\t\t\t\t\t\t<\/div>\n\t\t\t\t<div class=\"elementor-element elementor-element-689599c elementor-widget__width-inherit elementor-widget elementor-widget-image\" data-id=\"689599c\" data-element_type=\"widget\" data-e-type=\"widget\" data-widget_type=\"image.default\">\n\t\t\t\t\t\t\t\t\t\t\t\t\t\t\t<img fetchpriority=\"high\" decoding=\"async\" width=\"640\" height=\"480\" src=\"https:\/\/c-hessler.de\/wp-content\/uploads\/2015\/04\/4er_Bild_II.jpg\" class=\"attachment-large size-large wp-image-8933\" alt=\"\" srcset=\"https:\/\/c-hessler.de\/wp-content\/uploads\/2015\/04\/4er_Bild_II.jpg 640w, https:\/\/c-hessler.de\/wp-content\/uploads\/2015\/04\/4er_Bild_II-150x113.jpg 150w, https:\/\/c-hessler.de\/wp-content\/uploads\/2015\/04\/4er_Bild_II-510x383.jpg 510w, https:\/\/c-hessler.de\/wp-content\/uploads\/2015\/04\/4er_Bild_II-300x225.jpg 300w\" sizes=\"(max-width: 640px) 100vw, 640px\" \/>\t\t\t\t\t\t\t\t\t\t\t\t\t\t\t<\/div>\n\t\t\t\t\t<\/div>\n\t\t\t\t<\/div>\n\t\t<div class=\"elementor-element elementor-element-3856bea0 e-con-full e-flex e-con e-parent\" data-id=\"3856bea0\" data-element_type=\"container\" data-e-type=\"container\" data-settings=\"{&quot;background_background&quot;:&quot;classic&quot;,&quot;_ha_eqh_enable&quot;:false}\">\n\t\t\t\t<div class=\"elementor-element elementor-element-758a94af elementor-widget elementor-widget-heading\" data-id=\"758a94af\" data-element_type=\"widget\" data-e-type=\"widget\" data-widget_type=\"heading.default\">\n\t\t\t\t\t<h2 class=\"elementor-heading-title elementor-size-default\">\u00bfPor qu\u00e9 Christoph He\u00dfler Maschinensysteme?<\/h2>\t\t\t\t<\/div>\n\t\t\t\t<\/div>\n\t\t\t\t<section class=\"elementor-section elementor-top-section elementor-element elementor-element-5677dcdd elementor-section-stretched elementor-section-boxed elementor-section-height-default elementor-section-height-default\" data-id=\"5677dcdd\" data-element_type=\"section\" data-e-type=\"section\" data-settings=\"{&quot;stretch_section&quot;:&quot;section-stretched&quot;,&quot;background_background&quot;:&quot;classic&quot;,&quot;_ha_eqh_enable&quot;:false}\">\n\t\t\t\t\t\t<div class=\"elementor-container elementor-column-gap-extended\">\n\t\t\t\t\t<div class=\"elementor-column elementor-col-33 elementor-top-column elementor-element elementor-element-78abae6b animated-fast elementor-invisible\" data-id=\"78abae6b\" data-element_type=\"column\" data-e-type=\"column\" data-settings=\"{&quot;animation&quot;:&quot;fadeIn&quot;}\">\n\t\t\t<div class=\"elementor-widget-wrap elementor-element-populated\">\n\t\t\t\t\t\t<div class=\"elementor-element elementor-element-5fa3f035 elementor-widget elementor-widget-heading\" data-id=\"5fa3f035\" data-element_type=\"widget\" data-e-type=\"widget\" data-widget_type=\"heading.default\">\n\t\t\t\t\t<h3 class=\"elementor-heading-title elementor-size-default\">S\u00f3lo est\u00e1 disponible aqu\u00ed\n<\/h3>\t\t\t\t<\/div>\n\t\t\t\t<div class=\"elementor-element elementor-element-84f4a89 elementor-widget elementor-widget-text-editor\" data-id=\"84f4a89\" data-element_type=\"widget\" data-e-type=\"widget\" data-widget_type=\"text-editor.default\">\n\t\t\t\t\t\t\t\t\t<p style=\"text-align: center;\"><span style=\"color: #ffffff;\">\u2713 Funci\u00f3n TOP<\/span><br \/><span style=\"color: #ffffff;\">\u2713 Manipulaci\u00f3n TOP<\/span><br \/><span style=\"color: #ffffff;\">\u2713 Mano de obra TOP<\/span><br \/><span style=\"color: #ffffff;\">Directamente del fabricante<\/span><br \/><span style=\"color: #ffffff;\">\u2713 Consejos del fabricante<\/span><br \/><span style=\"color: #ffffff;\">\u2713 Prueba gratuita<\/span><br \/><span style=\"color: #ffffff;\">\u2713 Compra a cuenta<\/span><\/p>\t\t\t\t\t\t\t\t<\/div>\n\t\t\t\t\t<\/div>\n\t\t<\/div>\n\t\t\t\t<div class=\"elementor-column elementor-col-33 elementor-top-column elementor-element elementor-element-60630a37 animated-fast elementor-invisible\" data-id=\"60630a37\" data-element_type=\"column\" data-e-type=\"column\" data-settings=\"{&quot;animation&quot;:&quot;fadeIn&quot;,&quot;animation_delay&quot;:200}\">\n\t\t\t<div class=\"elementor-widget-wrap elementor-element-populated\">\n\t\t\t\t\t\t<div class=\"elementor-element elementor-element-1c58e76a elementor-widget elementor-widget-heading\" data-id=\"1c58e76a\" data-element_type=\"widget\" data-e-type=\"widget\" data-widget_type=\"heading.default\">\n\t\t\t\t\t<h3 class=\"elementor-heading-title elementor-size-default\">Prueba gratuita\n<\/h3>\t\t\t\t<\/div>\n\t\t\t\t<div class=\"elementor-element elementor-element-2fc28607 elementor-widget elementor-widget-text-editor\" data-id=\"2fc28607\" data-element_type=\"widget\" data-e-type=\"widget\" data-widget_type=\"text-editor.default\">\n\t\t\t\t\t\t\t\t\t<p style=\"text-align: center;\"><span style=\"color: #ffffff;\">\u00bfEs usted profesional y trabaja en un entorno comercial?<\/span><br \/><span style=\"color: #ffffff;\">A continuaci\u00f3n, tendr\u00e1 la oportunidad de probar las m\u00e1quinas de forma gratuita y sin compromiso para comprobar las posibles aplicaciones en sus condiciones personales.<\/span><\/p>\t\t\t\t\t\t\t\t<\/div>\n\t\t\t\t\t<\/div>\n\t\t<\/div>\n\t\t\t\t<div class=\"elementor-column elementor-col-33 elementor-top-column elementor-element elementor-element-434961e8 animated-fast elementor-invisible\" data-id=\"434961e8\" data-element_type=\"column\" data-e-type=\"column\" data-settings=\"{&quot;animation&quot;:&quot;fadeIn&quot;,&quot;animation_delay&quot;:400}\">\n\t\t\t<div class=\"elementor-widget-wrap elementor-element-populated\">\n\t\t\t\t\t\t<div class=\"elementor-element elementor-element-5fb2f3b6 elementor-widget elementor-widget-heading\" data-id=\"5fb2f3b6\" data-element_type=\"widget\" data-e-type=\"widget\" data-widget_type=\"heading.default\">\n\t\t\t\t\t<h3 class=\"elementor-heading-title elementor-size-default\">Servicio fiable\n<\/h3>\t\t\t\t<\/div>\n\t\t\t\t<div class=\"elementor-element elementor-element-7651c917 elementor-widget elementor-widget-text-editor\" data-id=\"7651c917\" data-element_type=\"widget\" data-e-type=\"widget\" data-widget_type=\"text-editor.default\">\n\t\t\t\t\t\t\t\t\t<p style=\"text-align: center;\"><span style=\"color: #ffffff;\">Cuando adquiere una m\u00e1quina de nuestra empresa, siempre adquiere tambi\u00e9n un servicio integral. <\/span><br \/><span style=\"color: #ffffff;\">Esto comienza con el suministro gratuito de las m\u00e1quinas para las pruebas en sus instalaciones y contin\u00faa con la r\u00e1pida subsanaci\u00f3n de cualquier defecto y el continuo perfeccionamiento de nuestros dispositivos.<\/span><\/p>\t\t\t\t\t\t\t\t<\/div>\n\t\t\t\t\t<\/div>\n\t\t<\/div>\n\t\t\t\t\t<\/div>\n\t\t<\/section>\n\t\t\t\t<section class=\"elementor-section elementor-top-section elementor-element elementor-element-636d701a elementor-section-stretched elementor-section-boxed elementor-section-height-default elementor-section-height-default\" data-id=\"636d701a\" data-element_type=\"section\" data-e-type=\"section\" data-settings=\"{&quot;stretch_section&quot;:&quot;section-stretched&quot;,&quot;background_background&quot;:&quot;classic&quot;,&quot;_ha_eqh_enable&quot;:false}\">\n\t\t\t\t\t\t<div class=\"elementor-container elementor-column-gap-extended\">\n\t\t\t\t\t<div class=\"elementor-column elementor-col-100 elementor-top-column elementor-element elementor-element-35e9f736\" data-id=\"35e9f736\" data-element_type=\"column\" data-e-type=\"column\">\n\t\t\t<div class=\"elementor-widget-wrap elementor-element-populated\">\n\t\t\t\t\t\t<div class=\"elementor-element elementor-element-159931c0 elementor-widget elementor-widget-heading\" data-id=\"159931c0\" data-element_type=\"widget\" data-e-type=\"widget\" data-widget_type=\"heading.default\">\n\t\t\t\t\t<h2 class=\"elementor-heading-title elementor-size-default\">Asesoramiento personalizado<\/h2>\t\t\t\t<\/div>\n\t\t\t\t<div class=\"elementor-element elementor-element-3509e2b elementor-widget elementor-widget-text-editor\" data-id=\"3509e2b\" data-element_type=\"widget\" data-e-type=\"widget\" data-widget_type=\"text-editor.default\">\n\t\t\t\t\t\t\t\t\t<p style=\"text-align: left;\"><span style=\"color: #ffffff;\">Dr. Christoph He\u00dfler Sistemas de m\u00e1quinas<img decoding=\"async\" class=\"size-full wp-image-207490 alignright\" src=\"https:\/\/c-hessler.de\/wp-content\/uploads\/2025\/12\/ch2.png\" alt=\"\" width=\"260\" height=\"130\" srcset=\"https:\/\/c-hessler.de\/wp-content\/uploads\/2025\/12\/ch2.png 260w, https:\/\/c-hessler.de\/wp-content\/uploads\/2025\/12\/ch2-150x75.png 150w, https:\/\/c-hessler.de\/wp-content\/uploads\/2025\/12\/ch2-18x9.png 18w\" sizes=\"(max-width: 260px) 100vw, 260px\" \/><\/span><\/p><p style=\"text-align: left;\"><span style=\"color: #ffffff;\">En el Ronceva 5<\/span><br \/><span style=\"color: #ffffff;\">32312 L\u00fcbbecke<\/span><br \/><span style=\"color: #ffffff;\">Tel\u00e9fono: +49 (0) 5741 \/ 3012080<\/span><br \/><span style=\"color: #ffffff;\">correo electr\u00f3nico: christoph.hessler@c-hessler.de<\/span><\/p>\t\t\t\t\t\t\t\t<\/div>\n\t\t\t\t\t<\/div>\n\t\t<\/div>\n\t\t\t\t\t<\/div>\n\t\t<\/section>\n\t\t\t\t<\/div>","protected":false},"excerpt":{"rendered":"<p>Ziel und Zweck Seit \u00fcber 10 Jahren am Markt mit L\u00f6sungen f\u00fcr Kreativit\u00e4t und Individualisierung bei der Kantenbearbeitung und Eckenbearbeitung Programm: Wir haben L\u00f6sungen f\u00fcr Tischler und Schreiner und f\u00fcr alle, die Individualisierung von Serienm\u00f6beln und Kreativit\u00e4t im Design an Werkst\u00fccken aus Holz und Kunststoff produktiv umsetzen wollen. F\u00fcr die Eckenbearbeitung bieten wir ein umfassendes [&hellip;]<\/p>\n","protected":false},"author":5,"featured_media":0,"parent":0,"menu_order":0,"comment_status":"closed","ping_status":"closed","template":"elementor_header_footer","meta":{"footnotes":""},"class_list":["post-8945","page","type-page","status-publish","hentry"],"yoast_head":"<!-- This site is optimized with the Yoast SEO Premium plugin v27.0 (Yoast SEO v27.4) - https:\/\/yoast.com\/product\/yoast-seo-premium-wordpress\/ -->\n<title>Ziel und Zweck - Handliche L\u00f6sungen f\u00fcr Tischler und Schreiner<\/title>\n<meta name=\"description\" content=\"L\u00f6sungen f\u00fcr Tischler und Schreiner f\u00fcr Kreativit\u00e4t und Individualisierung bei der Kantenbearbeitung und Eckenbearbeitung durch Spezial Oberfr\u00e4se Systeme.\" \/>\n<meta name=\"robots\" content=\"index, follow, max-snippet:-1, max-image-preview:large, max-video-preview:-1\" \/>\n<link rel=\"canonical\" href=\"https:\/\/c-hessler.de\/es\/objetivo-y-finalidad\/\" \/>\n<meta property=\"og:locale\" content=\"es_ES\" \/>\n<meta property=\"og:type\" content=\"article\" \/>\n<meta property=\"og:title\" content=\"Ziel und Zweck\" \/>\n<meta property=\"og:description\" content=\"L\u00f6sungen f\u00fcr Tischler und Schreiner f\u00fcr Kreativit\u00e4t und Individualisierung bei der Kantenbearbeitung und Eckenbearbeitung durch Spezial Oberfr\u00e4se Systeme.\" \/>\n<meta property=\"og:url\" content=\"https:\/\/c-hessler.de\/es\/objetivo-y-finalidad\/\" \/>\n<meta property=\"og:site_name\" content=\"Dr. Christoph He\u00dfler Maschinensysteme\" \/>\n<meta property=\"article:publisher\" content=\"https:\/\/www.facebook.com\/DrChristophHesslerMaschinensysteme\/\" \/>\n<meta property=\"article:modified_time\" content=\"2025-12-11T15:41:52+00:00\" \/>\n<meta property=\"og:image\" content=\"https:\/\/c-hessler.de\/wp-content\/uploads\/2015\/04\/4er_Bild_II.jpg\" \/>\n\t<meta property=\"og:image:width\" content=\"640\" \/>\n\t<meta property=\"og:image:height\" content=\"480\" \/>\n\t<meta property=\"og:image:type\" content=\"image\/jpeg\" \/>\n<meta name=\"twitter:label1\" content=\"Tiempo de lectura\" \/>\n\t<meta name=\"twitter:data1\" content=\"2 minutos\" \/>\n<script type=\"application\/ld+json\" class=\"yoast-schema-graph\">{\"@context\":\"https:\\\/\\\/schema.org\",\"@graph\":[{\"@type\":\"WebPage\",\"@id\":\"https:\\\/\\\/c-hessler.de\\\/ziel-und-zweck\\\/\",\"url\":\"https:\\\/\\\/c-hessler.de\\\/ziel-und-zweck\\\/\",\"name\":\"Ziel und Zweck - Handliche L\u00f6sungen f\u00fcr Tischler und Schreiner\",\"isPartOf\":{\"@id\":\"https:\\\/\\\/c-hessler.de\\\/#website\"},\"primaryImageOfPage\":{\"@id\":\"https:\\\/\\\/c-hessler.de\\\/ziel-und-zweck\\\/#primaryimage\"},\"image\":{\"@id\":\"https:\\\/\\\/c-hessler.de\\\/ziel-und-zweck\\\/#primaryimage\"},\"thumbnailUrl\":\"https:\\\/\\\/c-hessler.de\\\/wp-content\\\/uploads\\\/2015\\\/04\\\/4er_Bild_II.jpg\",\"datePublished\":\"2015-04-24T09:44:42+00:00\",\"dateModified\":\"2025-12-11T15:41:52+00:00\",\"description\":\"L\u00f6sungen f\u00fcr Tischler und Schreiner f\u00fcr Kreativit\u00e4t und Individualisierung bei der Kantenbearbeitung und Eckenbearbeitung durch Spezial Oberfr\u00e4se Systeme.\",\"inLanguage\":\"es\",\"potentialAction\":[{\"@type\":\"ReadAction\",\"target\":[\"https:\\\/\\\/c-hessler.de\\\/ziel-und-zweck\\\/\"]}]},{\"@type\":\"ImageObject\",\"inLanguage\":\"es\",\"@id\":\"https:\\\/\\\/c-hessler.de\\\/ziel-und-zweck\\\/#primaryimage\",\"url\":\"https:\\\/\\\/c-hessler.de\\\/wp-content\\\/uploads\\\/2015\\\/04\\\/4er_Bild_II.jpg\",\"contentUrl\":\"https:\\\/\\\/c-hessler.de\\\/wp-content\\\/uploads\\\/2015\\\/04\\\/4er_Bild_II.jpg\"},{\"@type\":\"WebSite\",\"@id\":\"https:\\\/\\\/c-hessler.de\\\/#website\",\"url\":\"https:\\\/\\\/c-hessler.de\\\/\",\"name\":\"www.c-hessler.de\",\"description\":\"\",\"publisher\":{\"@id\":\"https:\\\/\\\/c-hessler.de\\\/#organization\"},\"potentialAction\":[{\"@type\":\"SearchAction\",\"target\":{\"@type\":\"EntryPoint\",\"urlTemplate\":\"https:\\\/\\\/c-hessler.de\\\/?s={search_term_string}\"},\"query-input\":{\"@type\":\"PropertyValueSpecification\",\"valueRequired\":true,\"valueName\":\"search_term_string\"}}],\"inLanguage\":\"es\"},{\"@type\":\"Organization\",\"@id\":\"https:\\\/\\\/c-hessler.de\\\/#organization\",\"name\":\"Dr. Christoph He\u00dfler Maschinensysteme\",\"alternateName\":\"Dr. Christoph He\u00dfler Maschinensysteme\",\"url\":\"https:\\\/\\\/c-hessler.de\\\/\",\"logo\":{\"@type\":\"ImageObject\",\"inLanguage\":\"es\",\"@id\":\"https:\\\/\\\/c-hessler.de\\\/#\\\/schema\\\/logo\\\/image\\\/\",\"url\":\"https:\\\/\\\/c-hessler.de\\\/wp-content\\\/uploads\\\/2026\\\/02\\\/Draw-03-150312-110115-Ausgeschnitten-I.jpg\",\"contentUrl\":\"https:\\\/\\\/c-hessler.de\\\/wp-content\\\/uploads\\\/2026\\\/02\\\/Draw-03-150312-110115-Ausgeschnitten-I.jpg\",\"width\":445,\"height\":394,\"caption\":\"Dr. Christoph He\u00dfler Maschinensysteme\"},\"image\":{\"@id\":\"https:\\\/\\\/c-hessler.de\\\/#\\\/schema\\\/logo\\\/image\\\/\"},\"sameAs\":[\"https:\\\/\\\/www.facebook.com\\\/DrChristophHesslerMaschinensysteme\\\/\",\"https:\\\/\\\/www.pinterest.de\\\/hesstools\\\/\",\"https:\\\/\\\/www.youtube.com\\\/channel\\\/UCaNnXDGGF_BiYFQZ2kJgi-A?view_as=subscriber\"],\"description\":\"1. Ecken- und Kantenfr\u00e4sen f\u00fcr Tischler und Schreiner, Sonderanfertigungen 2. Auch f\u00fcr die Nachbearbeitung von Eck-Schwei\u00dfn\u00e4hten bei Aluminium-Werkstoffen, f\u00fcr Fahrzeugbauer oder Metallbauer aller Art\",\"email\":\"christoph.hessler@c-hessler.de\",\"telephone\":\"0527413012080\",\"legalName\":\"Dr. Christoph He\u00dfler Maschinensysteme\",\"foundingDate\":\"2003-06-05\",\"vatID\":\"DE230070107\",\"numberOfEmployees\":{\"@type\":\"QuantitativeValue\",\"minValue\":\"1\",\"maxValue\":\"10\"}}]}<\/script>\n<!-- \/ Yoast SEO Premium plugin. -->","yoast_head_json":{"title":"Objetivo y finalidad - Soluciones pr\u00e1cticas para ebanistas y carpinteros","description":"Soluciones para carpinteros y ebanistas para la creatividad y la individualizaci\u00f3n en el mecanizado de cantos y esquinas con sistemas de fresado especiales.","robots":{"index":"index","follow":"follow","max-snippet":"max-snippet:-1","max-image-preview":"max-image-preview:large","max-video-preview":"max-video-preview:-1"},"canonical":"https:\/\/c-hessler.de\/es\/objetivo-y-finalidad\/","og_locale":"es_ES","og_type":"article","og_title":"Ziel und Zweck","og_description":"L\u00f6sungen f\u00fcr Tischler und Schreiner f\u00fcr Kreativit\u00e4t und Individualisierung bei der Kantenbearbeitung und Eckenbearbeitung durch Spezial Oberfr\u00e4se Systeme.","og_url":"https:\/\/c-hessler.de\/es\/objetivo-y-finalidad\/","og_site_name":"Dr. Christoph He\u00dfler Maschinensysteme","article_publisher":"https:\/\/www.facebook.com\/DrChristophHesslerMaschinensysteme\/","article_modified_time":"2025-12-11T15:41:52+00:00","og_image":[{"width":640,"height":480,"url":"https:\/\/c-hessler.de\/wp-content\/uploads\/2015\/04\/4er_Bild_II.jpg","type":"image\/jpeg"}],"twitter_misc":{"Tiempo de lectura":"2 minutos"},"schema":{"@context":"https:\/\/schema.org","@graph":[{"@type":"WebPage","@id":"https:\/\/c-hessler.de\/ziel-und-zweck\/","url":"https:\/\/c-hessler.de\/ziel-und-zweck\/","name":"Objetivo y finalidad - Soluciones pr\u00e1cticas para ebanistas y carpinteros","isPartOf":{"@id":"https:\/\/c-hessler.de\/#website"},"primaryImageOfPage":{"@id":"https:\/\/c-hessler.de\/ziel-und-zweck\/#primaryimage"},"image":{"@id":"https:\/\/c-hessler.de\/ziel-und-zweck\/#primaryimage"},"thumbnailUrl":"https:\/\/c-hessler.de\/wp-content\/uploads\/2015\/04\/4er_Bild_II.jpg","datePublished":"2015-04-24T09:44:42+00:00","dateModified":"2025-12-11T15:41:52+00:00","description":"Soluciones para carpinteros y ebanistas para la creatividad y la individualizaci\u00f3n en el mecanizado de cantos y esquinas con sistemas de fresado especiales.","inLanguage":"es","potentialAction":[{"@type":"ReadAction","target":["https:\/\/c-hessler.de\/ziel-und-zweck\/"]}]},{"@type":"ImageObject","inLanguage":"es","@id":"https:\/\/c-hessler.de\/ziel-und-zweck\/#primaryimage","url":"https:\/\/c-hessler.de\/wp-content\/uploads\/2015\/04\/4er_Bild_II.jpg","contentUrl":"https:\/\/c-hessler.de\/wp-content\/uploads\/2015\/04\/4er_Bild_II.jpg"},{"@type":"WebSite","@id":"https:\/\/c-hessler.de\/#website","url":"https:\/\/c-hessler.de\/","name":"www.c-hessler.de","description":"","publisher":{"@id":"https:\/\/c-hessler.de\/#organization"},"potentialAction":[{"@type":"SearchAction","target":{"@type":"EntryPoint","urlTemplate":"https:\/\/c-hessler.de\/?s={search_term_string}"},"query-input":{"@type":"PropertyValueSpecification","valueRequired":true,"valueName":"search_term_string"}}],"inLanguage":"es"},{"@type":"Organization","@id":"https:\/\/c-hessler.de\/#organization","name":"Dr. Christoph He\u00dfler Sistemas de m\u00e1quinas","alternateName":"Dr. Christoph He\u00dfler Maschinensysteme","url":"https:\/\/c-hessler.de\/","logo":{"@type":"ImageObject","inLanguage":"es","@id":"https:\/\/c-hessler.de\/#\/schema\/logo\/image\/","url":"https:\/\/c-hessler.de\/wp-content\/uploads\/2026\/02\/Draw-03-150312-110115-Ausgeschnitten-I.jpg","contentUrl":"https:\/\/c-hessler.de\/wp-content\/uploads\/2026\/02\/Draw-03-150312-110115-Ausgeschnitten-I.jpg","width":445,"height":394,"caption":"Dr. Christoph He\u00dfler Maschinensysteme"},"image":{"@id":"https:\/\/c-hessler.de\/#\/schema\/logo\/image\/"},"sameAs":["https:\/\/www.facebook.com\/DrChristophHesslerMaschinensysteme\/","https:\/\/www.pinterest.de\/hesstools\/","https:\/\/www.youtube.com\/channel\/UCaNnXDGGF_BiYFQZ2kJgi-A?view_as=subscriber"],"description":"1. Ecken- und Kantenfr\u00e4sen f\u00fcr Tischler und Schreiner, Sonderanfertigungen 2. Auch f\u00fcr die Nachbearbeitung von Eck-Schwei\u00dfn\u00e4hten bei Aluminium-Werkstoffen, f\u00fcr Fahrzeugbauer oder Metallbauer aller Art","email":"christoph.hessler@c-hessler.de","telephone":"0527413012080","legalName":"Dr. Christoph He\u00dfler Maschinensysteme","foundingDate":"2003-06-05","vatID":"DE230070107","numberOfEmployees":{"@type":"QuantitativeValue","minValue":"1","maxValue":"10"}}]}},"_hostinger_reach_plugin_has_subscription_block":false,"_hostinger_reach_plugin_is_elementor":false,"_links":{"self":[{"href":"https:\/\/c-hessler.de\/es\/wp-json\/wp\/v2\/pages\/8945","targetHints":{"allow":["GET"]}}],"collection":[{"href":"https:\/\/c-hessler.de\/es\/wp-json\/wp\/v2\/pages"}],"about":[{"href":"https:\/\/c-hessler.de\/es\/wp-json\/wp\/v2\/types\/page"}],"author":[{"embeddable":true,"href":"https:\/\/c-hessler.de\/es\/wp-json\/wp\/v2\/users\/5"}],"replies":[{"embeddable":true,"href":"https:\/\/c-hessler.de\/es\/wp-json\/wp\/v2\/comments?post=8945"}],"version-history":[{"count":10,"href":"https:\/\/c-hessler.de\/es\/wp-json\/wp\/v2\/pages\/8945\/revisions"}],"predecessor-version":[{"id":208982,"href":"https:\/\/c-hessler.de\/es\/wp-json\/wp\/v2\/pages\/8945\/revisions\/208982"}],"wp:attachment":[{"href":"https:\/\/c-hessler.de\/es\/wp-json\/wp\/v2\/media?parent=8945"}],"curies":[{"name":"wp","href":"https:\/\/api.w.org\/{rel}","templated":true}]}}