{"id":9072,"date":"2015-04-27T11:11:46","date_gmt":"2015-04-27T09:11:46","guid":{"rendered":"http:\/\/\/?page_id=9072"},"modified":"2025-12-11T18:14:58","modified_gmt":"2025-12-11T17:14:58","slug":"esquinero-mz-01-135v","status":"publish","type":"page","link":"https:\/\/c-hessler.de\/es\/eckenformer-mz-01-135v\/","title":{"rendered":"Redondeadora de esquinas MZ 01 135V"},"content":{"rendered":"<div data-elementor-type=\"wp-page\" data-elementor-id=\"9072\" class=\"elementor elementor-9072\" data-elementor-settings=\"{&quot;ha_cmc_init_switcher&quot;:&quot;no&quot;}\" data-elementor-post-type=\"page\">\n\t\t\t\t<div class=\"elementor-element elementor-element-597bf4e e-grid e-con-boxed e-con e-parent\" data-id=\"597bf4e\" data-element_type=\"container\" data-e-type=\"container\" data-settings=\"{&quot;_ha_eqh_enable&quot;:false}\">\n\t\t\t\t\t<div class=\"e-con-inner\">\n\t\t\t\t<div class=\"elementor-element elementor-element-3e33800 elementor-widget elementor-widget-text-editor\" data-id=\"3e33800\" data-element_type=\"widget\" data-e-type=\"widget\" data-widget_type=\"text-editor.default\">\n\t\t\t\t\t\t\t\t\t<h4 class=\"et_pb_module_header\">Esquinera m\u00f3vil MZ 01 135V<\/h4><div class=\"et_pb_blurb_description\"><p><strong>Estudio tecnol\u00f3gico: El padre de todos los formadores de esquinas<\/strong><\/p><p>El desarrollo de las fresadoras de cantos m\u00f3viles con gu\u00eda comenz\u00f3 con esta redondeadora de esquinas.<\/p><ul><li>Para el mecanizado de esquinas de paneles grandes<\/li><li>Transformaci\u00f3n completa del molde: cortar, recortar y redondear los extremos de los bordes<\/li><li>2 rangos de trabajo para un trabajo r\u00e1pido: 90\u00b0 fijo, 45\u00b0-135\u00b0 variable<\/li><li>Cojinete de empuje frenado para alcance de 90<\/li><li>Dise\u00f1o robusto con grandes asas<\/li><li>Opcionalmente con gu\u00eda para facilitar la colocaci\u00f3n<\/li><li>Tambi\u00e9n para el mecanizado longitudinal de cantos<\/li><li>Puede utilizarse como unidad independiente para piezas peque\u00f1as (estante esquinero)<\/li><li>Derecho de propiedad registrado en la Oficina Alemana de Patentes y Marcas (20 2006<\/li><li>015 422.1 y 20 2006 016 506.1)<\/li><\/ul><\/div>\t\t\t\t\t\t\t\t<\/div>\n\t\t\t\t<div class=\"elementor-element elementor-element-3955463 elementor-widget__width-inherit elementor-widget elementor-widget-image\" data-id=\"3955463\" data-element_type=\"widget\" data-e-type=\"widget\" data-widget_type=\"image.default\">\n\t\t\t\t\t\t\t\t\t\t\t\t\t\t\t<img fetchpriority=\"high\" decoding=\"async\" width=\"573\" height=\"265\" src=\"https:\/\/c-hessler.de\/wp-content\/uploads\/2017\/12\/P1010051-573x265.jpg\" class=\"attachment-full size-full wp-image-11617\" alt=\"El formador de esquinas m\u00f3vil MZ 01 135V con un campo de trabajo de 90\u00b0 y 135\" srcset=\"https:\/\/c-hessler.de\/wp-content\/uploads\/2017\/12\/P1010051-573x265.jpg 573w, https:\/\/c-hessler.de\/wp-content\/uploads\/2017\/12\/P1010051-573x265-150x69.jpg 150w, https:\/\/c-hessler.de\/wp-content\/uploads\/2017\/12\/P1010051-573x265-510x236.jpg 510w, https:\/\/c-hessler.de\/wp-content\/uploads\/2017\/12\/P1010051-573x265-300x139.jpg 300w\" sizes=\"(max-width: 573px) 100vw, 573px\" \/>\t\t\t\t\t\t\t\t\t\t\t\t\t\t\t<\/div>\n\t\t\t\t\t<\/div>\n\t\t\t\t<\/div>\n\t\t<div class=\"elementor-element elementor-element-3aef84b e-flex e-con-boxed e-con e-parent\" data-id=\"3aef84b\" data-element_type=\"container\" data-e-type=\"container\" data-settings=\"{&quot;_ha_eqh_enable&quot;:false}\">\n\t\t\t\t\t<div class=\"e-con-inner\">\n\t\t\t\t<div class=\"elementor-element elementor-element-dde9412 elementor-arrows-position-inside elementor-pagination-position-outside elementor-widget elementor-widget-image-carousel\" data-id=\"dde9412\" data-element_type=\"widget\" data-e-type=\"widget\" data-settings=\"{&quot;slides_to_show&quot;:&quot;1&quot;,&quot;navigation&quot;:&quot;both&quot;,&quot;autoplay&quot;:&quot;yes&quot;,&quot;pause_on_hover&quot;:&quot;yes&quot;,&quot;pause_on_interaction&quot;:&quot;yes&quot;,&quot;autoplay_speed&quot;:5000,&quot;infinite&quot;:&quot;yes&quot;,&quot;effect&quot;:&quot;slide&quot;,&quot;speed&quot;:500}\" data-widget_type=\"image-carousel.default\">\n\t\t\t\t\t\t\t<div class=\"elementor-image-carousel-wrapper swiper\" role=\"region\" aria-roledescription=\"carousel\" aria-label=\"Carrusel de im\u00e1genes\" dir=\"ltr\">\n\t\t\t<div class=\"elementor-image-carousel swiper-wrapper swiper-image-stretch\" aria-live=\"off\">\n\t\t\t\t\t\t\t\t<div class=\"swiper-slide\" role=\"group\" aria-roledescription=\"slide\" aria-label=\"1 de 8\"><figure class=\"swiper-slide-inner\"><img decoding=\"async\" class=\"swiper-slide-image\" src=\"https:\/\/c-hessler.de\/wp-content\/uploads\/2015\/04\/P1010040_Bearbeitet_I.jpg\" alt=\"El formador de esquinas m\u00f3vil MZ 01 135V con un campo de trabajo de 90\u00b0 y 135\" \/><figcaption class=\"elementor-image-carousel-caption\">El formador de esquinas m\u00f3vil MZ 01 135V con un campo de trabajo de 90\u00b0 y 135<\/figcaption><\/figure><\/div><div class=\"swiper-slide\" role=\"group\" aria-roledescription=\"slide\" aria-label=\"2 de 8\"><figure class=\"swiper-slide-inner\"><img decoding=\"async\" class=\"swiper-slide-image\" src=\"https:\/\/c-hessler.de\/wp-content\/uploads\/2015\/04\/P1010036.jpg\" alt=\"Cortar los bordes sobresalientes con la fresa de corte\" \/><figcaption class=\"elementor-image-carousel-caption\">Cortar los bordes sobresalientes con la fresa de corte<\/figcaption><\/figure><\/div><div class=\"swiper-slide\" role=\"group\" aria-roledescription=\"slide\" aria-label=\"3 de 8\"><figure class=\"swiper-slide-inner\"><img decoding=\"async\" class=\"swiper-slide-image\" src=\"https:\/\/c-hessler.de\/wp-content\/uploads\/2015\/04\/P1010041.jpg\" alt=\"Remate y redondeo en \u00e1ngulos obtusos de hasta 135\u00b0.\" \/><figcaption class=\"elementor-image-carousel-caption\">Remate y redondeo en \u00e1ngulos obtusos de hasta 135\u00b0.<\/figcaption><\/figure><\/div><div class=\"swiper-slide\" role=\"group\" aria-roledescription=\"slide\" aria-label=\"4 de 8\"><figure class=\"swiper-slide-inner\"><img decoding=\"async\" class=\"swiper-slide-image\" src=\"https:\/\/c-hessler.de\/wp-content\/uploads\/2015\/04\/P1010042.jpg\" alt=\"Remate y redondeo de \u00e1ngulos agudos de hasta 45\u00b0.\" \/><figcaption class=\"elementor-image-carousel-caption\">Remate y redondeo de \u00e1ngulos agudos de hasta 45\u00b0.<\/figcaption><\/figure><\/div><div class=\"swiper-slide\" role=\"group\" aria-roledescription=\"slide\" aria-label=\"5 de 8\"><figure class=\"swiper-slide-inner\"><img decoding=\"async\" class=\"swiper-slide-image\" src=\"https:\/\/c-hessler.de\/wp-content\/uploads\/2015\/04\/P1010054.jpg\" alt=\"Mecanizado a 90\u00b0 desde abajo, por ejemplo, para eliminar esquinas residuales en \u00e1ngulos obtusos y agudos.\" \/><figcaption class=\"elementor-image-carousel-caption\">Mecanizado a 90\u00b0 desde abajo, por ejemplo, para eliminar esquinas residuales en \u00e1ngulos obtusos y agudos.<\/figcaption><\/figure><\/div><div class=\"swiper-slide\" role=\"group\" aria-roledescription=\"slide\" aria-label=\"6 de 8\"><figure class=\"swiper-slide-inner\"><img decoding=\"async\" class=\"swiper-slide-image\" src=\"https:\/\/c-hessler.de\/wp-content\/uploads\/2015\/04\/P1010071.jpg\" alt=\"Mecanizado a 135\u00b0 con dispositivo de gu\u00eda\" \/><figcaption class=\"elementor-image-carousel-caption\">Mecanizado a 135\u00b0 con dispositivo de gu\u00eda<\/figcaption><\/figure><\/div><div class=\"swiper-slide\" role=\"group\" aria-roledescription=\"slide\" aria-label=\"7 de 8\"><figure class=\"swiper-slide-inner\"><img decoding=\"async\" class=\"swiper-slide-image\" src=\"https:\/\/c-hessler.de\/wp-content\/uploads\/2015\/04\/P1010070.jpg\" alt=\"Colocaci\u00f3n de una pieza peque\u00f1a en el dispositivo de gu\u00eda de la m\u00e1quina estacionaria\" \/><figcaption class=\"elementor-image-carousel-caption\">Colocaci\u00f3n de una pieza peque\u00f1a en el dispositivo de gu\u00eda de la m\u00e1quina estacionaria<\/figcaption><\/figure><\/div><div class=\"swiper-slide\" role=\"group\" aria-roledescription=\"slide\" aria-label=\"8 de 8\"><figure class=\"swiper-slide-inner\"><img decoding=\"async\" class=\"swiper-slide-image\" src=\"https:\/\/c-hessler.de\/wp-content\/uploads\/2015\/04\/P1010051.jpg\" alt=\"Procesamiento longitudinal de bordes, por ejemplo 90\" \/><figcaption class=\"elementor-image-carousel-caption\">Procesamiento longitudinal de bordes, por ejemplo 90<\/figcaption><\/figure><\/div>\t\t\t<\/div>\n\t\t\t\t\t\t\t\t\t\t\t\t<div class=\"elementor-swiper-button elementor-swiper-button-prev\" role=\"button\" tabindex=\"0\">\n\t\t\t\t\t\t<svg aria-hidden=\"true\" class=\"e-font-icon-svg e-eicon-chevron-left\" viewbox=\"0 0 1000 1000\" xmlns=\"http:\/\/www.w3.org\/2000\/svg\"><path d=\"M646 125C629 125 613 133 604 142L308 442C296 454 292 471 292 487 292 504 296 521 308 533L604 854C617 867 629 875 646 875 663 875 679 871 692 858 704 846 713 829 713 812 713 796 708 779 692 767L438 487 692 225C700 217 708 204 708 187 708 171 704 154 692 142 675 129 663 125 646 125Z\"><\/path><\/svg>\t\t\t\t\t<\/div>\n\t\t\t\t\t<div class=\"elementor-swiper-button elementor-swiper-button-next\" role=\"button\" tabindex=\"0\">\n\t\t\t\t\t\t<svg aria-hidden=\"true\" class=\"e-font-icon-svg e-eicon-chevron-right\" viewbox=\"0 0 1000 1000\" xmlns=\"http:\/\/www.w3.org\/2000\/svg\"><path d=\"M696 533C708 521 713 504 713 487 713 471 708 454 696 446L400 146C388 133 375 125 354 125 338 125 325 129 313 142 300 154 292 171 292 187 292 204 296 221 308 233L563 492 304 771C292 783 288 800 288 817 288 833 296 850 308 863 321 871 338 875 354 875 371 875 388 867 400 854L696 533Z\"><\/path><\/svg>\t\t\t\t\t<\/div>\n\t\t\t\t\n\t\t\t\t\t\t\t\t\t<div class=\"swiper-pagination\"><\/div>\n\t\t\t\t\t\t\t\t\t<\/div>\n\t\t\t\t\t\t<\/div>\n\t\t\t\t\t<\/div>\n\t\t\t\t<\/div>\n\t\t\t\t<\/div>","protected":false},"excerpt":{"rendered":"<p>Mobiler Eckenrunder MZ 01 135V Technologiestudie: Der Vater aller Eckenformer Mit diesem Eckenrunder fing die Entwicklung der mobilen Kantenfr\u00e4sen mit F\u00fchrung an. F\u00fcr die Eckenbearbeitung von gro\u00dfen Platten Komplette Formbearbeitung: Kantenende abtrennen, kappen und runden 2 Arbeitsbereiche f\u00fcr schnelles Arbeiten: 90\u00b0 fix, 45\u00b0-135\u00b0 variabel Gebremstes Anlauflager f\u00fcr 90\u00b0-Bereich Stabile Ausf\u00fchrung mit gro\u00dfen Handgriffen Optional mit [&hellip;]<\/p>\n","protected":false},"author":5,"featured_media":0,"parent":0,"menu_order":0,"comment_status":"closed","ping_status":"closed","template":"","meta":{"footnotes":""},"class_list":["post-9072","page","type-page","status-publish","hentry"],"yoast_head":"<!-- This site is optimized with the Yoast SEO Premium plugin v27.0 (Yoast SEO v27.3) - https:\/\/yoast.com\/product\/yoast-seo-premium-wordpress\/ -->\n<title>Mobiler Eckenrunder: Vater aller Eckenformer<\/title>\n<meta name=\"description\" content=\"Diese Kantenfr\u00e4se erm\u00f6glicht die komplette Formbearbeitung: Kantenende abtrennen, kappen und runden. F\u00fcr die Eckenbearbeitung von gro\u00dfen Platten. F\u00fcr kleine Werkst\u00fccke (Eckregalboden) als Standger\u00e4t nutzbar.\" \/>\n<meta name=\"robots\" content=\"index, follow, max-snippet:-1, max-image-preview:large, max-video-preview:-1\" \/>\n<link rel=\"canonical\" href=\"https:\/\/c-hessler.de\/es\/esquinero-mz-01-135v\/\" \/>\n<meta property=\"og:locale\" content=\"es_ES\" \/>\n<meta property=\"og:type\" content=\"article\" \/>\n<meta property=\"og:title\" content=\"Eckenrunder MZ 01 135V\" \/>\n<meta property=\"og:description\" content=\"Diese Kantenfr\u00e4se erm\u00f6glicht die komplette Formbearbeitung: Kantenende abtrennen, kappen und runden. F\u00fcr die Eckenbearbeitung von gro\u00dfen Platten. F\u00fcr kleine Werkst\u00fccke (Eckregalboden) als Standger\u00e4t nutzbar.\" \/>\n<meta property=\"og:url\" content=\"https:\/\/c-hessler.de\/es\/esquinero-mz-01-135v\/\" \/>\n<meta property=\"og:site_name\" content=\"Dr. Christoph He\u00dfler Maschinensysteme\" \/>\n<meta property=\"article:publisher\" content=\"https:\/\/www.facebook.com\/DrChristophHesslerMaschinensysteme\/\" \/>\n<meta property=\"article:modified_time\" content=\"2025-12-11T17:14:58+00:00\" \/>\n<meta property=\"og:image\" content=\"https:\/\/c-hessler.de\/wp-content\/uploads\/2017\/12\/P1010051-573x265.jpg\" \/>\n\t<meta property=\"og:image:width\" content=\"573\" \/>\n\t<meta property=\"og:image:height\" content=\"265\" \/>\n\t<meta property=\"og:image:type\" content=\"image\/jpeg\" \/>\n<meta name=\"twitter:label1\" content=\"Tiempo de lectura\" \/>\n\t<meta name=\"twitter:data1\" content=\"3 minutos\" \/>\n<script type=\"application\/ld+json\" class=\"yoast-schema-graph\">{\"@context\":\"https:\\\/\\\/schema.org\",\"@graph\":[{\"@type\":\"WebPage\",\"@id\":\"https:\\\/\\\/c-hessler.de\\\/eckenformer-mz-01-135v\\\/\",\"url\":\"https:\\\/\\\/c-hessler.de\\\/eckenformer-mz-01-135v\\\/\",\"name\":\"Mobiler Eckenrunder: Vater aller Eckenformer\",\"isPartOf\":{\"@id\":\"https:\\\/\\\/c-hessler.de\\\/#website\"},\"primaryImageOfPage\":{\"@id\":\"https:\\\/\\\/c-hessler.de\\\/eckenformer-mz-01-135v\\\/#primaryimage\"},\"image\":{\"@id\":\"https:\\\/\\\/c-hessler.de\\\/eckenformer-mz-01-135v\\\/#primaryimage\"},\"thumbnailUrl\":\"https:\\\/\\\/c-hessler.de\\\/wp-content\\\/uploads\\\/2017\\\/12\\\/P1010051-573x265.jpg\",\"datePublished\":\"2015-04-27T09:11:46+00:00\",\"dateModified\":\"2025-12-11T17:14:58+00:00\",\"description\":\"Diese Kantenfr\u00e4se erm\u00f6glicht die komplette Formbearbeitung: Kantenende abtrennen, kappen und runden. F\u00fcr die Eckenbearbeitung von gro\u00dfen Platten. F\u00fcr kleine Werkst\u00fccke (Eckregalboden) als Standger\u00e4t nutzbar.\",\"inLanguage\":\"es\",\"potentialAction\":[{\"@type\":\"ReadAction\",\"target\":[\"https:\\\/\\\/c-hessler.de\\\/eckenformer-mz-01-135v\\\/\"]}]},{\"@type\":\"ImageObject\",\"inLanguage\":\"es\",\"@id\":\"https:\\\/\\\/c-hessler.de\\\/eckenformer-mz-01-135v\\\/#primaryimage\",\"url\":\"https:\\\/\\\/c-hessler.de\\\/wp-content\\\/uploads\\\/2017\\\/12\\\/P1010051-573x265.jpg\",\"contentUrl\":\"https:\\\/\\\/c-hessler.de\\\/wp-content\\\/uploads\\\/2017\\\/12\\\/P1010051-573x265.jpg\"},{\"@type\":\"WebSite\",\"@id\":\"https:\\\/\\\/c-hessler.de\\\/#website\",\"url\":\"https:\\\/\\\/c-hessler.de\\\/\",\"name\":\"www.c-hessler.de\",\"description\":\"\",\"publisher\":{\"@id\":\"https:\\\/\\\/c-hessler.de\\\/#organization\"},\"potentialAction\":[{\"@type\":\"SearchAction\",\"target\":{\"@type\":\"EntryPoint\",\"urlTemplate\":\"https:\\\/\\\/c-hessler.de\\\/?s={search_term_string}\"},\"query-input\":{\"@type\":\"PropertyValueSpecification\",\"valueRequired\":true,\"valueName\":\"search_term_string\"}}],\"inLanguage\":\"es\"},{\"@type\":\"Organization\",\"@id\":\"https:\\\/\\\/c-hessler.de\\\/#organization\",\"name\":\"Dr. Christoph He\u00dfler Maschinensysteme\",\"alternateName\":\"Dr. Christoph He\u00dfler Maschinensysteme\",\"url\":\"https:\\\/\\\/c-hessler.de\\\/\",\"logo\":{\"@type\":\"ImageObject\",\"inLanguage\":\"es\",\"@id\":\"https:\\\/\\\/c-hessler.de\\\/#\\\/schema\\\/logo\\\/image\\\/\",\"url\":\"https:\\\/\\\/c-hessler.de\\\/wp-content\\\/uploads\\\/2026\\\/02\\\/Draw-03-150312-110115-Ausgeschnitten-I.jpg\",\"contentUrl\":\"https:\\\/\\\/c-hessler.de\\\/wp-content\\\/uploads\\\/2026\\\/02\\\/Draw-03-150312-110115-Ausgeschnitten-I.jpg\",\"width\":445,\"height\":394,\"caption\":\"Dr. Christoph He\u00dfler Maschinensysteme\"},\"image\":{\"@id\":\"https:\\\/\\\/c-hessler.de\\\/#\\\/schema\\\/logo\\\/image\\\/\"},\"sameAs\":[\"https:\\\/\\\/www.facebook.com\\\/DrChristophHesslerMaschinensysteme\\\/\",\"https:\\\/\\\/www.pinterest.de\\\/hesstools\\\/\",\"https:\\\/\\\/www.youtube.com\\\/channel\\\/UCaNnXDGGF_BiYFQZ2kJgi-A?view_as=subscriber\"],\"description\":\"1. Ecken- und Kantenfr\u00e4sen f\u00fcr Tischler und Schreiner, Sonderanfertigungen 2. Auch f\u00fcr die Nachbearbeitung von Eck-Schwei\u00dfn\u00e4hten bei Aluminium-Werkstoffen, f\u00fcr Fahrzeugbauer oder Metallbauer aller Art\",\"email\":\"christoph.hessler@c-hessler.de\",\"telephone\":\"0527413012080\",\"legalName\":\"Dr. Christoph He\u00dfler Maschinensysteme\",\"foundingDate\":\"2003-06-05\",\"vatID\":\"DE230070107\",\"numberOfEmployees\":{\"@type\":\"QuantitativeValue\",\"minValue\":\"1\",\"maxValue\":\"10\"}}]}<\/script>\n<!-- \/ Yoast SEO Premium plugin. -->","yoast_head_json":{"title":"Esquinera m\u00f3vil: el padre de todas las esquineras","description":"Esta fresadora de cantos permite un fresado completo: corte del extremo del canto, recorte y redondeo. Para el mecanizado de esquinas de paneles grandes. Puede utilizarse como unidad independiente para piezas peque\u00f1as (estante de esquina).","robots":{"index":"index","follow":"follow","max-snippet":"max-snippet:-1","max-image-preview":"max-image-preview:large","max-video-preview":"max-video-preview:-1"},"canonical":"https:\/\/c-hessler.de\/es\/esquinero-mz-01-135v\/","og_locale":"es_ES","og_type":"article","og_title":"Eckenrunder MZ 01 135V","og_description":"Diese Kantenfr\u00e4se erm\u00f6glicht die komplette Formbearbeitung: Kantenende abtrennen, kappen und runden. F\u00fcr die Eckenbearbeitung von gro\u00dfen Platten. F\u00fcr kleine Werkst\u00fccke (Eckregalboden) als Standger\u00e4t nutzbar.","og_url":"https:\/\/c-hessler.de\/es\/esquinero-mz-01-135v\/","og_site_name":"Dr. Christoph He\u00dfler Maschinensysteme","article_publisher":"https:\/\/www.facebook.com\/DrChristophHesslerMaschinensysteme\/","article_modified_time":"2025-12-11T17:14:58+00:00","og_image":[{"width":573,"height":265,"url":"https:\/\/c-hessler.de\/wp-content\/uploads\/2017\/12\/P1010051-573x265.jpg","type":"image\/jpeg"}],"twitter_misc":{"Tiempo de lectura":"3 minutos"},"schema":{"@context":"https:\/\/schema.org","@graph":[{"@type":"WebPage","@id":"https:\/\/c-hessler.de\/eckenformer-mz-01-135v\/","url":"https:\/\/c-hessler.de\/eckenformer-mz-01-135v\/","name":"Esquinera m\u00f3vil: el padre de todas las esquineras","isPartOf":{"@id":"https:\/\/c-hessler.de\/#website"},"primaryImageOfPage":{"@id":"https:\/\/c-hessler.de\/eckenformer-mz-01-135v\/#primaryimage"},"image":{"@id":"https:\/\/c-hessler.de\/eckenformer-mz-01-135v\/#primaryimage"},"thumbnailUrl":"https:\/\/c-hessler.de\/wp-content\/uploads\/2017\/12\/P1010051-573x265.jpg","datePublished":"2015-04-27T09:11:46+00:00","dateModified":"2025-12-11T17:14:58+00:00","description":"Esta fresadora de cantos permite un fresado completo: corte del extremo del canto, recorte y redondeo. Para el mecanizado de esquinas de paneles grandes. Puede utilizarse como unidad independiente para piezas peque\u00f1as (estante de esquina).","inLanguage":"es","potentialAction":[{"@type":"ReadAction","target":["https:\/\/c-hessler.de\/eckenformer-mz-01-135v\/"]}]},{"@type":"ImageObject","inLanguage":"es","@id":"https:\/\/c-hessler.de\/eckenformer-mz-01-135v\/#primaryimage","url":"https:\/\/c-hessler.de\/wp-content\/uploads\/2017\/12\/P1010051-573x265.jpg","contentUrl":"https:\/\/c-hessler.de\/wp-content\/uploads\/2017\/12\/P1010051-573x265.jpg"},{"@type":"WebSite","@id":"https:\/\/c-hessler.de\/#website","url":"https:\/\/c-hessler.de\/","name":"www.c-hessler.de","description":"","publisher":{"@id":"https:\/\/c-hessler.de\/#organization"},"potentialAction":[{"@type":"SearchAction","target":{"@type":"EntryPoint","urlTemplate":"https:\/\/c-hessler.de\/?s={search_term_string}"},"query-input":{"@type":"PropertyValueSpecification","valueRequired":true,"valueName":"search_term_string"}}],"inLanguage":"es"},{"@type":"Organization","@id":"https:\/\/c-hessler.de\/#organization","name":"Dr. Christoph He\u00dfler Sistemas de m\u00e1quinas","alternateName":"Dr. Christoph He\u00dfler Maschinensysteme","url":"https:\/\/c-hessler.de\/","logo":{"@type":"ImageObject","inLanguage":"es","@id":"https:\/\/c-hessler.de\/#\/schema\/logo\/image\/","url":"https:\/\/c-hessler.de\/wp-content\/uploads\/2026\/02\/Draw-03-150312-110115-Ausgeschnitten-I.jpg","contentUrl":"https:\/\/c-hessler.de\/wp-content\/uploads\/2026\/02\/Draw-03-150312-110115-Ausgeschnitten-I.jpg","width":445,"height":394,"caption":"Dr. Christoph He\u00dfler Maschinensysteme"},"image":{"@id":"https:\/\/c-hessler.de\/#\/schema\/logo\/image\/"},"sameAs":["https:\/\/www.facebook.com\/DrChristophHesslerMaschinensysteme\/","https:\/\/www.pinterest.de\/hesstools\/","https:\/\/www.youtube.com\/channel\/UCaNnXDGGF_BiYFQZ2kJgi-A?view_as=subscriber"],"description":"1. Ecken- und Kantenfr\u00e4sen f\u00fcr Tischler und Schreiner, Sonderanfertigungen 2. Auch f\u00fcr die Nachbearbeitung von Eck-Schwei\u00dfn\u00e4hten bei Aluminium-Werkstoffen, f\u00fcr Fahrzeugbauer oder Metallbauer aller Art","email":"christoph.hessler@c-hessler.de","telephone":"0527413012080","legalName":"Dr. Christoph He\u00dfler Maschinensysteme","foundingDate":"2003-06-05","vatID":"DE230070107","numberOfEmployees":{"@type":"QuantitativeValue","minValue":"1","maxValue":"10"}}]}},"_hostinger_reach_plugin_has_subscription_block":false,"_hostinger_reach_plugin_is_elementor":false,"_links":{"self":[{"href":"https:\/\/c-hessler.de\/es\/wp-json\/wp\/v2\/pages\/9072","targetHints":{"allow":["GET"]}}],"collection":[{"href":"https:\/\/c-hessler.de\/es\/wp-json\/wp\/v2\/pages"}],"about":[{"href":"https:\/\/c-hessler.de\/es\/wp-json\/wp\/v2\/types\/page"}],"author":[{"embeddable":true,"href":"https:\/\/c-hessler.de\/es\/wp-json\/wp\/v2\/users\/5"}],"replies":[{"embeddable":true,"href":"https:\/\/c-hessler.de\/es\/wp-json\/wp\/v2\/comments?post=9072"}],"version-history":[{"count":3,"href":"https:\/\/c-hessler.de\/es\/wp-json\/wp\/v2\/pages\/9072\/revisions"}],"predecessor-version":[{"id":208228,"href":"https:\/\/c-hessler.de\/es\/wp-json\/wp\/v2\/pages\/9072\/revisions\/208228"}],"wp:attachment":[{"href":"https:\/\/c-hessler.de\/es\/wp-json\/wp\/v2\/media?parent=9072"}],"curies":[{"name":"wp","href":"https:\/\/api.w.org\/{rel}","templated":true}]}}