{"id":9272,"date":"2015-04-28T17:26:52","date_gmt":"2015-04-28T15:26:52","guid":{"rendered":"http:\/\/\/?page_id=9272"},"modified":"2025-12-09T12:45:49","modified_gmt":"2025-12-09T11:45:49","slug":"oberhaizinger-gmbh","status":"publish","type":"page","link":"https:\/\/c-hessler.de\/es\/referenzen\/oberhaizinger-gmbh\/","title":{"rendered":"Oberhaizinger GmbH"},"content":{"rendered":"<p>[vc_row][vc_column width=&#8220;1\/1&#8243;][ww-shortcode-gap height=&#8220;30&#8243;][\/vc_column][\/vc_row][vc_row full_width=&#8220;&#8220; type=&#8220;ww-custom&#8220; bg_position=&#8220;bottom&#8220; bg_repeat=&#8220;no-repeat&#8220; same_height=&#8220;&#8220; padding_top=&#8220;10&#8243; padding_bottom=&#8220;10&#8243; margin_top=&#8220;0&#8243; margin_bottom_row=&#8220;0&#8243; enable_parallax=&#8220;&#8220; parallax_speed=&#8220;0.1&#8243;][vc_column width=&#8220;2\/3&#8243;][vc_column_text]<\/p>\n<h4>Oberhaizinger GmbH<\/h4>\n<p>Griesstr. 1<br \/>\n84533 Marktl<\/p>\n<p>Tel. 08678\u00a07489-0<br \/>\nFax 08678\u00a07489-18<\/p>\n<p><a href=\"http:\/\/www.oberhaizinger.de\/de\/\">http:\/\/www.oberhaizinger.de\/de\/<\/a><\/p>\n<p>[\/vc_column_text][ww-shortcode-gap height=&#8220;40&#8243;][ww-shortcode-button icon_position=&#8220;left&#8220; colour=&#8220;preset&#8220; type=&#8220;standard&#8220; size=&#8220;large&#8220; target=&#8220;_self&#8220; animate_type=&#8220;none&#8220; icon=&#8220;fa fa-user&#8220; label=&#8220;PERS\u00d6NLICHE BERATUNG&#8220; link=&#8220;https:\/\/c-hessler.de\/anfrage-formular&#8220;][ww-shortcode-gap height=&#8220;15&#8243;][\/vc_column][vc_column width=&#8220;1\/3&#8243; column_align=&#8220;right&#8220;][vc_column_text]<a href=\"https:\/\/c-hessler.de\/wp-content\/uploads\/2015\/04\/Oberhaizinger.jpg\"><img decoding=\"async\" class=\" size-full wp-image-9232 alignright\" src=\"https:\/\/c-hessler.de\/wp-content\/uploads\/2015\/04\/Oberhaizinger.jpg\" alt=\"\" width=\"266\" height=\"133\" \/><\/a>[\/vc_column_text][ww-shortcode-gap height=&#8220;50&#8243;][\/vc_column][\/vc_row][vc_row][vc_column width=&#8220;1\/1&#8243;][vc_column_text]<a href=\"https:\/\/c-hessler.de\/anfrage-formular\">Anrufen und Beraten | Kostenfrei testen | Direkt bestellen | Weitergeben und Teilen | Skypekontakt | Webinaranmeldung | Livevorf\u00fchrung aus Ausstellungsraum<\/a>[\/vc_column_text][\/vc_column][\/vc_row][vc_row full_width=&#8220;&#8220; bg_position=&#8220;top&#8220; bg_repeat=&#8220;no-repeat&#8220; same_height=&#8220;&#8220; padding_top=&#8220;30&#8243; padding_bottom=&#8220;10&#8243; margin_top=&#8220;0&#8243; margin_bottom_row=&#8220;0&#8243; enable_parallax=&#8220;&#8220; parallax_speed=&#8220;0.1&#8243;][vc_column width=&#8220;1\/1&#8243;][ww-shortcode-divider style=&#8220;thin&#8220;][\/vc_column][\/vc_row][vc_row][vc_column width=&#8220;1\/1&#8243;][ww-shortcode-gap height=&#8220;10&#8243;][ww-shortcode-carousel-testimonial rows=&#8220;1&#8243; style=&#8220;style2&#8243; auto_scroll=&#8220;1&#8243; show_nav=&#8220;&#8220; show_paging=&#8220;1&#8243; show_title=&#8220;1&#8243; show_category=&#8220;1&#8243; show_description=&#8220;1&#8243; posts_per_page=&#8220;12&#8243; orderby=&#8220;none&#8220; order=&#8220;none&#8220; title=&#8220;Kundenstimmen&#8220; excerpt_length=&#8220;-1&#8243; width_item=&#8220;800&#8243;][ww-shortcode-gap height=&#8220;10&#8243;][\/vc_column][\/vc_row]<\/p>\n","protected":false},"excerpt":{"rendered":"<p>[vc_row][vc_column width=&#8220;1\/1&#8243;][ww-shortcode-gap height=&#8220;30&#8243;][\/vc_column][\/vc_row][vc_row full_width=&#8220;&#8220; type=&#8220;ww-custom&#8220; bg_position=&#8220;bottom&#8220; bg_repeat=&#8220;no-repeat&#8220; same_height=&#8220;&#8220; padding_top=&#8220;10&#8243; padding_bottom=&#8220;10&#8243; margin_top=&#8220;0&#8243; margin_bottom_row=&#8220;0&#8243; enable_parallax=&#8220;&#8220; parallax_speed=&#8220;0.1&#8243;][vc_column width=&#8220;2\/3&#8243;][vc_column_text] Oberhaizinger GmbH Griesstr. 1 84533 Marktl Tel. 08678\u00a07489-0 Fax 08678\u00a07489-18 http:\/\/www.oberhaizinger.de\/de\/ [\/vc_column_text][ww-shortcode-gap height=&#8220;40&#8243;][ww-shortcode-button icon_position=&#8220;left&#8220; colour=&#8220;preset&#8220; type=&#8220;standard&#8220; size=&#8220;large&#8220; target=&#8220;_self&#8220; animate_type=&#8220;none&#8220; icon=&#8220;fa fa-user&#8220; label=&#8220;PERS\u00d6NLICHE BERATUNG&#8220; link=&#8220;https:\/\/c-hessler.de\/anfrage-formular&#8220;][ww-shortcode-gap height=&#8220;15&#8243;][\/vc_column][vc_column width=&#8220;1\/3&#8243; column_align=&#8220;right&#8220;][vc_column_text][\/vc_column_text][ww-shortcode-gap height=&#8220;50&#8243;][\/vc_column][\/vc_row][vc_row][vc_column width=&#8220;1\/1&#8243;][vc_column_text]Anrufen und Beraten | Kostenfrei testen | Direkt bestellen | Weitergeben und [&hellip;]<\/p>\n","protected":false},"author":5,"featured_media":0,"parent":9218,"menu_order":0,"comment_status":"closed","ping_status":"closed","template":"","meta":{"footnotes":""},"class_list":["post-9272","page","type-page","status-publish","hentry"],"yoast_head":"<!-- This site is optimized with the Yoast SEO Premium plugin v27.0 (Yoast SEO v27.4) - https:\/\/yoast.com\/product\/yoast-seo-premium-wordpress\/ -->\n<title>Oberhaizinger GmbH<\/title>\n<meta name=\"robots\" content=\"index, follow, max-snippet:-1, max-image-preview:large, max-video-preview:-1\" \/>\n<link rel=\"canonical\" href=\"https:\/\/c-hessler.de\/es\/referencias\/oberhaizinger-gmbh\/\" \/>\n<meta property=\"og:locale\" content=\"es_ES\" \/>\n<meta property=\"og:type\" content=\"article\" \/>\n<meta property=\"og:title\" content=\"Oberhaizinger GmbH\" \/>\n<meta property=\"og:description\" content=\"[vc_row][vc_column width=&#8220;1\/1&#8243;][ww-shortcode-gap height=&#8220;30&#8243;][\/vc_column][\/vc_row][vc_row full_width=&#8220;&#8220; type=&#8220;ww-custom&#8220; bg_position=&#8220;bottom&#8220; bg_repeat=&#8220;no-repeat&#8220; same_height=&#8220;&#8220; padding_top=&#8220;10&#8243; padding_bottom=&#8220;10&#8243; margin_top=&#8220;0&#8243; margin_bottom_row=&#8220;0&#8243; enable_parallax=&#8220;&#8220; parallax_speed=&#8220;0.1&#8243;][vc_column width=&#8220;2\/3&#8243;][vc_column_text] Oberhaizinger GmbH Griesstr. 1 84533 Marktl Tel. 08678\u00a07489-0 Fax 08678\u00a07489-18 http:\/\/www.oberhaizinger.de\/de\/ [\/vc_column_text][ww-shortcode-gap height=&#8220;40&#8243;][ww-shortcode-button icon_position=&#8220;left&#8220; colour=&#8220;preset&#8220; type=&#8220;standard&#8220; size=&#8220;large&#8220; target=&#8220;_self&#8220; animate_type=&#8220;none&#8220; icon=&#8220;fa fa-user&#8220; label=&#8220;PERS\u00d6NLICHE BERATUNG&#8220; link=&#8220;https:\/\/c-hessler.de\/anfrage-formular&#8220;][ww-shortcode-gap height=&#8220;15&#8243;][\/vc_column][vc_column width=&#8220;1\/3&#8243; column_align=&#8220;right&#8220;][vc_column_text][\/vc_column_text][ww-shortcode-gap height=&#8220;50&#8243;][\/vc_column][\/vc_row][vc_row][vc_column width=&#8220;1\/1&#8243;][vc_column_text]Anrufen und Beraten | Kostenfrei testen | Direkt bestellen | Weitergeben und [&hellip;]\" \/>\n<meta property=\"og:url\" content=\"https:\/\/c-hessler.de\/es\/referencias\/oberhaizinger-gmbh\/\" \/>\n<meta property=\"og:site_name\" content=\"Dr. Christoph He\u00dfler Maschinensysteme\" \/>\n<meta property=\"article:publisher\" content=\"https:\/\/www.facebook.com\/DrChristophHesslerMaschinensysteme\/\" \/>\n<meta property=\"article:modified_time\" content=\"2025-12-09T11:45:49+00:00\" \/>\n<meta property=\"og:image\" content=\"https:\/\/c-hessler.de\/wp-content\/uploads\/2015\/04\/Oberhaizinger.jpg\" \/>\n\t<meta property=\"og:image:width\" content=\"266\" \/>\n\t<meta property=\"og:image:height\" content=\"133\" \/>\n\t<meta property=\"og:image:type\" content=\"image\/jpeg\" \/>\n<meta name=\"twitter:label1\" content=\"Tiempo de lectura\" \/>\n\t<meta name=\"twitter:data1\" content=\"1 minuto\" \/>\n<script type=\"application\/ld+json\" class=\"yoast-schema-graph\">{\"@context\":\"https:\\\/\\\/schema.org\",\"@graph\":[{\"@type\":\"WebPage\",\"@id\":\"https:\\\/\\\/c-hessler.de\\\/referenzen\\\/oberhaizinger-gmbh\\\/\",\"url\":\"https:\\\/\\\/c-hessler.de\\\/referenzen\\\/oberhaizinger-gmbh\\\/\",\"name\":\"Oberhaizinger GmbH\",\"isPartOf\":{\"@id\":\"https:\\\/\\\/c-hessler.de\\\/#website\"},\"primaryImageOfPage\":{\"@id\":\"https:\\\/\\\/c-hessler.de\\\/referenzen\\\/oberhaizinger-gmbh\\\/#primaryimage\"},\"image\":{\"@id\":\"https:\\\/\\\/c-hessler.de\\\/referenzen\\\/oberhaizinger-gmbh\\\/#primaryimage\"},\"thumbnailUrl\":\"https:\\\/\\\/c-hessler.de\\\/wp-content\\\/uploads\\\/2015\\\/04\\\/Oberhaizinger.jpg\",\"datePublished\":\"2015-04-28T15:26:52+00:00\",\"dateModified\":\"2025-12-09T11:45:49+00:00\",\"breadcrumb\":{\"@id\":\"https:\\\/\\\/c-hessler.de\\\/referenzen\\\/oberhaizinger-gmbh\\\/#breadcrumb\"},\"inLanguage\":\"es\",\"potentialAction\":[{\"@type\":\"ReadAction\",\"target\":[\"https:\\\/\\\/c-hessler.de\\\/referenzen\\\/oberhaizinger-gmbh\\\/\"]}]},{\"@type\":\"ImageObject\",\"inLanguage\":\"es\",\"@id\":\"https:\\\/\\\/c-hessler.de\\\/referenzen\\\/oberhaizinger-gmbh\\\/#primaryimage\",\"url\":\"https:\\\/\\\/c-hessler.de\\\/wp-content\\\/uploads\\\/2015\\\/04\\\/Oberhaizinger.jpg\",\"contentUrl\":\"https:\\\/\\\/c-hessler.de\\\/wp-content\\\/uploads\\\/2015\\\/04\\\/Oberhaizinger.jpg\"},{\"@type\":\"BreadcrumbList\",\"@id\":\"https:\\\/\\\/c-hessler.de\\\/referenzen\\\/oberhaizinger-gmbh\\\/#breadcrumb\",\"itemListElement\":[{\"@type\":\"ListItem\",\"position\":1,\"name\":\"Referenzen\",\"item\":\"https:\\\/\\\/c-hessler.de\\\/referenzen\\\/\"},{\"@type\":\"ListItem\",\"position\":2,\"name\":\"Oberhaizinger GmbH\"}]},{\"@type\":\"WebSite\",\"@id\":\"https:\\\/\\\/c-hessler.de\\\/#website\",\"url\":\"https:\\\/\\\/c-hessler.de\\\/\",\"name\":\"www.c-hessler.de\",\"description\":\"\",\"publisher\":{\"@id\":\"https:\\\/\\\/c-hessler.de\\\/#organization\"},\"potentialAction\":[{\"@type\":\"SearchAction\",\"target\":{\"@type\":\"EntryPoint\",\"urlTemplate\":\"https:\\\/\\\/c-hessler.de\\\/?s={search_term_string}\"},\"query-input\":{\"@type\":\"PropertyValueSpecification\",\"valueRequired\":true,\"valueName\":\"search_term_string\"}}],\"inLanguage\":\"es\"},{\"@type\":\"Organization\",\"@id\":\"https:\\\/\\\/c-hessler.de\\\/#organization\",\"name\":\"Dr. Christoph He\u00dfler Maschinensysteme\",\"alternateName\":\"Dr. Christoph He\u00dfler Maschinensysteme\",\"url\":\"https:\\\/\\\/c-hessler.de\\\/\",\"logo\":{\"@type\":\"ImageObject\",\"inLanguage\":\"es\",\"@id\":\"https:\\\/\\\/c-hessler.de\\\/#\\\/schema\\\/logo\\\/image\\\/\",\"url\":\"https:\\\/\\\/c-hessler.de\\\/wp-content\\\/uploads\\\/2026\\\/02\\\/Draw-03-150312-110115-Ausgeschnitten-I.jpg\",\"contentUrl\":\"https:\\\/\\\/c-hessler.de\\\/wp-content\\\/uploads\\\/2026\\\/02\\\/Draw-03-150312-110115-Ausgeschnitten-I.jpg\",\"width\":445,\"height\":394,\"caption\":\"Dr. Christoph He\u00dfler Maschinensysteme\"},\"image\":{\"@id\":\"https:\\\/\\\/c-hessler.de\\\/#\\\/schema\\\/logo\\\/image\\\/\"},\"sameAs\":[\"https:\\\/\\\/www.facebook.com\\\/DrChristophHesslerMaschinensysteme\\\/\",\"https:\\\/\\\/www.pinterest.de\\\/hesstools\\\/\",\"https:\\\/\\\/www.youtube.com\\\/channel\\\/UCaNnXDGGF_BiYFQZ2kJgi-A?view_as=subscriber\"],\"description\":\"1. Ecken- und Kantenfr\u00e4sen f\u00fcr Tischler und Schreiner, Sonderanfertigungen 2. Auch f\u00fcr die Nachbearbeitung von Eck-Schwei\u00dfn\u00e4hten bei Aluminium-Werkstoffen, f\u00fcr Fahrzeugbauer oder Metallbauer aller Art\",\"email\":\"christoph.hessler@c-hessler.de\",\"telephone\":\"0527413012080\",\"legalName\":\"Dr. Christoph He\u00dfler Maschinensysteme\",\"foundingDate\":\"2003-06-05\",\"vatID\":\"DE230070107\",\"numberOfEmployees\":{\"@type\":\"QuantitativeValue\",\"minValue\":\"1\",\"maxValue\":\"10\"}}]}<\/script>\n<!-- \/ Yoast SEO Premium plugin. -->","yoast_head_json":{"title":"Oberhaizinger GmbH","robots":{"index":"index","follow":"follow","max-snippet":"max-snippet:-1","max-image-preview":"max-image-preview:large","max-video-preview":"max-video-preview:-1"},"canonical":"https:\/\/c-hessler.de\/es\/referencias\/oberhaizinger-gmbh\/","og_locale":"es_ES","og_type":"article","og_title":"Oberhaizinger GmbH","og_description":"[vc_row][vc_column width=&#8220;1\/1&#8243;][ww-shortcode-gap height=&#8220;30&#8243;][\/vc_column][\/vc_row][vc_row full_width=&#8220;&#8220; type=&#8220;ww-custom&#8220; bg_position=&#8220;bottom&#8220; bg_repeat=&#8220;no-repeat&#8220; same_height=&#8220;&#8220; padding_top=&#8220;10&#8243; padding_bottom=&#8220;10&#8243; margin_top=&#8220;0&#8243; margin_bottom_row=&#8220;0&#8243; enable_parallax=&#8220;&#8220; parallax_speed=&#8220;0.1&#8243;][vc_column width=&#8220;2\/3&#8243;][vc_column_text] Oberhaizinger GmbH Griesstr. 1 84533 Marktl Tel. 08678\u00a07489-0 Fax 08678\u00a07489-18 http:\/\/www.oberhaizinger.de\/de\/ [\/vc_column_text][ww-shortcode-gap height=&#8220;40&#8243;][ww-shortcode-button icon_position=&#8220;left&#8220; colour=&#8220;preset&#8220; type=&#8220;standard&#8220; size=&#8220;large&#8220; target=&#8220;_self&#8220; animate_type=&#8220;none&#8220; icon=&#8220;fa fa-user&#8220; label=&#8220;PERS\u00d6NLICHE BERATUNG&#8220; link=&#8220;https:\/\/c-hessler.de\/anfrage-formular&#8220;][ww-shortcode-gap height=&#8220;15&#8243;][\/vc_column][vc_column width=&#8220;1\/3&#8243; column_align=&#8220;right&#8220;][vc_column_text][\/vc_column_text][ww-shortcode-gap height=&#8220;50&#8243;][\/vc_column][\/vc_row][vc_row][vc_column width=&#8220;1\/1&#8243;][vc_column_text]Anrufen und Beraten | Kostenfrei testen | Direkt bestellen | Weitergeben und [&hellip;]","og_url":"https:\/\/c-hessler.de\/es\/referencias\/oberhaizinger-gmbh\/","og_site_name":"Dr. Christoph He\u00dfler Maschinensysteme","article_publisher":"https:\/\/www.facebook.com\/DrChristophHesslerMaschinensysteme\/","article_modified_time":"2025-12-09T11:45:49+00:00","og_image":[{"width":266,"height":133,"url":"https:\/\/c-hessler.de\/wp-content\/uploads\/2015\/04\/Oberhaizinger.jpg","type":"image\/jpeg"}],"twitter_misc":{"Tiempo de lectura":"1 minuto"},"schema":{"@context":"https:\/\/schema.org","@graph":[{"@type":"WebPage","@id":"https:\/\/c-hessler.de\/referenzen\/oberhaizinger-gmbh\/","url":"https:\/\/c-hessler.de\/referenzen\/oberhaizinger-gmbh\/","name":"Oberhaizinger GmbH","isPartOf":{"@id":"https:\/\/c-hessler.de\/#website"},"primaryImageOfPage":{"@id":"https:\/\/c-hessler.de\/referenzen\/oberhaizinger-gmbh\/#primaryimage"},"image":{"@id":"https:\/\/c-hessler.de\/referenzen\/oberhaizinger-gmbh\/#primaryimage"},"thumbnailUrl":"https:\/\/c-hessler.de\/wp-content\/uploads\/2015\/04\/Oberhaizinger.jpg","datePublished":"2015-04-28T15:26:52+00:00","dateModified":"2025-12-09T11:45:49+00:00","breadcrumb":{"@id":"https:\/\/c-hessler.de\/referenzen\/oberhaizinger-gmbh\/#breadcrumb"},"inLanguage":"es","potentialAction":[{"@type":"ReadAction","target":["https:\/\/c-hessler.de\/referenzen\/oberhaizinger-gmbh\/"]}]},{"@type":"ImageObject","inLanguage":"es","@id":"https:\/\/c-hessler.de\/referenzen\/oberhaizinger-gmbh\/#primaryimage","url":"https:\/\/c-hessler.de\/wp-content\/uploads\/2015\/04\/Oberhaizinger.jpg","contentUrl":"https:\/\/c-hessler.de\/wp-content\/uploads\/2015\/04\/Oberhaizinger.jpg"},{"@type":"BreadcrumbList","@id":"https:\/\/c-hessler.de\/referenzen\/oberhaizinger-gmbh\/#breadcrumb","itemListElement":[{"@type":"ListItem","position":1,"name":"Referenzen","item":"https:\/\/c-hessler.de\/referenzen\/"},{"@type":"ListItem","position":2,"name":"Oberhaizinger GmbH"}]},{"@type":"WebSite","@id":"https:\/\/c-hessler.de\/#website","url":"https:\/\/c-hessler.de\/","name":"www.c-hessler.de","description":"","publisher":{"@id":"https:\/\/c-hessler.de\/#organization"},"potentialAction":[{"@type":"SearchAction","target":{"@type":"EntryPoint","urlTemplate":"https:\/\/c-hessler.de\/?s={search_term_string}"},"query-input":{"@type":"PropertyValueSpecification","valueRequired":true,"valueName":"search_term_string"}}],"inLanguage":"es"},{"@type":"Organization","@id":"https:\/\/c-hessler.de\/#organization","name":"Dr. Christoph He\u00dfler Sistemas de m\u00e1quinas","alternateName":"Dr. Christoph He\u00dfler Maschinensysteme","url":"https:\/\/c-hessler.de\/","logo":{"@type":"ImageObject","inLanguage":"es","@id":"https:\/\/c-hessler.de\/#\/schema\/logo\/image\/","url":"https:\/\/c-hessler.de\/wp-content\/uploads\/2026\/02\/Draw-03-150312-110115-Ausgeschnitten-I.jpg","contentUrl":"https:\/\/c-hessler.de\/wp-content\/uploads\/2026\/02\/Draw-03-150312-110115-Ausgeschnitten-I.jpg","width":445,"height":394,"caption":"Dr. Christoph He\u00dfler Maschinensysteme"},"image":{"@id":"https:\/\/c-hessler.de\/#\/schema\/logo\/image\/"},"sameAs":["https:\/\/www.facebook.com\/DrChristophHesslerMaschinensysteme\/","https:\/\/www.pinterest.de\/hesstools\/","https:\/\/www.youtube.com\/channel\/UCaNnXDGGF_BiYFQZ2kJgi-A?view_as=subscriber"],"description":"1. Ecken- und Kantenfr\u00e4sen f\u00fcr Tischler und Schreiner, Sonderanfertigungen 2. Auch f\u00fcr die Nachbearbeitung von Eck-Schwei\u00dfn\u00e4hten bei Aluminium-Werkstoffen, f\u00fcr Fahrzeugbauer oder Metallbauer aller Art","email":"christoph.hessler@c-hessler.de","telephone":"0527413012080","legalName":"Dr. Christoph He\u00dfler Maschinensysteme","foundingDate":"2003-06-05","vatID":"DE230070107","numberOfEmployees":{"@type":"QuantitativeValue","minValue":"1","maxValue":"10"}}]}},"_hostinger_reach_plugin_has_subscription_block":false,"_hostinger_reach_plugin_is_elementor":false,"_links":{"self":[{"href":"https:\/\/c-hessler.de\/es\/wp-json\/wp\/v2\/pages\/9272","targetHints":{"allow":["GET"]}}],"collection":[{"href":"https:\/\/c-hessler.de\/es\/wp-json\/wp\/v2\/pages"}],"about":[{"href":"https:\/\/c-hessler.de\/es\/wp-json\/wp\/v2\/types\/page"}],"author":[{"embeddable":true,"href":"https:\/\/c-hessler.de\/es\/wp-json\/wp\/v2\/users\/5"}],"replies":[{"embeddable":true,"href":"https:\/\/c-hessler.de\/es\/wp-json\/wp\/v2\/comments?post=9272"}],"version-history":[{"count":0,"href":"https:\/\/c-hessler.de\/es\/wp-json\/wp\/v2\/pages\/9272\/revisions"}],"up":[{"embeddable":true,"href":"https:\/\/c-hessler.de\/es\/wp-json\/wp\/v2\/pages\/9218"}],"wp:attachment":[{"href":"https:\/\/c-hessler.de\/es\/wp-json\/wp\/v2\/media?parent=9272"}],"curies":[{"name":"wp","href":"https:\/\/api.w.org\/{rel}","templated":true}]}}