{"id":9797,"date":"2015-05-09T16:16:40","date_gmt":"2015-05-09T14:16:40","guid":{"rendered":"https:\/\/c-hessler.de\/?page_id=9797"},"modified":"2025-12-17T07:45:50","modified_gmt":"2025-12-17T06:45:50","slug":"agb","status":"publish","type":"page","link":"https:\/\/c-hessler.de\/es\/agb\/","title":{"rendered":"GTC"},"content":{"rendered":"<div data-elementor-type=\"wp-page\" data-elementor-id=\"9797\" class=\"elementor elementor-9797\" data-elementor-settings=\"{&quot;ha_cmc_init_switcher&quot;:&quot;no&quot;}\" data-elementor-post-type=\"page\">\n\t\t\t\t<div class=\"elementor-element elementor-element-7ea7c975 e-flex e-con-boxed e-con e-parent\" data-id=\"7ea7c975\" data-element_type=\"container\" data-e-type=\"container\" data-settings=\"{&quot;_ha_eqh_enable&quot;:false}\">\n\t\t\t\t\t<div class=\"e-con-inner\">\n\t\t\t\t<div class=\"elementor-element elementor-element-3c11f55c elementor-widget elementor-widget-text-editor\" data-id=\"3c11f55c\" data-element_type=\"widget\" data-e-type=\"widget\" data-widget_type=\"text-editor.default\">\n\t\t\t\t\t\t\t\t\t<h1>Condiciones generales<\/h1><p><a href=\"http:\/\/www.deutscheanwaltshotline.de\/recht-auf-ihrer-website\/agb-generator\"> Creaci\u00f3n de AGB<\/a> a trav\u00e9s del generador de Deutsche Anwaltshotline AG<\/p><h2>Socio contractual<\/h2><p>Sobre la base de las presentes Condiciones Generales de Contrataci\u00f3n (CGC), se celebra un contrato entre el cliente y<br \/>Dr. Christoph He\u00dfler Sistemas de m\u00e1quinas<br \/>Representado por Christoph He\u00dfler<br \/>Direcci\u00f3n: An der Ronceva 5 32312 L\u00fcbbecke<\/p><p>N\u00famero de identificaci\u00f3n fiscal: DE230070107,<\/p><p>en lo sucesivo denominado \"el proveedor\", se celebra el contrato.<\/p><h2>Objeto del contrato<\/h2><p>Este contrato regula la venta de bienes nuevos del \u00e1rea(s) de m\u00e1quinas y equipos, principalmente para el comercio de carpinter\u00eda y ebanister\u00eda, en particular para el mecanizado de cantos y esquinas, a trav\u00e9s de la tienda online del proveedor. Para m\u00e1s detalles sobre la oferta correspondiente, consulte la descripci\u00f3n del producto en la p\u00e1gina de la oferta.<\/p><h2>Celebraci\u00f3n del contrato<\/h2><p>El contrato se celebra en transacciones comerciales electr\u00f3nicas a trav\u00e9s del sistema de la tienda o por otros medios de comunicaci\u00f3n a distancia, como el tel\u00e9fono y el correo electr\u00f3nico. Las ofertas presentadas representan una invitaci\u00f3n no vinculante a presentar una oferta a trav\u00e9s del pedido del cliente, que el proveedor puede aceptar.<br \/>El proceso de pedido comprende los siguientes pasos en el sistema de la tienda:<\/p><ul><li>Selecci\u00f3n de la oferta en la especificaci\u00f3n deseada (cantidad)<\/li><li>A\u00f1adir la oferta a la cesta de la compra<\/li><li>Haga clic en el bot\u00f3n \"pedir<\/li><li>Introduzca la direcci\u00f3n de facturaci\u00f3n y entrega<\/li><li>Selecci\u00f3n de zona de entrega y forma de pago<\/li><li>Comprobaci\u00f3n y procesamiento del pedido y de todas las entradas permanentemente posibles<\/li><li>Confirme los t\u00e9rminos y condiciones y pulse el bot\u00f3n \"pedir a comisi\u00f3n\".<\/li><li>Correo electr\u00f3nico de confirmaci\u00f3n de la recepci\u00f3n del pedido<\/li><\/ul><p>Adem\u00e1s del sistema de tienda, los pedidos tambi\u00e9n pueden realizarse mediante comunicaci\u00f3n a distancia (tel\u00e9fono\/correo electr\u00f3nico), por lo que el proceso de pedido para la celebraci\u00f3n del contrato incluye los siguientes pasos:<\/p><ul><li>Llame \/ env\u00ede un correo electr\u00f3nico de pedido directamente o despu\u00e9s de la prueba<\/li><li>Confirmaci\u00f3n del pedido<\/li><\/ul><p>El contrato s\u00f3lo se perfecciona cuando el proveedor env\u00eda una confirmaci\u00f3n de pedido. La confirmaci\u00f3n del pedido generada y enviada autom\u00e1ticamente no constituye una declaraci\u00f3n jur\u00eddicamente vinculante. El contrato tambi\u00e9n se perfecciona con el env\u00edo de la mercanc\u00eda o la prestaci\u00f3n del servicio.<\/p><h2>Duraci\u00f3n del contrato<\/h2><p>El contrato se celebra por tiempo indefinido.<\/p><h2>Conservaci\u00f3n del t\u00edtulo<\/h2><p>Los bienes entregados seguir\u00e1n siendo propiedad del proveedor hasta que se haya efectuado el pago completo.<\/p><h2>Reservas<\/h2><p>El proveedor se reserva el derecho a no prestar el servicio prometido si no est\u00e1 disponible.<\/p><h2>Precios, gastos de env\u00edo, gastos de devoluci\u00f3n<\/h2><p>Todos los precios son netos. Los productos de la tienda tambi\u00e9n est\u00e1n etiquetados con precios netos. El IVA legal se muestra durante la tramitaci\u00f3n del pedido. Los precios finales de la tramitaci\u00f3n del pedido incluyen el IVA legal. Adem\u00e1s de los precios finales, se generan otros costes en funci\u00f3n del m\u00e9todo de env\u00edo, que se muestran antes de enviar el pedido. Si existe un derecho de cancelaci\u00f3n y se ejerce, el cliente correr\u00e1 con los gastos del env\u00edo de devoluci\u00f3n.<\/p><h2>Condiciones de pago<\/h2><p>El cliente s\u00f3lo dispone de las siguientes opciones de pago: transferencia bancaria anticipada, factura. No se ofrecen otros m\u00e9todos de pago, que ser\u00e1n rechazados.<\/p><p>Pago por adelantado: El importe de la factura debe transferirse por adelantado a la cuenta especificada en la factura, que contiene todos los datos para la transferencia bancaria y se env\u00eda por correo electr\u00f3nico.<\/p><p>Factura: El importe de la factura debe transferirse a la cuenta especificada en la factura, que contiene todos los detalles para la transferencia y se env\u00eda con la entrega. El cliente est\u00e1 obligado a pagar o transferir el importe indicado a la cuenta especificada en la factura en un plazo de 10 d\u00edas a partir de la recepci\u00f3n de la factura. El pago se efectuar\u00e1 sin deducci\u00f3n de la fecha de la factura. Si la fecha de vencimiento del pago se determina seg\u00fan el calendario, el cliente incurrir\u00e1 en mora en cuanto se incumpla la fecha de vencimiento. El cliente no tendr\u00e1 ning\u00fan derecho de retenci\u00f3n que no se base en la misma relaci\u00f3n contractual. Queda excluida la compensaci\u00f3n con los cr\u00e9ditos del cliente, a menos que \u00e9stos sean indiscutibles o se hayan establecido legalmente.<\/p><h2>Condiciones de entrega<\/h2><p>Las mercanc\u00edas se enviar\u00e1n de acuerdo con la fecha de entrega indicada en la confirmaci\u00f3n del pedido tras la recepci\u00f3n confirmada del pago. En la fecha de entrega y tras la recepci\u00f3n confirmada del pago, el env\u00edo tendr\u00e1 lugar, por t\u00e9rmino medio, a m\u00e1s tardar 3 d\u00edas laborables despu\u00e9s de la recepci\u00f3n del pago. El empresario se compromete a realizar la entrega de acuerdo con la fecha de entrega indicada en la confirmaci\u00f3n del pedido. Si el proveedor no despacha directamente, el pedido ser\u00e1 enviado por el proveedor o fabricante en cuanto la totalidad del pedido est\u00e9 en stock. Si el proveedor no es responsable de un obst\u00e1culo permanente a la entrega, en particular fuerza mayor o falta de entrega por parte de sus propios proveedores, aunque se haya realizado a tiempo la correspondiente operaci\u00f3n de cobertura, el proveedor tendr\u00e1 derecho a rescindir el contrato con el cliente a este respecto. Se informar\u00e1 inmediatamente al cliente y se reembolsar\u00e1n las prestaciones recibidas, en particular los pagos.<\/p><h2>Garant\u00eda<\/h2><p>Los consumidores tienen derecho a un derecho legal de responsabilidad por defectos para los servicios ofrecidos de conformidad con las disposiciones pertinentes del C\u00f3digo Civil alem\u00e1n (BGB). En caso contrario, la garant\u00eda se regir\u00e1 por las disposiciones pertinentes de las Condiciones Generales de Contrataci\u00f3n (CGC). Si el cliente es un empresario, el periodo de garant\u00eda para bienes nuevos se limita a un a\u00f1o para un periodo de uso t\u00edpico para artesanos. Se concede al proveedor el derecho a elegir entre la reparaci\u00f3n o la sustituci\u00f3n en caso de cumplimiento posterior si la mercanc\u00eda es nueva y el cliente es un empresario. Si el cliente es un empresario, la garant\u00eda queda excluida para los bienes usados. Si el cliente es un consumidor, el periodo de garant\u00eda de los bienes usados se limita a un a\u00f1o. Esto no se aplica a las reclamaciones de da\u00f1os y perjuicios por parte del cliente debido a lesiones a la vida, la integridad f\u00edsica, la salud o las obligaciones contractuales esenciales que deben cumplirse necesariamente para lograr el objetivo contractual. Tampoco se aplicar\u00e1 a las reclamaciones por da\u00f1os y perjuicios debidas a un incumplimiento de obligaciones por negligencia grave o dolo por parte del proveedor o de su representante legal o auxiliar ejecutivo. Por lo dem\u00e1s, se aplicar\u00e1n las disposiciones legales.<\/p><h2>Dise\u00f1o del contrato<\/h2><p>Si el cliente es un empresario, el riesgo de p\u00e9rdida accidental y\/o deterioro accidental de la mercanc\u00eda se transmitir\u00e1 al cliente en el momento de la entrega o, en caso de env\u00edo, en el momento de la entrega de la mercanc\u00eda al proveedor de servicios seleccionado. El cliente no tiene posibilidad de acceder directamente al texto del contrato de tienda almacenado. El cliente puede corregir errores de introducci\u00f3n de datos durante el proceso de pedido. Puede hacerlo de la siguiente manera Bot\u00f3n Atr\u00e1s del navegador.<\/p><h2>Derecho de cancelaci\u00f3n y servicio de atenci\u00f3n al cliente<\/h2><p><b>Pol\u00edtica de anulaci\u00f3n<\/b><\/p><p>Tiene derecho a rescindir este contrato en un plazo de catorce d\u00edas sin necesidad de justificaci\u00f3n.<\/p><p>El plazo de cancelaci\u00f3n es de catorce d\u00edas a partir de la fecha,<\/p><ul><li style=\"list-style-type: none;\"><ul><li>En el caso de un contrato de compraventa: en el que usted o un tercero nombrado por usted, que no sea el transportista, ha tomado posesi\u00f3n de la \u00faltima mercanc\u00eda.<\/li><li>En el caso de un contrato sobre varios bienes que el consumidor haya pedido como parte de un \u00fanico pedido y que se entreguen por separado: en el que usted o un tercero nombrado por usted, que no sea el transportista, haya tomado posesi\u00f3n de los \u00faltimos bienes.<\/li><li>En el caso de un contrato para la entrega de mercanc\u00edas en varios env\u00edos parciales o piezas: en el que usted o un tercero nombrado por usted, que no sea el transportista, haya tomado posesi\u00f3n del \u00faltimo env\u00edo parcial o de la \u00faltima pieza.<\/li><li>En el caso de un contrato de entrega peri\u00f3dica de mercanc\u00edas durante un per\u00edodo de tiempo determinado: en el momento en que usted o un tercero nombrado por usted, que no sea el transportista, haya tomado posesi\u00f3n de las primeras mercanc\u00edas.<\/li><\/ul><\/li><\/ul><p>Si coinciden varias alternativas, el \u00faltimo punto en el tiempo es decisivo.<\/p><p>Para ejercer el derecho de desistimiento, deber\u00e1 informarnos (Dr. Christoph He\u00dfler Maschinensysteme, Christoph He\u00dfler, An der Ronceva 5 32312 L\u00fcbbecke +49 (0)5741 3012080 christoph.hessler@c-hessler.de) de su decisi\u00f3n de desistir del presente contrato mediante una declaraci\u00f3n clara (por ejemplo, una carta enviada por correo postal, fax o correo electr\u00f3nico). Puede utilizar el modelo de formulario de cancelaci\u00f3n adjunto, pero no es obligatorio.<\/p><p>Para cumplir el plazo de cancelaci\u00f3n, basta con que env\u00ede su notificaci\u00f3n de ejercicio del derecho de cancelaci\u00f3n antes de que expire el plazo de cancelaci\u00f3n.<\/p><p>Consecuencias de la anulaci\u00f3n<\/p><p>Si desiste del presente contrato, le reembolsaremos todos los pagos que hayamos recibido de usted, incluidos los gastos de entrega (con excepci\u00f3n de los gastos suplementarios resultantes de la elecci\u00f3n por su parte de un tipo de entrega distinto del tipo menos costoso de entrega ordinaria que ofrezcamos), sin ninguna demora indebida y, en cualquier caso, a m\u00e1s tardar 14 d\u00edas a partir del d\u00eda en que se nos informe de su decisi\u00f3n de desistir del presente contrato. Para este reembolso, utilizaremos el mismo medio de pago que usted utiliz\u00f3 para la transacci\u00f3n original, salvo que se haya acordado expresamente otra cosa con usted; en ning\u00fan caso se le cobrar\u00e1n comisiones por este reembolso. Podremos retener el reembolso hasta que hayamos recibido los bienes de vuelta o hasta que usted haya presentado una prueba de que ha devuelto los bienes, seg\u00fan qu\u00e9 condici\u00f3n se cumpla primero.<\/p><p>Deber\u00e1 devolver o entregar la mercanc\u00eda a Dr. Christoph He\u00dfler Maschinensysteme, Christoph He\u00dfler, An der Ronceva 5 32312 L\u00fcbbecke +49 (0)5741 3012080 christoph.hessler@c-hessler.de inmediatamente y, en cualquier caso, en el plazo m\u00e1ximo de catorce d\u00edas a partir del d\u00eda en que nos comunique la rescisi\u00f3n del presente contrato. El plazo se cumple si usted env\u00eda la mercanc\u00eda antes de que haya transcurrido el plazo de catorce d\u00edas.<\/p><p>Usted corre con los gastos directos de devoluci\u00f3n de la mercanc\u00eda.<\/p><p>S\u00f3lo tiene que pagar por la p\u00e9rdida de valor de los bienes si dicha p\u00e9rdida de valor se debe a una manipulaci\u00f3n de los bienes que no sea necesaria para comprobar su estado, propiedades y funcionalidad.<\/p><p>Si la mercanc\u00eda ha sufrido da\u00f1os o se ha reducido su valor en este sentido, el cliente correr\u00e1 con los gastos de la reparaci\u00f3n y con cualquier p\u00e9rdida de valor a pesar de la reparaci\u00f3n.<\/p><p>Fin de la pol\u00edtica de anulaci\u00f3n<\/p><p>Puede ponerse en contacto con nuestro servicio de atenci\u00f3n al cliente en los siguientes horarios Dr. Christoph He\u00dfler Maschinensysteme, Christoph He\u00dfler, An der Ronceva 5, 32312 L\u00fcbbecke +49 (0)5741 3012080 christoph.hessler@c-hessler.de Horario de apertura:<br \/>De 8:00 a 16:00.<\/p><h2>Descargo de responsabilidad<\/h2><p>Quedan excluidas las reclamaciones por da\u00f1os y perjuicios por parte del cliente, salvo que se indique lo contrario m\u00e1s adelante. Esto tambi\u00e9n se aplica a los representantes y auxiliares ejecutivos del proveedor si el cliente presenta reclamaciones por da\u00f1os y perjuicios contra ellos. Quedan excluidas las reclamaciones por da\u00f1os y perjuicios del cliente debidas a lesiones a la vida, la integridad f\u00edsica o la salud, o a obligaciones contractuales esenciales que deban cumplirse necesariamente para alcanzar el objetivo contractual. Esto tampoco se aplica a las reclamaciones por da\u00f1os y perjuicios debidas a una infracci\u00f3n del deber por negligencia grave o dolo por parte del proveedor o su representante legal o auxiliar ejecutivo.<\/p><h2>Prohibici\u00f3n de cesi\u00f3n y pignoraci\u00f3n<\/h2><p>Las reclamaciones o derechos del cliente contra el proveedor podr\u00e1n hacerse valer sin<br \/>La mercanc\u00eda no podr\u00e1 cederse ni pignorarse sin el consentimiento del cliente, salvo que \u00e9ste haya demostrado un inter\u00e9s leg\u00edtimo en la cesi\u00f3n o pignoraci\u00f3n.<\/p><h2>Lengua, fuero y ley aplicable<\/h2><p>El contrato se redactar\u00e1 en alem\u00e1n. La ejecuci\u00f3n posterior de la relaci\u00f3n contractual se realizar\u00e1 en alem\u00e1n. Se aplicar\u00e1 exclusivamente el derecho de la Rep\u00fablica Federal de Alemania. Para los consumidores, esto s\u00f3lo se aplicar\u00e1 en la medida en que no se restrinjan las disposiciones legales del pa\u00eds en el que el cliente tenga su domicilio o residencia habitual. El fuero competente para los litigios con clientes que no sean consumidores, personas jur\u00eddicas de derecho p\u00fablico o fondos especiales de derecho p\u00fablico es el domicilio social del proveedor.<\/p><h2>Cl\u00e1usula de salvedad<\/h2><p>La invalidez de cualquier disposici\u00f3n de las presentes CGC no afectar\u00e1 a la validez de las restantes disposiciones.<\/p>\t\t\t\t\t\t\t\t<\/div>\n\t\t\t\t\t<\/div>\n\t\t\t\t<\/div>\n\t\t\t\t<\/div>","protected":false},"excerpt":{"rendered":"<p>Allgemeine Gesch\u00e4ftsbedingungen AGB erstellt \u00fcber den Generator der Deutschen Anwaltshotline AG Vertragspartner Auf Grundlage dieser Allgemeinen Gesch\u00e4ftsbedingungen (AGB) kommt zwischen dem Kunden undDr. Christoph He\u00dfler MaschinensystemeVertreten durch Christoph He\u00dflerAdresse: An der Ronceva 5 32312 L\u00fcbbecke Umsatzsteuer-Identifikationsnummer: DE230070107, nachfolgend Anbieter genannt, der Vertrag zustande. Vertragsgegenstand Durch diesen Vertrag wird der Verkauf von neuen Waren aus dem [&hellip;]<\/p>\n","protected":false},"author":9,"featured_media":0,"parent":0,"menu_order":0,"comment_status":"closed","ping_status":"closed","template":"","meta":{"footnotes":""},"class_list":["post-9797","page","type-page","status-publish","hentry"],"yoast_head":"<!-- This site is optimized with the Yoast SEO Premium plugin v27.0 (Yoast SEO v27.4) - https:\/\/yoast.com\/product\/yoast-seo-premium-wordpress\/ -->\n<title>AGB - Dr. Christoph He\u00dfler Maschinensysteme<\/title>\n<meta name=\"robots\" content=\"index, follow, max-snippet:-1, max-image-preview:large, max-video-preview:-1\" \/>\n<link rel=\"canonical\" href=\"https:\/\/c-hessler.de\/es\/agb\/\" \/>\n<meta property=\"og:locale\" content=\"es_ES\" \/>\n<meta property=\"og:type\" content=\"article\" \/>\n<meta property=\"og:title\" content=\"AGB\" \/>\n<meta property=\"og:description\" content=\"Allgemeine Gesch\u00e4ftsbedingungen AGB erstellt \u00fcber den Generator der Deutschen Anwaltshotline AG Vertragspartner Auf Grundlage dieser Allgemeinen Gesch\u00e4ftsbedingungen (AGB) kommt zwischen dem Kunden undDr. Christoph He\u00dfler MaschinensystemeVertreten durch Christoph He\u00dflerAdresse: An der Ronceva 5 32312 L\u00fcbbecke Umsatzsteuer-Identifikationsnummer: DE230070107, nachfolgend Anbieter genannt, der Vertrag zustande. Vertragsgegenstand Durch diesen Vertrag wird der Verkauf von neuen Waren aus dem [&hellip;]\" \/>\n<meta property=\"og:url\" content=\"https:\/\/c-hessler.de\/es\/agb\/\" \/>\n<meta property=\"og:site_name\" content=\"Dr. Christoph He\u00dfler Maschinensysteme\" \/>\n<meta property=\"article:publisher\" content=\"https:\/\/www.facebook.com\/DrChristophHesslerMaschinensysteme\/\" \/>\n<meta property=\"article:modified_time\" content=\"2025-12-17T06:45:50+00:00\" \/>\n<meta name=\"twitter:label1\" content=\"Tiempo de lectura\" \/>\n\t<meta name=\"twitter:data1\" content=\"10 minutos\" \/>\n<script type=\"application\/ld+json\" class=\"yoast-schema-graph\">{\"@context\":\"https:\\\/\\\/schema.org\",\"@graph\":[{\"@type\":\"WebPage\",\"@id\":\"https:\\\/\\\/c-hessler.de\\\/agb\\\/\",\"url\":\"https:\\\/\\\/c-hessler.de\\\/agb\\\/\",\"name\":\"AGB - Dr. Christoph He\u00dfler Maschinensysteme\",\"isPartOf\":{\"@id\":\"https:\\\/\\\/c-hessler.de\\\/#website\"},\"datePublished\":\"2015-05-09T14:16:40+00:00\",\"dateModified\":\"2025-12-17T06:45:50+00:00\",\"inLanguage\":\"es\",\"potentialAction\":[{\"@type\":\"ReadAction\",\"target\":[\"https:\\\/\\\/c-hessler.de\\\/agb\\\/\"]}]},{\"@type\":\"WebSite\",\"@id\":\"https:\\\/\\\/c-hessler.de\\\/#website\",\"url\":\"https:\\\/\\\/c-hessler.de\\\/\",\"name\":\"www.c-hessler.de\",\"description\":\"\",\"publisher\":{\"@id\":\"https:\\\/\\\/c-hessler.de\\\/#organization\"},\"potentialAction\":[{\"@type\":\"SearchAction\",\"target\":{\"@type\":\"EntryPoint\",\"urlTemplate\":\"https:\\\/\\\/c-hessler.de\\\/?s={search_term_string}\"},\"query-input\":{\"@type\":\"PropertyValueSpecification\",\"valueRequired\":true,\"valueName\":\"search_term_string\"}}],\"inLanguage\":\"es\"},{\"@type\":\"Organization\",\"@id\":\"https:\\\/\\\/c-hessler.de\\\/#organization\",\"name\":\"Dr. Christoph He\u00dfler Maschinensysteme\",\"alternateName\":\"Dr. Christoph He\u00dfler Maschinensysteme\",\"url\":\"https:\\\/\\\/c-hessler.de\\\/\",\"logo\":{\"@type\":\"ImageObject\",\"inLanguage\":\"es\",\"@id\":\"https:\\\/\\\/c-hessler.de\\\/#\\\/schema\\\/logo\\\/image\\\/\",\"url\":\"https:\\\/\\\/c-hessler.de\\\/wp-content\\\/uploads\\\/2026\\\/02\\\/Draw-03-150312-110115-Ausgeschnitten-I.jpg\",\"contentUrl\":\"https:\\\/\\\/c-hessler.de\\\/wp-content\\\/uploads\\\/2026\\\/02\\\/Draw-03-150312-110115-Ausgeschnitten-I.jpg\",\"width\":445,\"height\":394,\"caption\":\"Dr. Christoph He\u00dfler Maschinensysteme\"},\"image\":{\"@id\":\"https:\\\/\\\/c-hessler.de\\\/#\\\/schema\\\/logo\\\/image\\\/\"},\"sameAs\":[\"https:\\\/\\\/www.facebook.com\\\/DrChristophHesslerMaschinensysteme\\\/\",\"https:\\\/\\\/www.pinterest.de\\\/hesstools\\\/\",\"https:\\\/\\\/www.youtube.com\\\/channel\\\/UCaNnXDGGF_BiYFQZ2kJgi-A?view_as=subscriber\"],\"description\":\"1. Ecken- und Kantenfr\u00e4sen f\u00fcr Tischler und Schreiner, Sonderanfertigungen 2. Auch f\u00fcr die Nachbearbeitung von Eck-Schwei\u00dfn\u00e4hten bei Aluminium-Werkstoffen, f\u00fcr Fahrzeugbauer oder Metallbauer aller Art\",\"email\":\"christoph.hessler@c-hessler.de\",\"telephone\":\"0527413012080\",\"legalName\":\"Dr. Christoph He\u00dfler Maschinensysteme\",\"foundingDate\":\"2003-06-05\",\"vatID\":\"DE230070107\",\"numberOfEmployees\":{\"@type\":\"QuantitativeValue\",\"minValue\":\"1\",\"maxValue\":\"10\"}}]}<\/script>\n<!-- \/ Yoast SEO Premium plugin. -->","yoast_head_json":{"title":"Condiciones generales - Dr Christoph He\u00dfler Maschinensysteme","robots":{"index":"index","follow":"follow","max-snippet":"max-snippet:-1","max-image-preview":"max-image-preview:large","max-video-preview":"max-video-preview:-1"},"canonical":"https:\/\/c-hessler.de\/es\/agb\/","og_locale":"es_ES","og_type":"article","og_title":"AGB","og_description":"Allgemeine Gesch\u00e4ftsbedingungen AGB erstellt \u00fcber den Generator der Deutschen Anwaltshotline AG Vertragspartner Auf Grundlage dieser Allgemeinen Gesch\u00e4ftsbedingungen (AGB) kommt zwischen dem Kunden undDr. Christoph He\u00dfler MaschinensystemeVertreten durch Christoph He\u00dflerAdresse: An der Ronceva 5 32312 L\u00fcbbecke Umsatzsteuer-Identifikationsnummer: DE230070107, nachfolgend Anbieter genannt, der Vertrag zustande. Vertragsgegenstand Durch diesen Vertrag wird der Verkauf von neuen Waren aus dem [&hellip;]","og_url":"https:\/\/c-hessler.de\/es\/agb\/","og_site_name":"Dr. Christoph He\u00dfler Maschinensysteme","article_publisher":"https:\/\/www.facebook.com\/DrChristophHesslerMaschinensysteme\/","article_modified_time":"2025-12-17T06:45:50+00:00","twitter_misc":{"Tiempo de lectura":"10 minutos"},"schema":{"@context":"https:\/\/schema.org","@graph":[{"@type":"WebPage","@id":"https:\/\/c-hessler.de\/agb\/","url":"https:\/\/c-hessler.de\/agb\/","name":"Condiciones generales - Dr Christoph He\u00dfler Maschinensysteme","isPartOf":{"@id":"https:\/\/c-hessler.de\/#website"},"datePublished":"2015-05-09T14:16:40+00:00","dateModified":"2025-12-17T06:45:50+00:00","inLanguage":"es","potentialAction":[{"@type":"ReadAction","target":["https:\/\/c-hessler.de\/agb\/"]}]},{"@type":"WebSite","@id":"https:\/\/c-hessler.de\/#website","url":"https:\/\/c-hessler.de\/","name":"www.c-hessler.de","description":"","publisher":{"@id":"https:\/\/c-hessler.de\/#organization"},"potentialAction":[{"@type":"SearchAction","target":{"@type":"EntryPoint","urlTemplate":"https:\/\/c-hessler.de\/?s={search_term_string}"},"query-input":{"@type":"PropertyValueSpecification","valueRequired":true,"valueName":"search_term_string"}}],"inLanguage":"es"},{"@type":"Organization","@id":"https:\/\/c-hessler.de\/#organization","name":"Dr. Christoph He\u00dfler Sistemas de m\u00e1quinas","alternateName":"Dr. Christoph He\u00dfler Maschinensysteme","url":"https:\/\/c-hessler.de\/","logo":{"@type":"ImageObject","inLanguage":"es","@id":"https:\/\/c-hessler.de\/#\/schema\/logo\/image\/","url":"https:\/\/c-hessler.de\/wp-content\/uploads\/2026\/02\/Draw-03-150312-110115-Ausgeschnitten-I.jpg","contentUrl":"https:\/\/c-hessler.de\/wp-content\/uploads\/2026\/02\/Draw-03-150312-110115-Ausgeschnitten-I.jpg","width":445,"height":394,"caption":"Dr. Christoph He\u00dfler Maschinensysteme"},"image":{"@id":"https:\/\/c-hessler.de\/#\/schema\/logo\/image\/"},"sameAs":["https:\/\/www.facebook.com\/DrChristophHesslerMaschinensysteme\/","https:\/\/www.pinterest.de\/hesstools\/","https:\/\/www.youtube.com\/channel\/UCaNnXDGGF_BiYFQZ2kJgi-A?view_as=subscriber"],"description":"1. Ecken- und Kantenfr\u00e4sen f\u00fcr Tischler und Schreiner, Sonderanfertigungen 2. Auch f\u00fcr die Nachbearbeitung von Eck-Schwei\u00dfn\u00e4hten bei Aluminium-Werkstoffen, f\u00fcr Fahrzeugbauer oder Metallbauer aller Art","email":"christoph.hessler@c-hessler.de","telephone":"0527413012080","legalName":"Dr. Christoph He\u00dfler Maschinensysteme","foundingDate":"2003-06-05","vatID":"DE230070107","numberOfEmployees":{"@type":"QuantitativeValue","minValue":"1","maxValue":"10"}}]}},"_hostinger_reach_plugin_has_subscription_block":false,"_hostinger_reach_plugin_is_elementor":false,"_links":{"self":[{"href":"https:\/\/c-hessler.de\/es\/wp-json\/wp\/v2\/pages\/9797","targetHints":{"allow":["GET"]}}],"collection":[{"href":"https:\/\/c-hessler.de\/es\/wp-json\/wp\/v2\/pages"}],"about":[{"href":"https:\/\/c-hessler.de\/es\/wp-json\/wp\/v2\/types\/page"}],"author":[{"embeddable":true,"href":"https:\/\/c-hessler.de\/es\/wp-json\/wp\/v2\/users\/9"}],"replies":[{"embeddable":true,"href":"https:\/\/c-hessler.de\/es\/wp-json\/wp\/v2\/comments?post=9797"}],"version-history":[{"count":3,"href":"https:\/\/c-hessler.de\/es\/wp-json\/wp\/v2\/pages\/9797\/revisions"}],"predecessor-version":[{"id":208819,"href":"https:\/\/c-hessler.de\/es\/wp-json\/wp\/v2\/pages\/9797\/revisions\/208819"}],"wp:attachment":[{"href":"https:\/\/c-hessler.de\/es\/wp-json\/wp\/v2\/media?parent=9797"}],"curies":[{"name":"wp","href":"https:\/\/api.w.org\/{rel}","templated":true}]}}