{"id":10347,"date":"2016-02-23T21:04:44","date_gmt":"2016-02-23T20:04:44","guid":{"rendered":"https:\/\/c-hessler.de\/?post_type=product&#038;p=10347"},"modified":"2025-12-15T17:49:11","modified_gmt":"2025-12-15T16:49:11","slug":"bordeadora-ligera-premium-kf-400","status":"publish","type":"product","link":"https:\/\/c-hessler.de\/es\/shop\/leichte-premium-kantenfraese-kf-400\/","title":{"rendered":"Fresadora de cantos premium ligera KF 400 TOP"},"content":{"rendered":"<div class=\"wp-block-columns are-vertically-aligned-center is-layout-flex wp-container-core-columns-is-layout-28f84493 wp-block-columns-is-layout-flex\">\n<div class=\"wp-block-column is-layout-flow wp-block-column-is-layout-flow\">\n<figure class=\"wp-block-boldblocks-youtube-block\"><div id=\"yb-video-MM6q6c1a8gE\" class=\"yb-player\" data-video-id=\"MM6q6c1a8gE\" data-title=\"Play\" style=\"background-image:url(https:\/\/img.youtube.com\/vi\/MM6q6c1a8gE\/hqdefault.jpg)\"><button type=\"button\" class=\"yb-btn-play\"><span class=\"visually-hidden\">Jugar<\/span><\/button><\/div><figcaption class=\"yb-caption\">Fresadora de cantos neum\u00e1tica KF 400 TOP<\/figcaption><\/figure>\n<\/div>\n\n\n\n<div class=\"wp-block-column is-vertically-aligned-center is-layout-flow wp-block-column-is-layout-flow\" style=\"flex-basis:60%\">\n<p class=\"title has-text-color\" style=\"color:#131315\"><strong>Fresadora de cantos ligera y de alta calidad para el mecanizado preciso de madera y pl\u00e1sticos<\/strong><\/p>\n\n\n\n<p>Ligera y robusta, ideal para romper cantos y para radios y biselados de hasta 2 mm.  Similar a la anterior fresadora Lamello. Para mango de 6 mm.  Si desea m\u00e1s potencia y un v\u00e1stago de 8 mm, existe la&nbsp;<a href=\"https:\/\/c-hessler.de\/es\/tienda\/canteadora-con-aire-comprimido-kf-400-iii\/\">KF 400 III&nbsp;<\/a>.<\/p>\n\n\n\n<p class=\"title has-text-color\" style=\"color:#131315\">Motor neum\u00e1tico industrial alem\u00e1n de alta calidad y funcionamiento muy suave. La fresadora de cantos premium dispone de una manguera de alimentaci\u00f3n y escape de aire integrada. Se suministra incluyendo una fresa R2 o biseladora de alta calidad, montada y probada.<br>Extremadamente ligero y manejable: s\u00f3lo 0,58 kg en el cabezal de fresado<\/p>\n<\/div>\n<\/div>\n\n\n\n<div style=\"height:122px\" aria-hidden=\"true\" class=\"wp-block-spacer\"><\/div>\n\n\n\n<div class=\"wp-block-columns are-vertically-aligned-center is-layout-flex wp-container-core-columns-is-layout-28f84493 wp-block-columns-is-layout-flex\">\n<div class=\"wp-block-column is-vertically-aligned-center is-layout-flow wp-block-column-is-layout-flow\">\n<h2 class=\"wp-block-heading title has-text-color\" id=\"h-merkmale-zum-system\" style=\"color:#131315\"><strong>Caracter\u00edsticas del sistema<\/strong><\/h2>\n\n\n\n<h5 class=\"wp-block-heading title has-text-color\" id=\"h-anwendungsgebiet\" style=\"color:#131315\">\u00c1mbito de aplicaci\u00f3n<\/h5>\n\n\n\n<p class=\"title has-text-color\" style=\"color:#131315\">La ligera fresadora de cantos premium para trabajos precisos en madera es muy f\u00e1cil de manejar. Se suele utilizar para romper cantos, biselar o redondear cantos de pl\u00e1stico ya fresados a ras o en paneles de madera. Su rendimiento es inferior al de una fresadora de cantos grande. El l\u00edmite de rendimiento se alcanza para un canto de pl\u00e1stico ABS de 2 mm de grosor cuando se redondea con una fresa R2 nueva.<\/p>\n\n\n\n<h5 class=\"wp-block-heading\" id=\"h-funktion-und-bedienung\">Funcionamiento y manejo<\/h5>\n\n\n\n<p>Su maniobrabilidad no tiene rival. Como la fresadora de cantos no necesita bater\u00eda ni motor el\u00e9ctrico, no es necesario mover su peso.<\/p>\n\n\n\n<p>La mejor manera de saber lo que significa realmente la KF 400 TOP es tocarla usted mismo. Para ello, ofrecemos a los usuarios comerciales una prueba gratuita y sin compromiso.<\/p>\n\n\n\n<h5 class=\"wp-block-heading\" id=\"h-preis\">Precio<\/h5>\n\n\n\n<ul class=\"wp-block-list\">\n<li>1 semana de prueba sin compromiso y gratuita<\/li>\n\n\n\n<li>Precio v\u00e9ase m\u00e1s arriba<\/li>\n<\/ul>\n\n\n\n<h5 class=\"wp-block-heading\" id=\"h-technische-voraussetzungen\">Requisitos t\u00e9cnicos<\/h5>\n\n\n\n<p>La fresa ligera admite fresas con un v\u00e1stago de 6 mm.<\/p>\n\n\n\n<p>Es necesario a\u00f1adir regularmente aceite para dispositivos de aire comprimido para su funcionamiento. Para un uso espor\u00e1dico, esto puede hacerse instilando el aceite directamente en el<br>El aceite puede aplicarse mediante una clavija de conexi\u00f3n de aire comprimido o, en caso de funcionamiento continuo, mediante una unidad de mantenimiento ajustada a 1 gota de aceite por minuto.<\/p>\n\n\n\n<h5 class=\"wp-block-heading\" id=\"h-lieferumfang\">Volumen de suministro<\/h5>\n\n\n\n<p>La KF 400 TOP se suministra con una manguera de suministro de aire y otra de escape. La manguera de aire de escape rodea la manguera de suministro de aire comprimido como una camisa flexible y dirige el aire fuera del \u00e1rea de trabajo.<\/p>\n\n\n\n<p>Un efecto adicional de la manguera de salida de aire es la reducci\u00f3n del ruido. La fresadora de cantos premium KF 400 TOP es m\u00e1s silenciosa que una fresadora el\u00e9ctrica o una fresadora de cantos el\u00e9ctrica.<\/p>\n<\/div>\n\n\n\n<div class=\"wp-block-column is-vertically-aligned-center is-layout-flow wp-block-column-is-layout-flow\" style=\"flex-basis:60%\">\n<figure class=\"wp-block-image size-full is-resized\"><img fetchpriority=\"high\" decoding=\"async\" width=\"573\" height=\"265\" src=\"https:\/\/c-hessler.de\/wp-content\/uploads\/2014\/04\/kf400-produktseite.jpg\" alt=\"Fresadoras ligeras para redondear y biselar cantos KF 400 TOP\" class=\"wp-image-8301\" style=\"width:579px;height:auto\" srcset=\"https:\/\/c-hessler.de\/wp-content\/uploads\/2014\/04\/kf400-produktseite.jpg 573w, https:\/\/c-hessler.de\/wp-content\/uploads\/2014\/04\/kf400-produktseite-150x69.jpg 150w, https:\/\/c-hessler.de\/wp-content\/uploads\/2014\/04\/kf400-produktseite-510x236.jpg 510w, https:\/\/c-hessler.de\/wp-content\/uploads\/2014\/04\/kf400-produktseite-300x139.jpg 300w\" sizes=\"(max-width: 573px) 100vw, 573px\" \/><figcaption class=\"wp-element-caption\">Fresadoras ligeras para redondear y biselar cantos KF 400 TOP<\/figcaption><\/figure>\n\n\n\n<figure class=\"wp-block-image size-full\"><img decoding=\"async\" width=\"577\" height=\"433\" src=\"https:\/\/c-hessler.de\/wp-content\/uploads\/2023\/05\/P1010008.png\" alt=\"\" class=\"wp-image-206540\" srcset=\"https:\/\/c-hessler.de\/wp-content\/uploads\/2023\/05\/P1010008.png 577w, https:\/\/c-hessler.de\/wp-content\/uploads\/2023\/05\/P1010008-300x225.png 300w, https:\/\/c-hessler.de\/wp-content\/uploads\/2023\/05\/P1010008-510x382.png 510w, https:\/\/c-hessler.de\/wp-content\/uploads\/2023\/05\/P1010008-480x360.png 480w, https:\/\/c-hessler.de\/wp-content\/uploads\/2023\/05\/P1010008-150x113.png 150w\" sizes=\"(max-width: 577px) 100vw, 577px\" \/><figcaption class=\"wp-element-caption\">Fresadora de cantos KF 400 TOP de aire comprimido en comparaci\u00f3n de tama\u00f1o con una mano<\/figcaption><\/figure>\n\n\n\n<figure class=\"wp-block-image size-full is-resized\"><img decoding=\"async\" width=\"730\" height=\"547\" src=\"https:\/\/c-hessler.de\/wp-content\/uploads\/2014\/04\/143aae720ac.jpg\" alt=\"El motor de la fresadora de bordes premium es apenas m\u00e1s grande que una birome.\" class=\"wp-image-8307\" style=\"width:578px;height:auto\" srcset=\"https:\/\/c-hessler.de\/wp-content\/uploads\/2014\/04\/143aae720ac.jpg 730w, https:\/\/c-hessler.de\/wp-content\/uploads\/2014\/04\/143aae720ac-150x112.jpg 150w, https:\/\/c-hessler.de\/wp-content\/uploads\/2014\/04\/143aae720ac-510x382.jpg 510w, https:\/\/c-hessler.de\/wp-content\/uploads\/2014\/04\/143aae720ac-300x225.jpg 300w\" sizes=\"(max-width: 730px) 100vw, 730px\" \/><figcaption class=\"wp-element-caption\">El motor de la fresadora de bordes premium es apenas m\u00e1s grande que una birome.<\/figcaption><\/figure>\n\n\n\n<p><\/p>\n<\/div>\n<\/div>\n\n\n\n<div style=\"height:30px\" aria-hidden=\"true\" class=\"wp-block-spacer\"><\/div>","protected":false},"excerpt":{"rendered":"<p class=\"western\">La compacta fresadora de cantos KF 400 TOP dispone de un motor de aire comprimido y es especialmente<b> Silencio<\/b> y<b> f\u00e1cil. <\/b>Por lo tanto, tiene un <b>Muy buena maniobrabilidad<\/b>. Es muy adecuada para trabajos ligeros de desbarbado\/biselado\/redondeado en el mecanizado de madera y pl\u00e1sticos, p. ej. para plexigl\u00e1s. Similar a la anterior Lamello Profila Pro, m\u00e1s ligera y silenciosa. Con motor neum\u00e1tico industrial alem\u00e1n.<\/p>\n<p>Con la KF 400 TOP obtendr\u00e1 un <strong>Producto estrella<\/strong> en relaci\u00f3n con <strong>Maniobrabilidad<\/strong> y <strong>Reducci\u00f3n del ruido<\/strong>. No conocemos ninguna fresadora de cantos m\u00e1s ligera y silenciosa.<\/p>","protected":false},"featured_media":10501,"comment_status":"open","ping_status":"closed","template":"","meta":[],"product_brand":[],"product_cat":[58],"product_tag":[38,45,40],"class_list":{"0":"post-10347","1":"product","2":"type-product","3":"status-publish","4":"has-post-thumbnail","6":"product_cat-handgefuehrte-maschinen","7":"product_tag-handgefuehrt","8":"product_tag-kanten","9":"product_tag-pneumatischer-antrieb","11":"first","12":"instock","13":"taxable","14":"shipping-taxable","15":"purchasable","16":"product-type-simple"},"yoast_head":"<!-- This site is optimized with the Yoast SEO Premium plugin v27.0 (Yoast SEO v27.4) - https:\/\/yoast.com\/product\/yoast-seo-premium-wordpress\/ -->\n<title>Leichte Premium-Kantenfr\u00e4se f\u00fcr pr\u00e4zise Holzbearbeitung<\/title>\n<meta name=\"description\" content=\"Entdecke die leichte Premium-Kantenfr\u00e4se f\u00fcr pr\u00e4zise Holzbearbeitung und Kunststoffbearbeitung. Optimal f\u00fcr Radius und Fase.\" \/>\n<meta name=\"robots\" content=\"index, follow, max-snippet:-1, max-image-preview:large, max-video-preview:-1\" \/>\n<link rel=\"canonical\" href=\"https:\/\/c-hessler.de\/es\/tienda\/bordeadora-ligera-premium-kf-400\/\" \/>\n<meta property=\"og:locale\" content=\"es_ES\" \/>\n<meta property=\"og:type\" content=\"article\" \/>\n<meta property=\"og:title\" content=\"Leichte Premium-Kantenfr\u00e4se KF 400 TOP\" \/>\n<meta property=\"og:description\" content=\"Entdecke die leichte Premium-Kantenfr\u00e4se f\u00fcr pr\u00e4zise Holzbearbeitung und Kunststoffbearbeitung. Optimal f\u00fcr Radius und Fase.\" \/>\n<meta property=\"og:url\" content=\"https:\/\/c-hessler.de\/es\/tienda\/bordeadora-ligera-premium-kf-400\/\" \/>\n<meta property=\"og:site_name\" content=\"Dr. Christoph He\u00dfler Maschinensysteme\" \/>\n<meta property=\"article:publisher\" content=\"https:\/\/www.facebook.com\/DrChristophHesslerMaschinensysteme\/\" \/>\n<meta property=\"article:modified_time\" content=\"2025-12-15T16:49:11+00:00\" \/>\n<meta property=\"og:image\" content=\"https:\/\/c-hessler.de\/wp-content\/uploads\/2016\/02\/IMG_6556_DxO-e1741974693488.jpg\" \/>\n\t<meta property=\"og:image:width\" content=\"1500\" \/>\n\t<meta property=\"og:image:height\" content=\"1199\" \/>\n\t<meta property=\"og:image:type\" content=\"image\/jpeg\" \/>\n<meta name=\"twitter:label1\" content=\"Precio\" \/>\n\t<meta name=\"twitter:data1\" content=\"490,00&nbsp;&euro; ohne MwSt.\" \/>\n\t<meta name=\"twitter:label2\" content=\"Disponibilidad\" \/>\n\t<meta name=\"twitter:data2\" content=\"Disponible\" \/>\n<script type=\"application\/ld+json\" class=\"yoast-schema-graph\">{\"@context\":\"https:\\\/\\\/schema.org\",\"@graph\":[{\"@type\":\"WebPage\",\"@id\":\"https:\\\/\\\/c-hessler.de\\\/shop\\\/leichte-premium-kantenfraese-kf-400\\\/\",\"url\":\"https:\\\/\\\/c-hessler.de\\\/shop\\\/leichte-premium-kantenfraese-kf-400\\\/\",\"name\":\"Leichte Premium-Kantenfr\u00e4se f\u00fcr pr\u00e4zise Holzbearbeitung\",\"isPartOf\":{\"@id\":\"https:\\\/\\\/c-hessler.de\\\/#website\"},\"primaryImageOfPage\":{\"@id\":\"https:\\\/\\\/c-hessler.de\\\/shop\\\/leichte-premium-kantenfraese-kf-400\\\/#primaryimage\"},\"image\":{\"@id\":\"https:\\\/\\\/c-hessler.de\\\/shop\\\/leichte-premium-kantenfraese-kf-400\\\/#primaryimage\"},\"thumbnailUrl\":\"https:\\\/\\\/c-hessler.de\\\/wp-content\\\/uploads\\\/2016\\\/02\\\/IMG_6556_DxO-e1741974693488.jpg\",\"datePublished\":\"2016-02-23T20:04:44+00:00\",\"dateModified\":\"2025-12-15T16:49:11+00:00\",\"description\":\"Entdecke die leichte Premium-Kantenfr\u00e4se f\u00fcr pr\u00e4zise Holzbearbeitung und Kunststoffbearbeitung. Optimal f\u00fcr Radius und Fase.\",\"breadcrumb\":{\"@id\":\"https:\\\/\\\/c-hessler.de\\\/shop\\\/leichte-premium-kantenfraese-kf-400\\\/#breadcrumb\"},\"inLanguage\":\"es\",\"potentialAction\":[{\"@type\":\"ReadAction\",\"target\":[\"https:\\\/\\\/c-hessler.de\\\/shop\\\/leichte-premium-kantenfraese-kf-400\\\/\"]}]},{\"@type\":\"ImageObject\",\"inLanguage\":\"es\",\"@id\":\"https:\\\/\\\/c-hessler.de\\\/shop\\\/leichte-premium-kantenfraese-kf-400\\\/#primaryimage\",\"url\":\"https:\\\/\\\/c-hessler.de\\\/wp-content\\\/uploads\\\/2016\\\/02\\\/IMG_6556_DxO-e1741974693488.jpg\",\"contentUrl\":\"https:\\\/\\\/c-hessler.de\\\/wp-content\\\/uploads\\\/2016\\\/02\\\/IMG_6556_DxO-e1741974693488.jpg\",\"width\":1500,\"height\":1199,\"caption\":\"Gewicht ohne Schlauch mit Teller und Fr\u00e4ser wie abgebildet: 0,58 kg\"},{\"@type\":\"BreadcrumbList\",\"@id\":\"https:\\\/\\\/c-hessler.de\\\/shop\\\/leichte-premium-kantenfraese-kf-400\\\/#breadcrumb\",\"itemListElement\":[{\"@type\":\"ListItem\",\"position\":1,\"name\":\"Produkte\",\"item\":\"https:\\\/\\\/c-hessler.de\\\/produkte\\\/\"},{\"@type\":\"ListItem\",\"position\":2,\"name\":\"Leichte Premium-Kantenfr\u00e4se KF 400 TOP\"}]},{\"@type\":\"WebSite\",\"@id\":\"https:\\\/\\\/c-hessler.de\\\/#website\",\"url\":\"https:\\\/\\\/c-hessler.de\\\/\",\"name\":\"www.c-hessler.de\",\"description\":\"\",\"publisher\":{\"@id\":\"https:\\\/\\\/c-hessler.de\\\/#organization\"},\"potentialAction\":[{\"@type\":\"SearchAction\",\"target\":{\"@type\":\"EntryPoint\",\"urlTemplate\":\"https:\\\/\\\/c-hessler.de\\\/?s={search_term_string}\"},\"query-input\":{\"@type\":\"PropertyValueSpecification\",\"valueRequired\":true,\"valueName\":\"search_term_string\"}}],\"inLanguage\":\"es\"},{\"@type\":\"Organization\",\"@id\":\"https:\\\/\\\/c-hessler.de\\\/#organization\",\"name\":\"Dr. Christoph He\u00dfler Maschinensysteme\",\"alternateName\":\"Dr. Christoph He\u00dfler Maschinensysteme\",\"url\":\"https:\\\/\\\/c-hessler.de\\\/\",\"logo\":{\"@type\":\"ImageObject\",\"inLanguage\":\"es\",\"@id\":\"https:\\\/\\\/c-hessler.de\\\/#\\\/schema\\\/logo\\\/image\\\/\",\"url\":\"https:\\\/\\\/c-hessler.de\\\/wp-content\\\/uploads\\\/2026\\\/02\\\/Draw-03-150312-110115-Ausgeschnitten-I.jpg\",\"contentUrl\":\"https:\\\/\\\/c-hessler.de\\\/wp-content\\\/uploads\\\/2026\\\/02\\\/Draw-03-150312-110115-Ausgeschnitten-I.jpg\",\"width\":445,\"height\":394,\"caption\":\"Dr. Christoph He\u00dfler Maschinensysteme\"},\"image\":{\"@id\":\"https:\\\/\\\/c-hessler.de\\\/#\\\/schema\\\/logo\\\/image\\\/\"},\"sameAs\":[\"https:\\\/\\\/www.facebook.com\\\/DrChristophHesslerMaschinensysteme\\\/\",\"https:\\\/\\\/www.pinterest.de\\\/hesstools\\\/\",\"https:\\\/\\\/www.youtube.com\\\/channel\\\/UCaNnXDGGF_BiYFQZ2kJgi-A?view_as=subscriber\"],\"description\":\"1. Ecken- und Kantenfr\u00e4sen f\u00fcr Tischler und Schreiner, Sonderanfertigungen 2. Auch f\u00fcr die Nachbearbeitung von Eck-Schwei\u00dfn\u00e4hten bei Aluminium-Werkstoffen, f\u00fcr Fahrzeugbauer oder Metallbauer aller Art\",\"email\":\"christoph.hessler@c-hessler.de\",\"telephone\":\"0527413012080\",\"legalName\":\"Dr. Christoph He\u00dfler Maschinensysteme\",\"foundingDate\":\"2003-06-05\",\"vatID\":\"DE230070107\",\"numberOfEmployees\":{\"@type\":\"QuantitativeValue\",\"minValue\":\"1\",\"maxValue\":\"10\"}}]}<\/script>\n<meta property=\"product:price:amount\" content=\"490.00\" \/>\n<meta property=\"product:price:currency\" content=\"EUR\" \/>\n<meta property=\"og:availability\" content=\"instock\" \/>\n<meta property=\"product:availability\" content=\"instock\" \/>\n<meta property=\"product:retailer_item_id\" content=\"leichte-premium-kantenfraese-kf-400\" \/>\n<meta property=\"product:condition\" content=\"new\" \/>\n<!-- \/ Yoast SEO Premium plugin. -->","yoast_head_json":{"title":"Fresadora de cantos premium ligera para un trabajo preciso de la madera","description":"Descubra la fresadora de cantos premium ligera para el mecanizado preciso de madera y pl\u00e1stico. Ideal para radios y biselados.","robots":{"index":"index","follow":"follow","max-snippet":"max-snippet:-1","max-image-preview":"max-image-preview:large","max-video-preview":"max-video-preview:-1"},"canonical":"https:\/\/c-hessler.de\/es\/tienda\/bordeadora-ligera-premium-kf-400\/","og_locale":"es_ES","og_type":"article","og_title":"Leichte Premium-Kantenfr\u00e4se KF 400 TOP","og_description":"Entdecke die leichte Premium-Kantenfr\u00e4se f\u00fcr pr\u00e4zise Holzbearbeitung und Kunststoffbearbeitung. Optimal f\u00fcr Radius und Fase.","og_url":"https:\/\/c-hessler.de\/es\/tienda\/bordeadora-ligera-premium-kf-400\/","og_site_name":"Dr. Christoph He\u00dfler Maschinensysteme","article_publisher":"https:\/\/www.facebook.com\/DrChristophHesslerMaschinensysteme\/","article_modified_time":"2025-12-15T16:49:11+00:00","og_image":[{"width":1500,"height":1199,"url":"https:\/\/c-hessler.de\/wp-content\/uploads\/2016\/02\/IMG_6556_DxO-e1741974693488.jpg","type":"image\/jpeg"}],"twitter_misc":{"Precio":"490,00&nbsp;&euro; ohne MwSt.","Disponibilidad":"Disponible"},"schema":{"@context":"https:\/\/schema.org","@graph":[{"@type":"WebPage","@id":"https:\/\/c-hessler.de\/shop\/leichte-premium-kantenfraese-kf-400\/","url":"https:\/\/c-hessler.de\/shop\/leichte-premium-kantenfraese-kf-400\/","name":"Fresadora de cantos premium ligera para un trabajo preciso de la madera","isPartOf":{"@id":"https:\/\/c-hessler.de\/#website"},"primaryImageOfPage":{"@id":"https:\/\/c-hessler.de\/shop\/leichte-premium-kantenfraese-kf-400\/#primaryimage"},"image":{"@id":"https:\/\/c-hessler.de\/shop\/leichte-premium-kantenfraese-kf-400\/#primaryimage"},"thumbnailUrl":"https:\/\/c-hessler.de\/wp-content\/uploads\/2016\/02\/IMG_6556_DxO-e1741974693488.jpg","datePublished":"2016-02-23T20:04:44+00:00","dateModified":"2025-12-15T16:49:11+00:00","description":"Descubra la fresadora de cantos premium ligera para el mecanizado preciso de madera y pl\u00e1stico. Ideal para radios y biselados.","breadcrumb":{"@id":"https:\/\/c-hessler.de\/shop\/leichte-premium-kantenfraese-kf-400\/#breadcrumb"},"inLanguage":"es","potentialAction":[{"@type":"ReadAction","target":["https:\/\/c-hessler.de\/shop\/leichte-premium-kantenfraese-kf-400\/"]}]},{"@type":"ImageObject","inLanguage":"es","@id":"https:\/\/c-hessler.de\/shop\/leichte-premium-kantenfraese-kf-400\/#primaryimage","url":"https:\/\/c-hessler.de\/wp-content\/uploads\/2016\/02\/IMG_6556_DxO-e1741974693488.jpg","contentUrl":"https:\/\/c-hessler.de\/wp-content\/uploads\/2016\/02\/IMG_6556_DxO-e1741974693488.jpg","width":1500,"height":1199,"caption":"Gewicht ohne Schlauch mit Teller und Fr\u00e4ser wie abgebildet: 0,58 kg"},{"@type":"BreadcrumbList","@id":"https:\/\/c-hessler.de\/shop\/leichte-premium-kantenfraese-kf-400\/#breadcrumb","itemListElement":[{"@type":"ListItem","position":1,"name":"Produkte","item":"https:\/\/c-hessler.de\/produkte\/"},{"@type":"ListItem","position":2,"name":"Leichte Premium-Kantenfr\u00e4se KF 400 TOP"}]},{"@type":"WebSite","@id":"https:\/\/c-hessler.de\/#website","url":"https:\/\/c-hessler.de\/","name":"www.c-hessler.de","description":"","publisher":{"@id":"https:\/\/c-hessler.de\/#organization"},"potentialAction":[{"@type":"SearchAction","target":{"@type":"EntryPoint","urlTemplate":"https:\/\/c-hessler.de\/?s={search_term_string}"},"query-input":{"@type":"PropertyValueSpecification","valueRequired":true,"valueName":"search_term_string"}}],"inLanguage":"es"},{"@type":"Organization","@id":"https:\/\/c-hessler.de\/#organization","name":"Dr. Christoph He\u00dfler Sistemas de m\u00e1quinas","alternateName":"Dr. Christoph He\u00dfler Maschinensysteme","url":"https:\/\/c-hessler.de\/","logo":{"@type":"ImageObject","inLanguage":"es","@id":"https:\/\/c-hessler.de\/#\/schema\/logo\/image\/","url":"https:\/\/c-hessler.de\/wp-content\/uploads\/2026\/02\/Draw-03-150312-110115-Ausgeschnitten-I.jpg","contentUrl":"https:\/\/c-hessler.de\/wp-content\/uploads\/2026\/02\/Draw-03-150312-110115-Ausgeschnitten-I.jpg","width":445,"height":394,"caption":"Dr. Christoph He\u00dfler Maschinensysteme"},"image":{"@id":"https:\/\/c-hessler.de\/#\/schema\/logo\/image\/"},"sameAs":["https:\/\/www.facebook.com\/DrChristophHesslerMaschinensysteme\/","https:\/\/www.pinterest.de\/hesstools\/","https:\/\/www.youtube.com\/channel\/UCaNnXDGGF_BiYFQZ2kJgi-A?view_as=subscriber"],"description":"1. Ecken- und Kantenfr\u00e4sen f\u00fcr Tischler und Schreiner, Sonderanfertigungen 2. Auch f\u00fcr die Nachbearbeitung von Eck-Schwei\u00dfn\u00e4hten bei Aluminium-Werkstoffen, f\u00fcr Fahrzeugbauer oder Metallbauer aller Art","email":"christoph.hessler@c-hessler.de","telephone":"0527413012080","legalName":"Dr. Christoph He\u00dfler Maschinensysteme","foundingDate":"2003-06-05","vatID":"DE230070107","numberOfEmployees":{"@type":"QuantitativeValue","minValue":"1","maxValue":"10"}}]},"product_price_amount":"490.00","product_price_currency":"EUR","og_availability":"instock","product_availability":"instock","product_retailer_item_id":"leichte-premium-kantenfraese-kf-400","product_condition":"new"},"_links":{"self":[{"href":"https:\/\/c-hessler.de\/es\/wp-json\/wp\/v2\/product\/10347","targetHints":{"allow":["GET"]}}],"collection":[{"href":"https:\/\/c-hessler.de\/es\/wp-json\/wp\/v2\/product"}],"about":[{"href":"https:\/\/c-hessler.de\/es\/wp-json\/wp\/v2\/types\/product"}],"replies":[{"embeddable":true,"href":"https:\/\/c-hessler.de\/es\/wp-json\/wp\/v2\/comments?post=10347"}],"wp:featuredmedia":[{"embeddable":true,"href":"https:\/\/c-hessler.de\/es\/wp-json\/wp\/v2\/media\/10501"}],"wp:attachment":[{"href":"https:\/\/c-hessler.de\/es\/wp-json\/wp\/v2\/media?parent=10347"}],"wp:term":[{"taxonomy":"product_brand","embeddable":true,"href":"https:\/\/c-hessler.de\/es\/wp-json\/wp\/v2\/product_brand?post=10347"},{"taxonomy":"product_cat","embeddable":true,"href":"https:\/\/c-hessler.de\/es\/wp-json\/wp\/v2\/product_cat?post=10347"},{"taxonomy":"product_tag","embeddable":true,"href":"https:\/\/c-hessler.de\/es\/wp-json\/wp\/v2\/product_tag?post=10347"}],"curies":[{"name":"wp","href":"https:\/\/api.w.org\/{rel}","templated":true}]}}