{"id":10900,"date":"2017-12-06T00:43:22","date_gmt":"2017-12-05T23:43:22","guid":{"rendered":"https:\/\/c-hessler.de\/?post_type=product&#038;p=10900"},"modified":"2025-12-10T15:10:02","modified_gmt":"2025-12-10T14:10:02","slug":"sistema-de-redondeo-de-esquinas-ecko-vz-100-90f-mfk-1","status":"publish","type":"product","link":"https:\/\/c-hessler.de\/es\/shop\/eckenrunder-system-ecko-vz-100-90f-mfk-1\/","title":{"rendered":"Sistema de redondeo de esquinas Ecko VZ 100 90F MFK 1"},"content":{"rendered":"<p><\/p>\n\n\n\n<div class=\"wp-block-columns are-vertically-aligned-center is-layout-flex wp-container-core-columns-is-layout-28f84493 wp-block-columns-is-layout-flex\">\n<div class=\"wp-block-column is-vertically-aligned-center is-layout-flow wp-block-column-is-layout-flow\">\n<p class=\"title has-text-color\" style=\"color:#131315\">\u00c9xito del redondeo de esquinas con el sistema Ecko<\/p>\n\n\n\n<ul class=\"wp-block-list\">\n<li>Con tope ajustable para evitar el giro en<\/li>\n\n\n\n<li>Fabricado con precisi\u00f3n para un redondeo exacto<\/li>\n\n\n\n<li>Protecci\u00f3n contra la introducci\u00f3n de la mano en la fresa, que de otro modo estar\u00eda abierta<\/li>\n<\/ul>\n<\/div>\n\n\n\n<div class=\"wp-block-column is-vertically-aligned-center is-layout-flow wp-block-column-is-layout-flow\" style=\"flex-basis:60%\">\n<figure class=\"wp-block-boldblocks-youtube-block\"><div id=\"yb-video-UqnwIqwS_JI\" class=\"yb-player\" data-video-id=\"UqnwIqwS_JI\" data-title=\"Play\" style=\"background-image:url(https:\/\/img.youtube.com\/vi\/UqnwIqwS_JI\/hqdefault.jpg)\"><button type=\"button\" class=\"yb-btn-play\"><span class=\"visually-hidden\">Jugar<\/span><\/button><\/div><\/figure>\n\n\n\n<p><\/p>\n<\/div>\n<\/div>\n\n\n\n<div style=\"height:30px\" aria-hidden=\"true\" class=\"wp-block-spacer\"><\/div>\n\n\n\n<div class=\"wp-block-columns are-vertically-aligned-center is-layout-flex wp-container-core-columns-is-layout-28f84493 wp-block-columns-is-layout-flex\">\n<div class=\"wp-block-column is-layout-flow wp-block-column-is-layout-flow\">\n<div class=\"wp-block-columns is-layout-flex wp-container-core-columns-is-layout-28f84493 wp-block-columns-is-layout-flex\">\n<div class=\"wp-block-column is-layout-flow wp-block-column-is-layout-flow\">\n<figure class=\"wp-block-image size-full is-resized\"><img fetchpriority=\"high\" decoding=\"async\" width=\"585\" height=\"669\" src=\"https:\/\/c-hessler.de\/wp-content\/uploads\/2017\/12\/Werkst\u00fcck-vorher.jpg\" alt=\"Canto 2mm antes de redondear\" class=\"wp-image-10895\" style=\"aspect-ratio:0.9716885743174924;width:700px;height:auto\" srcset=\"https:\/\/c-hessler.de\/wp-content\/uploads\/2017\/12\/Werkst\u00fcck-vorher.jpg 585w, https:\/\/c-hessler.de\/wp-content\/uploads\/2017\/12\/Werkst\u00fcck-vorher-150x172.jpg 150w, https:\/\/c-hessler.de\/wp-content\/uploads\/2017\/12\/Werkst\u00fcck-vorher-510x583.jpg 510w, https:\/\/c-hessler.de\/wp-content\/uploads\/2017\/12\/Werkst\u00fcck-vorher-262x300.jpg 262w\" sizes=\"(max-width: 585px) 100vw, 585px\" \/><figcaption class=\"wp-element-caption\">Tarea: Fresar y redondear a ras el saliente del borde delantero<br><\/figcaption><\/figure>\n<\/div>\n\n\n\n<div class=\"wp-block-column is-layout-flow wp-block-column-is-layout-flow\">\n<figure class=\"wp-block-image size-full is-resized\"><img decoding=\"async\" width=\"684\" height=\"824\" src=\"https:\/\/c-hessler.de\/wp-content\/uploads\/2017\/12\/Werkst\u00fcck-nachher-III.jpg\" alt=\"Borde encolado en la esquina redondeado con R2.\" class=\"wp-image-10898\" style=\"aspect-ratio:0.8301103078038363;width:546px;height:auto\" srcset=\"https:\/\/c-hessler.de\/wp-content\/uploads\/2017\/12\/Werkst\u00fcck-nachher-III.jpg 684w, https:\/\/c-hessler.de\/wp-content\/uploads\/2017\/12\/Werkst\u00fcck-nachher-III-150x181.jpg 150w, https:\/\/c-hessler.de\/wp-content\/uploads\/2017\/12\/Werkst\u00fcck-nachher-III-510x614.jpg 510w, https:\/\/c-hessler.de\/wp-content\/uploads\/2017\/12\/Werkst\u00fcck-nachher-III-249x300.jpg 249w\" sizes=\"(max-width: 684px) 100vw, 684px\" \/><figcaption class=\"wp-element-caption\">Soluci\u00f3n: esquina redondeada inferior, superior y lateral<br><\/figcaption><\/figure>\n<\/div>\n<\/div>\n<\/div>\n<\/div>\n\n\n\n<div class=\"wp-block-columns are-vertically-aligned-center is-layout-flex wp-container-core-columns-is-layout-28f84493 wp-block-columns-is-layout-flex\">\n<div class=\"wp-block-column is-vertically-aligned-center is-layout-flow wp-block-column-is-layout-flow\">\n<h2 class=\"wp-block-heading title has-text-color\" id=\"h-merkmale-zum-system\" style=\"color:#131315\"><strong>Caracter\u00edsticas del sistema<\/strong><\/h2>\n\n\n\n<h5 class=\"wp-block-heading title has-text-color\" id=\"h-anwendungsgebiet\" style=\"color:#131315\">\u00c1mbito de aplicaci\u00f3n<\/h5>\n\n\n\n<p>Redondeo de los bordes encolados en la parte delantera.<\/p>\n\n\n\n<p>En comparaci\u00f3n con la unidad de copiado de una encoladora de cantos, el redondeo de esquinas es muy rentable.<\/p>\n\n\n\n<h5 class=\"wp-block-heading\" id=\"h-funktion-und-bedienung\">Funcionamiento y manejo<\/h5>\n\n\n\n<ul class=\"wp-block-list\">\n<li>La fresadora de cantos se fija en el sistema de esquinas.<\/li>\n\n\n\n<li>El cojinete de empuje de la fresa se gu\u00eda desde el primer lado sobre la esquina hasta el lado opuesto.<\/li>\n<\/ul>\n\n\n\n<h5 class=\"wp-block-heading\" id=\"h-preis\">Precio<\/h5>\n\n\n\n<p>Para que el redondeo de esquinas tenga \u00e9xito, debe ser posible un guiado preciso, especialmente con una m\u00e1quina el\u00e9ctrica relativamente pesada.<\/p>\n\n\n\n<p>Por ejemplo, el tope giratorio est\u00e1 rectificado con tolerancias estrechas.  Consulte el precio m\u00e1s arriba.<\/p>\n\n\n\n<h5 class=\"wp-block-heading\" id=\"h-technische-voraussetzungen\">Requisitos t\u00e9cnicos<\/h5>\n\n\n\n<ul class=\"wp-block-list\">\n<li>La fresa debe tener un cojinete de empuje.<\/li>\n\n\n\n<li>La m\u00e1quina debe tener un orificio pasante en la mesa para el pasador roscado M8 del tope giratorio.<\/li>\n\n\n\n<li>La superficie de apoyo marr\u00f3n de la mesa debe terminar delante de la fresa. Si la superficie de apoyo encierra la fresa, comun\u00edquenoslo. Entonces adaptaremos la Ecko en consecuencia.<\/li>\n<\/ul>\n\n\n\n<h5 class=\"wp-block-heading\" id=\"h-lieferumfang\">Volumen de suministro<\/h5>\n\n\n\n<ul class=\"wp-block-list\">\n<li>Tope giratorio<\/li>\n\n\n\n<li>Mesa con protector<\/li>\n\n\n\n<li>Collar\u00edn<\/li>\n\n\n\n<li>Freno de rodamiento axial modificado<\/li>\n\n\n\n<li>Instrucciones de uso<\/li>\n<\/ul>\n<\/div>\n\n\n\n<div class=\"wp-block-column is-vertically-aligned-center is-layout-flow wp-block-column-is-layout-flow\" style=\"flex-basis:60%\">\n<p>Ajuste sencillo del tope del canto. Esto evita que la fresadora gire hacia el borde.<\/p>\n\n\n\n<figure class=\"wp-block-boldblocks-youtube-block\"><div id=\"yb-video-oT24tX9sZoE\" class=\"yb-player\" data-video-id=\"oT24tX9sZoE\" data-title=\"Play\" style=\"background-image:url(https:\/\/img.youtube.com\/vi\/oT24tX9sZoE\/hqdefault.jpg)\"><button type=\"button\" class=\"yb-btn-play\"><span class=\"visually-hidden\">Jugar<\/span><\/button><\/div><figcaption class=\"yb-caption\">Redondeadora de esquinas Ecko: ajuste del tope del borde, parte 4 de 5<\/figcaption><\/figure>\n<\/div>\n<\/div>","protected":false},"excerpt":{"rendered":"<p>Fresadora de cantos Ecko VZ 100 90F MFK 1 para Festool MFK 700 con agujero pasante en la mesa, ver fotos. Consultar por otras fresadoras de cantos.<\/p>\n<ul>\n<li>Para un filo perfecto: estable, f\u00e1cil de manejar, preciso, duradero<\/li>\n<li>Instalaci\u00f3n muy f\u00e1cil, ajuste muy sencillo y r\u00e1pido<\/li>\n<li>Volumen de suministro: Ecko tal como se muestra, la fresadora de cantos no est\u00e1 incluida en el volumen de suministro.<\/li>\n<li>Alternativa: Redondee las esquinas con aire comprimido, v\u00e9ase <a href=\"https:\/\/c-hessler.de\/es\/tienda\/esquina-redonda-mz-02-90f\/\">aqu\u00ed<\/a><\/li>\n<\/ul>\n<p>Una vez realizado el pedido, se lo confirmaremos y le enviaremos los datos bancarios.<\/p>\n<p>Vea el v\u00eddeo a continuaci\u00f3n.<\/p>","protected":false},"featured_media":10887,"comment_status":"open","ping_status":"closed","template":"","meta":[],"product_brand":[],"product_cat":[58],"product_tag":[],"class_list":{"0":"post-10900","1":"product","2":"type-product","3":"status-publish","4":"has-post-thumbnail","6":"product_cat-handgefuehrte-maschinen","8":"first","9":"instock","10":"taxable","11":"shipping-taxable","12":"purchasable","13":"product-type-simple"},"yoast_head":"<!-- This site is optimized with the Yoast SEO Premium plugin v27.0 (Yoast SEO v27.4) - https:\/\/yoast.com\/product\/yoast-seo-premium-wordpress\/ -->\n<title>Ecken runden mit Festool-Kantenfr\u00e4se<\/title>\n<meta name=\"description\" content=\"Eine perfekte Kante braucht ein perfektes Eckenrunden. Dies gelingt mit der Festool MFK mit dem Eckenrunder-System Ecko. F\u00fcr Holz und Kunststoff.\" \/>\n<meta name=\"robots\" content=\"index, follow, max-snippet:-1, max-image-preview:large, max-video-preview:-1\" \/>\n<link rel=\"canonical\" href=\"https:\/\/c-hessler.de\/es\/tienda\/sistema-de-redondeo-de-esquinas-ecko-vz-100-90f-mfk-1\/\" \/>\n<meta property=\"og:locale\" content=\"es_ES\" \/>\n<meta property=\"og:type\" content=\"article\" \/>\n<meta property=\"og:title\" content=\"Eckenrunder-System Ecko VZ 100 90F MFK 1\" \/>\n<meta property=\"og:description\" content=\"Eine perfekte Kante braucht ein perfektes Eckenrunden. Dies gelingt mit der Festool MFK mit dem Eckenrunder-System Ecko. F\u00fcr Holz und Kunststoff.\" \/>\n<meta property=\"og:url\" content=\"https:\/\/c-hessler.de\/es\/tienda\/sistema-de-redondeo-de-esquinas-ecko-vz-100-90f-mfk-1\/\" \/>\n<meta property=\"og:site_name\" content=\"Dr. Christoph He\u00dfler Maschinensysteme\" \/>\n<meta property=\"article:publisher\" content=\"https:\/\/www.facebook.com\/DrChristophHesslerMaschinensysteme\/\" \/>\n<meta property=\"article:modified_time\" content=\"2025-12-10T14:10:02+00:00\" \/>\n<meta property=\"og:image\" content=\"https:\/\/c-hessler.de\/wp-content\/uploads\/2017\/12\/P1010019-freigestellt-III.png\" \/>\n\t<meta property=\"og:image:width\" content=\"2048\" \/>\n\t<meta property=\"og:image:height\" content=\"1536\" \/>\n\t<meta property=\"og:image:type\" content=\"image\/png\" \/>\n<meta name=\"twitter:label1\" content=\"Precio\" \/>\n\t<meta name=\"twitter:data1\" content=\"320,00&nbsp;&euro; ohne MwSt.\" \/>\n\t<meta name=\"twitter:label2\" content=\"Disponibilidad\" \/>\n\t<meta name=\"twitter:data2\" content=\"Disponible\" \/>\n<script type=\"application\/ld+json\" class=\"yoast-schema-graph\">{\"@context\":\"https:\\\/\\\/schema.org\",\"@graph\":[{\"@type\":\"WebPage\",\"@id\":\"https:\\\/\\\/c-hessler.de\\\/shop\\\/eckenrunder-system-ecko-vz-100-90f-mfk-1\\\/\",\"url\":\"https:\\\/\\\/c-hessler.de\\\/shop\\\/eckenrunder-system-ecko-vz-100-90f-mfk-1\\\/\",\"name\":\"Ecken runden mit Festool-Kantenfr\u00e4se\",\"isPartOf\":{\"@id\":\"https:\\\/\\\/c-hessler.de\\\/#website\"},\"primaryImageOfPage\":{\"@id\":\"https:\\\/\\\/c-hessler.de\\\/shop\\\/eckenrunder-system-ecko-vz-100-90f-mfk-1\\\/#primaryimage\"},\"image\":{\"@id\":\"https:\\\/\\\/c-hessler.de\\\/shop\\\/eckenrunder-system-ecko-vz-100-90f-mfk-1\\\/#primaryimage\"},\"thumbnailUrl\":\"https:\\\/\\\/c-hessler.de\\\/wp-content\\\/uploads\\\/2017\\\/12\\\/P1010019-freigestellt-III.png\",\"datePublished\":\"2017-12-05T23:43:22+00:00\",\"dateModified\":\"2025-12-10T14:10:02+00:00\",\"description\":\"Eine perfekte Kante braucht ein perfektes Eckenrunden. Dies gelingt mit der Festool MFK mit dem Eckenrunder-System Ecko. F\u00fcr Holz und Kunststoff.\",\"breadcrumb\":{\"@id\":\"https:\\\/\\\/c-hessler.de\\\/shop\\\/eckenrunder-system-ecko-vz-100-90f-mfk-1\\\/#breadcrumb\"},\"inLanguage\":\"es\",\"potentialAction\":[{\"@type\":\"ReadAction\",\"target\":[\"https:\\\/\\\/c-hessler.de\\\/shop\\\/eckenrunder-system-ecko-vz-100-90f-mfk-1\\\/\"]}]},{\"@type\":\"ImageObject\",\"inLanguage\":\"es\",\"@id\":\"https:\\\/\\\/c-hessler.de\\\/shop\\\/eckenrunder-system-ecko-vz-100-90f-mfk-1\\\/#primaryimage\",\"url\":\"https:\\\/\\\/c-hessler.de\\\/wp-content\\\/uploads\\\/2017\\\/12\\\/P1010019-freigestellt-III.png\",\"contentUrl\":\"https:\\\/\\\/c-hessler.de\\\/wp-content\\\/uploads\\\/2017\\\/12\\\/P1010019-freigestellt-III.png\",\"width\":2048,\"height\":1536,\"caption\":\"Die Komponenten des Eckenrunder-Systems Ecko\"},{\"@type\":\"BreadcrumbList\",\"@id\":\"https:\\\/\\\/c-hessler.de\\\/shop\\\/eckenrunder-system-ecko-vz-100-90f-mfk-1\\\/#breadcrumb\",\"itemListElement\":[{\"@type\":\"ListItem\",\"position\":1,\"name\":\"Produkte\",\"item\":\"https:\\\/\\\/c-hessler.de\\\/produkte\\\/\"},{\"@type\":\"ListItem\",\"position\":2,\"name\":\"Eckenrunder-System Ecko VZ 100 90F MFK 1\"}]},{\"@type\":\"WebSite\",\"@id\":\"https:\\\/\\\/c-hessler.de\\\/#website\",\"url\":\"https:\\\/\\\/c-hessler.de\\\/\",\"name\":\"www.c-hessler.de\",\"description\":\"\",\"publisher\":{\"@id\":\"https:\\\/\\\/c-hessler.de\\\/#organization\"},\"potentialAction\":[{\"@type\":\"SearchAction\",\"target\":{\"@type\":\"EntryPoint\",\"urlTemplate\":\"https:\\\/\\\/c-hessler.de\\\/?s={search_term_string}\"},\"query-input\":{\"@type\":\"PropertyValueSpecification\",\"valueRequired\":true,\"valueName\":\"search_term_string\"}}],\"inLanguage\":\"es\"},{\"@type\":\"Organization\",\"@id\":\"https:\\\/\\\/c-hessler.de\\\/#organization\",\"name\":\"Dr. Christoph He\u00dfler Maschinensysteme\",\"alternateName\":\"Dr. Christoph He\u00dfler Maschinensysteme\",\"url\":\"https:\\\/\\\/c-hessler.de\\\/\",\"logo\":{\"@type\":\"ImageObject\",\"inLanguage\":\"es\",\"@id\":\"https:\\\/\\\/c-hessler.de\\\/#\\\/schema\\\/logo\\\/image\\\/\",\"url\":\"https:\\\/\\\/c-hessler.de\\\/wp-content\\\/uploads\\\/2026\\\/02\\\/Draw-03-150312-110115-Ausgeschnitten-I.jpg\",\"contentUrl\":\"https:\\\/\\\/c-hessler.de\\\/wp-content\\\/uploads\\\/2026\\\/02\\\/Draw-03-150312-110115-Ausgeschnitten-I.jpg\",\"width\":445,\"height\":394,\"caption\":\"Dr. Christoph He\u00dfler Maschinensysteme\"},\"image\":{\"@id\":\"https:\\\/\\\/c-hessler.de\\\/#\\\/schema\\\/logo\\\/image\\\/\"},\"sameAs\":[\"https:\\\/\\\/www.facebook.com\\\/DrChristophHesslerMaschinensysteme\\\/\",\"https:\\\/\\\/www.pinterest.de\\\/hesstools\\\/\",\"https:\\\/\\\/www.youtube.com\\\/channel\\\/UCaNnXDGGF_BiYFQZ2kJgi-A?view_as=subscriber\"],\"description\":\"1. Ecken- und Kantenfr\u00e4sen f\u00fcr Tischler und Schreiner, Sonderanfertigungen 2. Auch f\u00fcr die Nachbearbeitung von Eck-Schwei\u00dfn\u00e4hten bei Aluminium-Werkstoffen, f\u00fcr Fahrzeugbauer oder Metallbauer aller Art\",\"email\":\"christoph.hessler@c-hessler.de\",\"telephone\":\"0527413012080\",\"legalName\":\"Dr. Christoph He\u00dfler Maschinensysteme\",\"foundingDate\":\"2003-06-05\",\"vatID\":\"DE230070107\",\"numberOfEmployees\":{\"@type\":\"QuantitativeValue\",\"minValue\":\"1\",\"maxValue\":\"10\"}}]}<\/script>\n<meta property=\"product:price:amount\" content=\"320.00\" \/>\n<meta property=\"product:price:currency\" content=\"EUR\" \/>\n<meta property=\"og:availability\" content=\"instock\" \/>\n<meta property=\"product:availability\" content=\"instock\" \/>\n<meta property=\"product:retailer_item_id\" content=\"eckenrunder-system-ecko-vz-100-90f-mfk-1\" \/>\n<meta property=\"product:condition\" content=\"new\" \/>\n<!-- \/ Yoast SEO Premium plugin. -->","yoast_head_json":{"title":"Redondeo de esquinas con la fresadora de cantos de Festool","description":"Un canto perfecto necesita un redondeo de esquinas perfecto. Esto se consigue con la MFK de Festool con el sistema de redondeo de esquinas Ecko. Para madera y pl\u00e1stico.","robots":{"index":"index","follow":"follow","max-snippet":"max-snippet:-1","max-image-preview":"max-image-preview:large","max-video-preview":"max-video-preview:-1"},"canonical":"https:\/\/c-hessler.de\/es\/tienda\/sistema-de-redondeo-de-esquinas-ecko-vz-100-90f-mfk-1\/","og_locale":"es_ES","og_type":"article","og_title":"Eckenrunder-System Ecko VZ 100 90F MFK 1","og_description":"Eine perfekte Kante braucht ein perfektes Eckenrunden. Dies gelingt mit der Festool MFK mit dem Eckenrunder-System Ecko. F\u00fcr Holz und Kunststoff.","og_url":"https:\/\/c-hessler.de\/es\/tienda\/sistema-de-redondeo-de-esquinas-ecko-vz-100-90f-mfk-1\/","og_site_name":"Dr. Christoph He\u00dfler Maschinensysteme","article_publisher":"https:\/\/www.facebook.com\/DrChristophHesslerMaschinensysteme\/","article_modified_time":"2025-12-10T14:10:02+00:00","og_image":[{"width":2048,"height":1536,"url":"https:\/\/c-hessler.de\/wp-content\/uploads\/2017\/12\/P1010019-freigestellt-III.png","type":"image\/png"}],"twitter_misc":{"Precio":"320,00&nbsp;&euro; ohne MwSt.","Disponibilidad":"Disponible"},"schema":{"@context":"https:\/\/schema.org","@graph":[{"@type":"WebPage","@id":"https:\/\/c-hessler.de\/shop\/eckenrunder-system-ecko-vz-100-90f-mfk-1\/","url":"https:\/\/c-hessler.de\/shop\/eckenrunder-system-ecko-vz-100-90f-mfk-1\/","name":"Redondeo de esquinas con la fresadora de cantos de Festool","isPartOf":{"@id":"https:\/\/c-hessler.de\/#website"},"primaryImageOfPage":{"@id":"https:\/\/c-hessler.de\/shop\/eckenrunder-system-ecko-vz-100-90f-mfk-1\/#primaryimage"},"image":{"@id":"https:\/\/c-hessler.de\/shop\/eckenrunder-system-ecko-vz-100-90f-mfk-1\/#primaryimage"},"thumbnailUrl":"https:\/\/c-hessler.de\/wp-content\/uploads\/2017\/12\/P1010019-freigestellt-III.png","datePublished":"2017-12-05T23:43:22+00:00","dateModified":"2025-12-10T14:10:02+00:00","description":"Un canto perfecto necesita un redondeo de esquinas perfecto. Esto se consigue con la MFK de Festool con el sistema de redondeo de esquinas Ecko. Para madera y pl\u00e1stico.","breadcrumb":{"@id":"https:\/\/c-hessler.de\/shop\/eckenrunder-system-ecko-vz-100-90f-mfk-1\/#breadcrumb"},"inLanguage":"es","potentialAction":[{"@type":"ReadAction","target":["https:\/\/c-hessler.de\/shop\/eckenrunder-system-ecko-vz-100-90f-mfk-1\/"]}]},{"@type":"ImageObject","inLanguage":"es","@id":"https:\/\/c-hessler.de\/shop\/eckenrunder-system-ecko-vz-100-90f-mfk-1\/#primaryimage","url":"https:\/\/c-hessler.de\/wp-content\/uploads\/2017\/12\/P1010019-freigestellt-III.png","contentUrl":"https:\/\/c-hessler.de\/wp-content\/uploads\/2017\/12\/P1010019-freigestellt-III.png","width":2048,"height":1536,"caption":"Die Komponenten des Eckenrunder-Systems Ecko"},{"@type":"BreadcrumbList","@id":"https:\/\/c-hessler.de\/shop\/eckenrunder-system-ecko-vz-100-90f-mfk-1\/#breadcrumb","itemListElement":[{"@type":"ListItem","position":1,"name":"Produkte","item":"https:\/\/c-hessler.de\/produkte\/"},{"@type":"ListItem","position":2,"name":"Eckenrunder-System Ecko VZ 100 90F MFK 1"}]},{"@type":"WebSite","@id":"https:\/\/c-hessler.de\/#website","url":"https:\/\/c-hessler.de\/","name":"www.c-hessler.de","description":"","publisher":{"@id":"https:\/\/c-hessler.de\/#organization"},"potentialAction":[{"@type":"SearchAction","target":{"@type":"EntryPoint","urlTemplate":"https:\/\/c-hessler.de\/?s={search_term_string}"},"query-input":{"@type":"PropertyValueSpecification","valueRequired":true,"valueName":"search_term_string"}}],"inLanguage":"es"},{"@type":"Organization","@id":"https:\/\/c-hessler.de\/#organization","name":"Dr. Christoph He\u00dfler Sistemas de m\u00e1quinas","alternateName":"Dr. Christoph He\u00dfler Maschinensysteme","url":"https:\/\/c-hessler.de\/","logo":{"@type":"ImageObject","inLanguage":"es","@id":"https:\/\/c-hessler.de\/#\/schema\/logo\/image\/","url":"https:\/\/c-hessler.de\/wp-content\/uploads\/2026\/02\/Draw-03-150312-110115-Ausgeschnitten-I.jpg","contentUrl":"https:\/\/c-hessler.de\/wp-content\/uploads\/2026\/02\/Draw-03-150312-110115-Ausgeschnitten-I.jpg","width":445,"height":394,"caption":"Dr. Christoph He\u00dfler Maschinensysteme"},"image":{"@id":"https:\/\/c-hessler.de\/#\/schema\/logo\/image\/"},"sameAs":["https:\/\/www.facebook.com\/DrChristophHesslerMaschinensysteme\/","https:\/\/www.pinterest.de\/hesstools\/","https:\/\/www.youtube.com\/channel\/UCaNnXDGGF_BiYFQZ2kJgi-A?view_as=subscriber"],"description":"1. Ecken- und Kantenfr\u00e4sen f\u00fcr Tischler und Schreiner, Sonderanfertigungen 2. Auch f\u00fcr die Nachbearbeitung von Eck-Schwei\u00dfn\u00e4hten bei Aluminium-Werkstoffen, f\u00fcr Fahrzeugbauer oder Metallbauer aller Art","email":"christoph.hessler@c-hessler.de","telephone":"0527413012080","legalName":"Dr. Christoph He\u00dfler Maschinensysteme","foundingDate":"2003-06-05","vatID":"DE230070107","numberOfEmployees":{"@type":"QuantitativeValue","minValue":"1","maxValue":"10"}}]},"product_price_amount":"320.00","product_price_currency":"EUR","og_availability":"instock","product_availability":"instock","product_retailer_item_id":"eckenrunder-system-ecko-vz-100-90f-mfk-1","product_condition":"new"},"_links":{"self":[{"href":"https:\/\/c-hessler.de\/es\/wp-json\/wp\/v2\/product\/10900","targetHints":{"allow":["GET"]}}],"collection":[{"href":"https:\/\/c-hessler.de\/es\/wp-json\/wp\/v2\/product"}],"about":[{"href":"https:\/\/c-hessler.de\/es\/wp-json\/wp\/v2\/types\/product"}],"replies":[{"embeddable":true,"href":"https:\/\/c-hessler.de\/es\/wp-json\/wp\/v2\/comments?post=10900"}],"wp:featuredmedia":[{"embeddable":true,"href":"https:\/\/c-hessler.de\/es\/wp-json\/wp\/v2\/media\/10887"}],"wp:attachment":[{"href":"https:\/\/c-hessler.de\/es\/wp-json\/wp\/v2\/media?parent=10900"}],"wp:term":[{"taxonomy":"product_brand","embeddable":true,"href":"https:\/\/c-hessler.de\/es\/wp-json\/wp\/v2\/product_brand?post=10900"},{"taxonomy":"product_cat","embeddable":true,"href":"https:\/\/c-hessler.de\/es\/wp-json\/wp\/v2\/product_cat?post=10900"},{"taxonomy":"product_tag","embeddable":true,"href":"https:\/\/c-hessler.de\/es\/wp-json\/wp\/v2\/product_tag?post=10900"}],"curies":[{"name":"wp","href":"https:\/\/api.w.org\/{rel}","templated":true}]}}