{"id":10928,"date":"2017-12-07T22:47:34","date_gmt":"2017-12-07T21:47:34","guid":{"rendered":"https:\/\/c-hessler.de\/?post_type=product&#038;p=10928"},"modified":"2025-12-10T14:45:49","modified_gmt":"2025-12-10T13:45:49","slug":"notcher-mz-02-90f-a-e","status":"publish","type":"product","link":"https:\/\/c-hessler.de\/es\/shop\/ausklinker-mz-02-90f-a-e\/","title":{"rendered":"MZ 02 90F A E"},"content":{"rendered":"<div class=\"wp-block-columns are-vertically-aligned-center is-layout-flex wp-container-core-columns-is-layout-28f84493 wp-block-columns-is-layout-flex\">\n<div class=\"wp-block-column is-vertically-aligned-center is-layout-flow wp-block-column-is-layout-flow\">\n<figure class=\"wp-block-boldblocks-youtube-block alignfull\"><div id=\"yb-video-r7KxTJPhFGw\" class=\"yb-player\" data-video-id=\"r7KxTJPhFGw\" data-title=\"Play\" style=\"background-image:url(https:\/\/img.youtube.com\/vi\/r7KxTJPhFGw\/hqdefault.jpg)\"><button type=\"button\" class=\"yb-btn-play\"><span class=\"visually-hidden\">Jugar<\/span><\/button><\/div><figcaption class=\"yb-caption\">V\u00eddeo original de nuestro cliente Stora Enso, planta de Ybbs, Austria<\/figcaption><\/figure>\n<\/div>\n\n\n\n<div class=\"wp-block-column is-vertically-aligned-center is-layout-flow wp-block-column-is-layout-flow\" style=\"flex-basis:60%\">\n<div class=\"wp-block-columns is-layout-flex wp-container-core-columns-is-layout-28f84493 wp-block-columns-is-layout-flex\">\n<div class=\"wp-block-column is-layout-flow wp-block-column-is-layout-flow\">\n<p class=\"has-text-align-left title has-text-color\" style=\"color:#131315\">La entalladora grande MZ 02 90F A E est\u00e1 dise\u00f1ada para procesar madera maciza laminada. El rendimiento de la entalladora de muebles MZ 02 90F A (sin E) ya no es suficiente para ello. Se eliminan los redondeos de las esquinas interiores. Antes se dejaban al fresar un recorte. La m\u00e1quina est\u00e1 construida con placas de aluminio. Peso: 13,5 kg.<\/p>\n\n\n\n<p class=\"title has-text-color\" style=\"color:#131315\">Al fresar un recorte en madera laminada encolada, la parte recortada permanece en la pieza. Para retirarla, es necesario retirar la pieza de la m\u00e1quina. Por lo tanto, es necesario volver a colocarla posteriormente. Esto es laborioso y requiere mucho tiempo.<\/p>\n\n\n\n<p class=\"title has-text-color\" style=\"color:#131315\">La gran entalladora MZ 02 90F A E elimina la necesidad de reposicionamiento con precisi\u00f3n de fresado. Mientras se eliminan los redondeos en las esquinas interiores de la primera pieza, ya se puede procesar una segunda pieza en la fresadora.<\/p>\n\n\n\n<p class=\"title has-text-color\" style=\"color:#131315\">El cliente se quita de encima la tramitaci\u00f3n, lo que se est\u00e1 convirtiendo en una tendencia general cada vez m\u00e1s popular.<\/p>\n<\/div>\n<\/div>\n<\/div>\n<\/div>\n\n\n\n<p class=\"title has-text-color\" style=\"color:#131315\"><\/p>\n\n\n\n<div class=\"wp-block-columns are-vertically-aligned-center is-layout-flex wp-container-core-columns-is-layout-28f84493 wp-block-columns-is-layout-flex\">\n<div class=\"wp-block-column is-layout-flow wp-block-column-is-layout-flow\"><\/div>\n<\/div>\n\n\n\n<div style=\"height:30px\" aria-hidden=\"true\" class=\"wp-block-spacer\"><\/div>","protected":false},"excerpt":{"rendered":"<p class=\"ai-optimize-32\">La entalladora grande MZ 02 90F A E ha sido dise\u00f1ada para procesar madera laminada cruzada, madera laminada maciza o CLT.<\/p>\n<p class=\"ai-optimize-33\">Se eliminan los redondeos de las esquinas interiores que quedan despu\u00e9s de fresar un recorte.<\/p>\n<p class=\"ai-optimize-34\">Las piezas de trabajo, a menudo muy grandes, ya no necesitan reposicionarse en el proceso de trabajo. Permanecen fuera de la m\u00e1quina CNC para fresar las esquinas interiores con la gran entalladora MZ 02 90F A E. El cliente de la pieza recibe una pieza de mayor calidad.<\/p>","protected":false},"featured_media":10929,"comment_status":"open","ping_status":"closed","template":"","meta":[],"product_brand":[],"product_cat":[58],"product_tag":[38,39],"class_list":{"0":"post-10928","1":"product","2":"type-product","3":"status-publish","4":"has-post-thumbnail","6":"product_cat-handgefuehrte-maschinen","7":"product_tag-handgefuehrt","8":"product_tag-innenecken","10":"first","11":"instock","12":"taxable","13":"shipping-taxable","14":"purchasable","15":"product-type-simple"},"yoast_head":"<!-- This site is optimized with the Yoast SEO Premium plugin v27.0 (Yoast SEO v27.4) - https:\/\/yoast.com\/product\/yoast-seo-premium-wordpress\/ -->\n<title>Gro\u00df-Ausklinker MZ 02 90F A E f\u00fcr Brettsperrholz<\/title>\n<meta name=\"description\" content=\"Der Gro\u00df-Ausklinker MZ 02 90F A E f\u00fcr Brettsperrholz erzeugt eine scharfkantige Innenecke. Hohe Genauigkeit, Hub bis 220 mm oder mehr.\" \/>\n<meta name=\"robots\" content=\"index, follow, max-snippet:-1, max-image-preview:large, max-video-preview:-1\" \/>\n<link rel=\"canonical\" href=\"https:\/\/c-hessler.de\/es\/tienda\/notcher-mz-02-90f-a-e\/\" \/>\n<meta property=\"og:locale\" content=\"es_ES\" \/>\n<meta property=\"og:type\" content=\"article\" \/>\n<meta property=\"og:title\" content=\"Gro\u00df-Ausklinker MZ 02 90F A E\" \/>\n<meta property=\"og:description\" content=\"Der Gro\u00df-Ausklinker MZ 02 90F A E f\u00fcr Brettsperrholz erzeugt eine scharfkantige Innenecke. Hohe Genauigkeit, Hub bis 220 mm oder mehr.\" \/>\n<meta property=\"og:url\" content=\"https:\/\/c-hessler.de\/es\/tienda\/notcher-mz-02-90f-a-e\/\" \/>\n<meta property=\"og:site_name\" content=\"Dr. Christoph He\u00dfler Maschinensysteme\" \/>\n<meta property=\"article:publisher\" content=\"https:\/\/www.facebook.com\/DrChristophHesslerMaschinensysteme\/\" \/>\n<meta property=\"article:modified_time\" content=\"2025-12-10T13:45:49+00:00\" \/>\n<meta property=\"og:image\" content=\"https:\/\/c-hessler.de\/wp-content\/uploads\/2017\/12\/P1010035-freigestellt.jpg\" \/>\n\t<meta property=\"og:image:width\" content=\"2048\" \/>\n\t<meta property=\"og:image:height\" content=\"1536\" \/>\n\t<meta property=\"og:image:type\" content=\"image\/jpeg\" \/>\n<meta name=\"twitter:label1\" content=\"Precio\" \/>\n\t<meta name=\"twitter:data1\" content=\"5.375,00&nbsp;&euro; ohne MwSt.\" \/>\n\t<meta name=\"twitter:label2\" content=\"Disponibilidad\" \/>\n\t<meta name=\"twitter:data2\" content=\"Disponible\" \/>\n<script type=\"application\/ld+json\" class=\"yoast-schema-graph\">{\"@context\":\"https:\\\/\\\/schema.org\",\"@graph\":[{\"@type\":\"WebPage\",\"@id\":\"https:\\\/\\\/c-hessler.de\\\/pl\\\/sklep\\\/notcher-mz-02-90f-a-e\\\/\",\"url\":\"https:\\\/\\\/c-hessler.de\\\/pl\\\/sklep\\\/notcher-mz-02-90f-a-e\\\/\",\"name\":\"Gro\u00df-Ausklinker MZ 02 90F A E f\u00fcr Brettsperrholz\",\"isPartOf\":{\"@id\":\"https:\\\/\\\/c-hessler.de\\\/#website\"},\"primaryImageOfPage\":{\"@id\":\"https:\\\/\\\/c-hessler.de\\\/pl\\\/sklep\\\/notcher-mz-02-90f-a-e\\\/#primaryimage\"},\"image\":{\"@id\":\"https:\\\/\\\/c-hessler.de\\\/pl\\\/sklep\\\/notcher-mz-02-90f-a-e\\\/#primaryimage\"},\"thumbnailUrl\":\"https:\\\/\\\/c-hessler.de\\\/wp-content\\\/uploads\\\/2017\\\/12\\\/P1010035-freigestellt.jpg\",\"datePublished\":\"2017-12-07T21:47:34+00:00\",\"dateModified\":\"2025-12-10T13:45:49+00:00\",\"description\":\"Der Gro\u00df-Ausklinker MZ 02 90F A E f\u00fcr Brettsperrholz erzeugt eine scharfkantige Innenecke. Hohe Genauigkeit, Hub bis 220 mm oder mehr.\",\"breadcrumb\":{\"@id\":\"https:\\\/\\\/c-hessler.de\\\/pl\\\/sklep\\\/notcher-mz-02-90f-a-e\\\/#breadcrumb\"},\"inLanguage\":\"es\",\"potentialAction\":[{\"@type\":\"ReadAction\",\"target\":[\"https:\\\/\\\/c-hessler.de\\\/pl\\\/sklep\\\/notcher-mz-02-90f-a-e\\\/\"]}]},{\"@type\":\"ImageObject\",\"inLanguage\":\"es\",\"@id\":\"https:\\\/\\\/c-hessler.de\\\/pl\\\/sklep\\\/notcher-mz-02-90f-a-e\\\/#primaryimage\",\"url\":\"https:\\\/\\\/c-hessler.de\\\/wp-content\\\/uploads\\\/2017\\\/12\\\/P1010035-freigestellt.jpg\",\"contentUrl\":\"https:\\\/\\\/c-hessler.de\\\/wp-content\\\/uploads\\\/2017\\\/12\\\/P1010035-freigestellt.jpg\",\"width\":2048,\"height\":1536,\"caption\":\"F\u00fcr die Anwendung f\u00fcr 220mm Wandst\u00e4rke und mehr\"},{\"@type\":\"BreadcrumbList\",\"@id\":\"https:\\\/\\\/c-hessler.de\\\/pl\\\/sklep\\\/notcher-mz-02-90f-a-e\\\/#breadcrumb\",\"itemListElement\":[{\"@type\":\"ListItem\",\"position\":1,\"name\":\"Produkte\",\"item\":\"https:\\\/\\\/c-hessler.de\\\/produkte\\\/\"},{\"@type\":\"ListItem\",\"position\":2,\"name\":\"Gro\u00df-Ausklinker MZ 02 90F A E\"}]},{\"@type\":\"WebSite\",\"@id\":\"https:\\\/\\\/c-hessler.de\\\/#website\",\"url\":\"https:\\\/\\\/c-hessler.de\\\/\",\"name\":\"www.c-hessler.de\",\"description\":\"\",\"publisher\":{\"@id\":\"https:\\\/\\\/c-hessler.de\\\/#organization\"},\"potentialAction\":[{\"@type\":\"SearchAction\",\"target\":{\"@type\":\"EntryPoint\",\"urlTemplate\":\"https:\\\/\\\/c-hessler.de\\\/?s={search_term_string}\"},\"query-input\":{\"@type\":\"PropertyValueSpecification\",\"valueRequired\":true,\"valueName\":\"search_term_string\"}}],\"inLanguage\":\"es\"},{\"@type\":\"Organization\",\"@id\":\"https:\\\/\\\/c-hessler.de\\\/#organization\",\"name\":\"Dr. Christoph He\u00dfler Maschinensysteme\",\"alternateName\":\"Dr. Christoph He\u00dfler Maschinensysteme\",\"url\":\"https:\\\/\\\/c-hessler.de\\\/\",\"logo\":{\"@type\":\"ImageObject\",\"inLanguage\":\"es\",\"@id\":\"https:\\\/\\\/c-hessler.de\\\/#\\\/schema\\\/logo\\\/image\\\/\",\"url\":\"https:\\\/\\\/c-hessler.de\\\/wp-content\\\/uploads\\\/2026\\\/02\\\/Draw-03-150312-110115-Ausgeschnitten-I.jpg\",\"contentUrl\":\"https:\\\/\\\/c-hessler.de\\\/wp-content\\\/uploads\\\/2026\\\/02\\\/Draw-03-150312-110115-Ausgeschnitten-I.jpg\",\"width\":445,\"height\":394,\"caption\":\"Dr. Christoph He\u00dfler Maschinensysteme\"},\"image\":{\"@id\":\"https:\\\/\\\/c-hessler.de\\\/#\\\/schema\\\/logo\\\/image\\\/\"},\"sameAs\":[\"https:\\\/\\\/www.facebook.com\\\/DrChristophHesslerMaschinensysteme\\\/\",\"https:\\\/\\\/www.pinterest.de\\\/hesstools\\\/\",\"https:\\\/\\\/www.youtube.com\\\/channel\\\/UCaNnXDGGF_BiYFQZ2kJgi-A?view_as=subscriber\"],\"description\":\"1. Ecken- und Kantenfr\u00e4sen f\u00fcr Tischler und Schreiner, Sonderanfertigungen 2. Auch f\u00fcr die Nachbearbeitung von Eck-Schwei\u00dfn\u00e4hten bei Aluminium-Werkstoffen, f\u00fcr Fahrzeugbauer oder Metallbauer aller Art\",\"email\":\"christoph.hessler@c-hessler.de\",\"telephone\":\"0527413012080\",\"legalName\":\"Dr. Christoph He\u00dfler Maschinensysteme\",\"foundingDate\":\"2003-06-05\",\"vatID\":\"DE230070107\",\"numberOfEmployees\":{\"@type\":\"QuantitativeValue\",\"minValue\":\"1\",\"maxValue\":\"10\"}}]}<\/script>\n<meta property=\"og:video\" content=\"https:\/\/www.youtube.com\/embed\/r7KxTJPhFGw\" \/>\n<meta property=\"og:video:type\" content=\"text\/html\" \/>\n<meta property=\"og:video:duration\" content=\"120\" \/>\n<meta property=\"og:video:width\" content=\"480\" \/>\n<meta property=\"og:video:height\" content=\"270\" \/>\n<meta property=\"ya:ovs:adult\" content=\"false\" \/>\n<meta property=\"ya:ovs:upload_date\" content=\"2017-12-07T21:47:34+00:00\" \/>\n<meta property=\"ya:ovs:allow_embed\" content=\"true\" \/>\n<meta property=\"product:price:amount\" content=\"5375.00\" \/>\n<meta property=\"product:price:currency\" content=\"EUR\" \/>\n<meta property=\"og:availability\" content=\"instock\" \/>\n<meta property=\"product:availability\" content=\"instock\" \/>\n<meta property=\"product:retailer_item_id\" content=\"ausklinker-mz-02-90f-a-e\" \/>\n<meta property=\"product:condition\" content=\"new\" \/>\n<!-- \/ Yoast SEO Premium plugin. -->","yoast_head_json":{"title":"Gran entalladora MZ 02 90F A E para madera contralaminada","description":"La entalladora grande MZ 02 90F A E para madera laminada transversal produce una esquina interior de bordes afilados. Alta precisi\u00f3n, carrera de hasta 220 mm o m\u00e1s.","robots":{"index":"index","follow":"follow","max-snippet":"max-snippet:-1","max-image-preview":"max-image-preview:large","max-video-preview":"max-video-preview:-1"},"canonical":"https:\/\/c-hessler.de\/es\/tienda\/notcher-mz-02-90f-a-e\/","og_locale":"es_ES","og_type":"article","og_title":"Gro\u00df-Ausklinker MZ 02 90F A E","og_description":"Der Gro\u00df-Ausklinker MZ 02 90F A E f\u00fcr Brettsperrholz erzeugt eine scharfkantige Innenecke. Hohe Genauigkeit, Hub bis 220 mm oder mehr.","og_url":"https:\/\/c-hessler.de\/es\/tienda\/notcher-mz-02-90f-a-e\/","og_site_name":"Dr. Christoph He\u00dfler Maschinensysteme","article_publisher":"https:\/\/www.facebook.com\/DrChristophHesslerMaschinensysteme\/","article_modified_time":"2025-12-10T13:45:49+00:00","og_image":[{"width":2048,"height":1536,"url":"https:\/\/c-hessler.de\/wp-content\/uploads\/2017\/12\/P1010035-freigestellt.jpg","type":"image\/jpeg"}],"twitter_misc":{"Precio":"5.375,00&nbsp;&euro; ohne MwSt.","Disponibilidad":"Disponible"},"schema":{"@context":"https:\/\/schema.org","@graph":[{"@type":"WebPage","@id":"https:\/\/c-hessler.de\/pl\/sklep\/notcher-mz-02-90f-a-e\/","url":"https:\/\/c-hessler.de\/pl\/sklep\/notcher-mz-02-90f-a-e\/","name":"Gran entalladora MZ 02 90F A E para madera contralaminada","isPartOf":{"@id":"https:\/\/c-hessler.de\/#website"},"primaryImageOfPage":{"@id":"https:\/\/c-hessler.de\/pl\/sklep\/notcher-mz-02-90f-a-e\/#primaryimage"},"image":{"@id":"https:\/\/c-hessler.de\/pl\/sklep\/notcher-mz-02-90f-a-e\/#primaryimage"},"thumbnailUrl":"https:\/\/c-hessler.de\/wp-content\/uploads\/2017\/12\/P1010035-freigestellt.jpg","datePublished":"2017-12-07T21:47:34+00:00","dateModified":"2025-12-10T13:45:49+00:00","description":"La entalladora grande MZ 02 90F A E para madera laminada transversal produce una esquina interior de bordes afilados. Alta precisi\u00f3n, carrera de hasta 220 mm o m\u00e1s.","breadcrumb":{"@id":"https:\/\/c-hessler.de\/pl\/sklep\/notcher-mz-02-90f-a-e\/#breadcrumb"},"inLanguage":"es","potentialAction":[{"@type":"ReadAction","target":["https:\/\/c-hessler.de\/pl\/sklep\/notcher-mz-02-90f-a-e\/"]}]},{"@type":"ImageObject","inLanguage":"es","@id":"https:\/\/c-hessler.de\/pl\/sklep\/notcher-mz-02-90f-a-e\/#primaryimage","url":"https:\/\/c-hessler.de\/wp-content\/uploads\/2017\/12\/P1010035-freigestellt.jpg","contentUrl":"https:\/\/c-hessler.de\/wp-content\/uploads\/2017\/12\/P1010035-freigestellt.jpg","width":2048,"height":1536,"caption":"F\u00fcr die Anwendung f\u00fcr 220mm Wandst\u00e4rke und mehr"},{"@type":"BreadcrumbList","@id":"https:\/\/c-hessler.de\/pl\/sklep\/notcher-mz-02-90f-a-e\/#breadcrumb","itemListElement":[{"@type":"ListItem","position":1,"name":"Produkte","item":"https:\/\/c-hessler.de\/produkte\/"},{"@type":"ListItem","position":2,"name":"Gro\u00df-Ausklinker MZ 02 90F A E"}]},{"@type":"WebSite","@id":"https:\/\/c-hessler.de\/#website","url":"https:\/\/c-hessler.de\/","name":"www.c-hessler.de","description":"","publisher":{"@id":"https:\/\/c-hessler.de\/#organization"},"potentialAction":[{"@type":"SearchAction","target":{"@type":"EntryPoint","urlTemplate":"https:\/\/c-hessler.de\/?s={search_term_string}"},"query-input":{"@type":"PropertyValueSpecification","valueRequired":true,"valueName":"search_term_string"}}],"inLanguage":"es"},{"@type":"Organization","@id":"https:\/\/c-hessler.de\/#organization","name":"Dr. Christoph He\u00dfler Sistemas de m\u00e1quinas","alternateName":"Dr. Christoph He\u00dfler Maschinensysteme","url":"https:\/\/c-hessler.de\/","logo":{"@type":"ImageObject","inLanguage":"es","@id":"https:\/\/c-hessler.de\/#\/schema\/logo\/image\/","url":"https:\/\/c-hessler.de\/wp-content\/uploads\/2026\/02\/Draw-03-150312-110115-Ausgeschnitten-I.jpg","contentUrl":"https:\/\/c-hessler.de\/wp-content\/uploads\/2026\/02\/Draw-03-150312-110115-Ausgeschnitten-I.jpg","width":445,"height":394,"caption":"Dr. Christoph He\u00dfler Maschinensysteme"},"image":{"@id":"https:\/\/c-hessler.de\/#\/schema\/logo\/image\/"},"sameAs":["https:\/\/www.facebook.com\/DrChristophHesslerMaschinensysteme\/","https:\/\/www.pinterest.de\/hesstools\/","https:\/\/www.youtube.com\/channel\/UCaNnXDGGF_BiYFQZ2kJgi-A?view_as=subscriber"],"description":"1. Ecken- und Kantenfr\u00e4sen f\u00fcr Tischler und Schreiner, Sonderanfertigungen 2. Auch f\u00fcr die Nachbearbeitung von Eck-Schwei\u00dfn\u00e4hten bei Aluminium-Werkstoffen, f\u00fcr Fahrzeugbauer oder Metallbauer aller Art","email":"christoph.hessler@c-hessler.de","telephone":"0527413012080","legalName":"Dr. Christoph He\u00dfler Maschinensysteme","foundingDate":"2003-06-05","vatID":"DE230070107","numberOfEmployees":{"@type":"QuantitativeValue","minValue":"1","maxValue":"10"}}]},"og_video":"https:\/\/www.youtube.com\/embed\/r7KxTJPhFGw","og_video_type":"text\/html","og_video_duration":"120","og_video_width":"480","og_video_height":"270","ya_ovs_adult":"false","ya_ovs_upload_date":"2017-12-07T21:47:34+00:00","ya_ovs_allow_embed":"true","product_price_amount":"5375.00","product_price_currency":"EUR","og_availability":"instock","product_availability":"instock","product_retailer_item_id":"ausklinker-mz-02-90f-a-e","product_condition":"new"},"_links":{"self":[{"href":"https:\/\/c-hessler.de\/es\/wp-json\/wp\/v2\/product\/10928","targetHints":{"allow":["GET"]}}],"collection":[{"href":"https:\/\/c-hessler.de\/es\/wp-json\/wp\/v2\/product"}],"about":[{"href":"https:\/\/c-hessler.de\/es\/wp-json\/wp\/v2\/types\/product"}],"replies":[{"embeddable":true,"href":"https:\/\/c-hessler.de\/es\/wp-json\/wp\/v2\/comments?post=10928"}],"wp:featuredmedia":[{"embeddable":true,"href":"https:\/\/c-hessler.de\/es\/wp-json\/wp\/v2\/media\/10929"}],"wp:attachment":[{"href":"https:\/\/c-hessler.de\/es\/wp-json\/wp\/v2\/media?parent=10928"}],"wp:term":[{"taxonomy":"product_brand","embeddable":true,"href":"https:\/\/c-hessler.de\/es\/wp-json\/wp\/v2\/product_brand?post=10928"},{"taxonomy":"product_cat","embeddable":true,"href":"https:\/\/c-hessler.de\/es\/wp-json\/wp\/v2\/product_cat?post=10928"},{"taxonomy":"product_tag","embeddable":true,"href":"https:\/\/c-hessler.de\/es\/wp-json\/wp\/v2\/product_tag?post=10928"}],"curies":[{"name":"wp","href":"https:\/\/api.w.org\/{rel}","templated":true}]}}