{"id":205738,"date":"2019-05-01T18:57:37","date_gmt":"2019-05-01T16:57:37","guid":{"rendered":"https:\/\/c-hessler.de\/?post_type=product&#038;p=205738"},"modified":"2025-12-15T17:46:46","modified_gmt":"2025-12-15T16:46:46","slug":"clinker-ligero-mz-02-90f-a-l","status":"publish","type":"product","link":"https:\/\/c-hessler.de\/es\/shop\/leicht-ausklinker-mz-02-90f-a-l\/","title":{"rendered":"Escuadradora ligera MZ 02 90F A L"},"content":{"rendered":"<div class=\"wp-block-columns is-layout-flex wp-container-core-columns-is-layout-28f84493 wp-block-columns-is-layout-flex\">\n<div class=\"wp-block-column is-layout-flow wp-block-column-is-layout-flow\">\n<figure class=\"wp-block-boldblocks-youtube-block\"><div id=\"yb-video-iOkxv18j-Zk\" class=\"yb-player\" data-video-id=\"iOkxv18j-Zk\" data-title=\"Play\" style=\"background-image:url(https:\/\/img.youtube.com\/vi\/iOkxv18j-Zk\/hqdefault.jpg)\"><button type=\"button\" class=\"yb-btn-play\"><span class=\"visually-hidden\">Jugar<\/span><\/button><\/div><\/figure>\n<\/div>\n\n\n\n<div class=\"wp-block-column is-layout-flow wp-block-column-is-layout-flow\">\n<p class=\"title has-text-color\" style=\"color:#131315\">La entalladora ligera MZ 02 90F A L es una nueva herramienta el\u00e9ctrica para procesar madera laminada cruzada, tambi\u00e9n conocida como CLT o madera laminada maciza.  Se eliminan los redondeos de las esquinas interiores. Antes se dejaban al fresar un recorte.<\/p>\n\n\n\n<p><strong>El redondeo en una esquina interior puede eliminarse hasta el suelo.<\/strong><\/p>\n<\/div>\n<\/div>\n\n\n\n<div style=\"height:30px\" aria-hidden=\"true\" class=\"wp-block-spacer\"><\/div>\n\n\n\n<div class=\"wp-block-columns is-layout-flex wp-container-core-columns-is-layout-28f84493 wp-block-columns-is-layout-flex\">\n<div class=\"wp-block-column is-layout-flow wp-block-column-is-layout-flow\" style=\"flex-basis:66.66%\">\n<p>Al fresar un recorte en madera contralaminada, la parte recortada permanece en la pieza. Para extraerla, es necesario retirar la pieza de la m\u00e1quina. Por lo tanto, es necesario volver a posicionarla posteriormente. Esto es laborioso y requiere mucho tiempo.<\/p>\n\n\n\n<p>La entalladora ligera MZ 02 90F A L elimina la necesidad de reposicionamiento con precisi\u00f3n de fresado. Mientras se eliminan los redondeos en las esquinas interiores de la primera pieza, ya se puede procesar una segunda pieza en la fresadora.<\/p>\n\n\n\n<p>El cliente se quita de encima la tramitaci\u00f3n, lo que se est\u00e1 convirtiendo en una tendencia general cada vez m\u00e1s popular.<\/p>\n<\/div>\n\n\n\n<div class=\"wp-block-column is-layout-flow wp-block-column-is-layout-flow\" style=\"flex-basis:33.33%\">\n<figure class=\"wp-block-image size-large\"><img fetchpriority=\"high\" decoding=\"async\" width=\"995\" height=\"1024\" src=\"https:\/\/c-hessler.de\/wp-content\/uploads\/2019\/05\/BMWi_Fz_2017_Office_Farbe_de-995x1024.png\" alt=\"Promoci\u00f3n para Holz-Handwerk 2022\" class=\"wp-image-206342\" srcset=\"https:\/\/c-hessler.de\/wp-content\/uploads\/2019\/05\/BMWi_Fz_2017_Office_Farbe_de-995x1024.png 995w, https:\/\/c-hessler.de\/wp-content\/uploads\/2019\/05\/BMWi_Fz_2017_Office_Farbe_de-291x300.png 291w, https:\/\/c-hessler.de\/wp-content\/uploads\/2019\/05\/BMWi_Fz_2017_Office_Farbe_de-768x791.png 768w, https:\/\/c-hessler.de\/wp-content\/uploads\/2019\/05\/BMWi_Fz_2017_Office_Farbe_de-1080x1112.png 1080w, https:\/\/c-hessler.de\/wp-content\/uploads\/2019\/05\/BMWi_Fz_2017_Office_Farbe_de-1280x1318.png 1280w, https:\/\/c-hessler.de\/wp-content\/uploads\/2019\/05\/BMWi_Fz_2017_Office_Farbe_de-980x1009.png 980w, https:\/\/c-hessler.de\/wp-content\/uploads\/2019\/05\/BMWi_Fz_2017_Office_Farbe_de-480x494.png 480w, https:\/\/c-hessler.de\/wp-content\/uploads\/2019\/05\/BMWi_Fz_2017_Office_Farbe_de-800x824.png 800w, https:\/\/c-hessler.de\/wp-content\/uploads\/2019\/05\/BMWi_Fz_2017_Office_Farbe_de-150x154.png 150w, https:\/\/c-hessler.de\/wp-content\/uploads\/2019\/05\/BMWi_Fz_2017_Office_Farbe_de.png 1360w\" sizes=\"(max-width: 995px) 100vw, 995px\" \/><\/figure>\n<\/div>\n<\/div>\n\n\n\n<div class=\"wp-block-columns are-vertically-aligned-center is-layout-flex wp-container-core-columns-is-layout-28f84493 wp-block-columns-is-layout-flex\">\n<div class=\"wp-block-column is-layout-flow wp-block-column-is-layout-flow\"><\/div>\n<\/div>\n\n\n\n<div style=\"height:30px\" aria-hidden=\"true\" class=\"wp-block-spacer\"><\/div>","protected":false},"excerpt":{"rendered":"<p>La entalladora ligera MZ 02 90F A L ha sido dise\u00f1ada para el procesado ligero de <a href=\"https:\/\/de.wikipedia.org\/wiki\/Brettsperrholz\">Madera contralaminada CLT<\/a>. <strong>Las esquinas interiores est\u00e1n redondeadas<\/strong>que quedan despu\u00e9s de fresar un recorte.<\/p>\n<ul>\n<li>Eliminaci\u00f3n del redondeo de una esquina interior <strong>excepto un fondo o pliegue en el <\/strong><strong>Pieza de trabajo<\/strong><\/li>\n<li>Inmersi\u00f3n en recortes a partir de aprox. 250 mm x 250 mm, con cable fijo tambi\u00e9n aprox. 200 mm x 200 mm, inmersi\u00f3n a partir de aprox. 400 mm x 400 mm,<\/li>\n<li>Hasta 290 mm de profundidad de serie<\/li>\n<li>Facilidad de trabajo gracias a un peso muy reducido, de m\u00e1s de 13 kg para el <a href=\"https:\/\/c-hessler.de\/es\/tienda\/notcher-mz-02-90f-a-e\/\">Muescas grandes<\/a> \u00a1a poco menos de 4 kg ahora!<\/li>\n<\/ul>\n<p>El cliente de la madera laminada cruzada recibe una pieza de mayor calidad.<\/p>","protected":false},"featured_media":205740,"comment_status":"open","ping_status":"closed","template":"","meta":[],"product_brand":[],"product_cat":[58],"product_tag":[38,39],"class_list":{"0":"post-205738","1":"product","2":"type-product","3":"status-publish","4":"has-post-thumbnail","6":"product_cat-handgefuehrte-maschinen","7":"product_tag-handgefuehrt","8":"product_tag-innenecken","10":"first","11":"instock","12":"taxable","13":"shipping-taxable","14":"purchasable","15":"product-type-simple"},"yoast_head":"<!-- This site is optimized with the Yoast SEO Premium plugin v27.0 (Yoast SEO v27.4) - https:\/\/yoast.com\/product\/yoast-seo-premium-wordpress\/ -->\n<title>Leicht-Ausklinker MZ 02 90F A L f\u00fcr Brettsperrholz CLT<\/title>\n<meta name=\"description\" content=\"Der Leicht-Ausklinker MZ 02 90F A L f\u00fcr Brettsperrholz CLT erzeugt eine scharfkantige Innenecke. Bis auf einen Boden hinunter, Hub bis 220 mm oder mehr.\" \/>\n<meta name=\"robots\" content=\"index, follow, max-snippet:-1, max-image-preview:large, max-video-preview:-1\" \/>\n<link rel=\"canonical\" href=\"https:\/\/c-hessler.de\/es\/tienda\/clinker-ligero-mz-02-90f-a-l\/\" \/>\n<meta property=\"og:locale\" content=\"es_ES\" \/>\n<meta property=\"og:type\" content=\"article\" \/>\n<meta property=\"og:title\" content=\"Leicht-Ausklinker MZ 02 90F A L\" \/>\n<meta property=\"og:description\" content=\"Der Leicht-Ausklinker MZ 02 90F A L f\u00fcr Brettsperrholz CLT erzeugt eine scharfkantige Innenecke. Bis auf einen Boden hinunter, Hub bis 220 mm oder mehr.\" \/>\n<meta property=\"og:url\" content=\"https:\/\/c-hessler.de\/es\/tienda\/clinker-ligero-mz-02-90f-a-l\/\" \/>\n<meta property=\"og:site_name\" content=\"Dr. Christoph He\u00dfler Maschinensysteme\" \/>\n<meta property=\"article:publisher\" content=\"https:\/\/www.facebook.com\/DrChristophHesslerMaschinensysteme\/\" \/>\n<meta property=\"article:modified_time\" content=\"2025-12-15T16:46:46+00:00\" \/>\n<meta property=\"og:image\" content=\"https:\/\/c-hessler.de\/wp-content\/uploads\/2019\/05\/P1010014-freigestellt-e1556733278524.jpeg\" \/>\n\t<meta property=\"og:image:width\" content=\"1654\" \/>\n\t<meta property=\"og:image:height\" content=\"1241\" \/>\n\t<meta property=\"og:image:type\" content=\"image\/jpeg\" \/>\n<meta name=\"twitter:label1\" content=\"Precio\" \/>\n\t<meta name=\"twitter:data1\" content=\"2.910,00&nbsp;&euro; ohne MwSt.\" \/>\n\t<meta name=\"twitter:label2\" content=\"Disponibilidad\" \/>\n\t<meta name=\"twitter:data2\" content=\"Disponible\" \/>\n<script type=\"application\/ld+json\" class=\"yoast-schema-graph\">{\"@context\":\"https:\\\/\\\/schema.org\",\"@graph\":[{\"@type\":\"WebPage\",\"@id\":\"https:\\\/\\\/c-hessler.de\\\/nl\\\/winkelen\\\/lichte-klinker-mz-02-90f-a-l\\\/\",\"url\":\"https:\\\/\\\/c-hessler.de\\\/nl\\\/winkelen\\\/lichte-klinker-mz-02-90f-a-l\\\/\",\"name\":\"Leicht-Ausklinker MZ 02 90F A L f\u00fcr Brettsperrholz CLT\",\"isPartOf\":{\"@id\":\"https:\\\/\\\/c-hessler.de\\\/#website\"},\"primaryImageOfPage\":{\"@id\":\"https:\\\/\\\/c-hessler.de\\\/nl\\\/winkelen\\\/lichte-klinker-mz-02-90f-a-l\\\/#primaryimage\"},\"image\":{\"@id\":\"https:\\\/\\\/c-hessler.de\\\/nl\\\/winkelen\\\/lichte-klinker-mz-02-90f-a-l\\\/#primaryimage\"},\"thumbnailUrl\":\"https:\\\/\\\/c-hessler.de\\\/wp-content\\\/uploads\\\/2019\\\/05\\\/P1010014-freigestellt-e1556733278524.jpeg\",\"datePublished\":\"2019-05-01T16:57:37+00:00\",\"dateModified\":\"2025-12-15T16:46:46+00:00\",\"description\":\"Der Leicht-Ausklinker MZ 02 90F A L f\u00fcr Brettsperrholz CLT erzeugt eine scharfkantige Innenecke. Bis auf einen Boden hinunter, Hub bis 220 mm oder mehr.\",\"breadcrumb\":{\"@id\":\"https:\\\/\\\/c-hessler.de\\\/nl\\\/winkelen\\\/lichte-klinker-mz-02-90f-a-l\\\/#breadcrumb\"},\"inLanguage\":\"es\",\"potentialAction\":[{\"@type\":\"ReadAction\",\"target\":[\"https:\\\/\\\/c-hessler.de\\\/nl\\\/winkelen\\\/lichte-klinker-mz-02-90f-a-l\\\/\"]}]},{\"@type\":\"ImageObject\",\"inLanguage\":\"es\",\"@id\":\"https:\\\/\\\/c-hessler.de\\\/nl\\\/winkelen\\\/lichte-klinker-mz-02-90f-a-l\\\/#primaryimage\",\"url\":\"https:\\\/\\\/c-hessler.de\\\/wp-content\\\/uploads\\\/2019\\\/05\\\/P1010014-freigestellt-e1556733278524.jpeg\",\"contentUrl\":\"https:\\\/\\\/c-hessler.de\\\/wp-content\\\/uploads\\\/2019\\\/05\\\/P1010014-freigestellt-e1556733278524.jpeg\",\"width\":1654,\"height\":1241,\"caption\":\"Ecken fr\u00e4sen in Brettsperrholz CLT\"},{\"@type\":\"BreadcrumbList\",\"@id\":\"https:\\\/\\\/c-hessler.de\\\/nl\\\/winkelen\\\/lichte-klinker-mz-02-90f-a-l\\\/#breadcrumb\",\"itemListElement\":[{\"@type\":\"ListItem\",\"position\":1,\"name\":\"Produkte\",\"item\":\"https:\\\/\\\/c-hessler.de\\\/produkte\\\/\"},{\"@type\":\"ListItem\",\"position\":2,\"name\":\"Leicht-Ausklinker MZ 02 90F A L\"}]},{\"@type\":\"WebSite\",\"@id\":\"https:\\\/\\\/c-hessler.de\\\/#website\",\"url\":\"https:\\\/\\\/c-hessler.de\\\/\",\"name\":\"www.c-hessler.de\",\"description\":\"\",\"publisher\":{\"@id\":\"https:\\\/\\\/c-hessler.de\\\/#organization\"},\"potentialAction\":[{\"@type\":\"SearchAction\",\"target\":{\"@type\":\"EntryPoint\",\"urlTemplate\":\"https:\\\/\\\/c-hessler.de\\\/?s={search_term_string}\"},\"query-input\":{\"@type\":\"PropertyValueSpecification\",\"valueRequired\":true,\"valueName\":\"search_term_string\"}}],\"inLanguage\":\"es\"},{\"@type\":\"Organization\",\"@id\":\"https:\\\/\\\/c-hessler.de\\\/#organization\",\"name\":\"Dr. Christoph He\u00dfler Maschinensysteme\",\"alternateName\":\"Dr. Christoph He\u00dfler Maschinensysteme\",\"url\":\"https:\\\/\\\/c-hessler.de\\\/\",\"logo\":{\"@type\":\"ImageObject\",\"inLanguage\":\"es\",\"@id\":\"https:\\\/\\\/c-hessler.de\\\/#\\\/schema\\\/logo\\\/image\\\/\",\"url\":\"https:\\\/\\\/c-hessler.de\\\/wp-content\\\/uploads\\\/2026\\\/02\\\/Draw-03-150312-110115-Ausgeschnitten-I.jpg\",\"contentUrl\":\"https:\\\/\\\/c-hessler.de\\\/wp-content\\\/uploads\\\/2026\\\/02\\\/Draw-03-150312-110115-Ausgeschnitten-I.jpg\",\"width\":445,\"height\":394,\"caption\":\"Dr. Christoph He\u00dfler Maschinensysteme\"},\"image\":{\"@id\":\"https:\\\/\\\/c-hessler.de\\\/#\\\/schema\\\/logo\\\/image\\\/\"},\"sameAs\":[\"https:\\\/\\\/www.facebook.com\\\/DrChristophHesslerMaschinensysteme\\\/\",\"https:\\\/\\\/www.pinterest.de\\\/hesstools\\\/\",\"https:\\\/\\\/www.youtube.com\\\/channel\\\/UCaNnXDGGF_BiYFQZ2kJgi-A?view_as=subscriber\"],\"description\":\"1. Ecken- und Kantenfr\u00e4sen f\u00fcr Tischler und Schreiner, Sonderanfertigungen 2. Auch f\u00fcr die Nachbearbeitung von Eck-Schwei\u00dfn\u00e4hten bei Aluminium-Werkstoffen, f\u00fcr Fahrzeugbauer oder Metallbauer aller Art\",\"email\":\"christoph.hessler@c-hessler.de\",\"telephone\":\"0527413012080\",\"legalName\":\"Dr. Christoph He\u00dfler Maschinensysteme\",\"foundingDate\":\"2003-06-05\",\"vatID\":\"DE230070107\",\"numberOfEmployees\":{\"@type\":\"QuantitativeValue\",\"minValue\":\"1\",\"maxValue\":\"10\"}}]}<\/script>\n<meta property=\"og:video\" content=\"https:\/\/www.youtube.com\/embed\/iOkxv18j-Zk\" \/>\n<meta property=\"og:video:type\" content=\"text\/html\" \/>\n<meta property=\"og:video:duration\" content=\"109\" \/>\n<meta property=\"og:video:width\" content=\"480\" \/>\n<meta property=\"og:video:height\" content=\"270\" \/>\n<meta property=\"ya:ovs:adult\" content=\"false\" \/>\n<meta property=\"ya:ovs:upload_date\" content=\"2019-05-01T16:57:37+00:00\" \/>\n<meta property=\"ya:ovs:allow_embed\" content=\"true\" \/>\n<meta property=\"product:price:amount\" content=\"2910.00\" \/>\n<meta property=\"product:price:currency\" content=\"EUR\" \/>\n<meta property=\"og:availability\" content=\"instock\" \/>\n<meta property=\"product:availability\" content=\"instock\" \/>\n<meta property=\"product:retailer_item_id\" content=\"leicht-ausklinker-mz-02-90f-a-l\" \/>\n<meta property=\"product:condition\" content=\"new\" \/>\n<!-- \/ Yoast SEO Premium plugin. -->","yoast_head_json":{"title":"Escuadradora ligera MZ 02 90F A L para madera contralaminada CLT","description":"La entalladora ligera MZ 02 90F A L para madera contralaminada CLT produce una esquina interior de bordes afilados. Hasta un piso, carrera de hasta 220 mm o m\u00e1s.","robots":{"index":"index","follow":"follow","max-snippet":"max-snippet:-1","max-image-preview":"max-image-preview:large","max-video-preview":"max-video-preview:-1"},"canonical":"https:\/\/c-hessler.de\/es\/tienda\/clinker-ligero-mz-02-90f-a-l\/","og_locale":"es_ES","og_type":"article","og_title":"Leicht-Ausklinker MZ 02 90F A L","og_description":"Der Leicht-Ausklinker MZ 02 90F A L f\u00fcr Brettsperrholz CLT erzeugt eine scharfkantige Innenecke. Bis auf einen Boden hinunter, Hub bis 220 mm oder mehr.","og_url":"https:\/\/c-hessler.de\/es\/tienda\/clinker-ligero-mz-02-90f-a-l\/","og_site_name":"Dr. Christoph He\u00dfler Maschinensysteme","article_publisher":"https:\/\/www.facebook.com\/DrChristophHesslerMaschinensysteme\/","article_modified_time":"2025-12-15T16:46:46+00:00","og_image":[{"width":1654,"height":1241,"url":"https:\/\/c-hessler.de\/wp-content\/uploads\/2019\/05\/P1010014-freigestellt-e1556733278524.jpeg","type":"image\/jpeg"}],"twitter_misc":{"Precio":"2.910,00&nbsp;&euro; ohne MwSt.","Disponibilidad":"Disponible"},"schema":{"@context":"https:\/\/schema.org","@graph":[{"@type":"WebPage","@id":"https:\/\/c-hessler.de\/nl\/winkelen\/lichte-klinker-mz-02-90f-a-l\/","url":"https:\/\/c-hessler.de\/nl\/winkelen\/lichte-klinker-mz-02-90f-a-l\/","name":"Escuadradora ligera MZ 02 90F A L para madera contralaminada CLT","isPartOf":{"@id":"https:\/\/c-hessler.de\/#website"},"primaryImageOfPage":{"@id":"https:\/\/c-hessler.de\/nl\/winkelen\/lichte-klinker-mz-02-90f-a-l\/#primaryimage"},"image":{"@id":"https:\/\/c-hessler.de\/nl\/winkelen\/lichte-klinker-mz-02-90f-a-l\/#primaryimage"},"thumbnailUrl":"https:\/\/c-hessler.de\/wp-content\/uploads\/2019\/05\/P1010014-freigestellt-e1556733278524.jpeg","datePublished":"2019-05-01T16:57:37+00:00","dateModified":"2025-12-15T16:46:46+00:00","description":"La entalladora ligera MZ 02 90F A L para madera contralaminada CLT produce una esquina interior de bordes afilados. Hasta un piso, carrera de hasta 220 mm o m\u00e1s.","breadcrumb":{"@id":"https:\/\/c-hessler.de\/nl\/winkelen\/lichte-klinker-mz-02-90f-a-l\/#breadcrumb"},"inLanguage":"es","potentialAction":[{"@type":"ReadAction","target":["https:\/\/c-hessler.de\/nl\/winkelen\/lichte-klinker-mz-02-90f-a-l\/"]}]},{"@type":"ImageObject","inLanguage":"es","@id":"https:\/\/c-hessler.de\/nl\/winkelen\/lichte-klinker-mz-02-90f-a-l\/#primaryimage","url":"https:\/\/c-hessler.de\/wp-content\/uploads\/2019\/05\/P1010014-freigestellt-e1556733278524.jpeg","contentUrl":"https:\/\/c-hessler.de\/wp-content\/uploads\/2019\/05\/P1010014-freigestellt-e1556733278524.jpeg","width":1654,"height":1241,"caption":"Ecken fr\u00e4sen in Brettsperrholz CLT"},{"@type":"BreadcrumbList","@id":"https:\/\/c-hessler.de\/nl\/winkelen\/lichte-klinker-mz-02-90f-a-l\/#breadcrumb","itemListElement":[{"@type":"ListItem","position":1,"name":"Produkte","item":"https:\/\/c-hessler.de\/produkte\/"},{"@type":"ListItem","position":2,"name":"Leicht-Ausklinker MZ 02 90F A L"}]},{"@type":"WebSite","@id":"https:\/\/c-hessler.de\/#website","url":"https:\/\/c-hessler.de\/","name":"www.c-hessler.de","description":"","publisher":{"@id":"https:\/\/c-hessler.de\/#organization"},"potentialAction":[{"@type":"SearchAction","target":{"@type":"EntryPoint","urlTemplate":"https:\/\/c-hessler.de\/?s={search_term_string}"},"query-input":{"@type":"PropertyValueSpecification","valueRequired":true,"valueName":"search_term_string"}}],"inLanguage":"es"},{"@type":"Organization","@id":"https:\/\/c-hessler.de\/#organization","name":"Dr. Christoph He\u00dfler Sistemas de m\u00e1quinas","alternateName":"Dr. Christoph He\u00dfler Maschinensysteme","url":"https:\/\/c-hessler.de\/","logo":{"@type":"ImageObject","inLanguage":"es","@id":"https:\/\/c-hessler.de\/#\/schema\/logo\/image\/","url":"https:\/\/c-hessler.de\/wp-content\/uploads\/2026\/02\/Draw-03-150312-110115-Ausgeschnitten-I.jpg","contentUrl":"https:\/\/c-hessler.de\/wp-content\/uploads\/2026\/02\/Draw-03-150312-110115-Ausgeschnitten-I.jpg","width":445,"height":394,"caption":"Dr. Christoph He\u00dfler Maschinensysteme"},"image":{"@id":"https:\/\/c-hessler.de\/#\/schema\/logo\/image\/"},"sameAs":["https:\/\/www.facebook.com\/DrChristophHesslerMaschinensysteme\/","https:\/\/www.pinterest.de\/hesstools\/","https:\/\/www.youtube.com\/channel\/UCaNnXDGGF_BiYFQZ2kJgi-A?view_as=subscriber"],"description":"1. Ecken- und Kantenfr\u00e4sen f\u00fcr Tischler und Schreiner, Sonderanfertigungen 2. Auch f\u00fcr die Nachbearbeitung von Eck-Schwei\u00dfn\u00e4hten bei Aluminium-Werkstoffen, f\u00fcr Fahrzeugbauer oder Metallbauer aller Art","email":"christoph.hessler@c-hessler.de","telephone":"0527413012080","legalName":"Dr. Christoph He\u00dfler Maschinensysteme","foundingDate":"2003-06-05","vatID":"DE230070107","numberOfEmployees":{"@type":"QuantitativeValue","minValue":"1","maxValue":"10"}}]},"og_video":"https:\/\/www.youtube.com\/embed\/iOkxv18j-Zk","og_video_type":"text\/html","og_video_duration":"109","og_video_width":"480","og_video_height":"270","ya_ovs_adult":"false","ya_ovs_upload_date":"2019-05-01T16:57:37+00:00","ya_ovs_allow_embed":"true","product_price_amount":"2910.00","product_price_currency":"EUR","og_availability":"instock","product_availability":"instock","product_retailer_item_id":"leicht-ausklinker-mz-02-90f-a-l","product_condition":"new"},"_links":{"self":[{"href":"https:\/\/c-hessler.de\/es\/wp-json\/wp\/v2\/product\/205738","targetHints":{"allow":["GET"]}}],"collection":[{"href":"https:\/\/c-hessler.de\/es\/wp-json\/wp\/v2\/product"}],"about":[{"href":"https:\/\/c-hessler.de\/es\/wp-json\/wp\/v2\/types\/product"}],"replies":[{"embeddable":true,"href":"https:\/\/c-hessler.de\/es\/wp-json\/wp\/v2\/comments?post=205738"}],"wp:featuredmedia":[{"embeddable":true,"href":"https:\/\/c-hessler.de\/es\/wp-json\/wp\/v2\/media\/205740"}],"wp:attachment":[{"href":"https:\/\/c-hessler.de\/es\/wp-json\/wp\/v2\/media?parent=205738"}],"wp:term":[{"taxonomy":"product_brand","embeddable":true,"href":"https:\/\/c-hessler.de\/es\/wp-json\/wp\/v2\/product_brand?post=205738"},{"taxonomy":"product_cat","embeddable":true,"href":"https:\/\/c-hessler.de\/es\/wp-json\/wp\/v2\/product_cat?post=205738"},{"taxonomy":"product_tag","embeddable":true,"href":"https:\/\/c-hessler.de\/es\/wp-json\/wp\/v2\/product_tag?post=205738"}],"curies":[{"name":"wp","href":"https:\/\/api.w.org\/{rel}","templated":true}]}}