{"id":206621,"date":"2023-05-18T15:52:32","date_gmt":"2023-05-18T13:52:32","guid":{"rendered":"https:\/\/c-hessler.de\/?post_type=product&#038;p=206621"},"modified":"2025-12-30T04:14:51","modified_gmt":"2025-12-30T03:14:51","slug":"allwinkel-buendigfraeser-mz-100-160v-h","status":"publish","type":"product","link":"https:\/\/c-hessler.de\/es\/shop\/allwinkel-buendigfraeser-mz-100-160v-h\/","title":{"rendered":"Fresa enrasadora todo \u00e1ngulo MZ 100 160V H"},"content":{"rendered":"<div style=\"height:30px\" aria-hidden=\"true\" class=\"wp-block-spacer\"><\/div>\n\n\n\n<div class=\"wp-block-columns are-vertically-aligned-center is-layout-flex wp-container-core-columns-is-layout-28f84493 wp-block-columns-is-layout-flex\">\n<div class=\"wp-block-column is-layout-flow wp-block-column-is-layout-flow\">\n<div class=\"wp-block-columns is-layout-flex wp-container-core-columns-is-layout-28f84493 wp-block-columns-is-layout-flex\">\n<div class=\"wp-block-column is-layout-flow wp-block-column-is-layout-flow\">\n<p>Principio de funcionamiento<br><\/p>\n\n\n\n<figure class=\"wp-block-image alignwide size-full\"><img fetchpriority=\"high\" decoding=\"async\" width=\"1091\" height=\"600\" src=\"https:\/\/c-hessler.de\/wp-content\/uploads\/2023\/05\/Screenshot-2022-04-04-184259-e1684341417946.jpg\" alt=\"\" class=\"wp-image-206600\" srcset=\"https:\/\/c-hessler.de\/wp-content\/uploads\/2023\/05\/Screenshot-2022-04-04-184259-e1684341417946.jpg 1091w, https:\/\/c-hessler.de\/wp-content\/uploads\/2023\/05\/Screenshot-2022-04-04-184259-e1684341417946-300x165.jpg 300w, https:\/\/c-hessler.de\/wp-content\/uploads\/2023\/05\/Screenshot-2022-04-04-184259-e1684341417946-1024x563.jpg 1024w, https:\/\/c-hessler.de\/wp-content\/uploads\/2023\/05\/Screenshot-2022-04-04-184259-e1684341417946-768x422.jpg 768w, https:\/\/c-hessler.de\/wp-content\/uploads\/2023\/05\/Screenshot-2022-04-04-184259-e1684341417946-1080x594.jpg 1080w, https:\/\/c-hessler.de\/wp-content\/uploads\/2023\/05\/Screenshot-2022-04-04-184259-e1684341417946-800x440.jpg 800w, https:\/\/c-hessler.de\/wp-content\/uploads\/2023\/05\/Screenshot-2022-04-04-184259-e1684341417946-150x82.jpg 150w\" sizes=\"(max-width: 1091px) 100vw, 1091px\" \/><\/figure>\n\n\n\n<p>El principio de funcionamiento se basa en\u00a0<a href=\"https:\/\/c-hessler.de\/es\/tienda\/fresa-para-cantos-encolados-en-piezas-de-muebles-de-madera\/\">Fresa de enrasar est\u00e1ndar y se describe all\u00ed<\/a>.<\/p>\n<\/div>\n\n\n\n<div class=\"wp-block-column is-layout-flow wp-block-column-is-layout-flow\">\n<p>La aplicaci\u00f3n en la pieza compleja<\/p>\n\n\n\n<figure class=\"wp-block-image alignwide size-full\"><img decoding=\"async\" width=\"1067\" height=\"800\" src=\"https:\/\/c-hessler.de\/wp-content\/uploads\/2023\/05\/P1000693-scaled-e1684259419217.jpg\" alt=\"Fresa H a ras de la pieza 1\" class=\"wp-image-206584\" srcset=\"https:\/\/c-hessler.de\/wp-content\/uploads\/2023\/05\/P1000693-scaled-e1684259419217.jpg 1067w, https:\/\/c-hessler.de\/wp-content\/uploads\/2023\/05\/P1000693-scaled-e1684259419217-300x225.jpg 300w, https:\/\/c-hessler.de\/wp-content\/uploads\/2023\/05\/P1000693-scaled-e1684259419217-1024x768.jpg 1024w, https:\/\/c-hessler.de\/wp-content\/uploads\/2023\/05\/P1000693-scaled-e1684259419217-768x576.jpg 768w, https:\/\/c-hessler.de\/wp-content\/uploads\/2023\/05\/P1000693-scaled-e1684259419217-510x382.jpg 510w, https:\/\/c-hessler.de\/wp-content\/uploads\/2023\/05\/P1000693-scaled-e1684259419217-800x600.jpg 800w, https:\/\/c-hessler.de\/wp-content\/uploads\/2023\/05\/P1000693-scaled-e1684259419217-150x112.jpg 150w\" sizes=\"(max-width: 1067px) 100vw, 1067px\" \/><\/figure>\n<\/div>\n<\/div>\n<\/div>\n<\/div>\n\n\n\n<div class=\"wp-block-columns are-vertically-aligned-center is-layout-flex wp-container-core-columns-is-layout-28f84493 wp-block-columns-is-layout-flex\">\n<div class=\"wp-block-column is-layout-flow wp-block-column-is-layout-flow\">\n<div class=\"wp-block-columns is-layout-flex wp-container-core-columns-is-layout-28f84493 wp-block-columns-is-layout-flex\">\n<div class=\"wp-block-column is-layout-flow wp-block-column-is-layout-flow\">\n<p><strong>La historia de la fresa enrasada H<\/strong><\/p>\n\n\n\n<div style=\"height:13px\" aria-hidden=\"true\" class=\"wp-block-spacer\"><\/div>\n\n\n\n<p><em>Narrativas creadas con IA (inteligencia artificial) a partir de especificaciones reales, revisadas con inteligencia humana. Estamos demostrando lo que es posible con los nuevos m\u00e9todos y que nosotros, como empresa, los utilizamos para nuestros clientes:<\/em><\/p>\n\n\n\n<div style=\"height:16px\" aria-hidden=\"true\" class=\"wp-block-spacer\"><\/div>\n\n\n\n<p>Un fabricante de caravanas y autocaravanas ten\u00eda un empleado \u00e1gil y comprometido en el departamento de preparaci\u00f3n del trabajo. El empleado, cuyo nombre hemos cambiado y al que aqu\u00ed llamamos Henry, llevaba tiempo buscando una forma de simplificar los procesos internos.<\/p>\n\n\n\n<p>Durante su b\u00fasqueda en Internet, Henry dio con la empresa Dr. Christoph He\u00dfler Maschinensysteme (CHM HESSLER), que hab\u00eda desarrollado la innovadora fresa de enrasar. Impresionado por la experiencia y el compromiso de CHM HESSLER, Henry se puso en contacto e inici\u00f3 un intenso di\u00e1logo. Henry reconoci\u00f3 r\u00e1pidamente el potencial de una nueva fresa para la producci\u00f3n de caravanas y autocaravanas. Pod\u00eda imaginar v\u00edvidamente c\u00f3mo el uso de esta herramienta innovadora mejorar\u00eda la calidad del trabajo y reducir\u00eda al mismo tiempo el tiempo de producci\u00f3n. Su pasi\u00f3n por el trabajo le llev\u00f3 a encontrar una soluci\u00f3n para integrar la nueva fresadora en la empresa.<\/p>\n\n\n\n<p>Al principio result\u00f3 que el&nbsp;<a href=\"https:\/\/c-hessler.de\/es\/tienda\/allwinkel-buendigfraeser-mz-100-160v\/\" target=\"_blank\" rel=\"noreferrer noopener\">Fresas enrasadas existentes<\/a>&nbsp;no pod\u00eda mecanizar todas las piezas que necesitaba el fabricante de caravanas. Una vez aclarados los requisitos, CHM HESSLER desarroll\u00f3 una variante especial H de la fresa de enrasar que cumpl\u00eda los requisitos de la empresa. Henry aport\u00f3 importantes comentarios sobre el desarrollo de esta variante y colabor\u00f3 estrechamente con el departamento de dise\u00f1o y el personal de producci\u00f3n de CHM HESSLER. De este modo, se asegur\u00f3 de que la nueva fresa enrasada se adaptara perfectamente a las necesidades del fabricante de caravanas.<\/p>\n\n\n\n<p>Durante todo el proyecto, Henry llev\u00f3 una m\u00e1scara debido a la pandemia de coronavirus, por lo que su rostro era desconocido para CHM HESSLER. A pesar de esta barrera f\u00edsica, sigui\u00f3 colaborando estrechamente con CHM HESSLER para debatir y aplicar conceptos, cambios, despliegues de prueba y elementos de protecci\u00f3n.<\/p>\n\n\n\n<p>Cuando por fin se introdujo con \u00e9xito la fresa enrasada H, el fabricante de caravanas qued\u00f3 encantado con la calidad y precisi\u00f3n que proporcionaba. Los empleados agradecieron el compromiso de Henry y acogieron la nueva fresa con entusiasmo. Los procesos de producci\u00f3n se volvieron m\u00e1s eficaces y el trabajo result\u00f3 m\u00e1s f\u00e1cil, lo que aument\u00f3 la satisfacci\u00f3n y la motivaci\u00f3n de los empleados.<\/p>\n\n\n\n<p>Tras el exitoso lanzamiento de la fresa enrasada H, Henry tuvo por fin la oportunidad de visitar a CHM HESSLER en su stand de la feria y conocerles en persona. Ser saludado sin m\u00e1scara simboliz\u00f3 la culminaci\u00f3n de un proyecto conjunto y el \u00e9xito de la colaboraci\u00f3n entre el fabricante de caravanas y CHM HESSLER. Henry merece un reconocimiento por su valioso papel en la introducci\u00f3n de la fresa enrasada H.<\/p>\n\n\n\n<p>La historia de la fresa enrasada H y la colaboraci\u00f3n entre Henry f\u00fcr den Wohnwagenbauer y CHM HESSLER pone de relieve la importancia de las asociaciones, la innovaci\u00f3n y la capacidad de adaptaci\u00f3n. Muestra c\u00f3mo el compromiso conjunto y la colaboraci\u00f3n pueden conducir a nuevas soluciones, incluso en tiempos dif\u00edciles como la pandemia de coronavirus.<\/p>\n<\/div>\n\n\n\n<div class=\"wp-block-column is-layout-flow wp-block-column-is-layout-flow\">\n<p><\/p>\n\n\n\n<figure class=\"wp-block-image size-large\"><img decoding=\"async\" width=\"1024\" height=\"768\" src=\"https:\/\/c-hessler.de\/wp-content\/uploads\/2023\/05\/P1000669-scaled-e1684259824625-1024x768.jpg\" alt=\"\" class=\"wp-image-206587\" srcset=\"https:\/\/c-hessler.de\/wp-content\/uploads\/2023\/05\/P1000669-scaled-e1684259824625-1024x768.jpg 1024w, https:\/\/c-hessler.de\/wp-content\/uploads\/2023\/05\/P1000669-scaled-e1684259824625-300x225.jpg 300w, https:\/\/c-hessler.de\/wp-content\/uploads\/2023\/05\/P1000669-scaled-e1684259824625-768x576.jpg 768w, https:\/\/c-hessler.de\/wp-content\/uploads\/2023\/05\/P1000669-scaled-e1684259824625-510x382.jpg 510w, https:\/\/c-hessler.de\/wp-content\/uploads\/2023\/05\/P1000669-scaled-e1684259824625-800x600.jpg 800w, https:\/\/c-hessler.de\/wp-content\/uploads\/2023\/05\/P1000669-scaled-e1684259824625-150x112.jpg 150w, https:\/\/c-hessler.de\/wp-content\/uploads\/2023\/05\/P1000669-scaled-e1684259824625.jpg 1067w\" sizes=\"(max-width: 1024px) 100vw, 1024px\" \/><\/figure>\n\n\n\n<h4 class=\"wp-block-heading\" id=\"h-was-der-allwinkel-bundigfraser-h-kann\">Lo que puede hacer la fresa enrasadora todo \u00e1ngulo H:<\/h4>\n\n\n\n<ul class=\"wp-block-list\">\n<li>Fresado a ras del voladizo del protector de cantos en piezas con muescas y protuberancias<\/li>\n\n\n\n<li>Ajuste r\u00e1pido del tope central para adaptarse a la geometr\u00eda de la pieza de trabajo<\/li>\n\n\n\n<li>Ajuste r\u00e1pido del tope delantero con bloque de fijaci\u00f3n<\/li>\n\n\n\n<li>Cambio r\u00e1pido entre diferentes \u00e1ngulos de esquina sin ajuste<\/li>\n\n\n\n<li>Resultado de fresado limpio<\/li>\n<\/ul>\n<\/div>\n<\/div>\n\n\n\n<p><\/p>\n<\/div>\n<\/div>","protected":false},"excerpt":{"rendered":"<p>La fresa de enrasar todo angular H se utiliza para fresar salientes de cantos enrasados en la cara frontal. A diferencia de la fresa <a href=\"https:\/\/c-hessler.de\/es\/tienda\/allwinkel-buendigfraeser-mz-100-160v\/\">Fresa de enrasar est\u00e1ndar<\/a> Con la variante H pueden mecanizarse componentes complejos. Muy adecuada para las llamadas piezas puzzle y otras piezas especiales. Probada en la fabricaci\u00f3n de caravanas y autocaravanas. Existe una versi\u00f3n derecha, tal como se muestra en la imagen, y una versi\u00f3n izquierda especular.<\/p>\n<p>Tambi\u00e9n estamos a su disposici\u00f3n para responder a sus preguntas por tel\u00e9fono. Tel.: 05741 3012080, internacional: +49 5741 3012080<\/p>","protected":false},"featured_media":206577,"comment_status":"open","ping_status":"closed","template":"","meta":[],"product_brand":[],"product_cat":[58],"product_tag":[41,38,40],"class_list":{"0":"post-206621","1":"product","2":"type-product","3":"status-publish","4":"has-post-thumbnail","6":"product_cat-handgefuehrte-maschinen","7":"product_tag-aussenecken","8":"product_tag-handgefuehrt","9":"product_tag-pneumatischer-antrieb","11":"first","12":"instock","13":"sold-individually","14":"taxable","15":"shipping-taxable","16":"purchasable","17":"product-type-simple"},"yoast_head":"<!-- This site is optimized with the Yoast SEO Premium plugin v27.0 (Yoast SEO v27.3) - https:\/\/yoast.com\/product\/yoast-seo-premium-wordpress\/ -->\n<title>Allwinkel-B\u00fcndigfr\u00e4ser H von Dr. He\u00dfler Maschinensysteme<\/title>\n<meta name=\"description\" content=\"Mit dem Allwinkel-B\u00fcndigfr\u00e4ser H werden Kopf-Kanten von komplexen Teilen b\u00fcndig gefr\u00e4st. Sehr gut geeignet f\u00fcr Teile von Wohnwagen und Wohnmobilen.\" \/>\n<meta name=\"robots\" content=\"index, follow, max-snippet:-1, max-image-preview:large, max-video-preview:-1\" \/>\n<link rel=\"canonical\" href=\"https:\/\/c-hessler.de\/es\/tienda\/allwinkel-buendigfraeser-mz-100-160v-h\/\" \/>\n<meta property=\"og:locale\" content=\"es_ES\" \/>\n<meta property=\"og:type\" content=\"article\" \/>\n<meta property=\"og:title\" content=\"Allwinkel-B\u00fcndigfr\u00e4ser MZ 100 160V H\" \/>\n<meta property=\"og:description\" content=\"Mit dem Allwinkel-B\u00fcndigfr\u00e4ser H werden Kopf-Kanten von komplexen Teilen b\u00fcndig gefr\u00e4st. Sehr gut geeignet f\u00fcr Teile von Wohnwagen und Wohnmobilen.\" \/>\n<meta property=\"og:url\" content=\"https:\/\/c-hessler.de\/es\/tienda\/allwinkel-buendigfraeser-mz-100-160v-h\/\" \/>\n<meta property=\"og:site_name\" content=\"Dr. Christoph He\u00dfler Maschinensysteme\" \/>\n<meta property=\"article:publisher\" content=\"https:\/\/www.facebook.com\/DrChristophHesslerMaschinensysteme\/\" \/>\n<meta property=\"article:modified_time\" content=\"2025-12-30T03:14:51+00:00\" \/>\n<meta property=\"og:image\" content=\"https:\/\/c-hessler.de\/wp-content\/uploads\/2023\/05\/P1010124-scaled-e1684256696780.jpg\" \/>\n\t<meta property=\"og:image:width\" content=\"1600\" \/>\n\t<meta property=\"og:image:height\" content=\"1200\" \/>\n\t<meta property=\"og:image:type\" content=\"image\/jpeg\" \/>\n<meta name=\"twitter:label1\" content=\"Precio\" \/>\n\t<meta name=\"twitter:data1\" content=\"3.754,00&nbsp;&euro; ohne MwSt.\" \/>\n\t<meta name=\"twitter:label2\" content=\"Disponibilidad\" \/>\n\t<meta name=\"twitter:data2\" content=\"Disponible\" \/>\n<script type=\"application\/ld+json\" class=\"yoast-schema-graph\">{\"@context\":\"https:\\\/\\\/schema.org\",\"@graph\":[{\"@type\":\"WebPage\",\"@id\":\"https:\\\/\\\/c-hessler.de\\\/shop\\\/allwinkel-buendigfraeser-mz-100-160v-h\\\/\",\"url\":\"https:\\\/\\\/c-hessler.de\\\/shop\\\/allwinkel-buendigfraeser-mz-100-160v-h\\\/\",\"name\":\"Allwinkel-B\u00fcndigfr\u00e4ser H von Dr. He\u00dfler Maschinensysteme\",\"isPartOf\":{\"@id\":\"https:\\\/\\\/c-hessler.de\\\/#website\"},\"primaryImageOfPage\":{\"@id\":\"https:\\\/\\\/c-hessler.de\\\/shop\\\/allwinkel-buendigfraeser-mz-100-160v-h\\\/#primaryimage\"},\"image\":{\"@id\":\"https:\\\/\\\/c-hessler.de\\\/shop\\\/allwinkel-buendigfraeser-mz-100-160v-h\\\/#primaryimage\"},\"thumbnailUrl\":\"https:\\\/\\\/c-hessler.de\\\/wp-content\\\/uploads\\\/2023\\\/05\\\/P1010124-scaled-e1684256696780.jpg\",\"datePublished\":\"2023-05-18T13:52:32+00:00\",\"dateModified\":\"2025-12-30T03:14:51+00:00\",\"description\":\"Mit dem Allwinkel-B\u00fcndigfr\u00e4ser H werden Kopf-Kanten von komplexen Teilen b\u00fcndig gefr\u00e4st. Sehr gut geeignet f\u00fcr Teile von Wohnwagen und Wohnmobilen.\",\"breadcrumb\":{\"@id\":\"https:\\\/\\\/c-hessler.de\\\/shop\\\/allwinkel-buendigfraeser-mz-100-160v-h\\\/#breadcrumb\"},\"inLanguage\":\"es\",\"potentialAction\":[{\"@type\":\"ReadAction\",\"target\":[\"https:\\\/\\\/c-hessler.de\\\/shop\\\/allwinkel-buendigfraeser-mz-100-160v-h\\\/\"]}]},{\"@type\":\"ImageObject\",\"inLanguage\":\"es\",\"@id\":\"https:\\\/\\\/c-hessler.de\\\/shop\\\/allwinkel-buendigfraeser-mz-100-160v-h\\\/#primaryimage\",\"url\":\"https:\\\/\\\/c-hessler.de\\\/wp-content\\\/uploads\\\/2023\\\/05\\\/P1010124-scaled-e1684256696780.jpg\",\"contentUrl\":\"https:\\\/\\\/c-hessler.de\\\/wp-content\\\/uploads\\\/2023\\\/05\\\/P1010124-scaled-e1684256696780.jpg\",\"width\":1600,\"height\":1200,\"caption\":\"B\u00fcndigfr\u00e4ser mit Hochschwert\"},{\"@type\":\"BreadcrumbList\",\"@id\":\"https:\\\/\\\/c-hessler.de\\\/shop\\\/allwinkel-buendigfraeser-mz-100-160v-h\\\/#breadcrumb\",\"itemListElement\":[{\"@type\":\"ListItem\",\"position\":1,\"name\":\"Produkte\",\"item\":\"https:\\\/\\\/c-hessler.de\\\/produkte\\\/\"},{\"@type\":\"ListItem\",\"position\":2,\"name\":\"Allwinkel-B\u00fcndigfr\u00e4ser MZ 100 160V H\"}]},{\"@type\":\"WebSite\",\"@id\":\"https:\\\/\\\/c-hessler.de\\\/#website\",\"url\":\"https:\\\/\\\/c-hessler.de\\\/\",\"name\":\"www.c-hessler.de\",\"description\":\"\",\"publisher\":{\"@id\":\"https:\\\/\\\/c-hessler.de\\\/#organization\"},\"potentialAction\":[{\"@type\":\"SearchAction\",\"target\":{\"@type\":\"EntryPoint\",\"urlTemplate\":\"https:\\\/\\\/c-hessler.de\\\/?s={search_term_string}\"},\"query-input\":{\"@type\":\"PropertyValueSpecification\",\"valueRequired\":true,\"valueName\":\"search_term_string\"}}],\"inLanguage\":\"es\"},{\"@type\":\"Organization\",\"@id\":\"https:\\\/\\\/c-hessler.de\\\/#organization\",\"name\":\"Dr. Christoph He\u00dfler Maschinensysteme\",\"alternateName\":\"Dr. Christoph He\u00dfler Maschinensysteme\",\"url\":\"https:\\\/\\\/c-hessler.de\\\/\",\"logo\":{\"@type\":\"ImageObject\",\"inLanguage\":\"es\",\"@id\":\"https:\\\/\\\/c-hessler.de\\\/#\\\/schema\\\/logo\\\/image\\\/\",\"url\":\"https:\\\/\\\/c-hessler.de\\\/wp-content\\\/uploads\\\/2026\\\/02\\\/Draw-03-150312-110115-Ausgeschnitten-I.jpg\",\"contentUrl\":\"https:\\\/\\\/c-hessler.de\\\/wp-content\\\/uploads\\\/2026\\\/02\\\/Draw-03-150312-110115-Ausgeschnitten-I.jpg\",\"width\":445,\"height\":394,\"caption\":\"Dr. Christoph He\u00dfler Maschinensysteme\"},\"image\":{\"@id\":\"https:\\\/\\\/c-hessler.de\\\/#\\\/schema\\\/logo\\\/image\\\/\"},\"sameAs\":[\"https:\\\/\\\/www.facebook.com\\\/DrChristophHesslerMaschinensysteme\\\/\",\"https:\\\/\\\/www.pinterest.de\\\/hesstools\\\/\",\"https:\\\/\\\/www.youtube.com\\\/channel\\\/UCaNnXDGGF_BiYFQZ2kJgi-A?view_as=subscriber\"],\"description\":\"1. Ecken- und Kantenfr\u00e4sen f\u00fcr Tischler und Schreiner, Sonderanfertigungen 2. Auch f\u00fcr die Nachbearbeitung von Eck-Schwei\u00dfn\u00e4hten bei Aluminium-Werkstoffen, f\u00fcr Fahrzeugbauer oder Metallbauer aller Art\",\"email\":\"christoph.hessler@c-hessler.de\",\"telephone\":\"0527413012080\",\"legalName\":\"Dr. Christoph He\u00dfler Maschinensysteme\",\"foundingDate\":\"2003-06-05\",\"vatID\":\"DE230070107\",\"numberOfEmployees\":{\"@type\":\"QuantitativeValue\",\"minValue\":\"1\",\"maxValue\":\"10\"}}]}<\/script>\n<meta property=\"product:price:amount\" content=\"3754.00\" \/>\n<meta property=\"product:price:currency\" content=\"EUR\" \/>\n<meta property=\"og:availability\" content=\"instock\" \/>\n<meta property=\"product:availability\" content=\"instock\" \/>\n<meta property=\"product:retailer_item_id\" content=\"allwinkel-buendigfraeser-mz-100-160v-h\" \/>\n<meta property=\"product:condition\" content=\"new\" \/>\n<!-- \/ Yoast SEO Premium plugin. -->","yoast_head_json":{"title":"Fresa enrasadora todo \u00e1ngulo H de Dr. Hessler Maschinensysteme","description":"La fresa todo \u00e1ngulo enrasada H se utiliza para fresar enrasados los cantos superiores de piezas complejas. Muy adecuada para piezas de caravanas y autocaravanas.","robots":{"index":"index","follow":"follow","max-snippet":"max-snippet:-1","max-image-preview":"max-image-preview:large","max-video-preview":"max-video-preview:-1"},"canonical":"https:\/\/c-hessler.de\/es\/tienda\/allwinkel-buendigfraeser-mz-100-160v-h\/","og_locale":"es_ES","og_type":"article","og_title":"Allwinkel-B\u00fcndigfr\u00e4ser MZ 100 160V H","og_description":"Mit dem Allwinkel-B\u00fcndigfr\u00e4ser H werden Kopf-Kanten von komplexen Teilen b\u00fcndig gefr\u00e4st. Sehr gut geeignet f\u00fcr Teile von Wohnwagen und Wohnmobilen.","og_url":"https:\/\/c-hessler.de\/es\/tienda\/allwinkel-buendigfraeser-mz-100-160v-h\/","og_site_name":"Dr. Christoph He\u00dfler Maschinensysteme","article_publisher":"https:\/\/www.facebook.com\/DrChristophHesslerMaschinensysteme\/","article_modified_time":"2025-12-30T03:14:51+00:00","og_image":[{"width":1600,"height":1200,"url":"https:\/\/c-hessler.de\/wp-content\/uploads\/2023\/05\/P1010124-scaled-e1684256696780.jpg","type":"image\/jpeg"}],"twitter_misc":{"Precio":"3.754,00&nbsp;&euro; ohne MwSt.","Disponibilidad":"Disponible"},"schema":{"@context":"https:\/\/schema.org","@graph":[{"@type":"WebPage","@id":"https:\/\/c-hessler.de\/shop\/allwinkel-buendigfraeser-mz-100-160v-h\/","url":"https:\/\/c-hessler.de\/shop\/allwinkel-buendigfraeser-mz-100-160v-h\/","name":"Fresa enrasadora todo \u00e1ngulo H de Dr. Hessler Maschinensysteme","isPartOf":{"@id":"https:\/\/c-hessler.de\/#website"},"primaryImageOfPage":{"@id":"https:\/\/c-hessler.de\/shop\/allwinkel-buendigfraeser-mz-100-160v-h\/#primaryimage"},"image":{"@id":"https:\/\/c-hessler.de\/shop\/allwinkel-buendigfraeser-mz-100-160v-h\/#primaryimage"},"thumbnailUrl":"https:\/\/c-hessler.de\/wp-content\/uploads\/2023\/05\/P1010124-scaled-e1684256696780.jpg","datePublished":"2023-05-18T13:52:32+00:00","dateModified":"2025-12-30T03:14:51+00:00","description":"La fresa todo \u00e1ngulo enrasada H se utiliza para fresar enrasados los cantos superiores de piezas complejas. Muy adecuada para piezas de caravanas y autocaravanas.","breadcrumb":{"@id":"https:\/\/c-hessler.de\/shop\/allwinkel-buendigfraeser-mz-100-160v-h\/#breadcrumb"},"inLanguage":"es","potentialAction":[{"@type":"ReadAction","target":["https:\/\/c-hessler.de\/shop\/allwinkel-buendigfraeser-mz-100-160v-h\/"]}]},{"@type":"ImageObject","inLanguage":"es","@id":"https:\/\/c-hessler.de\/shop\/allwinkel-buendigfraeser-mz-100-160v-h\/#primaryimage","url":"https:\/\/c-hessler.de\/wp-content\/uploads\/2023\/05\/P1010124-scaled-e1684256696780.jpg","contentUrl":"https:\/\/c-hessler.de\/wp-content\/uploads\/2023\/05\/P1010124-scaled-e1684256696780.jpg","width":1600,"height":1200,"caption":"B\u00fcndigfr\u00e4ser mit Hochschwert"},{"@type":"BreadcrumbList","@id":"https:\/\/c-hessler.de\/shop\/allwinkel-buendigfraeser-mz-100-160v-h\/#breadcrumb","itemListElement":[{"@type":"ListItem","position":1,"name":"Produkte","item":"https:\/\/c-hessler.de\/produkte\/"},{"@type":"ListItem","position":2,"name":"Allwinkel-B\u00fcndigfr\u00e4ser MZ 100 160V H"}]},{"@type":"WebSite","@id":"https:\/\/c-hessler.de\/#website","url":"https:\/\/c-hessler.de\/","name":"www.c-hessler.de","description":"","publisher":{"@id":"https:\/\/c-hessler.de\/#organization"},"potentialAction":[{"@type":"SearchAction","target":{"@type":"EntryPoint","urlTemplate":"https:\/\/c-hessler.de\/?s={search_term_string}"},"query-input":{"@type":"PropertyValueSpecification","valueRequired":true,"valueName":"search_term_string"}}],"inLanguage":"es"},{"@type":"Organization","@id":"https:\/\/c-hessler.de\/#organization","name":"Dr. Christoph He\u00dfler Sistemas de m\u00e1quinas","alternateName":"Dr. Christoph He\u00dfler Maschinensysteme","url":"https:\/\/c-hessler.de\/","logo":{"@type":"ImageObject","inLanguage":"es","@id":"https:\/\/c-hessler.de\/#\/schema\/logo\/image\/","url":"https:\/\/c-hessler.de\/wp-content\/uploads\/2026\/02\/Draw-03-150312-110115-Ausgeschnitten-I.jpg","contentUrl":"https:\/\/c-hessler.de\/wp-content\/uploads\/2026\/02\/Draw-03-150312-110115-Ausgeschnitten-I.jpg","width":445,"height":394,"caption":"Dr. Christoph He\u00dfler Maschinensysteme"},"image":{"@id":"https:\/\/c-hessler.de\/#\/schema\/logo\/image\/"},"sameAs":["https:\/\/www.facebook.com\/DrChristophHesslerMaschinensysteme\/","https:\/\/www.pinterest.de\/hesstools\/","https:\/\/www.youtube.com\/channel\/UCaNnXDGGF_BiYFQZ2kJgi-A?view_as=subscriber"],"description":"1. Ecken- und Kantenfr\u00e4sen f\u00fcr Tischler und Schreiner, Sonderanfertigungen 2. Auch f\u00fcr die Nachbearbeitung von Eck-Schwei\u00dfn\u00e4hten bei Aluminium-Werkstoffen, f\u00fcr Fahrzeugbauer oder Metallbauer aller Art","email":"christoph.hessler@c-hessler.de","telephone":"0527413012080","legalName":"Dr. Christoph He\u00dfler Maschinensysteme","foundingDate":"2003-06-05","vatID":"DE230070107","numberOfEmployees":{"@type":"QuantitativeValue","minValue":"1","maxValue":"10"}}]},"product_price_amount":"3754.00","product_price_currency":"EUR","og_availability":"instock","product_availability":"instock","product_retailer_item_id":"allwinkel-buendigfraeser-mz-100-160v-h","product_condition":"new"},"_links":{"self":[{"href":"https:\/\/c-hessler.de\/es\/wp-json\/wp\/v2\/product\/206621","targetHints":{"allow":["GET"]}}],"collection":[{"href":"https:\/\/c-hessler.de\/es\/wp-json\/wp\/v2\/product"}],"about":[{"href":"https:\/\/c-hessler.de\/es\/wp-json\/wp\/v2\/types\/product"}],"replies":[{"embeddable":true,"href":"https:\/\/c-hessler.de\/es\/wp-json\/wp\/v2\/comments?post=206621"}],"wp:featuredmedia":[{"embeddable":true,"href":"https:\/\/c-hessler.de\/es\/wp-json\/wp\/v2\/media\/206577"}],"wp:attachment":[{"href":"https:\/\/c-hessler.de\/es\/wp-json\/wp\/v2\/media?parent=206621"}],"wp:term":[{"taxonomy":"product_brand","embeddable":true,"href":"https:\/\/c-hessler.de\/es\/wp-json\/wp\/v2\/product_brand?post=206621"},{"taxonomy":"product_cat","embeddable":true,"href":"https:\/\/c-hessler.de\/es\/wp-json\/wp\/v2\/product_cat?post=206621"},{"taxonomy":"product_tag","embeddable":true,"href":"https:\/\/c-hessler.de\/es\/wp-json\/wp\/v2\/product_tag?post=206621"}],"curies":[{"name":"wp","href":"https:\/\/api.w.org\/{rel}","templated":true}]}}