{"id":122,"date":"2015-05-27T11:04:36","date_gmt":"2015-05-27T09:04:36","guid":{"rendered":"https:\/\/c-hessler.de\/bestellvorgang\/"},"modified":"2025-12-09T12:44:00","modified_gmt":"2025-12-09T11:44:00","slug":"tilausprosessi","status":"publish","type":"page","link":"https:\/\/c-hessler.de\/fi\/bestellvorgang\/","title":{"rendered":"Tilausprosessi"},"content":{"rendered":"<p><strong>Vastuuvapauslauseke: Seuraavan esimerkin tilausprosessista on laatinut asianajaja (<a href=\"http:\/\/rechtsanwalt-schwenke.de\">http:\/\/rechtsanwalt-schwenke.de<\/a>). Se t\u00e4ytt\u00e4\u00e4 tyypilliselle kuluttajille suunnatulle verkkokaupalle asetetut oikeudelliset vaatimukset. Mallia kannattaa kuitenkin k\u00e4ytt\u00e4\u00e4 vasta huolellisen tarkastelun ja omaan liiketoimintamalliin mukauttamisen j\u00e4lkeen. Lausekkeet eiv\u00e4t v\u00e4ltt\u00e4m\u00e4tt\u00e4 ole riitt\u00e4vi\u00e4 tietyiss\u00e4 kokoonpanoissa. Jos olet ep\u00e4varma, kysy oikeudellista neuvoa.<\/strong><\/p>\n<p><em>1. ostoskori<\/em><\/p>\n<p>Valitse haluamasi tuotteet klikkaamalla \"Lis\u00e4\u00e4 koriin\" -painiketta. T\u00e4m\u00e4 lis\u00e4\u00e4 valintasi ostoskoriin. Voit muuttaa t\u00e4t\u00e4 valintaa milloin tahansa ennen tilauksen l\u00e4hett\u00e4mist\u00e4 muuttamalla tuotteiden m\u00e4\u00e4r\u00e4\u00e4, poistamalla valinnan klikkaamalla \"Poista\"-ruutua tai peruuttamalla tilausprosessin. Klikkaamalla \"Checkout\"-painiketta p\u00e4\u00e4set seuraavaan tilausvaiheeseen.<\/p>\n<p><em>2. kassakone<\/em><\/p>\n<p>Kirjaudu sis\u00e4\u00e4n s\u00e4hk\u00f6postiosoitteellasi ja salasanallasi, jos sinulla on jo asiakastili, muuten rekister\u00f6idy uutena asiakkaana. Tietojasi ker\u00e4t\u00e4\u00e4n, k\u00e4sitell\u00e4\u00e4n ja k\u00e4ytet\u00e4\u00e4n tietosuojas\u00e4\u00e4nn\u00f6sten mukaisesti (tietosuojailmoitus). Tietojasi ei k\u00e4ytet\u00e4 mihink\u00e4\u00e4n muuhun tarkoitukseen eik\u00e4 luovuteta kolmansille osapuolille. Jos olet jo rekister\u00f6itynyt, voit nyt valita toimitustavan. Klikkaamalla \"Jatka\"-painiketta siirryt seuraavaan tilausvaiheeseen.<\/p>\n<p><em>3. tarkista laskutusosoite \/ valitse maksutapa.<\/em><\/p>\n<p>Tarkista nyt laskutusosoitteesi ja sy\u00f6t\u00e4 haluamasi maksutapa. Klikkaa \"Jatka\" -painiketta siirty\u00e4ksesi seuraavaan tilausvaiheeseen.<br \/>\n<em>4. tarkista toimitusosoite \/ valitse toimitustapa<\/em><\/p>\n<p>Tarkista nyt toimitusosoitteesi ja sy\u00f6t\u00e4 haluamasi toimitustapa. Klikkaa \"Jatka\" -painiketta siirty\u00e4ksesi seuraavaan tilausvaiheeseen.<br \/>\n<em>5. t\u00e4ydellinen tilausprosessi \/ yleiset ehdot ja tietosuoja<\/em><\/p>\n<p>Saat yleiskatsauksen tilauksestasi: valitut tuotteet, toimitus- ja laskutusosoitteen sek\u00e4 yhteystietosi.Tarkista, ett\u00e4 kaikki tiedot ovat oikein, ja lue yleiset k\u00e4ytt\u00f6ehdot ja peruutusehdot huolellisesti. Voit jatkaa tilausta vain, jos hyv\u00e4ksyt yleiset sopimusehdot ja tietosuojaselosteen (rasti ruutuun). Klikkaamalla \"Osta\"-painiketta l\u00e4het\u00e4t tilauksesi meille. T\u00e4ten l\u00e4het\u00e4t oikeudellisesti sitovan tarjouksen.<\/p>","protected":false},"excerpt":{"rendered":"<p>Haftungshinweis: Das nachstehende Muster f&uuml;r den Bestellvorgang ist von einem Rechtsanwalt erstellt worden (http:\/\/rechtsanwalt-schwenke.de). Es entspricht den rechtlichen Anforderungen eines typischen, an Verbraucher gerichteten Onlineshops.\u00a0Jedoch sollten Sie das Muster nur\u00a0nach sorgf\u00e4ltiger Pr\u00fcfung und Anpassung auf Ihr konkretes Gesch\u00e4ftsmodell verwenden. Die Klauseln k\u00f6nnen in bestimmten Konstellationen nicht ausreichend sein. Lassen Sie sich im Zweifel rechtlich beraten. [&hellip;]<\/p>\n","protected":false},"author":5,"featured_media":0,"parent":0,"menu_order":0,"comment_status":"closed","ping_status":"closed","template":"","meta":{"footnotes":""},"class_list":["post-122","page","type-page","status-publish","hentry"],"yoast_head":"<!-- This site is optimized with the Yoast SEO Premium plugin v27.0 (Yoast SEO v27.3) - https:\/\/yoast.com\/product\/yoast-seo-premium-wordpress\/ -->\n<title>Bestellvorgang - Dr. Christoph He\u00dfler Maschinensysteme<\/title>\n<meta name=\"robots\" content=\"index, follow, max-snippet:-1, max-image-preview:large, max-video-preview:-1\" \/>\n<link rel=\"canonical\" href=\"https:\/\/c-hessler.de\/fi\/tilausprosessi\/\" \/>\n<meta property=\"og:locale\" content=\"fi_FI\" \/>\n<meta property=\"og:type\" content=\"article\" \/>\n<meta property=\"og:title\" content=\"Bestellvorgang\" \/>\n<meta property=\"og:description\" content=\"Haftungshinweis: Das nachstehende Muster f&uuml;r den Bestellvorgang ist von einem Rechtsanwalt erstellt worden (http:\/\/rechtsanwalt-schwenke.de). Es entspricht den rechtlichen Anforderungen eines typischen, an Verbraucher gerichteten Onlineshops.\u00a0Jedoch sollten Sie das Muster nur\u00a0nach sorgf\u00e4ltiger Pr\u00fcfung und Anpassung auf Ihr konkretes Gesch\u00e4ftsmodell verwenden. Die Klauseln k\u00f6nnen in bestimmten Konstellationen nicht ausreichend sein. Lassen Sie sich im Zweifel rechtlich beraten. [&hellip;]\" \/>\n<meta property=\"og:url\" content=\"https:\/\/c-hessler.de\/fi\/tilausprosessi\/\" \/>\n<meta property=\"og:site_name\" content=\"Dr. Christoph He\u00dfler Maschinensysteme\" \/>\n<meta property=\"article:publisher\" content=\"https:\/\/www.facebook.com\/DrChristophHesslerMaschinensysteme\/\" \/>\n<meta property=\"article:modified_time\" content=\"2025-12-09T11:44:00+00:00\" \/>\n<meta name=\"twitter:label1\" content=\"Arvioitu lukuaika\" \/>\n\t<meta name=\"twitter:data1\" content=\"2 minuuttia\" \/>\n<script type=\"application\/ld+json\" class=\"yoast-schema-graph\">{\"@context\":\"https:\\\/\\\/schema.org\",\"@graph\":[{\"@type\":\"WebPage\",\"@id\":\"https:\\\/\\\/c-hessler.de\\\/bestellvorgang\\\/\",\"url\":\"https:\\\/\\\/c-hessler.de\\\/bestellvorgang\\\/\",\"name\":\"Bestellvorgang - Dr. Christoph He\u00dfler Maschinensysteme\",\"isPartOf\":{\"@id\":\"https:\\\/\\\/c-hessler.de\\\/#website\"},\"datePublished\":\"2015-05-27T09:04:36+00:00\",\"dateModified\":\"2025-12-09T11:44:00+00:00\",\"inLanguage\":\"fi\",\"potentialAction\":[{\"@type\":\"ReadAction\",\"target\":[\"https:\\\/\\\/c-hessler.de\\\/bestellvorgang\\\/\"]}]},{\"@type\":\"WebSite\",\"@id\":\"https:\\\/\\\/c-hessler.de\\\/#website\",\"url\":\"https:\\\/\\\/c-hessler.de\\\/\",\"name\":\"www.c-hessler.de\",\"description\":\"\",\"publisher\":{\"@id\":\"https:\\\/\\\/c-hessler.de\\\/#organization\"},\"potentialAction\":[{\"@type\":\"SearchAction\",\"target\":{\"@type\":\"EntryPoint\",\"urlTemplate\":\"https:\\\/\\\/c-hessler.de\\\/?s={search_term_string}\"},\"query-input\":{\"@type\":\"PropertyValueSpecification\",\"valueRequired\":true,\"valueName\":\"search_term_string\"}}],\"inLanguage\":\"fi\"},{\"@type\":\"Organization\",\"@id\":\"https:\\\/\\\/c-hessler.de\\\/#organization\",\"name\":\"Dr. Christoph He\u00dfler Maschinensysteme\",\"alternateName\":\"Dr. Christoph He\u00dfler Maschinensysteme\",\"url\":\"https:\\\/\\\/c-hessler.de\\\/\",\"logo\":{\"@type\":\"ImageObject\",\"inLanguage\":\"fi\",\"@id\":\"https:\\\/\\\/c-hessler.de\\\/#\\\/schema\\\/logo\\\/image\\\/\",\"url\":\"https:\\\/\\\/c-hessler.de\\\/wp-content\\\/uploads\\\/2026\\\/02\\\/Draw-03-150312-110115-Ausgeschnitten-I.jpg\",\"contentUrl\":\"https:\\\/\\\/c-hessler.de\\\/wp-content\\\/uploads\\\/2026\\\/02\\\/Draw-03-150312-110115-Ausgeschnitten-I.jpg\",\"width\":445,\"height\":394,\"caption\":\"Dr. Christoph He\u00dfler Maschinensysteme\"},\"image\":{\"@id\":\"https:\\\/\\\/c-hessler.de\\\/#\\\/schema\\\/logo\\\/image\\\/\"},\"sameAs\":[\"https:\\\/\\\/www.facebook.com\\\/DrChristophHesslerMaschinensysteme\\\/\",\"https:\\\/\\\/www.pinterest.de\\\/hesstools\\\/\",\"https:\\\/\\\/www.youtube.com\\\/channel\\\/UCaNnXDGGF_BiYFQZ2kJgi-A?view_as=subscriber\"],\"description\":\"1. Ecken- und Kantenfr\u00e4sen f\u00fcr Tischler und Schreiner, Sonderanfertigungen 2. Auch f\u00fcr die Nachbearbeitung von Eck-Schwei\u00dfn\u00e4hten bei Aluminium-Werkstoffen, f\u00fcr Fahrzeugbauer oder Metallbauer aller Art\",\"email\":\"christoph.hessler@c-hessler.de\",\"telephone\":\"0527413012080\",\"legalName\":\"Dr. Christoph He\u00dfler Maschinensysteme\",\"foundingDate\":\"2003-06-05\",\"vatID\":\"DE230070107\",\"numberOfEmployees\":{\"@type\":\"QuantitativeValue\",\"minValue\":\"1\",\"maxValue\":\"10\"}}]}<\/script>\n<!-- \/ Yoast SEO Premium plugin. -->","yoast_head_json":{"title":"Tilausprosessi - Dr Christoph He\u00dfler Maschinensysteme","robots":{"index":"index","follow":"follow","max-snippet":"max-snippet:-1","max-image-preview":"max-image-preview:large","max-video-preview":"max-video-preview:-1"},"canonical":"https:\/\/c-hessler.de\/fi\/tilausprosessi\/","og_locale":"fi_FI","og_type":"article","og_title":"Bestellvorgang","og_description":"Haftungshinweis: Das nachstehende Muster f&uuml;r den Bestellvorgang ist von einem Rechtsanwalt erstellt worden (http:\/\/rechtsanwalt-schwenke.de). Es entspricht den rechtlichen Anforderungen eines typischen, an Verbraucher gerichteten Onlineshops.\u00a0Jedoch sollten Sie das Muster nur\u00a0nach sorgf\u00e4ltiger Pr\u00fcfung und Anpassung auf Ihr konkretes Gesch\u00e4ftsmodell verwenden. Die Klauseln k\u00f6nnen in bestimmten Konstellationen nicht ausreichend sein. Lassen Sie sich im Zweifel rechtlich beraten. [&hellip;]","og_url":"https:\/\/c-hessler.de\/fi\/tilausprosessi\/","og_site_name":"Dr. Christoph He\u00dfler Maschinensysteme","article_publisher":"https:\/\/www.facebook.com\/DrChristophHesslerMaschinensysteme\/","article_modified_time":"2025-12-09T11:44:00+00:00","twitter_misc":{"Arvioitu lukuaika":"2 minuuttia"},"schema":{"@context":"https:\/\/schema.org","@graph":[{"@type":"WebPage","@id":"https:\/\/c-hessler.de\/bestellvorgang\/","url":"https:\/\/c-hessler.de\/bestellvorgang\/","name":"Tilausprosessi - Dr Christoph He\u00dfler Maschinensysteme","isPartOf":{"@id":"https:\/\/c-hessler.de\/#website"},"datePublished":"2015-05-27T09:04:36+00:00","dateModified":"2025-12-09T11:44:00+00:00","inLanguage":"fi","potentialAction":[{"@type":"ReadAction","target":["https:\/\/c-hessler.de\/bestellvorgang\/"]}]},{"@type":"WebSite","@id":"https:\/\/c-hessler.de\/#website","url":"https:\/\/c-hessler.de\/","name":"www.c-hessler.de","description":"","publisher":{"@id":"https:\/\/c-hessler.de\/#organization"},"potentialAction":[{"@type":"SearchAction","target":{"@type":"EntryPoint","urlTemplate":"https:\/\/c-hessler.de\/?s={search_term_string}"},"query-input":{"@type":"PropertyValueSpecification","valueRequired":true,"valueName":"search_term_string"}}],"inLanguage":"fi"},{"@type":"Organization","@id":"https:\/\/c-hessler.de\/#organization","name":"Tohtori Christoph He\u00dfler Konej\u00e4rjestelm\u00e4t","alternateName":"Dr. Christoph He\u00dfler Maschinensysteme","url":"https:\/\/c-hessler.de\/","logo":{"@type":"ImageObject","inLanguage":"fi","@id":"https:\/\/c-hessler.de\/#\/schema\/logo\/image\/","url":"https:\/\/c-hessler.de\/wp-content\/uploads\/2026\/02\/Draw-03-150312-110115-Ausgeschnitten-I.jpg","contentUrl":"https:\/\/c-hessler.de\/wp-content\/uploads\/2026\/02\/Draw-03-150312-110115-Ausgeschnitten-I.jpg","width":445,"height":394,"caption":"Dr. Christoph He\u00dfler Maschinensysteme"},"image":{"@id":"https:\/\/c-hessler.de\/#\/schema\/logo\/image\/"},"sameAs":["https:\/\/www.facebook.com\/DrChristophHesslerMaschinensysteme\/","https:\/\/www.pinterest.de\/hesstools\/","https:\/\/www.youtube.com\/channel\/UCaNnXDGGF_BiYFQZ2kJgi-A?view_as=subscriber"],"description":"1. Ecken- und Kantenfr\u00e4sen f\u00fcr Tischler und Schreiner, Sonderanfertigungen 2. Auch f\u00fcr die Nachbearbeitung von Eck-Schwei\u00dfn\u00e4hten bei Aluminium-Werkstoffen, f\u00fcr Fahrzeugbauer oder Metallbauer aller Art","email":"christoph.hessler@c-hessler.de","telephone":"0527413012080","legalName":"Dr. Christoph He\u00dfler Maschinensysteme","foundingDate":"2003-06-05","vatID":"DE230070107","numberOfEmployees":{"@type":"QuantitativeValue","minValue":"1","maxValue":"10"}}]}},"_hostinger_reach_plugin_has_subscription_block":false,"_hostinger_reach_plugin_is_elementor":false,"_links":{"self":[{"href":"https:\/\/c-hessler.de\/fi\/wp-json\/wp\/v2\/pages\/122","targetHints":{"allow":["GET"]}}],"collection":[{"href":"https:\/\/c-hessler.de\/fi\/wp-json\/wp\/v2\/pages"}],"about":[{"href":"https:\/\/c-hessler.de\/fi\/wp-json\/wp\/v2\/types\/page"}],"author":[{"embeddable":true,"href":"https:\/\/c-hessler.de\/fi\/wp-json\/wp\/v2\/users\/5"}],"replies":[{"embeddable":true,"href":"https:\/\/c-hessler.de\/fi\/wp-json\/wp\/v2\/comments?post=122"}],"version-history":[{"count":0,"href":"https:\/\/c-hessler.de\/fi\/wp-json\/wp\/v2\/pages\/122\/revisions"}],"wp:attachment":[{"href":"https:\/\/c-hessler.de\/fi\/wp-json\/wp\/v2\/media?parent=122"}],"curies":[{"name":"wp","href":"https:\/\/api.w.org\/{rel}","templated":true}]}}