{"id":205841,"date":"2019-12-09T16:11:31","date_gmt":"2019-12-09T15:11:31","guid":{"rendered":"https:\/\/c-hessler.de\/?page_id=205841"},"modified":"2025-12-09T12:43:59","modified_gmt":"2025-12-09T11:43:59","slug":"leikkaukset-sahan-ja-loven-avulla","status":"publish","type":"page","link":"https:\/\/c-hessler.de\/fi\/ausschnitte-mit-saege-und-ausklinker\/","title":{"rendered":"Leikkaukset sahan ja loven avulla"},"content":{"rendered":"<p>[et_pb_section fb_built=\u201c1\u2033 _builder_version=\u201c3.22\u2033][et_pb_row column_structure=\u201c1_2,1_2\u2033 _builder_version=\u201c3.25\u2033 background_size=\u201cinitial\u201c background_position=\u201ctop_left\u201c background_repeat=\u201crepeat\u201c][et_pb_column type=\u201c1_2\u2033 _builder_version=\u201c3.25\u2033 custom_padding=\u201c|||\u201c custom_padding__hover=\u201c|||\u201c][et_pb_blurb title=\u201cFormatkreiss\u00e4ge und Ausklinker\u201c admin_label=\u201cFormatkreiss\u00e4ge und Ausklinker\u201c _builder_version=\u201c4.0.7\u2033 header_text_align=\u201ccenter\u201c header_text_color=\u201c#ffffff\u201c background_color=\u201c#800000\u2033 text_orientation=\u201ccenter\u201c background_layout=\u201cdark\u201c custom_margin=\u201c10px|||\u201c custom_padding=\u201c10px|||\u201c border_color_all=\u201c#800000\u2033 border_color_all_image=\u201c#800000\u2033 box_shadow_style=\u201cpreset2\u2033 box_shadow_style_image=\u201cpreset2\u2033 saved_tabs=\u201call\u201c][\/et_pb_blurb][et_pb_image src=\u201chttps:\/\/c-hessler.de\/wp-content\/uploads\/2019\/12\/DSC_0901.jpg\u201c align_tablet=\u201ccenter\u201c align_phone=\u201c\u201c align_last_edited=\u201con|desktop\u201c _builder_version=\u201c4.0.7\u2033 always_center_on_mobile=\u201con\u201c][\/et_pb_image][\/et_pb_column][et_pb_column type=\u201c1_2\u2033 _builder_version=\u201c4.0.7\u2033][et_pb_blurb title=\u201cAusklinker MZ 02 90F A\u201c admin_label=\u201cAusschnitte auf der Altendorf-S\u00e4ge\u201c _builder_version=\u201c4.0.7\u2033]<\/p>\n<h1><strong>Ausklinken an S\u00e4ge-Ausschnitten<br \/>\n<\/strong><\/h1>\n<ul>\n<li>Der <a href=\"https:\/\/c-hessler.de\/shop\/ausklinker-mz-02-90f-a\/\">Ausklinker<\/a> hat sich seit vielen Jahren in Deutschland, \u00d6sterreich, Schweiz bis nach Ru\u00dfland und Singapur bew\u00e4hrt.<\/li>\n<li>Bisher wurde dabei der Ausklinker an Ausschnitten oder Einschnitten eingesetzt, die mit einem Fr\u00e4ser erzeugt worden sind.<\/li>\n<li>Nun gibt es auch einen Pionier f\u00fcr die Anwendung mit ges\u00e4gten Ausschnitten. Die <a href=\"http:\/\/www.grothe-einbaumoebel.de\/index.html\">Schreinerei Grothe in Bad Oeynhausen, Ortsteil Wulferdingen,<\/a> geht dabei wie in dem Video und den Bildern unten vor.<\/li>\n<li>Ausgeklinkt werden damit beispielsweise Ausschnitte in T\u00fcren.<\/li>\n<li>Mit dem <a href=\"https:\/\/c-hessler.de\/shop\/ausklinker-mz-02-90f-a\/\">Ausklinker<\/a> entf\u00e4llt das Ausstemmen der Innen-Ecken-Reste mit dem Stecheisen. Damit ist die Gefahr der Verletzung des Werkst\u00fcckes minmiert und es geht schneller.<\/li>\n<\/ul>\n<p>[\/et_pb_blurb][\/et_pb_column][\/et_pb_row][et_pb_row _builder_version=\u201c4.0.7\u2033][et_pb_column type=\u201c4_4\u2033 _builder_version=\u201c4.0.7\u2033][et_pb_gallery gallery_ids=\u201c205850,205922,205847,205853,205852,205854,205855,205856,205858,205859,205851,205910\u2033 posts_number=\u201c12\u2033 zoom_icon_color=\u201c#800000\u2033 _builder_version=\u201c4.0.7\u2033 background_color=\u201c#ffffff\u201c link_option_url=\u201chttps:\/\/c-hessler.de\/shop\/ausklinker-mz-02-90f-a\/\u201c link_option_url_new_window=\u201con\u201c pagination_font_size_tablet=\u201c51\u2033 pagination_line_height_tablet=\u201c2\u2033][\/et_pb_gallery][\/et_pb_column][\/et_pb_row][et_pb_row _builder_version=\u201c4.0.7\u2033 border_width_all=\u201c5px\u201c border_color_all=\u201c#edf000\u2033][et_pb_column type=\u201c4_4\u2033 _builder_version=\u201c4.0.7\u2033][et_pb_text _builder_version=\u201c4.0.7\u2033]<\/p>\n<h3 style=\"text-align: center;\"><a href=\"https:\/\/c-hessler.de\/wp-content\/uploads\/2019\/12\/TSM-Web_BG_96.18-Auszug-Einsetzfr\u00e4sen-Komplett-1.pdf\">Sicherheit beachten, siehe Berufsgenossenschaft Holz und Metall BGHM<\/a><\/h3>\n<p>[\/et_pb_text][et_pb_image src=\u201chttps:\/\/c-hessler.de\/wp-content\/uploads\/2019\/12\/Einsetzfr\u00e4sen-BGHM.jpg\u201c url=\u201chttps:\/\/c-hessler.de\/wp-content\/uploads\/2019\/12\/TSM-Web_BG_96.18-Auszug-Einsetzfr\u00e4sen-Komplett-1.pdf\u201c url_new_window=\u201con\u201c align=\u201ccenter\u201c _builder_version=\u201c4.0.7\u2033][\/et_pb_image][\/et_pb_column][\/et_pb_row][et_pb_row _builder_version=\u201c3.0.92\u2033 global_module=\u201c11244\u2033][et_pb_column type=\u201c4_4\u2033 _builder_version=\u201c3.25\u2033 custom_padding=\u201c|||\u201c custom_padding__hover=\u201c|||\u201c][et_pb_cta button_url=\u201chttps:\/\/c-hessler.de\/anfrage-formular\/\u201c url_new_window=\u201con\u201c button_text=\u201cPers\u00f6nliche Beratung\u201c _builder_version=\u201c3.16\u2033 use_background_color=\u201coff\u201c custom_button=\u201con\u201c button_text_color=\u201c#ffffff\u201c button_bg_color=\u201c#800000\u2033 button_text_size__hover_enabled=\u201coff\u201c button_text_size__hover=\u201cnull\u201c button_one_text_size__hover_enabled=\u201coff\u201c button_one_text_size__hover=\u201cnull\u201c button_two_text_size__hover_enabled=\u201coff\u201c button_two_text_size__hover=\u201cnull\u201c button_text_color__hover_enabled=\u201coff\u201c button_text_color__hover=\u201cnull\u201c button_one_text_color__hover_enabled=\u201coff\u201c button_one_text_color__hover=\u201cnull\u201c button_two_text_color__hover_enabled=\u201coff\u201c button_two_text_color__hover=\u201cnull\u201c button_border_width__hover_enabled=\u201coff\u201c button_border_width__hover=\u201cnull\u201c button_one_border_width__hover_enabled=\u201coff\u201c button_one_border_width__hover=\u201cnull\u201c button_two_border_width__hover_enabled=\u201coff\u201c button_two_border_width__hover=\u201cnull\u201c button_border_color__hover_enabled=\u201coff\u201c button_border_color__hover=\u201cnull\u201c button_one_border_color__hover_enabled=\u201coff\u201c button_one_border_color__hover=\u201cnull\u201c button_two_border_color__hover_enabled=\u201coff\u201c button_two_border_color__hover=\u201cnull\u201c button_border_radius__hover_enabled=\u201coff\u201c button_border_radius__hover=\u201cnull\u201c button_one_border_radius__hover_enabled=\u201coff\u201c button_one_border_radius__hover=\u201cnull\u201c button_two_border_radius__hover_enabled=\u201coff\u201c button_two_border_radius__hover=\u201cnull\u201c button_letter_spacing__hover_enabled=\u201coff\u201c button_letter_spacing__hover=\u201cnull\u201c button_one_letter_spacing__hover_enabled=\u201coff\u201c button_one_letter_spacing__hover=\u201cnull\u201c button_two_letter_spacing__hover_enabled=\u201coff\u201c button_two_letter_spacing__hover=\u201cnull\u201c button_bg_color__hover_enabled=\u201coff\u201c button_bg_color__hover=\u201cnull\u201c button_one_bg_color__hover_enabled=\u201coff\u201c button_one_bg_color__hover=\u201cnull\u201c button_two_bg_color__hover_enabled=\u201coff\u201c button_two_bg_color__hover=\u201cnull\u201c]<\/p>\n<p><a href=\"https:\/\/c-hessler.de\/anfrage-formular\">Anrufen und Beraten | Kostenfrei testen | Direkt bestellen | Weitergeben und Teilen | Skypekontakt | Livevorf\u00fchrung aus Ausstellungsraum<\/a><\/p>\n<p>[\/et_pb_cta][et_pb_divider divider_weight=\u201c2\u2033 _builder_version=\u201c3.0.92\u2033][\/et_pb_divider][\/et_pb_column][\/et_pb_row][et_pb_row column_structure=\u201c1_3,1_3,1_3\u2033 _builder_version=\u201c4.0.7\u2033 ab_subject=\u201con\u201c ab_subject_id=\u201c1\u2033 ab_goal=\u201con\u201c][et_pb_column type=\u201c1_3\u2033 _builder_version=\u201c4.0.7\u2033][et_pb_blurb title=\u201cGratis testen\u201c use_icon=\u201con\u201c font_icon=\u201c%%45%%\u201c icon_color=\u201c#ffffff\u201c use_circle=\u201con\u201c use_circle_border=\u201con\u201c icon_placement=\u201cleft\u201c use_icon_font_size=\u201con\u201c admin_label=\u201cGratis testen\u201c _builder_version=\u201c3.0.92\u2033 custom_padding=\u201c10px||10px|10px\u201c box_shadow_style=\u201cpreset2\u2033]Sie sind Fachmann\/ \u2013 frau und gewerblich t\u00e4tig?Dann haben Sie die M\u00f6glichkeit die Maschinen unverbindlich und gratis zu testen, um die Einsatzm\u00f6glichkeiten unter Ihren pers\u00f6nlichen Bedingungen zu \u00fcberpr\u00fcfen.Einfach anrufen: Deutschland 05741 \/ 296 405 International +49 5741 \/ 296 405 [\/et_pb_blurb][\/et_pb_column][et_pb_column type=\u201c1_3\u2033 _builder_version=\u201c4.0.7\u2033][et_pb_blurb title=\u201cDas gibt es so nur hier\u201c use_icon=\u201con\u201c font_icon=\u201c%%45%%\u201c icon_color=\u201c#ffffff\u201c use_circle=\u201con\u201c use_circle_border=\u201con\u201c icon_placement=\u201cleft\u201c use_icon_font_size=\u201con\u201c admin_label=\u201cDas gibt es so nur hier\u201c _builder_version=\u201c3.0.92\u2033 custom_padding=\u201c10px||10px|10px\u201c box_shadow_style=\u201cpreset2\u2033]<\/p>\n<ul>\n<li>TOP Funktion<\/li>\n<li>TOP Handhabung<\/li>\n<li>TOP Verarbeitung<\/li>\n<li>Direkt vom Hersteller<\/li>\n<li>Beratung durch den Hersteller<\/li>\n<li>Test gratis<\/li>\n<li>Kauf auf Rechnung<\/li>\n<\/ul>\n<p>[\/et_pb_blurb][\/et_pb_column][et_pb_column type=\u201c1_3\u2033 _builder_version=\u201c4.0.7\u2033][et_pb_blurb title=\u201cPers\u00f6nliche Beratung\u201c use_icon=\u201con\u201c font_icon=\u201c%%45%%\u201c icon_color=\u201c#ffffff\u201c use_circle=\u201con\u201c use_circle_border=\u201con\u201c icon_placement=\u201cleft\u201c use_icon_font_size=\u201con\u201c admin_label=\u201cPers\u00f6nliche Beratung\u201c _builder_version=\u201c3.0.92\u2033 custom_padding=\u201c10px||10px|10px\u201c box_shadow_style=\u201cpreset2\u2033]Dr. Christoph He\u00dfler Maschinensysteme <a href=\"https:\/\/c-hessler.de\/wp-content\/uploads\/2017\/12\/ch2.jpg\"><img decoding=\"async\" class=\"alignnone wp-image-11575 size-full\" src=\"https:\/\/c-hessler.de\/wp-content\/uploads\/2017\/12\/ch2.jpg\" alt=\"\" width=\"176\" height=\"130\" srcset=\"https:\/\/c-hessler.de\/wp-content\/uploads\/2017\/12\/ch2.jpg 176w, https:\/\/c-hessler.de\/wp-content\/uploads\/2017\/12\/ch2-150x111.jpg 150w\" sizes=\"(max-width: 176px) 100vw, 176px\" \/><\/a> An der Ronceva 5 32312 L\u00fcbbecke Tel.: +49 (0) 5741 \/ 3012080 E-Mail: christoph.hessler@c-hessler.de [\/et_pb_blurb][\/et_pb_column][\/et_pb_row][et_pb_row _builder_version=\u201c4.0.7\u2033 ab_subject=\u201con\u201c ab_subject_id=\u201c2\u2033 ab_goal=\u201con\u201c][et_pb_column type=\u201c4_4\u2033 _builder_version=\u201c4.0.7\u2033][et_pb_blurb title=\u201cGratis testen\u201c use_icon=\u201con\u201c font_icon=\u201c%%45%%\u201c icon_color=\u201c#ffffff\u201c use_circle=\u201con\u201c use_circle_border=\u201con\u201c icon_placement=\u201cleft\u201c use_icon_font_size=\u201con\u201c admin_label=\u201cGratis testen\u201c _builder_version=\u201c3.0.92\u2033 custom_padding=\u201c10px||10px|10px\u201c box_shadow_style=\u201cpreset2\u2033]Sie sind Fachmann\/ \u2013 frau und gewerblich t\u00e4tig?Dann haben Sie die M\u00f6glichkeit die Maschinen unverbindlich und gratis zu testen, um die Einsatzm\u00f6glichkeiten unter Ihren pers\u00f6nlichen Bedingungen zu \u00fcberpr\u00fcfen.Einfach anrufen: Deutschland 05741 \/ 296 405 International +49 5741 \/ 296 405 [\/et_pb_blurb][et_pb_blurb title=\u201cPers\u00f6nliche Beratung\u201c use_icon=\u201con\u201c font_icon=\u201c%%45%%\u201c icon_color=\u201c#ffffff\u201c use_circle=\u201con\u201c use_circle_border=\u201con\u201c icon_placement=\u201cleft\u201c use_icon_font_size=\u201con\u201c admin_label=\u201cPers\u00f6nliche Beratung\u201c _builder_version=\u201c3.0.92\u2033 custom_padding=\u201c10px||10px|10px\u201c box_shadow_style=\u201cpreset2\u2033]Dr. Christoph He\u00dfler Maschinensysteme <a href=\"https:\/\/c-hessler.de\/wp-content\/uploads\/2017\/12\/ch2.jpg\"><img decoding=\"async\" class=\"alignnone wp-image-11575 size-full\" src=\"https:\/\/c-hessler.de\/wp-content\/uploads\/2017\/12\/ch2.jpg\" alt=\"\" width=\"176\" height=\"130\" srcset=\"https:\/\/c-hessler.de\/wp-content\/uploads\/2017\/12\/ch2.jpg 176w, https:\/\/c-hessler.de\/wp-content\/uploads\/2017\/12\/ch2-150x111.jpg 150w\" sizes=\"(max-width: 176px) 100vw, 176px\" \/><\/a> An der Ronceva 5 32312 L\u00fcbbecke Tel.: +49 (0) 5741 \/ 3012080 E-Mail: christoph.hessler@c-hessler.de [\/et_pb_blurb][et_pb_blurb title=\u201cDas gibt es so nur hier\u201c use_icon=\u201con\u201c font_icon=\u201c%%45%%\u201c icon_color=\u201c#ffffff\u201c use_circle=\u201con\u201c use_circle_border=\u201con\u201c icon_placement=\u201cleft\u201c use_icon_font_size=\u201con\u201c admin_label=\u201cDas gibt es so nur hier\u201c _builder_version=\u201c3.0.92\u2033 custom_padding=\u201c10px||10px|10px\u201c box_shadow_style=\u201cpreset2\u2033]<\/p>\n<ul>\n<li>TOP Funktion<\/li>\n<li>TOP Handhabung<\/li>\n<li>TOP Verarbeitung<\/li>\n<li>Direkt vom Hersteller<\/li>\n<li>Beratung durch den Hersteller<\/li>\n<li>Test gratis<\/li>\n<li>Kauf auf Rechnung<\/li>\n<\/ul>\n<p>[\/et_pb_blurb][\/et_pb_column][\/et_pb_row][\/et_pb_section]<\/p>\n","protected":false},"excerpt":{"rendered":"<p>[et_pb_section fb_built=\u201c1\u2033 _builder_version=\u201c3.22\u2033][et_pb_row column_structure=\u201c1_2,1_2\u2033 _builder_version=\u201c3.25\u2033 background_size=\u201cinitial\u201c background_position=\u201ctop_left\u201c background_repeat=\u201crepeat\u201c][et_pb_column type=\u201c1_2\u2033 _builder_version=\u201c3.25\u2033 custom_padding=\u201c|||\u201c custom_padding__hover=\u201c|||\u201c][et_pb_blurb title=\u201cFormatkreiss\u00e4ge und Ausklinker\u201c admin_label=\u201cFormatkreiss\u00e4ge und Ausklinker\u201c _builder_version=\u201c4.0.7\u2033 header_text_align=\u201ccenter\u201c header_text_color=\u201c#ffffff\u201c background_color=\u201c#800000\u2033 text_orientation=\u201ccenter\u201c background_layout=\u201cdark\u201c custom_margin=\u201c10px|||\u201c custom_padding=\u201c10px|||\u201c border_color_all=\u201c#800000\u2033 border_color_all_image=\u201c#800000\u2033 box_shadow_style=\u201cpreset2\u2033 box_shadow_style_image=\u201cpreset2\u2033 saved_tabs=\u201call\u201c][\/et_pb_blurb][et_pb_image src=\u201chttps:\/\/c-hessler.de\/wp-content\/uploads\/2019\/12\/DSC_0901.jpg\u201c align_tablet=\u201ccenter\u201c align_phone=\u201c\u201c align_last_edited=\u201con|desktop\u201c _builder_version=\u201c4.0.7\u2033 always_center_on_mobile=\u201con\u201c][\/et_pb_image][\/et_pb_column][et_pb_column type=\u201c1_2\u2033 _builder_version=\u201c4.0.7\u2033][et_pb_blurb title=\u201cAusklinker MZ 02 90F A\u201c admin_label=\u201cAusschnitte auf der Altendorf-S\u00e4ge\u201c _builder_version=\u201c4.0.7\u2033] Ausklinken an S\u00e4ge-Ausschnitten Der Ausklinker hat [&hellip;]<\/p>\n","protected":false},"author":5,"featured_media":0,"parent":0,"menu_order":0,"comment_status":"closed","ping_status":"closed","template":"","meta":{"footnotes":""},"class_list":["post-205841","page","type-page","status-publish","hentry"],"yoast_head":"<!-- This site is optimized with the Yoast SEO Premium plugin v27.5 (Yoast SEO v27.5) - https:\/\/yoast.com\/product\/yoast-seo-premium-wordpress\/ -->\n<title>Ausschnitte mit S\u00e4ge und Ausklinker statt Stecheisen, Einsetzs\u00e4gen<\/title>\n<meta name=\"description\" content=\"Mit einer S\u00e4ge (Altendorf, Martin, Felder) k\u00f6nnen Fachkr\u00e4fte Ausschnitte herstellen. Das Entfernen der Reststege in den Ecken macht der Ausklinker pr\u00e4zise.\" \/>\n<meta name=\"robots\" content=\"index, follow, max-snippet:-1, max-image-preview:large, max-video-preview:-1\" \/>\n<link rel=\"canonical\" href=\"https:\/\/c-hessler.de\/fi\/leikkaukset-sahan-ja-loven-avulla\/\" \/>\n<meta property=\"og:locale\" content=\"fi_FI\" \/>\n<meta property=\"og:type\" content=\"article\" \/>\n<meta property=\"og:title\" content=\"Ausschnitte mit S\u00e4ge und Ausklinker\" \/>\n<meta property=\"og:description\" content=\"Mit einer S\u00e4ge (Altendorf, Martin, Felder) k\u00f6nnen Fachkr\u00e4fte Ausschnitte herstellen. Das Entfernen der Reststege in den Ecken macht der Ausklinker pr\u00e4zise.\" \/>\n<meta property=\"og:url\" content=\"https:\/\/c-hessler.de\/fi\/leikkaukset-sahan-ja-loven-avulla\/\" \/>\n<meta property=\"og:site_name\" content=\"Dr. Christoph He\u00dfler Maschinensysteme\" \/>\n<meta property=\"article:publisher\" content=\"https:\/\/www.facebook.com\/DrChristophHesslerMaschinensysteme\/\" \/>\n<meta property=\"article:modified_time\" content=\"2025-12-09T11:43:59+00:00\" \/>\n<meta property=\"og:image\" content=\"https:\/\/c-hessler.de\/wp-content\/uploads\/2017\/12\/ch2.jpg\" \/>\n\t<meta property=\"og:image:width\" content=\"176\" \/>\n\t<meta property=\"og:image:height\" content=\"130\" \/>\n\t<meta property=\"og:image:type\" content=\"image\/jpeg\" \/>\n<meta name=\"twitter:label1\" content=\"Arvioitu lukuaika\" \/>\n\t<meta name=\"twitter:data1\" content=\"6 minuuttia\" \/>\n<script type=\"application\/ld+json\" class=\"yoast-schema-graph\">{\"@context\":\"https:\\\/\\\/schema.org\",\"@graph\":[{\"@type\":\"WebPage\",\"@id\":\"https:\\\/\\\/c-hessler.de\\\/ausschnitte-mit-saege-und-ausklinker\\\/\",\"url\":\"https:\\\/\\\/c-hessler.de\\\/ausschnitte-mit-saege-und-ausklinker\\\/\",\"name\":\"Ausschnitte mit S\u00e4ge und Ausklinker statt Stecheisen, Einsetzs\u00e4gen\",\"isPartOf\":{\"@id\":\"https:\\\/\\\/c-hessler.de\\\/#website\"},\"primaryImageOfPage\":{\"@id\":\"https:\\\/\\\/c-hessler.de\\\/ausschnitte-mit-saege-und-ausklinker\\\/#primaryimage\"},\"image\":{\"@id\":\"https:\\\/\\\/c-hessler.de\\\/ausschnitte-mit-saege-und-ausklinker\\\/#primaryimage\"},\"thumbnailUrl\":\"https:\\\/\\\/c-hessler.de\\\/wp-content\\\/uploads\\\/2017\\\/12\\\/ch2.jpg\",\"datePublished\":\"2019-12-09T15:11:31+00:00\",\"dateModified\":\"2025-12-09T11:43:59+00:00\",\"description\":\"Mit einer S\u00e4ge (Altendorf, Martin, Felder) k\u00f6nnen Fachkr\u00e4fte Ausschnitte herstellen. Das Entfernen der Reststege in den Ecken macht der Ausklinker pr\u00e4zise.\",\"inLanguage\":\"fi\",\"potentialAction\":[{\"@type\":\"ReadAction\",\"target\":[\"https:\\\/\\\/c-hessler.de\\\/ausschnitte-mit-saege-und-ausklinker\\\/\"]}]},{\"@type\":\"ImageObject\",\"inLanguage\":\"fi\",\"@id\":\"https:\\\/\\\/c-hessler.de\\\/ausschnitte-mit-saege-und-ausklinker\\\/#primaryimage\",\"url\":\"https:\\\/\\\/c-hessler.de\\\/wp-content\\\/uploads\\\/2017\\\/12\\\/ch2.jpg\",\"contentUrl\":\"https:\\\/\\\/c-hessler.de\\\/wp-content\\\/uploads\\\/2017\\\/12\\\/ch2.jpg\"},{\"@type\":\"WebSite\",\"@id\":\"https:\\\/\\\/c-hessler.de\\\/#website\",\"url\":\"https:\\\/\\\/c-hessler.de\\\/\",\"name\":\"www.c-hessler.de\",\"description\":\"\",\"publisher\":{\"@id\":\"https:\\\/\\\/c-hessler.de\\\/#organization\"},\"potentialAction\":[{\"@type\":\"SearchAction\",\"target\":{\"@type\":\"EntryPoint\",\"urlTemplate\":\"https:\\\/\\\/c-hessler.de\\\/?s={search_term_string}\"},\"query-input\":{\"@type\":\"PropertyValueSpecification\",\"valueRequired\":true,\"valueName\":\"search_term_string\"}}],\"inLanguage\":\"fi\"},{\"@type\":\"Organization\",\"@id\":\"https:\\\/\\\/c-hessler.de\\\/#organization\",\"name\":\"Dr. Christoph He\u00dfler Maschinensysteme\",\"alternateName\":\"Dr. Christoph He\u00dfler Maschinensysteme\",\"url\":\"https:\\\/\\\/c-hessler.de\\\/\",\"logo\":{\"@type\":\"ImageObject\",\"inLanguage\":\"fi\",\"@id\":\"https:\\\/\\\/c-hessler.de\\\/#\\\/schema\\\/logo\\\/image\\\/\",\"url\":\"https:\\\/\\\/c-hessler.de\\\/wp-content\\\/uploads\\\/2026\\\/02\\\/Draw-03-150312-110115-Ausgeschnitten-I.jpg\",\"contentUrl\":\"https:\\\/\\\/c-hessler.de\\\/wp-content\\\/uploads\\\/2026\\\/02\\\/Draw-03-150312-110115-Ausgeschnitten-I.jpg\",\"width\":445,\"height\":394,\"caption\":\"Dr. Christoph He\u00dfler Maschinensysteme\"},\"image\":{\"@id\":\"https:\\\/\\\/c-hessler.de\\\/#\\\/schema\\\/logo\\\/image\\\/\"},\"sameAs\":[\"https:\\\/\\\/www.facebook.com\\\/DrChristophHesslerMaschinensysteme\\\/\",\"https:\\\/\\\/www.pinterest.de\\\/hesstools\\\/\",\"https:\\\/\\\/www.youtube.com\\\/channel\\\/UCaNnXDGGF_BiYFQZ2kJgi-A?view_as=subscriber\"],\"description\":\"1. Ecken- und Kantenfr\u00e4sen f\u00fcr Tischler und Schreiner, Sonderanfertigungen 2. Auch f\u00fcr die Nachbearbeitung von Eck-Schwei\u00dfn\u00e4hten bei Aluminium-Werkstoffen, f\u00fcr Fahrzeugbauer oder Metallbauer aller Art\",\"email\":\"christoph.hessler@c-hessler.de\",\"telephone\":\"0527413012080\",\"legalName\":\"Dr. Christoph He\u00dfler Maschinensysteme\",\"foundingDate\":\"2003-06-05\",\"vatID\":\"DE230070107\",\"numberOfEmployees\":{\"@type\":\"QuantitativeValue\",\"minValue\":\"1\",\"maxValue\":\"10\"}}]}<\/script>\n<!-- \/ Yoast SEO Premium plugin. -->","yoast_head_json":{"title":"Leikkaukset taltan sijasta sahalla ja loveimella, upotussahat","description":"Asiantuntijat voivat k\u00e4ytt\u00e4\u00e4 sahaa (Altendorf, Martin, Felder) leikkausten tekemiseen. Leikkuulaite poistaa kulmiin j\u00e4\u00e4v\u00e4t palkit tarkasti.","robots":{"index":"index","follow":"follow","max-snippet":"max-snippet:-1","max-image-preview":"max-image-preview:large","max-video-preview":"max-video-preview:-1"},"canonical":"https:\/\/c-hessler.de\/fi\/leikkaukset-sahan-ja-loven-avulla\/","og_locale":"fi_FI","og_type":"article","og_title":"Ausschnitte mit S\u00e4ge und Ausklinker","og_description":"Mit einer S\u00e4ge (Altendorf, Martin, Felder) k\u00f6nnen Fachkr\u00e4fte Ausschnitte herstellen. Das Entfernen der Reststege in den Ecken macht der Ausklinker pr\u00e4zise.","og_url":"https:\/\/c-hessler.de\/fi\/leikkaukset-sahan-ja-loven-avulla\/","og_site_name":"Dr. Christoph He\u00dfler Maschinensysteme","article_publisher":"https:\/\/www.facebook.com\/DrChristophHesslerMaschinensysteme\/","article_modified_time":"2025-12-09T11:43:59+00:00","og_image":[{"width":176,"height":130,"url":"https:\/\/c-hessler.de\/wp-content\/uploads\/2017\/12\/ch2.jpg","type":"image\/jpeg"}],"twitter_misc":{"Arvioitu lukuaika":"6 minuuttia"},"schema":{"@context":"https:\/\/schema.org","@graph":[{"@type":"WebPage","@id":"https:\/\/c-hessler.de\/ausschnitte-mit-saege-und-ausklinker\/","url":"https:\/\/c-hessler.de\/ausschnitte-mit-saege-und-ausklinker\/","name":"Leikkaukset taltan sijasta sahalla ja loveimella, upotussahat","isPartOf":{"@id":"https:\/\/c-hessler.de\/#website"},"primaryImageOfPage":{"@id":"https:\/\/c-hessler.de\/ausschnitte-mit-saege-und-ausklinker\/#primaryimage"},"image":{"@id":"https:\/\/c-hessler.de\/ausschnitte-mit-saege-und-ausklinker\/#primaryimage"},"thumbnailUrl":"https:\/\/c-hessler.de\/wp-content\/uploads\/2017\/12\/ch2.jpg","datePublished":"2019-12-09T15:11:31+00:00","dateModified":"2025-12-09T11:43:59+00:00","description":"Asiantuntijat voivat k\u00e4ytt\u00e4\u00e4 sahaa (Altendorf, Martin, Felder) leikkausten tekemiseen. Leikkuulaite poistaa kulmiin j\u00e4\u00e4v\u00e4t palkit tarkasti.","inLanguage":"fi","potentialAction":[{"@type":"ReadAction","target":["https:\/\/c-hessler.de\/ausschnitte-mit-saege-und-ausklinker\/"]}]},{"@type":"ImageObject","inLanguage":"fi","@id":"https:\/\/c-hessler.de\/ausschnitte-mit-saege-und-ausklinker\/#primaryimage","url":"https:\/\/c-hessler.de\/wp-content\/uploads\/2017\/12\/ch2.jpg","contentUrl":"https:\/\/c-hessler.de\/wp-content\/uploads\/2017\/12\/ch2.jpg"},{"@type":"WebSite","@id":"https:\/\/c-hessler.de\/#website","url":"https:\/\/c-hessler.de\/","name":"www.c-hessler.de","description":"","publisher":{"@id":"https:\/\/c-hessler.de\/#organization"},"potentialAction":[{"@type":"SearchAction","target":{"@type":"EntryPoint","urlTemplate":"https:\/\/c-hessler.de\/?s={search_term_string}"},"query-input":{"@type":"PropertyValueSpecification","valueRequired":true,"valueName":"search_term_string"}}],"inLanguage":"fi"},{"@type":"Organization","@id":"https:\/\/c-hessler.de\/#organization","name":"Tohtori Christoph He\u00dfler Konej\u00e4rjestelm\u00e4t","alternateName":"Dr. Christoph He\u00dfler Maschinensysteme","url":"https:\/\/c-hessler.de\/","logo":{"@type":"ImageObject","inLanguage":"fi","@id":"https:\/\/c-hessler.de\/#\/schema\/logo\/image\/","url":"https:\/\/c-hessler.de\/wp-content\/uploads\/2026\/02\/Draw-03-150312-110115-Ausgeschnitten-I.jpg","contentUrl":"https:\/\/c-hessler.de\/wp-content\/uploads\/2026\/02\/Draw-03-150312-110115-Ausgeschnitten-I.jpg","width":445,"height":394,"caption":"Dr. Christoph He\u00dfler Maschinensysteme"},"image":{"@id":"https:\/\/c-hessler.de\/#\/schema\/logo\/image\/"},"sameAs":["https:\/\/www.facebook.com\/DrChristophHesslerMaschinensysteme\/","https:\/\/www.pinterest.de\/hesstools\/","https:\/\/www.youtube.com\/channel\/UCaNnXDGGF_BiYFQZ2kJgi-A?view_as=subscriber"],"description":"1. Ecken- und Kantenfr\u00e4sen f\u00fcr Tischler und Schreiner, Sonderanfertigungen 2. Auch f\u00fcr die Nachbearbeitung von Eck-Schwei\u00dfn\u00e4hten bei Aluminium-Werkstoffen, f\u00fcr Fahrzeugbauer oder Metallbauer aller Art","email":"christoph.hessler@c-hessler.de","telephone":"0527413012080","legalName":"Dr. Christoph He\u00dfler Maschinensysteme","foundingDate":"2003-06-05","vatID":"DE230070107","numberOfEmployees":{"@type":"QuantitativeValue","minValue":"1","maxValue":"10"}}]}},"_hostinger_reach_plugin_has_subscription_block":false,"_hostinger_reach_plugin_is_elementor":false,"_links":{"self":[{"href":"https:\/\/c-hessler.de\/fi\/wp-json\/wp\/v2\/pages\/205841","targetHints":{"allow":["GET"]}}],"collection":[{"href":"https:\/\/c-hessler.de\/fi\/wp-json\/wp\/v2\/pages"}],"about":[{"href":"https:\/\/c-hessler.de\/fi\/wp-json\/wp\/v2\/types\/page"}],"author":[{"embeddable":true,"href":"https:\/\/c-hessler.de\/fi\/wp-json\/wp\/v2\/users\/5"}],"replies":[{"embeddable":true,"href":"https:\/\/c-hessler.de\/fi\/wp-json\/wp\/v2\/comments?post=205841"}],"version-history":[{"count":0,"href":"https:\/\/c-hessler.de\/fi\/wp-json\/wp\/v2\/pages\/205841\/revisions"}],"wp:attachment":[{"href":"https:\/\/c-hessler.de\/fi\/wp-json\/wp\/v2\/media?parent=205841"}],"curies":[{"name":"wp","href":"https:\/\/api.w.org\/{rel}","templated":true}]}}