{"id":8803,"date":"2015-04-23T10:30:56","date_gmt":"2015-04-23T08:30:56","guid":{"rendered":"http:\/\/\/?page_id=8803"},"modified":"2025-12-11T17:55:41","modified_gmt":"2025-12-11T16:55:41","slug":"vahva-ligna-2009-hannoverissa","status":"publish","type":"page","link":"https:\/\/c-hessler.de\/fi\/messen\/starke-ligna-2009-in-hannover\/","title":{"rendered":"Ligna 2009 Hannoverissa"},"content":{"rendered":"<div data-elementor-type=\"wp-page\" data-elementor-id=\"8803\" class=\"elementor elementor-8803\" data-elementor-settings=\"{&quot;ha_cmc_init_switcher&quot;:&quot;no&quot;}\" data-elementor-post-type=\"page\">\n\t\t\t\t<div class=\"elementor-element elementor-element-58373e04 e-flex e-con-boxed e-con e-parent\" data-id=\"58373e04\" data-element_type=\"container\" data-e-type=\"container\" data-settings=\"{&quot;_ha_eqh_enable&quot;:false}\">\n\t\t\t\t\t<div class=\"e-con-inner\">\n\t\t\t\t<div class=\"elementor-element elementor-element-cecddbf elementor-widget elementor-widget-heading\" data-id=\"cecddbf\" data-element_type=\"widget\" data-e-type=\"widget\" data-widget_type=\"heading.default\">\n\t\t\t\t\t<h2 class=\"elementor-heading-title elementor-size-default\">Messuosastomme\n<\/h2>\t\t\t\t<\/div>\n\t\t\t\t\t<\/div>\n\t\t\t\t<\/div>\n\t\t<div class=\"elementor-element elementor-element-92f177d e-grid e-con-boxed e-con e-parent\" data-id=\"92f177d\" data-element_type=\"container\" data-e-type=\"container\" data-settings=\"{&quot;_ha_eqh_enable&quot;:false}\">\n\t\t\t\t\t<div class=\"e-con-inner\">\n\t\t\t\t<div class=\"elementor-element elementor-element-c4a965f elementor-widget elementor-widget-text-editor\" data-id=\"c4a965f\" data-element_type=\"widget\" data-e-type=\"widget\" data-widget_type=\"text-editor.default\">\n\t\t\t\t\t\t\t\t\t<h4 class=\"et_pb_module_header\">Onnistunut esittely Lignassa 2009<\/h4><div class=\"et_pb_blurb_description\"><div class=\"wpb_text_column wpb_content_element\"><div class=\"wpb_wrapper\"><p>Ligna 2005 -tapahtumassa esitellyn kiinte\u00e4n koneen j\u00e4lkeen siirrett\u00e4v\u00e4t koneet esiteltiin ensimm\u00e4ist\u00e4 kertaa Ligna 2009 -tapahtumassa. Kaikki kulmanmuodostajat saivat eritt\u00e4in hyv\u00e4n vastaanoton.<\/p><p>Onko sinulla parannusehdotuksia? Anna palautetta t\u00e4\u00e4ll\u00e4.<\/p><\/div><\/div><\/div><p><strong><span style=\"color: #800000;\"><a class=\"et_pb_button et_pb_button_0 et_pb_bg_layout_light\" style=\"color: #800000;\" href=\"https:\/\/c-hessler.de\/fi\/kyselylomake\/\" target=\"_blank\" rel=\"noopener\">Anna palautetta<\/a><\/span><\/strong><\/p>\t\t\t\t\t\t\t\t<\/div>\n\t\t\t\t<div class=\"elementor-element elementor-element-7a62ec62 elementor-arrows-position-inside elementor-pagination-position-outside elementor-widget elementor-widget-image-carousel\" data-id=\"7a62ec62\" data-element_type=\"widget\" data-e-type=\"widget\" data-settings=\"{&quot;slides_to_show&quot;:&quot;1&quot;,&quot;navigation&quot;:&quot;both&quot;,&quot;autoplay&quot;:&quot;yes&quot;,&quot;pause_on_hover&quot;:&quot;yes&quot;,&quot;pause_on_interaction&quot;:&quot;yes&quot;,&quot;autoplay_speed&quot;:5000,&quot;infinite&quot;:&quot;yes&quot;,&quot;effect&quot;:&quot;slide&quot;,&quot;speed&quot;:500}\" data-widget_type=\"image-carousel.default\">\n\t\t\t\t\t\t\t<div class=\"elementor-image-carousel-wrapper swiper\" role=\"region\" aria-roledescription=\"carousel\" aria-label=\"Kuvakaruselli\" dir=\"ltr\">\n\t\t\t<div class=\"elementor-image-carousel swiper-wrapper swiper-image-stretch\" aria-live=\"off\">\n\t\t\t\t\t\t\t\t<div class=\"swiper-slide\" role=\"group\" aria-roledescription=\"slide\" aria-label=\"1 3:sta\"><figure class=\"swiper-slide-inner\"><img decoding=\"async\" class=\"swiper-slide-image\" src=\"https:\/\/c-hessler.de\/wp-content\/uploads\/2015\/04\/Starke_Ligna_2009_in_Hannover.jpg\" alt=\"\" \/><\/figure><\/div><div class=\"swiper-slide\" role=\"group\" aria-roledescription=\"slide\" aria-label=\"2 3:sta\"><figure class=\"swiper-slide-inner\"><img decoding=\"async\" class=\"swiper-slide-image\" src=\"https:\/\/c-hessler.de\/wp-content\/uploads\/2015\/04\/13842c6610e.jpg\" alt=\"OLYMPUS DIGIKAMERA\" \/><\/figure><\/div><div class=\"swiper-slide\" role=\"group\" aria-roledescription=\"slide\" aria-label=\"3 3:sta\"><figure class=\"swiper-slide-inner\"><img decoding=\"async\" class=\"swiper-slide-image\" src=\"https:\/\/c-hessler.de\/wp-content\/uploads\/2015\/04\/13842c71459.jpg\" alt=\"OLYMPUS DIGIKAMERA\" \/><\/figure><\/div>\t\t\t<\/div>\n\t\t\t\t\t\t\t\t\t\t\t\t<div class=\"elementor-swiper-button elementor-swiper-button-prev\" role=\"button\" tabindex=\"0\">\n\t\t\t\t\t\t<svg aria-hidden=\"true\" class=\"e-font-icon-svg e-eicon-chevron-left\" viewbox=\"0 0 1000 1000\" xmlns=\"http:\/\/www.w3.org\/2000\/svg\"><path d=\"M646 125C629 125 613 133 604 142L308 442C296 454 292 471 292 487 292 504 296 521 308 533L604 854C617 867 629 875 646 875 663 875 679 871 692 858 704 846 713 829 713 812 713 796 708 779 692 767L438 487 692 225C700 217 708 204 708 187 708 171 704 154 692 142 675 129 663 125 646 125Z\"><\/path><\/svg>\t\t\t\t\t<\/div>\n\t\t\t\t\t<div class=\"elementor-swiper-button elementor-swiper-button-next\" role=\"button\" tabindex=\"0\">\n\t\t\t\t\t\t<svg aria-hidden=\"true\" class=\"e-font-icon-svg e-eicon-chevron-right\" viewbox=\"0 0 1000 1000\" xmlns=\"http:\/\/www.w3.org\/2000\/svg\"><path d=\"M696 533C708 521 713 504 713 487 713 471 708 454 696 446L400 146C388 133 375 125 354 125 338 125 325 129 313 142 300 154 292 171 292 187 292 204 296 221 308 233L563 492 304 771C292 783 288 800 288 817 288 833 296 850 308 863 321 871 338 875 354 875 371 875 388 867 400 854L696 533Z\"><\/path><\/svg>\t\t\t\t\t<\/div>\n\t\t\t\t\n\t\t\t\t\t\t\t\t\t<div class=\"swiper-pagination\"><\/div>\n\t\t\t\t\t\t\t\t\t<\/div>\n\t\t\t\t\t\t<\/div>\n\t\t\t\t\t<\/div>\n\t\t\t\t<\/div>\n\t\t\t\t<\/div>","protected":false},"excerpt":{"rendered":"<p>Unser Messe-Stand Erfolgreiche Pr\u00e4sentation auf der Ligna 2009 Nachdem auf der Ligna 2005 ein station\u00e4res Ger\u00e4t vorgestellt wurde, sind die mobilen Maschinen erstmalig auf der Ligna 2009 pr\u00e4sentiert worden. Alle Eckenformer erfreuten sich einer gro\u00dfen Aufnahmebereitschaft. Haben Sie Verbesserungsvorschl\u00e4ge? Geben Sie Ihr Feedback hier. Feedback geben<\/p>","protected":false},"author":5,"featured_media":0,"parent":8702,"menu_order":0,"comment_status":"closed","ping_status":"closed","template":"elementor_header_footer","meta":{"footnotes":""},"class_list":["post-8803","page","type-page","status-publish","hentry"],"yoast_head":"<!-- This site is optimized with the Yoast SEO Premium plugin v27.0 (Yoast SEO v27.4) - https:\/\/yoast.com\/product\/yoast-seo-premium-wordpress\/ -->\n<title>Starke Ligna 2009 in Hannover \u2022 CHM<\/title>\n<meta name=\"description\" content=\"Auf der Ligna 2009 in Hannover haben wir wieder unsere Eckenfr\u00e4sen, Kantenfr\u00e4sen und Spezial Oberfr\u00e4sen vorgestellt, wie dem Eckenrunder und der Kantenfr\u00e4se KF 400 TOP.\" \/>\n<meta name=\"robots\" content=\"index, follow, max-snippet:-1, max-image-preview:large, max-video-preview:-1\" \/>\n<link rel=\"canonical\" href=\"https:\/\/c-hessler.de\/fi\/toimenpide\/vahva-ligna-2009-hannoverissa\/\" \/>\n<meta property=\"og:locale\" content=\"fi_FI\" \/>\n<meta property=\"og:type\" content=\"article\" \/>\n<meta property=\"og:title\" content=\"Ligna 2009 in Hannover\" \/>\n<meta property=\"og:description\" content=\"Auf der Ligna 2009 in Hannover haben wir wieder unsere Eckenfr\u00e4sen, Kantenfr\u00e4sen und Spezial Oberfr\u00e4sen vorgestellt, wie dem Eckenrunder und der Kantenfr\u00e4se KF 400 TOP.\" \/>\n<meta property=\"og:url\" content=\"https:\/\/c-hessler.de\/fi\/toimenpide\/vahva-ligna-2009-hannoverissa\/\" \/>\n<meta property=\"og:site_name\" content=\"Dr. Christoph He\u00dfler Maschinensysteme\" \/>\n<meta property=\"article:publisher\" content=\"https:\/\/www.facebook.com\/DrChristophHesslerMaschinensysteme\/\" \/>\n<meta property=\"article:modified_time\" content=\"2025-12-11T16:55:41+00:00\" \/>\n<meta property=\"og:image\" content=\"https:\/\/c-hessler.de\/wp-content\/uploads\/2015\/04\/Starke_Ligna_2009_in_Hannover.jpg\" \/>\n<meta name=\"twitter:label1\" content=\"Arvioitu lukuaika\" \/>\n\t<meta name=\"twitter:data1\" content=\"2 minuuttia\" \/>\n<script type=\"application\/ld+json\" class=\"yoast-schema-graph\">{\"@context\":\"https:\\\/\\\/schema.org\",\"@graph\":[{\"@type\":\"WebPage\",\"@id\":\"https:\\\/\\\/c-hessler.de\\\/messen\\\/starke-ligna-2009-in-hannover\\\/\",\"url\":\"https:\\\/\\\/c-hessler.de\\\/messen\\\/starke-ligna-2009-in-hannover\\\/\",\"name\":\"Starke Ligna 2009 in Hannover \u2022 CHM\",\"isPartOf\":{\"@id\":\"https:\\\/\\\/c-hessler.de\\\/#website\"},\"primaryImageOfPage\":{\"@id\":\"https:\\\/\\\/c-hessler.de\\\/messen\\\/starke-ligna-2009-in-hannover\\\/#primaryimage\"},\"image\":{\"@id\":\"https:\\\/\\\/c-hessler.de\\\/messen\\\/starke-ligna-2009-in-hannover\\\/#primaryimage\"},\"thumbnailUrl\":\"https:\\\/\\\/c-hessler.de\\\/wp-content\\\/uploads\\\/2015\\\/04\\\/Starke_Ligna_2009_in_Hannover.jpg\",\"datePublished\":\"2015-04-23T08:30:56+00:00\",\"dateModified\":\"2025-12-11T16:55:41+00:00\",\"description\":\"Auf der Ligna 2009 in Hannover haben wir wieder unsere Eckenfr\u00e4sen, Kantenfr\u00e4sen und Spezial Oberfr\u00e4sen vorgestellt, wie dem Eckenrunder und der Kantenfr\u00e4se KF 400 TOP.\",\"breadcrumb\":{\"@id\":\"https:\\\/\\\/c-hessler.de\\\/messen\\\/starke-ligna-2009-in-hannover\\\/#breadcrumb\"},\"inLanguage\":\"fi\",\"potentialAction\":[{\"@type\":\"ReadAction\",\"target\":[\"https:\\\/\\\/c-hessler.de\\\/messen\\\/starke-ligna-2009-in-hannover\\\/\"]}]},{\"@type\":\"ImageObject\",\"inLanguage\":\"fi\",\"@id\":\"https:\\\/\\\/c-hessler.de\\\/messen\\\/starke-ligna-2009-in-hannover\\\/#primaryimage\",\"url\":\"https:\\\/\\\/c-hessler.de\\\/wp-content\\\/uploads\\\/2015\\\/04\\\/Starke_Ligna_2009_in_Hannover.jpg\",\"contentUrl\":\"https:\\\/\\\/c-hessler.de\\\/wp-content\\\/uploads\\\/2015\\\/04\\\/Starke_Ligna_2009_in_Hannover.jpg\"},{\"@type\":\"BreadcrumbList\",\"@id\":\"https:\\\/\\\/c-hessler.de\\\/messen\\\/starke-ligna-2009-in-hannover\\\/#breadcrumb\",\"itemListElement\":[{\"@type\":\"ListItem\",\"position\":1,\"name\":\"Messen\",\"item\":\"https:\\\/\\\/c-hessler.de\\\/messen\\\/\"},{\"@type\":\"ListItem\",\"position\":2,\"name\":\"Ligna 2009 in Hannover\"}]},{\"@type\":\"WebSite\",\"@id\":\"https:\\\/\\\/c-hessler.de\\\/#website\",\"url\":\"https:\\\/\\\/c-hessler.de\\\/\",\"name\":\"www.c-hessler.de\",\"description\":\"\",\"publisher\":{\"@id\":\"https:\\\/\\\/c-hessler.de\\\/#organization\"},\"potentialAction\":[{\"@type\":\"SearchAction\",\"target\":{\"@type\":\"EntryPoint\",\"urlTemplate\":\"https:\\\/\\\/c-hessler.de\\\/?s={search_term_string}\"},\"query-input\":{\"@type\":\"PropertyValueSpecification\",\"valueRequired\":true,\"valueName\":\"search_term_string\"}}],\"inLanguage\":\"fi\"},{\"@type\":\"Organization\",\"@id\":\"https:\\\/\\\/c-hessler.de\\\/#organization\",\"name\":\"Dr. Christoph He\u00dfler Maschinensysteme\",\"alternateName\":\"Dr. Christoph He\u00dfler Maschinensysteme\",\"url\":\"https:\\\/\\\/c-hessler.de\\\/\",\"logo\":{\"@type\":\"ImageObject\",\"inLanguage\":\"fi\",\"@id\":\"https:\\\/\\\/c-hessler.de\\\/#\\\/schema\\\/logo\\\/image\\\/\",\"url\":\"https:\\\/\\\/c-hessler.de\\\/wp-content\\\/uploads\\\/2026\\\/02\\\/Draw-03-150312-110115-Ausgeschnitten-I.jpg\",\"contentUrl\":\"https:\\\/\\\/c-hessler.de\\\/wp-content\\\/uploads\\\/2026\\\/02\\\/Draw-03-150312-110115-Ausgeschnitten-I.jpg\",\"width\":445,\"height\":394,\"caption\":\"Dr. Christoph He\u00dfler Maschinensysteme\"},\"image\":{\"@id\":\"https:\\\/\\\/c-hessler.de\\\/#\\\/schema\\\/logo\\\/image\\\/\"},\"sameAs\":[\"https:\\\/\\\/www.facebook.com\\\/DrChristophHesslerMaschinensysteme\\\/\",\"https:\\\/\\\/www.pinterest.de\\\/hesstools\\\/\",\"https:\\\/\\\/www.youtube.com\\\/channel\\\/UCaNnXDGGF_BiYFQZ2kJgi-A?view_as=subscriber\"],\"description\":\"1. Ecken- und Kantenfr\u00e4sen f\u00fcr Tischler und Schreiner, Sonderanfertigungen 2. Auch f\u00fcr die Nachbearbeitung von Eck-Schwei\u00dfn\u00e4hten bei Aluminium-Werkstoffen, f\u00fcr Fahrzeugbauer oder Metallbauer aller Art\",\"email\":\"christoph.hessler@c-hessler.de\",\"telephone\":\"0527413012080\",\"legalName\":\"Dr. Christoph He\u00dfler Maschinensysteme\",\"foundingDate\":\"2003-06-05\",\"vatID\":\"DE230070107\",\"numberOfEmployees\":{\"@type\":\"QuantitativeValue\",\"minValue\":\"1\",\"maxValue\":\"10\"}}]}<\/script>\n<!-- \/ Yoast SEO Premium plugin. -->","yoast_head_json":{"title":"Vahva Ligna 2009 Hannoverissa - CHM","description":"Ligna 2009 -messuilla Hannoverissa esittelimme j\u00e4lleen kerran kulmajyrsimemme, reunajyrsimemme ja erikoisjyrsimemme, kuten kulmaraudoittimen ja KF 400 TOP -reunajyrsimen.","robots":{"index":"index","follow":"follow","max-snippet":"max-snippet:-1","max-image-preview":"max-image-preview:large","max-video-preview":"max-video-preview:-1"},"canonical":"https:\/\/c-hessler.de\/fi\/toimenpide\/vahva-ligna-2009-hannoverissa\/","og_locale":"fi_FI","og_type":"article","og_title":"Ligna 2009 in Hannover","og_description":"Auf der Ligna 2009 in Hannover haben wir wieder unsere Eckenfr\u00e4sen, Kantenfr\u00e4sen und Spezial Oberfr\u00e4sen vorgestellt, wie dem Eckenrunder und der Kantenfr\u00e4se KF 400 TOP.","og_url":"https:\/\/c-hessler.de\/fi\/toimenpide\/vahva-ligna-2009-hannoverissa\/","og_site_name":"Dr. Christoph He\u00dfler Maschinensysteme","article_publisher":"https:\/\/www.facebook.com\/DrChristophHesslerMaschinensysteme\/","article_modified_time":"2025-12-11T16:55:41+00:00","og_image":[{"url":"https:\/\/c-hessler.de\/wp-content\/uploads\/2015\/04\/Starke_Ligna_2009_in_Hannover.jpg","type":"","width":"","height":""}],"twitter_misc":{"Arvioitu lukuaika":"2 minuuttia"},"schema":{"@context":"https:\/\/schema.org","@graph":[{"@type":"WebPage","@id":"https:\/\/c-hessler.de\/messen\/starke-ligna-2009-in-hannover\/","url":"https:\/\/c-hessler.de\/messen\/starke-ligna-2009-in-hannover\/","name":"Vahva Ligna 2009 Hannoverissa - CHM","isPartOf":{"@id":"https:\/\/c-hessler.de\/#website"},"primaryImageOfPage":{"@id":"https:\/\/c-hessler.de\/messen\/starke-ligna-2009-in-hannover\/#primaryimage"},"image":{"@id":"https:\/\/c-hessler.de\/messen\/starke-ligna-2009-in-hannover\/#primaryimage"},"thumbnailUrl":"https:\/\/c-hessler.de\/wp-content\/uploads\/2015\/04\/Starke_Ligna_2009_in_Hannover.jpg","datePublished":"2015-04-23T08:30:56+00:00","dateModified":"2025-12-11T16:55:41+00:00","description":"Ligna 2009 -messuilla Hannoverissa esittelimme j\u00e4lleen kerran kulmajyrsimemme, reunajyrsimemme ja erikoisjyrsimemme, kuten kulmaraudoittimen ja KF 400 TOP -reunajyrsimen.","breadcrumb":{"@id":"https:\/\/c-hessler.de\/messen\/starke-ligna-2009-in-hannover\/#breadcrumb"},"inLanguage":"fi","potentialAction":[{"@type":"ReadAction","target":["https:\/\/c-hessler.de\/messen\/starke-ligna-2009-in-hannover\/"]}]},{"@type":"ImageObject","inLanguage":"fi","@id":"https:\/\/c-hessler.de\/messen\/starke-ligna-2009-in-hannover\/#primaryimage","url":"https:\/\/c-hessler.de\/wp-content\/uploads\/2015\/04\/Starke_Ligna_2009_in_Hannover.jpg","contentUrl":"https:\/\/c-hessler.de\/wp-content\/uploads\/2015\/04\/Starke_Ligna_2009_in_Hannover.jpg"},{"@type":"BreadcrumbList","@id":"https:\/\/c-hessler.de\/messen\/starke-ligna-2009-in-hannover\/#breadcrumb","itemListElement":[{"@type":"ListItem","position":1,"name":"Messen","item":"https:\/\/c-hessler.de\/messen\/"},{"@type":"ListItem","position":2,"name":"Ligna 2009 in Hannover"}]},{"@type":"WebSite","@id":"https:\/\/c-hessler.de\/#website","url":"https:\/\/c-hessler.de\/","name":"www.c-hessler.de","description":"","publisher":{"@id":"https:\/\/c-hessler.de\/#organization"},"potentialAction":[{"@type":"SearchAction","target":{"@type":"EntryPoint","urlTemplate":"https:\/\/c-hessler.de\/?s={search_term_string}"},"query-input":{"@type":"PropertyValueSpecification","valueRequired":true,"valueName":"search_term_string"}}],"inLanguage":"fi"},{"@type":"Organization","@id":"https:\/\/c-hessler.de\/#organization","name":"Tohtori Christoph He\u00dfler Konej\u00e4rjestelm\u00e4t","alternateName":"Dr. Christoph He\u00dfler Maschinensysteme","url":"https:\/\/c-hessler.de\/","logo":{"@type":"ImageObject","inLanguage":"fi","@id":"https:\/\/c-hessler.de\/#\/schema\/logo\/image\/","url":"https:\/\/c-hessler.de\/wp-content\/uploads\/2026\/02\/Draw-03-150312-110115-Ausgeschnitten-I.jpg","contentUrl":"https:\/\/c-hessler.de\/wp-content\/uploads\/2026\/02\/Draw-03-150312-110115-Ausgeschnitten-I.jpg","width":445,"height":394,"caption":"Dr. Christoph He\u00dfler Maschinensysteme"},"image":{"@id":"https:\/\/c-hessler.de\/#\/schema\/logo\/image\/"},"sameAs":["https:\/\/www.facebook.com\/DrChristophHesslerMaschinensysteme\/","https:\/\/www.pinterest.de\/hesstools\/","https:\/\/www.youtube.com\/channel\/UCaNnXDGGF_BiYFQZ2kJgi-A?view_as=subscriber"],"description":"1. Ecken- und Kantenfr\u00e4sen f\u00fcr Tischler und Schreiner, Sonderanfertigungen 2. Auch f\u00fcr die Nachbearbeitung von Eck-Schwei\u00dfn\u00e4hten bei Aluminium-Werkstoffen, f\u00fcr Fahrzeugbauer oder Metallbauer aller Art","email":"christoph.hessler@c-hessler.de","telephone":"0527413012080","legalName":"Dr. Christoph He\u00dfler Maschinensysteme","foundingDate":"2003-06-05","vatID":"DE230070107","numberOfEmployees":{"@type":"QuantitativeValue","minValue":"1","maxValue":"10"}}]}},"_hostinger_reach_plugin_has_subscription_block":false,"_hostinger_reach_plugin_is_elementor":false,"_links":{"self":[{"href":"https:\/\/c-hessler.de\/fi\/wp-json\/wp\/v2\/pages\/8803","targetHints":{"allow":["GET"]}}],"collection":[{"href":"https:\/\/c-hessler.de\/fi\/wp-json\/wp\/v2\/pages"}],"about":[{"href":"https:\/\/c-hessler.de\/fi\/wp-json\/wp\/v2\/types\/page"}],"author":[{"embeddable":true,"href":"https:\/\/c-hessler.de\/fi\/wp-json\/wp\/v2\/users\/5"}],"replies":[{"embeddable":true,"href":"https:\/\/c-hessler.de\/fi\/wp-json\/wp\/v2\/comments?post=8803"}],"version-history":[{"count":3,"href":"https:\/\/c-hessler.de\/fi\/wp-json\/wp\/v2\/pages\/8803\/revisions"}],"predecessor-version":[{"id":208211,"href":"https:\/\/c-hessler.de\/fi\/wp-json\/wp\/v2\/pages\/8803\/revisions\/208211"}],"up":[{"embeddable":true,"href":"https:\/\/c-hessler.de\/fi\/wp-json\/wp\/v2\/pages\/8702"}],"wp:attachment":[{"href":"https:\/\/c-hessler.de\/fi\/wp-json\/wp\/v2\/media?parent=8803"}],"curies":[{"name":"wp","href":"https:\/\/api.w.org\/{rel}","templated":true}]}}