{"id":9072,"date":"2015-04-27T11:11:46","date_gmt":"2015-04-27T09:11:46","guid":{"rendered":"http:\/\/\/?page_id=9072"},"modified":"2025-12-11T18:14:58","modified_gmt":"2025-12-11T17:14:58","slug":"kulma-entinen-mz-01-135v","status":"publish","type":"page","link":"https:\/\/c-hessler.de\/fi\/eckenformer-mz-01-135v\/","title":{"rendered":"Kulmien py\u00f6ristyskone MZ 01 135V"},"content":{"rendered":"<div data-elementor-type=\"wp-page\" data-elementor-id=\"9072\" class=\"elementor elementor-9072\" data-elementor-settings=\"{&quot;ha_cmc_init_switcher&quot;:&quot;no&quot;}\" data-elementor-post-type=\"page\">\n\t\t\t\t<div class=\"elementor-element elementor-element-597bf4e e-grid e-con-boxed e-con e-parent\" data-id=\"597bf4e\" data-element_type=\"container\" data-e-type=\"container\" data-settings=\"{&quot;_ha_eqh_enable&quot;:false}\">\n\t\t\t\t\t<div class=\"e-con-inner\">\n\t\t\t\t<div class=\"elementor-element elementor-element-3e33800 elementor-widget elementor-widget-text-editor\" data-id=\"3e33800\" data-element_type=\"widget\" data-e-type=\"widget\" data-widget_type=\"text-editor.default\">\n\t\t\t\t\t\t\t\t\t<h4 class=\"et_pb_module_header\">Liikuteltava kulman py\u00f6ristyskone MZ 01 135V<\/h4><div class=\"et_pb_blurb_description\"><p><strong>Teknologiatutkimus: Kaikkien kulmanmuodostajien is\u00e4<\/strong><\/p><p>Ohjaimella varustettujen siirrett\u00e4vien reunajyrsinten kehitys alkoi t\u00e4st\u00e4 kulmakarkaisijasta.<\/p><ul><li>Suurten paneelien kulmien k\u00e4sittelyyn<\/li><li>Muotin t\u00e4ydellinen k\u00e4sittely: reunap\u00e4\u00e4t katkaistaan, leikataan ja py\u00f6ristet\u00e4\u00e4n.<\/li><li>2 ty\u00f6skentelyaluetta nopeaa ty\u00f6skentely\u00e4 varten: 90\u00b0 kiinte\u00e4, 45\u00b0-135\u00b0 s\u00e4\u00e4dett\u00e4v\u00e4.<\/li><li>Jarrullinen ty\u00f6nt\u00f6laakeri 90\u00b0-alueelle<\/li><li>Tukeva muotoilu ja suuret kahvat<\/li><li>Vaihtoehtoisesti ohjaimella pukemisen helpottamiseksi<\/li><li>My\u00f6s pituussuuntaiseen reunojen k\u00e4sittelyyn<\/li><li>Voidaan k\u00e4ytt\u00e4\u00e4 vapaasti seisovana yksikk\u00f6n\u00e4 pienille ty\u00f6kappaleille (kulmahylly).<\/li><li>Saksan patentti- ja tavaramerkkivirastossa rekister\u00f6ity teollis- ja tekij\u00e4noikeus (20 2006).<\/li><li>015 422.1 ja 20 2006 016 506.1).<\/li><\/ul><\/div>\t\t\t\t\t\t\t\t<\/div>\n\t\t\t\t<div class=\"elementor-element elementor-element-3955463 elementor-widget__width-inherit elementor-widget elementor-widget-image\" data-id=\"3955463\" data-element_type=\"widget\" data-e-type=\"widget\" data-widget_type=\"image.default\">\n\t\t\t\t\t\t\t\t\t\t\t\t\t\t\t<img fetchpriority=\"high\" decoding=\"async\" width=\"573\" height=\"265\" src=\"https:\/\/c-hessler.de\/wp-content\/uploads\/2017\/12\/P1010051-573x265.jpg\" class=\"attachment-full size-full wp-image-11617\" alt=\"Liikuteltava kulmamuokkain MZ 01 135V, jonka ty\u00f6alue on 90\u00b0 ja 135\u00b0.\" srcset=\"https:\/\/c-hessler.de\/wp-content\/uploads\/2017\/12\/P1010051-573x265.jpg 573w, https:\/\/c-hessler.de\/wp-content\/uploads\/2017\/12\/P1010051-573x265-150x69.jpg 150w, https:\/\/c-hessler.de\/wp-content\/uploads\/2017\/12\/P1010051-573x265-510x236.jpg 510w, https:\/\/c-hessler.de\/wp-content\/uploads\/2017\/12\/P1010051-573x265-300x139.jpg 300w\" sizes=\"(max-width: 573px) 100vw, 573px\" \/>\t\t\t\t\t\t\t\t\t\t\t\t\t\t\t<\/div>\n\t\t\t\t\t<\/div>\n\t\t\t\t<\/div>\n\t\t<div class=\"elementor-element elementor-element-3aef84b e-flex e-con-boxed e-con e-parent\" data-id=\"3aef84b\" data-element_type=\"container\" data-e-type=\"container\" data-settings=\"{&quot;_ha_eqh_enable&quot;:false}\">\n\t\t\t\t\t<div class=\"e-con-inner\">\n\t\t\t\t<div class=\"elementor-element elementor-element-dde9412 elementor-arrows-position-inside elementor-pagination-position-outside elementor-widget elementor-widget-image-carousel\" data-id=\"dde9412\" data-element_type=\"widget\" data-e-type=\"widget\" data-settings=\"{&quot;slides_to_show&quot;:&quot;1&quot;,&quot;navigation&quot;:&quot;both&quot;,&quot;autoplay&quot;:&quot;yes&quot;,&quot;pause_on_hover&quot;:&quot;yes&quot;,&quot;pause_on_interaction&quot;:&quot;yes&quot;,&quot;autoplay_speed&quot;:5000,&quot;infinite&quot;:&quot;yes&quot;,&quot;effect&quot;:&quot;slide&quot;,&quot;speed&quot;:500}\" data-widget_type=\"image-carousel.default\">\n\t\t\t\t\t\t\t<div class=\"elementor-image-carousel-wrapper swiper\" role=\"region\" aria-roledescription=\"carousel\" aria-label=\"Kuvakaruselli\" dir=\"ltr\">\n\t\t\t<div class=\"elementor-image-carousel swiper-wrapper swiper-image-stretch\" aria-live=\"off\">\n\t\t\t\t\t\t\t\t<div class=\"swiper-slide\" role=\"group\" aria-roledescription=\"slide\" aria-label=\"1 von 8\"><figure class=\"swiper-slide-inner\"><img decoding=\"async\" class=\"swiper-slide-image\" src=\"https:\/\/c-hessler.de\/wp-content\/uploads\/2015\/04\/P1010040_Bearbeitet_I.jpg\" alt=\"Liikuteltava kulmamuokkain MZ 01 135V, jonka ty\u00f6alue on 90\u00b0 ja 135\u00b0.\" \/><figcaption class=\"elementor-image-carousel-caption\">Liikuteltava kulmamuokkain MZ 01 135V, jonka ty\u00f6alue on 90\u00b0 ja 135\u00b0.<\/figcaption><\/figure><\/div><div class=\"swiper-slide\" role=\"group\" aria-roledescription=\"slide\" aria-label=\"2 von 8\"><figure class=\"swiper-slide-inner\"><img decoding=\"async\" class=\"swiper-slide-image\" src=\"https:\/\/c-hessler.de\/wp-content\/uploads\/2015\/04\/P1010036.jpg\" alt=\"Eteenp\u00e4in ty\u00f6ntyvien reunojen p\u00e4iden katkaiseminen katkaisuleikkurilla.\" \/><figcaption class=\"elementor-image-carousel-caption\">Eteenp\u00e4in ty\u00f6ntyvien reunojen p\u00e4iden katkaiseminen katkaisuleikkurilla.<\/figcaption><\/figure><\/div><div class=\"swiper-slide\" role=\"group\" aria-roledescription=\"slide\" aria-label=\"3 von 8\"><figure class=\"swiper-slide-inner\"><img decoding=\"async\" class=\"swiper-slide-image\" src=\"https:\/\/c-hessler.de\/wp-content\/uploads\/2015\/04\/P1010041.jpg\" alt=\"Katkaisu ja py\u00f6rist\u00e4minen tylpiss\u00e4 kulmissa 135\u00b0:een asti.\" \/><figcaption class=\"elementor-image-carousel-caption\">Katkaisu ja py\u00f6rist\u00e4minen tylpiss\u00e4 kulmissa 135\u00b0:een asti.<\/figcaption><\/figure><\/div><div class=\"swiper-slide\" role=\"group\" aria-roledescription=\"slide\" aria-label=\"4 von 8\"><figure class=\"swiper-slide-inner\"><img decoding=\"async\" class=\"swiper-slide-image\" src=\"https:\/\/c-hessler.de\/wp-content\/uploads\/2015\/04\/P1010042.jpg\" alt=\"Ter\u00e4vien kulmien katkaisu ja py\u00f6rist\u00e4minen 45\u00b0:iin asti\" \/><figcaption class=\"elementor-image-carousel-caption\">Ter\u00e4vien kulmien katkaisu ja py\u00f6rist\u00e4minen 45\u00b0:iin asti<\/figcaption><\/figure><\/div><div class=\"swiper-slide\" role=\"group\" aria-roledescription=\"slide\" aria-label=\"5 von 8\"><figure class=\"swiper-slide-inner\"><img decoding=\"async\" class=\"swiper-slide-image\" src=\"https:\/\/c-hessler.de\/wp-content\/uploads\/2015\/04\/P1010054.jpg\" alt=\"90\u00b0:n ty\u00f6st\u00f6 alhaaltap\u00e4in, esim. tylppien ja ter\u00e4vien kulmien j\u00e4\u00e4nn\u00f6skulmien poistamiseen.\" \/><figcaption class=\"elementor-image-carousel-caption\">90\u00b0:n ty\u00f6st\u00f6 alhaaltap\u00e4in, esim. tylppien ja ter\u00e4vien kulmien j\u00e4\u00e4nn\u00f6skulmien poistamiseen.<\/figcaption><\/figure><\/div><div class=\"swiper-slide\" role=\"group\" aria-roledescription=\"slide\" aria-label=\"6 von 8\"><figure class=\"swiper-slide-inner\"><img decoding=\"async\" class=\"swiper-slide-image\" src=\"https:\/\/c-hessler.de\/wp-content\/uploads\/2015\/04\/P1010071.jpg\" alt=\"135\u00b0 ty\u00f6st\u00f6 ohjauslaitteella\" \/><figcaption class=\"elementor-image-carousel-caption\">135\u00b0 ty\u00f6st\u00f6 ohjauslaitteella<\/figcaption><\/figure><\/div><div class=\"swiper-slide\" role=\"group\" aria-roledescription=\"slide\" aria-label=\"7 von 8\"><figure class=\"swiper-slide-inner\"><img decoding=\"async\" class=\"swiper-slide-image\" src=\"https:\/\/c-hessler.de\/wp-content\/uploads\/2015\/04\/P1010070.jpg\" alt=\"Pienen ty\u00f6kappaleen asettaminen paikallaan olevan koneen ohjauslaitteeseen.\" \/><figcaption class=\"elementor-image-carousel-caption\">Pienen ty\u00f6kappaleen asettaminen paikallaan olevan koneen ohjauslaitteeseen.<\/figcaption><\/figure><\/div><div class=\"swiper-slide\" role=\"group\" aria-roledescription=\"slide\" aria-label=\"8 von 8\"><figure class=\"swiper-slide-inner\"><img decoding=\"async\" class=\"swiper-slide-image\" src=\"https:\/\/c-hessler.de\/wp-content\/uploads\/2015\/04\/P1010051.jpg\" alt=\"Pituussuuntainen reunojen k\u00e4sittely, esimerkiksi 90\u00b0.\" \/><figcaption class=\"elementor-image-carousel-caption\">Pituussuuntainen reunojen k\u00e4sittely, esimerkiksi 90\u00b0.<\/figcaption><\/figure><\/div>\t\t\t<\/div>\n\t\t\t\t\t\t\t\t\t\t\t\t<div class=\"elementor-swiper-button elementor-swiper-button-prev\" role=\"button\" tabindex=\"0\">\n\t\t\t\t\t\t<svg aria-hidden=\"true\" class=\"e-font-icon-svg e-eicon-chevron-left\" viewbox=\"0 0 1000 1000\" xmlns=\"http:\/\/www.w3.org\/2000\/svg\"><path d=\"M646 125C629 125 613 133 604 142L308 442C296 454 292 471 292 487 292 504 296 521 308 533L604 854C617 867 629 875 646 875 663 875 679 871 692 858 704 846 713 829 713 812 713 796 708 779 692 767L438 487 692 225C700 217 708 204 708 187 708 171 704 154 692 142 675 129 663 125 646 125Z\"><\/path><\/svg>\t\t\t\t\t<\/div>\n\t\t\t\t\t<div class=\"elementor-swiper-button elementor-swiper-button-next\" role=\"button\" tabindex=\"0\">\n\t\t\t\t\t\t<svg aria-hidden=\"true\" class=\"e-font-icon-svg e-eicon-chevron-right\" viewbox=\"0 0 1000 1000\" xmlns=\"http:\/\/www.w3.org\/2000\/svg\"><path d=\"M696 533C708 521 713 504 713 487 713 471 708 454 696 446L400 146C388 133 375 125 354 125 338 125 325 129 313 142 300 154 292 171 292 187 292 204 296 221 308 233L563 492 304 771C292 783 288 800 288 817 288 833 296 850 308 863 321 871 338 875 354 875 371 875 388 867 400 854L696 533Z\"><\/path><\/svg>\t\t\t\t\t<\/div>\n\t\t\t\t\n\t\t\t\t\t\t\t\t\t<div class=\"swiper-pagination\"><\/div>\n\t\t\t\t\t\t\t\t\t<\/div>\n\t\t\t\t\t\t<\/div>\n\t\t\t\t\t<\/div>\n\t\t\t\t<\/div>\n\t\t\t\t<\/div>","protected":false},"excerpt":{"rendered":"<p>Mobiler Eckenrunder MZ 01 135V Technologiestudie: Der Vater aller Eckenformer Mit diesem Eckenrunder fing die Entwicklung der mobilen Kantenfr\u00e4sen mit F\u00fchrung an. F\u00fcr die Eckenbearbeitung von gro\u00dfen Platten Komplette Formbearbeitung: Kantenende abtrennen, kappen und runden 2 Arbeitsbereiche f\u00fcr schnelles Arbeiten: 90\u00b0 fix, 45\u00b0-135\u00b0 variabel Gebremstes Anlauflager f\u00fcr 90\u00b0-Bereich Stabile Ausf\u00fchrung mit gro\u00dfen Handgriffen Optional mit [&hellip;]<\/p>\n","protected":false},"author":5,"featured_media":0,"parent":0,"menu_order":0,"comment_status":"closed","ping_status":"closed","template":"","meta":{"footnotes":""},"class_list":["post-9072","page","type-page","status-publish","hentry"],"yoast_head":"<!-- This site is optimized with the Yoast SEO Premium plugin v27.0 (Yoast SEO v27.3) - https:\/\/yoast.com\/product\/yoast-seo-premium-wordpress\/ -->\n<title>Mobiler Eckenrunder: Vater aller Eckenformer<\/title>\n<meta name=\"description\" content=\"Diese Kantenfr\u00e4se erm\u00f6glicht die komplette Formbearbeitung: Kantenende abtrennen, kappen und runden. F\u00fcr die Eckenbearbeitung von gro\u00dfen Platten. F\u00fcr kleine Werkst\u00fccke (Eckregalboden) als Standger\u00e4t nutzbar.\" \/>\n<meta name=\"robots\" content=\"index, follow, max-snippet:-1, max-image-preview:large, max-video-preview:-1\" \/>\n<link rel=\"canonical\" href=\"https:\/\/c-hessler.de\/fi\/kulma-entinen-mz-01-135v\/\" \/>\n<meta property=\"og:locale\" content=\"fi_FI\" \/>\n<meta property=\"og:type\" content=\"article\" \/>\n<meta property=\"og:title\" content=\"Eckenrunder MZ 01 135V\" \/>\n<meta property=\"og:description\" content=\"Diese Kantenfr\u00e4se erm\u00f6glicht die komplette Formbearbeitung: Kantenende abtrennen, kappen und runden. F\u00fcr die Eckenbearbeitung von gro\u00dfen Platten. F\u00fcr kleine Werkst\u00fccke (Eckregalboden) als Standger\u00e4t nutzbar.\" \/>\n<meta property=\"og:url\" content=\"https:\/\/c-hessler.de\/fi\/kulma-entinen-mz-01-135v\/\" \/>\n<meta property=\"og:site_name\" content=\"Dr. Christoph He\u00dfler Maschinensysteme\" \/>\n<meta property=\"article:publisher\" content=\"https:\/\/www.facebook.com\/DrChristophHesslerMaschinensysteme\/\" \/>\n<meta property=\"article:modified_time\" content=\"2025-12-11T17:14:58+00:00\" \/>\n<meta property=\"og:image\" content=\"https:\/\/c-hessler.de\/wp-content\/uploads\/2017\/12\/P1010051-573x265.jpg\" \/>\n\t<meta property=\"og:image:width\" content=\"573\" \/>\n\t<meta property=\"og:image:height\" content=\"265\" \/>\n\t<meta property=\"og:image:type\" content=\"image\/jpeg\" \/>\n<meta name=\"twitter:label1\" content=\"Arvioitu lukuaika\" \/>\n\t<meta name=\"twitter:data1\" content=\"3 minuuttia\" \/>\n<script type=\"application\/ld+json\" class=\"yoast-schema-graph\">{\"@context\":\"https:\\\/\\\/schema.org\",\"@graph\":[{\"@type\":\"WebPage\",\"@id\":\"https:\\\/\\\/c-hessler.de\\\/eckenformer-mz-01-135v\\\/\",\"url\":\"https:\\\/\\\/c-hessler.de\\\/eckenformer-mz-01-135v\\\/\",\"name\":\"Mobiler Eckenrunder: Vater aller Eckenformer\",\"isPartOf\":{\"@id\":\"https:\\\/\\\/c-hessler.de\\\/#website\"},\"primaryImageOfPage\":{\"@id\":\"https:\\\/\\\/c-hessler.de\\\/eckenformer-mz-01-135v\\\/#primaryimage\"},\"image\":{\"@id\":\"https:\\\/\\\/c-hessler.de\\\/eckenformer-mz-01-135v\\\/#primaryimage\"},\"thumbnailUrl\":\"https:\\\/\\\/c-hessler.de\\\/wp-content\\\/uploads\\\/2017\\\/12\\\/P1010051-573x265.jpg\",\"datePublished\":\"2015-04-27T09:11:46+00:00\",\"dateModified\":\"2025-12-11T17:14:58+00:00\",\"description\":\"Diese Kantenfr\u00e4se erm\u00f6glicht die komplette Formbearbeitung: Kantenende abtrennen, kappen und runden. F\u00fcr die Eckenbearbeitung von gro\u00dfen Platten. F\u00fcr kleine Werkst\u00fccke (Eckregalboden) als Standger\u00e4t nutzbar.\",\"inLanguage\":\"fi\",\"potentialAction\":[{\"@type\":\"ReadAction\",\"target\":[\"https:\\\/\\\/c-hessler.de\\\/eckenformer-mz-01-135v\\\/\"]}]},{\"@type\":\"ImageObject\",\"inLanguage\":\"fi\",\"@id\":\"https:\\\/\\\/c-hessler.de\\\/eckenformer-mz-01-135v\\\/#primaryimage\",\"url\":\"https:\\\/\\\/c-hessler.de\\\/wp-content\\\/uploads\\\/2017\\\/12\\\/P1010051-573x265.jpg\",\"contentUrl\":\"https:\\\/\\\/c-hessler.de\\\/wp-content\\\/uploads\\\/2017\\\/12\\\/P1010051-573x265.jpg\"},{\"@type\":\"WebSite\",\"@id\":\"https:\\\/\\\/c-hessler.de\\\/#website\",\"url\":\"https:\\\/\\\/c-hessler.de\\\/\",\"name\":\"www.c-hessler.de\",\"description\":\"\",\"publisher\":{\"@id\":\"https:\\\/\\\/c-hessler.de\\\/#organization\"},\"potentialAction\":[{\"@type\":\"SearchAction\",\"target\":{\"@type\":\"EntryPoint\",\"urlTemplate\":\"https:\\\/\\\/c-hessler.de\\\/?s={search_term_string}\"},\"query-input\":{\"@type\":\"PropertyValueSpecification\",\"valueRequired\":true,\"valueName\":\"search_term_string\"}}],\"inLanguage\":\"fi\"},{\"@type\":\"Organization\",\"@id\":\"https:\\\/\\\/c-hessler.de\\\/#organization\",\"name\":\"Dr. Christoph He\u00dfler Maschinensysteme\",\"alternateName\":\"Dr. Christoph He\u00dfler Maschinensysteme\",\"url\":\"https:\\\/\\\/c-hessler.de\\\/\",\"logo\":{\"@type\":\"ImageObject\",\"inLanguage\":\"fi\",\"@id\":\"https:\\\/\\\/c-hessler.de\\\/#\\\/schema\\\/logo\\\/image\\\/\",\"url\":\"https:\\\/\\\/c-hessler.de\\\/wp-content\\\/uploads\\\/2026\\\/02\\\/Draw-03-150312-110115-Ausgeschnitten-I.jpg\",\"contentUrl\":\"https:\\\/\\\/c-hessler.de\\\/wp-content\\\/uploads\\\/2026\\\/02\\\/Draw-03-150312-110115-Ausgeschnitten-I.jpg\",\"width\":445,\"height\":394,\"caption\":\"Dr. Christoph He\u00dfler Maschinensysteme\"},\"image\":{\"@id\":\"https:\\\/\\\/c-hessler.de\\\/#\\\/schema\\\/logo\\\/image\\\/\"},\"sameAs\":[\"https:\\\/\\\/www.facebook.com\\\/DrChristophHesslerMaschinensysteme\\\/\",\"https:\\\/\\\/www.pinterest.de\\\/hesstools\\\/\",\"https:\\\/\\\/www.youtube.com\\\/channel\\\/UCaNnXDGGF_BiYFQZ2kJgi-A?view_as=subscriber\"],\"description\":\"1. Ecken- und Kantenfr\u00e4sen f\u00fcr Tischler und Schreiner, Sonderanfertigungen 2. Auch f\u00fcr die Nachbearbeitung von Eck-Schwei\u00dfn\u00e4hten bei Aluminium-Werkstoffen, f\u00fcr Fahrzeugbauer oder Metallbauer aller Art\",\"email\":\"christoph.hessler@c-hessler.de\",\"telephone\":\"0527413012080\",\"legalName\":\"Dr. Christoph He\u00dfler Maschinensysteme\",\"foundingDate\":\"2003-06-05\",\"vatID\":\"DE230070107\",\"numberOfEmployees\":{\"@type\":\"QuantitativeValue\",\"minValue\":\"1\",\"maxValue\":\"10\"}}]}<\/script>\n<!-- \/ Yoast SEO Premium plugin. -->","yoast_head_json":{"title":"Liikuteltava kulmanmuotoilija: kaikkien kulmanmuotoilijoiden is\u00e4","description":"T\u00e4m\u00e4 reunajyrsin mahdollistaa t\u00e4ydellisen muotoilun: reunan p\u00e4\u00e4n katkaisun, trimmauksen ja py\u00f6ristyksen. Suurten paneelien kulmien k\u00e4sittelyyn. Voidaan k\u00e4ytt\u00e4\u00e4 erillisen\u00e4 laitteena pienille ty\u00f6kappaleille (kulmahylly).","robots":{"index":"index","follow":"follow","max-snippet":"max-snippet:-1","max-image-preview":"max-image-preview:large","max-video-preview":"max-video-preview:-1"},"canonical":"https:\/\/c-hessler.de\/fi\/kulma-entinen-mz-01-135v\/","og_locale":"fi_FI","og_type":"article","og_title":"Eckenrunder MZ 01 135V","og_description":"Diese Kantenfr\u00e4se erm\u00f6glicht die komplette Formbearbeitung: Kantenende abtrennen, kappen und runden. F\u00fcr die Eckenbearbeitung von gro\u00dfen Platten. F\u00fcr kleine Werkst\u00fccke (Eckregalboden) als Standger\u00e4t nutzbar.","og_url":"https:\/\/c-hessler.de\/fi\/kulma-entinen-mz-01-135v\/","og_site_name":"Dr. Christoph He\u00dfler Maschinensysteme","article_publisher":"https:\/\/www.facebook.com\/DrChristophHesslerMaschinensysteme\/","article_modified_time":"2025-12-11T17:14:58+00:00","og_image":[{"width":573,"height":265,"url":"https:\/\/c-hessler.de\/wp-content\/uploads\/2017\/12\/P1010051-573x265.jpg","type":"image\/jpeg"}],"twitter_misc":{"Arvioitu lukuaika":"3 minuuttia"},"schema":{"@context":"https:\/\/schema.org","@graph":[{"@type":"WebPage","@id":"https:\/\/c-hessler.de\/eckenformer-mz-01-135v\/","url":"https:\/\/c-hessler.de\/eckenformer-mz-01-135v\/","name":"Liikuteltava kulmanmuotoilija: kaikkien kulmanmuotoilijoiden is\u00e4","isPartOf":{"@id":"https:\/\/c-hessler.de\/#website"},"primaryImageOfPage":{"@id":"https:\/\/c-hessler.de\/eckenformer-mz-01-135v\/#primaryimage"},"image":{"@id":"https:\/\/c-hessler.de\/eckenformer-mz-01-135v\/#primaryimage"},"thumbnailUrl":"https:\/\/c-hessler.de\/wp-content\/uploads\/2017\/12\/P1010051-573x265.jpg","datePublished":"2015-04-27T09:11:46+00:00","dateModified":"2025-12-11T17:14:58+00:00","description":"T\u00e4m\u00e4 reunajyrsin mahdollistaa t\u00e4ydellisen muotoilun: reunan p\u00e4\u00e4n katkaisun, trimmauksen ja py\u00f6ristyksen. Suurten paneelien kulmien k\u00e4sittelyyn. Voidaan k\u00e4ytt\u00e4\u00e4 erillisen\u00e4 laitteena pienille ty\u00f6kappaleille (kulmahylly).","inLanguage":"fi","potentialAction":[{"@type":"ReadAction","target":["https:\/\/c-hessler.de\/eckenformer-mz-01-135v\/"]}]},{"@type":"ImageObject","inLanguage":"fi","@id":"https:\/\/c-hessler.de\/eckenformer-mz-01-135v\/#primaryimage","url":"https:\/\/c-hessler.de\/wp-content\/uploads\/2017\/12\/P1010051-573x265.jpg","contentUrl":"https:\/\/c-hessler.de\/wp-content\/uploads\/2017\/12\/P1010051-573x265.jpg"},{"@type":"WebSite","@id":"https:\/\/c-hessler.de\/#website","url":"https:\/\/c-hessler.de\/","name":"www.c-hessler.de","description":"","publisher":{"@id":"https:\/\/c-hessler.de\/#organization"},"potentialAction":[{"@type":"SearchAction","target":{"@type":"EntryPoint","urlTemplate":"https:\/\/c-hessler.de\/?s={search_term_string}"},"query-input":{"@type":"PropertyValueSpecification","valueRequired":true,"valueName":"search_term_string"}}],"inLanguage":"fi"},{"@type":"Organization","@id":"https:\/\/c-hessler.de\/#organization","name":"Tohtori Christoph He\u00dfler Konej\u00e4rjestelm\u00e4t","alternateName":"Dr. Christoph He\u00dfler Maschinensysteme","url":"https:\/\/c-hessler.de\/","logo":{"@type":"ImageObject","inLanguage":"fi","@id":"https:\/\/c-hessler.de\/#\/schema\/logo\/image\/","url":"https:\/\/c-hessler.de\/wp-content\/uploads\/2026\/02\/Draw-03-150312-110115-Ausgeschnitten-I.jpg","contentUrl":"https:\/\/c-hessler.de\/wp-content\/uploads\/2026\/02\/Draw-03-150312-110115-Ausgeschnitten-I.jpg","width":445,"height":394,"caption":"Dr. Christoph He\u00dfler Maschinensysteme"},"image":{"@id":"https:\/\/c-hessler.de\/#\/schema\/logo\/image\/"},"sameAs":["https:\/\/www.facebook.com\/DrChristophHesslerMaschinensysteme\/","https:\/\/www.pinterest.de\/hesstools\/","https:\/\/www.youtube.com\/channel\/UCaNnXDGGF_BiYFQZ2kJgi-A?view_as=subscriber"],"description":"1. Ecken- und Kantenfr\u00e4sen f\u00fcr Tischler und Schreiner, Sonderanfertigungen 2. Auch f\u00fcr die Nachbearbeitung von Eck-Schwei\u00dfn\u00e4hten bei Aluminium-Werkstoffen, f\u00fcr Fahrzeugbauer oder Metallbauer aller Art","email":"christoph.hessler@c-hessler.de","telephone":"0527413012080","legalName":"Dr. Christoph He\u00dfler Maschinensysteme","foundingDate":"2003-06-05","vatID":"DE230070107","numberOfEmployees":{"@type":"QuantitativeValue","minValue":"1","maxValue":"10"}}]}},"_hostinger_reach_plugin_has_subscription_block":false,"_hostinger_reach_plugin_is_elementor":false,"_links":{"self":[{"href":"https:\/\/c-hessler.de\/fi\/wp-json\/wp\/v2\/pages\/9072","targetHints":{"allow":["GET"]}}],"collection":[{"href":"https:\/\/c-hessler.de\/fi\/wp-json\/wp\/v2\/pages"}],"about":[{"href":"https:\/\/c-hessler.de\/fi\/wp-json\/wp\/v2\/types\/page"}],"author":[{"embeddable":true,"href":"https:\/\/c-hessler.de\/fi\/wp-json\/wp\/v2\/users\/5"}],"replies":[{"embeddable":true,"href":"https:\/\/c-hessler.de\/fi\/wp-json\/wp\/v2\/comments?post=9072"}],"version-history":[{"count":3,"href":"https:\/\/c-hessler.de\/fi\/wp-json\/wp\/v2\/pages\/9072\/revisions"}],"predecessor-version":[{"id":208228,"href":"https:\/\/c-hessler.de\/fi\/wp-json\/wp\/v2\/pages\/9072\/revisions\/208228"}],"wp:attachment":[{"href":"https:\/\/c-hessler.de\/fi\/wp-json\/wp\/v2\/media?parent=9072"}],"curies":[{"name":"wp","href":"https:\/\/api.w.org\/{rel}","templated":true}]}}