{"id":9163,"date":"2015-04-28T09:17:26","date_gmt":"2015-04-28T07:17:26","guid":{"rendered":"http:\/\/\/?page_id=9163"},"modified":"2025-12-15T08:41:20","modified_gmt":"2025-12-15T07:41:20","slug":"reunanauhoitus","status":"publish","type":"page","link":"https:\/\/c-hessler.de\/fi\/anwendungen\/kantenanleimen\/","title":{"rendered":"Reunanleikkuri"},"content":{"rendered":"<div data-elementor-type=\"wp-page\" data-elementor-id=\"9163\" class=\"elementor elementor-9163\" data-elementor-settings=\"{&quot;ha_cmc_init_switcher&quot;:&quot;no&quot;}\" data-elementor-post-type=\"page\">\n\t\t\t\t<div class=\"elementor-element elementor-element-20b4294 e-grid e-con-boxed e-con e-parent\" data-id=\"20b4294\" data-element_type=\"container\" data-e-type=\"container\" data-settings=\"{&quot;_ha_eqh_enable&quot;:false}\">\n\t\t\t\t\t<div class=\"e-con-inner\">\n\t\t\t\t<div class=\"elementor-element elementor-element-6c58a128 elementor-widget elementor-widget-text-editor\" data-id=\"6c58a128\" data-element_type=\"widget\" data-e-type=\"widget\" data-widget_type=\"text-editor.default\">\n\t\t\t\t\t\t\t\t\t<div class=\"et_pb_with_border et_pb_module et_pb_blurb et_pb_blurb_0 et_pb_text_align_center et_pb_blurb_position_top et_pb_bg_layout_dark\"><div class=\"et_pb_blurb_content\"><div class=\"et_pb_blurb_container\"><h4 class=\"et_pb_module_header\">Accuraata AC 200 s\u00e4rm\u00e4yslaite<\/h4><div class=\"et_pb_blurb_description\"><ul><li>Tarkka liimaus jopa 3 mm:n valmiiksi pinnoitetuille reunoille<\/li><li>Tarkka liimaaminen suoriin ja kaareviin \u00e4\u00e4riviivoihin jopa 52 mm korkeuteen asti.<\/li><li>Reunojen tarkka liimaus sis\u00e4kulmaan asti, kulmaliimaus, kulmaliitosten liimaus<\/li><li>Voidaan k\u00e4ytt\u00e4\u00e4 vasemmalla ja oikealla k\u00e4\u00e4nt\u00e4m\u00e4ll\u00e4.<\/li><li>Vaihtoehto: Reunan korkeus yli 56 mm<\/li><\/ul><\/div><\/div><\/div><\/div>\t\t\t\t\t\t\t\t<\/div>\n\t\t\t\t<div class=\"elementor-element elementor-element-28f8b690 elementor-widget elementor-widget-image\" data-id=\"28f8b690\" data-element_type=\"widget\" data-e-type=\"widget\" data-widget_type=\"image.default\">\n\t\t\t\t\t\t\t\t\t\t\t\t<figure class=\"wp-caption\">\n\t\t\t\t\t\t\t\t\t\t<img fetchpriority=\"high\" decoding=\"async\" width=\"573\" height=\"265\" src=\"https:\/\/c-hessler.de\/wp-content\/uploads\/2018\/01\/PB100249-573x265.jpg\" class=\"attachment-large size-large wp-image-11693\" alt=\"PB100249-573x265\" srcset=\"https:\/\/c-hessler.de\/wp-content\/uploads\/2018\/01\/PB100249-573x265.jpg 573w, https:\/\/c-hessler.de\/wp-content\/uploads\/2018\/01\/PB100249-573x265-150x69.jpg 150w, https:\/\/c-hessler.de\/wp-content\/uploads\/2018\/01\/PB100249-573x265-510x236.jpg 510w, https:\/\/c-hessler.de\/wp-content\/uploads\/2018\/01\/PB100249-573x265-300x139.jpg 300w\" sizes=\"(max-width: 573px) 100vw, 573px\" \/>\t\t\t\t\t\t\t\t\t\t\t<figcaption class=\"widget-image-caption wp-caption-text\">Accuraata AC 200 korttien liimauskone<\/figcaption>\n\t\t\t\t\t\t\t\t\t\t<\/figure>\n\t\t\t\t\t\t\t\t\t<\/div>\n\t\t\t\t\t<\/div>\n\t\t\t\t<\/div>\n\t\t<div class=\"elementor-element elementor-element-258317d3 e-flex e-con-boxed e-con e-parent\" data-id=\"258317d3\" data-element_type=\"container\" data-e-type=\"container\" data-settings=\"{&quot;_ha_eqh_enable&quot;:false}\">\n\t\t\t\t\t<div class=\"e-con-inner\">\n\t\t\t\t<div class=\"elementor-element elementor-element-2b058c4b elementor-widget-divider--view-line elementor-widget elementor-widget-divider\" data-id=\"2b058c4b\" data-element_type=\"widget\" data-e-type=\"widget\" data-widget_type=\"divider.default\">\n\t\t\t\t\t\t\t<div class=\"elementor-divider\">\n\t\t\t<span class=\"elementor-divider-separator\">\n\t\t\t\t\t\t<\/span>\n\t\t<\/div>\n\t\t\t\t\t\t<\/div>\n\t\t\t\t\t<\/div>\n\t\t\t\t<\/div>\n\t\t<div class=\"elementor-element elementor-element-68818a0a e-con-full e-flex e-con e-parent\" data-id=\"68818a0a\" data-element_type=\"container\" data-e-type=\"container\" data-settings=\"{&quot;background_background&quot;:&quot;classic&quot;,&quot;_ha_eqh_enable&quot;:false}\">\n\t\t\t\t<div class=\"elementor-element elementor-element-6f722fe9 elementor-widget__width-inherit elementor-widget elementor-widget-heading\" data-id=\"6f722fe9\" data-element_type=\"widget\" data-e-type=\"widget\" data-widget_type=\"heading.default\">\n\t\t\t\t\t<h2 class=\"elementor-heading-title elementor-size-default\">Miksi Christoph He\u00dfler Maschinensysteme?<\/h2>\t\t\t\t<\/div>\n\t\t\t\t<\/div>\n\t\t\t\t<section class=\"elementor-section elementor-top-section elementor-element elementor-element-31db67a8 elementor-section-stretched elementor-section-full_width elementor-section-height-default elementor-section-height-default\" data-id=\"31db67a8\" data-element_type=\"section\" data-e-type=\"section\" data-settings=\"{&quot;stretch_section&quot;:&quot;section-stretched&quot;,&quot;background_background&quot;:&quot;classic&quot;,&quot;_ha_eqh_enable&quot;:false}\">\n\t\t\t\t\t\t<div class=\"elementor-container elementor-column-gap-extended\">\n\t\t\t\t\t<div class=\"elementor-column elementor-col-33 elementor-top-column elementor-element elementor-element-2b105af4 animated-fast elementor-invisible\" data-id=\"2b105af4\" data-element_type=\"column\" data-e-type=\"column\" data-settings=\"{&quot;animation&quot;:&quot;fadeIn&quot;}\">\n\t\t\t<div class=\"elementor-widget-wrap elementor-element-populated\">\n\t\t\t\t\t\t<div class=\"elementor-element elementor-element-455cbe2f elementor-widget elementor-widget-heading\" data-id=\"455cbe2f\" data-element_type=\"widget\" data-e-type=\"widget\" data-widget_type=\"heading.default\">\n\t\t\t\t\t<h3 class=\"elementor-heading-title elementor-size-default\">T\u00e4m\u00e4 on saatavilla vain t\u00e4\u00e4ll\u00e4\n<\/h3>\t\t\t\t<\/div>\n\t\t\t\t<div class=\"elementor-element elementor-element-61b616d0 elementor-widget elementor-widget-text-editor\" data-id=\"61b616d0\" data-element_type=\"widget\" data-e-type=\"widget\" data-widget_type=\"text-editor.default\">\n\t\t\t\t\t\t\t\t\t<p style=\"text-align: center;\"><span style=\"color: #ffffff;\">\u2713 TOP-toiminto<\/span><br \/><span style=\"color: #ffffff;\">\u2713 TOP k\u00e4sittely<\/span><br \/><span style=\"color: #ffffff;\">\u2713 TOP-ty\u00f6st\u00f6<\/span><br \/><span style=\"color: #ffffff;\">\u2713 Suoraan valmistajalta<\/span><br \/><span style=\"color: #ffffff;\">\u2713 Valmistajan neuvoja<\/span><br \/><span style=\"color: #ffffff;\">\u2713 Maksuton testi<\/span><br \/><span style=\"color: #ffffff;\">\u2713 Osto ennakkoon<\/span><\/p>\t\t\t\t\t\t\t\t<\/div>\n\t\t\t\t\t<\/div>\n\t\t<\/div>\n\t\t\t\t<div class=\"elementor-column elementor-col-33 elementor-top-column elementor-element elementor-element-18ba570c animated-fast elementor-invisible\" data-id=\"18ba570c\" data-element_type=\"column\" data-e-type=\"column\" data-settings=\"{&quot;animation&quot;:&quot;fadeIn&quot;,&quot;animation_delay&quot;:200}\">\n\t\t\t<div class=\"elementor-widget-wrap elementor-element-populated\">\n\t\t\t\t\t\t<div class=\"elementor-element elementor-element-199b51f elementor-widget elementor-widget-heading\" data-id=\"199b51f\" data-element_type=\"widget\" data-e-type=\"widget\" data-widget_type=\"heading.default\">\n\t\t\t\t\t<h3 class=\"elementor-heading-title elementor-size-default\">Testi ilmaiseksi\n<\/h3>\t\t\t\t<\/div>\n\t\t\t\t<div class=\"elementor-element elementor-element-4bf22860 elementor-widget elementor-widget-text-editor\" data-id=\"4bf22860\" data-element_type=\"widget\" data-e-type=\"widget\" data-widget_type=\"text-editor.default\">\n\t\t\t\t\t\t\t\t\t<p style=\"text-align: center;\"><span style=\"color: #ffffff;\">Oletko ammattilainen ja ty\u00f6skentelet kaupallisessa ymp\u00e4rist\u00f6ss\u00e4?<\/span><br \/><span style=\"color: #ffffff;\">Sen j\u00e4lkeen sinulla on mahdollisuus testata koneita maksutta ja sitoumuksetta, jotta voit tarkistaa mahdolliset sovellukset henkil\u00f6kohtaisissa olosuhteissa.<\/span><\/p>\t\t\t\t\t\t\t\t<\/div>\n\t\t\t\t\t<\/div>\n\t\t<\/div>\n\t\t\t\t<div class=\"elementor-column elementor-col-33 elementor-top-column elementor-element elementor-element-4a434ce5 animated-fast elementor-invisible\" data-id=\"4a434ce5\" data-element_type=\"column\" data-e-type=\"column\" data-settings=\"{&quot;animation&quot;:&quot;fadeIn&quot;,&quot;animation_delay&quot;:400}\">\n\t\t\t<div class=\"elementor-widget-wrap elementor-element-populated\">\n\t\t\t\t\t\t<div class=\"elementor-element elementor-element-4de51901 elementor-widget elementor-widget-heading\" data-id=\"4de51901\" data-element_type=\"widget\" data-e-type=\"widget\" data-widget_type=\"heading.default\">\n\t\t\t\t\t<h3 class=\"elementor-heading-title elementor-size-default\">Luotettava palvelu\n<\/h3>\t\t\t\t<\/div>\n\t\t\t\t<div class=\"elementor-element elementor-element-3eb5e76c elementor-widget elementor-widget-text-editor\" data-id=\"3eb5e76c\" data-element_type=\"widget\" data-e-type=\"widget\" data-widget_type=\"text-editor.default\">\n\t\t\t\t\t\t\t\t\t<p style=\"text-align: center;\"><span style=\"color: #ffffff;\">Kun ostat koneen yritykselt\u00e4mme, saat aina my\u00f6s kattavan palvelun. <\/span><br \/><span style=\"color: #ffffff;\">T\u00e4m\u00e4 alkaa koneiden ilmaisesta toimittamisesta testattavaksi tiloihisi ja jatkuu mahdollisten vikojen nopealla korjaamisella ja laitteidemme jatkuvalla jatkokehityksell\u00e4.<\/span><\/p>\t\t\t\t\t\t\t\t<\/div>\n\t\t\t\t\t<\/div>\n\t\t<\/div>\n\t\t\t\t\t<\/div>\n\t\t<\/section>\n\t\t\t\t<section class=\"elementor-section elementor-top-section elementor-element elementor-element-2161b439 elementor-section-stretched elementor-section-boxed elementor-section-height-default elementor-section-height-default\" data-id=\"2161b439\" data-element_type=\"section\" data-e-type=\"section\" data-settings=\"{&quot;stretch_section&quot;:&quot;section-stretched&quot;,&quot;background_background&quot;:&quot;classic&quot;,&quot;_ha_eqh_enable&quot;:false}\">\n\t\t\t\t\t\t<div class=\"elementor-container elementor-column-gap-extended\">\n\t\t\t\t\t<div class=\"elementor-column elementor-col-100 elementor-top-column elementor-element elementor-element-21e04895\" data-id=\"21e04895\" data-element_type=\"column\" data-e-type=\"column\">\n\t\t\t<div class=\"elementor-widget-wrap elementor-element-populated\">\n\t\t\t\t\t\t<div class=\"elementor-element elementor-element-310bd97a elementor-widget elementor-widget-heading\" data-id=\"310bd97a\" data-element_type=\"widget\" data-e-type=\"widget\" data-widget_type=\"heading.default\">\n\t\t\t\t\t<h2 class=\"elementor-heading-title elementor-size-default\">Henkil\u00f6kohtainen neuvonta<\/h2>\t\t\t\t<\/div>\n\t\t\t\t<div class=\"elementor-element elementor-element-59da4e7a elementor-widget elementor-widget-text-editor\" data-id=\"59da4e7a\" data-element_type=\"widget\" data-e-type=\"widget\" data-widget_type=\"text-editor.default\">\n\t\t\t\t\t\t\t\t\t<p style=\"text-align: left;\"><span style=\"color: #ffffff;\">Tohtori Christoph He\u00dfler Konej\u00e4rjestelm\u00e4t<img decoding=\"async\" class=\"size-full wp-image-207490 alignright\" src=\"https:\/\/c-hessler.de\/wp-content\/uploads\/2025\/12\/ch2.png\" alt=\"\" width=\"260\" height=\"130\" srcset=\"https:\/\/c-hessler.de\/wp-content\/uploads\/2025\/12\/ch2.png 260w, https:\/\/c-hessler.de\/wp-content\/uploads\/2025\/12\/ch2-150x75.png 150w, https:\/\/c-hessler.de\/wp-content\/uploads\/2025\/12\/ch2-18x9.png 18w\" sizes=\"(max-width: 260px) 100vw, 260px\" \/><\/span><\/p><p style=\"text-align: left;\"><span style=\"color: #ffffff;\">Ronceva 5:ss\u00e4<\/span><br \/><span style=\"color: #ffffff;\">32312 L\u00fcbbecke<\/span><br \/><span style=\"color: #ffffff;\">Puhelin: +49 (0) 5741 \/ 3012080.<\/span><br \/><span style=\"color: #ffffff;\">s\u00e4hk\u00f6posti: christoph.hessler@c-hessler.de<\/span><\/p>\t\t\t\t\t\t\t\t<\/div>\n\t\t\t\t\t<\/div>\n\t\t<\/div>\n\t\t\t\t\t<\/div>\n\t\t<\/section>\n\t\t\t\t<\/div>","protected":false},"excerpt":{"rendered":"<p>Das Kantenanleimger\u00e4t Accuraata AC 200 Pr\u00e4zises Anleimen von vorbeschichteten Kanten bis 3mm Pr\u00e4zises Anleimen an geraden und geschwungenen Konturen bis 52mm H\u00f6he Pr\u00e4zises Anleimen von Kanten bis in die Innenecke, Ecksto\u00df-Verleimung Linksseitig und rechtsseitig einsetzbar durch Wendung Option: Kantenh\u00f6he gr\u00f6\u00dfer 56 mm Katenanleimger\u00e4t Accuraata AC 200 Warum Christoph He\u00dfler Maschinensysteme? Das gibt es so nur [&hellip;]<\/p>\n","protected":false},"author":5,"featured_media":0,"parent":9132,"menu_order":0,"comment_status":"closed","ping_status":"closed","template":"elementor_header_footer","meta":{"footnotes":""},"class_list":["post-9163","page","type-page","status-publish","hentry"],"yoast_head":"<!-- This site is optimized with the Yoast SEO Premium plugin v27.0 (Yoast SEO v27.4) - https:\/\/yoast.com\/product\/yoast-seo-premium-wordpress\/ -->\n<title>Kantenanleimger\u00e4t \u2022 Anleimen von vorbeschichteten Kanten<\/title>\n<meta name=\"description\" content=\"Das Kantenanleimger\u00e4t erm\u00f6glicht pr\u00e4zises Anleimen von vobeschichteten Kanten bis in die Innenecke (Ecksto\u00df-Verleimung). Es ist linksseitig und rechtsseitig einsetzbar durch Wendung.\" \/>\n<meta name=\"robots\" content=\"index, follow, max-snippet:-1, max-image-preview:large, max-video-preview:-1\" \/>\n<link rel=\"canonical\" href=\"https:\/\/c-hessler.de\/fi\/sovellukset\/reunanauhoitus\/\" \/>\n<meta property=\"og:locale\" content=\"fi_FI\" \/>\n<meta property=\"og:type\" content=\"article\" \/>\n<meta property=\"og:title\" content=\"Kantenanleimger\u00e4t\" \/>\n<meta property=\"og:description\" content=\"Das Kantenanleimger\u00e4t erm\u00f6glicht pr\u00e4zises Anleimen von vobeschichteten Kanten bis in die Innenecke (Ecksto\u00df-Verleimung). Es ist linksseitig und rechtsseitig einsetzbar durch Wendung.\" \/>\n<meta property=\"og:url\" content=\"https:\/\/c-hessler.de\/fi\/sovellukset\/reunanauhoitus\/\" \/>\n<meta property=\"og:site_name\" content=\"Dr. Christoph He\u00dfler Maschinensysteme\" \/>\n<meta property=\"article:publisher\" content=\"https:\/\/www.facebook.com\/DrChristophHesslerMaschinensysteme\/\" \/>\n<meta property=\"article:modified_time\" content=\"2025-12-15T07:41:20+00:00\" \/>\n<meta property=\"og:image\" content=\"https:\/\/c-hessler.de\/wp-content\/uploads\/2018\/01\/PB100249-573x265.jpg\" \/>\n\t<meta property=\"og:image:width\" content=\"573\" \/>\n\t<meta property=\"og:image:height\" content=\"265\" \/>\n\t<meta property=\"og:image:type\" content=\"image\/jpeg\" \/>\n<meta name=\"twitter:label1\" content=\"Arvioitu lukuaika\" \/>\n\t<meta name=\"twitter:data1\" content=\"2 minuuttia\" \/>\n<script type=\"application\/ld+json\" class=\"yoast-schema-graph\">{\"@context\":\"https:\\\/\\\/schema.org\",\"@graph\":[{\"@type\":\"WebPage\",\"@id\":\"https:\\\/\\\/c-hessler.de\\\/anwendungen\\\/kantenanleimen\\\/\",\"url\":\"https:\\\/\\\/c-hessler.de\\\/anwendungen\\\/kantenanleimen\\\/\",\"name\":\"Kantenanleimger\u00e4t \u2022 Anleimen von vorbeschichteten Kanten\",\"isPartOf\":{\"@id\":\"https:\\\/\\\/c-hessler.de\\\/#website\"},\"primaryImageOfPage\":{\"@id\":\"https:\\\/\\\/c-hessler.de\\\/anwendungen\\\/kantenanleimen\\\/#primaryimage\"},\"image\":{\"@id\":\"https:\\\/\\\/c-hessler.de\\\/anwendungen\\\/kantenanleimen\\\/#primaryimage\"},\"thumbnailUrl\":\"https:\\\/\\\/c-hessler.de\\\/wp-content\\\/uploads\\\/2018\\\/01\\\/PB100249-573x265.jpg\",\"datePublished\":\"2015-04-28T07:17:26+00:00\",\"dateModified\":\"2025-12-15T07:41:20+00:00\",\"description\":\"Das Kantenanleimger\u00e4t erm\u00f6glicht pr\u00e4zises Anleimen von vobeschichteten Kanten bis in die Innenecke (Ecksto\u00df-Verleimung). Es ist linksseitig und rechtsseitig einsetzbar durch Wendung.\",\"breadcrumb\":{\"@id\":\"https:\\\/\\\/c-hessler.de\\\/anwendungen\\\/kantenanleimen\\\/#breadcrumb\"},\"inLanguage\":\"fi\",\"potentialAction\":[{\"@type\":\"ReadAction\",\"target\":[\"https:\\\/\\\/c-hessler.de\\\/anwendungen\\\/kantenanleimen\\\/\"]}]},{\"@type\":\"ImageObject\",\"inLanguage\":\"fi\",\"@id\":\"https:\\\/\\\/c-hessler.de\\\/anwendungen\\\/kantenanleimen\\\/#primaryimage\",\"url\":\"https:\\\/\\\/c-hessler.de\\\/wp-content\\\/uploads\\\/2018\\\/01\\\/PB100249-573x265.jpg\",\"contentUrl\":\"https:\\\/\\\/c-hessler.de\\\/wp-content\\\/uploads\\\/2018\\\/01\\\/PB100249-573x265.jpg\"},{\"@type\":\"BreadcrumbList\",\"@id\":\"https:\\\/\\\/c-hessler.de\\\/anwendungen\\\/kantenanleimen\\\/#breadcrumb\",\"itemListElement\":[{\"@type\":\"ListItem\",\"position\":1,\"name\":\"Anwendungen\",\"item\":\"https:\\\/\\\/c-hessler.de\\\/anwendungen\\\/\"},{\"@type\":\"ListItem\",\"position\":2,\"name\":\"Kantenanleimger\u00e4t\"}]},{\"@type\":\"WebSite\",\"@id\":\"https:\\\/\\\/c-hessler.de\\\/#website\",\"url\":\"https:\\\/\\\/c-hessler.de\\\/\",\"name\":\"www.c-hessler.de\",\"description\":\"\",\"publisher\":{\"@id\":\"https:\\\/\\\/c-hessler.de\\\/#organization\"},\"potentialAction\":[{\"@type\":\"SearchAction\",\"target\":{\"@type\":\"EntryPoint\",\"urlTemplate\":\"https:\\\/\\\/c-hessler.de\\\/?s={search_term_string}\"},\"query-input\":{\"@type\":\"PropertyValueSpecification\",\"valueRequired\":true,\"valueName\":\"search_term_string\"}}],\"inLanguage\":\"fi\"},{\"@type\":\"Organization\",\"@id\":\"https:\\\/\\\/c-hessler.de\\\/#organization\",\"name\":\"Dr. Christoph He\u00dfler Maschinensysteme\",\"alternateName\":\"Dr. Christoph He\u00dfler Maschinensysteme\",\"url\":\"https:\\\/\\\/c-hessler.de\\\/\",\"logo\":{\"@type\":\"ImageObject\",\"inLanguage\":\"fi\",\"@id\":\"https:\\\/\\\/c-hessler.de\\\/#\\\/schema\\\/logo\\\/image\\\/\",\"url\":\"https:\\\/\\\/c-hessler.de\\\/wp-content\\\/uploads\\\/2026\\\/02\\\/Draw-03-150312-110115-Ausgeschnitten-I.jpg\",\"contentUrl\":\"https:\\\/\\\/c-hessler.de\\\/wp-content\\\/uploads\\\/2026\\\/02\\\/Draw-03-150312-110115-Ausgeschnitten-I.jpg\",\"width\":445,\"height\":394,\"caption\":\"Dr. Christoph He\u00dfler Maschinensysteme\"},\"image\":{\"@id\":\"https:\\\/\\\/c-hessler.de\\\/#\\\/schema\\\/logo\\\/image\\\/\"},\"sameAs\":[\"https:\\\/\\\/www.facebook.com\\\/DrChristophHesslerMaschinensysteme\\\/\",\"https:\\\/\\\/www.pinterest.de\\\/hesstools\\\/\",\"https:\\\/\\\/www.youtube.com\\\/channel\\\/UCaNnXDGGF_BiYFQZ2kJgi-A?view_as=subscriber\"],\"description\":\"1. Ecken- und Kantenfr\u00e4sen f\u00fcr Tischler und Schreiner, Sonderanfertigungen 2. Auch f\u00fcr die Nachbearbeitung von Eck-Schwei\u00dfn\u00e4hten bei Aluminium-Werkstoffen, f\u00fcr Fahrzeugbauer oder Metallbauer aller Art\",\"email\":\"christoph.hessler@c-hessler.de\",\"telephone\":\"0527413012080\",\"legalName\":\"Dr. Christoph He\u00dfler Maschinensysteme\",\"foundingDate\":\"2003-06-05\",\"vatID\":\"DE230070107\",\"numberOfEmployees\":{\"@type\":\"QuantitativeValue\",\"minValue\":\"1\",\"maxValue\":\"10\"}}]}<\/script>\n<!-- \/ Yoast SEO Premium plugin. -->","yoast_head_json":{"title":"Reunojen liimaus - valmiiksi pinnoitettujen reunojen liimaaminen","description":"Reunojen liimauslaite mahdollistaa esipinnoitettujen reunojen tarkan liimauksen suoraan sis\u00e4kulmaan (kulmaliimaus). Sit\u00e4 voidaan k\u00e4ytt\u00e4\u00e4 vasemmalla ja oikealla puolella k\u00e4\u00e4nt\u00e4m\u00e4ll\u00e4.","robots":{"index":"index","follow":"follow","max-snippet":"max-snippet:-1","max-image-preview":"max-image-preview:large","max-video-preview":"max-video-preview:-1"},"canonical":"https:\/\/c-hessler.de\/fi\/sovellukset\/reunanauhoitus\/","og_locale":"fi_FI","og_type":"article","og_title":"Kantenanleimger\u00e4t","og_description":"Das Kantenanleimger\u00e4t erm\u00f6glicht pr\u00e4zises Anleimen von vobeschichteten Kanten bis in die Innenecke (Ecksto\u00df-Verleimung). Es ist linksseitig und rechtsseitig einsetzbar durch Wendung.","og_url":"https:\/\/c-hessler.de\/fi\/sovellukset\/reunanauhoitus\/","og_site_name":"Dr. Christoph He\u00dfler Maschinensysteme","article_publisher":"https:\/\/www.facebook.com\/DrChristophHesslerMaschinensysteme\/","article_modified_time":"2025-12-15T07:41:20+00:00","og_image":[{"width":573,"height":265,"url":"https:\/\/c-hessler.de\/wp-content\/uploads\/2018\/01\/PB100249-573x265.jpg","type":"image\/jpeg"}],"twitter_misc":{"Arvioitu lukuaika":"2 minuuttia"},"schema":{"@context":"https:\/\/schema.org","@graph":[{"@type":"WebPage","@id":"https:\/\/c-hessler.de\/anwendungen\/kantenanleimen\/","url":"https:\/\/c-hessler.de\/anwendungen\/kantenanleimen\/","name":"Reunojen liimaus - valmiiksi pinnoitettujen reunojen liimaaminen","isPartOf":{"@id":"https:\/\/c-hessler.de\/#website"},"primaryImageOfPage":{"@id":"https:\/\/c-hessler.de\/anwendungen\/kantenanleimen\/#primaryimage"},"image":{"@id":"https:\/\/c-hessler.de\/anwendungen\/kantenanleimen\/#primaryimage"},"thumbnailUrl":"https:\/\/c-hessler.de\/wp-content\/uploads\/2018\/01\/PB100249-573x265.jpg","datePublished":"2015-04-28T07:17:26+00:00","dateModified":"2025-12-15T07:41:20+00:00","description":"Reunojen liimauslaite mahdollistaa esipinnoitettujen reunojen tarkan liimauksen suoraan sis\u00e4kulmaan (kulmaliimaus). Sit\u00e4 voidaan k\u00e4ytt\u00e4\u00e4 vasemmalla ja oikealla puolella k\u00e4\u00e4nt\u00e4m\u00e4ll\u00e4.","breadcrumb":{"@id":"https:\/\/c-hessler.de\/anwendungen\/kantenanleimen\/#breadcrumb"},"inLanguage":"fi","potentialAction":[{"@type":"ReadAction","target":["https:\/\/c-hessler.de\/anwendungen\/kantenanleimen\/"]}]},{"@type":"ImageObject","inLanguage":"fi","@id":"https:\/\/c-hessler.de\/anwendungen\/kantenanleimen\/#primaryimage","url":"https:\/\/c-hessler.de\/wp-content\/uploads\/2018\/01\/PB100249-573x265.jpg","contentUrl":"https:\/\/c-hessler.de\/wp-content\/uploads\/2018\/01\/PB100249-573x265.jpg"},{"@type":"BreadcrumbList","@id":"https:\/\/c-hessler.de\/anwendungen\/kantenanleimen\/#breadcrumb","itemListElement":[{"@type":"ListItem","position":1,"name":"Anwendungen","item":"https:\/\/c-hessler.de\/anwendungen\/"},{"@type":"ListItem","position":2,"name":"Kantenanleimger\u00e4t"}]},{"@type":"WebSite","@id":"https:\/\/c-hessler.de\/#website","url":"https:\/\/c-hessler.de\/","name":"www.c-hessler.de","description":"","publisher":{"@id":"https:\/\/c-hessler.de\/#organization"},"potentialAction":[{"@type":"SearchAction","target":{"@type":"EntryPoint","urlTemplate":"https:\/\/c-hessler.de\/?s={search_term_string}"},"query-input":{"@type":"PropertyValueSpecification","valueRequired":true,"valueName":"search_term_string"}}],"inLanguage":"fi"},{"@type":"Organization","@id":"https:\/\/c-hessler.de\/#organization","name":"Tohtori Christoph He\u00dfler Konej\u00e4rjestelm\u00e4t","alternateName":"Dr. Christoph He\u00dfler Maschinensysteme","url":"https:\/\/c-hessler.de\/","logo":{"@type":"ImageObject","inLanguage":"fi","@id":"https:\/\/c-hessler.de\/#\/schema\/logo\/image\/","url":"https:\/\/c-hessler.de\/wp-content\/uploads\/2026\/02\/Draw-03-150312-110115-Ausgeschnitten-I.jpg","contentUrl":"https:\/\/c-hessler.de\/wp-content\/uploads\/2026\/02\/Draw-03-150312-110115-Ausgeschnitten-I.jpg","width":445,"height":394,"caption":"Dr. Christoph He\u00dfler Maschinensysteme"},"image":{"@id":"https:\/\/c-hessler.de\/#\/schema\/logo\/image\/"},"sameAs":["https:\/\/www.facebook.com\/DrChristophHesslerMaschinensysteme\/","https:\/\/www.pinterest.de\/hesstools\/","https:\/\/www.youtube.com\/channel\/UCaNnXDGGF_BiYFQZ2kJgi-A?view_as=subscriber"],"description":"1. Ecken- und Kantenfr\u00e4sen f\u00fcr Tischler und Schreiner, Sonderanfertigungen 2. Auch f\u00fcr die Nachbearbeitung von Eck-Schwei\u00dfn\u00e4hten bei Aluminium-Werkstoffen, f\u00fcr Fahrzeugbauer oder Metallbauer aller Art","email":"christoph.hessler@c-hessler.de","telephone":"0527413012080","legalName":"Dr. Christoph He\u00dfler Maschinensysteme","foundingDate":"2003-06-05","vatID":"DE230070107","numberOfEmployees":{"@type":"QuantitativeValue","minValue":"1","maxValue":"10"}}]}},"_hostinger_reach_plugin_has_subscription_block":false,"_hostinger_reach_plugin_is_elementor":false,"_links":{"self":[{"href":"https:\/\/c-hessler.de\/fi\/wp-json\/wp\/v2\/pages\/9163","targetHints":{"allow":["GET"]}}],"collection":[{"href":"https:\/\/c-hessler.de\/fi\/wp-json\/wp\/v2\/pages"}],"about":[{"href":"https:\/\/c-hessler.de\/fi\/wp-json\/wp\/v2\/types\/page"}],"author":[{"embeddable":true,"href":"https:\/\/c-hessler.de\/fi\/wp-json\/wp\/v2\/users\/5"}],"replies":[{"embeddable":true,"href":"https:\/\/c-hessler.de\/fi\/wp-json\/wp\/v2\/comments?post=9163"}],"version-history":[{"count":6,"href":"https:\/\/c-hessler.de\/fi\/wp-json\/wp\/v2\/pages\/9163\/revisions"}],"predecessor-version":[{"id":208522,"href":"https:\/\/c-hessler.de\/fi\/wp-json\/wp\/v2\/pages\/9163\/revisions\/208522"}],"up":[{"embeddable":true,"href":"https:\/\/c-hessler.de\/fi\/wp-json\/wp\/v2\/pages\/9132"}],"wp:attachment":[{"href":"https:\/\/c-hessler.de\/fi\/wp-json\/wp\/v2\/media?parent=9163"}],"curies":[{"name":"wp","href":"https:\/\/api.w.org\/{rel}","templated":true}]}}