{"id":9332,"date":"2015-04-29T09:41:15","date_gmt":"2015-04-29T07:41:15","guid":{"rendered":"http:\/\/\/?page_id=9332"},"modified":"2025-12-13T13:33:33","modified_gmt":"2025-12-13T12:33:33","slug":"anetsberger-gmbh-puusepaenteollisuus-puukauppa","status":"publish","type":"page","link":"https:\/\/c-hessler.de\/fi\/referenzen\/anetsberger-gmbh-schreinerei-holzhandel\/","title":{"rendered":"Anetsberger GmbH puusep\u00e4nteollisuus - puutavarakauppa"},"content":{"rendered":"<div data-elementor-type=\"wp-page\" data-elementor-id=\"9332\" class=\"elementor elementor-9332\" data-elementor-settings=\"{&quot;ha_cmc_init_switcher&quot;:&quot;no&quot;}\" data-elementor-post-type=\"page\">\n\t\t\t\t<div class=\"elementor-element elementor-element-cf49dfb e-grid e-con-boxed e-con e-parent\" data-id=\"cf49dfb\" data-element_type=\"container\" data-e-type=\"container\" data-settings=\"{&quot;_ha_eqh_enable&quot;:false}\">\n\t\t\t\t\t<div class=\"e-con-inner\">\n\t\t\t\t<div class=\"elementor-element elementor-element-11a99148 elementor-widget elementor-widget-text-editor\" data-id=\"11a99148\" data-element_type=\"widget\" data-e-type=\"widget\" data-widget_type=\"text-editor.default\">\n\t\t\t\t\t\t\t\t\t<h4 class=\"et_pb_module_header\">Anetsberger GmbH puusep\u00e4nteollisuus ja puutavarakauppa<\/h4><div class=\"et_pb_blurb_description\"><div>Breiteich 8<br \/>94575 Windorf<\/div><p class=\"font_8\">Puhelin: +49 (0) 160 97 32 90 14.<\/p><p class=\"font_8\">Mail: andreas.anetsberger@gmx.de<br \/>Verkkosivusto:<a href=\"http:\/\/www.schreinerei-anetsberger.de\/\">\u00a0www.schreinerei-anetsberger.de<\/a><\/p><\/div>\t\t\t\t\t\t\t\t<\/div>\n\t\t\t\t<div class=\"elementor-element elementor-element-6b76020f elementor-widget elementor-widget-image\" data-id=\"6b76020f\" data-element_type=\"widget\" data-e-type=\"widget\" data-widget_type=\"image.default\">\n\t\t\t\t\t\t\t\t\t\t\t\t\t\t\t<img fetchpriority=\"high\" decoding=\"async\" width=\"582\" height=\"542\" src=\"https:\/\/c-hessler.de\/wp-content\/uploads\/2017\/09\/1_an.jpg\" class=\"attachment-full size-full wp-image-10574\" alt=\"1_an\" srcset=\"https:\/\/c-hessler.de\/wp-content\/uploads\/2017\/09\/1_an.jpg 582w, https:\/\/c-hessler.de\/wp-content\/uploads\/2017\/09\/1_an-150x140.jpg 150w, https:\/\/c-hessler.de\/wp-content\/uploads\/2017\/09\/1_an-510x475.jpg 510w, https:\/\/c-hessler.de\/wp-content\/uploads\/2017\/09\/1_an-300x279.jpg 300w\" sizes=\"(max-width: 582px) 100vw, 582px\" \/>\t\t\t\t\t\t\t\t\t\t\t\t\t\t\t<\/div>\n\t\t\t\t\t<\/div>\n\t\t\t\t<\/div>\n\t\t<div class=\"elementor-element elementor-element-64fea353 e-flex e-con-boxed e-con e-parent\" data-id=\"64fea353\" data-element_type=\"container\" data-e-type=\"container\" data-settings=\"{&quot;_ha_eqh_enable&quot;:false}\">\n\t\t\t\t\t<div class=\"e-con-inner\">\n\t\t\t\t<div class=\"elementor-element elementor-element-2eab2e28 elementor-widget-divider--view-line elementor-widget elementor-widget-divider\" data-id=\"2eab2e28\" data-element_type=\"widget\" data-e-type=\"widget\" data-widget_type=\"divider.default\">\n\t\t\t\t\t\t\t<div class=\"elementor-divider\">\n\t\t\t<span class=\"elementor-divider-separator\">\n\t\t\t\t\t\t<\/span>\n\t\t<\/div>\n\t\t\t\t\t\t<\/div>\n\t\t\t\t\t<\/div>\n\t\t\t\t<\/div>\n\t\t<div class=\"elementor-element elementor-element-5365c7ac e-flex e-con-boxed e-con e-parent\" data-id=\"5365c7ac\" data-element_type=\"container\" data-e-type=\"container\" data-settings=\"{&quot;_ha_eqh_enable&quot;:false}\">\n\t\t\t\t\t<div class=\"e-con-inner\">\n\t\t\t\t<div class=\"elementor-element elementor-element-52e8ee62 elementor-widget elementor-widget-text-editor\" data-id=\"52e8ee62\" data-element_type=\"widget\" data-e-type=\"widget\" data-widget_type=\"text-editor.default\">\n\t\t\t\t\t\t\t\t\t<h4 class=\"et_pb_module_header\">Anetsbeger kuvailee kokemuksiaan kulmakoneesta MZ 02 90F, 31. elokuuta 2013.<\/h4><div class=\"et_pb_blurb_description\"><p>Koska kyseess\u00e4 on nuori yritys, kaikilla ei ole tarvittavaa alkup\u00e4\u00e4omaa. Kustannusten s\u00e4\u00e4st\u00e4miseksi hankittiin runsas k\u00e4ytetyn reunanauhakoneen hankinta. Siin\u00e4 ei kuitenkaan ole integroitua kulmakopiokonetta. Monet yritykset jyrsi\u00e4 tai viilata kaappien ovia, kaksoislaatikoita jne. maksavat juuri paljon aikaa ja ty\u00f6t\u00e4. Jotta pystyisimme toimittamaan kilpailukykyist\u00e4 laatua, etsimme Internetist\u00e4 ja l\u00f6ysimme ihanteellisen ratkaisun ongelmaamme.<\/p><p>Kulmakopiokone on nopeasti k\u00e4ytt\u00f6valmis ja helppo k\u00e4sitell\u00e4. Tehokas ilmamoottori s\u00e4\u00e4st\u00e4\u00e4 paljon tilaa ja painoa laitteessa. Vasemmat ja oikeat kulmat on helppo jyrsi\u00e4 ilman, ett\u00e4 mit\u00e4\u00e4n tarvitsee muuntaa tai s\u00e4\u00e4t\u00e4\u00e4.<\/p><p>Muuten rasittava ty\u00f6 viilalla ja koristeter\u00e4ll\u00e4 on muuttunut nautinnoksi. Mik\u00e4\u00e4n tuntemamme reititin tai \"tikkujyrsin\" ei tarjoa t\u00e4llaista k\u00e4sittely\u00e4. Laatu ja valtava ajans\u00e4\u00e4st\u00f6 ovat tuntuvia, my\u00f6s asiakkaalle.<\/p><\/div>\t\t\t\t\t\t\t\t<\/div>\n\t\t\t\t\t<\/div>\n\t\t\t\t<\/div>\n\t\t<div class=\"elementor-element elementor-element-38e4f2dd e-flex e-con-boxed e-con e-parent\" data-id=\"38e4f2dd\" data-element_type=\"container\" data-e-type=\"container\" data-settings=\"{&quot;_ha_eqh_enable&quot;:false}\">\n\t\t\t\t\t<div class=\"e-con-inner\">\n\t\t\t\t<div class=\"elementor-element elementor-element-4655ea11 elementor-widget elementor-widget-image-carousel\" data-id=\"4655ea11\" data-element_type=\"widget\" data-e-type=\"widget\" data-settings=\"{&quot;slides_to_show&quot;:&quot;6&quot;,&quot;navigation&quot;:&quot;none&quot;,&quot;autoplay&quot;:&quot;yes&quot;,&quot;pause_on_hover&quot;:&quot;yes&quot;,&quot;pause_on_interaction&quot;:&quot;yes&quot;,&quot;autoplay_speed&quot;:5000,&quot;infinite&quot;:&quot;yes&quot;,&quot;speed&quot;:500}\" data-widget_type=\"image-carousel.default\">\n\t\t\t\t\t\t\t<div class=\"elementor-image-carousel-wrapper swiper\" role=\"region\" aria-roledescription=\"carousel\" aria-label=\"Kuvakaruselli\" dir=\"ltr\">\n\t\t\t<div class=\"elementor-image-carousel swiper-wrapper swiper-image-stretch\" aria-live=\"off\">\n\t\t\t\t\t\t\t\t<div class=\"swiper-slide\" role=\"group\" aria-roledescription=\"slide\" aria-label=\"1 of 6\"><a data-elementor-open-lightbox=\"yes\" data-elementor-lightbox-slideshow=\"4655ea11\" data-elementor-lightbox-title=\"14182f5eda0-300x200\" data-e-action-hash=\"#elementor-action%3Aaction%3Dlightbox%26settings%3DeyJpZCI6MTAyNDAsInVybCI6Imh0dHBzOlwvXC9jLWhlc3NsZXIuZGVcL3dwLWNvbnRlbnRcL3VwbG9hZHNcLzIwMTZcLzAyXC8xNDE4MmY1ZWRhMC0zMDB4MjAwLmpwZyIsInNsaWRlc2hvdyI6IjQ2NTVlYTExIn0%3D\" href=\"https:\/\/c-hessler.de\/wp-content\/uploads\/2016\/02\/14182f5eda0-300x200.jpg\"><figure class=\"swiper-slide-inner\"><img decoding=\"async\" class=\"swiper-slide-image\" src=\"https:\/\/c-hessler.de\/wp-content\/uploads\/2016\/02\/14182f5eda0-300x200-150x150.jpg\" alt=\"14182f5eda0-300x200\" \/><\/figure><\/a><\/div><div class=\"swiper-slide\" role=\"group\" aria-roledescription=\"slide\" aria-label=\"2 of 6\"><a data-elementor-open-lightbox=\"yes\" data-elementor-lightbox-slideshow=\"4655ea11\" data-elementor-lightbox-title=\"Antesberger Referenzen Keine Wackelmacken\" data-e-action-hash=\"#elementor-action%3Aaction%3Dlightbox%26settings%3DeyJpZCI6OTMzOCwidXJsIjoiaHR0cHM6XC9cL2MtaGVzc2xlci5kZVwvd3AtY29udGVudFwvdXBsb2Fkc1wvMjAxNVwvMDRcLzE0MTgzMDIxOTMwLmpwZyIsInNsaWRlc2hvdyI6IjQ2NTVlYTExIn0%3D\" href=\"https:\/\/c-hessler.de\/wp-content\/uploads\/2015\/04\/14183021930.jpg\"><figure class=\"swiper-slide-inner\"><img decoding=\"async\" class=\"swiper-slide-image\" src=\"https:\/\/c-hessler.de\/wp-content\/uploads\/2015\/04\/14183021930-150x150.jpg\" alt=\"Anetsberger GmbH Schreinerei \u2013 Holzhandel - Anwendung des Eckenrunder MZ 02 90F: Keine Wackelmacken!\" \/><\/figure><\/a><\/div><div class=\"swiper-slide\" role=\"group\" aria-roledescription=\"slide\" aria-label=\"3 of 6\"><a data-elementor-open-lightbox=\"yes\" data-elementor-lightbox-slideshow=\"4655ea11\" data-elementor-lightbox-title=\"Anetsberger Referenzen Klein und Handlich\" data-e-action-hash=\"#elementor-action%3Aaction%3Dlightbox%26settings%3DeyJpZCI6OTMzNiwidXJsIjoiaHR0cHM6XC9cL2MtaGVzc2xlci5kZVwvd3AtY29udGVudFwvdXBsb2Fkc1wvMjAxNVwvMDRcLzE0MTgyZmJlMTgxLmpwZyIsInNsaWRlc2hvdyI6IjQ2NTVlYTExIn0%3D\" href=\"https:\/\/c-hessler.de\/wp-content\/uploads\/2015\/04\/14182fbe181.jpg\"><figure class=\"swiper-slide-inner\"><img decoding=\"async\" class=\"swiper-slide-image\" src=\"https:\/\/c-hessler.de\/wp-content\/uploads\/2015\/04\/14182fbe181-150x150.jpg\" alt=\"Anetsberger GmbH Schreinerei \u2013 Holzhandel - Anwendung des Eckenrunder MZ 02 90F: Der Eckenrunder ist klein und handlich\" \/><\/figure><\/a><\/div><div class=\"swiper-slide\" role=\"group\" aria-roledescription=\"slide\" aria-label=\"4 of 6\"><a data-elementor-open-lightbox=\"yes\" data-elementor-lightbox-slideshow=\"4655ea11\" data-elementor-lightbox-title=\"Anetsberger Referenzen Gute Qualit\u00e4t\" data-e-action-hash=\"#elementor-action%3Aaction%3Dlightbox%26settings%3DeyJpZCI6OTMzOSwidXJsIjoiaHR0cHM6XC9cL2MtaGVzc2xlci5kZVwvd3AtY29udGVudFwvdXBsb2Fkc1wvMjAxNVwvMDRcLzE0MTgzMDQ5MTQ5LmpwZyIsInNsaWRlc2hvdyI6IjQ2NTVlYTExIn0%3D\" href=\"https:\/\/c-hessler.de\/wp-content\/uploads\/2015\/04\/14183049149.jpg\"><figure class=\"swiper-slide-inner\"><img decoding=\"async\" class=\"swiper-slide-image\" src=\"https:\/\/c-hessler.de\/wp-content\/uploads\/2015\/04\/14183049149-150x150.jpg\" alt=\"Anetsberger GmbH Schreinerei \u2013 Holzhandel - Anwendung des Eckenrunder MZ 02 90F: Schnelles Kopieren der Ecken in sehr guter Qualit\u00e4t\" \/><\/figure><\/a><\/div><div class=\"swiper-slide\" role=\"group\" aria-roledescription=\"slide\" aria-label=\"5 of 6\"><a data-elementor-open-lightbox=\"yes\" data-elementor-lightbox-slideshow=\"4655ea11\" data-elementor-lightbox-title=\"Anetsberger Referenzen Vorgabe der Waagerechten\" data-e-action-hash=\"#elementor-action%3Aaction%3Dlightbox%26settings%3DeyJpZCI6OTMzNywidXJsIjoiaHR0cHM6XC9cL2MtaGVzc2xlci5kZVwvd3AtY29udGVudFwvdXBsb2Fkc1wvMjAxNVwvMDRcLzE0MTgyZmYyYjU2LmpwZyIsInNsaWRlc2hvdyI6IjQ2NTVlYTExIn0%3D\" href=\"https:\/\/c-hessler.de\/wp-content\/uploads\/2015\/04\/14182ff2b56.jpg\"><figure class=\"swiper-slide-inner\"><img decoding=\"async\" class=\"swiper-slide-image\" src=\"https:\/\/c-hessler.de\/wp-content\/uploads\/2015\/04\/14182ff2b56-150x150.jpg\" alt=\"Anetsberger GmbH Schreinerei \u2013 Holzhandel - Anwendung des Eckenrunder MZ 02 90F: Nach leichtem Aufdr\u00fccken der Auflage ist die Waagrechte sicher vorgegeben\" \/><\/figure><\/a><\/div><div class=\"swiper-slide\" role=\"group\" aria-roledescription=\"slide\" aria-label=\"6 of 6\"><a data-elementor-open-lightbox=\"yes\" data-elementor-lightbox-slideshow=\"4655ea11\" data-elementor-lightbox-title=\"Antesberger Referenzen Eckenrunder\" data-e-action-hash=\"#elementor-action%3Aaction%3Dlightbox%26settings%3DeyJpZCI6OTM0MCwidXJsIjoiaHR0cHM6XC9cL2MtaGVzc2xlci5kZVwvd3AtY29udGVudFwvdXBsb2Fkc1wvMjAxNVwvMDRcLzE0MTgzMDYxNDYxLmpwZyIsInNsaWRlc2hvdyI6IjQ2NTVlYTExIn0%3D\" href=\"https:\/\/c-hessler.de\/wp-content\/uploads\/2015\/04\/14183061461.jpg\"><figure class=\"swiper-slide-inner\"><img decoding=\"async\" class=\"swiper-slide-image\" src=\"https:\/\/c-hessler.de\/wp-content\/uploads\/2015\/04\/14183061461-150x150.jpg\" alt=\"Anetsberger GmbH Schreinerei \u2013 Holzhandel - Pr\u00e4sentation des Eckenrunder MZ 02 90F\" \/><\/figure><\/a><\/div>\t\t\t<\/div>\n\t\t\t\t\t\t\t\n\t\t\t\t\t\t\t\t\t<\/div>\n\t\t\t\t\t\t<\/div>\n\t\t\t\t\t<\/div>\n\t\t\t\t<\/div>\n\t\t\t\t<\/div>","protected":false},"excerpt":{"rendered":"<p>Anetsberger GmbH Schreinerei &amp; Holzhandel Breiteich 894575 Windorf Tel.: +49 (0) 160 97 32 90 14 Mail: andreas.anetsberger@gmx.deWebsite:\u00a0www.schreinerei-anetsberger.de Herr Anetsbeger beschreibt seine Erfahrungen mit dem Eckenrunder MZ 02 90F, 31. August 2013 Als Jungunternehmen hat nicht jeder das n\u00f6tige Startkapital.\u00a0Um Kosten zu sparen wurde eine \u00fcppige gebrauchte Kantenanleimmaschine\u00a0angeschafft. Diese hat jedoch keinen integrieren Eckkopierer.\u00a0Viele Versuche [&hellip;]<\/p>\n","protected":false},"author":5,"featured_media":0,"parent":9218,"menu_order":0,"comment_status":"closed","ping_status":"closed","template":"elementor_header_footer","meta":{"footnotes":""},"class_list":["post-9332","page","type-page","status-publish","hentry"],"yoast_head":"<!-- This site is optimized with the Yoast SEO Premium plugin v27.0 (Yoast SEO v27.4) - https:\/\/yoast.com\/product\/yoast-seo-premium-wordpress\/ -->\n<title>Anetsberger GmbH Schreinerei - Holzhandel - Dr. Christoph He\u00dfler Maschinensysteme<\/title>\n<meta name=\"robots\" content=\"index, follow, max-snippet:-1, max-image-preview:large, max-video-preview:-1\" \/>\n<link rel=\"canonical\" href=\"https:\/\/c-hessler.de\/fi\/viitteet\/anetsberger-gmbh-puusepaenteollisuus-puukauppa\/\" \/>\n<meta property=\"og:locale\" content=\"fi_FI\" \/>\n<meta property=\"og:type\" content=\"article\" \/>\n<meta property=\"og:title\" content=\"Anetsberger GmbH Schreinerei - Holzhandel\" \/>\n<meta property=\"og:description\" content=\"Anetsberger GmbH Schreinerei &amp; Holzhandel Breiteich 894575 Windorf Tel.: +49 (0) 160 97 32 90 14 Mail: andreas.anetsberger@gmx.deWebsite:\u00a0www.schreinerei-anetsberger.de Herr Anetsbeger beschreibt seine Erfahrungen mit dem Eckenrunder MZ 02 90F, 31. August 2013 Als Jungunternehmen hat nicht jeder das n\u00f6tige Startkapital.\u00a0Um Kosten zu sparen wurde eine \u00fcppige gebrauchte Kantenanleimmaschine\u00a0angeschafft. Diese hat jedoch keinen integrieren Eckkopierer.\u00a0Viele Versuche [&hellip;]\" \/>\n<meta property=\"og:url\" content=\"https:\/\/c-hessler.de\/fi\/viitteet\/anetsberger-gmbh-puusepaenteollisuus-puukauppa\/\" \/>\n<meta property=\"og:site_name\" content=\"Dr. Christoph He\u00dfler Maschinensysteme\" \/>\n<meta property=\"article:publisher\" content=\"https:\/\/www.facebook.com\/DrChristophHesslerMaschinensysteme\/\" \/>\n<meta property=\"article:modified_time\" content=\"2025-12-13T12:33:33+00:00\" \/>\n<meta property=\"og:image\" content=\"https:\/\/c-hessler.de\/wp-content\/uploads\/2017\/09\/1_an.jpg\" \/>\n\t<meta property=\"og:image:width\" content=\"582\" \/>\n\t<meta property=\"og:image:height\" content=\"542\" \/>\n\t<meta property=\"og:image:type\" content=\"image\/jpeg\" \/>\n<meta name=\"twitter:label1\" content=\"Arvioitu lukuaika\" \/>\n\t<meta name=\"twitter:data1\" content=\"5 minuuttia\" \/>\n<script type=\"application\/ld+json\" class=\"yoast-schema-graph\">{\"@context\":\"https:\\\/\\\/schema.org\",\"@graph\":[{\"@type\":\"WebPage\",\"@id\":\"https:\\\/\\\/c-hessler.de\\\/referenzen\\\/anetsberger-gmbh-schreinerei-holzhandel\\\/\",\"url\":\"https:\\\/\\\/c-hessler.de\\\/referenzen\\\/anetsberger-gmbh-schreinerei-holzhandel\\\/\",\"name\":\"Anetsberger GmbH Schreinerei - Holzhandel - Dr. Christoph He\u00dfler Maschinensysteme\",\"isPartOf\":{\"@id\":\"https:\\\/\\\/c-hessler.de\\\/#website\"},\"primaryImageOfPage\":{\"@id\":\"https:\\\/\\\/c-hessler.de\\\/referenzen\\\/anetsberger-gmbh-schreinerei-holzhandel\\\/#primaryimage\"},\"image\":{\"@id\":\"https:\\\/\\\/c-hessler.de\\\/referenzen\\\/anetsberger-gmbh-schreinerei-holzhandel\\\/#primaryimage\"},\"thumbnailUrl\":\"https:\\\/\\\/c-hessler.de\\\/wp-content\\\/uploads\\\/2017\\\/09\\\/1_an.jpg\",\"datePublished\":\"2015-04-29T07:41:15+00:00\",\"dateModified\":\"2025-12-13T12:33:33+00:00\",\"breadcrumb\":{\"@id\":\"https:\\\/\\\/c-hessler.de\\\/referenzen\\\/anetsberger-gmbh-schreinerei-holzhandel\\\/#breadcrumb\"},\"inLanguage\":\"fi\",\"potentialAction\":[{\"@type\":\"ReadAction\",\"target\":[\"https:\\\/\\\/c-hessler.de\\\/referenzen\\\/anetsberger-gmbh-schreinerei-holzhandel\\\/\"]}]},{\"@type\":\"ImageObject\",\"inLanguage\":\"fi\",\"@id\":\"https:\\\/\\\/c-hessler.de\\\/referenzen\\\/anetsberger-gmbh-schreinerei-holzhandel\\\/#primaryimage\",\"url\":\"https:\\\/\\\/c-hessler.de\\\/wp-content\\\/uploads\\\/2017\\\/09\\\/1_an.jpg\",\"contentUrl\":\"https:\\\/\\\/c-hessler.de\\\/wp-content\\\/uploads\\\/2017\\\/09\\\/1_an.jpg\"},{\"@type\":\"BreadcrumbList\",\"@id\":\"https:\\\/\\\/c-hessler.de\\\/referenzen\\\/anetsberger-gmbh-schreinerei-holzhandel\\\/#breadcrumb\",\"itemListElement\":[{\"@type\":\"ListItem\",\"position\":1,\"name\":\"Referenzen\",\"item\":\"https:\\\/\\\/c-hessler.de\\\/referenzen\\\/\"},{\"@type\":\"ListItem\",\"position\":2,\"name\":\"Anetsberger GmbH Schreinerei &#8211; Holzhandel\"}]},{\"@type\":\"WebSite\",\"@id\":\"https:\\\/\\\/c-hessler.de\\\/#website\",\"url\":\"https:\\\/\\\/c-hessler.de\\\/\",\"name\":\"www.c-hessler.de\",\"description\":\"\",\"publisher\":{\"@id\":\"https:\\\/\\\/c-hessler.de\\\/#organization\"},\"potentialAction\":[{\"@type\":\"SearchAction\",\"target\":{\"@type\":\"EntryPoint\",\"urlTemplate\":\"https:\\\/\\\/c-hessler.de\\\/?s={search_term_string}\"},\"query-input\":{\"@type\":\"PropertyValueSpecification\",\"valueRequired\":true,\"valueName\":\"search_term_string\"}}],\"inLanguage\":\"fi\"},{\"@type\":\"Organization\",\"@id\":\"https:\\\/\\\/c-hessler.de\\\/#organization\",\"name\":\"Dr. Christoph He\u00dfler Maschinensysteme\",\"alternateName\":\"Dr. Christoph He\u00dfler Maschinensysteme\",\"url\":\"https:\\\/\\\/c-hessler.de\\\/\",\"logo\":{\"@type\":\"ImageObject\",\"inLanguage\":\"fi\",\"@id\":\"https:\\\/\\\/c-hessler.de\\\/#\\\/schema\\\/logo\\\/image\\\/\",\"url\":\"https:\\\/\\\/c-hessler.de\\\/wp-content\\\/uploads\\\/2026\\\/02\\\/Draw-03-150312-110115-Ausgeschnitten-I.jpg\",\"contentUrl\":\"https:\\\/\\\/c-hessler.de\\\/wp-content\\\/uploads\\\/2026\\\/02\\\/Draw-03-150312-110115-Ausgeschnitten-I.jpg\",\"width\":445,\"height\":394,\"caption\":\"Dr. Christoph He\u00dfler Maschinensysteme\"},\"image\":{\"@id\":\"https:\\\/\\\/c-hessler.de\\\/#\\\/schema\\\/logo\\\/image\\\/\"},\"sameAs\":[\"https:\\\/\\\/www.facebook.com\\\/DrChristophHesslerMaschinensysteme\\\/\",\"https:\\\/\\\/www.pinterest.de\\\/hesstools\\\/\",\"https:\\\/\\\/www.youtube.com\\\/channel\\\/UCaNnXDGGF_BiYFQZ2kJgi-A?view_as=subscriber\"],\"description\":\"1. Ecken- und Kantenfr\u00e4sen f\u00fcr Tischler und Schreiner, Sonderanfertigungen 2. Auch f\u00fcr die Nachbearbeitung von Eck-Schwei\u00dfn\u00e4hten bei Aluminium-Werkstoffen, f\u00fcr Fahrzeugbauer oder Metallbauer aller Art\",\"email\":\"christoph.hessler@c-hessler.de\",\"telephone\":\"0527413012080\",\"legalName\":\"Dr. Christoph He\u00dfler Maschinensysteme\",\"foundingDate\":\"2003-06-05\",\"vatID\":\"DE230070107\",\"numberOfEmployees\":{\"@type\":\"QuantitativeValue\",\"minValue\":\"1\",\"maxValue\":\"10\"}}]}<\/script>\n<!-- \/ Yoast SEO Premium plugin. -->","yoast_head_json":{"title":"Anetsberger GmbH puusep\u00e4nteollisuus - puukauppa - Dr Christoph He\u00dfler konej\u00e4rjestelm\u00e4t","robots":{"index":"index","follow":"follow","max-snippet":"max-snippet:-1","max-image-preview":"max-image-preview:large","max-video-preview":"max-video-preview:-1"},"canonical":"https:\/\/c-hessler.de\/fi\/viitteet\/anetsberger-gmbh-puusepaenteollisuus-puukauppa\/","og_locale":"fi_FI","og_type":"article","og_title":"Anetsberger GmbH Schreinerei - Holzhandel","og_description":"Anetsberger GmbH Schreinerei &amp; Holzhandel Breiteich 894575 Windorf Tel.: +49 (0) 160 97 32 90 14 Mail: andreas.anetsberger@gmx.deWebsite:\u00a0www.schreinerei-anetsberger.de Herr Anetsbeger beschreibt seine Erfahrungen mit dem Eckenrunder MZ 02 90F, 31. August 2013 Als Jungunternehmen hat nicht jeder das n\u00f6tige Startkapital.\u00a0Um Kosten zu sparen wurde eine \u00fcppige gebrauchte Kantenanleimmaschine\u00a0angeschafft. Diese hat jedoch keinen integrieren Eckkopierer.\u00a0Viele Versuche [&hellip;]","og_url":"https:\/\/c-hessler.de\/fi\/viitteet\/anetsberger-gmbh-puusepaenteollisuus-puukauppa\/","og_site_name":"Dr. Christoph He\u00dfler Maschinensysteme","article_publisher":"https:\/\/www.facebook.com\/DrChristophHesslerMaschinensysteme\/","article_modified_time":"2025-12-13T12:33:33+00:00","og_image":[{"width":582,"height":542,"url":"https:\/\/c-hessler.de\/wp-content\/uploads\/2017\/09\/1_an.jpg","type":"image\/jpeg"}],"twitter_misc":{"Arvioitu lukuaika":"5 minuuttia"},"schema":{"@context":"https:\/\/schema.org","@graph":[{"@type":"WebPage","@id":"https:\/\/c-hessler.de\/referenzen\/anetsberger-gmbh-schreinerei-holzhandel\/","url":"https:\/\/c-hessler.de\/referenzen\/anetsberger-gmbh-schreinerei-holzhandel\/","name":"Anetsberger GmbH puusep\u00e4nteollisuus - puukauppa - Dr Christoph He\u00dfler konej\u00e4rjestelm\u00e4t","isPartOf":{"@id":"https:\/\/c-hessler.de\/#website"},"primaryImageOfPage":{"@id":"https:\/\/c-hessler.de\/referenzen\/anetsberger-gmbh-schreinerei-holzhandel\/#primaryimage"},"image":{"@id":"https:\/\/c-hessler.de\/referenzen\/anetsberger-gmbh-schreinerei-holzhandel\/#primaryimage"},"thumbnailUrl":"https:\/\/c-hessler.de\/wp-content\/uploads\/2017\/09\/1_an.jpg","datePublished":"2015-04-29T07:41:15+00:00","dateModified":"2025-12-13T12:33:33+00:00","breadcrumb":{"@id":"https:\/\/c-hessler.de\/referenzen\/anetsberger-gmbh-schreinerei-holzhandel\/#breadcrumb"},"inLanguage":"fi","potentialAction":[{"@type":"ReadAction","target":["https:\/\/c-hessler.de\/referenzen\/anetsberger-gmbh-schreinerei-holzhandel\/"]}]},{"@type":"ImageObject","inLanguage":"fi","@id":"https:\/\/c-hessler.de\/referenzen\/anetsberger-gmbh-schreinerei-holzhandel\/#primaryimage","url":"https:\/\/c-hessler.de\/wp-content\/uploads\/2017\/09\/1_an.jpg","contentUrl":"https:\/\/c-hessler.de\/wp-content\/uploads\/2017\/09\/1_an.jpg"},{"@type":"BreadcrumbList","@id":"https:\/\/c-hessler.de\/referenzen\/anetsberger-gmbh-schreinerei-holzhandel\/#breadcrumb","itemListElement":[{"@type":"ListItem","position":1,"name":"Referenzen","item":"https:\/\/c-hessler.de\/referenzen\/"},{"@type":"ListItem","position":2,"name":"Anetsberger GmbH Schreinerei &#8211; Holzhandel"}]},{"@type":"WebSite","@id":"https:\/\/c-hessler.de\/#website","url":"https:\/\/c-hessler.de\/","name":"www.c-hessler.de","description":"","publisher":{"@id":"https:\/\/c-hessler.de\/#organization"},"potentialAction":[{"@type":"SearchAction","target":{"@type":"EntryPoint","urlTemplate":"https:\/\/c-hessler.de\/?s={search_term_string}"},"query-input":{"@type":"PropertyValueSpecification","valueRequired":true,"valueName":"search_term_string"}}],"inLanguage":"fi"},{"@type":"Organization","@id":"https:\/\/c-hessler.de\/#organization","name":"Tohtori Christoph He\u00dfler Konej\u00e4rjestelm\u00e4t","alternateName":"Dr. Christoph He\u00dfler Maschinensysteme","url":"https:\/\/c-hessler.de\/","logo":{"@type":"ImageObject","inLanguage":"fi","@id":"https:\/\/c-hessler.de\/#\/schema\/logo\/image\/","url":"https:\/\/c-hessler.de\/wp-content\/uploads\/2026\/02\/Draw-03-150312-110115-Ausgeschnitten-I.jpg","contentUrl":"https:\/\/c-hessler.de\/wp-content\/uploads\/2026\/02\/Draw-03-150312-110115-Ausgeschnitten-I.jpg","width":445,"height":394,"caption":"Dr. Christoph He\u00dfler Maschinensysteme"},"image":{"@id":"https:\/\/c-hessler.de\/#\/schema\/logo\/image\/"},"sameAs":["https:\/\/www.facebook.com\/DrChristophHesslerMaschinensysteme\/","https:\/\/www.pinterest.de\/hesstools\/","https:\/\/www.youtube.com\/channel\/UCaNnXDGGF_BiYFQZ2kJgi-A?view_as=subscriber"],"description":"1. Ecken- und Kantenfr\u00e4sen f\u00fcr Tischler und Schreiner, Sonderanfertigungen 2. Auch f\u00fcr die Nachbearbeitung von Eck-Schwei\u00dfn\u00e4hten bei Aluminium-Werkstoffen, f\u00fcr Fahrzeugbauer oder Metallbauer aller Art","email":"christoph.hessler@c-hessler.de","telephone":"0527413012080","legalName":"Dr. Christoph He\u00dfler Maschinensysteme","foundingDate":"2003-06-05","vatID":"DE230070107","numberOfEmployees":{"@type":"QuantitativeValue","minValue":"1","maxValue":"10"}}]}},"_hostinger_reach_plugin_has_subscription_block":false,"_hostinger_reach_plugin_is_elementor":false,"_links":{"self":[{"href":"https:\/\/c-hessler.de\/fi\/wp-json\/wp\/v2\/pages\/9332","targetHints":{"allow":["GET"]}}],"collection":[{"href":"https:\/\/c-hessler.de\/fi\/wp-json\/wp\/v2\/pages"}],"about":[{"href":"https:\/\/c-hessler.de\/fi\/wp-json\/wp\/v2\/types\/page"}],"author":[{"embeddable":true,"href":"https:\/\/c-hessler.de\/fi\/wp-json\/wp\/v2\/users\/5"}],"replies":[{"embeddable":true,"href":"https:\/\/c-hessler.de\/fi\/wp-json\/wp\/v2\/comments?post=9332"}],"version-history":[{"count":3,"href":"https:\/\/c-hessler.de\/fi\/wp-json\/wp\/v2\/pages\/9332\/revisions"}],"predecessor-version":[{"id":208422,"href":"https:\/\/c-hessler.de\/fi\/wp-json\/wp\/v2\/pages\/9332\/revisions\/208422"}],"up":[{"embeddable":true,"href":"https:\/\/c-hessler.de\/fi\/wp-json\/wp\/v2\/pages\/9218"}],"wp:attachment":[{"href":"https:\/\/c-hessler.de\/fi\/wp-json\/wp\/v2\/media?parent=9332"}],"curies":[{"name":"wp","href":"https:\/\/api.w.org\/{rel}","templated":true}]}}