{"id":9386,"date":"2015-04-29T10:45:39","date_gmt":"2015-04-29T08:45:39","guid":{"rendered":"http:\/\/\/?page_id=9386"},"modified":"2025-12-13T13:25:06","modified_gmt":"2025-12-13T12:25:06","slug":"danform-gmbh-co-kg","status":"publish","type":"page","link":"https:\/\/c-hessler.de\/fi\/referenzen\/danform-gmbh-co-kg\/","title":{"rendered":"DanForm GmbH &amp; Co. KG"},"content":{"rendered":"<div data-elementor-type=\"wp-page\" data-elementor-id=\"9386\" class=\"elementor elementor-9386\" data-elementor-settings=\"{&quot;ha_cmc_init_switcher&quot;:&quot;no&quot;}\" data-elementor-post-type=\"page\">\n\t\t\t\t<div class=\"elementor-element elementor-element-705df599 e-grid e-con-boxed e-con e-parent\" data-id=\"705df599\" data-element_type=\"container\" data-e-type=\"container\" data-settings=\"{&quot;_ha_eqh_enable&quot;:false}\">\n\t\t\t\t\t<div class=\"e-con-inner\">\n\t\t\t\t<div class=\"elementor-element elementor-element-7d57693d elementor-widget elementor-widget-text-editor\" data-id=\"7d57693d\" data-element_type=\"widget\" data-e-type=\"widget\" data-widget_type=\"text-editor.default\">\n\t\t\t\t\t\t\t\t\t<h4 class=\"et_pb_module_header\">DanForm GmbH &amp; Co. KG<\/h4><div class=\"et_pb_blurb_description\"><p>Humboldtstr. 20 A<br \/>31020 Salzhemmendorf<\/p><p>Puhelin: 0 51 86 \/ 94 14 89 - 0<br \/>Faksi: 0 51 86 \/ 94 14 89 -400<\/p><p>Mail: info@danform.de<\/p><p>Verkkosivusto:\u00a0<a href=\"http:\/\/www.danform.de\/startseite.html\">www.danform.de<\/a><\/p><\/div>\t\t\t\t\t\t\t\t<\/div>\n\t\t\t\t<div class=\"elementor-element elementor-element-74246d11 elementor-widget elementor-widget-image\" data-id=\"74246d11\" data-element_type=\"widget\" data-e-type=\"widget\" data-widget_type=\"image.default\">\n\t\t\t\t\t\t\t\t\t\t\t\t\t\t\t<img fetchpriority=\"high\" decoding=\"async\" width=\"360\" height=\"140\" src=\"https:\/\/c-hessler.de\/wp-content\/uploads\/2025\/12\/images.png\" class=\"attachment-full size-full wp-image-208401\" alt=\"\" srcset=\"https:\/\/c-hessler.de\/wp-content\/uploads\/2025\/12\/images.png 360w, https:\/\/c-hessler.de\/wp-content\/uploads\/2025\/12\/images-300x117.png 300w, https:\/\/c-hessler.de\/wp-content\/uploads\/2025\/12\/images-18x7.png 18w, https:\/\/c-hessler.de\/wp-content\/uploads\/2025\/12\/images-150x58.png 150w\" sizes=\"(max-width: 360px) 100vw, 360px\" \/>\t\t\t\t\t\t\t\t\t\t\t\t\t\t\t<\/div>\n\t\t\t\t\t<\/div>\n\t\t\t\t<\/div>\n\t\t<div class=\"elementor-element elementor-element-f8613e9 e-flex e-con-boxed e-con e-parent\" data-id=\"f8613e9\" data-element_type=\"container\" data-e-type=\"container\" data-settings=\"{&quot;_ha_eqh_enable&quot;:false}\">\n\t\t\t\t\t<div class=\"e-con-inner\">\n\t\t\t\t<div class=\"elementor-element elementor-element-2121fe30 elementor-widget-divider--view-line elementor-widget elementor-widget-divider\" data-id=\"2121fe30\" data-element_type=\"widget\" data-e-type=\"widget\" data-widget_type=\"divider.default\">\n\t\t\t\t\t\t\t<div class=\"elementor-divider\">\n\t\t\t<span class=\"elementor-divider-separator\">\n\t\t\t\t\t\t<\/span>\n\t\t<\/div>\n\t\t\t\t\t\t<\/div>\n\t\t\t\t\t<\/div>\n\t\t\t\t<\/div>\n\t\t<div class=\"elementor-element elementor-element-f08a88a e-flex e-con-boxed e-con e-parent\" data-id=\"f08a88a\" data-element_type=\"container\" data-e-type=\"container\" data-settings=\"{&quot;_ha_eqh_enable&quot;:false}\">\n\t\t\t\t\t<div class=\"e-con-inner\">\n\t\t\t\t<div class=\"elementor-element elementor-element-277fe70e elementor-widget elementor-widget-text-editor\" data-id=\"277fe70e\" data-element_type=\"widget\" data-e-type=\"widget\" data-widget_type=\"text-editor.default\">\n\t\t\t\t\t\t\t\t\t<div class=\"et_pb_row et_pb_row_3\"><div class=\"et_pb_column et_pb_column_4_4 et_pb_column_3  et_pb_css_mix_blend_mode_passthrough et-last-child\"><div class=\"et_pb_module et_pb_blurb et_pb_blurb_1  et_pb_text_align_left  et_pb_blurb_position_top et_pb_bg_layout_light\"><div class=\"et_pb_blurb_content\"><div class=\"et_pb_blurb_container\"><h4 class=\"et_pb_module_header\">Kaiken kulman tasajyrsin MZ 100 160V<\/h4><\/div><\/div><\/div><\/div><\/div><div class=\"et_pb_row et_pb_row_4\"><div class=\"et_pb_column et_pb_column_1_2 et_pb_column_4  et_pb_css_mix_blend_mode_passthrough\">\u00a0<\/div><\/div>\t\t\t\t\t\t\t\t<\/div>\n\t\t\t\t\t<\/div>\n\t\t\t\t<\/div>\n\t\t<div class=\"elementor-element elementor-element-5f194f3 e-flex e-con-boxed e-con e-parent\" data-id=\"5f194f3\" data-element_type=\"container\" data-e-type=\"container\" data-settings=\"{&quot;_ha_eqh_enable&quot;:false}\">\n\t\t\t\t\t<div class=\"e-con-inner\">\n\t\t\t\t<div class=\"elementor-element elementor-element-2a379f45 elementor-widget elementor-widget-image-carousel\" data-id=\"2a379f45\" data-element_type=\"widget\" data-e-type=\"widget\" data-settings=\"{&quot;slides_to_show&quot;:&quot;2&quot;,&quot;navigation&quot;:&quot;none&quot;,&quot;autoplay&quot;:&quot;yes&quot;,&quot;pause_on_hover&quot;:&quot;yes&quot;,&quot;pause_on_interaction&quot;:&quot;yes&quot;,&quot;autoplay_speed&quot;:5000,&quot;infinite&quot;:&quot;yes&quot;,&quot;speed&quot;:500}\" data-widget_type=\"image-carousel.default\">\n\t\t\t\t\t\t\t<div class=\"elementor-image-carousel-wrapper swiper\" role=\"region\" aria-roledescription=\"carousel\" aria-label=\"Kuvakaruselli\" dir=\"ltr\">\n\t\t\t<div class=\"elementor-image-carousel swiper-wrapper swiper-image-stretch\" aria-live=\"off\">\n\t\t\t\t\t\t\t\t<div class=\"swiper-slide\" role=\"group\" aria-roledescription=\"slide\" aria-label=\"1 sur 2\" data-no-translation-aria-label=\"\"><a data-elementor-open-lightbox=\"yes\" data-elementor-lightbox-slideshow=\"2a379f45\" data-elementor-lightbox-title=\"13844d6d378-300x200\" data-e-action-hash=\"#elementor-action%3Aaction%3Dlightbox%26settings%3DeyJpZCI6MTAyNTksInVybCI6Imh0dHBzOlwvXC9jLWhlc3NsZXIuZGVcL3dwLWNvbnRlbnRcL3VwbG9hZHNcLzIwMTZcLzAyXC8xMzg0NGQ2ZDM3OC0zMDB4MjAwLmpwZyIsInNsaWRlc2hvdyI6IjJhMzc5ZjQ1In0%3D\" href=\"https:\/\/c-hessler.de\/wp-content\/uploads\/2016\/02\/13844d6d378-300x200.jpg\"><figure class=\"swiper-slide-inner\"><img decoding=\"async\" class=\"swiper-slide-image\" src=\"https:\/\/c-hessler.de\/wp-content\/uploads\/2016\/02\/13844d6d378-300x200-150x150.jpg\" alt=\"13844d6d378-300x200\" \/><\/figure><\/a><\/div><div class=\"swiper-slide\" role=\"group\" aria-roledescription=\"slide\" aria-label=\"2 sur 2\" data-no-translation-aria-label=\"\"><a data-elementor-open-lightbox=\"yes\" data-elementor-lightbox-slideshow=\"2a379f45\" data-elementor-lightbox-title=\"13844d7e6b7-300x200\" data-e-action-hash=\"#elementor-action%3Aaction%3Dlightbox%26settings%3DeyJpZCI6MTAyNTgsInVybCI6Imh0dHBzOlwvXC9jLWhlc3NsZXIuZGVcL3dwLWNvbnRlbnRcL3VwbG9hZHNcLzIwMTZcLzAyXC8xMzg0NGQ3ZTZiNy0zMDB4MjAwLmpwZyIsInNsaWRlc2hvdyI6IjJhMzc5ZjQ1In0%3D\" href=\"https:\/\/c-hessler.de\/wp-content\/uploads\/2016\/02\/13844d7e6b7-300x200.jpg\"><figure class=\"swiper-slide-inner\"><img decoding=\"async\" class=\"swiper-slide-image\" src=\"https:\/\/c-hessler.de\/wp-content\/uploads\/2016\/02\/13844d7e6b7-300x200-150x150.jpg\" alt=\"13844d7e6b7-300x200\" \/><\/figure><\/a><\/div>\t\t\t<\/div>\n\t\t\t\t\t\t\t\n\t\t\t\t\t\t\t\t\t<\/div>\n\t\t\t\t\t\t<\/div>\n\t\t\t\t\t<\/div>\n\t\t\t\t<\/div>\n\t\t\t\t<\/div>","protected":false},"excerpt":{"rendered":"<p>DanForm GmbH &amp; Co. KG Humboldtstr. 20 A31020 Salzhemmendorf Tel.: 0 51 86 \/ 94 14 89 \u2013 0Fax: 0 51 86 \/ 94 14 89 -400 Mail: info@danform.de Website:\u00a0www.danform.de Allwinkel-B\u00fcndigfr\u00e4ser MZ 100 160V \u00a0<\/p>","protected":false},"author":5,"featured_media":0,"parent":9218,"menu_order":0,"comment_status":"closed","ping_status":"closed","template":"elementor_header_footer","meta":{"footnotes":""},"class_list":["post-9386","page","type-page","status-publish","hentry"],"yoast_head":"<!-- This site is optimized with the Yoast SEO Premium plugin v27.0 (Yoast SEO v27.3) - https:\/\/yoast.com\/product\/yoast-seo-premium-wordpress\/ -->\n<title>DanForm GmbH &amp; Co. KG - Dr. Christoph He\u00dfler Maschinensysteme<\/title>\n<meta name=\"robots\" content=\"index, follow, max-snippet:-1, max-image-preview:large, max-video-preview:-1\" \/>\n<link rel=\"canonical\" href=\"https:\/\/c-hessler.de\/fi\/viitteet\/danform-gmbh-co-kg\/\" \/>\n<meta property=\"og:locale\" content=\"fi_FI\" \/>\n<meta property=\"og:type\" content=\"article\" \/>\n<meta property=\"og:title\" content=\"DanForm GmbH &amp; Co. KG\" \/>\n<meta property=\"og:description\" content=\"DanForm GmbH &amp; Co. KG Humboldtstr. 20 A31020 Salzhemmendorf Tel.: 0 51 86 \/ 94 14 89 \u2013 0Fax: 0 51 86 \/ 94 14 89 -400 Mail: info@danform.de Website:\u00a0www.danform.de Allwinkel-B\u00fcndigfr\u00e4ser MZ 100 160V \u00a0\" \/>\n<meta property=\"og:url\" content=\"https:\/\/c-hessler.de\/fi\/viitteet\/danform-gmbh-co-kg\/\" \/>\n<meta property=\"og:site_name\" content=\"Dr. Christoph He\u00dfler Maschinensysteme\" \/>\n<meta property=\"article:publisher\" content=\"https:\/\/www.facebook.com\/DrChristophHesslerMaschinensysteme\/\" \/>\n<meta property=\"article:modified_time\" content=\"2025-12-13T12:25:06+00:00\" \/>\n<meta property=\"og:image\" content=\"https:\/\/c-hessler.de\/wp-content\/uploads\/2025\/12\/images.png\" \/>\n\t<meta property=\"og:image:width\" content=\"360\" \/>\n\t<meta property=\"og:image:height\" content=\"140\" \/>\n\t<meta property=\"og:image:type\" content=\"image\/png\" \/>\n<meta name=\"twitter:label1\" content=\"Arvioitu lukuaika\" \/>\n\t<meta name=\"twitter:data1\" content=\"2 minuuttia\" \/>\n<script type=\"application\/ld+json\" class=\"yoast-schema-graph\">{\"@context\":\"https:\\\/\\\/schema.org\",\"@graph\":[{\"@type\":\"WebPage\",\"@id\":\"https:\\\/\\\/c-hessler.de\\\/referenzen\\\/danform-gmbh-co-kg\\\/\",\"url\":\"https:\\\/\\\/c-hessler.de\\\/referenzen\\\/danform-gmbh-co-kg\\\/\",\"name\":\"DanForm GmbH & Co. KG - Dr. Christoph He\u00dfler Maschinensysteme\",\"isPartOf\":{\"@id\":\"https:\\\/\\\/c-hessler.de\\\/#website\"},\"primaryImageOfPage\":{\"@id\":\"https:\\\/\\\/c-hessler.de\\\/referenzen\\\/danform-gmbh-co-kg\\\/#primaryimage\"},\"image\":{\"@id\":\"https:\\\/\\\/c-hessler.de\\\/referenzen\\\/danform-gmbh-co-kg\\\/#primaryimage\"},\"thumbnailUrl\":\"https:\\\/\\\/c-hessler.de\\\/wp-content\\\/uploads\\\/2025\\\/12\\\/images.png\",\"datePublished\":\"2015-04-29T08:45:39+00:00\",\"dateModified\":\"2025-12-13T12:25:06+00:00\",\"breadcrumb\":{\"@id\":\"https:\\\/\\\/c-hessler.de\\\/referenzen\\\/danform-gmbh-co-kg\\\/#breadcrumb\"},\"inLanguage\":\"fi\",\"potentialAction\":[{\"@type\":\"ReadAction\",\"target\":[\"https:\\\/\\\/c-hessler.de\\\/referenzen\\\/danform-gmbh-co-kg\\\/\"]}]},{\"@type\":\"ImageObject\",\"inLanguage\":\"fi\",\"@id\":\"https:\\\/\\\/c-hessler.de\\\/referenzen\\\/danform-gmbh-co-kg\\\/#primaryimage\",\"url\":\"https:\\\/\\\/c-hessler.de\\\/wp-content\\\/uploads\\\/2025\\\/12\\\/images.png\",\"contentUrl\":\"https:\\\/\\\/c-hessler.de\\\/wp-content\\\/uploads\\\/2025\\\/12\\\/images.png\"},{\"@type\":\"BreadcrumbList\",\"@id\":\"https:\\\/\\\/c-hessler.de\\\/referenzen\\\/danform-gmbh-co-kg\\\/#breadcrumb\",\"itemListElement\":[{\"@type\":\"ListItem\",\"position\":1,\"name\":\"Referenzen\",\"item\":\"https:\\\/\\\/c-hessler.de\\\/referenzen\\\/\"},{\"@type\":\"ListItem\",\"position\":2,\"name\":\"DanForm GmbH &#038; Co. KG\"}]},{\"@type\":\"WebSite\",\"@id\":\"https:\\\/\\\/c-hessler.de\\\/#website\",\"url\":\"https:\\\/\\\/c-hessler.de\\\/\",\"name\":\"www.c-hessler.de\",\"description\":\"\",\"publisher\":{\"@id\":\"https:\\\/\\\/c-hessler.de\\\/#organization\"},\"potentialAction\":[{\"@type\":\"SearchAction\",\"target\":{\"@type\":\"EntryPoint\",\"urlTemplate\":\"https:\\\/\\\/c-hessler.de\\\/?s={search_term_string}\"},\"query-input\":{\"@type\":\"PropertyValueSpecification\",\"valueRequired\":true,\"valueName\":\"search_term_string\"}}],\"inLanguage\":\"fi\"},{\"@type\":\"Organization\",\"@id\":\"https:\\\/\\\/c-hessler.de\\\/#organization\",\"name\":\"Dr. Christoph He\u00dfler Maschinensysteme\",\"alternateName\":\"Dr. Christoph He\u00dfler Maschinensysteme\",\"url\":\"https:\\\/\\\/c-hessler.de\\\/\",\"logo\":{\"@type\":\"ImageObject\",\"inLanguage\":\"fi\",\"@id\":\"https:\\\/\\\/c-hessler.de\\\/#\\\/schema\\\/logo\\\/image\\\/\",\"url\":\"https:\\\/\\\/c-hessler.de\\\/wp-content\\\/uploads\\\/2026\\\/02\\\/Draw-03-150312-110115-Ausgeschnitten-I.jpg\",\"contentUrl\":\"https:\\\/\\\/c-hessler.de\\\/wp-content\\\/uploads\\\/2026\\\/02\\\/Draw-03-150312-110115-Ausgeschnitten-I.jpg\",\"width\":445,\"height\":394,\"caption\":\"Dr. Christoph He\u00dfler Maschinensysteme\"},\"image\":{\"@id\":\"https:\\\/\\\/c-hessler.de\\\/#\\\/schema\\\/logo\\\/image\\\/\"},\"sameAs\":[\"https:\\\/\\\/www.facebook.com\\\/DrChristophHesslerMaschinensysteme\\\/\",\"https:\\\/\\\/www.pinterest.de\\\/hesstools\\\/\",\"https:\\\/\\\/www.youtube.com\\\/channel\\\/UCaNnXDGGF_BiYFQZ2kJgi-A?view_as=subscriber\"],\"description\":\"1. Ecken- und Kantenfr\u00e4sen f\u00fcr Tischler und Schreiner, Sonderanfertigungen 2. Auch f\u00fcr die Nachbearbeitung von Eck-Schwei\u00dfn\u00e4hten bei Aluminium-Werkstoffen, f\u00fcr Fahrzeugbauer oder Metallbauer aller Art\",\"email\":\"christoph.hessler@c-hessler.de\",\"telephone\":\"0527413012080\",\"legalName\":\"Dr. Christoph He\u00dfler Maschinensysteme\",\"foundingDate\":\"2003-06-05\",\"vatID\":\"DE230070107\",\"numberOfEmployees\":{\"@type\":\"QuantitativeValue\",\"minValue\":\"1\",\"maxValue\":\"10\"}}]}<\/script>\n<!-- \/ Yoast SEO Premium plugin. -->","yoast_head_json":{"title":"DanForm GmbH &amp; Co. KG - Dr. Christoph He\u00dfler Machine Systems","robots":{"index":"index","follow":"follow","max-snippet":"max-snippet:-1","max-image-preview":"max-image-preview:large","max-video-preview":"max-video-preview:-1"},"canonical":"https:\/\/c-hessler.de\/fi\/viitteet\/danform-gmbh-co-kg\/","og_locale":"fi_FI","og_type":"article","og_title":"DanForm GmbH & Co. KG","og_description":"DanForm GmbH &amp; Co. KG Humboldtstr. 20 A31020 Salzhemmendorf Tel.: 0 51 86 \/ 94 14 89 \u2013 0Fax: 0 51 86 \/ 94 14 89 -400 Mail: info@danform.de Website:\u00a0www.danform.de Allwinkel-B\u00fcndigfr\u00e4ser MZ 100 160V \u00a0","og_url":"https:\/\/c-hessler.de\/fi\/viitteet\/danform-gmbh-co-kg\/","og_site_name":"Dr. Christoph He\u00dfler Maschinensysteme","article_publisher":"https:\/\/www.facebook.com\/DrChristophHesslerMaschinensysteme\/","article_modified_time":"2025-12-13T12:25:06+00:00","og_image":[{"width":360,"height":140,"url":"https:\/\/c-hessler.de\/wp-content\/uploads\/2025\/12\/images.png","type":"image\/png"}],"twitter_misc":{"Arvioitu lukuaika":"2 minuuttia"},"schema":{"@context":"https:\/\/schema.org","@graph":[{"@type":"WebPage","@id":"https:\/\/c-hessler.de\/referenzen\/danform-gmbh-co-kg\/","url":"https:\/\/c-hessler.de\/referenzen\/danform-gmbh-co-kg\/","name":"DanForm GmbH &amp; Co. KG - Dr. Christoph He\u00dfler Machine Systems","isPartOf":{"@id":"https:\/\/c-hessler.de\/#website"},"primaryImageOfPage":{"@id":"https:\/\/c-hessler.de\/referenzen\/danform-gmbh-co-kg\/#primaryimage"},"image":{"@id":"https:\/\/c-hessler.de\/referenzen\/danform-gmbh-co-kg\/#primaryimage"},"thumbnailUrl":"https:\/\/c-hessler.de\/wp-content\/uploads\/2025\/12\/images.png","datePublished":"2015-04-29T08:45:39+00:00","dateModified":"2025-12-13T12:25:06+00:00","breadcrumb":{"@id":"https:\/\/c-hessler.de\/referenzen\/danform-gmbh-co-kg\/#breadcrumb"},"inLanguage":"fi","potentialAction":[{"@type":"ReadAction","target":["https:\/\/c-hessler.de\/referenzen\/danform-gmbh-co-kg\/"]}]},{"@type":"ImageObject","inLanguage":"fi","@id":"https:\/\/c-hessler.de\/referenzen\/danform-gmbh-co-kg\/#primaryimage","url":"https:\/\/c-hessler.de\/wp-content\/uploads\/2025\/12\/images.png","contentUrl":"https:\/\/c-hessler.de\/wp-content\/uploads\/2025\/12\/images.png"},{"@type":"BreadcrumbList","@id":"https:\/\/c-hessler.de\/referenzen\/danform-gmbh-co-kg\/#breadcrumb","itemListElement":[{"@type":"ListItem","position":1,"name":"Referenzen","item":"https:\/\/c-hessler.de\/referenzen\/"},{"@type":"ListItem","position":2,"name":"DanForm GmbH &#038; Co. KG"}]},{"@type":"WebSite","@id":"https:\/\/c-hessler.de\/#website","url":"https:\/\/c-hessler.de\/","name":"www.c-hessler.de","description":"","publisher":{"@id":"https:\/\/c-hessler.de\/#organization"},"potentialAction":[{"@type":"SearchAction","target":{"@type":"EntryPoint","urlTemplate":"https:\/\/c-hessler.de\/?s={search_term_string}"},"query-input":{"@type":"PropertyValueSpecification","valueRequired":true,"valueName":"search_term_string"}}],"inLanguage":"fi"},{"@type":"Organization","@id":"https:\/\/c-hessler.de\/#organization","name":"Tohtori Christoph He\u00dfler Konej\u00e4rjestelm\u00e4t","alternateName":"Dr. Christoph He\u00dfler Maschinensysteme","url":"https:\/\/c-hessler.de\/","logo":{"@type":"ImageObject","inLanguage":"fi","@id":"https:\/\/c-hessler.de\/#\/schema\/logo\/image\/","url":"https:\/\/c-hessler.de\/wp-content\/uploads\/2026\/02\/Draw-03-150312-110115-Ausgeschnitten-I.jpg","contentUrl":"https:\/\/c-hessler.de\/wp-content\/uploads\/2026\/02\/Draw-03-150312-110115-Ausgeschnitten-I.jpg","width":445,"height":394,"caption":"Dr. Christoph He\u00dfler Maschinensysteme"},"image":{"@id":"https:\/\/c-hessler.de\/#\/schema\/logo\/image\/"},"sameAs":["https:\/\/www.facebook.com\/DrChristophHesslerMaschinensysteme\/","https:\/\/www.pinterest.de\/hesstools\/","https:\/\/www.youtube.com\/channel\/UCaNnXDGGF_BiYFQZ2kJgi-A?view_as=subscriber"],"description":"1. Ecken- und Kantenfr\u00e4sen f\u00fcr Tischler und Schreiner, Sonderanfertigungen 2. Auch f\u00fcr die Nachbearbeitung von Eck-Schwei\u00dfn\u00e4hten bei Aluminium-Werkstoffen, f\u00fcr Fahrzeugbauer oder Metallbauer aller Art","email":"christoph.hessler@c-hessler.de","telephone":"0527413012080","legalName":"Dr. Christoph He\u00dfler Maschinensysteme","foundingDate":"2003-06-05","vatID":"DE230070107","numberOfEmployees":{"@type":"QuantitativeValue","minValue":"1","maxValue":"10"}}]}},"_hostinger_reach_plugin_has_subscription_block":false,"_hostinger_reach_plugin_is_elementor":false,"_links":{"self":[{"href":"https:\/\/c-hessler.de\/fi\/wp-json\/wp\/v2\/pages\/9386","targetHints":{"allow":["GET"]}}],"collection":[{"href":"https:\/\/c-hessler.de\/fi\/wp-json\/wp\/v2\/pages"}],"about":[{"href":"https:\/\/c-hessler.de\/fi\/wp-json\/wp\/v2\/types\/page"}],"author":[{"embeddable":true,"href":"https:\/\/c-hessler.de\/fi\/wp-json\/wp\/v2\/users\/5"}],"replies":[{"embeddable":true,"href":"https:\/\/c-hessler.de\/fi\/wp-json\/wp\/v2\/comments?post=9386"}],"version-history":[{"count":3,"href":"https:\/\/c-hessler.de\/fi\/wp-json\/wp\/v2\/pages\/9386\/revisions"}],"predecessor-version":[{"id":208404,"href":"https:\/\/c-hessler.de\/fi\/wp-json\/wp\/v2\/pages\/9386\/revisions\/208404"}],"up":[{"embeddable":true,"href":"https:\/\/c-hessler.de\/fi\/wp-json\/wp\/v2\/pages\/9218"}],"wp:attachment":[{"href":"https:\/\/c-hessler.de\/fi\/wp-json\/wp\/v2\/media?parent=9386"}],"curies":[{"name":"wp","href":"https:\/\/api.w.org\/{rel}","templated":true}]}}