{"id":9400,"date":"2015-04-29T11:40:55","date_gmt":"2015-04-29T09:40:55","guid":{"rendered":"http:\/\/\/?page_id=9400"},"modified":"2025-12-13T13:11:44","modified_gmt":"2025-12-13T12:11:44","slug":"puusepaenteollisuus-asenkerschbaumer","status":"publish","type":"page","link":"https:\/\/c-hessler.de\/fi\/referenzen\/schreinerei-asenkerschbaumer\/","title":{"rendered":"Puusep\u00e4nteollisuus Asenkerschbaumer"},"content":{"rendered":"<div data-elementor-type=\"wp-page\" data-elementor-id=\"9400\" class=\"elementor elementor-9400\" data-elementor-settings=\"{&quot;ha_cmc_init_switcher&quot;:&quot;no&quot;}\" data-elementor-post-type=\"page\">\n\t\t\t\t<div class=\"elementor-element elementor-element-25407280 e-grid e-con-boxed e-con e-parent\" data-id=\"25407280\" data-element_type=\"container\" data-e-type=\"container\" data-settings=\"{&quot;_ha_eqh_enable&quot;:false}\">\n\t\t\t\t\t<div class=\"e-con-inner\">\n\t\t\t\t<div class=\"elementor-element elementor-element-542894b0 elementor-widget elementor-widget-text-editor\" data-id=\"542894b0\" data-element_type=\"widget\" data-e-type=\"widget\" data-widget_type=\"text-editor.default\">\n\t\t\t\t\t\t\t\t\t<h4>Puusep\u00e4nteollisuus Asenkerschbaumer<\/h4><p>Waldstrasse 28<br \/>4529 Tittmoning-Asten<\/p><p>Puhelin: +49 (8683) 89 88 20.<br \/>Faksi: +49 (8683) 89 88 25.<\/p><p>Posti:\u00a0<a>service@asenkerschbaumer.de<\/a><\/p><p>Verkkosivusto:\u00a0<a href=\"http:\/\/www.ase-wohnkultur.de\/\">www.ase-wohnkultur.de<\/a><\/p>\t\t\t\t\t\t\t\t<\/div>\n\t\t\t\t<div class=\"elementor-element elementor-element-601b875b elementor-widget elementor-widget-image\" data-id=\"601b875b\" data-element_type=\"widget\" data-e-type=\"widget\" data-widget_type=\"image.default\">\n\t\t\t\t\t\t\t\t\t\t\t\t\t\t\t<img fetchpriority=\"high\" decoding=\"async\" width=\"2560\" height=\"1454\" src=\"https:\/\/c-hessler.de\/wp-content\/uploads\/2025\/12\/6e1ce505-9e23-4a13-a7ed-b00a6f8ffa89-scaled.png\" class=\"attachment-full size-full wp-image-208383\" alt=\"\" srcset=\"https:\/\/c-hessler.de\/wp-content\/uploads\/2025\/12\/6e1ce505-9e23-4a13-a7ed-b00a6f8ffa89-scaled.png 2560w, https:\/\/c-hessler.de\/wp-content\/uploads\/2025\/12\/6e1ce505-9e23-4a13-a7ed-b00a6f8ffa89-300x170.png 300w, https:\/\/c-hessler.de\/wp-content\/uploads\/2025\/12\/6e1ce505-9e23-4a13-a7ed-b00a6f8ffa89-1024x582.png 1024w, https:\/\/c-hessler.de\/wp-content\/uploads\/2025\/12\/6e1ce505-9e23-4a13-a7ed-b00a6f8ffa89-768x436.png 768w, https:\/\/c-hessler.de\/wp-content\/uploads\/2025\/12\/6e1ce505-9e23-4a13-a7ed-b00a6f8ffa89-1536x872.png 1536w, https:\/\/c-hessler.de\/wp-content\/uploads\/2025\/12\/6e1ce505-9e23-4a13-a7ed-b00a6f8ffa89-2048x1163.png 2048w, https:\/\/c-hessler.de\/wp-content\/uploads\/2025\/12\/6e1ce505-9e23-4a13-a7ed-b00a6f8ffa89-18x10.png 18w, https:\/\/c-hessler.de\/wp-content\/uploads\/2025\/12\/6e1ce505-9e23-4a13-a7ed-b00a6f8ffa89-990x562.png 990w, https:\/\/c-hessler.de\/wp-content\/uploads\/2025\/12\/6e1ce505-9e23-4a13-a7ed-b00a6f8ffa89-441x250.png 441w, https:\/\/c-hessler.de\/wp-content\/uploads\/2025\/12\/6e1ce505-9e23-4a13-a7ed-b00a6f8ffa89-800x454.png 800w, https:\/\/c-hessler.de\/wp-content\/uploads\/2025\/12\/6e1ce505-9e23-4a13-a7ed-b00a6f8ffa89-150x85.png 150w\" sizes=\"(max-width: 2560px) 100vw, 2560px\" \/>\t\t\t\t\t\t\t\t\t\t\t\t\t\t\t<\/div>\n\t\t\t\t\t<\/div>\n\t\t\t\t<\/div>\n\t\t<div class=\"elementor-element elementor-element-677f612 e-flex e-con-boxed e-con e-parent\" data-id=\"677f612\" data-element_type=\"container\" data-e-type=\"container\" data-settings=\"{&quot;_ha_eqh_enable&quot;:false}\">\n\t\t\t\t\t<div class=\"e-con-inner\">\n\t\t\t\t<div class=\"elementor-element elementor-element-1992e2a5 elementor-widget-divider--view-line elementor-widget elementor-widget-divider\" data-id=\"1992e2a5\" data-element_type=\"widget\" data-e-type=\"widget\" data-widget_type=\"divider.default\">\n\t\t\t\t\t\t\t<div class=\"elementor-divider\">\n\t\t\t<span class=\"elementor-divider-separator\">\n\t\t\t\t\t\t<\/span>\n\t\t<\/div>\n\t\t\t\t\t\t<\/div>\n\t\t\t\t\t<\/div>\n\t\t\t\t<\/div>\n\t\t<div class=\"elementor-element elementor-element-5111d7a7 e-flex e-con-boxed e-con e-parent\" data-id=\"5111d7a7\" data-element_type=\"container\" data-e-type=\"container\" data-settings=\"{&quot;_ha_eqh_enable&quot;:false}\">\n\t\t\t\t\t<div class=\"e-con-inner\">\n\t\t\t\t<div class=\"elementor-element elementor-element-2657ed3d elementor-widget elementor-widget-text-editor\" data-id=\"2657ed3d\" data-element_type=\"widget\" data-e-type=\"widget\" data-widget_type=\"text-editor.default\">\n\t\t\t\t\t\t\t\t\t<div class=\"et_pb_row et_pb_row_2\"><div class=\"et_pb_column et_pb_column_4_4 et_pb_column_3  et_pb_css_mix_blend_mode_passthrough et-last-child\"><div class=\"et_pb_module et_pb_text et_pb_text_0  et_pb_text_align_left et_pb_bg_layout_light\"><div class=\"et_pb_text_inner\"><h4>Leikkuri MZ 02 90F A<\/h4><\/div><\/div><\/div><\/div>\t\t\t\t\t\t\t\t<\/div>\n\t\t\t\t\t<\/div>\n\t\t\t\t<\/div>\n\t\t<div class=\"elementor-element elementor-element-6b86e375 e-flex e-con-boxed e-con e-parent\" data-id=\"6b86e375\" data-element_type=\"container\" data-e-type=\"container\" data-settings=\"{&quot;_ha_eqh_enable&quot;:false}\">\n\t\t\t\t\t<div class=\"e-con-inner\">\n\t\t\t\t<div class=\"elementor-element elementor-element-5c13e2f5 elementor-widget elementor-widget-image-carousel\" data-id=\"5c13e2f5\" data-element_type=\"widget\" data-e-type=\"widget\" data-settings=\"{&quot;slides_to_show&quot;:&quot;4&quot;,&quot;navigation&quot;:&quot;none&quot;,&quot;autoplay&quot;:&quot;yes&quot;,&quot;pause_on_hover&quot;:&quot;yes&quot;,&quot;pause_on_interaction&quot;:&quot;yes&quot;,&quot;autoplay_speed&quot;:5000,&quot;infinite&quot;:&quot;yes&quot;,&quot;speed&quot;:500}\" data-widget_type=\"image-carousel.default\">\n\t\t\t\t\t\t\t<div class=\"elementor-image-carousel-wrapper swiper\" role=\"region\" aria-roledescription=\"carousel\" aria-label=\"Kuvakaruselli\" dir=\"ltr\">\n\t\t\t<div class=\"elementor-image-carousel swiper-wrapper swiper-image-stretch\" aria-live=\"off\">\n\t\t\t\t\t\t\t\t<div class=\"swiper-slide\" role=\"group\" aria-roledescription=\"slide\" aria-label=\"1 of 3\" data-no-translation-aria-label=\"\"><a data-elementor-open-lightbox=\"yes\" data-elementor-lightbox-slideshow=\"5c13e2f5\" data-elementor-lightbox-title=\"13844f4c746-300x200\" data-e-action-hash=\"#elementor-action%3Aaction%3Dlightbox%26settings%3DeyJpZCI6MTAyNDksInVybCI6Imh0dHBzOlwvXC9jLWhlc3NsZXIuZGVcL3dwLWNvbnRlbnRcL3VwbG9hZHNcLzIwMTZcLzAyXC8xMzg0NGY0Yzc0Ni0zMDB4MjAwLmpwZyIsInNsaWRlc2hvdyI6IjVjMTNlMmY1In0%3D\" href=\"https:\/\/c-hessler.de\/wp-content\/uploads\/2016\/02\/13844f4c746-300x200.jpg\"><figure class=\"swiper-slide-inner\"><img decoding=\"async\" class=\"swiper-slide-image\" src=\"https:\/\/c-hessler.de\/wp-content\/uploads\/2016\/02\/13844f4c746-300x200-150x150.jpg\" alt=\"13844f4c746-300x200\" \/><\/figure><\/a><\/div><div class=\"swiper-slide\" role=\"group\" aria-roledescription=\"slide\" aria-label=\"2 of 3\" data-no-translation-aria-label=\"\"><a data-elementor-open-lightbox=\"yes\" data-elementor-lightbox-slideshow=\"5c13e2f5\" data-elementor-lightbox-title=\"13844f7b6a2-300x200\" data-e-action-hash=\"#elementor-action%3Aaction%3Dlightbox%26settings%3DeyJpZCI6MTAyNDgsInVybCI6Imh0dHBzOlwvXC9jLWhlc3NsZXIuZGVcL3dwLWNvbnRlbnRcL3VwbG9hZHNcLzIwMTZcLzAyXC8xMzg0NGY3YjZhMi0zMDB4MjAwLmpwZyIsInNsaWRlc2hvdyI6IjVjMTNlMmY1In0%3D\" href=\"https:\/\/c-hessler.de\/wp-content\/uploads\/2016\/02\/13844f7b6a2-300x200.jpg\"><figure class=\"swiper-slide-inner\"><img decoding=\"async\" class=\"swiper-slide-image\" src=\"https:\/\/c-hessler.de\/wp-content\/uploads\/2016\/02\/13844f7b6a2-300x200-150x150.jpg\" alt=\"13844f7b6a2-300x200\" \/><\/figure><\/a><\/div><div class=\"swiper-slide\" role=\"group\" aria-roledescription=\"slide\" aria-label=\"3 of 3\" data-no-translation-aria-label=\"\"><a data-elementor-open-lightbox=\"yes\" data-elementor-lightbox-slideshow=\"5c13e2f5\" data-elementor-lightbox-title=\"13844f8d970-300x200\" data-e-action-hash=\"#elementor-action%3Aaction%3Dlightbox%26settings%3DeyJpZCI6MTAyNDYsInVybCI6Imh0dHBzOlwvXC9jLWhlc3NsZXIuZGVcL3dwLWNvbnRlbnRcL3VwbG9hZHNcLzIwMTZcLzAyXC8xMzg0NGY4ZDk3MC0zMDB4MjAwLmpwZyIsInNsaWRlc2hvdyI6IjVjMTNlMmY1In0%3D\" href=\"https:\/\/c-hessler.de\/wp-content\/uploads\/2016\/02\/13844f8d970-300x200.jpg\"><figure class=\"swiper-slide-inner\"><img decoding=\"async\" class=\"swiper-slide-image\" src=\"https:\/\/c-hessler.de\/wp-content\/uploads\/2016\/02\/13844f8d970-300x200-150x150.jpg\" alt=\"13844f8d970-300x200\" \/><\/figure><\/a><\/div>\t\t\t<\/div>\n\t\t\t\t\t\t\t\n\t\t\t\t\t\t\t\t\t<\/div>\n\t\t\t\t\t\t<\/div>\n\t\t\t\t\t<\/div>\n\t\t\t\t<\/div>\n\t\t\t\t<\/div>","protected":false},"excerpt":{"rendered":"<p>Schreinerei Asenkerschbaumer Waldstra\u00dfe 284529 Tittmoning-Asten Puhelin: +49 (8683) 89 88 20 Faksi: +49 (8683) 89 88 25 S\u00e4hk\u00f6posti: service@asenkerschbaumer.de Verkkosivusto: www.ase-wohnkultur.de Ausklinker MZ 02 90F A<\/p>","protected":false},"author":5,"featured_media":0,"parent":9218,"menu_order":0,"comment_status":"closed","ping_status":"closed","template":"elementor_header_footer","meta":{"footnotes":""},"class_list":["post-9400","page","type-page","status-publish","hentry"],"yoast_head":"<!-- This site is optimized with the Yoast SEO Premium plugin v27.0 (Yoast SEO v27.4) - https:\/\/yoast.com\/product\/yoast-seo-premium-wordpress\/ -->\n<title>Ausklinker an Ausschnitten in Rahmen<\/title>\n<meta name=\"robots\" content=\"index, follow, max-snippet:-1, max-image-preview:large, max-video-preview:-1\" \/>\n<link rel=\"canonical\" href=\"https:\/\/c-hessler.de\/fi\/viitteet\/puusepaenteollisuus-asenkerschbaumer\/\" \/>\n<meta property=\"og:locale\" content=\"fi_FI\" \/>\n<meta property=\"og:type\" content=\"article\" \/>\n<meta property=\"og:title\" content=\"Schreinerei Asenkerschbaumer\" \/>\n<meta property=\"og:description\" content=\"Schreinerei Asenkerschbaumer Waldstra\u00dfe 284529 Tittmoning-Asten Tel.: +49 (8683) 89 88 20Fax: +49 (8683) 89 88 25 Mail:\u00a0service@asenkerschbaumer.de Website:\u00a0www.ase-wohnkultur.de Ausklinker MZ 02 90F A\" \/>\n<meta property=\"og:url\" content=\"https:\/\/c-hessler.de\/fi\/viitteet\/puusepaenteollisuus-asenkerschbaumer\/\" \/>\n<meta property=\"og:site_name\" content=\"Dr. Christoph He\u00dfler Maschinensysteme\" \/>\n<meta property=\"article:publisher\" content=\"https:\/\/www.facebook.com\/DrChristophHesslerMaschinensysteme\/\" \/>\n<meta property=\"article:modified_time\" content=\"2025-12-13T12:11:44+00:00\" \/>\n<meta property=\"og:image\" content=\"https:\/\/c-hessler.de\/wp-content\/uploads\/2025\/12\/6e1ce505-9e23-4a13-a7ed-b00a6f8ffa89-scaled.png\" \/>\n\t<meta property=\"og:image:width\" content=\"2560\" \/>\n\t<meta property=\"og:image:height\" content=\"1454\" \/>\n\t<meta property=\"og:image:type\" content=\"image\/png\" \/>\n<meta name=\"twitter:label1\" content=\"Arvioitu lukuaika\" \/>\n\t<meta name=\"twitter:data1\" content=\"2 minuuttia\" \/>\n<script type=\"application\/ld+json\" class=\"yoast-schema-graph\">{\"@context\":\"https:\\\/\\\/schema.org\",\"@graph\":[{\"@type\":\"WebPage\",\"@id\":\"https:\\\/\\\/c-hessler.de\\\/referenzen\\\/schreinerei-asenkerschbaumer\\\/\",\"url\":\"https:\\\/\\\/c-hessler.de\\\/referenzen\\\/schreinerei-asenkerschbaumer\\\/\",\"name\":\"Ausklinker an Ausschnitten in Rahmen\",\"isPartOf\":{\"@id\":\"https:\\\/\\\/c-hessler.de\\\/#website\"},\"primaryImageOfPage\":{\"@id\":\"https:\\\/\\\/c-hessler.de\\\/referenzen\\\/schreinerei-asenkerschbaumer\\\/#primaryimage\"},\"image\":{\"@id\":\"https:\\\/\\\/c-hessler.de\\\/referenzen\\\/schreinerei-asenkerschbaumer\\\/#primaryimage\"},\"thumbnailUrl\":\"https:\\\/\\\/c-hessler.de\\\/wp-content\\\/uploads\\\/2025\\\/12\\\/6e1ce505-9e23-4a13-a7ed-b00a6f8ffa89-scaled.png\",\"datePublished\":\"2015-04-29T09:40:55+00:00\",\"dateModified\":\"2025-12-13T12:11:44+00:00\",\"breadcrumb\":{\"@id\":\"https:\\\/\\\/c-hessler.de\\\/referenzen\\\/schreinerei-asenkerschbaumer\\\/#breadcrumb\"},\"inLanguage\":\"fi\",\"potentialAction\":[{\"@type\":\"ReadAction\",\"target\":[\"https:\\\/\\\/c-hessler.de\\\/referenzen\\\/schreinerei-asenkerschbaumer\\\/\"]}]},{\"@type\":\"ImageObject\",\"inLanguage\":\"fi\",\"@id\":\"https:\\\/\\\/c-hessler.de\\\/referenzen\\\/schreinerei-asenkerschbaumer\\\/#primaryimage\",\"url\":\"https:\\\/\\\/c-hessler.de\\\/wp-content\\\/uploads\\\/2025\\\/12\\\/6e1ce505-9e23-4a13-a7ed-b00a6f8ffa89-scaled.png\",\"contentUrl\":\"https:\\\/\\\/c-hessler.de\\\/wp-content\\\/uploads\\\/2025\\\/12\\\/6e1ce505-9e23-4a13-a7ed-b00a6f8ffa89-scaled.png\"},{\"@type\":\"BreadcrumbList\",\"@id\":\"https:\\\/\\\/c-hessler.de\\\/referenzen\\\/schreinerei-asenkerschbaumer\\\/#breadcrumb\",\"itemListElement\":[{\"@type\":\"ListItem\",\"position\":1,\"name\":\"Referenzen\",\"item\":\"https:\\\/\\\/c-hessler.de\\\/referenzen\\\/\"},{\"@type\":\"ListItem\",\"position\":2,\"name\":\"Schreinerei Asenkerschbaumer\"}]},{\"@type\":\"WebSite\",\"@id\":\"https:\\\/\\\/c-hessler.de\\\/#website\",\"url\":\"https:\\\/\\\/c-hessler.de\\\/\",\"name\":\"www.c-hessler.de\",\"description\":\"\",\"publisher\":{\"@id\":\"https:\\\/\\\/c-hessler.de\\\/#organization\"},\"potentialAction\":[{\"@type\":\"SearchAction\",\"target\":{\"@type\":\"EntryPoint\",\"urlTemplate\":\"https:\\\/\\\/c-hessler.de\\\/?s={search_term_string}\"},\"query-input\":{\"@type\":\"PropertyValueSpecification\",\"valueRequired\":true,\"valueName\":\"search_term_string\"}}],\"inLanguage\":\"fi\"},{\"@type\":\"Organization\",\"@id\":\"https:\\\/\\\/c-hessler.de\\\/#organization\",\"name\":\"Dr. Christoph He\u00dfler Maschinensysteme\",\"alternateName\":\"Dr. Christoph He\u00dfler Maschinensysteme\",\"url\":\"https:\\\/\\\/c-hessler.de\\\/\",\"logo\":{\"@type\":\"ImageObject\",\"inLanguage\":\"fi\",\"@id\":\"https:\\\/\\\/c-hessler.de\\\/#\\\/schema\\\/logo\\\/image\\\/\",\"url\":\"https:\\\/\\\/c-hessler.de\\\/wp-content\\\/uploads\\\/2026\\\/02\\\/Draw-03-150312-110115-Ausgeschnitten-I.jpg\",\"contentUrl\":\"https:\\\/\\\/c-hessler.de\\\/wp-content\\\/uploads\\\/2026\\\/02\\\/Draw-03-150312-110115-Ausgeschnitten-I.jpg\",\"width\":445,\"height\":394,\"caption\":\"Dr. Christoph He\u00dfler Maschinensysteme\"},\"image\":{\"@id\":\"https:\\\/\\\/c-hessler.de\\\/#\\\/schema\\\/logo\\\/image\\\/\"},\"sameAs\":[\"https:\\\/\\\/www.facebook.com\\\/DrChristophHesslerMaschinensysteme\\\/\",\"https:\\\/\\\/www.pinterest.de\\\/hesstools\\\/\",\"https:\\\/\\\/www.youtube.com\\\/channel\\\/UCaNnXDGGF_BiYFQZ2kJgi-A?view_as=subscriber\"],\"description\":\"1. Ecken- und Kantenfr\u00e4sen f\u00fcr Tischler und Schreiner, Sonderanfertigungen 2. Auch f\u00fcr die Nachbearbeitung von Eck-Schwei\u00dfn\u00e4hten bei Aluminium-Werkstoffen, f\u00fcr Fahrzeugbauer oder Metallbauer aller Art\",\"email\":\"christoph.hessler@c-hessler.de\",\"telephone\":\"0527413012080\",\"legalName\":\"Dr. Christoph He\u00dfler Maschinensysteme\",\"foundingDate\":\"2003-06-05\",\"vatID\":\"DE230070107\",\"numberOfEmployees\":{\"@type\":\"QuantitativeValue\",\"minValue\":\"1\",\"maxValue\":\"10\"}}]}<\/script>\n<!-- \/ Yoast SEO Premium plugin. -->","yoast_head_json":{"title":"Kehysten leikkuuaukkojen lovet","robots":{"index":"index","follow":"follow","max-snippet":"max-snippet:-1","max-image-preview":"max-image-preview:large","max-video-preview":"max-video-preview:-1"},"canonical":"https:\/\/c-hessler.de\/fi\/viitteet\/puusepaenteollisuus-asenkerschbaumer\/","og_locale":"fi_FI","og_type":"article","og_title":"Schreinerei Asenkerschbaumer","og_description":"Schreinerei Asenkerschbaumer Waldstra\u00dfe 284529 Tittmoning-Asten Tel.: +49 (8683) 89 88 20Fax: +49 (8683) 89 88 25 Mail:\u00a0service@asenkerschbaumer.de Website:\u00a0www.ase-wohnkultur.de Ausklinker MZ 02 90F A","og_url":"https:\/\/c-hessler.de\/fi\/viitteet\/puusepaenteollisuus-asenkerschbaumer\/","og_site_name":"Dr. Christoph He\u00dfler Maschinensysteme","article_publisher":"https:\/\/www.facebook.com\/DrChristophHesslerMaschinensysteme\/","article_modified_time":"2025-12-13T12:11:44+00:00","og_image":[{"width":2560,"height":1454,"url":"https:\/\/c-hessler.de\/wp-content\/uploads\/2025\/12\/6e1ce505-9e23-4a13-a7ed-b00a6f8ffa89-scaled.png","type":"image\/png"}],"twitter_misc":{"Arvioitu lukuaika":"2 minuuttia"},"schema":{"@context":"https:\/\/schema.org","@graph":[{"@type":"WebPage","@id":"https:\/\/c-hessler.de\/referenzen\/schreinerei-asenkerschbaumer\/","url":"https:\/\/c-hessler.de\/referenzen\/schreinerei-asenkerschbaumer\/","name":"Kehysten leikkuuaukkojen lovet","isPartOf":{"@id":"https:\/\/c-hessler.de\/#website"},"primaryImageOfPage":{"@id":"https:\/\/c-hessler.de\/referenzen\/schreinerei-asenkerschbaumer\/#primaryimage"},"image":{"@id":"https:\/\/c-hessler.de\/referenzen\/schreinerei-asenkerschbaumer\/#primaryimage"},"thumbnailUrl":"https:\/\/c-hessler.de\/wp-content\/uploads\/2025\/12\/6e1ce505-9e23-4a13-a7ed-b00a6f8ffa89-scaled.png","datePublished":"2015-04-29T09:40:55+00:00","dateModified":"2025-12-13T12:11:44+00:00","breadcrumb":{"@id":"https:\/\/c-hessler.de\/referenzen\/schreinerei-asenkerschbaumer\/#breadcrumb"},"inLanguage":"fi","potentialAction":[{"@type":"ReadAction","target":["https:\/\/c-hessler.de\/referenzen\/schreinerei-asenkerschbaumer\/"]}]},{"@type":"ImageObject","inLanguage":"fi","@id":"https:\/\/c-hessler.de\/referenzen\/schreinerei-asenkerschbaumer\/#primaryimage","url":"https:\/\/c-hessler.de\/wp-content\/uploads\/2025\/12\/6e1ce505-9e23-4a13-a7ed-b00a6f8ffa89-scaled.png","contentUrl":"https:\/\/c-hessler.de\/wp-content\/uploads\/2025\/12\/6e1ce505-9e23-4a13-a7ed-b00a6f8ffa89-scaled.png"},{"@type":"BreadcrumbList","@id":"https:\/\/c-hessler.de\/referenzen\/schreinerei-asenkerschbaumer\/#breadcrumb","itemListElement":[{"@type":"ListItem","position":1,"name":"Referenzen","item":"https:\/\/c-hessler.de\/referenzen\/"},{"@type":"ListItem","position":2,"name":"Schreinerei Asenkerschbaumer"}]},{"@type":"WebSite","@id":"https:\/\/c-hessler.de\/#website","url":"https:\/\/c-hessler.de\/","name":"www.c-hessler.de","description":"","publisher":{"@id":"https:\/\/c-hessler.de\/#organization"},"potentialAction":[{"@type":"SearchAction","target":{"@type":"EntryPoint","urlTemplate":"https:\/\/c-hessler.de\/?s={search_term_string}"},"query-input":{"@type":"PropertyValueSpecification","valueRequired":true,"valueName":"search_term_string"}}],"inLanguage":"fi"},{"@type":"Organization","@id":"https:\/\/c-hessler.de\/#organization","name":"Tohtori Christoph He\u00dfler Konej\u00e4rjestelm\u00e4t","alternateName":"Dr. Christoph He\u00dfler Maschinensysteme","url":"https:\/\/c-hessler.de\/","logo":{"@type":"ImageObject","inLanguage":"fi","@id":"https:\/\/c-hessler.de\/#\/schema\/logo\/image\/","url":"https:\/\/c-hessler.de\/wp-content\/uploads\/2026\/02\/Draw-03-150312-110115-Ausgeschnitten-I.jpg","contentUrl":"https:\/\/c-hessler.de\/wp-content\/uploads\/2026\/02\/Draw-03-150312-110115-Ausgeschnitten-I.jpg","width":445,"height":394,"caption":"Dr. Christoph He\u00dfler Maschinensysteme"},"image":{"@id":"https:\/\/c-hessler.de\/#\/schema\/logo\/image\/"},"sameAs":["https:\/\/www.facebook.com\/DrChristophHesslerMaschinensysteme\/","https:\/\/www.pinterest.de\/hesstools\/","https:\/\/www.youtube.com\/channel\/UCaNnXDGGF_BiYFQZ2kJgi-A?view_as=subscriber"],"description":"1. Ecken- und Kantenfr\u00e4sen f\u00fcr Tischler und Schreiner, Sonderanfertigungen 2. Auch f\u00fcr die Nachbearbeitung von Eck-Schwei\u00dfn\u00e4hten bei Aluminium-Werkstoffen, f\u00fcr Fahrzeugbauer oder Metallbauer aller Art","email":"christoph.hessler@c-hessler.de","telephone":"0527413012080","legalName":"Dr. Christoph He\u00dfler Maschinensysteme","foundingDate":"2003-06-05","vatID":"DE230070107","numberOfEmployees":{"@type":"QuantitativeValue","minValue":"1","maxValue":"10"}}]}},"_hostinger_reach_plugin_has_subscription_block":false,"_hostinger_reach_plugin_is_elementor":false,"_links":{"self":[{"href":"https:\/\/c-hessler.de\/fi\/wp-json\/wp\/v2\/pages\/9400","targetHints":{"allow":["GET"]}}],"collection":[{"href":"https:\/\/c-hessler.de\/fi\/wp-json\/wp\/v2\/pages"}],"about":[{"href":"https:\/\/c-hessler.de\/fi\/wp-json\/wp\/v2\/types\/page"}],"author":[{"embeddable":true,"href":"https:\/\/c-hessler.de\/fi\/wp-json\/wp\/v2\/users\/5"}],"replies":[{"embeddable":true,"href":"https:\/\/c-hessler.de\/fi\/wp-json\/wp\/v2\/comments?post=9400"}],"version-history":[{"count":3,"href":"https:\/\/c-hessler.de\/fi\/wp-json\/wp\/v2\/pages\/9400\/revisions"}],"predecessor-version":[{"id":208386,"href":"https:\/\/c-hessler.de\/fi\/wp-json\/wp\/v2\/pages\/9400\/revisions\/208386"}],"up":[{"embeddable":true,"href":"https:\/\/c-hessler.de\/fi\/wp-json\/wp\/v2\/pages\/9218"}],"wp:attachment":[{"href":"https:\/\/c-hessler.de\/fi\/wp-json\/wp\/v2\/media?parent=9400"}],"curies":[{"name":"wp","href":"https:\/\/api.w.org\/{rel}","templated":true}]}}