{"id":9797,"date":"2015-05-09T16:16:40","date_gmt":"2015-05-09T14:16:40","guid":{"rendered":"https:\/\/c-hessler.de\/?page_id=9797"},"modified":"2025-12-17T07:45:50","modified_gmt":"2025-12-17T06:45:50","slug":"agb","status":"publish","type":"page","link":"https:\/\/c-hessler.de\/fi\/agb\/","title":{"rendered":"GTC"},"content":{"rendered":"<div data-elementor-type=\"wp-page\" data-elementor-id=\"9797\" class=\"elementor elementor-9797\" data-elementor-settings=\"{&quot;ha_cmc_init_switcher&quot;:&quot;no&quot;}\" data-elementor-post-type=\"page\">\n\t\t\t\t<div class=\"elementor-element elementor-element-7ea7c975 e-flex e-con-boxed e-con e-parent\" data-id=\"7ea7c975\" data-element_type=\"container\" data-e-type=\"container\" data-settings=\"{&quot;_ha_eqh_enable&quot;:false}\">\n\t\t\t\t\t<div class=\"e-con-inner\">\n\t\t\t\t<div class=\"elementor-element elementor-element-3c11f55c elementor-widget elementor-widget-text-editor\" data-id=\"3c11f55c\" data-element_type=\"widget\" data-e-type=\"widget\" data-widget_type=\"text-editor.default\">\n\t\t\t\t\t\t\t\t\t<h1>Yleiset ehdot<\/h1><p><a href=\"http:\/\/www.deutscheanwaltshotline.de\/recht-auf-ihrer-website\/agb-generator\"> AGB luotu<\/a> Deutsche Anwaltshotline AG:n generaattorin kautta.<\/p><h2>Sopimuskumppani<\/h2><p>N\u00e4iden yleisten sopimusehtojen (GTC) perusteella tehd\u00e4\u00e4n sopimus asiakkaan ja seuraavien tahojen v\u00e4lill\u00e4<br \/>Tohtori Christoph He\u00dfler Konej\u00e4rjestelm\u00e4t<br \/>Edustaja: Christoph He\u00dfler<br \/>Osoite: An der Ronceva 5 32312 L\u00fcbbecke.<\/p><p>Myyntitunnistenumero: DE230070107,<\/p><p>j\u00e4ljemp\u00e4n\u00e4 'palveluntarjoaja', sopimus on tehty.<\/p><h2>Sopimuksen kohde<\/h2><p>T\u00e4m\u00e4 sopimus koskee uusien tavaroiden myynti\u00e4 koneiden ja laitteiden alalta (aloilta), jotka on tarkoitettu p\u00e4\u00e4asiassa puusep\u00e4n- ja puusep\u00e4nteollisuuteen, erityisesti reunojen ja kulmien k\u00e4sittelyyn, toimittajan verkkokaupan kautta. Yksityiskohtaiset tiedot kyseisest\u00e4 tarjouksesta l\u00f6ytyv\u00e4t tarjoussivun tuotekuvauksesta.<\/p><h2>Sopimuksen tekeminen<\/h2><p>Sopimus tehd\u00e4\u00e4n s\u00e4hk\u00f6isess\u00e4 kaupank\u00e4ynniss\u00e4 myym\u00e4l\u00e4j\u00e4rjestelm\u00e4n tai muiden et\u00e4viestint\u00e4v\u00e4lineiden, kuten puhelimen ja s\u00e4hk\u00f6postin, v\u00e4lityksell\u00e4. Esitetyt tarjoukset ovat ei-sitova kehotus tehd\u00e4 tarjous asiakastilauksen kautta, jonka tarjoaja voi sitten hyv\u00e4ksy\u00e4.<br \/>Tilausprosessi k\u00e4sitt\u00e4\u00e4 seuraavat vaiheet myym\u00e4l\u00e4j\u00e4rjestelm\u00e4ss\u00e4:<\/p><ul><li>Tarjouksen valinta halutun erittelyn (m\u00e4\u00e4r\u00e4n) mukaisesti.<\/li><li>Tarjouksen lis\u00e4\u00e4minen ostoskoriin<\/li><li>Napsauta 'Tilaa' -painiketta<\/li><li>Kirjoita laskutus- ja toimitusosoite<\/li><li>Toimitusalueen ja maksutavan valinta<\/li><li>Tilauksen ja kaikkien merkint\u00f6jen tarkistaminen ja k\u00e4sittely pysyv\u00e4sti mahdollista.<\/li><li>Vahvista ehdot ja paina painiketta \"Tilaa maksua vastaan\".<\/li><li>Vahvistuss\u00e4hk\u00f6posti siit\u00e4, ett\u00e4 tilaus on vastaanotettu.<\/li><\/ul><p>Myym\u00e4l\u00e4j\u00e4rjestelm\u00e4n lis\u00e4ksi tilaukset voidaan tehd\u00e4 my\u00f6s et\u00e4yhteyden avulla (puhelin\/s\u00e4hk\u00f6posti), jolloin sopimuksen tekemiseen liittyv\u00e4 tilausprosessi sis\u00e4lt\u00e4\u00e4 seuraavat vaiheet:<\/p><ul><li>Soita \/ l\u00e4het\u00e4 tilaus s\u00e4hk\u00f6postitse suoraan tai testin j\u00e4lkeen<\/li><li>Tilausvahvistus<\/li><\/ul><p>Sopimus syntyy vasta, kun toimittaja l\u00e4hett\u00e4\u00e4 tilausvahvistuksen. Automaattisesti luotu ja l\u00e4hetetty tilausvahvistus ei ole vastaava oikeudellisesti sitova ilmoitus. Sopimus syntyy my\u00f6s silloin, kun tavarat l\u00e4hetet\u00e4\u00e4n tai palvelu suoritetaan.<\/p><h2>Sopimuksen kesto<\/h2><p>Sopimus tehd\u00e4\u00e4n toistaiseksi.<\/p><h2>Omistusoikeuden s\u00e4ilytt\u00e4minen<\/h2><p>Toimitetut tavarat pysyv\u00e4t toimittajan omaisuutena, kunnes maksu on suoritettu kokonaisuudessaan.<\/p><h2>Varaukset<\/h2><p>Palveluntarjoaja pid\u00e4tt\u00e4\u00e4 oikeuden olla tarjoamatta luvattua palvelua, jos sit\u00e4 ei ole saatavilla.<\/p><h2>Hinnat, toimituskulut, palautuskulut<\/h2><p>Kaikki hinnat ovat nettohintoja. Myym\u00e4l\u00e4ss\u00e4 olevat tuotteet on my\u00f6s merkitty nettohinnoin. Lakis\u00e4\u00e4teinen arvonlis\u00e4vero ilmoitetaan tilauksen k\u00e4sittelyn yhteydess\u00e4. Tilauksen k\u00e4sittelyn lopulliset hinnat sis\u00e4lt\u00e4v\u00e4t lakis\u00e4\u00e4teisen arvonlis\u00e4veron. Lopullisten hintojen lis\u00e4ksi aiheutuu toimitustavasta riippuen lis\u00e4kustannuksia, jotka n\u00e4ytet\u00e4\u00e4n ennen tilauksen l\u00e4hett\u00e4mist\u00e4. Jos peruutusoikeus on olemassa ja sit\u00e4 k\u00e4ytet\u00e4\u00e4n, asiakas vastaa palautusl\u00e4hetyksen kustannuksista.<\/p><h2>Maksuehdot<\/h2><p>Asiakkaalla on vain seuraavat maksuvaihtoehdot: pankkisiirto, lasku. Muita maksutapoja ei tarjota ja ne hyl\u00e4t\u00e4\u00e4n.<\/p><p>Ennakkomaksu: Laskun summa on siirrett\u00e4v\u00e4 ennakkoon laskussa ilmoitetulle tilille, joka sis\u00e4lt\u00e4\u00e4 kaikki siirtoa koskevat tiedot ja joka l\u00e4hetet\u00e4\u00e4n s\u00e4hk\u00f6postitse.<\/p><p>Lasku: Laskun summa siirret\u00e4\u00e4n laskussa m\u00e4\u00e4ritetylle tilille. Lasku sis\u00e4lt\u00e4\u00e4 kaikki tiedot siirtoa varten ja se l\u00e4hetet\u00e4\u00e4n toimituksen mukana. Asiakas on velvollinen maksamaan tai siirt\u00e4m\u00e4\u00e4n ilmoitetun summan laskussa ilmoitetulle tilille 10 p\u00e4iv\u00e4n kuluessa laskun vastaanottamisesta. Maksu er\u00e4\u00e4ntyy ilman v\u00e4hennyksi\u00e4 laskun p\u00e4iv\u00e4m\u00e4\u00e4r\u00e4st\u00e4. Jos maksun er\u00e4p\u00e4iv\u00e4 m\u00e4\u00e4r\u00e4ytyy kalenterin mukaan, asiakas joutuu maksuh\u00e4iri\u00f6\u00f6n heti, kun er\u00e4p\u00e4iv\u00e4\u00e4 ei noudateta. Asiakkaalla ei ole pid\u00e4tysoikeutta, joka ei perustu samaan sopimussuhteeseen. Kuittaus asiakkaan saatavia vastaan on poissuljettu, elleiv\u00e4t ne ole kiistattomia tai laillisesti vahvistettuja.<\/p><h2>Toimitusehdot<\/h2><p>Tavarat l\u00e4hetet\u00e4\u00e4n tilausvahvistuksessa ilmoitetun toimitusp\u00e4iv\u00e4n mukaisesti maksun vahvistetun vastaanoton j\u00e4lkeen. Toimitusp\u00e4iv\u00e4n\u00e4 ja vahvistetun maksun vastaanottamisen j\u00e4lkeen l\u00e4hetys tapahtuu keskim\u00e4\u00e4rin viimeist\u00e4\u00e4n 3 ty\u00f6p\u00e4iv\u00e4n kuluessa maksun vastaanottamisesta. Yritt\u00e4j\u00e4 sitoutuu toimittamaan tilauksen vahvistuksessa ilmoitetun toimitusp\u00e4iv\u00e4n mukaisesti. Jos tavarantoimittaja ei l\u00e4het\u00e4 suoraan, tavarantoimittaja tai valmistaja l\u00e4hett\u00e4\u00e4 tilauksen heti, kun koko tilaus on varastossa. Jos toimittaja ei ole vastuussa toimituksen pysyv\u00e4st\u00e4 esteest\u00e4, erityisesti ylivoimaisesta esteest\u00e4 tai omien tavarantoimittajiensa toimittamatta j\u00e4tt\u00e4misest\u00e4, vaikka vastaava peitetoimitus on tehty hyviss\u00e4 ajoin, toimittajalla on oikeus peruuttaa t\u00e4lt\u00e4 osin sopimus asiakkaan kanssa. Asiakas saa t\u00e4st\u00e4 v\u00e4litt\u00f6m\u00e4sti tiedon, ja kaikki saadut palvelut, erityisesti maksut, palautetaan.<\/p><h2>Takuu<\/h2><p>Kuluttajilla on Saksan siviililain (BGB) asiaa koskevien s\u00e4\u00e4nn\u00f6sten mukaisesti lakis\u00e4\u00e4teinen oikeus virhevastuuseen tarjotuista palveluista. Jos t\u00e4st\u00e4 poiketaan, takuuseen sovelletaan yleisten sopimusehtojen (GTC) asiaa koskevia m\u00e4\u00e4r\u00e4yksi\u00e4. Jos asiakas on yritt\u00e4j\u00e4, uusien tavaroiden takuuaika on rajoitettu yhteen vuoteen k\u00e4sity\u00f6l\u00e4isille tyypillisen k\u00e4ytt\u00f6ajan osalta. Toimittajalle annetaan oikeus valita korjauksen tai vaihdon v\u00e4lill\u00e4 j\u00e4lkik\u00e4teen tapahtuvan t\u00e4ytt\u00e4misen yhteydess\u00e4, jos tavara on uusi ja asiakas on yritt\u00e4j\u00e4. Jos asiakas on yritt\u00e4j\u00e4, takuu ei koske k\u00e4ytettyj\u00e4 tavaroita. Jos asiakas on kuluttaja, k\u00e4ytettyjen tavaroiden takuuaika on rajoitettu yhteen vuoteen. T\u00e4m\u00e4 ei koske asiakkaan vahingonkorvausvaatimuksia, jotka johtuvat hengen, ruumiin tai terveyden loukkaantumisesta tai olennaisista sopimusvelvoitteista, jotka on v\u00e4ltt\u00e4m\u00e4tt\u00e4 t\u00e4ytett\u00e4v\u00e4 sopimuksen tavoitteen saavuttamiseksi. T\u00e4m\u00e4 ei my\u00f6sk\u00e4\u00e4n koske vahingonkorvausvaatimuksia, jotka johtuvat palveluntarjoajan tai sen laillisen edustajan tai sijaisen t\u00f6rke\u00e4st\u00e4 huolimattomuudesta tai tahallisesta velvollisuuksien rikkomisesta. Muilta osin sovelletaan lakis\u00e4\u00e4teisi\u00e4 s\u00e4\u00e4nn\u00f6ksi\u00e4.<\/p><h2>Sopimussuunnittelu<\/h2><p>Jos asiakas on yritt\u00e4j\u00e4, riski tavaran vahingossa tapahtuvasta katoamisesta ja\/tai vahingossa tapahtuvasta huononemisesta siirtyy asiakkaalle, kun tavara luovutetaan tai, jos kyseess\u00e4 on l\u00e4hett\u00e4minen, kun tavara luovutetaan valitulle palveluntarjoajalle. Asiakkaalla ei ole mahdollisuutta p\u00e4\u00e4st\u00e4 suoraan k\u00e4siksi tallennettuun kauppasopimustekstiin. Asiakas voi korjata sy\u00f6tt\u00f6virheet tilausprosessin aikana. H\u00e4n voi tehd\u00e4 sen seuraavasti: Selaimen takaisin-painike.<\/p><h2>Peruuttamisoikeus ja asiakaspalvelu<\/h2><p><b>Peruutusehdot<\/b><\/p><p>Sinulla on oikeus peruuttaa t\u00e4m\u00e4 sopimus nelj\u00e4ntoista p\u00e4iv\u00e4n kuluessa ilman syyt\u00e4.<\/p><p>Peruuttamisaika on nelj\u00e4toista p\u00e4iv\u00e4\u00e4 p\u00e4iv\u00e4st\u00e4,<\/p><ul><li style=\"list-style-type: none;\"><ul><li>Jos kyseess\u00e4 on ostosopimus: kun sin\u00e4 tai sinun nime\u00e4m\u00e4si kolmas osapuoli, joka ei ole rahdinkuljettaja, on ottanut viimeisen tavaran haltuunsa.<\/li><li>Kun kyseess\u00e4 on sopimus useista tavaroista, jotka kuluttaja on tilannut osana yht\u00e4 tilausta ja jotka toimitetaan erikseen: kun sin\u00e4 tai sinun nime\u00e4m\u00e4si kolmas osapuoli, joka ei ole rahdinkuljettaja, on ottanut haltuunsa viimeisen tavaran.<\/li><li>Jos kyseess\u00e4 on sopimus tavaroiden toimittamisesta useina osal\u00e4hetyksin\u00e4 tai kappaleina: kun sin\u00e4 tai sinun nime\u00e4m\u00e4si kolmas osapuoli, joka ei ole rahdinkuljettaja, on ottanut haltuunsa viimeisen osal\u00e4hetyksen tai viimeisen kappaleen.<\/li><li>Kun kyseess\u00e4 on sopimus tavaroiden s\u00e4\u00e4nn\u00f6llisest\u00e4 toimittamisesta m\u00e4\u00e4r\u00e4ajan kuluessa: kun sin\u00e4 tai sinun nime\u00e4m\u00e4si kolmas osapuoli, joka ei ole rahdinkuljettaja, on ottanut ensimm\u00e4iset tavarat haltuunsa.<\/li><\/ul><\/li><\/ul><p>Jos useita vaihtoehtoja on samanaikaisesti, viimeinen ajankohta on ratkaiseva.<\/p><p>Peruuttamisoikeuden k\u00e4ytt\u00e4miseksi sinun on ilmoitettava meille (Dr. Christoph He\u00dfler Maschinensysteme, Christoph He\u00dfler, An der Ronceva 5 32312 L\u00fcbbecke +49 (0)5741 3012080 christoph.hessler@c-hessler.de) p\u00e4\u00e4t\u00f6ksest\u00e4si peruuttaa t\u00e4m\u00e4 sopimus selke\u00e4ll\u00e4 ilmoituksella (esim. postitse, faksilla tai s\u00e4hk\u00f6postitse l\u00e4hetetyll\u00e4 kirjeell\u00e4). Voit k\u00e4ytt\u00e4\u00e4 oheista peruutuslomakkeen mallia, mutta se ei ole pakollista.<\/p><p>Peruutusajan noudattamiseksi riitt\u00e4\u00e4, ett\u00e4 l\u00e4het\u00e4t ilmoituksen peruutusoikeuden k\u00e4ytt\u00e4misest\u00e4 ennen peruutusajan p\u00e4\u00e4ttymist\u00e4.<\/p><p>Peruuttamisen seuraukset<\/p><p>Jos peruutat t\u00e4m\u00e4n sopimuksen, palautamme sinulle kaikki sinulta saamasi maksut, mukaan lukien toimituskustannukset (lukuun ottamatta lis\u00e4kustannuksia, jotka johtuvat siit\u00e4, ett\u00e4 olet valinnut muun toimitustyypin kuin edullisimman tarjoamamme vakiotoimitustyypin), ilman aiheetonta viivytyst\u00e4 ja joka tapauksessa viimeist\u00e4\u00e4n 14 p\u00e4iv\u00e4n kuluessa siit\u00e4 p\u00e4iv\u00e4st\u00e4, jona saamme tiedon p\u00e4\u00e4t\u00f6ksest\u00e4si peruuttaa t\u00e4m\u00e4 sopimus. T\u00e4ss\u00e4 takaisinmaksussa k\u00e4yt\u00e4mme samaa maksuv\u00e4linett\u00e4, jota k\u00e4ytit alkuper\u00e4isess\u00e4 kaupassa, ellei kanssasi ole nimenomaisesti toisin sovittu; sinulta ei miss\u00e4\u00e4n tapauksessa perit\u00e4 mit\u00e4\u00e4n maksuja t\u00e4st\u00e4 takaisinmaksusta. Voimme pid\u00e4tt\u00e4\u00e4 palautuksen, kunnes olemme saaneet tavarat takaisin tai kunnes olet todistanut palauttaneesi tavarat, sen mukaan, kumpi niist\u00e4 on aikaisempi.<\/p><p>Sinun on palautettava tai luovutettava tavarat Dr. Christoph He\u00dfler Maschinensysteme, Christoph He\u00dfler, An der Ronceva 5 32312 L\u00fcbbecke +49 (0)5741 3012080 christoph.hessler@c-hessler.de v\u00e4litt\u00f6m\u00e4sti ja joka tapauksessa viimeist\u00e4\u00e4n nelj\u00e4ntoista p\u00e4iv\u00e4n kuluessa siit\u00e4 p\u00e4iv\u00e4st\u00e4, jona olet ilmoittanut meille sopimuksen peruuttamisesta. M\u00e4\u00e4r\u00e4aikaa noudatetaan, jos l\u00e4het\u00e4t tavarat ennen nelj\u00e4ntoista p\u00e4iv\u00e4n m\u00e4\u00e4r\u00e4ajan p\u00e4\u00e4ttymist\u00e4.<\/p><p>Sin\u00e4 vastaat tavaroiden palauttamisesta aiheutuvista v\u00e4litt\u00f6mist\u00e4 kustannuksista.<\/p><p>Sinun on maksettava tavaran arvon alenemisesta vain, jos arvon aleneminen johtuu tavaran k\u00e4sittelyst\u00e4, joka ei ole v\u00e4ltt\u00e4m\u00e4t\u00f6nt\u00e4 tavaran kunnon, ominaisuuksien ja toimivuuden tarkistamiseksi.<\/p><p>Jos tavara on vahingoittunut tai sen arvo on alentunut t\u00e4ss\u00e4 mieless\u00e4, asiakas vastaa korjauskustannuksista ja mahdollisesta arvon alenemisesta korjauksesta huolimatta.<\/p><p>Peruutusehdot p\u00e4\u00e4ttyv\u00e4t<\/p><p>Voit tavoittaa asiakaspalvelumme seuraavina aikoina Dr. Christoph He\u00dfler Maschinensysteme, Christoph He\u00dfler, An der Ronceva 5, 32312 L\u00fcbbecke +49 (0)5741 3012080 christoph.hessler@c-hessler.de Aukioloajat: Aukioloajat ovat seuraavat:<br \/>8:00-16:00.<\/p><h2>Vastuuvapauslauseke<\/h2><p>Asiakkaan vahingonkorvausvaatimukset on suljettu pois, ellei j\u00e4ljemp\u00e4n\u00e4 toisin mainita. T\u00e4m\u00e4 koskee my\u00f6s palveluntarjoajan edustajia ja avustajia, jos asiakas esitt\u00e4\u00e4 vahingonkorvausvaatimuksia heit\u00e4 vastaan. Soveltamisalan ulkopuolelle j\u00e4\u00e4v\u00e4t asiakkaan vahingonkorvausvaatimukset, jotka johtuvat hengen, ruumiin tai terveyden loukkaantumisesta tai sellaisista olennaisista sopimusvelvoitteista, jotka on v\u00e4ltt\u00e4m\u00e4tt\u00e4 t\u00e4ytett\u00e4v\u00e4 sopimuksen tavoitteen saavuttamiseksi. T\u00e4m\u00e4 ei my\u00f6sk\u00e4\u00e4n koske vahingonkorvausvaatimuksia, jotka johtuvat palveluntarjoajan tai sen laillisen edustajan tai avustajan t\u00f6rke\u00e4st\u00e4 huolimattomuudesta tai tahallisesta velvollisuuksien rikkomisesta.<\/p><h2>Luovutus- ja panttauskielto<\/h2><p>Asiakkaan vaatimuksia tai oikeuksia palveluntarjoajaa kohtaan voidaan esitt\u00e4\u00e4 ilman, ett\u00e4<br \/>Tavaroita ei saa luovuttaa tai pantata ilman asiakkaan suostumusta, ellei asiakas ole osoittanut oikeutettua etua luovutukseen tai panttaukseen.<\/p><h2>Kieli, oikeuspaikka ja sovellettava laki<\/h2><p>Sopimus laaditaan saksaksi. Sopimussuhteen jatkototeutus tapahtuu saksaksi. Sopimukseen sovelletaan yksinomaan Saksan liittotasavallan lakia. Kuluttajien osalta t\u00e4m\u00e4 p\u00e4tee vain silt\u00e4 osin kuin sen maan lakis\u00e4\u00e4teiset s\u00e4\u00e4nn\u00f6kset, jossa asiakkaalla on kotipaikka tai vakinainen asuinpaikka, eiv\u00e4t rajoita t\u00e4t\u00e4. Tuomioistuinpaikka riita-asioissa, jotka koskevat asiakkaita, jotka eiv\u00e4t ole kuluttajia, julkisoikeudellisia oikeushenkil\u00f6it\u00e4 tai julkisoikeudellisia erityisrahastoja, on palveluntarjoajan kotipaikka.<\/p><h2>Purkamislauseke<\/h2><p>N\u00e4iden yleisten sopimusehtojen jonkin m\u00e4\u00e4r\u00e4yksen p\u00e4tem\u00e4tt\u00f6myys ei vaikuta muiden m\u00e4\u00e4r\u00e4ysten p\u00e4tevyyteen.<\/p>\t\t\t\t\t\t\t\t<\/div>\n\t\t\t\t\t<\/div>\n\t\t\t\t<\/div>\n\t\t\t\t<\/div>","protected":false},"excerpt":{"rendered":"<p>Allgemeine Gesch\u00e4ftsbedingungen AGB erstellt \u00fcber den Generator der Deutschen Anwaltshotline AG Vertragspartner Auf Grundlage dieser Allgemeinen Gesch\u00e4ftsbedingungen (AGB) kommt zwischen dem Kunden undDr. Christoph He\u00dfler MaschinensystemeVertreten durch Christoph He\u00dflerAdresse: An der Ronceva 5 32312 L\u00fcbbecke Umsatzsteuer-Identifikationsnummer: DE230070107, nachfolgend Anbieter genannt, der Vertrag zustande. Vertragsgegenstand Durch diesen Vertrag wird der Verkauf von neuen Waren aus dem [&hellip;]<\/p>\n","protected":false},"author":9,"featured_media":0,"parent":0,"menu_order":0,"comment_status":"closed","ping_status":"closed","template":"","meta":{"footnotes":""},"class_list":["post-9797","page","type-page","status-publish","hentry"],"yoast_head":"<!-- This site is optimized with the Yoast SEO Premium plugin v27.0 (Yoast SEO v27.4) - https:\/\/yoast.com\/product\/yoast-seo-premium-wordpress\/ -->\n<title>AGB - Dr. Christoph He\u00dfler Maschinensysteme<\/title>\n<meta name=\"robots\" content=\"index, follow, max-snippet:-1, max-image-preview:large, max-video-preview:-1\" \/>\n<link rel=\"canonical\" href=\"https:\/\/c-hessler.de\/fi\/agb\/\" \/>\n<meta property=\"og:locale\" content=\"fi_FI\" \/>\n<meta property=\"og:type\" content=\"article\" \/>\n<meta property=\"og:title\" content=\"AGB\" \/>\n<meta property=\"og:description\" content=\"Allgemeine Gesch\u00e4ftsbedingungen AGB erstellt \u00fcber den Generator der Deutschen Anwaltshotline AG Vertragspartner Auf Grundlage dieser Allgemeinen Gesch\u00e4ftsbedingungen (AGB) kommt zwischen dem Kunden undDr. Christoph He\u00dfler MaschinensystemeVertreten durch Christoph He\u00dflerAdresse: An der Ronceva 5 32312 L\u00fcbbecke Umsatzsteuer-Identifikationsnummer: DE230070107, nachfolgend Anbieter genannt, der Vertrag zustande. Vertragsgegenstand Durch diesen Vertrag wird der Verkauf von neuen Waren aus dem [&hellip;]\" \/>\n<meta property=\"og:url\" content=\"https:\/\/c-hessler.de\/fi\/agb\/\" \/>\n<meta property=\"og:site_name\" content=\"Dr. Christoph He\u00dfler Maschinensysteme\" \/>\n<meta property=\"article:publisher\" content=\"https:\/\/www.facebook.com\/DrChristophHesslerMaschinensysteme\/\" \/>\n<meta property=\"article:modified_time\" content=\"2025-12-17T06:45:50+00:00\" \/>\n<meta name=\"twitter:label1\" content=\"Arvioitu lukuaika\" \/>\n\t<meta name=\"twitter:data1\" content=\"10 minuuttia\" \/>\n<script type=\"application\/ld+json\" class=\"yoast-schema-graph\">{\"@context\":\"https:\\\/\\\/schema.org\",\"@graph\":[{\"@type\":\"WebPage\",\"@id\":\"https:\\\/\\\/c-hessler.de\\\/agb\\\/\",\"url\":\"https:\\\/\\\/c-hessler.de\\\/agb\\\/\",\"name\":\"AGB - Dr. Christoph He\u00dfler Maschinensysteme\",\"isPartOf\":{\"@id\":\"https:\\\/\\\/c-hessler.de\\\/#website\"},\"datePublished\":\"2015-05-09T14:16:40+00:00\",\"dateModified\":\"2025-12-17T06:45:50+00:00\",\"inLanguage\":\"fi\",\"potentialAction\":[{\"@type\":\"ReadAction\",\"target\":[\"https:\\\/\\\/c-hessler.de\\\/agb\\\/\"]}]},{\"@type\":\"WebSite\",\"@id\":\"https:\\\/\\\/c-hessler.de\\\/#website\",\"url\":\"https:\\\/\\\/c-hessler.de\\\/\",\"name\":\"www.c-hessler.de\",\"description\":\"\",\"publisher\":{\"@id\":\"https:\\\/\\\/c-hessler.de\\\/#organization\"},\"potentialAction\":[{\"@type\":\"SearchAction\",\"target\":{\"@type\":\"EntryPoint\",\"urlTemplate\":\"https:\\\/\\\/c-hessler.de\\\/?s={search_term_string}\"},\"query-input\":{\"@type\":\"PropertyValueSpecification\",\"valueRequired\":true,\"valueName\":\"search_term_string\"}}],\"inLanguage\":\"fi\"},{\"@type\":\"Organization\",\"@id\":\"https:\\\/\\\/c-hessler.de\\\/#organization\",\"name\":\"Dr. Christoph He\u00dfler Maschinensysteme\",\"alternateName\":\"Dr. Christoph He\u00dfler Maschinensysteme\",\"url\":\"https:\\\/\\\/c-hessler.de\\\/\",\"logo\":{\"@type\":\"ImageObject\",\"inLanguage\":\"fi\",\"@id\":\"https:\\\/\\\/c-hessler.de\\\/#\\\/schema\\\/logo\\\/image\\\/\",\"url\":\"https:\\\/\\\/c-hessler.de\\\/wp-content\\\/uploads\\\/2026\\\/02\\\/Draw-03-150312-110115-Ausgeschnitten-I.jpg\",\"contentUrl\":\"https:\\\/\\\/c-hessler.de\\\/wp-content\\\/uploads\\\/2026\\\/02\\\/Draw-03-150312-110115-Ausgeschnitten-I.jpg\",\"width\":445,\"height\":394,\"caption\":\"Dr. Christoph He\u00dfler Maschinensysteme\"},\"image\":{\"@id\":\"https:\\\/\\\/c-hessler.de\\\/#\\\/schema\\\/logo\\\/image\\\/\"},\"sameAs\":[\"https:\\\/\\\/www.facebook.com\\\/DrChristophHesslerMaschinensysteme\\\/\",\"https:\\\/\\\/www.pinterest.de\\\/hesstools\\\/\",\"https:\\\/\\\/www.youtube.com\\\/channel\\\/UCaNnXDGGF_BiYFQZ2kJgi-A?view_as=subscriber\"],\"description\":\"1. Ecken- und Kantenfr\u00e4sen f\u00fcr Tischler und Schreiner, Sonderanfertigungen 2. Auch f\u00fcr die Nachbearbeitung von Eck-Schwei\u00dfn\u00e4hten bei Aluminium-Werkstoffen, f\u00fcr Fahrzeugbauer oder Metallbauer aller Art\",\"email\":\"christoph.hessler@c-hessler.de\",\"telephone\":\"0527413012080\",\"legalName\":\"Dr. Christoph He\u00dfler Maschinensysteme\",\"foundingDate\":\"2003-06-05\",\"vatID\":\"DE230070107\",\"numberOfEmployees\":{\"@type\":\"QuantitativeValue\",\"minValue\":\"1\",\"maxValue\":\"10\"}}]}<\/script>\n<!-- \/ Yoast SEO Premium plugin. -->","yoast_head_json":{"title":"Yleiset k\u00e4ytt\u00f6ehdot - Dr Christoph He\u00dfler Maschinensysteme - Dr Christoph He\u00dfler Maschinensysteme","robots":{"index":"index","follow":"follow","max-snippet":"max-snippet:-1","max-image-preview":"max-image-preview:large","max-video-preview":"max-video-preview:-1"},"canonical":"https:\/\/c-hessler.de\/fi\/agb\/","og_locale":"fi_FI","og_type":"article","og_title":"AGB","og_description":"Allgemeine Gesch\u00e4ftsbedingungen AGB erstellt \u00fcber den Generator der Deutschen Anwaltshotline AG Vertragspartner Auf Grundlage dieser Allgemeinen Gesch\u00e4ftsbedingungen (AGB) kommt zwischen dem Kunden undDr. Christoph He\u00dfler MaschinensystemeVertreten durch Christoph He\u00dflerAdresse: An der Ronceva 5 32312 L\u00fcbbecke Umsatzsteuer-Identifikationsnummer: DE230070107, nachfolgend Anbieter genannt, der Vertrag zustande. Vertragsgegenstand Durch diesen Vertrag wird der Verkauf von neuen Waren aus dem [&hellip;]","og_url":"https:\/\/c-hessler.de\/fi\/agb\/","og_site_name":"Dr. Christoph He\u00dfler Maschinensysteme","article_publisher":"https:\/\/www.facebook.com\/DrChristophHesslerMaschinensysteme\/","article_modified_time":"2025-12-17T06:45:50+00:00","twitter_misc":{"Arvioitu lukuaika":"10 minuuttia"},"schema":{"@context":"https:\/\/schema.org","@graph":[{"@type":"WebPage","@id":"https:\/\/c-hessler.de\/agb\/","url":"https:\/\/c-hessler.de\/agb\/","name":"Yleiset k\u00e4ytt\u00f6ehdot - Dr Christoph He\u00dfler Maschinensysteme - Dr Christoph He\u00dfler Maschinensysteme","isPartOf":{"@id":"https:\/\/c-hessler.de\/#website"},"datePublished":"2015-05-09T14:16:40+00:00","dateModified":"2025-12-17T06:45:50+00:00","inLanguage":"fi","potentialAction":[{"@type":"ReadAction","target":["https:\/\/c-hessler.de\/agb\/"]}]},{"@type":"WebSite","@id":"https:\/\/c-hessler.de\/#website","url":"https:\/\/c-hessler.de\/","name":"www.c-hessler.de","description":"","publisher":{"@id":"https:\/\/c-hessler.de\/#organization"},"potentialAction":[{"@type":"SearchAction","target":{"@type":"EntryPoint","urlTemplate":"https:\/\/c-hessler.de\/?s={search_term_string}"},"query-input":{"@type":"PropertyValueSpecification","valueRequired":true,"valueName":"search_term_string"}}],"inLanguage":"fi"},{"@type":"Organization","@id":"https:\/\/c-hessler.de\/#organization","name":"Tohtori Christoph He\u00dfler Konej\u00e4rjestelm\u00e4t","alternateName":"Dr. Christoph He\u00dfler Maschinensysteme","url":"https:\/\/c-hessler.de\/","logo":{"@type":"ImageObject","inLanguage":"fi","@id":"https:\/\/c-hessler.de\/#\/schema\/logo\/image\/","url":"https:\/\/c-hessler.de\/wp-content\/uploads\/2026\/02\/Draw-03-150312-110115-Ausgeschnitten-I.jpg","contentUrl":"https:\/\/c-hessler.de\/wp-content\/uploads\/2026\/02\/Draw-03-150312-110115-Ausgeschnitten-I.jpg","width":445,"height":394,"caption":"Dr. Christoph He\u00dfler Maschinensysteme"},"image":{"@id":"https:\/\/c-hessler.de\/#\/schema\/logo\/image\/"},"sameAs":["https:\/\/www.facebook.com\/DrChristophHesslerMaschinensysteme\/","https:\/\/www.pinterest.de\/hesstools\/","https:\/\/www.youtube.com\/channel\/UCaNnXDGGF_BiYFQZ2kJgi-A?view_as=subscriber"],"description":"1. Ecken- und Kantenfr\u00e4sen f\u00fcr Tischler und Schreiner, Sonderanfertigungen 2. Auch f\u00fcr die Nachbearbeitung von Eck-Schwei\u00dfn\u00e4hten bei Aluminium-Werkstoffen, f\u00fcr Fahrzeugbauer oder Metallbauer aller Art","email":"christoph.hessler@c-hessler.de","telephone":"0527413012080","legalName":"Dr. Christoph He\u00dfler Maschinensysteme","foundingDate":"2003-06-05","vatID":"DE230070107","numberOfEmployees":{"@type":"QuantitativeValue","minValue":"1","maxValue":"10"}}]}},"_hostinger_reach_plugin_has_subscription_block":false,"_hostinger_reach_plugin_is_elementor":false,"_links":{"self":[{"href":"https:\/\/c-hessler.de\/fi\/wp-json\/wp\/v2\/pages\/9797","targetHints":{"allow":["GET"]}}],"collection":[{"href":"https:\/\/c-hessler.de\/fi\/wp-json\/wp\/v2\/pages"}],"about":[{"href":"https:\/\/c-hessler.de\/fi\/wp-json\/wp\/v2\/types\/page"}],"author":[{"embeddable":true,"href":"https:\/\/c-hessler.de\/fi\/wp-json\/wp\/v2\/users\/9"}],"replies":[{"embeddable":true,"href":"https:\/\/c-hessler.de\/fi\/wp-json\/wp\/v2\/comments?post=9797"}],"version-history":[{"count":3,"href":"https:\/\/c-hessler.de\/fi\/wp-json\/wp\/v2\/pages\/9797\/revisions"}],"predecessor-version":[{"id":208819,"href":"https:\/\/c-hessler.de\/fi\/wp-json\/wp\/v2\/pages\/9797\/revisions\/208819"}],"wp:attachment":[{"href":"https:\/\/c-hessler.de\/fi\/wp-json\/wp\/v2\/media?parent=9797"}],"curies":[{"name":"wp","href":"https:\/\/api.w.org\/{rel}","templated":true}]}}