{"id":10347,"date":"2016-02-23T21:04:44","date_gmt":"2016-02-23T20:04:44","guid":{"rendered":"https:\/\/c-hessler.de\/?post_type=product&#038;p=10347"},"modified":"2025-12-15T17:49:11","modified_gmt":"2025-12-15T16:49:11","slug":"kevyt-premium-sahauskone-kf-400","status":"publish","type":"product","link":"https:\/\/c-hessler.de\/fi\/shop\/leichte-premium-kantenfraese-kf-400\/","title":{"rendered":"Kevyt premium-s\u00e4rm\u00e4ysjyrsin KF 400 TOP"},"content":{"rendered":"<div class=\"wp-block-columns are-vertically-aligned-center is-layout-flex wp-container-core-columns-is-layout-28f84493 wp-block-columns-is-layout-flex\">\n<div class=\"wp-block-column is-layout-flow wp-block-column-is-layout-flow\">\n<figure class=\"wp-block-boldblocks-youtube-block\"><div id=\"yb-video-MM6q6c1a8gE\" class=\"yb-player\" data-video-id=\"MM6q6c1a8gE\" data-title=\"Play\" style=\"background-image:url(https:\/\/img.youtube.com\/vi\/MM6q6c1a8gE\/hqdefault.jpg)\"><button type=\"button\" class=\"yb-btn-play\"><span class=\"visually-hidden\">Pelaa<\/span><\/button><\/div><figcaption class=\"yb-caption\">Pneumaattinen reunajyrsin KF 400 TOP<\/figcaption><\/figure>\n<\/div>\n\n\n\n<div class=\"wp-block-column is-vertically-aligned-center is-layout-flow wp-block-column-is-layout-flow\" style=\"flex-basis:60%\">\n<p class=\"title has-text-color\" style=\"color:#131315\"><strong>Kevyt premium-s\u00e4rm\u00e4ysjyrsin tarkkaan puun ja muovin ty\u00f6st\u00f6\u00f6n.<\/strong><\/p>\n\n\n\n<p>Kevyt ja kest\u00e4v\u00e4, ihanteellinen reunan katkaisuun sek\u00e4 s\u00e4teiden ja viisteiden katkaisuun 2 mm:iin asti.  Samanlainen kuin aikaisempi lamellin jyrsin. 6 mm:n varteen.  Jos haluat enemm\u00e4n tehoa ja 8 mm:n varren, on olemassa my\u00f6s&nbsp;<a href=\"https:\/\/c-hessler.de\/fi\/shop\/saermaeyskone-paineilmalla-kf-400-iii\/\">KF 400 III&nbsp;<\/a>.<\/p>\n\n\n\n<p class=\"title has-text-color\" style=\"color:#131315\">Eritt\u00e4in tasainen, laadukas saksalainen teollisuusilmamoottori. Premium-s\u00e4rm\u00e4ysjyrsimess\u00e4 on integroitu ilmansy\u00f6tt\u00f6- ja poistoletku. Toimitukseen sis\u00e4ltyy korkealaatuinen R2- tai viistoleikkuri koottuna ja testattuna.<br>Eritt\u00e4in kevyt ja helppok\u00e4ytt\u00f6inen: vain 0,58 kg jyrsinp\u00e4\u00e4ss\u00e4.<\/p>\n<\/div>\n<\/div>\n\n\n\n<div style=\"height:122px\" aria-hidden=\"true\" class=\"wp-block-spacer\"><\/div>\n\n\n\n<div class=\"wp-block-columns are-vertically-aligned-center is-layout-flex wp-container-core-columns-is-layout-28f84493 wp-block-columns-is-layout-flex\">\n<div class=\"wp-block-column is-vertically-aligned-center is-layout-flow wp-block-column-is-layout-flow\">\n<h2 class=\"wp-block-heading title has-text-color\" id=\"h-merkmale-zum-system\" style=\"color:#131315\"><strong>J\u00e4rjestelm\u00e4n ominaisuudet<\/strong><\/h2>\n\n\n\n<h5 class=\"wp-block-heading title has-text-color\" id=\"h-anwendungsgebiet\" style=\"color:#131315\">Soveltamisala<\/h5>\n\n\n\n<p class=\"title has-text-color\" style=\"color:#131315\">Kevyt premium-s\u00e4rm\u00e4ysjyrsin tarkkaan puunty\u00f6st\u00f6\u00f6n on eritt\u00e4in helppok\u00e4ytt\u00f6inen. Sit\u00e4 k\u00e4ytet\u00e4\u00e4n tyypillisesti reunojen katkaisuun, viist\u00e4miseen tai jo tasaiseksi jyrsittyjen muovisten reunanauhojen py\u00f6rist\u00e4miseen tai puupaneeleihin. Sen suorituskyky on pienempi kuin suuren reunajyrsimen. Suorituskyvyn raja saavutetaan 2 mm paksun ABS-muovireunan kohdalla, kun sit\u00e4 py\u00f6ristet\u00e4\u00e4n uudella R2-jyrsimen ter\u00e4ll\u00e4.<\/p>\n\n\n\n<h5 class=\"wp-block-heading\" id=\"h-funktion-und-bedienung\">Toiminta ja toiminta<\/h5>\n\n\n\n<p>Sen ohjattavuus on vertaansa vailla. Koska reunajyrsin ei tarvitse akkua tai s\u00e4hk\u00f6moottoria, sen painoa ei tarvitse siirt\u00e4\u00e4.<\/p>\n\n\n\n<p>Paras tapa saada selville, mit\u00e4 KF 400 TOP todella tarkoittaa, on koskettaa sit\u00e4 itse. T\u00e4t\u00e4 varten tarjoamme kaupallisille k\u00e4ytt\u00e4jille ilmaisen, sitoumuksettoman testin.<\/p>\n\n\n\n<h5 class=\"wp-block-heading\" id=\"h-preis\">Hinta<\/h5>\n\n\n\n<ul class=\"wp-block-list\">\n<li>1 viikon testi ilman velvoitteita ja maksutta<\/li>\n\n\n\n<li>Hinta ks. edell\u00e4<\/li>\n<\/ul>\n\n\n\n<h5 class=\"wp-block-heading\" id=\"h-technische-voraussetzungen\">Tekniset vaatimukset<\/h5>\n\n\n\n<p>Kevyeen jyrsimeen mahtuu 6 mm:n varrella varustettuja jyrsimi\u00e4.<\/p>\n\n\n\n<p>Paineilmalaitteen \u00f6ljy\u00e4 on lis\u00e4tt\u00e4v\u00e4 s\u00e4\u00e4nn\u00f6llisesti toimintaa varten. Satunnaisessa k\u00e4yt\u00f6ss\u00e4 t\u00e4m\u00e4 voidaan tehd\u00e4 tiputtamalla \u00f6ljy\u00e4 suoraan paineilmalaitteeseen.<br>\u00d6ljy voidaan sy\u00f6tt\u00e4\u00e4 paineilmaliit\u00e4nn\u00e4n pistokkeen avulla tai jatkuvassa k\u00e4yt\u00f6ss\u00e4 huoltoyksik\u00f6n avulla, joka on s\u00e4\u00e4detty antamaan 1 pisara \u00f6ljy\u00e4 minuutissa.<\/p>\n\n\n\n<h5 class=\"wp-block-heading\" id=\"h-lieferumfang\">Toimituksen laajuus<\/h5>\n\n\n\n<p>KF 400 TOP toimitetaan tulo- ja poistoilmaletkulla. Poistoilmaletku ymp\u00e4r\u00f6i paineilman sy\u00f6tt\u00f6letkua joustavana vaippana ja ohjaa ilman pois ty\u00f6alueelta.<\/p>\n\n\n\n<p>Poistoilmaletkun lis\u00e4vaikutus on melun v\u00e4hent\u00e4minen. KF 400 TOP premium -reunajyrsin on hiljaisempi kuin s\u00e4hk\u00f6jyrsin tai s\u00e4hk\u00f6inen reunajyrsin.<\/p>\n<\/div>\n\n\n\n<div class=\"wp-block-column is-vertically-aligned-center is-layout-flow wp-block-column-is-layout-flow\" style=\"flex-basis:60%\">\n<figure class=\"wp-block-image size-full is-resized\"><img fetchpriority=\"high\" decoding=\"async\" width=\"573\" height=\"265\" src=\"https:\/\/c-hessler.de\/wp-content\/uploads\/2014\/04\/kf400-produktseite.jpg\" alt=\"Kevyet jyrsimet reunojen py\u00f6rist\u00e4miseen ja reunojen viist\u00e4miseen KF 400 TOP\" class=\"wp-image-8301\" style=\"width:579px;height:auto\" srcset=\"https:\/\/c-hessler.de\/wp-content\/uploads\/2014\/04\/kf400-produktseite.jpg 573w, https:\/\/c-hessler.de\/wp-content\/uploads\/2014\/04\/kf400-produktseite-150x69.jpg 150w, https:\/\/c-hessler.de\/wp-content\/uploads\/2014\/04\/kf400-produktseite-510x236.jpg 510w, https:\/\/c-hessler.de\/wp-content\/uploads\/2014\/04\/kf400-produktseite-300x139.jpg 300w\" sizes=\"(max-width: 573px) 100vw, 573px\" \/><figcaption class=\"wp-element-caption\">Kevyet jyrsimet reunojen py\u00f6rist\u00e4miseen ja reunojen viist\u00e4miseen KF 400 TOP<\/figcaption><\/figure>\n\n\n\n<figure class=\"wp-block-image size-full\"><img decoding=\"async\" width=\"577\" height=\"433\" src=\"https:\/\/c-hessler.de\/wp-content\/uploads\/2023\/05\/P1010008.png\" alt=\"\" class=\"wp-image-206540\" srcset=\"https:\/\/c-hessler.de\/wp-content\/uploads\/2023\/05\/P1010008.png 577w, https:\/\/c-hessler.de\/wp-content\/uploads\/2023\/05\/P1010008-300x225.png 300w, https:\/\/c-hessler.de\/wp-content\/uploads\/2023\/05\/P1010008-510x382.png 510w, https:\/\/c-hessler.de\/wp-content\/uploads\/2023\/05\/P1010008-480x360.png 480w, https:\/\/c-hessler.de\/wp-content\/uploads\/2023\/05\/P1010008-150x113.png 150w\" sizes=\"(max-width: 577px) 100vw, 577px\" \/><figcaption class=\"wp-element-caption\">Reunajyrsin KF 400 TOP paineilmalla kokovertailussa yhdell\u00e4 k\u00e4dell\u00e4<\/figcaption><\/figure>\n\n\n\n<figure class=\"wp-block-image size-full is-resized\"><img decoding=\"async\" width=\"730\" height=\"547\" src=\"https:\/\/c-hessler.de\/wp-content\/uploads\/2014\/04\/143aae720ac.jpg\" alt=\"Premium-reunajyrsimen moottori on h\u00e4din tuskin lyijykyn\u00e4\u00e4 suurempi.\" class=\"wp-image-8307\" style=\"width:578px;height:auto\" srcset=\"https:\/\/c-hessler.de\/wp-content\/uploads\/2014\/04\/143aae720ac.jpg 730w, https:\/\/c-hessler.de\/wp-content\/uploads\/2014\/04\/143aae720ac-150x112.jpg 150w, https:\/\/c-hessler.de\/wp-content\/uploads\/2014\/04\/143aae720ac-510x382.jpg 510w, https:\/\/c-hessler.de\/wp-content\/uploads\/2014\/04\/143aae720ac-300x225.jpg 300w\" sizes=\"(max-width: 730px) 100vw, 730px\" \/><figcaption class=\"wp-element-caption\">Premium-reunajyrsimen moottori on h\u00e4din tuskin lyijykyn\u00e4\u00e4 suurempi.<\/figcaption><\/figure>\n\n\n\n<p><\/p>\n<\/div>\n<\/div>\n\n\n\n<div style=\"height:30px\" aria-hidden=\"true\" class=\"wp-block-spacer\"><\/div>","protected":false},"excerpt":{"rendered":"<p class=\"western\">Kompaktissa KF 400 TOP -reunajyrsimess\u00e4 on paineilmamoottori, ja se on erityisesti<b> Hiljainen<\/b> ja<b> helppoa. <\/b>Sen vuoksi sill\u00e4 on <b>Eritt\u00e4in hyv\u00e4 ohjattavuus<\/b>. Se soveltuu eritt\u00e4in hyvin kevyeen purseenpoistoon\/viisteytykseen\/py\u00f6ristykseen puunjalostuksessa ja muovien k\u00e4sittelyss\u00e4, esim. pleksilasille. Samanlainen kuin aikaisempi Lamello Profila Pro, kevyempi ja hiljaisempi. Saksalaisella teollisuusilmamoottorilla.<\/p>\n<p>KF 400 TOP -mallilla saat <strong>Huipputuote<\/strong> osoitteesta <strong>Ohjattavuus<\/strong> ja <strong>Melun v\u00e4hent\u00e4minen<\/strong>. Emme ole tietoisia kevyemm\u00e4st\u00e4 ja hiljaisemmasta reunajyrsimest\u00e4.<\/p>","protected":false},"featured_media":10501,"comment_status":"open","ping_status":"closed","template":"","meta":[],"product_brand":[],"product_cat":[58],"product_tag":[38,45,40],"class_list":{"0":"post-10347","1":"product","2":"type-product","3":"status-publish","4":"has-post-thumbnail","6":"product_cat-handgefuehrte-maschinen","7":"product_tag-handgefuehrt","8":"product_tag-kanten","9":"product_tag-pneumatischer-antrieb","11":"first","12":"instock","13":"taxable","14":"shipping-taxable","15":"purchasable","16":"product-type-simple"},"yoast_head":"<!-- This site is optimized with the Yoast SEO Premium plugin v27.0 (Yoast SEO v27.4) - https:\/\/yoast.com\/product\/yoast-seo-premium-wordpress\/ -->\n<title>Leichte Premium-Kantenfr\u00e4se f\u00fcr pr\u00e4zise Holzbearbeitung<\/title>\n<meta name=\"description\" content=\"Entdecke die leichte Premium-Kantenfr\u00e4se f\u00fcr pr\u00e4zise Holzbearbeitung und Kunststoffbearbeitung. Optimal f\u00fcr Radius und Fase.\" \/>\n<meta name=\"robots\" content=\"index, follow, max-snippet:-1, max-image-preview:large, max-video-preview:-1\" \/>\n<link rel=\"canonical\" href=\"https:\/\/c-hessler.de\/fi\/shop\/kevyt-premium-sahauskone-kf-400\/\" \/>\n<meta property=\"og:locale\" content=\"fi_FI\" \/>\n<meta property=\"og:type\" content=\"article\" \/>\n<meta property=\"og:title\" content=\"Leichte Premium-Kantenfr\u00e4se KF 400 TOP\" \/>\n<meta property=\"og:description\" content=\"Entdecke die leichte Premium-Kantenfr\u00e4se f\u00fcr pr\u00e4zise Holzbearbeitung und Kunststoffbearbeitung. Optimal f\u00fcr Radius und Fase.\" \/>\n<meta property=\"og:url\" content=\"https:\/\/c-hessler.de\/fi\/shop\/kevyt-premium-sahauskone-kf-400\/\" \/>\n<meta property=\"og:site_name\" content=\"Dr. Christoph He\u00dfler Maschinensysteme\" \/>\n<meta property=\"article:publisher\" content=\"https:\/\/www.facebook.com\/DrChristophHesslerMaschinensysteme\/\" \/>\n<meta property=\"article:modified_time\" content=\"2025-12-15T16:49:11+00:00\" \/>\n<meta property=\"og:image\" content=\"https:\/\/c-hessler.de\/wp-content\/uploads\/2016\/02\/IMG_6556_DxO-e1741974693488.jpg\" \/>\n\t<meta property=\"og:image:width\" content=\"1500\" \/>\n\t<meta property=\"og:image:height\" content=\"1199\" \/>\n\t<meta property=\"og:image:type\" content=\"image\/jpeg\" \/>\n<meta name=\"twitter:label1\" content=\"Hinta\" \/>\n\t<meta name=\"twitter:data1\" content=\"490,00&nbsp;&euro; ohne MwSt.\" \/>\n\t<meta name=\"twitter:label2\" content=\"Saatavuus\" \/>\n\t<meta name=\"twitter:data2\" content=\"Varastossa\" \/>\n<script type=\"application\/ld+json\" class=\"yoast-schema-graph\">{\"@context\":\"https:\\\/\\\/schema.org\",\"@graph\":[{\"@type\":\"WebPage\",\"@id\":\"https:\\\/\\\/c-hessler.de\\\/shop\\\/leichte-premium-kantenfraese-kf-400\\\/\",\"url\":\"https:\\\/\\\/c-hessler.de\\\/shop\\\/leichte-premium-kantenfraese-kf-400\\\/\",\"name\":\"Leichte Premium-Kantenfr\u00e4se f\u00fcr pr\u00e4zise Holzbearbeitung\",\"isPartOf\":{\"@id\":\"https:\\\/\\\/c-hessler.de\\\/#website\"},\"primaryImageOfPage\":{\"@id\":\"https:\\\/\\\/c-hessler.de\\\/shop\\\/leichte-premium-kantenfraese-kf-400\\\/#primaryimage\"},\"image\":{\"@id\":\"https:\\\/\\\/c-hessler.de\\\/shop\\\/leichte-premium-kantenfraese-kf-400\\\/#primaryimage\"},\"thumbnailUrl\":\"https:\\\/\\\/c-hessler.de\\\/wp-content\\\/uploads\\\/2016\\\/02\\\/IMG_6556_DxO-e1741974693488.jpg\",\"datePublished\":\"2016-02-23T20:04:44+00:00\",\"dateModified\":\"2025-12-15T16:49:11+00:00\",\"description\":\"Entdecke die leichte Premium-Kantenfr\u00e4se f\u00fcr pr\u00e4zise Holzbearbeitung und Kunststoffbearbeitung. Optimal f\u00fcr Radius und Fase.\",\"breadcrumb\":{\"@id\":\"https:\\\/\\\/c-hessler.de\\\/shop\\\/leichte-premium-kantenfraese-kf-400\\\/#breadcrumb\"},\"inLanguage\":\"fi\",\"potentialAction\":[{\"@type\":\"ReadAction\",\"target\":[\"https:\\\/\\\/c-hessler.de\\\/shop\\\/leichte-premium-kantenfraese-kf-400\\\/\"]}]},{\"@type\":\"ImageObject\",\"inLanguage\":\"fi\",\"@id\":\"https:\\\/\\\/c-hessler.de\\\/shop\\\/leichte-premium-kantenfraese-kf-400\\\/#primaryimage\",\"url\":\"https:\\\/\\\/c-hessler.de\\\/wp-content\\\/uploads\\\/2016\\\/02\\\/IMG_6556_DxO-e1741974693488.jpg\",\"contentUrl\":\"https:\\\/\\\/c-hessler.de\\\/wp-content\\\/uploads\\\/2016\\\/02\\\/IMG_6556_DxO-e1741974693488.jpg\",\"width\":1500,\"height\":1199,\"caption\":\"Gewicht ohne Schlauch mit Teller und Fr\u00e4ser wie abgebildet: 0,58 kg\"},{\"@type\":\"BreadcrumbList\",\"@id\":\"https:\\\/\\\/c-hessler.de\\\/shop\\\/leichte-premium-kantenfraese-kf-400\\\/#breadcrumb\",\"itemListElement\":[{\"@type\":\"ListItem\",\"position\":1,\"name\":\"Produkte\",\"item\":\"https:\\\/\\\/c-hessler.de\\\/produkte\\\/\"},{\"@type\":\"ListItem\",\"position\":2,\"name\":\"Leichte Premium-Kantenfr\u00e4se KF 400 TOP\"}]},{\"@type\":\"WebSite\",\"@id\":\"https:\\\/\\\/c-hessler.de\\\/#website\",\"url\":\"https:\\\/\\\/c-hessler.de\\\/\",\"name\":\"www.c-hessler.de\",\"description\":\"\",\"publisher\":{\"@id\":\"https:\\\/\\\/c-hessler.de\\\/#organization\"},\"potentialAction\":[{\"@type\":\"SearchAction\",\"target\":{\"@type\":\"EntryPoint\",\"urlTemplate\":\"https:\\\/\\\/c-hessler.de\\\/?s={search_term_string}\"},\"query-input\":{\"@type\":\"PropertyValueSpecification\",\"valueRequired\":true,\"valueName\":\"search_term_string\"}}],\"inLanguage\":\"fi\"},{\"@type\":\"Organization\",\"@id\":\"https:\\\/\\\/c-hessler.de\\\/#organization\",\"name\":\"Dr. Christoph He\u00dfler Maschinensysteme\",\"alternateName\":\"Dr. Christoph He\u00dfler Maschinensysteme\",\"url\":\"https:\\\/\\\/c-hessler.de\\\/\",\"logo\":{\"@type\":\"ImageObject\",\"inLanguage\":\"fi\",\"@id\":\"https:\\\/\\\/c-hessler.de\\\/#\\\/schema\\\/logo\\\/image\\\/\",\"url\":\"https:\\\/\\\/c-hessler.de\\\/wp-content\\\/uploads\\\/2026\\\/02\\\/Draw-03-150312-110115-Ausgeschnitten-I.jpg\",\"contentUrl\":\"https:\\\/\\\/c-hessler.de\\\/wp-content\\\/uploads\\\/2026\\\/02\\\/Draw-03-150312-110115-Ausgeschnitten-I.jpg\",\"width\":445,\"height\":394,\"caption\":\"Dr. Christoph He\u00dfler Maschinensysteme\"},\"image\":{\"@id\":\"https:\\\/\\\/c-hessler.de\\\/#\\\/schema\\\/logo\\\/image\\\/\"},\"sameAs\":[\"https:\\\/\\\/www.facebook.com\\\/DrChristophHesslerMaschinensysteme\\\/\",\"https:\\\/\\\/www.pinterest.de\\\/hesstools\\\/\",\"https:\\\/\\\/www.youtube.com\\\/channel\\\/UCaNnXDGGF_BiYFQZ2kJgi-A?view_as=subscriber\"],\"description\":\"1. Ecken- und Kantenfr\u00e4sen f\u00fcr Tischler und Schreiner, Sonderanfertigungen 2. Auch f\u00fcr die Nachbearbeitung von Eck-Schwei\u00dfn\u00e4hten bei Aluminium-Werkstoffen, f\u00fcr Fahrzeugbauer oder Metallbauer aller Art\",\"email\":\"christoph.hessler@c-hessler.de\",\"telephone\":\"0527413012080\",\"legalName\":\"Dr. Christoph He\u00dfler Maschinensysteme\",\"foundingDate\":\"2003-06-05\",\"vatID\":\"DE230070107\",\"numberOfEmployees\":{\"@type\":\"QuantitativeValue\",\"minValue\":\"1\",\"maxValue\":\"10\"}}]}<\/script>\n<meta property=\"product:price:amount\" content=\"490.00\" \/>\n<meta property=\"product:price:currency\" content=\"EUR\" \/>\n<meta property=\"og:availability\" content=\"instock\" \/>\n<meta property=\"product:availability\" content=\"instock\" \/>\n<meta property=\"product:retailer_item_id\" content=\"leichte-premium-kantenfraese-kf-400\" \/>\n<meta property=\"product:condition\" content=\"new\" \/>\n<!-- \/ Yoast SEO Premium plugin. -->","yoast_head_json":{"title":"Kevyt premium-s\u00e4rm\u00e4ysjyrsin tarkkaan puunty\u00f6st\u00f6\u00f6n","description":"Tutustu kevyeen premium-s\u00e4rm\u00e4ysjyrsimeen tarkkaan puun ja muovin ty\u00f6st\u00f6\u00f6n. Ihanteellinen s\u00e4teiden ja viisteiden muotoiluun.","robots":{"index":"index","follow":"follow","max-snippet":"max-snippet:-1","max-image-preview":"max-image-preview:large","max-video-preview":"max-video-preview:-1"},"canonical":"https:\/\/c-hessler.de\/fi\/shop\/kevyt-premium-sahauskone-kf-400\/","og_locale":"fi_FI","og_type":"article","og_title":"Leichte Premium-Kantenfr\u00e4se KF 400 TOP","og_description":"Entdecke die leichte Premium-Kantenfr\u00e4se f\u00fcr pr\u00e4zise Holzbearbeitung und Kunststoffbearbeitung. Optimal f\u00fcr Radius und Fase.","og_url":"https:\/\/c-hessler.de\/fi\/shop\/kevyt-premium-sahauskone-kf-400\/","og_site_name":"Dr. Christoph He\u00dfler Maschinensysteme","article_publisher":"https:\/\/www.facebook.com\/DrChristophHesslerMaschinensysteme\/","article_modified_time":"2025-12-15T16:49:11+00:00","og_image":[{"width":1500,"height":1199,"url":"https:\/\/c-hessler.de\/wp-content\/uploads\/2016\/02\/IMG_6556_DxO-e1741974693488.jpg","type":"image\/jpeg"}],"twitter_misc":{"Hinta":"490,00&nbsp;&euro; ohne MwSt.","Saatavuus":"Varastossa"},"schema":{"@context":"https:\/\/schema.org","@graph":[{"@type":"WebPage","@id":"https:\/\/c-hessler.de\/shop\/leichte-premium-kantenfraese-kf-400\/","url":"https:\/\/c-hessler.de\/shop\/leichte-premium-kantenfraese-kf-400\/","name":"Kevyt premium-s\u00e4rm\u00e4ysjyrsin tarkkaan puunty\u00f6st\u00f6\u00f6n","isPartOf":{"@id":"https:\/\/c-hessler.de\/#website"},"primaryImageOfPage":{"@id":"https:\/\/c-hessler.de\/shop\/leichte-premium-kantenfraese-kf-400\/#primaryimage"},"image":{"@id":"https:\/\/c-hessler.de\/shop\/leichte-premium-kantenfraese-kf-400\/#primaryimage"},"thumbnailUrl":"https:\/\/c-hessler.de\/wp-content\/uploads\/2016\/02\/IMG_6556_DxO-e1741974693488.jpg","datePublished":"2016-02-23T20:04:44+00:00","dateModified":"2025-12-15T16:49:11+00:00","description":"Tutustu kevyeen premium-s\u00e4rm\u00e4ysjyrsimeen tarkkaan puun ja muovin ty\u00f6st\u00f6\u00f6n. Ihanteellinen s\u00e4teiden ja viisteiden muotoiluun.","breadcrumb":{"@id":"https:\/\/c-hessler.de\/shop\/leichte-premium-kantenfraese-kf-400\/#breadcrumb"},"inLanguage":"fi","potentialAction":[{"@type":"ReadAction","target":["https:\/\/c-hessler.de\/shop\/leichte-premium-kantenfraese-kf-400\/"]}]},{"@type":"ImageObject","inLanguage":"fi","@id":"https:\/\/c-hessler.de\/shop\/leichte-premium-kantenfraese-kf-400\/#primaryimage","url":"https:\/\/c-hessler.de\/wp-content\/uploads\/2016\/02\/IMG_6556_DxO-e1741974693488.jpg","contentUrl":"https:\/\/c-hessler.de\/wp-content\/uploads\/2016\/02\/IMG_6556_DxO-e1741974693488.jpg","width":1500,"height":1199,"caption":"Gewicht ohne Schlauch mit Teller und Fr\u00e4ser wie abgebildet: 0,58 kg"},{"@type":"BreadcrumbList","@id":"https:\/\/c-hessler.de\/shop\/leichte-premium-kantenfraese-kf-400\/#breadcrumb","itemListElement":[{"@type":"ListItem","position":1,"name":"Produkte","item":"https:\/\/c-hessler.de\/produkte\/"},{"@type":"ListItem","position":2,"name":"Leichte Premium-Kantenfr\u00e4se KF 400 TOP"}]},{"@type":"WebSite","@id":"https:\/\/c-hessler.de\/#website","url":"https:\/\/c-hessler.de\/","name":"www.c-hessler.de","description":"","publisher":{"@id":"https:\/\/c-hessler.de\/#organization"},"potentialAction":[{"@type":"SearchAction","target":{"@type":"EntryPoint","urlTemplate":"https:\/\/c-hessler.de\/?s={search_term_string}"},"query-input":{"@type":"PropertyValueSpecification","valueRequired":true,"valueName":"search_term_string"}}],"inLanguage":"fi"},{"@type":"Organization","@id":"https:\/\/c-hessler.de\/#organization","name":"Tohtori Christoph He\u00dfler Konej\u00e4rjestelm\u00e4t","alternateName":"Dr. Christoph He\u00dfler Maschinensysteme","url":"https:\/\/c-hessler.de\/","logo":{"@type":"ImageObject","inLanguage":"fi","@id":"https:\/\/c-hessler.de\/#\/schema\/logo\/image\/","url":"https:\/\/c-hessler.de\/wp-content\/uploads\/2026\/02\/Draw-03-150312-110115-Ausgeschnitten-I.jpg","contentUrl":"https:\/\/c-hessler.de\/wp-content\/uploads\/2026\/02\/Draw-03-150312-110115-Ausgeschnitten-I.jpg","width":445,"height":394,"caption":"Dr. Christoph He\u00dfler Maschinensysteme"},"image":{"@id":"https:\/\/c-hessler.de\/#\/schema\/logo\/image\/"},"sameAs":["https:\/\/www.facebook.com\/DrChristophHesslerMaschinensysteme\/","https:\/\/www.pinterest.de\/hesstools\/","https:\/\/www.youtube.com\/channel\/UCaNnXDGGF_BiYFQZ2kJgi-A?view_as=subscriber"],"description":"1. Ecken- und Kantenfr\u00e4sen f\u00fcr Tischler und Schreiner, Sonderanfertigungen 2. Auch f\u00fcr die Nachbearbeitung von Eck-Schwei\u00dfn\u00e4hten bei Aluminium-Werkstoffen, f\u00fcr Fahrzeugbauer oder Metallbauer aller Art","email":"christoph.hessler@c-hessler.de","telephone":"0527413012080","legalName":"Dr. Christoph He\u00dfler Maschinensysteme","foundingDate":"2003-06-05","vatID":"DE230070107","numberOfEmployees":{"@type":"QuantitativeValue","minValue":"1","maxValue":"10"}}]},"product_price_amount":"490.00","product_price_currency":"EUR","og_availability":"instock","product_availability":"instock","product_retailer_item_id":"leichte-premium-kantenfraese-kf-400","product_condition":"new"},"_links":{"self":[{"href":"https:\/\/c-hessler.de\/fi\/wp-json\/wp\/v2\/product\/10347","targetHints":{"allow":["GET"]}}],"collection":[{"href":"https:\/\/c-hessler.de\/fi\/wp-json\/wp\/v2\/product"}],"about":[{"href":"https:\/\/c-hessler.de\/fi\/wp-json\/wp\/v2\/types\/product"}],"replies":[{"embeddable":true,"href":"https:\/\/c-hessler.de\/fi\/wp-json\/wp\/v2\/comments?post=10347"}],"wp:featuredmedia":[{"embeddable":true,"href":"https:\/\/c-hessler.de\/fi\/wp-json\/wp\/v2\/media\/10501"}],"wp:attachment":[{"href":"https:\/\/c-hessler.de\/fi\/wp-json\/wp\/v2\/media?parent=10347"}],"wp:term":[{"taxonomy":"product_brand","embeddable":true,"href":"https:\/\/c-hessler.de\/fi\/wp-json\/wp\/v2\/product_brand?post=10347"},{"taxonomy":"product_cat","embeddable":true,"href":"https:\/\/c-hessler.de\/fi\/wp-json\/wp\/v2\/product_cat?post=10347"},{"taxonomy":"product_tag","embeddable":true,"href":"https:\/\/c-hessler.de\/fi\/wp-json\/wp\/v2\/product_tag?post=10347"}],"curies":[{"name":"wp","href":"https:\/\/api.w.org\/{rel}","templated":true}]}}