{"id":205595,"date":"2018-12-19T09:04:35","date_gmt":"2018-12-19T08:04:35","guid":{"rendered":"https:\/\/c-hessler.de\/?post_type=product&#038;p=205595"},"modified":"2025-12-10T18:46:29","modified_gmt":"2025-12-10T17:46:29","slug":"mafell-fraesmotor-fm-1000","status":"publish","type":"product","link":"https:\/\/c-hessler.de\/fi\/shop\/mafell-fraesmotor-fm-1000\/","title":{"rendered":"Moottori CNC-jyrsinkoneisiin ja jyrsinp\u00f6ytiin Mafell FM 1000"},"content":{"rendered":"<div style=\"height:30px\" aria-hidden=\"true\" class=\"wp-block-spacer\"><\/div>\n\n\n\n<div class=\"wp-block-columns is-layout-flex wp-container-core-columns-is-layout-28f84493 wp-block-columns-is-layout-flex\">\n<div class=\"wp-block-column is-layout-flow wp-block-column-is-layout-flow\">\n<figure class=\"wp-block-image size-full\"><img fetchpriority=\"high\" decoding=\"async\" width=\"511\" height=\"390\" src=\"https:\/\/c-hessler.de\/wp-content\/uploads\/2018\/12\/detailbild_04.jpg\" alt=\"Karan lukitus\" class=\"wp-image-205607\" srcset=\"https:\/\/c-hessler.de\/wp-content\/uploads\/2018\/12\/detailbild_04.jpg 511w, https:\/\/c-hessler.de\/wp-content\/uploads\/2018\/12\/detailbild_04-150x114.jpg 150w, https:\/\/c-hessler.de\/wp-content\/uploads\/2018\/12\/detailbild_04-300x229.jpg 300w, https:\/\/c-hessler.de\/wp-content\/uploads\/2018\/12\/detailbild_04-510x389.jpg 510w\" sizes=\"(max-width: 511px) 100vw, 511px\" \/><figcaption class=\"wp-element-caption\">Karan lukitusta painetaan ty\u00f6kalujen vaihtamiseksi. T\u00e4m\u00e4n j\u00e4lkeen tarvitaan vain 1 jakoavain kiristysmutteria varten.<br><\/figcaption><\/figure>\n<\/div>\n\n\n\n<div class=\"wp-block-column is-layout-flow wp-block-column-is-layout-flow\">\n<figure class=\"wp-block-image size-full\"><img decoding=\"async\" width=\"511\" height=\"390\" src=\"https:\/\/c-hessler.de\/wp-content\/uploads\/2018\/12\/detailbild_03.jpg\" alt=\"Laakerit on kiinnitetty iskusuojalla\" class=\"wp-image-205606\" srcset=\"https:\/\/c-hessler.de\/wp-content\/uploads\/2018\/12\/detailbild_03.jpg 511w, https:\/\/c-hessler.de\/wp-content\/uploads\/2018\/12\/detailbild_03-150x114.jpg 150w, https:\/\/c-hessler.de\/wp-content\/uploads\/2018\/12\/detailbild_03-300x229.jpg 300w, https:\/\/c-hessler.de\/wp-content\/uploads\/2018\/12\/detailbild_03-510x389.jpg 510w\" sizes=\"(max-width: 511px) 100vw, 511px\" \/><figcaption class=\"wp-element-caption\">Kun lastut lent\u00e4v\u00e4t, kone on suojattava turvallisesti. FM 1000 -mallissa on t\u00e4t\u00e4 tarkoitusta varten py\u00f6riv\u00e4 iskusuoja (hopea). Se pit\u00e4\u00e4 lastut poissa k\u00e4ytt\u00f6karan laakereista.<br><\/figcaption><\/figure>\n<\/div>\n<\/div>\n\n\n\n<div class=\"wp-block-columns is-layout-flex wp-container-core-columns-is-layout-28f84493 wp-block-columns-is-layout-flex\">\n<div class=\"wp-block-column is-layout-flow wp-block-column-is-layout-flow\">\n<figure class=\"wp-block-image size-full\"><img decoding=\"async\" width=\"511\" height=\"390\" src=\"https:\/\/c-hessler.de\/wp-content\/uploads\/2018\/12\/detailbild_02.jpg\" alt=\"Euroneck 43mm\" class=\"wp-image-205605\" srcset=\"https:\/\/c-hessler.de\/wp-content\/uploads\/2018\/12\/detailbild_02.jpg 511w, https:\/\/c-hessler.de\/wp-content\/uploads\/2018\/12\/detailbild_02-150x114.jpg 150w, https:\/\/c-hessler.de\/wp-content\/uploads\/2018\/12\/detailbild_02-300x229.jpg 300w, https:\/\/c-hessler.de\/wp-content\/uploads\/2018\/12\/detailbild_02-510x389.jpg 510w\" sizes=\"(max-width: 511px) 100vw, 511px\" \/><figcaption class=\"wp-element-caption\">Kiinnitys- ja laakerilaippa on valmistettu ter\u00e4ksest\u00e4. Se vaimentaa turvallisesti ty\u00f6st\u00f6vaikutukset. Halkaisijaltaan 43 mm:n laippa sopii tavallisiin pidikkeisiin.<br><\/figcaption><\/figure>\n<\/div>\n\n\n\n<div class=\"wp-block-column is-layout-flow wp-block-column-is-layout-flow\">\n<figure class=\"wp-block-image size-full\"><img loading=\"lazy\" decoding=\"async\" width=\"511\" height=\"390\" src=\"https:\/\/c-hessler.de\/wp-content\/uploads\/2018\/12\/detailbild_01.jpg\" alt=\"S\u00e4\u00e4dett\u00e4v\u00e4 ja s\u00e4\u00e4dett\u00e4v\u00e4 nopeus\" class=\"wp-image-205604\" srcset=\"https:\/\/c-hessler.de\/wp-content\/uploads\/2018\/12\/detailbild_01.jpg 511w, https:\/\/c-hessler.de\/wp-content\/uploads\/2018\/12\/detailbild_01-150x114.jpg 150w, https:\/\/c-hessler.de\/wp-content\/uploads\/2018\/12\/detailbild_01-300x229.jpg 300w, https:\/\/c-hessler.de\/wp-content\/uploads\/2018\/12\/detailbild_01-510x389.jpg 510w\" sizes=\"(max-width: 511px) 100vw, 511px\" \/><figcaption class=\"wp-element-caption\">Nopeus voidaan esiasettaa 4 000 kierrosta minuutissa 25 000 kierrokseen minuutissa. Elektroniikka varmistaa, ett\u00e4 nopeus pysyy samana. Turvallinen ja puhdas reititys akryylist\u00e4 lastulevylle.<br><\/figcaption><\/figure>\n<\/div>\n<\/div>\n\n\n\n<div class=\"wp-block-columns is-layout-flex wp-container-core-columns-is-layout-28f84493 wp-block-columns-is-layout-flex\">\n<div class=\"wp-block-column is-layout-flow wp-block-column-is-layout-flow\">\n<figure class=\"wp-block-image size-full\"><img loading=\"lazy\" decoding=\"async\" width=\"1417\" height=\"1417\" src=\"https:\/\/c-hessler.de\/wp-content\/uploads\/2018\/12\/093732_spannzange.jpg\" alt=\"8 mm:n hylsyruuvi pit\u00e4\u00e4 jyrsimen paikoillaan.\" class=\"wp-image-205603\" srcset=\"https:\/\/c-hessler.de\/wp-content\/uploads\/2018\/12\/093732_spannzange.jpg 1417w, https:\/\/c-hessler.de\/wp-content\/uploads\/2018\/12\/093732_spannzange-400x400.jpg 400w, https:\/\/c-hessler.de\/wp-content\/uploads\/2018\/12\/093732_spannzange-100x100.jpg 100w, https:\/\/c-hessler.de\/wp-content\/uploads\/2018\/12\/093732_spannzange-800x800.jpg 800w, https:\/\/c-hessler.de\/wp-content\/uploads\/2018\/12\/093732_spannzange-150x150.jpg 150w, https:\/\/c-hessler.de\/wp-content\/uploads\/2018\/12\/093732_spannzange-300x300.jpg 300w, https:\/\/c-hessler.de\/wp-content\/uploads\/2018\/12\/093732_spannzange-768x768.jpg 768w, https:\/\/c-hessler.de\/wp-content\/uploads\/2018\/12\/093732_spannzange-1024x1024.jpg 1024w, https:\/\/c-hessler.de\/wp-content\/uploads\/2018\/12\/093732_spannzange-1080x1080.jpg 1080w\" sizes=\"(max-width: 1417px) 100vw, 1417px\" \/><figcaption class=\"wp-element-caption\">Jyrsint\u00e4jyrsint\u00e4 pidet\u00e4\u00e4n karaistukassa, ja se ty\u00f6nnet\u00e4\u00e4n k\u00e4ytt\u00f6karan kartioon. FM 1000 -jyrsint\u00e4moottorin mukana toimitetaan 8 mm:n varteen sopiva kiristysruuvi. Muut hylsyt pyydett\u00e4ess\u00e4. Suurin kiristett\u00e4v\u00e4n varren halkaisija on 10 mm.<br><\/figcaption><\/figure>\n<\/div>\n\n\n\n<div class=\"wp-block-column is-layout-flow wp-block-column-is-layout-flow\">\n<figure class=\"wp-block-image size-full\"><img loading=\"lazy\" decoding=\"async\" width=\"1417\" height=\"1417\" src=\"https:\/\/c-hessler.de\/wp-content\/uploads\/2018\/12\/093729_ueberwurfmutter.jpg\" alt=\"Kuusiokulmainen liitosmutteri\" class=\"wp-image-205602\" srcset=\"https:\/\/c-hessler.de\/wp-content\/uploads\/2018\/12\/093729_ueberwurfmutter.jpg 1417w, https:\/\/c-hessler.de\/wp-content\/uploads\/2018\/12\/093729_ueberwurfmutter-400x400.jpg 400w, https:\/\/c-hessler.de\/wp-content\/uploads\/2018\/12\/093729_ueberwurfmutter-100x100.jpg 100w, https:\/\/c-hessler.de\/wp-content\/uploads\/2018\/12\/093729_ueberwurfmutter-800x800.jpg 800w, https:\/\/c-hessler.de\/wp-content\/uploads\/2018\/12\/093729_ueberwurfmutter-150x150.jpg 150w, https:\/\/c-hessler.de\/wp-content\/uploads\/2018\/12\/093729_ueberwurfmutter-300x300.jpg 300w, https:\/\/c-hessler.de\/wp-content\/uploads\/2018\/12\/093729_ueberwurfmutter-768x768.jpg 768w, https:\/\/c-hessler.de\/wp-content\/uploads\/2018\/12\/093729_ueberwurfmutter-1024x1024.jpg 1024w, https:\/\/c-hessler.de\/wp-content\/uploads\/2018\/12\/093729_ueberwurfmutter-1080x1080.jpg 1080w\" sizes=\"(max-width: 1417px) 100vw, 1417px\" \/><figcaption class=\"wp-element-caption\">Liitosmutteri painaa kiristysruuvin k\u00e4ytt\u00f6akselin kartioon. Se kiristet\u00e4\u00e4n koneen mukana toimitetulla jakoavaimella. Samalla painetaan karan lukitus.<br><\/figcaption><\/figure>\n<\/div>\n<\/div>\n\n\n\n<div style=\"height:30px\" aria-hidden=\"true\" class=\"wp-block-spacer\"><\/div>","protected":false},"excerpt":{"rendered":"<p>T\u00e4ss\u00e4 tulee Mafellin hyv\u00e4ksi todetun moottorin jatkokehitys CNC-jyrsint\u00e4\u00e4n ja jyrsinp\u00f6ytiin.<\/p>\n<ul>\n<li>1000 wattia = 1 kW<\/li>\n<li>Korkea keskittyneisyys: <strong>Pienempi 0,01mm<\/strong> puristuskartiossa<\/li>\n<li>S\u00e4\u00e4dett\u00e4v\u00e4 nopeus: Nimellinen tyhj\u00e4k\u00e4yntinopeus 4 000 - 25 000 rpm.<\/li>\n<li><strong>Miellytt\u00e4v\u00e4n hiljainen, erityisen miellytt\u00e4v\u00e4 jatkuvassa k\u00e4yt\u00f6ss\u00e4: \u00e4\u00e4nenpainetaso dB (A) max. 75 %.<\/strong><\/li>\n<li>Kaikki liit\u00e4nt\u00e4mitat kuten edelt\u00e4j\u00e4mallissa: Mitat (LxSxKxL) 73 mm x 254 mm x 79 mm, kiinnityskaula 43 mm.<\/li>\n<li>Mukana 8 mm:n hylsy ja<strong> 4 metrin kaapeli<\/strong>. Ty\u00f6st\u00f6ruuvi <strong>max. akselille 10 mm<\/strong> saatavana lis\u00e4varusteena.<\/li>\n<li>Paino 1,65 kg<\/li>\n<\/ul>\n<p>MAFELLin jyrsint\u00e4moottorit valmistetaan tiukimmassa laadunvalvonnassa Oberndorf am Neckarissa Saksassa. Ennen toimitusta jokainen jyrsint\u00e4moottori ajetaan sis\u00e4\u00e4n laboratorio-olosuhteissa. T\u00e4m\u00e4 lis\u00e4\u00e4 k\u00e4ytt\u00f6ik\u00e4\u00e4 ja kest\u00e4vyytt\u00e4.<\/p>","protected":false},"featured_media":205601,"comment_status":"open","ping_status":"closed","template":"","meta":[],"product_brand":[],"product_cat":[94],"product_tag":[46,95,97,96,38],"class_list":{"0":"post-205595","1":"product","2":"type-product","3":"status-publish","4":"has-post-thumbnail","6":"product_cat-motoren-und-antriebe","7":"product_tag-elektrischer-antrieb","8":"product_tag-elektromotor","9":"product_tag-fm-1000","10":"product_tag-fraesmotor","11":"product_tag-handgefuehrt","13":"first","14":"onbackorder","15":"sold-individually","16":"taxable","17":"shipping-taxable","18":"purchasable","19":"product-type-simple"},"yoast_head":"<!-- This site is optimized with the Yoast SEO Premium plugin v27.0 (Yoast SEO v27.4) - https:\/\/yoast.com\/product\/yoast-seo-premium-wordpress\/ -->\n<title>Motor f\u00fcr CNC-Fr\u00e4sen und Fr\u00e4stische Mafell FM 1000 - Dr. Christoph He\u00dfler Maschinensysteme<\/title>\n<meta name=\"description\" content=\"Der neue Fr\u00e4smotor von Mafell f\u00fcr CNC-Fr\u00e4sen und Fr\u00e4stische im Modellbau, Formenbau, Werbetechnik, Gravur, Schmuck, Elektronik, Steinmetzarbeiten\" \/>\n<meta name=\"robots\" content=\"index, follow, max-snippet:-1, max-image-preview:large, max-video-preview:-1\" \/>\n<link rel=\"canonical\" href=\"https:\/\/c-hessler.de\/fi\/shop\/mafell-fraesmotor-fm-1000\/\" \/>\n<meta property=\"og:locale\" content=\"fi_FI\" \/>\n<meta property=\"og:type\" content=\"article\" \/>\n<meta property=\"og:title\" content=\"Motor f\u00fcr CNC-Fr\u00e4sen und Fr\u00e4stische Mafell FM 1000\" \/>\n<meta property=\"og:description\" content=\"Der neue Fr\u00e4smotor von Mafell f\u00fcr CNC-Fr\u00e4sen und Fr\u00e4stische im Modellbau, Formenbau, Werbetechnik, Gravur, Schmuck, Elektronik, Steinmetzarbeiten\" \/>\n<meta property=\"og:url\" content=\"https:\/\/c-hessler.de\/fi\/shop\/mafell-fraesmotor-fm-1000\/\" \/>\n<meta property=\"og:site_name\" content=\"Dr. Christoph He\u00dfler Maschinensysteme\" \/>\n<meta property=\"article:publisher\" content=\"https:\/\/www.facebook.com\/DrChristophHesslerMaschinensysteme\/\" \/>\n<meta property=\"article:modified_time\" content=\"2025-12-10T17:46:29+00:00\" \/>\n<meta property=\"og:image\" content=\"https:\/\/c-hessler.de\/wp-content\/uploads\/2018\/12\/fm_800_1000_frei-e1545382484196-scaled.jpg\" \/>\n\t<meta property=\"og:image:width\" content=\"2560\" \/>\n\t<meta property=\"og:image:height\" content=\"1903\" \/>\n\t<meta property=\"og:image:type\" content=\"image\/jpeg\" \/>\n<meta name=\"twitter:label1\" content=\"Hinta\" \/>\n\t<meta name=\"twitter:data1\" content=\"273,00&nbsp;&euro; ohne MwSt.\" \/>\n\t<meta name=\"twitter:label2\" content=\"Saatavuus\" \/>\n\t<meta name=\"twitter:data2\" content=\"J\u00e4lkitoimituksessa\" \/>\n<script type=\"application\/ld+json\" class=\"yoast-schema-graph\">{\"@context\":\"https:\\\/\\\/schema.org\",\"@graph\":[{\"@type\":\"WebPage\",\"@id\":\"https:\\\/\\\/c-hessler.de\\\/shop\\\/mafell-fraesmotor-fm-1000\\\/\",\"url\":\"https:\\\/\\\/c-hessler.de\\\/shop\\\/mafell-fraesmotor-fm-1000\\\/\",\"name\":\"Motor f\u00fcr CNC-Fr\u00e4sen und Fr\u00e4stische Mafell FM 1000 - Dr. Christoph He\u00dfler Maschinensysteme\",\"isPartOf\":{\"@id\":\"https:\\\/\\\/c-hessler.de\\\/#website\"},\"primaryImageOfPage\":{\"@id\":\"https:\\\/\\\/c-hessler.de\\\/shop\\\/mafell-fraesmotor-fm-1000\\\/#primaryimage\"},\"image\":{\"@id\":\"https:\\\/\\\/c-hessler.de\\\/shop\\\/mafell-fraesmotor-fm-1000\\\/#primaryimage\"},\"thumbnailUrl\":\"https:\\\/\\\/c-hessler.de\\\/wp-content\\\/uploads\\\/2018\\\/12\\\/fm_800_1000_frei-e1545382484196-scaled.jpg\",\"datePublished\":\"2018-12-19T08:04:35+00:00\",\"dateModified\":\"2025-12-10T17:46:29+00:00\",\"description\":\"Der neue Fr\u00e4smotor von Mafell f\u00fcr CNC-Fr\u00e4sen und Fr\u00e4stische im Modellbau, Formenbau, Werbetechnik, Gravur, Schmuck, Elektronik, Steinmetzarbeiten\",\"breadcrumb\":{\"@id\":\"https:\\\/\\\/c-hessler.de\\\/shop\\\/mafell-fraesmotor-fm-1000\\\/#breadcrumb\"},\"inLanguage\":\"fi\",\"potentialAction\":[{\"@type\":\"ReadAction\",\"target\":[\"https:\\\/\\\/c-hessler.de\\\/shop\\\/mafell-fraesmotor-fm-1000\\\/\"]}]},{\"@type\":\"ImageObject\",\"inLanguage\":\"fi\",\"@id\":\"https:\\\/\\\/c-hessler.de\\\/shop\\\/mafell-fraesmotor-fm-1000\\\/#primaryimage\",\"url\":\"https:\\\/\\\/c-hessler.de\\\/wp-content\\\/uploads\\\/2018\\\/12\\\/fm_800_1000_frei-e1545382484196-scaled.jpg\",\"contentUrl\":\"https:\\\/\\\/c-hessler.de\\\/wp-content\\\/uploads\\\/2018\\\/12\\\/fm_800_1000_frei-e1545382484196-scaled.jpg\",\"width\":2560,\"height\":1903,\"caption\":\"Fr\u00e4smotor Mafell FM 1000\"},{\"@type\":\"BreadcrumbList\",\"@id\":\"https:\\\/\\\/c-hessler.de\\\/shop\\\/mafell-fraesmotor-fm-1000\\\/#breadcrumb\",\"itemListElement\":[{\"@type\":\"ListItem\",\"position\":1,\"name\":\"Produkte\",\"item\":\"https:\\\/\\\/c-hessler.de\\\/produkte\\\/\"},{\"@type\":\"ListItem\",\"position\":2,\"name\":\"Motor f\u00fcr CNC-Fr\u00e4sen und Fr\u00e4stische Mafell FM 1000\"}]},{\"@type\":\"WebSite\",\"@id\":\"https:\\\/\\\/c-hessler.de\\\/#website\",\"url\":\"https:\\\/\\\/c-hessler.de\\\/\",\"name\":\"www.c-hessler.de\",\"description\":\"\",\"publisher\":{\"@id\":\"https:\\\/\\\/c-hessler.de\\\/#organization\"},\"potentialAction\":[{\"@type\":\"SearchAction\",\"target\":{\"@type\":\"EntryPoint\",\"urlTemplate\":\"https:\\\/\\\/c-hessler.de\\\/?s={search_term_string}\"},\"query-input\":{\"@type\":\"PropertyValueSpecification\",\"valueRequired\":true,\"valueName\":\"search_term_string\"}}],\"inLanguage\":\"fi\"},{\"@type\":\"Organization\",\"@id\":\"https:\\\/\\\/c-hessler.de\\\/#organization\",\"name\":\"Dr. Christoph He\u00dfler Maschinensysteme\",\"alternateName\":\"Dr. Christoph He\u00dfler Maschinensysteme\",\"url\":\"https:\\\/\\\/c-hessler.de\\\/\",\"logo\":{\"@type\":\"ImageObject\",\"inLanguage\":\"fi\",\"@id\":\"https:\\\/\\\/c-hessler.de\\\/#\\\/schema\\\/logo\\\/image\\\/\",\"url\":\"https:\\\/\\\/c-hessler.de\\\/wp-content\\\/uploads\\\/2026\\\/02\\\/Draw-03-150312-110115-Ausgeschnitten-I.jpg\",\"contentUrl\":\"https:\\\/\\\/c-hessler.de\\\/wp-content\\\/uploads\\\/2026\\\/02\\\/Draw-03-150312-110115-Ausgeschnitten-I.jpg\",\"width\":445,\"height\":394,\"caption\":\"Dr. Christoph He\u00dfler Maschinensysteme\"},\"image\":{\"@id\":\"https:\\\/\\\/c-hessler.de\\\/#\\\/schema\\\/logo\\\/image\\\/\"},\"sameAs\":[\"https:\\\/\\\/www.facebook.com\\\/DrChristophHesslerMaschinensysteme\\\/\",\"https:\\\/\\\/www.pinterest.de\\\/hesstools\\\/\",\"https:\\\/\\\/www.youtube.com\\\/channel\\\/UCaNnXDGGF_BiYFQZ2kJgi-A?view_as=subscriber\"],\"description\":\"1. Ecken- und Kantenfr\u00e4sen f\u00fcr Tischler und Schreiner, Sonderanfertigungen 2. Auch f\u00fcr die Nachbearbeitung von Eck-Schwei\u00dfn\u00e4hten bei Aluminium-Werkstoffen, f\u00fcr Fahrzeugbauer oder Metallbauer aller Art\",\"email\":\"christoph.hessler@c-hessler.de\",\"telephone\":\"0527413012080\",\"legalName\":\"Dr. Christoph He\u00dfler Maschinensysteme\",\"foundingDate\":\"2003-06-05\",\"vatID\":\"DE230070107\",\"numberOfEmployees\":{\"@type\":\"QuantitativeValue\",\"minValue\":\"1\",\"maxValue\":\"10\"}}]}<\/script>\n<meta property=\"product:price:amount\" content=\"273.00\" \/>\n<meta property=\"product:price:currency\" content=\"EUR\" \/>\n<meta property=\"og:availability\" content=\"backorder\" \/>\n<meta property=\"product:availability\" content=\"available for order\" \/>\n<meta property=\"product:retailer_item_id\" content=\"mafell-fraesmotor-fm-1000\" \/>\n<meta property=\"product:condition\" content=\"new\" \/>\n<!-- \/ Yoast SEO Premium plugin. -->","yoast_head_json":{"title":"Moottori CNC-jyrsinkoneisiin ja jyrsinp\u00f6ytiin Mafell FM 1000 - Dr. Christoph He\u00dfler Maschinensysteme - Dr Christoph He\u00dfler Maschinensysteme","description":"Mafellin uusi jyrsint\u00e4moottori CNC-jyrsinkoneisiin ja jyrsinp\u00f6ytiin mallinrakennuksessa, muottien valmistuksessa, mainostekniikassa, kaiverruksessa, koruissa, elektroniikassa, kivity\u00f6ss\u00e4 ja muurauksessa","robots":{"index":"index","follow":"follow","max-snippet":"max-snippet:-1","max-image-preview":"max-image-preview:large","max-video-preview":"max-video-preview:-1"},"canonical":"https:\/\/c-hessler.de\/fi\/shop\/mafell-fraesmotor-fm-1000\/","og_locale":"fi_FI","og_type":"article","og_title":"Motor f\u00fcr CNC-Fr\u00e4sen und Fr\u00e4stische Mafell FM 1000","og_description":"Der neue Fr\u00e4smotor von Mafell f\u00fcr CNC-Fr\u00e4sen und Fr\u00e4stische im Modellbau, Formenbau, Werbetechnik, Gravur, Schmuck, Elektronik, Steinmetzarbeiten","og_url":"https:\/\/c-hessler.de\/fi\/shop\/mafell-fraesmotor-fm-1000\/","og_site_name":"Dr. Christoph He\u00dfler Maschinensysteme","article_publisher":"https:\/\/www.facebook.com\/DrChristophHesslerMaschinensysteme\/","article_modified_time":"2025-12-10T17:46:29+00:00","og_image":[{"width":2560,"height":1903,"url":"https:\/\/c-hessler.de\/wp-content\/uploads\/2018\/12\/fm_800_1000_frei-e1545382484196-scaled.jpg","type":"image\/jpeg"}],"twitter_misc":{"Hinta":"273,00&nbsp;&euro; ohne MwSt.","Saatavuus":"J\u00e4lkitoimituksessa"},"schema":{"@context":"https:\/\/schema.org","@graph":[{"@type":"WebPage","@id":"https:\/\/c-hessler.de\/shop\/mafell-fraesmotor-fm-1000\/","url":"https:\/\/c-hessler.de\/shop\/mafell-fraesmotor-fm-1000\/","name":"Moottori CNC-jyrsinkoneisiin ja jyrsinp\u00f6ytiin Mafell FM 1000 - Dr. Christoph He\u00dfler Maschinensysteme - Dr Christoph He\u00dfler Maschinensysteme","isPartOf":{"@id":"https:\/\/c-hessler.de\/#website"},"primaryImageOfPage":{"@id":"https:\/\/c-hessler.de\/shop\/mafell-fraesmotor-fm-1000\/#primaryimage"},"image":{"@id":"https:\/\/c-hessler.de\/shop\/mafell-fraesmotor-fm-1000\/#primaryimage"},"thumbnailUrl":"https:\/\/c-hessler.de\/wp-content\/uploads\/2018\/12\/fm_800_1000_frei-e1545382484196-scaled.jpg","datePublished":"2018-12-19T08:04:35+00:00","dateModified":"2025-12-10T17:46:29+00:00","description":"Mafellin uusi jyrsint\u00e4moottori CNC-jyrsinkoneisiin ja jyrsinp\u00f6ytiin mallinrakennuksessa, muottien valmistuksessa, mainostekniikassa, kaiverruksessa, koruissa, elektroniikassa, kivity\u00f6ss\u00e4 ja muurauksessa","breadcrumb":{"@id":"https:\/\/c-hessler.de\/shop\/mafell-fraesmotor-fm-1000\/#breadcrumb"},"inLanguage":"fi","potentialAction":[{"@type":"ReadAction","target":["https:\/\/c-hessler.de\/shop\/mafell-fraesmotor-fm-1000\/"]}]},{"@type":"ImageObject","inLanguage":"fi","@id":"https:\/\/c-hessler.de\/shop\/mafell-fraesmotor-fm-1000\/#primaryimage","url":"https:\/\/c-hessler.de\/wp-content\/uploads\/2018\/12\/fm_800_1000_frei-e1545382484196-scaled.jpg","contentUrl":"https:\/\/c-hessler.de\/wp-content\/uploads\/2018\/12\/fm_800_1000_frei-e1545382484196-scaled.jpg","width":2560,"height":1903,"caption":"Fr\u00e4smotor Mafell FM 1000"},{"@type":"BreadcrumbList","@id":"https:\/\/c-hessler.de\/shop\/mafell-fraesmotor-fm-1000\/#breadcrumb","itemListElement":[{"@type":"ListItem","position":1,"name":"Produkte","item":"https:\/\/c-hessler.de\/produkte\/"},{"@type":"ListItem","position":2,"name":"Motor f\u00fcr CNC-Fr\u00e4sen und Fr\u00e4stische Mafell FM 1000"}]},{"@type":"WebSite","@id":"https:\/\/c-hessler.de\/#website","url":"https:\/\/c-hessler.de\/","name":"www.c-hessler.de","description":"","publisher":{"@id":"https:\/\/c-hessler.de\/#organization"},"potentialAction":[{"@type":"SearchAction","target":{"@type":"EntryPoint","urlTemplate":"https:\/\/c-hessler.de\/?s={search_term_string}"},"query-input":{"@type":"PropertyValueSpecification","valueRequired":true,"valueName":"search_term_string"}}],"inLanguage":"fi"},{"@type":"Organization","@id":"https:\/\/c-hessler.de\/#organization","name":"Tohtori Christoph He\u00dfler Konej\u00e4rjestelm\u00e4t","alternateName":"Dr. Christoph He\u00dfler Maschinensysteme","url":"https:\/\/c-hessler.de\/","logo":{"@type":"ImageObject","inLanguage":"fi","@id":"https:\/\/c-hessler.de\/#\/schema\/logo\/image\/","url":"https:\/\/c-hessler.de\/wp-content\/uploads\/2026\/02\/Draw-03-150312-110115-Ausgeschnitten-I.jpg","contentUrl":"https:\/\/c-hessler.de\/wp-content\/uploads\/2026\/02\/Draw-03-150312-110115-Ausgeschnitten-I.jpg","width":445,"height":394,"caption":"Dr. Christoph He\u00dfler Maschinensysteme"},"image":{"@id":"https:\/\/c-hessler.de\/#\/schema\/logo\/image\/"},"sameAs":["https:\/\/www.facebook.com\/DrChristophHesslerMaschinensysteme\/","https:\/\/www.pinterest.de\/hesstools\/","https:\/\/www.youtube.com\/channel\/UCaNnXDGGF_BiYFQZ2kJgi-A?view_as=subscriber"],"description":"1. Ecken- und Kantenfr\u00e4sen f\u00fcr Tischler und Schreiner, Sonderanfertigungen 2. Auch f\u00fcr die Nachbearbeitung von Eck-Schwei\u00dfn\u00e4hten bei Aluminium-Werkstoffen, f\u00fcr Fahrzeugbauer oder Metallbauer aller Art","email":"christoph.hessler@c-hessler.de","telephone":"0527413012080","legalName":"Dr. Christoph He\u00dfler Maschinensysteme","foundingDate":"2003-06-05","vatID":"DE230070107","numberOfEmployees":{"@type":"QuantitativeValue","minValue":"1","maxValue":"10"}}]},"product_price_amount":"273.00","product_price_currency":"EUR","og_availability":"backorder","product_availability":"available for order","product_retailer_item_id":"mafell-fraesmotor-fm-1000","product_condition":"new"},"_links":{"self":[{"href":"https:\/\/c-hessler.de\/fi\/wp-json\/wp\/v2\/product\/205595","targetHints":{"allow":["GET"]}}],"collection":[{"href":"https:\/\/c-hessler.de\/fi\/wp-json\/wp\/v2\/product"}],"about":[{"href":"https:\/\/c-hessler.de\/fi\/wp-json\/wp\/v2\/types\/product"}],"replies":[{"embeddable":true,"href":"https:\/\/c-hessler.de\/fi\/wp-json\/wp\/v2\/comments?post=205595"}],"wp:featuredmedia":[{"embeddable":true,"href":"https:\/\/c-hessler.de\/fi\/wp-json\/wp\/v2\/media\/205601"}],"wp:attachment":[{"href":"https:\/\/c-hessler.de\/fi\/wp-json\/wp\/v2\/media?parent=205595"}],"wp:term":[{"taxonomy":"product_brand","embeddable":true,"href":"https:\/\/c-hessler.de\/fi\/wp-json\/wp\/v2\/product_brand?post=205595"},{"taxonomy":"product_cat","embeddable":true,"href":"https:\/\/c-hessler.de\/fi\/wp-json\/wp\/v2\/product_cat?post=205595"},{"taxonomy":"product_tag","embeddable":true,"href":"https:\/\/c-hessler.de\/fi\/wp-json\/wp\/v2\/product_tag?post=205595"}],"curies":[{"name":"wp","href":"https:\/\/api.w.org\/{rel}","templated":true}]}}