{"id":206349,"date":"2022-06-21T19:35:57","date_gmt":"2022-06-21T17:35:57","guid":{"rendered":"https:\/\/c-hessler.de\/?post_type=product&#038;p=206349"},"modified":"2025-12-09T17:09:41","modified_gmt":"2025-12-09T16:09:41","slug":"saermaeyskone-paineilmalla-kf-400-iii","status":"publish","type":"product","link":"https:\/\/c-hessler.de\/fi\/shop\/kantenfraese-mit-druckluft-kf-400-iii\/","title":{"rendered":"Paineilmalla toimiva reunajyrsin KF 400 III"},"content":{"rendered":"<div class=\"wp-block-columns are-vertically-aligned-center is-layout-flex wp-container-core-columns-is-layout-28f84493 wp-block-columns-is-layout-flex\">\n<div class=\"wp-block-column is-vertically-aligned-center is-layout-flow wp-block-column-is-layout-flow\">\n<p class=\"title has-text-color\" style=\"color:#131315\">Vankat pneumaattiset reunanauhurit<\/p>\n\n\n\n<p>Ei ole olemassa kevyemp\u00e4\u00e4 s\u00e4rm\u00e4ysjyrsint\u00e4 kuin paineilmalla toimiva s\u00e4rm\u00e4ysjyrsin. Varsinkin silloin, kun k\u00e4si ja k\u00e4sivarsi alkavat kipeyty\u00e4, koska reunajyrsimen kanssa on ty\u00f6skennelt\u00e4v\u00e4 pitk\u00e4\u00e4n tai herk\u00e4sti, paineilmak\u00e4ytt\u00f6\u00e4 ei voi voittaa. Puusep\u00e4t ja puusep\u00e4t kutsuvat t\u00e4llaista paineilmalla toimivaa reunajyrsint\u00e4 usein lamellijyrsimeksi.<\/p>\n\n\n\n<p>T\u00e4m\u00e4n vuoksi Hessler on laajentanut pneumaattisten s\u00e4rm\u00e4ysjyrsinkoneiden ohjelmaansa KF 400 III:lla. Siin\u00e4 on hyv\u00e4ksi todettu paineilmak\u00e4ytt\u00f6, ja se tekee vaikutuksen suorituskyvyll\u00e4\u00e4n ja hallittavuudellaan.<\/p>\n\n\n\n<ul class=\"wp-block-list\">\n<li>Pneumaattinen k\u00e4ytt\u00f6\n<ul class=\"wp-block-list\">\n<li>Ty\u00f6st\u00f6holkki 8 mm:n varteen asti<\/li>\n\n\n\n<li>max. 24 000 rpm, nopeus s\u00e4\u00e4dett\u00e4viss\u00e4<\/li>\n\n\n\n<li>max. 6 bar, n. 600 l\/min +1 \u00f6ljypisara\/min.<\/li>\n<\/ul>\n<\/li>\n\n\n\n<li>Taulukko\n<ul class=\"wp-block-list\">\n<li>Valmistettu metallista<\/li>\n\n\n\n<li>Paksu, vankka ty\u00f6kappaleen tuki<\/li>\n<\/ul>\n<\/li>\n\n\n\n<li>Jyrsin\n<ul class=\"wp-block-list\">\n<li>Ty\u00f6nt\u00f6laakerilla<\/li>\n\n\n\n<li>Jyrsin max. halkaisija 28 mm<\/li>\n<\/ul>\n<\/li>\n<\/ul>\n<\/div>\n\n\n\n<div class=\"wp-block-column is-vertically-aligned-center is-layout-flow wp-block-column-is-layout-flow\" style=\"flex-basis:60%\">\n<figure class=\"wp-block-image size-large\"><img fetchpriority=\"high\" decoding=\"async\" width=\"1024\" height=\"576\" src=\"https:\/\/c-hessler.de\/wp-content\/uploads\/2022\/07\/20220715_133904-verpixelt--1024x576.jpg\" alt=\"Holz-Handwerk 2022 -messut\" class=\"wp-image-206365\"\/><figcaption class=\"wp-element-caption\">Holz-Handwerk 2022 -messut N\u00fcrnbergiss\u00e4<\/figcaption><\/figure>\n\n\n\n<p><\/p>\n<\/div>\n<\/div>\n\n\n\n<div style=\"height:30px\" aria-hidden=\"true\" class=\"wp-block-spacer\"><\/div>\n\n\n\n<div class=\"wp-block-columns are-vertically-aligned-center is-layout-flex wp-container-core-columns-is-layout-28f84493 wp-block-columns-is-layout-flex\">\n<div class=\"wp-block-column is-vertically-aligned-center is-layout-flow wp-block-column-is-layout-flow\">\n<figure class=\"wp-block-image size-large\"><img decoding=\"async\" width=\"1024\" height=\"576\" src=\"https:\/\/c-hessler.de\/wp-content\/uploads\/2022\/07\/20220712_100501-1024x576.jpg\" alt=\"Pneumaattinen reunajyrsin KF 400 III on testattavissa Holz-Handwerk-messuilla N\u00fcrnbergiss\u00e4.\" class=\"wp-image-206367\" srcset=\"https:\/\/c-hessler.de\/wp-content\/uploads\/2022\/07\/20220712_100501-1024x576.jpg 1024w, https:\/\/c-hessler.de\/wp-content\/uploads\/2022\/07\/20220712_100501-300x169.jpg 300w, https:\/\/c-hessler.de\/wp-content\/uploads\/2022\/07\/20220712_100501-768x432.jpg 768w, https:\/\/c-hessler.de\/wp-content\/uploads\/2022\/07\/20220712_100501-1536x864.jpg 1536w, https:\/\/c-hessler.de\/wp-content\/uploads\/2022\/07\/20220712_100501-2048x1152.jpg 2048w, https:\/\/c-hessler.de\/wp-content\/uploads\/2022\/07\/20220712_100501-1080x608.jpg 1080w, https:\/\/c-hessler.de\/wp-content\/uploads\/2022\/07\/20220712_100501-1280x720.jpg 1280w, https:\/\/c-hessler.de\/wp-content\/uploads\/2022\/07\/20220712_100501-980x551.jpg 980w, https:\/\/c-hessler.de\/wp-content\/uploads\/2022\/07\/20220712_100501-480x270.jpg 480w, https:\/\/c-hessler.de\/wp-content\/uploads\/2022\/07\/20220712_100501-800x450.jpg 800w, https:\/\/c-hessler.de\/wp-content\/uploads\/2022\/07\/20220712_100501-scaled-150x84.jpg 150w\" sizes=\"(max-width: 1024px) 100vw, 1024px\" \/><figcaption class=\"wp-element-caption\">Pneumaattinen reunajyrsin KF 400 III Holz-Handwerk 2022 -messuilla N\u00fcrnbergiss\u00e4.<\/figcaption><\/figure>\n<\/div>\n\n\n\n<div class=\"wp-block-column is-vertically-aligned-center is-layout-flow wp-block-column-is-layout-flow\" style=\"flex-basis:40%\">\n<p class=\"title has-text-color\" style=\"color:#131315\">Paineilmalla varustettuun KF 400 III -s\u00e4rm\u00e4ysjyrsimeen voidaan asentaa my\u00f6s indeksoitava laikkajyrsin. Jos poistoilma h\u00e4iritsee ty\u00f6skentely\u00e4, on saatavana lis\u00e4varusteena saatava poistoilmakanava. Sen avulla poistoilma voidaan johtaa sivuun.<\/p>\n\n\n\n<p>Tehok\u00e4yt\u00f6ss\u00e4 tarvitaan huoltoyksikk\u00f6 tai \u00f6ljyn sy\u00f6tt\u00f6laite, joka varmistaa, ett\u00e4 moottoriin sy\u00f6tet\u00e4\u00e4n riitt\u00e4v\u00e4sti \u00f6ljy\u00e4 (noin 1 tippa\/minuutti). Pieni \u00f6ljypullo, jossa on kuvaus \u00f6ljyn m\u00e4\u00e4rittelyst\u00e4, sis\u00e4ltyy toimitukseen k\u00e4ynnistyst\u00e4 varten.<\/p>\n\n\n\n<p>Jokaisesta pneumaattisesta reunajyrsint\u00e4laitteesta annetaan neuvontaa kunkin sovelluksen osalta, puhelin: +49 (0)5741 3012080.<\/p>\n\n\n\n<p>Tohtori Christoph He\u00dfler Konej\u00e4rjestelm\u00e4t<\/p>\n\n\n\n<p>32312 L\u00fcbbecke<\/p>\n\n\n\n<p>www.c-hessler.de<\/p>\n<\/div>\n<\/div>\n\n\n\n<div style=\"height:30px\" aria-hidden=\"true\" class=\"wp-block-spacer\"><\/div>\n\n\n\n<div class=\"wp-block-columns are-vertically-aligned-center is-layout-flex wp-container-core-columns-is-layout-28f84493 wp-block-columns-is-layout-flex\">\n<div class=\"wp-block-column is-vertically-aligned-center is-layout-flow wp-block-column-is-layout-flow\">\n<h2 class=\"wp-block-heading title has-text-color\" id=\"h-merkmale-zum-system\" style=\"color:#131315\"><strong>J\u00e4rjestelm\u00e4n ominaisuudet<\/strong><\/h2>\n\n\n\n<h5 class=\"wp-block-heading title has-text-color\" id=\"h-anwendungsgebiet\" style=\"color:#131315\">Soveltamisala<\/h5>\n\n\n\n<p class=\"title has-text-color\" style=\"color:#131315\">S\u00e4hk\u00f6k\u00e4ytt\u00f6isiin reunanauhureihin verrattuna pneumaattiset KF 400 III -reunanauhurit ovat kevyit\u00e4 ja helppok\u00e4ytt\u00f6isi\u00e4. Niit\u00e4 k\u00e4ytet\u00e4\u00e4n tyypillisesti muovisten reunanauhojen viist\u00e4miseen tai py\u00f6rist\u00e4miseen, kun ne on jo jyrsitty tasoon tai paneeleihin. Jyrsint\u00e4 voidaan k\u00e4ytt\u00e4\u00e4 puulle ja muoville, joiden viiste tai s\u00e4de on enint\u00e4\u00e4n 3 mm.<\/p>\n\n\n\n<h5 class=\"wp-block-heading\" id=\"h-funktion-und-bedienung\">Toiminta ja toiminta<\/h5>\n\n\n\n<p>KF 400 III -reunajyrsimess\u00e4 on ergonomisesti muotoiltu kahva. Sit\u00e4 voidaan helposti ohjata ty\u00f6nt\u00f6laakerilla varustetulla jyrsint\u00e4rangalla ja tukevalla pohjalevyll\u00e4.  Tarjoamme kaupallisille k\u00e4ytt\u00e4jille ilmaisen, sitoumuksettoman kokeilujakson.<\/p>\n\n\n\n<h5 class=\"wp-block-heading\" id=\"h-preis\">Hinta<\/h5>\n\n\n\n<ul class=\"wp-block-list\">\n<li>1 viikon testi ilman velvoitteita ja maksutta<\/li>\n\n\n\n<li>Hinta ks. edell\u00e4<\/li>\n<\/ul>\n\n\n\n<h5 class=\"wp-block-heading\" id=\"h-technische-voraussetzungen\">Tekniset vaatimukset<\/h5>\n\n\n\n<p>K\u00e4ytt\u00f6\u00e4 varten on tarpeen lis\u00e4t\u00e4 s\u00e4\u00e4nn\u00f6llisesti paineilmalaite\u00f6ljy\u00e4. Satunnaisessa k\u00e4yt\u00f6ss\u00e4 t\u00e4m\u00e4 voidaan tehd\u00e4 tiputtamalla \u00f6ljy\u00e4 suoraan paineilmaliit\u00e4nn\u00e4n pistokkeeseen tai jatkuvassa k\u00e4yt\u00f6ss\u00e4 k\u00e4ytt\u00e4m\u00e4ll\u00e4 huoltoyksikk\u00f6\u00e4, joka on asetettu 1 pisaraan \u00f6ljy\u00e4 minuutissa.<\/p>\n\n\n\n<h5 class=\"wp-block-heading\" id=\"h-lieferumfang\">Toimituksen laajuus<\/h5>\n\n\n\n<p>Paineilmalla varustettuun KF 400 III -reunajyrsimeen on vakiona kiinte\u00e4sti asennettu R2-jyrsin. Jyrsin on koottu ja testattu. Mukana toimitetaan my\u00f6s pieni pullo paineilmaty\u00f6kalu\u00f6ljy\u00e4.<\/p>\n<\/div>\n\n\n\n<div class=\"wp-block-column is-vertically-aligned-center is-layout-flow wp-block-column-is-layout-flow\" style=\"flex-basis:60%\">\n<figure class=\"wp-block-image size-large\"><img decoding=\"async\" width=\"768\" height=\"1024\" src=\"https:\/\/c-hessler.de\/wp-content\/uploads\/2022\/07\/C.-Hessler-Kantenrunder-KF-400-III-1594-4-zu-3-768x1024.jpg\" alt=\"KF 400 III -reunajyrsin jyrsii nopeasti kulmat ymp\u00e4ri\" class=\"wp-image-206359\"\/><figcaption class=\"wp-element-caption\">KF 400 III -reunajyrsin jyrsii nopeasti kulmat.<\/figcaption><\/figure>\n\n\n\n<p><\/p>\n<\/div>\n<\/div>\n\n\n\n<div style=\"height:30px\" aria-hidden=\"true\" class=\"wp-block-spacer\"><\/div>","protected":false},"excerpt":{"rendered":"<p class=\"western\">Pneumaattisessa KF 400 III -reunajyrsimess\u00e4 on kest\u00e4v\u00e4 pneumaattinen moottori.<b>. <\/b>Sit\u00e4 on paljon helpompi k\u00e4sitell\u00e4 kuin s\u00e4hk\u00f6ist\u00e4 reunajyrsint\u00e4. Se soveltuu eritt\u00e4in hyvin purseenpoistoon\/viisteytykseen\/py\u00f6ristyst\u00f6ihin. Samanlainen kuin entinen Lamello Profila Pro tai Wegoma DKF32. Neuvoja saat soittamalla: 05741 3012080, kansainv\u00e4lisesti +49 5741 3012080.<\/p>\n<p>KF 400 III -mallilla saat <strong>Todistettu tuote vankkaan k\u00e4ytt\u00f6\u00f6n <\/strong>ergonominen kahva ja nopeuden s\u00e4\u00e4t\u00f6. Ty\u00f6st\u00f6ruuvi 8 mm:n vartaalle.<\/p>","protected":false},"featured_media":206352,"comment_status":"open","ping_status":"closed","template":"","meta":[],"product_brand":[],"product_cat":[58],"product_tag":[38,45,40],"class_list":{"0":"post-206349","1":"product","2":"type-product","3":"status-publish","4":"has-post-thumbnail","6":"product_cat-handgefuehrte-maschinen","7":"product_tag-handgefuehrt","8":"product_tag-kanten","9":"product_tag-pneumatischer-antrieb","11":"first","12":"instock","13":"taxable","14":"shipping-taxable","15":"purchasable","16":"product-type-simple"},"yoast_head":"<!-- This site is optimized with the Yoast SEO Premium plugin v27.0 (Yoast SEO v27.4) - https:\/\/yoast.com\/product\/yoast-seo-premium-wordpress\/ -->\n<title>Kantenfr\u00e4se mit Druckluft mit montiertem Fr\u00e4ser, \u00e4hnlich Lamello<\/title>\n<meta name=\"description\" content=\"Die Kantenfr\u00e4se KF 400 III wird mit Druckluft angetrieben. \u00c4hnlich zur fr\u00fcheren Lamello Profila Pro. Die Fr\u00e4se hat Schaft 8 mm.\" \/>\n<meta name=\"robots\" content=\"index, follow, max-snippet:-1, max-image-preview:large, max-video-preview:-1\" \/>\n<link rel=\"canonical\" href=\"https:\/\/c-hessler.de\/fi\/shop\/saermaeyskone-paineilmalla-kf-400-iii\/\" \/>\n<meta property=\"og:locale\" content=\"fi_FI\" \/>\n<meta property=\"og:type\" content=\"article\" \/>\n<meta property=\"og:title\" content=\"Kantenfr\u00e4se mit Druckluft KF 400 III\" \/>\n<meta property=\"og:description\" content=\"Die Kantenfr\u00e4se KF 400 III wird mit Druckluft angetrieben. \u00c4hnlich zur fr\u00fcheren Lamello Profila Pro. Die Fr\u00e4se hat Schaft 8 mm.\" \/>\n<meta property=\"og:url\" content=\"https:\/\/c-hessler.de\/fi\/shop\/saermaeyskone-paineilmalla-kf-400-iii\/\" \/>\n<meta property=\"og:site_name\" content=\"Dr. Christoph He\u00dfler Maschinensysteme\" \/>\n<meta property=\"article:publisher\" content=\"https:\/\/www.facebook.com\/DrChristophHesslerMaschinensysteme\/\" \/>\n<meta property=\"article:modified_time\" content=\"2025-12-09T16:09:41+00:00\" \/>\n<meta property=\"og:image\" content=\"https:\/\/c-hessler.de\/wp-content\/uploads\/2022\/06\/P1010024freigestellt.jpg\" \/>\n\t<meta property=\"og:image:width\" content=\"1600\" \/>\n\t<meta property=\"og:image:height\" content=\"1200\" \/>\n\t<meta property=\"og:image:type\" content=\"image\/jpeg\" \/>\n<meta name=\"twitter:label1\" content=\"Hinta\" \/>\n\t<meta name=\"twitter:data1\" content=\"490,00&nbsp;&euro; ohne MwSt.\" \/>\n\t<meta name=\"twitter:label2\" content=\"Saatavuus\" \/>\n\t<meta name=\"twitter:data2\" content=\"Varastossa\" \/>\n<script type=\"application\/ld+json\" class=\"yoast-schema-graph\">{\"@context\":\"https:\\\/\\\/schema.org\",\"@graph\":[{\"@type\":\"WebPage\",\"@id\":\"https:\\\/\\\/c-hessler.de\\\/shop\\\/kantenfraese-mit-druckluft-kf-400-iii\\\/\",\"url\":\"https:\\\/\\\/c-hessler.de\\\/shop\\\/kantenfraese-mit-druckluft-kf-400-iii\\\/\",\"name\":\"Kantenfr\u00e4se mit Druckluft mit montiertem Fr\u00e4ser, \u00e4hnlich Lamello\",\"isPartOf\":{\"@id\":\"https:\\\/\\\/c-hessler.de\\\/#website\"},\"primaryImageOfPage\":{\"@id\":\"https:\\\/\\\/c-hessler.de\\\/shop\\\/kantenfraese-mit-druckluft-kf-400-iii\\\/#primaryimage\"},\"image\":{\"@id\":\"https:\\\/\\\/c-hessler.de\\\/shop\\\/kantenfraese-mit-druckluft-kf-400-iii\\\/#primaryimage\"},\"thumbnailUrl\":\"https:\\\/\\\/c-hessler.de\\\/wp-content\\\/uploads\\\/2022\\\/06\\\/P1010024freigestellt.jpg\",\"datePublished\":\"2022-06-21T17:35:57+00:00\",\"dateModified\":\"2025-12-09T16:09:41+00:00\",\"description\":\"Die Kantenfr\u00e4se KF 400 III wird mit Druckluft angetrieben. \u00c4hnlich zur fr\u00fcheren Lamello Profila Pro. Die Fr\u00e4se hat Schaft 8 mm.\",\"breadcrumb\":{\"@id\":\"https:\\\/\\\/c-hessler.de\\\/shop\\\/kantenfraese-mit-druckluft-kf-400-iii\\\/#breadcrumb\"},\"inLanguage\":\"fi\",\"potentialAction\":[{\"@type\":\"ReadAction\",\"target\":[\"https:\\\/\\\/c-hessler.de\\\/shop\\\/kantenfraese-mit-druckluft-kf-400-iii\\\/\"]}]},{\"@type\":\"ImageObject\",\"inLanguage\":\"fi\",\"@id\":\"https:\\\/\\\/c-hessler.de\\\/shop\\\/kantenfraese-mit-druckluft-kf-400-iii\\\/#primaryimage\",\"url\":\"https:\\\/\\\/c-hessler.de\\\/wp-content\\\/uploads\\\/2022\\\/06\\\/P1010024freigestellt.jpg\",\"contentUrl\":\"https:\\\/\\\/c-hessler.de\\\/wp-content\\\/uploads\\\/2022\\\/06\\\/P1010024freigestellt.jpg\",\"width\":1600,\"height\":1200,\"caption\":\"Kantenfr\u00e4se KF 400 III\"},{\"@type\":\"BreadcrumbList\",\"@id\":\"https:\\\/\\\/c-hessler.de\\\/shop\\\/kantenfraese-mit-druckluft-kf-400-iii\\\/#breadcrumb\",\"itemListElement\":[{\"@type\":\"ListItem\",\"position\":1,\"name\":\"Produkte\",\"item\":\"https:\\\/\\\/c-hessler.de\\\/produkte\\\/\"},{\"@type\":\"ListItem\",\"position\":2,\"name\":\"Kantenfr\u00e4se mit Druckluft KF 400 III\"}]},{\"@type\":\"WebSite\",\"@id\":\"https:\\\/\\\/c-hessler.de\\\/#website\",\"url\":\"https:\\\/\\\/c-hessler.de\\\/\",\"name\":\"www.c-hessler.de\",\"description\":\"\",\"publisher\":{\"@id\":\"https:\\\/\\\/c-hessler.de\\\/#organization\"},\"potentialAction\":[{\"@type\":\"SearchAction\",\"target\":{\"@type\":\"EntryPoint\",\"urlTemplate\":\"https:\\\/\\\/c-hessler.de\\\/?s={search_term_string}\"},\"query-input\":{\"@type\":\"PropertyValueSpecification\",\"valueRequired\":true,\"valueName\":\"search_term_string\"}}],\"inLanguage\":\"fi\"},{\"@type\":\"Organization\",\"@id\":\"https:\\\/\\\/c-hessler.de\\\/#organization\",\"name\":\"Dr. Christoph He\u00dfler Maschinensysteme\",\"alternateName\":\"Dr. Christoph He\u00dfler Maschinensysteme\",\"url\":\"https:\\\/\\\/c-hessler.de\\\/\",\"logo\":{\"@type\":\"ImageObject\",\"inLanguage\":\"fi\",\"@id\":\"https:\\\/\\\/c-hessler.de\\\/#\\\/schema\\\/logo\\\/image\\\/\",\"url\":\"https:\\\/\\\/c-hessler.de\\\/wp-content\\\/uploads\\\/2026\\\/02\\\/Draw-03-150312-110115-Ausgeschnitten-I.jpg\",\"contentUrl\":\"https:\\\/\\\/c-hessler.de\\\/wp-content\\\/uploads\\\/2026\\\/02\\\/Draw-03-150312-110115-Ausgeschnitten-I.jpg\",\"width\":445,\"height\":394,\"caption\":\"Dr. Christoph He\u00dfler Maschinensysteme\"},\"image\":{\"@id\":\"https:\\\/\\\/c-hessler.de\\\/#\\\/schema\\\/logo\\\/image\\\/\"},\"sameAs\":[\"https:\\\/\\\/www.facebook.com\\\/DrChristophHesslerMaschinensysteme\\\/\",\"https:\\\/\\\/www.pinterest.de\\\/hesstools\\\/\",\"https:\\\/\\\/www.youtube.com\\\/channel\\\/UCaNnXDGGF_BiYFQZ2kJgi-A?view_as=subscriber\"],\"description\":\"1. Ecken- und Kantenfr\u00e4sen f\u00fcr Tischler und Schreiner, Sonderanfertigungen 2. Auch f\u00fcr die Nachbearbeitung von Eck-Schwei\u00dfn\u00e4hten bei Aluminium-Werkstoffen, f\u00fcr Fahrzeugbauer oder Metallbauer aller Art\",\"email\":\"christoph.hessler@c-hessler.de\",\"telephone\":\"0527413012080\",\"legalName\":\"Dr. Christoph He\u00dfler Maschinensysteme\",\"foundingDate\":\"2003-06-05\",\"vatID\":\"DE230070107\",\"numberOfEmployees\":{\"@type\":\"QuantitativeValue\",\"minValue\":\"1\",\"maxValue\":\"10\"}}]}<\/script>\n<meta property=\"product:price:amount\" content=\"490.00\" \/>\n<meta property=\"product:price:currency\" content=\"EUR\" \/>\n<meta property=\"og:availability\" content=\"instock\" \/>\n<meta property=\"product:availability\" content=\"instock\" \/>\n<meta property=\"product:retailer_item_id\" content=\"kantenfraese-mit-druckluft-kf-400-iii\" \/>\n<meta property=\"product:condition\" content=\"new\" \/>\n<!-- \/ Yoast SEO Premium plugin. -->","yoast_head_json":{"title":"Reunajyrsin paineilmalla, jossa on asennettu jyrsin, samanlainen kuin Lamellossa.","description":"KF 400 III -reunajyrsin toimii paineilmalla. Samanlainen kuin aiempi Lamello Profila Pro. Jyrsimess\u00e4 on 8 mm:n akseli.","robots":{"index":"index","follow":"follow","max-snippet":"max-snippet:-1","max-image-preview":"max-image-preview:large","max-video-preview":"max-video-preview:-1"},"canonical":"https:\/\/c-hessler.de\/fi\/shop\/saermaeyskone-paineilmalla-kf-400-iii\/","og_locale":"fi_FI","og_type":"article","og_title":"Kantenfr\u00e4se mit Druckluft KF 400 III","og_description":"Die Kantenfr\u00e4se KF 400 III wird mit Druckluft angetrieben. \u00c4hnlich zur fr\u00fcheren Lamello Profila Pro. Die Fr\u00e4se hat Schaft 8 mm.","og_url":"https:\/\/c-hessler.de\/fi\/shop\/saermaeyskone-paineilmalla-kf-400-iii\/","og_site_name":"Dr. Christoph He\u00dfler Maschinensysteme","article_publisher":"https:\/\/www.facebook.com\/DrChristophHesslerMaschinensysteme\/","article_modified_time":"2025-12-09T16:09:41+00:00","og_image":[{"width":1600,"height":1200,"url":"https:\/\/c-hessler.de\/wp-content\/uploads\/2022\/06\/P1010024freigestellt.jpg","type":"image\/jpeg"}],"twitter_misc":{"Hinta":"490,00&nbsp;&euro; ohne MwSt.","Saatavuus":"Varastossa"},"schema":{"@context":"https:\/\/schema.org","@graph":[{"@type":"WebPage","@id":"https:\/\/c-hessler.de\/shop\/kantenfraese-mit-druckluft-kf-400-iii\/","url":"https:\/\/c-hessler.de\/shop\/kantenfraese-mit-druckluft-kf-400-iii\/","name":"Reunajyrsin paineilmalla, jossa on asennettu jyrsin, samanlainen kuin Lamellossa.","isPartOf":{"@id":"https:\/\/c-hessler.de\/#website"},"primaryImageOfPage":{"@id":"https:\/\/c-hessler.de\/shop\/kantenfraese-mit-druckluft-kf-400-iii\/#primaryimage"},"image":{"@id":"https:\/\/c-hessler.de\/shop\/kantenfraese-mit-druckluft-kf-400-iii\/#primaryimage"},"thumbnailUrl":"https:\/\/c-hessler.de\/wp-content\/uploads\/2022\/06\/P1010024freigestellt.jpg","datePublished":"2022-06-21T17:35:57+00:00","dateModified":"2025-12-09T16:09:41+00:00","description":"KF 400 III -reunajyrsin toimii paineilmalla. Samanlainen kuin aiempi Lamello Profila Pro. Jyrsimess\u00e4 on 8 mm:n akseli.","breadcrumb":{"@id":"https:\/\/c-hessler.de\/shop\/kantenfraese-mit-druckluft-kf-400-iii\/#breadcrumb"},"inLanguage":"fi","potentialAction":[{"@type":"ReadAction","target":["https:\/\/c-hessler.de\/shop\/kantenfraese-mit-druckluft-kf-400-iii\/"]}]},{"@type":"ImageObject","inLanguage":"fi","@id":"https:\/\/c-hessler.de\/shop\/kantenfraese-mit-druckluft-kf-400-iii\/#primaryimage","url":"https:\/\/c-hessler.de\/wp-content\/uploads\/2022\/06\/P1010024freigestellt.jpg","contentUrl":"https:\/\/c-hessler.de\/wp-content\/uploads\/2022\/06\/P1010024freigestellt.jpg","width":1600,"height":1200,"caption":"Kantenfr\u00e4se KF 400 III"},{"@type":"BreadcrumbList","@id":"https:\/\/c-hessler.de\/shop\/kantenfraese-mit-druckluft-kf-400-iii\/#breadcrumb","itemListElement":[{"@type":"ListItem","position":1,"name":"Produkte","item":"https:\/\/c-hessler.de\/produkte\/"},{"@type":"ListItem","position":2,"name":"Kantenfr\u00e4se mit Druckluft KF 400 III"}]},{"@type":"WebSite","@id":"https:\/\/c-hessler.de\/#website","url":"https:\/\/c-hessler.de\/","name":"www.c-hessler.de","description":"","publisher":{"@id":"https:\/\/c-hessler.de\/#organization"},"potentialAction":[{"@type":"SearchAction","target":{"@type":"EntryPoint","urlTemplate":"https:\/\/c-hessler.de\/?s={search_term_string}"},"query-input":{"@type":"PropertyValueSpecification","valueRequired":true,"valueName":"search_term_string"}}],"inLanguage":"fi"},{"@type":"Organization","@id":"https:\/\/c-hessler.de\/#organization","name":"Tohtori Christoph He\u00dfler Konej\u00e4rjestelm\u00e4t","alternateName":"Dr. Christoph He\u00dfler Maschinensysteme","url":"https:\/\/c-hessler.de\/","logo":{"@type":"ImageObject","inLanguage":"fi","@id":"https:\/\/c-hessler.de\/#\/schema\/logo\/image\/","url":"https:\/\/c-hessler.de\/wp-content\/uploads\/2026\/02\/Draw-03-150312-110115-Ausgeschnitten-I.jpg","contentUrl":"https:\/\/c-hessler.de\/wp-content\/uploads\/2026\/02\/Draw-03-150312-110115-Ausgeschnitten-I.jpg","width":445,"height":394,"caption":"Dr. Christoph He\u00dfler Maschinensysteme"},"image":{"@id":"https:\/\/c-hessler.de\/#\/schema\/logo\/image\/"},"sameAs":["https:\/\/www.facebook.com\/DrChristophHesslerMaschinensysteme\/","https:\/\/www.pinterest.de\/hesstools\/","https:\/\/www.youtube.com\/channel\/UCaNnXDGGF_BiYFQZ2kJgi-A?view_as=subscriber"],"description":"1. Ecken- und Kantenfr\u00e4sen f\u00fcr Tischler und Schreiner, Sonderanfertigungen 2. Auch f\u00fcr die Nachbearbeitung von Eck-Schwei\u00dfn\u00e4hten bei Aluminium-Werkstoffen, f\u00fcr Fahrzeugbauer oder Metallbauer aller Art","email":"christoph.hessler@c-hessler.de","telephone":"0527413012080","legalName":"Dr. Christoph He\u00dfler Maschinensysteme","foundingDate":"2003-06-05","vatID":"DE230070107","numberOfEmployees":{"@type":"QuantitativeValue","minValue":"1","maxValue":"10"}}]},"product_price_amount":"490.00","product_price_currency":"EUR","og_availability":"instock","product_availability":"instock","product_retailer_item_id":"kantenfraese-mit-druckluft-kf-400-iii","product_condition":"new"},"_links":{"self":[{"href":"https:\/\/c-hessler.de\/fi\/wp-json\/wp\/v2\/product\/206349","targetHints":{"allow":["GET"]}}],"collection":[{"href":"https:\/\/c-hessler.de\/fi\/wp-json\/wp\/v2\/product"}],"about":[{"href":"https:\/\/c-hessler.de\/fi\/wp-json\/wp\/v2\/types\/product"}],"replies":[{"embeddable":true,"href":"https:\/\/c-hessler.de\/fi\/wp-json\/wp\/v2\/comments?post=206349"}],"wp:featuredmedia":[{"embeddable":true,"href":"https:\/\/c-hessler.de\/fi\/wp-json\/wp\/v2\/media\/206352"}],"wp:attachment":[{"href":"https:\/\/c-hessler.de\/fi\/wp-json\/wp\/v2\/media?parent=206349"}],"wp:term":[{"taxonomy":"product_brand","embeddable":true,"href":"https:\/\/c-hessler.de\/fi\/wp-json\/wp\/v2\/product_brand?post=206349"},{"taxonomy":"product_cat","embeddable":true,"href":"https:\/\/c-hessler.de\/fi\/wp-json\/wp\/v2\/product_cat?post=206349"},{"taxonomy":"product_tag","embeddable":true,"href":"https:\/\/c-hessler.de\/fi\/wp-json\/wp\/v2\/product_tag?post=206349"}],"curies":[{"name":"wp","href":"https:\/\/api.w.org\/{rel}","templated":true}]}}