{"id":206621,"date":"2023-05-18T15:52:32","date_gmt":"2023-05-18T13:52:32","guid":{"rendered":"https:\/\/c-hessler.de\/?post_type=product&#038;p=206621"},"modified":"2025-12-30T04:14:51","modified_gmt":"2025-12-30T03:14:51","slug":"allwinkel-buendigfraeser-mz-100-160v-h","status":"publish","type":"product","link":"https:\/\/c-hessler.de\/fi\/shop\/allwinkel-buendigfraeser-mz-100-160v-h\/","title":{"rendered":"Kaiken kulman tasausjyrsin MZ 100 160V H"},"content":{"rendered":"<div style=\"height:30px\" aria-hidden=\"true\" class=\"wp-block-spacer\"><\/div>\n\n\n\n<div class=\"wp-block-columns are-vertically-aligned-center is-layout-flex wp-container-core-columns-is-layout-28f84493 wp-block-columns-is-layout-flex\">\n<div class=\"wp-block-column is-layout-flow wp-block-column-is-layout-flow\">\n<div class=\"wp-block-columns is-layout-flex wp-container-core-columns-is-layout-28f84493 wp-block-columns-is-layout-flex\">\n<div class=\"wp-block-column is-layout-flow wp-block-column-is-layout-flow\">\n<p>Toimintaperiaate<br><\/p>\n\n\n\n<figure class=\"wp-block-image alignwide size-full\"><img fetchpriority=\"high\" decoding=\"async\" width=\"1091\" height=\"600\" src=\"https:\/\/c-hessler.de\/wp-content\/uploads\/2023\/05\/Screenshot-2022-04-04-184259-e1684341417946.jpg\" alt=\"\" class=\"wp-image-206600\" srcset=\"https:\/\/c-hessler.de\/wp-content\/uploads\/2023\/05\/Screenshot-2022-04-04-184259-e1684341417946.jpg 1091w, https:\/\/c-hessler.de\/wp-content\/uploads\/2023\/05\/Screenshot-2022-04-04-184259-e1684341417946-300x165.jpg 300w, https:\/\/c-hessler.de\/wp-content\/uploads\/2023\/05\/Screenshot-2022-04-04-184259-e1684341417946-1024x563.jpg 1024w, https:\/\/c-hessler.de\/wp-content\/uploads\/2023\/05\/Screenshot-2022-04-04-184259-e1684341417946-768x422.jpg 768w, https:\/\/c-hessler.de\/wp-content\/uploads\/2023\/05\/Screenshot-2022-04-04-184259-e1684341417946-1080x594.jpg 1080w, https:\/\/c-hessler.de\/wp-content\/uploads\/2023\/05\/Screenshot-2022-04-04-184259-e1684341417946-800x440.jpg 800w, https:\/\/c-hessler.de\/wp-content\/uploads\/2023\/05\/Screenshot-2022-04-04-184259-e1684341417946-150x82.jpg 150w\" sizes=\"(max-width: 1091px) 100vw, 1091px\" \/><\/figure>\n\n\n\n<p>Toimintaperiaate perustuu\u00a0<a href=\"https:\/\/c-hessler.de\/fi\/shop\/paeaetyjyrsin-puisten-huonekalujen-osien-liimattuja-reunoja-varten\/\">Vakioh\u00f6yl\u00e4tty jyrsin ja se on kuvattu siin\u00e4.<\/a>.<\/p>\n<\/div>\n\n\n\n<div class=\"wp-block-column is-layout-flow wp-block-column-is-layout-flow\">\n<p>Sovellus monimutkaiseen ty\u00f6kappaleeseen<\/p>\n\n\n\n<figure class=\"wp-block-image alignwide size-full\"><img decoding=\"async\" width=\"1067\" height=\"800\" src=\"https:\/\/c-hessler.de\/wp-content\/uploads\/2023\/05\/P1000693-scaled-e1684259419217.jpg\" alt=\"Jyrsimen H ja ty\u00f6kappaleen v\u00e4linen tasaus 1\" class=\"wp-image-206584\" srcset=\"https:\/\/c-hessler.de\/wp-content\/uploads\/2023\/05\/P1000693-scaled-e1684259419217.jpg 1067w, https:\/\/c-hessler.de\/wp-content\/uploads\/2023\/05\/P1000693-scaled-e1684259419217-300x225.jpg 300w, https:\/\/c-hessler.de\/wp-content\/uploads\/2023\/05\/P1000693-scaled-e1684259419217-1024x768.jpg 1024w, https:\/\/c-hessler.de\/wp-content\/uploads\/2023\/05\/P1000693-scaled-e1684259419217-768x576.jpg 768w, https:\/\/c-hessler.de\/wp-content\/uploads\/2023\/05\/P1000693-scaled-e1684259419217-510x382.jpg 510w, https:\/\/c-hessler.de\/wp-content\/uploads\/2023\/05\/P1000693-scaled-e1684259419217-800x600.jpg 800w, https:\/\/c-hessler.de\/wp-content\/uploads\/2023\/05\/P1000693-scaled-e1684259419217-150x112.jpg 150w\" sizes=\"(max-width: 1067px) 100vw, 1067px\" \/><\/figure>\n<\/div>\n<\/div>\n<\/div>\n<\/div>\n\n\n\n<div class=\"wp-block-columns are-vertically-aligned-center is-layout-flex wp-container-core-columns-is-layout-28f84493 wp-block-columns-is-layout-flex\">\n<div class=\"wp-block-column is-layout-flow wp-block-column-is-layout-flow\">\n<div class=\"wp-block-columns is-layout-flex wp-container-core-columns-is-layout-28f84493 wp-block-columns-is-layout-flex\">\n<div class=\"wp-block-column is-layout-flow wp-block-column-is-layout-flow\">\n<p><strong>Tarina huuhtelujyrsimen takana H<\/strong><\/p>\n\n\n\n<div style=\"height:13px\" aria-hidden=\"true\" class=\"wp-block-spacer\"><\/div>\n\n\n\n<p><em>Teko\u00e4lyll\u00e4 (AI, artificial intelligence) luotu kertomus, joka perustuu todellisiin eritelmiin ja jota tarkistetaan ihmis\u00e4lyll\u00e4. Osoitamme, mik\u00e4 on mahdollista uusilla menetelmill\u00e4 ja ett\u00e4 me yrityksen\u00e4 k\u00e4yt\u00e4mme niit\u00e4 asiakkaidemme hyv\u00e4ksi:<\/em><\/p>\n\n\n\n<div style=\"height:16px\" aria-hidden=\"true\" class=\"wp-block-spacer\"><\/div>\n\n\n\n<p>Er\u00e4\u00e4ll\u00e4 asuntovaunujen ja matkailuautojen valmistajalla oli ketter\u00e4 ja sitoutunut ty\u00f6ntekij\u00e4 ty\u00f6nvalmistusosastolla. Ty\u00f6ntekij\u00e4, jonka nimen olemme muuttaneet ja jota kutsumme t\u00e4ss\u00e4 Henryksi, oli jo pitk\u00e4\u00e4n etsinyt tapaa yksinkertaistaa sis\u00e4isi\u00e4 prosesseja.<\/p>\n\n\n\n<p>Henry t\u00f6rm\u00e4si internetin kautta tehdess\u00e4\u00e4n hakuja Dr. Christoph He\u00dfler Maschinensysteme (CHM HESSLER) -yritykseen, joka oli kehitt\u00e4nyt innovatiivisen huuhtelujyrsimen. CHM HESSLERin asiantuntemuksesta ja sitoutumisesta vaikuttuneena Henry otti yhteytt\u00e4 ja aloitti intensiivisen vuoropuhelun. Henry tunnisti nopeasti uuden jyrsimen potentiaalin asuntovaunujen ja matkailuautojen tuotannossa. H\u00e4n pystyi el\u00e4v\u00e4sti kuvittelemaan, miten t\u00e4m\u00e4n innovatiivisen ty\u00f6kalun k\u00e4ytt\u00f6 parantaisi ty\u00f6n laatua ja lyhent\u00e4isi samalla tuotantoaikaa. Intohimo ty\u00f6h\u00f6ns\u00e4 ajoi h\u00e4net etsim\u00e4\u00e4n ratkaisua uuden jyrsimen integroimiseksi yritykseen.<\/p>\n\n\n\n<p>Aluksi k\u00e4vi ilmi, ett\u00e4&nbsp;<a href=\"https:\/\/c-hessler.de\/fi\/shop\/allwinkel-buendigfraeser-mz-100-160v\/\" target=\"_blank\" rel=\"noreferrer noopener\">Olemassa olevat tasajyrsimet<\/a>&nbsp;ei pystynyt ty\u00f6st\u00e4m\u00e4\u00e4n kaikkia asuntovaunuvalmistajan tarvitsemia ty\u00f6kappaleita. Kun vaatimukset oli selvitetty, CHM HESSLER kehitti huuhtelujyrsimen erikoisversion H, joka t\u00e4ytti yrityksen vaatimukset. Henry antoi t\u00e4rke\u00e4\u00e4 palautetta t\u00e4m\u00e4n vaihtoehdon kehitt\u00e4misest\u00e4 ja teki tiivist\u00e4 yhteisty\u00f6t\u00e4 CHM HESSLERin suunnitteluosaston ja tuotantohenkil\u00f6st\u00f6n kanssa. N\u00e4in h\u00e4n varmisti, ett\u00e4 uusi huuhtelujyrsin r\u00e4\u00e4t\u00e4l\u00f6itiin t\u00e4ydellisesti asuntovaunuvalmistajan tarpeisiin.<\/p>\n\n\n\n<p>Koko projektin ajan Henry k\u00e4ytti Corona-kauden vuoksi naamiota, mink\u00e4 vuoksi h\u00e4nen kasvonsa eiv\u00e4t olleet CHM HESSLERin tiedossa. T\u00e4st\u00e4 fyysisest\u00e4 esteest\u00e4 huolimatta h\u00e4n jatkoi tiivist\u00e4 yhteisty\u00f6t\u00e4 CHM HESSLERin kanssa keskustellakseen ja toteuttaakseen konsepteja, muutoksia, testik\u00e4ytt\u00f6j\u00e4 ja suojaelementtej\u00e4.<\/p>\n\n\n\n<p>Kun H-huuhtelujyrsin lopulta otettiin menestyksekk\u00e4\u00e4sti k\u00e4ytt\u00f6\u00f6n, asuntovaunuvalmistaja oli innoissaan sen tarjoamasta laadusta ja tarkkuudesta. Ty\u00f6ntekij\u00e4t olivat kiitollisia Henryn sitoutumisesta ja ottivat uuden jyrsimen innolla vastaan. Tuotantoprosessit tehostuivat ja ty\u00f6 helpottui, mik\u00e4 lis\u00e4si ty\u00f6ntekij\u00f6iden tyytyv\u00e4isyytt\u00e4 ja motivaatiota.<\/p>\n\n\n\n<p>H-pintajyrsimen H menestyksekk\u00e4\u00e4n lanseerauksen j\u00e4lkeen Henryll\u00e4 oli vihdoin tilaisuus vierailla CHM HESSLERin messuosastolla ja tavata heid\u00e4t henkil\u00f6kohtaisesti. Tervehtiminen ilman naamiota symboloi yhteisen projektin loppuunsaattamista ja asuntovaunuvalmistajan ja CHM HESSLERin v\u00e4lisen yhteisty\u00f6n onnistumista. Henry ansaitsee tunnustuksen arvokkaasta roolistaan H-flush-jyrsimen k\u00e4ytt\u00f6\u00f6notossa.<\/p>\n\n\n\n<p>H-huuhtelujyrsimen H tarina sek\u00e4 Henry f\u00fcr den Wohnwagenbauerin ja CHM HESSLERin v\u00e4linen yhteisty\u00f6 korostavat kumppanuuksien, innovaatioiden ja sopeutumiskyvyn merkityst\u00e4. Se osoittaa, miten yhteinen sitoutuminen ja yhteisty\u00f6 voivat johtaa uusiin ratkaisuihin jopa koronaviruspandemian kaltaisina haastavina aikoina.<\/p>\n<\/div>\n\n\n\n<div class=\"wp-block-column is-layout-flow wp-block-column-is-layout-flow\">\n<p><\/p>\n\n\n\n<figure class=\"wp-block-image size-large\"><img decoding=\"async\" width=\"1024\" height=\"768\" src=\"https:\/\/c-hessler.de\/wp-content\/uploads\/2023\/05\/P1000669-scaled-e1684259824625-1024x768.jpg\" alt=\"\" class=\"wp-image-206587\" srcset=\"https:\/\/c-hessler.de\/wp-content\/uploads\/2023\/05\/P1000669-scaled-e1684259824625-1024x768.jpg 1024w, https:\/\/c-hessler.de\/wp-content\/uploads\/2023\/05\/P1000669-scaled-e1684259824625-300x225.jpg 300w, https:\/\/c-hessler.de\/wp-content\/uploads\/2023\/05\/P1000669-scaled-e1684259824625-768x576.jpg 768w, https:\/\/c-hessler.de\/wp-content\/uploads\/2023\/05\/P1000669-scaled-e1684259824625-510x382.jpg 510w, https:\/\/c-hessler.de\/wp-content\/uploads\/2023\/05\/P1000669-scaled-e1684259824625-800x600.jpg 800w, https:\/\/c-hessler.de\/wp-content\/uploads\/2023\/05\/P1000669-scaled-e1684259824625-150x112.jpg 150w, https:\/\/c-hessler.de\/wp-content\/uploads\/2023\/05\/P1000669-scaled-e1684259824625.jpg 1067w\" sizes=\"(max-width: 1024px) 100vw, 1024px\" \/><\/figure>\n\n\n\n<h4 class=\"wp-block-heading\" id=\"h-was-der-allwinkel-bundigfraser-h-kann\">Mit\u00e4 H-kokokulmainen tasajyrsin voi tehd\u00e4:<\/h4>\n\n\n\n<ul class=\"wp-block-list\">\n<li>Reunakaistaleen ylityksen tasajyrsint\u00e4 osissa, joissa on lovia ja pullistumia.<\/li>\n\n\n\n<li>Keskipys\u00e4ytyksen nopea s\u00e4\u00e4t\u00f6 ty\u00f6kappaleen geometriaan sopivaksi.<\/li>\n\n\n\n<li>Etupys\u00e4yttimen nopea s\u00e4\u00e4t\u00f6 kiinnityslohkolla<\/li>\n\n\n\n<li>Nopea vaihto eri kulmakulmien v\u00e4lill\u00e4 ilman s\u00e4\u00e4t\u00f6\u00e4<\/li>\n\n\n\n<li>Puhdas jyrsint\u00e4tulos<\/li>\n<\/ul>\n<\/div>\n<\/div>\n\n\n\n<p><\/p>\n<\/div>\n<\/div>","protected":false},"excerpt":{"rendered":"<p>Kaiken kulman tasausjyrsimell\u00e4 H jyrsit\u00e4\u00e4n tasausreunan ulokkeita pinnan puolelta. Toisin kuin <a href=\"https:\/\/c-hessler.de\/fi\/shop\/allwinkel-buendigfraeser-mz-100-160v\/\">Vakioh\u00f6yl\u00e4jyrsin<\/a> H-vaihtoehdolla voidaan ty\u00f6st\u00e4\u00e4 monimutkaisia komponentteja. Soveltuu erinomaisesti niin sanottuihin palapelin osiin ja muihin erikoisosiin. Todistettu asuntovaunujen ja -autojen valmistuksessa. Saatavana on kuvan mukainen oikeanpuoleinen versio ja peilikuvana vasemmanpuoleinen versio.<\/p>\n<p>Olemme k\u00e4ytett\u00e4viss\u00e4 my\u00f6s puhelimitse. Puh. 05741 3012080, kansainv\u00e4lisesti +49 5741 3012080.<\/p>","protected":false},"featured_media":206577,"comment_status":"open","ping_status":"closed","template":"","meta":[],"product_brand":[],"product_cat":[58],"product_tag":[41,38,40],"class_list":{"0":"post-206621","1":"product","2":"type-product","3":"status-publish","4":"has-post-thumbnail","6":"product_cat-handgefuehrte-maschinen","7":"product_tag-aussenecken","8":"product_tag-handgefuehrt","9":"product_tag-pneumatischer-antrieb","11":"first","12":"instock","13":"sold-individually","14":"taxable","15":"shipping-taxable","16":"purchasable","17":"product-type-simple"},"yoast_head":"<!-- This site is optimized with the Yoast SEO Premium plugin v27.0 (Yoast SEO v27.4) - https:\/\/yoast.com\/product\/yoast-seo-premium-wordpress\/ -->\n<title>Allwinkel-B\u00fcndigfr\u00e4ser H von Dr. He\u00dfler Maschinensysteme<\/title>\n<meta name=\"description\" content=\"Mit dem Allwinkel-B\u00fcndigfr\u00e4ser H werden Kopf-Kanten von komplexen Teilen b\u00fcndig gefr\u00e4st. Sehr gut geeignet f\u00fcr Teile von Wohnwagen und Wohnmobilen.\" \/>\n<meta name=\"robots\" content=\"index, follow, max-snippet:-1, max-image-preview:large, max-video-preview:-1\" \/>\n<link rel=\"canonical\" href=\"https:\/\/c-hessler.de\/fi\/shop\/allwinkel-buendigfraeser-mz-100-160v-h\/\" \/>\n<meta property=\"og:locale\" content=\"fi_FI\" \/>\n<meta property=\"og:type\" content=\"article\" \/>\n<meta property=\"og:title\" content=\"Allwinkel-B\u00fcndigfr\u00e4ser MZ 100 160V H\" \/>\n<meta property=\"og:description\" content=\"Mit dem Allwinkel-B\u00fcndigfr\u00e4ser H werden Kopf-Kanten von komplexen Teilen b\u00fcndig gefr\u00e4st. Sehr gut geeignet f\u00fcr Teile von Wohnwagen und Wohnmobilen.\" \/>\n<meta property=\"og:url\" content=\"https:\/\/c-hessler.de\/fi\/shop\/allwinkel-buendigfraeser-mz-100-160v-h\/\" \/>\n<meta property=\"og:site_name\" content=\"Dr. Christoph He\u00dfler Maschinensysteme\" \/>\n<meta property=\"article:publisher\" content=\"https:\/\/www.facebook.com\/DrChristophHesslerMaschinensysteme\/\" \/>\n<meta property=\"article:modified_time\" content=\"2025-12-30T03:14:51+00:00\" \/>\n<meta property=\"og:image\" content=\"https:\/\/c-hessler.de\/wp-content\/uploads\/2023\/05\/P1010124-scaled-e1684256696780.jpg\" \/>\n\t<meta property=\"og:image:width\" content=\"1600\" \/>\n\t<meta property=\"og:image:height\" content=\"1200\" \/>\n\t<meta property=\"og:image:type\" content=\"image\/jpeg\" \/>\n<meta name=\"twitter:label1\" content=\"Hinta\" \/>\n\t<meta name=\"twitter:data1\" content=\"3.754,00&nbsp;&euro; ohne MwSt.\" \/>\n\t<meta name=\"twitter:label2\" content=\"Saatavuus\" \/>\n\t<meta name=\"twitter:data2\" content=\"Varastossa\" \/>\n<script type=\"application\/ld+json\" class=\"yoast-schema-graph\">{\"@context\":\"https:\\\/\\\/schema.org\",\"@graph\":[{\"@type\":\"WebPage\",\"@id\":\"https:\\\/\\\/c-hessler.de\\\/shop\\\/allwinkel-buendigfraeser-mz-100-160v-h\\\/\",\"url\":\"https:\\\/\\\/c-hessler.de\\\/shop\\\/allwinkel-buendigfraeser-mz-100-160v-h\\\/\",\"name\":\"Allwinkel-B\u00fcndigfr\u00e4ser H von Dr. He\u00dfler Maschinensysteme\",\"isPartOf\":{\"@id\":\"https:\\\/\\\/c-hessler.de\\\/#website\"},\"primaryImageOfPage\":{\"@id\":\"https:\\\/\\\/c-hessler.de\\\/shop\\\/allwinkel-buendigfraeser-mz-100-160v-h\\\/#primaryimage\"},\"image\":{\"@id\":\"https:\\\/\\\/c-hessler.de\\\/shop\\\/allwinkel-buendigfraeser-mz-100-160v-h\\\/#primaryimage\"},\"thumbnailUrl\":\"https:\\\/\\\/c-hessler.de\\\/wp-content\\\/uploads\\\/2023\\\/05\\\/P1010124-scaled-e1684256696780.jpg\",\"datePublished\":\"2023-05-18T13:52:32+00:00\",\"dateModified\":\"2025-12-30T03:14:51+00:00\",\"description\":\"Mit dem Allwinkel-B\u00fcndigfr\u00e4ser H werden Kopf-Kanten von komplexen Teilen b\u00fcndig gefr\u00e4st. Sehr gut geeignet f\u00fcr Teile von Wohnwagen und Wohnmobilen.\",\"breadcrumb\":{\"@id\":\"https:\\\/\\\/c-hessler.de\\\/shop\\\/allwinkel-buendigfraeser-mz-100-160v-h\\\/#breadcrumb\"},\"inLanguage\":\"fi\",\"potentialAction\":[{\"@type\":\"ReadAction\",\"target\":[\"https:\\\/\\\/c-hessler.de\\\/shop\\\/allwinkel-buendigfraeser-mz-100-160v-h\\\/\"]}]},{\"@type\":\"ImageObject\",\"inLanguage\":\"fi\",\"@id\":\"https:\\\/\\\/c-hessler.de\\\/shop\\\/allwinkel-buendigfraeser-mz-100-160v-h\\\/#primaryimage\",\"url\":\"https:\\\/\\\/c-hessler.de\\\/wp-content\\\/uploads\\\/2023\\\/05\\\/P1010124-scaled-e1684256696780.jpg\",\"contentUrl\":\"https:\\\/\\\/c-hessler.de\\\/wp-content\\\/uploads\\\/2023\\\/05\\\/P1010124-scaled-e1684256696780.jpg\",\"width\":1600,\"height\":1200,\"caption\":\"B\u00fcndigfr\u00e4ser mit Hochschwert\"},{\"@type\":\"BreadcrumbList\",\"@id\":\"https:\\\/\\\/c-hessler.de\\\/shop\\\/allwinkel-buendigfraeser-mz-100-160v-h\\\/#breadcrumb\",\"itemListElement\":[{\"@type\":\"ListItem\",\"position\":1,\"name\":\"Produkte\",\"item\":\"https:\\\/\\\/c-hessler.de\\\/produkte\\\/\"},{\"@type\":\"ListItem\",\"position\":2,\"name\":\"Allwinkel-B\u00fcndigfr\u00e4ser MZ 100 160V H\"}]},{\"@type\":\"WebSite\",\"@id\":\"https:\\\/\\\/c-hessler.de\\\/#website\",\"url\":\"https:\\\/\\\/c-hessler.de\\\/\",\"name\":\"www.c-hessler.de\",\"description\":\"\",\"publisher\":{\"@id\":\"https:\\\/\\\/c-hessler.de\\\/#organization\"},\"potentialAction\":[{\"@type\":\"SearchAction\",\"target\":{\"@type\":\"EntryPoint\",\"urlTemplate\":\"https:\\\/\\\/c-hessler.de\\\/?s={search_term_string}\"},\"query-input\":{\"@type\":\"PropertyValueSpecification\",\"valueRequired\":true,\"valueName\":\"search_term_string\"}}],\"inLanguage\":\"fi\"},{\"@type\":\"Organization\",\"@id\":\"https:\\\/\\\/c-hessler.de\\\/#organization\",\"name\":\"Dr. Christoph He\u00dfler Maschinensysteme\",\"alternateName\":\"Dr. Christoph He\u00dfler Maschinensysteme\",\"url\":\"https:\\\/\\\/c-hessler.de\\\/\",\"logo\":{\"@type\":\"ImageObject\",\"inLanguage\":\"fi\",\"@id\":\"https:\\\/\\\/c-hessler.de\\\/#\\\/schema\\\/logo\\\/image\\\/\",\"url\":\"https:\\\/\\\/c-hessler.de\\\/wp-content\\\/uploads\\\/2026\\\/02\\\/Draw-03-150312-110115-Ausgeschnitten-I.jpg\",\"contentUrl\":\"https:\\\/\\\/c-hessler.de\\\/wp-content\\\/uploads\\\/2026\\\/02\\\/Draw-03-150312-110115-Ausgeschnitten-I.jpg\",\"width\":445,\"height\":394,\"caption\":\"Dr. Christoph He\u00dfler Maschinensysteme\"},\"image\":{\"@id\":\"https:\\\/\\\/c-hessler.de\\\/#\\\/schema\\\/logo\\\/image\\\/\"},\"sameAs\":[\"https:\\\/\\\/www.facebook.com\\\/DrChristophHesslerMaschinensysteme\\\/\",\"https:\\\/\\\/www.pinterest.de\\\/hesstools\\\/\",\"https:\\\/\\\/www.youtube.com\\\/channel\\\/UCaNnXDGGF_BiYFQZ2kJgi-A?view_as=subscriber\"],\"description\":\"1. Ecken- und Kantenfr\u00e4sen f\u00fcr Tischler und Schreiner, Sonderanfertigungen 2. Auch f\u00fcr die Nachbearbeitung von Eck-Schwei\u00dfn\u00e4hten bei Aluminium-Werkstoffen, f\u00fcr Fahrzeugbauer oder Metallbauer aller Art\",\"email\":\"christoph.hessler@c-hessler.de\",\"telephone\":\"0527413012080\",\"legalName\":\"Dr. Christoph He\u00dfler Maschinensysteme\",\"foundingDate\":\"2003-06-05\",\"vatID\":\"DE230070107\",\"numberOfEmployees\":{\"@type\":\"QuantitativeValue\",\"minValue\":\"1\",\"maxValue\":\"10\"}}]}<\/script>\n<meta property=\"product:price:amount\" content=\"3754.00\" \/>\n<meta property=\"product:price:currency\" content=\"EUR\" \/>\n<meta property=\"og:availability\" content=\"instock\" \/>\n<meta property=\"product:availability\" content=\"instock\" \/>\n<meta property=\"product:retailer_item_id\" content=\"allwinkel-buendigfraeser-mz-100-160v-h\" \/>\n<meta property=\"product:condition\" content=\"new\" \/>\n<!-- \/ Yoast SEO Premium plugin. -->","yoast_head_json":{"title":"Dr. Hessler Maschinensysteme -yhti\u00f6n koko kulman kattava tasajyrsin H","description":"Kaiken kulman tasajyrsint\u00e4 H k\u00e4ytet\u00e4\u00e4n monimutkaisten kappaleiden yl\u00e4reunojen tasajyrsint\u00e4\u00e4n. Soveltuu hyvin asuntovaunujen ja matkailuautojen osien jyrsint\u00e4\u00e4n.","robots":{"index":"index","follow":"follow","max-snippet":"max-snippet:-1","max-image-preview":"max-image-preview:large","max-video-preview":"max-video-preview:-1"},"canonical":"https:\/\/c-hessler.de\/fi\/shop\/allwinkel-buendigfraeser-mz-100-160v-h\/","og_locale":"fi_FI","og_type":"article","og_title":"Allwinkel-B\u00fcndigfr\u00e4ser MZ 100 160V H","og_description":"Mit dem Allwinkel-B\u00fcndigfr\u00e4ser H werden Kopf-Kanten von komplexen Teilen b\u00fcndig gefr\u00e4st. Sehr gut geeignet f\u00fcr Teile von Wohnwagen und Wohnmobilen.","og_url":"https:\/\/c-hessler.de\/fi\/shop\/allwinkel-buendigfraeser-mz-100-160v-h\/","og_site_name":"Dr. Christoph He\u00dfler Maschinensysteme","article_publisher":"https:\/\/www.facebook.com\/DrChristophHesslerMaschinensysteme\/","article_modified_time":"2025-12-30T03:14:51+00:00","og_image":[{"width":1600,"height":1200,"url":"https:\/\/c-hessler.de\/wp-content\/uploads\/2023\/05\/P1010124-scaled-e1684256696780.jpg","type":"image\/jpeg"}],"twitter_misc":{"Hinta":"3.754,00&nbsp;&euro; ohne MwSt.","Saatavuus":"Varastossa"},"schema":{"@context":"https:\/\/schema.org","@graph":[{"@type":"WebPage","@id":"https:\/\/c-hessler.de\/shop\/allwinkel-buendigfraeser-mz-100-160v-h\/","url":"https:\/\/c-hessler.de\/shop\/allwinkel-buendigfraeser-mz-100-160v-h\/","name":"Dr. Hessler Maschinensysteme -yhti\u00f6n koko kulman kattava tasajyrsin H","isPartOf":{"@id":"https:\/\/c-hessler.de\/#website"},"primaryImageOfPage":{"@id":"https:\/\/c-hessler.de\/shop\/allwinkel-buendigfraeser-mz-100-160v-h\/#primaryimage"},"image":{"@id":"https:\/\/c-hessler.de\/shop\/allwinkel-buendigfraeser-mz-100-160v-h\/#primaryimage"},"thumbnailUrl":"https:\/\/c-hessler.de\/wp-content\/uploads\/2023\/05\/P1010124-scaled-e1684256696780.jpg","datePublished":"2023-05-18T13:52:32+00:00","dateModified":"2025-12-30T03:14:51+00:00","description":"Kaiken kulman tasajyrsint\u00e4 H k\u00e4ytet\u00e4\u00e4n monimutkaisten kappaleiden yl\u00e4reunojen tasajyrsint\u00e4\u00e4n. Soveltuu hyvin asuntovaunujen ja matkailuautojen osien jyrsint\u00e4\u00e4n.","breadcrumb":{"@id":"https:\/\/c-hessler.de\/shop\/allwinkel-buendigfraeser-mz-100-160v-h\/#breadcrumb"},"inLanguage":"fi","potentialAction":[{"@type":"ReadAction","target":["https:\/\/c-hessler.de\/shop\/allwinkel-buendigfraeser-mz-100-160v-h\/"]}]},{"@type":"ImageObject","inLanguage":"fi","@id":"https:\/\/c-hessler.de\/shop\/allwinkel-buendigfraeser-mz-100-160v-h\/#primaryimage","url":"https:\/\/c-hessler.de\/wp-content\/uploads\/2023\/05\/P1010124-scaled-e1684256696780.jpg","contentUrl":"https:\/\/c-hessler.de\/wp-content\/uploads\/2023\/05\/P1010124-scaled-e1684256696780.jpg","width":1600,"height":1200,"caption":"B\u00fcndigfr\u00e4ser mit Hochschwert"},{"@type":"BreadcrumbList","@id":"https:\/\/c-hessler.de\/shop\/allwinkel-buendigfraeser-mz-100-160v-h\/#breadcrumb","itemListElement":[{"@type":"ListItem","position":1,"name":"Produkte","item":"https:\/\/c-hessler.de\/produkte\/"},{"@type":"ListItem","position":2,"name":"Allwinkel-B\u00fcndigfr\u00e4ser MZ 100 160V H"}]},{"@type":"WebSite","@id":"https:\/\/c-hessler.de\/#website","url":"https:\/\/c-hessler.de\/","name":"www.c-hessler.de","description":"","publisher":{"@id":"https:\/\/c-hessler.de\/#organization"},"potentialAction":[{"@type":"SearchAction","target":{"@type":"EntryPoint","urlTemplate":"https:\/\/c-hessler.de\/?s={search_term_string}"},"query-input":{"@type":"PropertyValueSpecification","valueRequired":true,"valueName":"search_term_string"}}],"inLanguage":"fi"},{"@type":"Organization","@id":"https:\/\/c-hessler.de\/#organization","name":"Tohtori Christoph He\u00dfler Konej\u00e4rjestelm\u00e4t","alternateName":"Dr. Christoph He\u00dfler Maschinensysteme","url":"https:\/\/c-hessler.de\/","logo":{"@type":"ImageObject","inLanguage":"fi","@id":"https:\/\/c-hessler.de\/#\/schema\/logo\/image\/","url":"https:\/\/c-hessler.de\/wp-content\/uploads\/2026\/02\/Draw-03-150312-110115-Ausgeschnitten-I.jpg","contentUrl":"https:\/\/c-hessler.de\/wp-content\/uploads\/2026\/02\/Draw-03-150312-110115-Ausgeschnitten-I.jpg","width":445,"height":394,"caption":"Dr. Christoph He\u00dfler Maschinensysteme"},"image":{"@id":"https:\/\/c-hessler.de\/#\/schema\/logo\/image\/"},"sameAs":["https:\/\/www.facebook.com\/DrChristophHesslerMaschinensysteme\/","https:\/\/www.pinterest.de\/hesstools\/","https:\/\/www.youtube.com\/channel\/UCaNnXDGGF_BiYFQZ2kJgi-A?view_as=subscriber"],"description":"1. Ecken- und Kantenfr\u00e4sen f\u00fcr Tischler und Schreiner, Sonderanfertigungen 2. Auch f\u00fcr die Nachbearbeitung von Eck-Schwei\u00dfn\u00e4hten bei Aluminium-Werkstoffen, f\u00fcr Fahrzeugbauer oder Metallbauer aller Art","email":"christoph.hessler@c-hessler.de","telephone":"0527413012080","legalName":"Dr. Christoph He\u00dfler Maschinensysteme","foundingDate":"2003-06-05","vatID":"DE230070107","numberOfEmployees":{"@type":"QuantitativeValue","minValue":"1","maxValue":"10"}}]},"product_price_amount":"3754.00","product_price_currency":"EUR","og_availability":"instock","product_availability":"instock","product_retailer_item_id":"allwinkel-buendigfraeser-mz-100-160v-h","product_condition":"new"},"_links":{"self":[{"href":"https:\/\/c-hessler.de\/fi\/wp-json\/wp\/v2\/product\/206621","targetHints":{"allow":["GET"]}}],"collection":[{"href":"https:\/\/c-hessler.de\/fi\/wp-json\/wp\/v2\/product"}],"about":[{"href":"https:\/\/c-hessler.de\/fi\/wp-json\/wp\/v2\/types\/product"}],"replies":[{"embeddable":true,"href":"https:\/\/c-hessler.de\/fi\/wp-json\/wp\/v2\/comments?post=206621"}],"wp:featuredmedia":[{"embeddable":true,"href":"https:\/\/c-hessler.de\/fi\/wp-json\/wp\/v2\/media\/206577"}],"wp:attachment":[{"href":"https:\/\/c-hessler.de\/fi\/wp-json\/wp\/v2\/media?parent=206621"}],"wp:term":[{"taxonomy":"product_brand","embeddable":true,"href":"https:\/\/c-hessler.de\/fi\/wp-json\/wp\/v2\/product_brand?post=206621"},{"taxonomy":"product_cat","embeddable":true,"href":"https:\/\/c-hessler.de\/fi\/wp-json\/wp\/v2\/product_cat?post=206621"},{"taxonomy":"product_tag","embeddable":true,"href":"https:\/\/c-hessler.de\/fi\/wp-json\/wp\/v2\/product_tag?post=206621"}],"curies":[{"name":"wp","href":"https:\/\/api.w.org\/{rel}","templated":true}]}}