{"id":10428,"date":"2017-05-25T16:09:43","date_gmt":"2017-05-25T14:09:43","guid":{"rendered":"https:\/\/c-hessler.de\/?page_id=10428"},"modified":"2025-12-13T13:04:24","modified_gmt":"2025-12-13T12:04:24","slug":"menuiserie-scheschy-neufelden-autriche","status":"publish","type":"page","link":"https:\/\/c-hessler.de\/fr\/referenzen\/tischlerei-scheschy-neufelden-oesterreich\/","title":{"rendered":"Menuiserie Scheschy, Neufelden, Autriche"},"content":{"rendered":"<div data-elementor-type=\"wp-page\" data-elementor-id=\"10428\" class=\"elementor elementor-10428\" data-elementor-settings=\"{&quot;ha_cmc_init_switcher&quot;:&quot;no&quot;}\" data-elementor-post-type=\"page\">\n\t\t\t\t<div class=\"elementor-element elementor-element-51d7175 e-grid e-con-boxed e-con e-parent\" data-id=\"51d7175\" data-element_type=\"container\" data-e-type=\"container\" data-settings=\"{&quot;_ha_eqh_enable&quot;:false}\">\n\t\t\t\t\t<div class=\"e-con-inner\">\n\t\t\t\t<div class=\"elementor-element elementor-element-3483f6a elementor-widget elementor-widget-text-editor\" data-id=\"3483f6a\" data-element_type=\"widget\" data-e-type=\"widget\" data-widget_type=\"text-editor.default\">\n\t\t\t\t\t\t\t\t\t<h4><b><span lang=\"DE\">Menuiserie SCHESCHY GmbH<\/span><\/b><\/h4><p><span lang=\"DE\">53, rue de Veldn<\/span><br \/><span lang=\"DE\">4120 Neufelden<\/span><\/p><p>T\u00e9l :\u00a0<span lang=\"DE\">+43 (0) 7282 \/ 6633 - 0<\/span><br \/>Fax :\u00a0<span lang=\"DE\">+43 (0) 7282 \/ 6633 - 20<\/span><\/p><p>Courrier \u00e9lectronique :\u00a0<a href=\"mailto:buero@scheschy.at\">buero@scheschy.at<\/a><br \/>Site web :\u00a0<a class=\"kontakt_link\" href=\"http:\/\/www.scheschy.at\/\" target=\"_blank\" rel=\"noopener noreferrer\">www.scheschy.at<\/a><\/p>\t\t\t\t\t\t\t\t<\/div>\n\t\t\t\t<div class=\"elementor-element elementor-element-8d76f42 elementor-widget elementor-widget-image\" data-id=\"8d76f42\" data-element_type=\"widget\" data-e-type=\"widget\" data-widget_type=\"image.default\">\n\t\t\t\t\t\t\t\t\t\t\t\t\t\t\t<img fetchpriority=\"high\" decoding=\"async\" width=\"2560\" height=\"853\" src=\"https:\/\/c-hessler.de\/wp-content\/uploads\/2017\/05\/Logo_mit_Adresse_300dpi-1-scaled.jpg\" class=\"attachment-full size-full wp-image-10431\" alt=\"\" srcset=\"https:\/\/c-hessler.de\/wp-content\/uploads\/2017\/05\/Logo_mit_Adresse_300dpi-1-scaled.jpg 2560w, https:\/\/c-hessler.de\/wp-content\/uploads\/2017\/05\/Logo_mit_Adresse_300dpi-1-scaled-150x50.jpg 150w, https:\/\/c-hessler.de\/wp-content\/uploads\/2017\/05\/Logo_mit_Adresse_300dpi-1-scaled-800x267.jpg 800w, https:\/\/c-hessler.de\/wp-content\/uploads\/2017\/05\/Logo_mit_Adresse_300dpi-1-300x100.jpg 300w, https:\/\/c-hessler.de\/wp-content\/uploads\/2017\/05\/Logo_mit_Adresse_300dpi-1-768x256.jpg 768w, https:\/\/c-hessler.de\/wp-content\/uploads\/2017\/05\/Logo_mit_Adresse_300dpi-1-1024x341.jpg 1024w, https:\/\/c-hessler.de\/wp-content\/uploads\/2017\/05\/Logo_mit_Adresse_300dpi-1-1080x360.jpg 1080w\" sizes=\"(max-width: 2560px) 100vw, 2560px\" \/>\t\t\t\t\t\t\t\t\t\t\t\t\t\t\t<\/div>\n\t\t\t\t\t<\/div>\n\t\t\t\t<\/div>\n\t\t<div class=\"elementor-element elementor-element-518d74b e-flex e-con-boxed e-con e-parent\" data-id=\"518d74b\" data-element_type=\"container\" data-e-type=\"container\" data-settings=\"{&quot;_ha_eqh_enable&quot;:false}\">\n\t\t\t\t\t<div class=\"e-con-inner\">\n\t\t\t\t<div class=\"elementor-element elementor-element-9185c44 elementor-widget-divider--view-line elementor-widget elementor-widget-divider\" data-id=\"9185c44\" data-element_type=\"widget\" data-e-type=\"widget\" data-widget_type=\"divider.default\">\n\t\t\t\t\t\t\t<div class=\"elementor-divider\">\n\t\t\t<span class=\"elementor-divider-separator\">\n\t\t\t\t\t\t<\/span>\n\t\t<\/div>\n\t\t\t\t\t\t<\/div>\n\t\t\t\t\t<\/div>\n\t\t\t\t<\/div>\n\t\t<div class=\"elementor-element elementor-element-bd365b5 e-flex e-con-boxed e-con e-parent\" data-id=\"bd365b5\" data-element_type=\"container\" data-e-type=\"container\" data-settings=\"{&quot;_ha_eqh_enable&quot;:false}\">\n\t\t\t\t\t<div class=\"e-con-inner\">\n\t\t\t\t<div class=\"elementor-element elementor-element-19156ba elementor-widget elementor-widget-text-editor\" data-id=\"19156ba\" data-element_type=\"widget\" data-e-type=\"widget\" data-widget_type=\"text-editor.default\">\n\t\t\t\t\t\t\t\t\t<h4 style=\"margin-bottom: 0px; padding: 0px 0px 10px; border: 0px; outline: 0px; text-size-adjust: 100%; vertical-align: baseline; background-image: initial; background-position: initial; background-size: initial; background-repeat: initial; background-attachment: initial; background-origin: initial; background-clip: initial; color: #333333; line-height: 1em; font-weight: 500; font-family: 'Open Sans', sans-serif; letter-spacing: normal; text-wrap-mode: wrap;\">Encoche MZ 02 90F A pour l'encochage d'angles<\/h4><p class=\"bodytext\" style=\"margin-bottom: 0px; padding: 0px 0px 1em; border: 0px; outline: 0px; text-size-adjust: 100%; vertical-align: baseline; background-image: initial; background-position: initial; background-size: initial; background-repeat: initial; background-attachment: initial; background-origin: initial; background-clip: initial; font-family: 'Open Sans', sans-serif;\">En tant que menuiserie sp\u00e9cialis\u00e9e leader dans le domaine de l'\u00e9quipement hospitalier et de l'habitat sain, Scheschy propose des solutions innovantes - pour les diff\u00e9rents secteurs comme pour l'\u00e9quipement complet. La rentabilit\u00e9, la fonctionnalit\u00e9, l'aptitude \u00e0 la pratique et un design attrayant sont au premier plan.<\/p><p>Certains lieux de vie et de travail imposent des exigences \u00e9lev\u00e9es au mat\u00e9riel \u00e0 utiliser. Dans le domaine de la sant\u00e9, en particulier, l'hygi\u00e8ne, la st\u00e9rilit\u00e9, la radioprotection et la s\u00e9curit\u00e9 rev\u00eatent une grande importance.<\/p><p>En service \u00e0 partir de mai 2017 : l'encocheuse pour un encochage sans arrachement des deux c\u00f4t\u00e9s \u00e0 partir d'une \u00e9paisseur de pi\u00e8ce de 16 mm.<\/p><p>Les photos montrent l'encoche en action dans l'atelier de Scheschy.<\/p><p>Avant : angle avec rayon int\u00e9rieur du fraisage<\/p><p>Apr\u00e8s : Angles int\u00e9rieurs encoch\u00e9s et \u00e0 ar\u00eates vives dans une d\u00e9coupe ferm\u00e9e<\/p>\t\t\t\t\t\t\t\t<\/div>\n\t\t\t\t\t<\/div>\n\t\t\t\t<\/div>\n\t\t<div class=\"elementor-element elementor-element-16160a2 e-flex e-con-boxed e-con e-parent\" data-id=\"16160a2\" data-element_type=\"container\" data-e-type=\"container\" data-settings=\"{&quot;_ha_eqh_enable&quot;:false}\">\n\t\t\t\t\t<div class=\"e-con-inner\">\n\t\t\t\t<div class=\"elementor-element elementor-element-0a60744 elementor-widget elementor-widget-image-carousel\" data-id=\"0a60744\" data-element_type=\"widget\" data-e-type=\"widget\" data-settings=\"{&quot;slides_to_show&quot;:&quot;4&quot;,&quot;navigation&quot;:&quot;none&quot;,&quot;autoplay&quot;:&quot;yes&quot;,&quot;pause_on_hover&quot;:&quot;yes&quot;,&quot;pause_on_interaction&quot;:&quot;yes&quot;,&quot;autoplay_speed&quot;:5000,&quot;infinite&quot;:&quot;yes&quot;,&quot;speed&quot;:500}\" data-widget_type=\"image-carousel.default\">\n\t\t\t\t\t\t\t<div class=\"elementor-image-carousel-wrapper swiper\" role=\"region\" aria-roledescription=\"carousel\" aria-label=\"Image Carrousel\" dir=\"ltr\">\n\t\t\t<div class=\"elementor-image-carousel swiper-wrapper swiper-image-stretch\" aria-live=\"off\">\n\t\t\t\t\t\t\t\t<div class=\"swiper-slide\" role=\"group\" aria-roledescription=\"slide\" aria-label=\"1 of 4\" data-no-translation-aria-label=\"\"><a data-elementor-open-lightbox=\"yes\" data-elementor-lightbox-slideshow=\"0a60744\" data-elementor-lightbox-title=\"IMG_4372\" data-e-action-hash=\"#elementor-action%3Aaction%3Dlightbox%26settings%3DeyJpZCI6MTA0MzQsInVybCI6Imh0dHBzOlwvXC9jLWhlc3NsZXIuZGVcL3dwLWNvbnRlbnRcL3VwbG9hZHNcLzIwMTdcLzA1XC9JTUdfNDM3Mi1lMTQ5NTcxNjczODgzMS1zY2FsZWQuanBnIiwic2xpZGVzaG93IjoiMGE2MDc0NCJ9\" href=\"https:\/\/c-hessler.de\/wp-content\/uploads\/2017\/05\/IMG_4372-e1495716738831-scaled.jpg\"><figure class=\"swiper-slide-inner\"><img decoding=\"async\" class=\"swiper-slide-image\" src=\"https:\/\/c-hessler.de\/wp-content\/uploads\/2017\/05\/IMG_4372-e1495716738831-150x150.jpg\" alt=\"IMG_4372\" \/><\/figure><\/a><\/div><div class=\"swiper-slide\" role=\"group\" aria-roledescription=\"slide\" aria-label=\"2 of 4\" data-no-translation-aria-label=\"\"><a data-elementor-open-lightbox=\"yes\" data-elementor-lightbox-slideshow=\"0a60744\" data-elementor-lightbox-title=\"IMG_4361\" data-e-action-hash=\"#elementor-action%3Aaction%3Dlightbox%26settings%3DeyJpZCI6MTA0MzMsInVybCI6Imh0dHBzOlwvXC9jLWhlc3NsZXIuZGVcL3dwLWNvbnRlbnRcL3VwbG9hZHNcLzIwMTdcLzA1XC9JTUdfNDM2MS1lMTYwOTUyMDMyOTkwNC5qcGciLCJzbGlkZXNob3ciOiIwYTYwNzQ0In0%3D\" href=\"https:\/\/c-hessler.de\/wp-content\/uploads\/2017\/05\/IMG_4361-e1609520329904.jpg\"><figure class=\"swiper-slide-inner\"><img decoding=\"async\" class=\"swiper-slide-image\" src=\"https:\/\/c-hessler.de\/wp-content\/uploads\/2017\/05\/IMG_4361-150x150.jpg\" alt=\"IMG_4361\" \/><\/figure><\/a><\/div><div class=\"swiper-slide\" role=\"group\" aria-roledescription=\"slide\" aria-label=\"3 of 4\" data-no-translation-aria-label=\"\"><a data-elementor-open-lightbox=\"yes\" data-elementor-lightbox-slideshow=\"0a60744\" data-elementor-lightbox-title=\"IMG_4374\" data-e-action-hash=\"#elementor-action%3Aaction%3Dlightbox%26settings%3DeyJpZCI6MTA0MzUsInVybCI6Imh0dHBzOlwvXC9jLWhlc3NsZXIuZGVcL3dwLWNvbnRlbnRcL3VwbG9hZHNcLzIwMTdcLzA1XC9JTUdfNDM3NC1zY2FsZWQuanBnIiwic2xpZGVzaG93IjoiMGE2MDc0NCJ9\" href=\"https:\/\/c-hessler.de\/wp-content\/uploads\/2017\/05\/IMG_4374-scaled.jpg\"><figure class=\"swiper-slide-inner\"><img decoding=\"async\" class=\"swiper-slide-image\" src=\"https:\/\/c-hessler.de\/wp-content\/uploads\/2017\/05\/IMG_4374-150x150.jpg\" alt=\"IMG_4374\" \/><\/figure><\/a><\/div><div class=\"swiper-slide\" role=\"group\" aria-roledescription=\"slide\" aria-label=\"4 of 4\" data-no-translation-aria-label=\"\"><a data-elementor-open-lightbox=\"yes\" data-elementor-lightbox-slideshow=\"0a60744\" data-elementor-lightbox-title=\"IMG_4358\" data-e-action-hash=\"#elementor-action%3Aaction%3Dlightbox%26settings%3DeyJpZCI6MTA0MzIsInVybCI6Imh0dHBzOlwvXC9jLWhlc3NsZXIuZGVcL3dwLWNvbnRlbnRcL3VwbG9hZHNcLzIwMTdcLzA1XC9JTUdfNDM1OC1lMTQ5NTcxMjAxNjQyNy5qcGciLCJzbGlkZXNob3ciOiIwYTYwNzQ0In0%3D\" href=\"https:\/\/c-hessler.de\/wp-content\/uploads\/2017\/05\/IMG_4358-e1495712016427.jpg\"><figure class=\"swiper-slide-inner\"><img decoding=\"async\" class=\"swiper-slide-image\" src=\"https:\/\/c-hessler.de\/wp-content\/uploads\/2017\/05\/IMG_4358-e1495712016427-150x150.jpg\" alt=\"IMG_4358\" \/><\/figure><\/a><\/div>\t\t\t<\/div>\n\t\t\t\t\t\t\t\n\t\t\t\t\t\t\t\t\t<\/div>\n\t\t\t\t\t\t<\/div>\n\t\t\t\t\t<\/div>\n\t\t\t\t<\/div>\n\t\t\t\t<\/div>","protected":false},"excerpt":{"rendered":"<p>Tischlerei SCHESCHY GmbH Veldner Stra\u00dfe 534120 Neufelden Tel.:\u00a0+43 (0) 7282 \/ 6633 \u2013 0Fax:\u00a0+43 (0) 7282 \/ 6633 \u2013 20 Mail:\u00a0buero@scheschy.atWebsite:\u00a0www.scheschy.at Ausklinker MZ 02 90F A\u00a0zum Eckenausklinken Als f\u00fchrende Spezialtischlerei f\u00fcr Krankenhaus-Einrichtungen und Gesundes Wohnen bietet Scheschy innovative L\u00f6sungen \u2013 f\u00fcr einzelne Bereiche genauso wie f\u00fcr die komplette Einrichtung. Wirtschaftlichkeit, Funktionalit\u00e4t, Praxistauglichkeit und ansprechendes Design [&hellip;]<\/p>\n","protected":false},"author":5,"featured_media":0,"parent":9218,"menu_order":0,"comment_status":"closed","ping_status":"closed","template":"elementor_header_footer","meta":{"footnotes":""},"class_list":["post-10428","page","type-page","status-publish","hentry"],"yoast_head":"<!-- This site is optimized with the Yoast SEO Premium plugin v27.0 (Yoast SEO v27.4) - https:\/\/yoast.com\/product\/yoast-seo-premium-wordpress\/ -->\n<title>Ausklinker bei Scheschy in \u00d6sterreich<\/title>\n<meta name=\"robots\" content=\"index, follow, max-snippet:-1, max-image-preview:large, max-video-preview:-1\" \/>\n<link rel=\"canonical\" href=\"https:\/\/c-hessler.de\/fr\/references\/menuiserie-scheschy-neufelden-autriche\/\" \/>\n<meta property=\"og:locale\" content=\"fr_FR\" \/>\n<meta property=\"og:type\" content=\"article\" \/>\n<meta property=\"og:title\" content=\"Tischlerei Scheschy, Neufelden, \u00d6sterreich\" \/>\n<meta property=\"og:description\" content=\"Tischlerei SCHESCHY GmbH Veldner Stra\u00dfe 534120 Neufelden Tel.:\u00a0+43 (0) 7282 \/ 6633 \u2013 0Fax:\u00a0+43 (0) 7282 \/ 6633 \u2013 20 Mail:\u00a0buero@scheschy.atWebsite:\u00a0www.scheschy.at Ausklinker MZ 02 90F A\u00a0zum Eckenausklinken Als f\u00fchrende Spezialtischlerei f\u00fcr Krankenhaus-Einrichtungen und Gesundes Wohnen bietet Scheschy innovative L\u00f6sungen \u2013 f\u00fcr einzelne Bereiche genauso wie f\u00fcr die komplette Einrichtung. Wirtschaftlichkeit, Funktionalit\u00e4t, Praxistauglichkeit und ansprechendes Design [&hellip;]\" \/>\n<meta property=\"og:url\" content=\"https:\/\/c-hessler.de\/fr\/references\/menuiserie-scheschy-neufelden-autriche\/\" \/>\n<meta property=\"og:site_name\" content=\"Dr. Christoph He\u00dfler Maschinensysteme\" \/>\n<meta property=\"article:publisher\" content=\"https:\/\/www.facebook.com\/DrChristophHesslerMaschinensysteme\/\" \/>\n<meta property=\"article:modified_time\" content=\"2025-12-13T12:04:24+00:00\" \/>\n<meta property=\"og:image\" content=\"https:\/\/c-hessler.de\/wp-content\/uploads\/2017\/05\/Logo_mit_Adresse_300dpi-1-scaled.jpg\" \/>\n\t<meta property=\"og:image:width\" content=\"2560\" \/>\n\t<meta property=\"og:image:height\" content=\"853\" \/>\n\t<meta property=\"og:image:type\" content=\"image\/jpeg\" \/>\n<meta name=\"twitter:label1\" content=\"Dur\u00e9e de lecture estim\u00e9e\" \/>\n\t<meta name=\"twitter:data1\" content=\"4 minutes\" \/>\n<script type=\"application\/ld+json\" class=\"yoast-schema-graph\">{\"@context\":\"https:\\\/\\\/schema.org\",\"@graph\":[{\"@type\":\"WebPage\",\"@id\":\"https:\\\/\\\/c-hessler.de\\\/referenzen\\\/tischlerei-scheschy-neufelden-oesterreich\\\/\",\"url\":\"https:\\\/\\\/c-hessler.de\\\/referenzen\\\/tischlerei-scheschy-neufelden-oesterreich\\\/\",\"name\":\"Ausklinker bei Scheschy in \u00d6sterreich\",\"isPartOf\":{\"@id\":\"https:\\\/\\\/c-hessler.de\\\/#website\"},\"primaryImageOfPage\":{\"@id\":\"https:\\\/\\\/c-hessler.de\\\/referenzen\\\/tischlerei-scheschy-neufelden-oesterreich\\\/#primaryimage\"},\"image\":{\"@id\":\"https:\\\/\\\/c-hessler.de\\\/referenzen\\\/tischlerei-scheschy-neufelden-oesterreich\\\/#primaryimage\"},\"thumbnailUrl\":\"https:\\\/\\\/c-hessler.de\\\/wp-content\\\/uploads\\\/2017\\\/05\\\/Logo_mit_Adresse_300dpi-1-scaled.jpg\",\"datePublished\":\"2017-05-25T14:09:43+00:00\",\"dateModified\":\"2025-12-13T12:04:24+00:00\",\"breadcrumb\":{\"@id\":\"https:\\\/\\\/c-hessler.de\\\/referenzen\\\/tischlerei-scheschy-neufelden-oesterreich\\\/#breadcrumb\"},\"inLanguage\":\"fr-FR\",\"potentialAction\":[{\"@type\":\"ReadAction\",\"target\":[\"https:\\\/\\\/c-hessler.de\\\/referenzen\\\/tischlerei-scheschy-neufelden-oesterreich\\\/\"]}]},{\"@type\":\"ImageObject\",\"inLanguage\":\"fr-FR\",\"@id\":\"https:\\\/\\\/c-hessler.de\\\/referenzen\\\/tischlerei-scheschy-neufelden-oesterreich\\\/#primaryimage\",\"url\":\"https:\\\/\\\/c-hessler.de\\\/wp-content\\\/uploads\\\/2017\\\/05\\\/Logo_mit_Adresse_300dpi-1-scaled.jpg\",\"contentUrl\":\"https:\\\/\\\/c-hessler.de\\\/wp-content\\\/uploads\\\/2017\\\/05\\\/Logo_mit_Adresse_300dpi-1-scaled.jpg\"},{\"@type\":\"BreadcrumbList\",\"@id\":\"https:\\\/\\\/c-hessler.de\\\/referenzen\\\/tischlerei-scheschy-neufelden-oesterreich\\\/#breadcrumb\",\"itemListElement\":[{\"@type\":\"ListItem\",\"position\":1,\"name\":\"Referenzen\",\"item\":\"https:\\\/\\\/c-hessler.de\\\/referenzen\\\/\"},{\"@type\":\"ListItem\",\"position\":2,\"name\":\"Tischlerei Scheschy, Neufelden, \u00d6sterreich\"}]},{\"@type\":\"WebSite\",\"@id\":\"https:\\\/\\\/c-hessler.de\\\/#website\",\"url\":\"https:\\\/\\\/c-hessler.de\\\/\",\"name\":\"www.c-hessler.de\",\"description\":\"\",\"publisher\":{\"@id\":\"https:\\\/\\\/c-hessler.de\\\/#organization\"},\"potentialAction\":[{\"@type\":\"SearchAction\",\"target\":{\"@type\":\"EntryPoint\",\"urlTemplate\":\"https:\\\/\\\/c-hessler.de\\\/?s={search_term_string}\"},\"query-input\":{\"@type\":\"PropertyValueSpecification\",\"valueRequired\":true,\"valueName\":\"search_term_string\"}}],\"inLanguage\":\"fr-FR\"},{\"@type\":\"Organization\",\"@id\":\"https:\\\/\\\/c-hessler.de\\\/#organization\",\"name\":\"Dr. Christoph He\u00dfler Maschinensysteme\",\"alternateName\":\"Dr. Christoph He\u00dfler Maschinensysteme\",\"url\":\"https:\\\/\\\/c-hessler.de\\\/\",\"logo\":{\"@type\":\"ImageObject\",\"inLanguage\":\"fr-FR\",\"@id\":\"https:\\\/\\\/c-hessler.de\\\/#\\\/schema\\\/logo\\\/image\\\/\",\"url\":\"https:\\\/\\\/c-hessler.de\\\/wp-content\\\/uploads\\\/2026\\\/02\\\/Draw-03-150312-110115-Ausgeschnitten-I.jpg\",\"contentUrl\":\"https:\\\/\\\/c-hessler.de\\\/wp-content\\\/uploads\\\/2026\\\/02\\\/Draw-03-150312-110115-Ausgeschnitten-I.jpg\",\"width\":445,\"height\":394,\"caption\":\"Dr. Christoph He\u00dfler Maschinensysteme\"},\"image\":{\"@id\":\"https:\\\/\\\/c-hessler.de\\\/#\\\/schema\\\/logo\\\/image\\\/\"},\"sameAs\":[\"https:\\\/\\\/www.facebook.com\\\/DrChristophHesslerMaschinensysteme\\\/\",\"https:\\\/\\\/www.pinterest.de\\\/hesstools\\\/\",\"https:\\\/\\\/www.youtube.com\\\/channel\\\/UCaNnXDGGF_BiYFQZ2kJgi-A?view_as=subscriber\"],\"description\":\"1. Ecken- und Kantenfr\u00e4sen f\u00fcr Tischler und Schreiner, Sonderanfertigungen 2. Auch f\u00fcr die Nachbearbeitung von Eck-Schwei\u00dfn\u00e4hten bei Aluminium-Werkstoffen, f\u00fcr Fahrzeugbauer oder Metallbauer aller Art\",\"email\":\"christoph.hessler@c-hessler.de\",\"telephone\":\"0527413012080\",\"legalName\":\"Dr. Christoph He\u00dfler Maschinensysteme\",\"foundingDate\":\"2003-06-05\",\"vatID\":\"DE230070107\",\"numberOfEmployees\":{\"@type\":\"QuantitativeValue\",\"minValue\":\"1\",\"maxValue\":\"10\"}}]}<\/script>\n<!-- \/ Yoast SEO Premium plugin. -->","yoast_head_json":{"title":"D\u00e9cocheur chez Scheschy en Autriche","robots":{"index":"index","follow":"follow","max-snippet":"max-snippet:-1","max-image-preview":"max-image-preview:large","max-video-preview":"max-video-preview:-1"},"canonical":"https:\/\/c-hessler.de\/fr\/references\/menuiserie-scheschy-neufelden-autriche\/","og_locale":"fr_FR","og_type":"article","og_title":"Tischlerei Scheschy, Neufelden, \u00d6sterreich","og_description":"Tischlerei SCHESCHY GmbH Veldner Stra\u00dfe 534120 Neufelden Tel.:\u00a0+43 (0) 7282 \/ 6633 \u2013 0Fax:\u00a0+43 (0) 7282 \/ 6633 \u2013 20 Mail:\u00a0buero@scheschy.atWebsite:\u00a0www.scheschy.at Ausklinker MZ 02 90F A\u00a0zum Eckenausklinken Als f\u00fchrende Spezialtischlerei f\u00fcr Krankenhaus-Einrichtungen und Gesundes Wohnen bietet Scheschy innovative L\u00f6sungen \u2013 f\u00fcr einzelne Bereiche genauso wie f\u00fcr die komplette Einrichtung. Wirtschaftlichkeit, Funktionalit\u00e4t, Praxistauglichkeit und ansprechendes Design [&hellip;]","og_url":"https:\/\/c-hessler.de\/fr\/references\/menuiserie-scheschy-neufelden-autriche\/","og_site_name":"Dr. Christoph He\u00dfler Maschinensysteme","article_publisher":"https:\/\/www.facebook.com\/DrChristophHesslerMaschinensysteme\/","article_modified_time":"2025-12-13T12:04:24+00:00","og_image":[{"width":2560,"height":853,"url":"https:\/\/c-hessler.de\/wp-content\/uploads\/2017\/05\/Logo_mit_Adresse_300dpi-1-scaled.jpg","type":"image\/jpeg"}],"twitter_misc":{"Dur\u00e9e de lecture estim\u00e9e":"4 minutes"},"schema":{"@context":"https:\/\/schema.org","@graph":[{"@type":"WebPage","@id":"https:\/\/c-hessler.de\/referenzen\/tischlerei-scheschy-neufelden-oesterreich\/","url":"https:\/\/c-hessler.de\/referenzen\/tischlerei-scheschy-neufelden-oesterreich\/","name":"D\u00e9cocheur chez Scheschy en Autriche","isPartOf":{"@id":"https:\/\/c-hessler.de\/#website"},"primaryImageOfPage":{"@id":"https:\/\/c-hessler.de\/referenzen\/tischlerei-scheschy-neufelden-oesterreich\/#primaryimage"},"image":{"@id":"https:\/\/c-hessler.de\/referenzen\/tischlerei-scheschy-neufelden-oesterreich\/#primaryimage"},"thumbnailUrl":"https:\/\/c-hessler.de\/wp-content\/uploads\/2017\/05\/Logo_mit_Adresse_300dpi-1-scaled.jpg","datePublished":"2017-05-25T14:09:43+00:00","dateModified":"2025-12-13T12:04:24+00:00","breadcrumb":{"@id":"https:\/\/c-hessler.de\/referenzen\/tischlerei-scheschy-neufelden-oesterreich\/#breadcrumb"},"inLanguage":"fr-FR","potentialAction":[{"@type":"ReadAction","target":["https:\/\/c-hessler.de\/referenzen\/tischlerei-scheschy-neufelden-oesterreich\/"]}]},{"@type":"ImageObject","inLanguage":"fr-FR","@id":"https:\/\/c-hessler.de\/referenzen\/tischlerei-scheschy-neufelden-oesterreich\/#primaryimage","url":"https:\/\/c-hessler.de\/wp-content\/uploads\/2017\/05\/Logo_mit_Adresse_300dpi-1-scaled.jpg","contentUrl":"https:\/\/c-hessler.de\/wp-content\/uploads\/2017\/05\/Logo_mit_Adresse_300dpi-1-scaled.jpg"},{"@type":"BreadcrumbList","@id":"https:\/\/c-hessler.de\/referenzen\/tischlerei-scheschy-neufelden-oesterreich\/#breadcrumb","itemListElement":[{"@type":"ListItem","position":1,"name":"Referenzen","item":"https:\/\/c-hessler.de\/referenzen\/"},{"@type":"ListItem","position":2,"name":"Tischlerei Scheschy, Neufelden, \u00d6sterreich"}]},{"@type":"WebSite","@id":"https:\/\/c-hessler.de\/#website","url":"https:\/\/c-hessler.de\/","name":"www.c-hessler.de","description":"","publisher":{"@id":"https:\/\/c-hessler.de\/#organization"},"potentialAction":[{"@type":"SearchAction","target":{"@type":"EntryPoint","urlTemplate":"https:\/\/c-hessler.de\/?s={search_term_string}"},"query-input":{"@type":"PropertyValueSpecification","valueRequired":true,"valueName":"search_term_string"}}],"inLanguage":"fr-FR"},{"@type":"Organization","@id":"https:\/\/c-hessler.de\/#organization","name":"Dr. Christoph He\u00dfler Syst\u00e8mes de machines","alternateName":"Dr. Christoph He\u00dfler Maschinensysteme","url":"https:\/\/c-hessler.de\/","logo":{"@type":"ImageObject","inLanguage":"fr-FR","@id":"https:\/\/c-hessler.de\/#\/schema\/logo\/image\/","url":"https:\/\/c-hessler.de\/wp-content\/uploads\/2026\/02\/Draw-03-150312-110115-Ausgeschnitten-I.jpg","contentUrl":"https:\/\/c-hessler.de\/wp-content\/uploads\/2026\/02\/Draw-03-150312-110115-Ausgeschnitten-I.jpg","width":445,"height":394,"caption":"Dr. Christoph He\u00dfler Maschinensysteme"},"image":{"@id":"https:\/\/c-hessler.de\/#\/schema\/logo\/image\/"},"sameAs":["https:\/\/www.facebook.com\/DrChristophHesslerMaschinensysteme\/","https:\/\/www.pinterest.de\/hesstools\/","https:\/\/www.youtube.com\/channel\/UCaNnXDGGF_BiYFQZ2kJgi-A?view_as=subscriber"],"description":"1. Ecken- und Kantenfr\u00e4sen f\u00fcr Tischler und Schreiner, Sonderanfertigungen 2. Auch f\u00fcr die Nachbearbeitung von Eck-Schwei\u00dfn\u00e4hten bei Aluminium-Werkstoffen, f\u00fcr Fahrzeugbauer oder Metallbauer aller Art","email":"christoph.hessler@c-hessler.de","telephone":"0527413012080","legalName":"Dr. Christoph He\u00dfler Maschinensysteme","foundingDate":"2003-06-05","vatID":"DE230070107","numberOfEmployees":{"@type":"QuantitativeValue","minValue":"1","maxValue":"10"}}]}},"_hostinger_reach_plugin_has_subscription_block":false,"_hostinger_reach_plugin_is_elementor":false,"_links":{"self":[{"href":"https:\/\/c-hessler.de\/fr\/wp-json\/wp\/v2\/pages\/10428","targetHints":{"allow":["GET"]}}],"collection":[{"href":"https:\/\/c-hessler.de\/fr\/wp-json\/wp\/v2\/pages"}],"about":[{"href":"https:\/\/c-hessler.de\/fr\/wp-json\/wp\/v2\/types\/page"}],"author":[{"embeddable":true,"href":"https:\/\/c-hessler.de\/fr\/wp-json\/wp\/v2\/users\/5"}],"replies":[{"embeddable":true,"href":"https:\/\/c-hessler.de\/fr\/wp-json\/wp\/v2\/comments?post=10428"}],"version-history":[{"count":9,"href":"https:\/\/c-hessler.de\/fr\/wp-json\/wp\/v2\/pages\/10428\/revisions"}],"predecessor-version":[{"id":208373,"href":"https:\/\/c-hessler.de\/fr\/wp-json\/wp\/v2\/pages\/10428\/revisions\/208373"}],"up":[{"embeddable":true,"href":"https:\/\/c-hessler.de\/fr\/wp-json\/wp\/v2\/pages\/9218"}],"wp:attachment":[{"href":"https:\/\/c-hessler.de\/fr\/wp-json\/wp\/v2\/media?parent=10428"}],"curies":[{"name":"wp","href":"https:\/\/api.w.org\/{rel}","templated":true}]}}