{"id":122,"date":"2015-05-27T11:04:36","date_gmt":"2015-05-27T09:04:36","guid":{"rendered":"https:\/\/c-hessler.de\/bestellvorgang\/"},"modified":"2025-12-09T12:44:00","modified_gmt":"2025-12-09T11:44:00","slug":"processus-de-commande","status":"publish","type":"page","link":"https:\/\/c-hessler.de\/fr\/bestellvorgang\/","title":{"rendered":"Processus de commande"},"content":{"rendered":"<p><strong>Avertissement : le mod\u00e8le de proc\u00e9dure de commande ci-dessous a \u00e9t\u00e9 r\u00e9dig\u00e9 par un avocat (<a href=\"http:\/\/rechtsanwalt-schwenke.de\">http:\/\/rechtsanwalt-schwenke.de<\/a>). Il r\u00e9pond aux exigences juridiques d'une boutique en ligne typique destin\u00e9e aux consommateurs. Toutefois, vous ne devriez utiliser le mod\u00e8le qu'apr\u00e8s l'avoir soigneusement examin\u00e9 et adapt\u00e9 \u00e0 votre mod\u00e8le commercial concret. Les clauses peuvent ne pas \u00eatre suffisantes dans certains cas de figure. En cas de doute, demandez un conseil juridique.<\/strong><\/p>\n<p><em>1er panier d'achat<\/em><\/p>\n<p>S\u00e9lectionnez les produits que vous souhaitez commander en cliquant sur le bouton \"Ajouter au panier\". Votre s\u00e9lection est ainsi plac\u00e9e dans le panier. Vous pouvez modifier cette s\u00e9lection \u00e0 tout moment jusqu'\u00e0 l'envoi de votre commande, en changeant le nombre de produits, en supprimant la s\u00e9lection en cliquant sur la case \"Supprimer\" ou en interrompant le processus de commande. En cliquant sur le bouton \"Caisse\", vous passez \u00e0 l'\u00e9tape suivante de la commande.<\/p>\n<p><em>2\u00e8me caisse<\/em><\/p>\n<p>Veuillez vous connecter avec votre adresse e-mail et votre mot de passe si vous avez d\u00e9j\u00e0 un compte client, sinon veuillez vous enregistrer comme nouveau client. Vos donn\u00e9es sont collect\u00e9es, trait\u00e9es et utilis\u00e9es dans le respect des dispositions l\u00e9gales relatives \u00e0 la protection des donn\u00e9es (remarque sur la protection des donn\u00e9es). Elles ne seront pas utilis\u00e9es \u00e0 d'autres fins ni transmises \u00e0 des tiers. Si vous \u00eates d\u00e9j\u00e0 inscrit, vous pouvez maintenant choisir le mode d'exp\u00e9dition. En cliquant sur le bouton \"Continuer\", vous passez \u00e0 l'\u00e9tape suivante de la commande.<\/p>\n<p><em>3. v\u00e9rifier l'adresse de facturation \/ choisir le mode de paiement<\/em><\/p>\n<p>v\u00e9rifiez maintenant votre adresse de facturation et indiquez le mode de paiement souhait\u00e9. En cliquant sur le bouton \"Continuer\", vous passez \u00e0 l'\u00e9tape suivante de la commande.<br \/>\n<em>4. v\u00e9rifier l'adresse d'exp\u00e9dition \/ choisir le mode d'exp\u00e9dition<\/em><\/p>\n<p>v\u00e9rifiez maintenant votre adresse d'exp\u00e9dition et indiquez le mode de livraison souhait\u00e9. En cliquant sur le bouton \"Continuer\", vous passez \u00e0 l'\u00e9tape suivante de la commande.<br \/>\n<em>5. terminer le processus de commande \/ CGV et protection des donn\u00e9es<\/em><\/p>\n<p>Vous recevez un r\u00e9capitulatif de votre commande : les produits s\u00e9lectionn\u00e9s, l'adresse d'exp\u00e9dition et de facturation et vos coordonn\u00e9es. v\u00e9rifiez que toutes les informations sont correctes et lisez attentivement les conditions g\u00e9n\u00e9rales de vente et le droit de r\u00e9tractation. vous ne pouvez poursuivre votre commande que si vous acceptez les CGV et la d\u00e9claration de protection des donn\u00e9es (cochez la case correspondante). En cliquant sur le bouton \"Acheter\", vous nous transmettez votre commande. Vous faites ainsi une offre juridiquement contraignante.<\/p>","protected":false},"excerpt":{"rendered":"<p>Haftungshinweis: Das nachstehende Muster f&uuml;r den Bestellvorgang ist von einem Rechtsanwalt erstellt worden (http:\/\/rechtsanwalt-schwenke.de). Es entspricht den rechtlichen Anforderungen eines typischen, an Verbraucher gerichteten Onlineshops.\u00a0Jedoch sollten Sie das Muster nur\u00a0nach sorgf\u00e4ltiger Pr\u00fcfung und Anpassung auf Ihr konkretes Gesch\u00e4ftsmodell verwenden. Die Klauseln k\u00f6nnen in bestimmten Konstellationen nicht ausreichend sein. Lassen Sie sich im Zweifel rechtlich beraten. [&hellip;]<\/p>\n","protected":false},"author":5,"featured_media":0,"parent":0,"menu_order":0,"comment_status":"closed","ping_status":"closed","template":"","meta":{"footnotes":""},"class_list":["post-122","page","type-page","status-publish","hentry"],"yoast_head":"<!-- This site is optimized with the Yoast SEO Premium plugin v27.0 (Yoast SEO v27.3) - https:\/\/yoast.com\/product\/yoast-seo-premium-wordpress\/ -->\n<title>Bestellvorgang - Dr. Christoph He\u00dfler Maschinensysteme<\/title>\n<meta name=\"robots\" content=\"index, follow, max-snippet:-1, max-image-preview:large, max-video-preview:-1\" \/>\n<link rel=\"canonical\" href=\"https:\/\/c-hessler.de\/fr\/processus-de-commande\/\" \/>\n<meta property=\"og:locale\" content=\"fr_FR\" \/>\n<meta property=\"og:type\" content=\"article\" \/>\n<meta property=\"og:title\" content=\"Bestellvorgang\" \/>\n<meta property=\"og:description\" content=\"Haftungshinweis: Das nachstehende Muster f&uuml;r den Bestellvorgang ist von einem Rechtsanwalt erstellt worden (http:\/\/rechtsanwalt-schwenke.de). Es entspricht den rechtlichen Anforderungen eines typischen, an Verbraucher gerichteten Onlineshops.\u00a0Jedoch sollten Sie das Muster nur\u00a0nach sorgf\u00e4ltiger Pr\u00fcfung und Anpassung auf Ihr konkretes Gesch\u00e4ftsmodell verwenden. Die Klauseln k\u00f6nnen in bestimmten Konstellationen nicht ausreichend sein. Lassen Sie sich im Zweifel rechtlich beraten. [&hellip;]\" \/>\n<meta property=\"og:url\" content=\"https:\/\/c-hessler.de\/fr\/processus-de-commande\/\" \/>\n<meta property=\"og:site_name\" content=\"Dr. Christoph He\u00dfler Maschinensysteme\" \/>\n<meta property=\"article:publisher\" content=\"https:\/\/www.facebook.com\/DrChristophHesslerMaschinensysteme\/\" \/>\n<meta property=\"article:modified_time\" content=\"2025-12-09T11:44:00+00:00\" \/>\n<meta name=\"twitter:label1\" content=\"Dur\u00e9e de lecture estim\u00e9e\" \/>\n\t<meta name=\"twitter:data1\" content=\"2 minutes\" \/>\n<script type=\"application\/ld+json\" class=\"yoast-schema-graph\">{\"@context\":\"https:\\\/\\\/schema.org\",\"@graph\":[{\"@type\":\"WebPage\",\"@id\":\"https:\\\/\\\/c-hessler.de\\\/bestellvorgang\\\/\",\"url\":\"https:\\\/\\\/c-hessler.de\\\/bestellvorgang\\\/\",\"name\":\"Bestellvorgang - Dr. Christoph He\u00dfler Maschinensysteme\",\"isPartOf\":{\"@id\":\"https:\\\/\\\/c-hessler.de\\\/#website\"},\"datePublished\":\"2015-05-27T09:04:36+00:00\",\"dateModified\":\"2025-12-09T11:44:00+00:00\",\"inLanguage\":\"fr-FR\",\"potentialAction\":[{\"@type\":\"ReadAction\",\"target\":[\"https:\\\/\\\/c-hessler.de\\\/bestellvorgang\\\/\"]}]},{\"@type\":\"WebSite\",\"@id\":\"https:\\\/\\\/c-hessler.de\\\/#website\",\"url\":\"https:\\\/\\\/c-hessler.de\\\/\",\"name\":\"www.c-hessler.de\",\"description\":\"\",\"publisher\":{\"@id\":\"https:\\\/\\\/c-hessler.de\\\/#organization\"},\"potentialAction\":[{\"@type\":\"SearchAction\",\"target\":{\"@type\":\"EntryPoint\",\"urlTemplate\":\"https:\\\/\\\/c-hessler.de\\\/?s={search_term_string}\"},\"query-input\":{\"@type\":\"PropertyValueSpecification\",\"valueRequired\":true,\"valueName\":\"search_term_string\"}}],\"inLanguage\":\"fr-FR\"},{\"@type\":\"Organization\",\"@id\":\"https:\\\/\\\/c-hessler.de\\\/#organization\",\"name\":\"Dr. Christoph He\u00dfler Maschinensysteme\",\"alternateName\":\"Dr. Christoph He\u00dfler Maschinensysteme\",\"url\":\"https:\\\/\\\/c-hessler.de\\\/\",\"logo\":{\"@type\":\"ImageObject\",\"inLanguage\":\"fr-FR\",\"@id\":\"https:\\\/\\\/c-hessler.de\\\/#\\\/schema\\\/logo\\\/image\\\/\",\"url\":\"https:\\\/\\\/c-hessler.de\\\/wp-content\\\/uploads\\\/2026\\\/02\\\/Draw-03-150312-110115-Ausgeschnitten-I.jpg\",\"contentUrl\":\"https:\\\/\\\/c-hessler.de\\\/wp-content\\\/uploads\\\/2026\\\/02\\\/Draw-03-150312-110115-Ausgeschnitten-I.jpg\",\"width\":445,\"height\":394,\"caption\":\"Dr. Christoph He\u00dfler Maschinensysteme\"},\"image\":{\"@id\":\"https:\\\/\\\/c-hessler.de\\\/#\\\/schema\\\/logo\\\/image\\\/\"},\"sameAs\":[\"https:\\\/\\\/www.facebook.com\\\/DrChristophHesslerMaschinensysteme\\\/\",\"https:\\\/\\\/www.pinterest.de\\\/hesstools\\\/\",\"https:\\\/\\\/www.youtube.com\\\/channel\\\/UCaNnXDGGF_BiYFQZ2kJgi-A?view_as=subscriber\"],\"description\":\"1. Ecken- und Kantenfr\u00e4sen f\u00fcr Tischler und Schreiner, Sonderanfertigungen 2. Auch f\u00fcr die Nachbearbeitung von Eck-Schwei\u00dfn\u00e4hten bei Aluminium-Werkstoffen, f\u00fcr Fahrzeugbauer oder Metallbauer aller Art\",\"email\":\"christoph.hessler@c-hessler.de\",\"telephone\":\"0527413012080\",\"legalName\":\"Dr. Christoph He\u00dfler Maschinensysteme\",\"foundingDate\":\"2003-06-05\",\"vatID\":\"DE230070107\",\"numberOfEmployees\":{\"@type\":\"QuantitativeValue\",\"minValue\":\"1\",\"maxValue\":\"10\"}}]}<\/script>\n<!-- \/ Yoast SEO Premium plugin. -->","yoast_head_json":{"title":"Processus de commande - Dr. Christoph He\u00dfler Maschinensysteme","robots":{"index":"index","follow":"follow","max-snippet":"max-snippet:-1","max-image-preview":"max-image-preview:large","max-video-preview":"max-video-preview:-1"},"canonical":"https:\/\/c-hessler.de\/fr\/processus-de-commande\/","og_locale":"fr_FR","og_type":"article","og_title":"Bestellvorgang","og_description":"Haftungshinweis: Das nachstehende Muster f&uuml;r den Bestellvorgang ist von einem Rechtsanwalt erstellt worden (http:\/\/rechtsanwalt-schwenke.de). Es entspricht den rechtlichen Anforderungen eines typischen, an Verbraucher gerichteten Onlineshops.\u00a0Jedoch sollten Sie das Muster nur\u00a0nach sorgf\u00e4ltiger Pr\u00fcfung und Anpassung auf Ihr konkretes Gesch\u00e4ftsmodell verwenden. Die Klauseln k\u00f6nnen in bestimmten Konstellationen nicht ausreichend sein. Lassen Sie sich im Zweifel rechtlich beraten. [&hellip;]","og_url":"https:\/\/c-hessler.de\/fr\/processus-de-commande\/","og_site_name":"Dr. Christoph He\u00dfler Maschinensysteme","article_publisher":"https:\/\/www.facebook.com\/DrChristophHesslerMaschinensysteme\/","article_modified_time":"2025-12-09T11:44:00+00:00","twitter_misc":{"Dur\u00e9e de lecture estim\u00e9e":"2 minutes"},"schema":{"@context":"https:\/\/schema.org","@graph":[{"@type":"WebPage","@id":"https:\/\/c-hessler.de\/bestellvorgang\/","url":"https:\/\/c-hessler.de\/bestellvorgang\/","name":"Processus de commande - Dr. Christoph He\u00dfler Maschinensysteme","isPartOf":{"@id":"https:\/\/c-hessler.de\/#website"},"datePublished":"2015-05-27T09:04:36+00:00","dateModified":"2025-12-09T11:44:00+00:00","inLanguage":"fr-FR","potentialAction":[{"@type":"ReadAction","target":["https:\/\/c-hessler.de\/bestellvorgang\/"]}]},{"@type":"WebSite","@id":"https:\/\/c-hessler.de\/#website","url":"https:\/\/c-hessler.de\/","name":"www.c-hessler.de","description":"","publisher":{"@id":"https:\/\/c-hessler.de\/#organization"},"potentialAction":[{"@type":"SearchAction","target":{"@type":"EntryPoint","urlTemplate":"https:\/\/c-hessler.de\/?s={search_term_string}"},"query-input":{"@type":"PropertyValueSpecification","valueRequired":true,"valueName":"search_term_string"}}],"inLanguage":"fr-FR"},{"@type":"Organization","@id":"https:\/\/c-hessler.de\/#organization","name":"Dr. Christoph He\u00dfler Syst\u00e8mes de machines","alternateName":"Dr. Christoph He\u00dfler Maschinensysteme","url":"https:\/\/c-hessler.de\/","logo":{"@type":"ImageObject","inLanguage":"fr-FR","@id":"https:\/\/c-hessler.de\/#\/schema\/logo\/image\/","url":"https:\/\/c-hessler.de\/wp-content\/uploads\/2026\/02\/Draw-03-150312-110115-Ausgeschnitten-I.jpg","contentUrl":"https:\/\/c-hessler.de\/wp-content\/uploads\/2026\/02\/Draw-03-150312-110115-Ausgeschnitten-I.jpg","width":445,"height":394,"caption":"Dr. Christoph He\u00dfler Maschinensysteme"},"image":{"@id":"https:\/\/c-hessler.de\/#\/schema\/logo\/image\/"},"sameAs":["https:\/\/www.facebook.com\/DrChristophHesslerMaschinensysteme\/","https:\/\/www.pinterest.de\/hesstools\/","https:\/\/www.youtube.com\/channel\/UCaNnXDGGF_BiYFQZ2kJgi-A?view_as=subscriber"],"description":"1. Ecken- und Kantenfr\u00e4sen f\u00fcr Tischler und Schreiner, Sonderanfertigungen 2. Auch f\u00fcr die Nachbearbeitung von Eck-Schwei\u00dfn\u00e4hten bei Aluminium-Werkstoffen, f\u00fcr Fahrzeugbauer oder Metallbauer aller Art","email":"christoph.hessler@c-hessler.de","telephone":"0527413012080","legalName":"Dr. Christoph He\u00dfler Maschinensysteme","foundingDate":"2003-06-05","vatID":"DE230070107","numberOfEmployees":{"@type":"QuantitativeValue","minValue":"1","maxValue":"10"}}]}},"_hostinger_reach_plugin_has_subscription_block":false,"_hostinger_reach_plugin_is_elementor":false,"_links":{"self":[{"href":"https:\/\/c-hessler.de\/fr\/wp-json\/wp\/v2\/pages\/122","targetHints":{"allow":["GET"]}}],"collection":[{"href":"https:\/\/c-hessler.de\/fr\/wp-json\/wp\/v2\/pages"}],"about":[{"href":"https:\/\/c-hessler.de\/fr\/wp-json\/wp\/v2\/types\/page"}],"author":[{"embeddable":true,"href":"https:\/\/c-hessler.de\/fr\/wp-json\/wp\/v2\/users\/5"}],"replies":[{"embeddable":true,"href":"https:\/\/c-hessler.de\/fr\/wp-json\/wp\/v2\/comments?post=122"}],"version-history":[{"count":0,"href":"https:\/\/c-hessler.de\/fr\/wp-json\/wp\/v2\/pages\/122\/revisions"}],"wp:attachment":[{"href":"https:\/\/c-hessler.de\/fr\/wp-json\/wp\/v2\/media?parent=122"}],"curies":[{"name":"wp","href":"https:\/\/api.w.org\/{rel}","templated":true}]}}