{"id":206669,"date":"2023-07-04T12:14:10","date_gmt":"2023-07-04T10:14:10","guid":{"rendered":"https:\/\/c-hessler.de\/?page_id=206669"},"modified":"2025-12-11T17:27:59","modified_gmt":"2025-12-11T16:27:59","slug":"holz-handwerk-2022-a-nuernberg","status":"publish","type":"page","link":"https:\/\/c-hessler.de\/fr\/messen\/holz-handwerk-2022-in-nuernberg\/","title":{"rendered":"L'artisanat du bois 2022 \u00e0 Nuremberg"},"content":{"rendered":"<div data-elementor-type=\"wp-page\" data-elementor-id=\"206669\" class=\"elementor elementor-206669\" data-elementor-settings=\"{&quot;ha_cmc_init_switcher&quot;:&quot;no&quot;}\" data-elementor-post-type=\"page\">\n\t\t\t\t<div class=\"elementor-element elementor-element-90bd479 e-flex e-con-boxed e-con e-parent\" data-id=\"90bd479\" data-element_type=\"container\" data-e-type=\"container\" data-settings=\"{&quot;_ha_eqh_enable&quot;:false}\">\n\t\t\t\t\t<div class=\"e-con-inner\">\n\t\t\t\t<div class=\"elementor-element elementor-element-7690a73 elementor-widget elementor-widget-heading\" data-id=\"7690a73\" data-element_type=\"widget\" data-e-type=\"widget\" data-widget_type=\"heading.default\">\n\t\t\t\t\t<h2 class=\"elementor-heading-title elementor-size-default\">Notre stand au salon\n<\/h2>\t\t\t\t<\/div>\n\t\t\t\t\t<\/div>\n\t\t\t\t<\/div>\n\t\t<div class=\"elementor-element elementor-element-6c03185 e-grid e-con-boxed e-con e-parent\" data-id=\"6c03185\" data-element_type=\"container\" data-e-type=\"container\" data-settings=\"{&quot;_ha_eqh_enable&quot;:false}\">\n\t\t\t\t\t<div class=\"e-con-inner\">\n\t\t\t\t<div class=\"elementor-element elementor-element-2464aff elementor-widget elementor-widget-text-editor\" data-id=\"2464aff\" data-element_type=\"widget\" data-e-type=\"widget\" data-widget_type=\"text-editor.default\">\n\t\t\t\t\t\t\t\t\t<p>En 2022, le salon de Nuremberg a \u00e9t\u00e9 marqu\u00e9 par la pand\u00e9mie de Corona. Nous avons n\u00e9anmoins pr\u00e9sent\u00e9 notre gamme de produits sur le stand le plus grand \u00e0 ce jour. La nouveaut\u00e9 \u00e9tait une encoche pour le bois lamell\u00e9-coll\u00e9 ou le bois contreplaqu\u00e9, qui permet de supprimer l'arrondi dans les angles int\u00e9rieurs.<\/p><p>Notre nouvelle affleureuse pneumatique KF 400 III a \u00e9galement \u00e9t\u00e9 tr\u00e8s bien accueillie. Elle compl\u00e8te l'ancienne affleureuse KF 400 TOP pour atteindre des performances plus \u00e9lev\u00e9es et convient pour des outils \u00e0 queue de 8 mm.<\/p><p>Vous avez des suggestions d'am\u00e9lioration ? Donnez votre avis ici.<\/p><p><strong><span style=\"color: #800000;\"><a class=\"et_pb_button et_pb_button_0 et_pb_bg_layout_light\" style=\"color: #800000;\" href=\"https:\/\/c-hessler.de\/fr\/formulaire-de-demande\/\" target=\"_blank\" rel=\"noopener\">Donner un feedback<\/a><\/span><\/strong><\/p>\t\t\t\t\t\t\t\t<\/div>\n\t\t\t\t<div class=\"elementor-element elementor-element-c6132ea elementor-arrows-position-inside elementor-pagination-position-outside elementor-widget elementor-widget-image-carousel\" data-id=\"c6132ea\" data-element_type=\"widget\" data-e-type=\"widget\" data-settings=\"{&quot;slides_to_show&quot;:&quot;1&quot;,&quot;navigation&quot;:&quot;both&quot;,&quot;autoplay&quot;:&quot;yes&quot;,&quot;pause_on_hover&quot;:&quot;yes&quot;,&quot;pause_on_interaction&quot;:&quot;yes&quot;,&quot;autoplay_speed&quot;:5000,&quot;infinite&quot;:&quot;yes&quot;,&quot;effect&quot;:&quot;slide&quot;,&quot;speed&quot;:500}\" data-widget_type=\"image-carousel.default\">\n\t\t\t\t\t\t\t<div class=\"elementor-image-carousel-wrapper swiper\" role=\"region\" aria-roledescription=\"carousel\" aria-label=\"Image Carrousel\" dir=\"ltr\">\n\t\t\t<div class=\"elementor-image-carousel swiper-wrapper swiper-image-stretch\" aria-live=\"off\">\n\t\t\t\t\t\t\t\t<div class=\"swiper-slide\" role=\"group\" aria-roledescription=\"slide\" aria-label=\"1 sur 3\"><figure class=\"swiper-slide-inner\"><img decoding=\"async\" class=\"swiper-slide-image\" src=\"https:\/\/c-hessler.de\/wp-content\/uploads\/2022\/07\/20220715_133904-verpixelt--scaled-e1658251768936.jpg\" alt=\"Foire Holz-Handwerk 2022\" \/><\/figure><\/div><div class=\"swiper-slide\" role=\"group\" aria-roledescription=\"slide\" aria-label=\"2 sur 3\"><figure class=\"swiper-slide-inner\"><img decoding=\"async\" class=\"swiper-slide-image\" src=\"https:\/\/c-hessler.de\/wp-content\/uploads\/2023\/07\/20220712_100536-scaled-e1688465131802.jpg\" alt=\"L&#039;encoche innovante pour les murs de maisons pr\u00e9fabriqu\u00e9es au salon Holz-Handwerk 2022 \u00e0 Nuremberg\" \/><\/figure><\/div><div class=\"swiper-slide\" role=\"group\" aria-roledescription=\"slide\" aria-label=\"3 sur 3\"><figure class=\"swiper-slide-inner\"><img decoding=\"async\" class=\"swiper-slide-image\" src=\"https:\/\/c-hessler.de\/wp-content\/uploads\/2023\/07\/20220712_095810-scaled-e1688465440516.jpg\" alt=\"Les fraiseuses de chants et d&#039;angles seront pr\u00e9sent\u00e9es lors de la pand\u00e9mie de Corona en juillet 2022 \u00e0 Nuremberg.\" \/><\/figure><\/div>\t\t\t<\/div>\n\t\t\t\t\t\t\t\t\t\t\t\t<div class=\"elementor-swiper-button elementor-swiper-button-prev\" role=\"button\" tabindex=\"0\">\n\t\t\t\t\t\t<svg aria-hidden=\"true\" class=\"e-font-icon-svg e-eicon-chevron-left\" viewbox=\"0 0 1000 1000\" xmlns=\"http:\/\/www.w3.org\/2000\/svg\"><path d=\"M646 125C629 125 613 133 604 142L308 442C296 454 292 471 292 487 292 504 296 521 308 533L604 854C617 867 629 875 646 875 663 875 679 871 692 858 704 846 713 829 713 812 713 796 708 779 692 767L438 487 692 225C700 217 708 204 708 187 708 171 704 154 692 142 675 129 663 125 646 125Z\"><\/path><\/svg>\t\t\t\t\t<\/div>\n\t\t\t\t\t<div class=\"elementor-swiper-button elementor-swiper-button-next\" role=\"button\" tabindex=\"0\">\n\t\t\t\t\t\t<svg aria-hidden=\"true\" class=\"e-font-icon-svg e-eicon-chevron-right\" viewbox=\"0 0 1000 1000\" xmlns=\"http:\/\/www.w3.org\/2000\/svg\"><path d=\"M696 533C708 521 713 504 713 487 713 471 708 454 696 446L400 146C388 133 375 125 354 125 338 125 325 129 313 142 300 154 292 171 292 187 292 204 296 221 308 233L563 492 304 771C292 783 288 800 288 817 288 833 296 850 308 863 321 871 338 875 354 875 371 875 388 867 400 854L696 533Z\"><\/path><\/svg>\t\t\t\t\t<\/div>\n\t\t\t\t\n\t\t\t\t\t\t\t\t\t<div class=\"swiper-pagination\"><\/div>\n\t\t\t\t\t\t\t\t\t<\/div>\n\t\t\t\t\t\t<\/div>\n\t\t\t\t\t<\/div>\n\t\t\t\t<\/div>\n\t\t<div class=\"elementor-element elementor-element-7e4efa7 e-flex e-con-boxed e-con e-parent\" data-id=\"7e4efa7\" data-element_type=\"container\" data-e-type=\"container\" data-settings=\"{&quot;_ha_eqh_enable&quot;:false}\">\n\t\t\t\t\t<div class=\"e-con-inner\">\n\t\t\t\t<div class=\"elementor-element elementor-element-33ae4cf elementor-widget elementor-widget-video\" data-id=\"33ae4cf\" data-element_type=\"widget\" data-e-type=\"widget\" data-settings=\"{&quot;youtube_url&quot;:&quot;https:\\\/\\\/youtu.be\\\/jc0mq7i1yB8&quot;,&quot;video_type&quot;:&quot;youtube&quot;,&quot;controls&quot;:&quot;yes&quot;}\" data-widget_type=\"video.default\">\n\t\t\t\t\t\t\t<div class=\"elementor-wrapper elementor-open-inline\">\n\t\t\t<div class=\"elementor-video\"><\/div>\t\t<\/div>\n\t\t\t\t\t\t<\/div>\n\t\t\t\t\t<\/div>\n\t\t\t\t<\/div>\n\t\t\t\t<\/div>","protected":false},"excerpt":{"rendered":"<p>Unser Messe-Stand Im Jahr 2022 war die Messe in N\u00fcrnberg gepr\u00e4gt von der Corona-Pandemie. Dennoch haben wir unser Produktprogramm auf dem bis dahin gr\u00f6\u00dften Messestand pr\u00e4sentiert. Neuheit war ein Ausklinker f\u00fcr Brettschichtholz oder Brettsperrholz, mit dem man die Rundung in Innenecken entfernen kann. Sehr gut kam auch unsere neue Druckluftkantenfr\u00e4se KF 400 III an, die [&hellip;]<\/p>\n","protected":false},"author":5,"featured_media":0,"parent":8702,"menu_order":1,"comment_status":"closed","ping_status":"closed","template":"","meta":{"footnotes":""},"class_list":["post-206669","page","type-page","status-publish","hentry"],"yoast_head":"<!-- This site is optimized with the Yoast SEO Premium plugin v27.0 (Yoast SEO v27.4) - https:\/\/yoast.com\/product\/yoast-seo-premium-wordpress\/ -->\n<title>Holz-Handwerk 2022 in N\u00fcrnberg mit neuen Kantenfr\u00e4sen<\/title>\n<meta name=\"description\" content=\"Holz-Handwerk 2022 in N\u00fcrnberg mit neuen Kantenfr\u00e4sen und Eckenfr\u00e4sen f\u00fcr das Ausklinken von Brettschichtholz\" \/>\n<meta name=\"robots\" content=\"index, follow, max-snippet:-1, max-image-preview:large, max-video-preview:-1\" \/>\n<link rel=\"canonical\" href=\"https:\/\/c-hessler.de\/fr\/mesurer\/holz-handwerk-2022-a-nuernberg\/\" \/>\n<meta property=\"og:locale\" content=\"fr_FR\" \/>\n<meta property=\"og:type\" content=\"article\" \/>\n<meta property=\"og:title\" content=\"Holz-Handwerk 2022 in N\u00fcrnberg\" \/>\n<meta property=\"og:description\" content=\"Holz-Handwerk 2022 in N\u00fcrnberg mit neuen Kantenfr\u00e4sen und Eckenfr\u00e4sen f\u00fcr das Ausklinken von Brettschichtholz\" \/>\n<meta property=\"og:url\" content=\"https:\/\/c-hessler.de\/fr\/mesurer\/holz-handwerk-2022-a-nuernberg\/\" \/>\n<meta property=\"og:site_name\" content=\"Dr. Christoph He\u00dfler Maschinensysteme\" \/>\n<meta property=\"article:publisher\" content=\"https:\/\/www.facebook.com\/DrChristophHesslerMaschinensysteme\/\" \/>\n<meta property=\"article:modified_time\" content=\"2025-12-11T16:27:59+00:00\" \/>\n<meta property=\"og:image\" content=\"https:\/\/c-hessler.de\/wp-content\/uploads\/2022\/07\/20220715_133904-verpixelt--scaled-e1658251768936.jpg\" \/>\n<meta name=\"twitter:label1\" content=\"Dur\u00e9e de lecture estim\u00e9e\" \/>\n\t<meta name=\"twitter:data1\" content=\"2 minutes\" \/>\n<script type=\"application\/ld+json\" class=\"yoast-schema-graph\">{\"@context\":\"https:\\\/\\\/schema.org\",\"@graph\":[{\"@type\":\"WebPage\",\"@id\":\"https:\\\/\\\/c-hessler.de\\\/da\\\/foranstaltning\\\/traehandvaerk-2022-i-nuernberg\\\/\",\"url\":\"https:\\\/\\\/c-hessler.de\\\/da\\\/foranstaltning\\\/traehandvaerk-2022-i-nuernberg\\\/\",\"name\":\"Holz-Handwerk 2022 in N\u00fcrnberg mit neuen Kantenfr\u00e4sen\",\"isPartOf\":{\"@id\":\"https:\\\/\\\/c-hessler.de\\\/#website\"},\"primaryImageOfPage\":{\"@id\":\"https:\\\/\\\/c-hessler.de\\\/da\\\/foranstaltning\\\/traehandvaerk-2022-i-nuernberg\\\/#primaryimage\"},\"image\":{\"@id\":\"https:\\\/\\\/c-hessler.de\\\/da\\\/foranstaltning\\\/traehandvaerk-2022-i-nuernberg\\\/#primaryimage\"},\"thumbnailUrl\":\"https:\\\/\\\/c-hessler.de\\\/wp-content\\\/uploads\\\/2022\\\/07\\\/20220715_133904-verpixelt--scaled-e1658251768936.jpg\",\"datePublished\":\"2023-07-04T10:14:10+00:00\",\"dateModified\":\"2025-12-11T16:27:59+00:00\",\"description\":\"Holz-Handwerk 2022 in N\u00fcrnberg mit neuen Kantenfr\u00e4sen und Eckenfr\u00e4sen f\u00fcr das Ausklinken von Brettschichtholz\",\"breadcrumb\":{\"@id\":\"https:\\\/\\\/c-hessler.de\\\/da\\\/foranstaltning\\\/traehandvaerk-2022-i-nuernberg\\\/#breadcrumb\"},\"inLanguage\":\"fr-FR\",\"potentialAction\":[{\"@type\":\"ReadAction\",\"target\":[\"https:\\\/\\\/c-hessler.de\\\/da\\\/foranstaltning\\\/traehandvaerk-2022-i-nuernberg\\\/\"]}]},{\"@type\":\"ImageObject\",\"inLanguage\":\"fr-FR\",\"@id\":\"https:\\\/\\\/c-hessler.de\\\/da\\\/foranstaltning\\\/traehandvaerk-2022-i-nuernberg\\\/#primaryimage\",\"url\":\"https:\\\/\\\/c-hessler.de\\\/wp-content\\\/uploads\\\/2022\\\/07\\\/20220715_133904-verpixelt--scaled-e1658251768936.jpg\",\"contentUrl\":\"https:\\\/\\\/c-hessler.de\\\/wp-content\\\/uploads\\\/2022\\\/07\\\/20220715_133904-verpixelt--scaled-e1658251768936.jpg\"},{\"@type\":\"BreadcrumbList\",\"@id\":\"https:\\\/\\\/c-hessler.de\\\/da\\\/foranstaltning\\\/traehandvaerk-2022-i-nuernberg\\\/#breadcrumb\",\"itemListElement\":[{\"@type\":\"ListItem\",\"position\":1,\"name\":\"Messen\",\"item\":\"https:\\\/\\\/c-hessler.de\\\/messen\\\/\"},{\"@type\":\"ListItem\",\"position\":2,\"name\":\"Holz-Handwerk 2022 in N\u00fcrnberg\"}]},{\"@type\":\"WebSite\",\"@id\":\"https:\\\/\\\/c-hessler.de\\\/#website\",\"url\":\"https:\\\/\\\/c-hessler.de\\\/\",\"name\":\"www.c-hessler.de\",\"description\":\"\",\"publisher\":{\"@id\":\"https:\\\/\\\/c-hessler.de\\\/#organization\"},\"potentialAction\":[{\"@type\":\"SearchAction\",\"target\":{\"@type\":\"EntryPoint\",\"urlTemplate\":\"https:\\\/\\\/c-hessler.de\\\/?s={search_term_string}\"},\"query-input\":{\"@type\":\"PropertyValueSpecification\",\"valueRequired\":true,\"valueName\":\"search_term_string\"}}],\"inLanguage\":\"fr-FR\"},{\"@type\":\"Organization\",\"@id\":\"https:\\\/\\\/c-hessler.de\\\/#organization\",\"name\":\"Dr. Christoph He\u00dfler Maschinensysteme\",\"alternateName\":\"Dr. Christoph He\u00dfler Maschinensysteme\",\"url\":\"https:\\\/\\\/c-hessler.de\\\/\",\"logo\":{\"@type\":\"ImageObject\",\"inLanguage\":\"fr-FR\",\"@id\":\"https:\\\/\\\/c-hessler.de\\\/#\\\/schema\\\/logo\\\/image\\\/\",\"url\":\"https:\\\/\\\/c-hessler.de\\\/wp-content\\\/uploads\\\/2026\\\/02\\\/Draw-03-150312-110115-Ausgeschnitten-I.jpg\",\"contentUrl\":\"https:\\\/\\\/c-hessler.de\\\/wp-content\\\/uploads\\\/2026\\\/02\\\/Draw-03-150312-110115-Ausgeschnitten-I.jpg\",\"width\":445,\"height\":394,\"caption\":\"Dr. Christoph He\u00dfler Maschinensysteme\"},\"image\":{\"@id\":\"https:\\\/\\\/c-hessler.de\\\/#\\\/schema\\\/logo\\\/image\\\/\"},\"sameAs\":[\"https:\\\/\\\/www.facebook.com\\\/DrChristophHesslerMaschinensysteme\\\/\",\"https:\\\/\\\/www.pinterest.de\\\/hesstools\\\/\",\"https:\\\/\\\/www.youtube.com\\\/channel\\\/UCaNnXDGGF_BiYFQZ2kJgi-A?view_as=subscriber\"],\"description\":\"1. Ecken- und Kantenfr\u00e4sen f\u00fcr Tischler und Schreiner, Sonderanfertigungen 2. Auch f\u00fcr die Nachbearbeitung von Eck-Schwei\u00dfn\u00e4hten bei Aluminium-Werkstoffen, f\u00fcr Fahrzeugbauer oder Metallbauer aller Art\",\"email\":\"christoph.hessler@c-hessler.de\",\"telephone\":\"0527413012080\",\"legalName\":\"Dr. Christoph He\u00dfler Maschinensysteme\",\"foundingDate\":\"2003-06-05\",\"vatID\":\"DE230070107\",\"numberOfEmployees\":{\"@type\":\"QuantitativeValue\",\"minValue\":\"1\",\"maxValue\":\"10\"}}]}<\/script>\n<meta property=\"og:video\" content=\"https:\/\/www.youtube.com\/embed\/jc0mq7i1yB8\" \/>\n<meta property=\"og:video:type\" content=\"text\/html\" \/>\n<meta property=\"og:video:duration\" content=\"614\" \/>\n<meta property=\"og:video:width\" content=\"480\" \/>\n<meta property=\"og:video:height\" content=\"270\" \/>\n<meta property=\"ya:ovs:adult\" content=\"false\" \/>\n<meta property=\"ya:ovs:upload_date\" content=\"2023-07-04T10:14:10+00:00\" \/>\n<meta property=\"ya:ovs:allow_embed\" content=\"true\" \/>\n<!-- \/ Yoast SEO Premium plugin. -->","yoast_head_json":{"title":"Holz-Handwerk 2022 \u00e0 Nuremberg avec de nouvelles fraiseuses de chants","description":"Holz-Handwerk 2022 \u00e0 Nuremberg avec de nouvelles affleureuses et fraiseuses d'angle pour l'encochage du bois lamell\u00e9-coll\u00e9","robots":{"index":"index","follow":"follow","max-snippet":"max-snippet:-1","max-image-preview":"max-image-preview:large","max-video-preview":"max-video-preview:-1"},"canonical":"https:\/\/c-hessler.de\/fr\/mesurer\/holz-handwerk-2022-a-nuernberg\/","og_locale":"fr_FR","og_type":"article","og_title":"Holz-Handwerk 2022 in N\u00fcrnberg","og_description":"Holz-Handwerk 2022 in N\u00fcrnberg mit neuen Kantenfr\u00e4sen und Eckenfr\u00e4sen f\u00fcr das Ausklinken von Brettschichtholz","og_url":"https:\/\/c-hessler.de\/fr\/mesurer\/holz-handwerk-2022-a-nuernberg\/","og_site_name":"Dr. Christoph He\u00dfler Maschinensysteme","article_publisher":"https:\/\/www.facebook.com\/DrChristophHesslerMaschinensysteme\/","article_modified_time":"2025-12-11T16:27:59+00:00","og_image":[{"url":"https:\/\/c-hessler.de\/wp-content\/uploads\/2022\/07\/20220715_133904-verpixelt--scaled-e1658251768936.jpg","type":"","width":"","height":""}],"twitter_misc":{"Dur\u00e9e de lecture estim\u00e9e":"2 minutes"},"schema":{"@context":"https:\/\/schema.org","@graph":[{"@type":"WebPage","@id":"https:\/\/c-hessler.de\/da\/foranstaltning\/traehandvaerk-2022-i-nuernberg\/","url":"https:\/\/c-hessler.de\/da\/foranstaltning\/traehandvaerk-2022-i-nuernberg\/","name":"Holz-Handwerk 2022 \u00e0 Nuremberg avec de nouvelles fraiseuses de chants","isPartOf":{"@id":"https:\/\/c-hessler.de\/#website"},"primaryImageOfPage":{"@id":"https:\/\/c-hessler.de\/da\/foranstaltning\/traehandvaerk-2022-i-nuernberg\/#primaryimage"},"image":{"@id":"https:\/\/c-hessler.de\/da\/foranstaltning\/traehandvaerk-2022-i-nuernberg\/#primaryimage"},"thumbnailUrl":"https:\/\/c-hessler.de\/wp-content\/uploads\/2022\/07\/20220715_133904-verpixelt--scaled-e1658251768936.jpg","datePublished":"2023-07-04T10:14:10+00:00","dateModified":"2025-12-11T16:27:59+00:00","description":"Holz-Handwerk 2022 \u00e0 Nuremberg avec de nouvelles affleureuses et fraiseuses d'angle pour l'encochage du bois lamell\u00e9-coll\u00e9","breadcrumb":{"@id":"https:\/\/c-hessler.de\/da\/foranstaltning\/traehandvaerk-2022-i-nuernberg\/#breadcrumb"},"inLanguage":"fr-FR","potentialAction":[{"@type":"ReadAction","target":["https:\/\/c-hessler.de\/da\/foranstaltning\/traehandvaerk-2022-i-nuernberg\/"]}]},{"@type":"ImageObject","inLanguage":"fr-FR","@id":"https:\/\/c-hessler.de\/da\/foranstaltning\/traehandvaerk-2022-i-nuernberg\/#primaryimage","url":"https:\/\/c-hessler.de\/wp-content\/uploads\/2022\/07\/20220715_133904-verpixelt--scaled-e1658251768936.jpg","contentUrl":"https:\/\/c-hessler.de\/wp-content\/uploads\/2022\/07\/20220715_133904-verpixelt--scaled-e1658251768936.jpg"},{"@type":"BreadcrumbList","@id":"https:\/\/c-hessler.de\/da\/foranstaltning\/traehandvaerk-2022-i-nuernberg\/#breadcrumb","itemListElement":[{"@type":"ListItem","position":1,"name":"Messen","item":"https:\/\/c-hessler.de\/messen\/"},{"@type":"ListItem","position":2,"name":"Holz-Handwerk 2022 in N\u00fcrnberg"}]},{"@type":"WebSite","@id":"https:\/\/c-hessler.de\/#website","url":"https:\/\/c-hessler.de\/","name":"www.c-hessler.de","description":"","publisher":{"@id":"https:\/\/c-hessler.de\/#organization"},"potentialAction":[{"@type":"SearchAction","target":{"@type":"EntryPoint","urlTemplate":"https:\/\/c-hessler.de\/?s={search_term_string}"},"query-input":{"@type":"PropertyValueSpecification","valueRequired":true,"valueName":"search_term_string"}}],"inLanguage":"fr-FR"},{"@type":"Organization","@id":"https:\/\/c-hessler.de\/#organization","name":"Dr. Christoph He\u00dfler Syst\u00e8mes de machines","alternateName":"Dr. Christoph He\u00dfler Maschinensysteme","url":"https:\/\/c-hessler.de\/","logo":{"@type":"ImageObject","inLanguage":"fr-FR","@id":"https:\/\/c-hessler.de\/#\/schema\/logo\/image\/","url":"https:\/\/c-hessler.de\/wp-content\/uploads\/2026\/02\/Draw-03-150312-110115-Ausgeschnitten-I.jpg","contentUrl":"https:\/\/c-hessler.de\/wp-content\/uploads\/2026\/02\/Draw-03-150312-110115-Ausgeschnitten-I.jpg","width":445,"height":394,"caption":"Dr. Christoph He\u00dfler Maschinensysteme"},"image":{"@id":"https:\/\/c-hessler.de\/#\/schema\/logo\/image\/"},"sameAs":["https:\/\/www.facebook.com\/DrChristophHesslerMaschinensysteme\/","https:\/\/www.pinterest.de\/hesstools\/","https:\/\/www.youtube.com\/channel\/UCaNnXDGGF_BiYFQZ2kJgi-A?view_as=subscriber"],"description":"1. Ecken- und Kantenfr\u00e4sen f\u00fcr Tischler und Schreiner, Sonderanfertigungen 2. Auch f\u00fcr die Nachbearbeitung von Eck-Schwei\u00dfn\u00e4hten bei Aluminium-Werkstoffen, f\u00fcr Fahrzeugbauer oder Metallbauer aller Art","email":"christoph.hessler@c-hessler.de","telephone":"0527413012080","legalName":"Dr. Christoph He\u00dfler Maschinensysteme","foundingDate":"2003-06-05","vatID":"DE230070107","numberOfEmployees":{"@type":"QuantitativeValue","minValue":"1","maxValue":"10"}}]},"og_video":"https:\/\/www.youtube.com\/embed\/jc0mq7i1yB8","og_video_type":"text\/html","og_video_duration":"614","og_video_width":"480","og_video_height":"270","ya_ovs_adult":"false","ya_ovs_upload_date":"2023-07-04T10:14:10+00:00","ya_ovs_allow_embed":"true"},"_hostinger_reach_plugin_has_subscription_block":false,"_hostinger_reach_plugin_is_elementor":false,"_links":{"self":[{"href":"https:\/\/c-hessler.de\/fr\/wp-json\/wp\/v2\/pages\/206669","targetHints":{"allow":["GET"]}}],"collection":[{"href":"https:\/\/c-hessler.de\/fr\/wp-json\/wp\/v2\/pages"}],"about":[{"href":"https:\/\/c-hessler.de\/fr\/wp-json\/wp\/v2\/types\/page"}],"author":[{"embeddable":true,"href":"https:\/\/c-hessler.de\/fr\/wp-json\/wp\/v2\/users\/5"}],"replies":[{"embeddable":true,"href":"https:\/\/c-hessler.de\/fr\/wp-json\/wp\/v2\/comments?post=206669"}],"version-history":[{"count":3,"href":"https:\/\/c-hessler.de\/fr\/wp-json\/wp\/v2\/pages\/206669\/revisions"}],"predecessor-version":[{"id":208171,"href":"https:\/\/c-hessler.de\/fr\/wp-json\/wp\/v2\/pages\/206669\/revisions\/208171"}],"up":[{"embeddable":true,"href":"https:\/\/c-hessler.de\/fr\/wp-json\/wp\/v2\/pages\/8702"}],"wp:attachment":[{"href":"https:\/\/c-hessler.de\/fr\/wp-json\/wp\/v2\/media?parent=206669"}],"curies":[{"name":"wp","href":"https:\/\/api.w.org\/{rel}","templated":true}]}}