{"id":8775,"date":"2015-04-23T09:50:55","date_gmt":"2015-04-23T07:50:55","guid":{"rendered":"http:\/\/\/?page_id=8775"},"modified":"2025-12-11T17:49:52","modified_gmt":"2025-12-11T16:49:52","slug":"holz-handwerk-2012-a-nuernberg","status":"publish","type":"page","link":"https:\/\/c-hessler.de\/fr\/messen\/holz-handwerk-2012-in-nuernberg\/","title":{"rendered":"Holz-Handwerk 2012 \u00e0 Nuremberg"},"content":{"rendered":"<div data-elementor-type=\"wp-page\" data-elementor-id=\"8775\" class=\"elementor elementor-8775\" data-elementor-settings=\"{&quot;ha_cmc_init_switcher&quot;:&quot;no&quot;}\" data-elementor-post-type=\"page\">\n\t\t\t\t<div class=\"elementor-element elementor-element-390efc74 e-flex e-con-boxed e-con e-parent\" data-id=\"390efc74\" data-element_type=\"container\" data-e-type=\"container\" data-settings=\"{&quot;_ha_eqh_enable&quot;:false}\">\n\t\t\t\t\t<div class=\"e-con-inner\">\n\t\t\t\t<div class=\"elementor-element elementor-element-52a56d5a elementor-widget elementor-widget-heading\" data-id=\"52a56d5a\" data-element_type=\"widget\" data-e-type=\"widget\" data-widget_type=\"heading.default\">\n\t\t\t\t\t<h2 class=\"elementor-heading-title elementor-size-default\">Notre stand au salon\n<\/h2>\t\t\t\t<\/div>\n\t\t\t\t\t<\/div>\n\t\t\t\t<\/div>\n\t\t<div class=\"elementor-element elementor-element-6a7dc4e7 e-grid e-con-boxed e-con e-parent\" data-id=\"6a7dc4e7\" data-element_type=\"container\" data-e-type=\"container\" data-settings=\"{&quot;_ha_eqh_enable&quot;:false}\">\n\t\t\t\t\t<div class=\"e-con-inner\">\n\t\t\t\t<div class=\"elementor-element elementor-element-38f618d8 elementor-widget elementor-widget-text-editor\" data-id=\"38f618d8\" data-element_type=\"widget\" data-e-type=\"widget\" data-widget_type=\"text-editor.default\">\n\t\t\t\t\t\t\t\t\t<h4 class=\"et_pb_module_header\">Innovations au salon Holz-Handwerk 2012<\/h4><div class=\"et_pb_blurb_description\"><div class=\"wpb_text_column wpb_content_element\"><div class=\"wpb_wrapper\"><h5>Un site avec plus de place pour la gamme de produits croissante<\/h5><p>La nouvelle fraise \u00e0 affleurer tous les angles a \u00e9t\u00e9 pr\u00e9sent\u00e9e. Elle permet d'affleurer les chants sur la face avant jusqu'\u00e0 un angle int\u00e9rieur de 160\u00b0. Et ce, sans aucun r\u00e9glage. Comme toujours, chacun a pu mettre la main \u00e0 la p\u00e2te.<\/p><p>Vous avez des suggestions d'am\u00e9lioration ? Donnez votre avis ici.<\/p><\/div><\/div><\/div><p><strong><span style=\"color: #800000;\"><a class=\"et_pb_button et_pb_button_0 et_pb_bg_layout_light\" style=\"color: #800000;\" href=\"https:\/\/c-hessler.de\/fr\/formulaire-de-demande\/\" target=\"_blank\" rel=\"noopener\">Donner un feedback<\/a><\/span><\/strong><\/p>\t\t\t\t\t\t\t\t<\/div>\n\t\t\t\t<div class=\"elementor-element elementor-element-71692edf elementor-arrows-position-inside elementor-pagination-position-outside elementor-widget elementor-widget-image-carousel\" data-id=\"71692edf\" data-element_type=\"widget\" data-e-type=\"widget\" data-settings=\"{&quot;slides_to_show&quot;:&quot;1&quot;,&quot;navigation&quot;:&quot;both&quot;,&quot;autoplay&quot;:&quot;yes&quot;,&quot;pause_on_hover&quot;:&quot;yes&quot;,&quot;pause_on_interaction&quot;:&quot;yes&quot;,&quot;autoplay_speed&quot;:5000,&quot;infinite&quot;:&quot;yes&quot;,&quot;effect&quot;:&quot;slide&quot;,&quot;speed&quot;:500}\" data-widget_type=\"image-carousel.default\">\n\t\t\t\t\t\t\t<div class=\"elementor-image-carousel-wrapper swiper\" role=\"region\" aria-roledescription=\"carousel\" aria-label=\"Image Carrousel\" dir=\"ltr\">\n\t\t\t<div class=\"elementor-image-carousel swiper-wrapper swiper-image-stretch\" aria-live=\"off\">\n\t\t\t\t\t\t\t\t<div class=\"swiper-slide\" role=\"group\" aria-roledescription=\"slide\" aria-label=\"1 sur 1\" data-no-translation-aria-label=\"\"><figure class=\"swiper-slide-inner\"><img decoding=\"async\" class=\"swiper-slide-image\" src=\"https:\/\/c-hessler.de\/wp-content\/uploads\/2015\/04\/13842b5841f.jpg\" alt=\"13842b5841f\" \/><\/figure><\/div>\t\t\t<\/div>\n\t\t\t\t\t<\/div>\n\t\t\t\t\t\t<\/div>\n\t\t\t\t\t<\/div>\n\t\t\t\t<\/div>\n\t\t\t\t<\/div>","protected":false},"excerpt":{"rendered":"<p>Unser Messe-Stand Innovationen auf der Holz-Handwerk 2012 Standort mit mehr Platz f\u00fcr das anwachsende Produktprogramm Neu vorgestellt wurde der Allwinkel-B\u00fcndigfr\u00e4ser. Damit werden Kanten an der Stirnseite b\u00fcndig gefr\u00e4st bis zu 160\u00b0 Innenwinkel. Und das komplett ohne Verstellung.\u00a0Wie immer, konnte jeder gleich selbst Hand anlegen. Haben Sie Verbesserungsvorschl\u00e4ge? Geben Sie Ihr Feedback hier. Feedback geben<\/p>","protected":false},"author":5,"featured_media":0,"parent":8702,"menu_order":0,"comment_status":"closed","ping_status":"closed","template":"elementor_header_footer","meta":{"footnotes":""},"class_list":["post-8775","page","type-page","status-publish","hentry"],"yoast_head":"<!-- This site is optimized with the Yoast SEO Premium plugin v27.0 (Yoast SEO v27.4) - https:\/\/yoast.com\/product\/yoast-seo-premium-wordpress\/ -->\n<title>Holz-Handwerk 2012 in N\u00fcrnberg \u2022 CHM<\/title>\n<meta name=\"description\" content=\"Auf der Holz-Handwerk 2012 in N\u00fcrnberg haben wir wieder unsere Eckenfr\u00e4sen, Kantenfr\u00e4sen und Spezial Oberfr\u00e4sen vorgestellt, wie den Ausklinker f\u00fcr Innenecken und den Allwinkel B\u00fcndigfr\u00e4ser.\" \/>\n<meta name=\"robots\" content=\"index, follow, max-snippet:-1, max-image-preview:large, max-video-preview:-1\" \/>\n<link rel=\"canonical\" href=\"https:\/\/c-hessler.de\/fr\/mesurer\/holz-handwerk-2012-a-nuernberg\/\" \/>\n<meta property=\"og:locale\" content=\"fr_FR\" \/>\n<meta property=\"og:type\" content=\"article\" \/>\n<meta property=\"og:title\" content=\"Holz-Handwerk 2012 in N\u00fcrnberg\" \/>\n<meta property=\"og:description\" content=\"Auf der Holz-Handwerk 2012 in N\u00fcrnberg haben wir wieder unsere Eckenfr\u00e4sen, Kantenfr\u00e4sen und Spezial Oberfr\u00e4sen vorgestellt, wie den Ausklinker f\u00fcr Innenecken und den Allwinkel B\u00fcndigfr\u00e4ser.\" \/>\n<meta property=\"og:url\" content=\"https:\/\/c-hessler.de\/fr\/mesurer\/holz-handwerk-2012-a-nuernberg\/\" \/>\n<meta property=\"og:site_name\" content=\"Dr. Christoph He\u00dfler Maschinensysteme\" \/>\n<meta property=\"article:publisher\" content=\"https:\/\/www.facebook.com\/DrChristophHesslerMaschinensysteme\/\" \/>\n<meta property=\"article:modified_time\" content=\"2025-12-11T16:49:52+00:00\" \/>\n<meta property=\"og:image\" content=\"https:\/\/c-hessler.de\/wp-content\/uploads\/2015\/04\/13842b5841f.jpg\" \/>\n<meta name=\"twitter:label1\" content=\"Dur\u00e9e de lecture estim\u00e9e\" \/>\n\t<meta name=\"twitter:data1\" content=\"1 minute\" \/>\n<script type=\"application\/ld+json\" class=\"yoast-schema-graph\">{\"@context\":\"https:\\\/\\\/schema.org\",\"@graph\":[{\"@type\":\"WebPage\",\"@id\":\"https:\\\/\\\/c-hessler.de\\\/messen\\\/holz-handwerk-2012-in-nuernberg\\\/\",\"url\":\"https:\\\/\\\/c-hessler.de\\\/messen\\\/holz-handwerk-2012-in-nuernberg\\\/\",\"name\":\"Holz-Handwerk 2012 in N\u00fcrnberg \u2022 CHM\",\"isPartOf\":{\"@id\":\"https:\\\/\\\/c-hessler.de\\\/#website\"},\"primaryImageOfPage\":{\"@id\":\"https:\\\/\\\/c-hessler.de\\\/messen\\\/holz-handwerk-2012-in-nuernberg\\\/#primaryimage\"},\"image\":{\"@id\":\"https:\\\/\\\/c-hessler.de\\\/messen\\\/holz-handwerk-2012-in-nuernberg\\\/#primaryimage\"},\"thumbnailUrl\":\"https:\\\/\\\/c-hessler.de\\\/wp-content\\\/uploads\\\/2015\\\/04\\\/13842b5841f.jpg\",\"datePublished\":\"2015-04-23T07:50:55+00:00\",\"dateModified\":\"2025-12-11T16:49:52+00:00\",\"description\":\"Auf der Holz-Handwerk 2012 in N\u00fcrnberg haben wir wieder unsere Eckenfr\u00e4sen, Kantenfr\u00e4sen und Spezial Oberfr\u00e4sen vorgestellt, wie den Ausklinker f\u00fcr Innenecken und den Allwinkel B\u00fcndigfr\u00e4ser.\",\"breadcrumb\":{\"@id\":\"https:\\\/\\\/c-hessler.de\\\/messen\\\/holz-handwerk-2012-in-nuernberg\\\/#breadcrumb\"},\"inLanguage\":\"fr-FR\",\"potentialAction\":[{\"@type\":\"ReadAction\",\"target\":[\"https:\\\/\\\/c-hessler.de\\\/messen\\\/holz-handwerk-2012-in-nuernberg\\\/\"]}]},{\"@type\":\"ImageObject\",\"inLanguage\":\"fr-FR\",\"@id\":\"https:\\\/\\\/c-hessler.de\\\/messen\\\/holz-handwerk-2012-in-nuernberg\\\/#primaryimage\",\"url\":\"https:\\\/\\\/c-hessler.de\\\/wp-content\\\/uploads\\\/2015\\\/04\\\/13842b5841f.jpg\",\"contentUrl\":\"https:\\\/\\\/c-hessler.de\\\/wp-content\\\/uploads\\\/2015\\\/04\\\/13842b5841f.jpg\"},{\"@type\":\"BreadcrumbList\",\"@id\":\"https:\\\/\\\/c-hessler.de\\\/messen\\\/holz-handwerk-2012-in-nuernberg\\\/#breadcrumb\",\"itemListElement\":[{\"@type\":\"ListItem\",\"position\":1,\"name\":\"Messen\",\"item\":\"https:\\\/\\\/c-hessler.de\\\/messen\\\/\"},{\"@type\":\"ListItem\",\"position\":2,\"name\":\"Holz-Handwerk 2012 in N\u00fcrnberg\"}]},{\"@type\":\"WebSite\",\"@id\":\"https:\\\/\\\/c-hessler.de\\\/#website\",\"url\":\"https:\\\/\\\/c-hessler.de\\\/\",\"name\":\"www.c-hessler.de\",\"description\":\"\",\"publisher\":{\"@id\":\"https:\\\/\\\/c-hessler.de\\\/#organization\"},\"potentialAction\":[{\"@type\":\"SearchAction\",\"target\":{\"@type\":\"EntryPoint\",\"urlTemplate\":\"https:\\\/\\\/c-hessler.de\\\/?s={search_term_string}\"},\"query-input\":{\"@type\":\"PropertyValueSpecification\",\"valueRequired\":true,\"valueName\":\"search_term_string\"}}],\"inLanguage\":\"fr-FR\"},{\"@type\":\"Organization\",\"@id\":\"https:\\\/\\\/c-hessler.de\\\/#organization\",\"name\":\"Dr. Christoph He\u00dfler Maschinensysteme\",\"alternateName\":\"Dr. Christoph He\u00dfler Maschinensysteme\",\"url\":\"https:\\\/\\\/c-hessler.de\\\/\",\"logo\":{\"@type\":\"ImageObject\",\"inLanguage\":\"fr-FR\",\"@id\":\"https:\\\/\\\/c-hessler.de\\\/#\\\/schema\\\/logo\\\/image\\\/\",\"url\":\"https:\\\/\\\/c-hessler.de\\\/wp-content\\\/uploads\\\/2026\\\/02\\\/Draw-03-150312-110115-Ausgeschnitten-I.jpg\",\"contentUrl\":\"https:\\\/\\\/c-hessler.de\\\/wp-content\\\/uploads\\\/2026\\\/02\\\/Draw-03-150312-110115-Ausgeschnitten-I.jpg\",\"width\":445,\"height\":394,\"caption\":\"Dr. Christoph He\u00dfler Maschinensysteme\"},\"image\":{\"@id\":\"https:\\\/\\\/c-hessler.de\\\/#\\\/schema\\\/logo\\\/image\\\/\"},\"sameAs\":[\"https:\\\/\\\/www.facebook.com\\\/DrChristophHesslerMaschinensysteme\\\/\",\"https:\\\/\\\/www.pinterest.de\\\/hesstools\\\/\",\"https:\\\/\\\/www.youtube.com\\\/channel\\\/UCaNnXDGGF_BiYFQZ2kJgi-A?view_as=subscriber\"],\"description\":\"1. Ecken- und Kantenfr\u00e4sen f\u00fcr Tischler und Schreiner, Sonderanfertigungen 2. Auch f\u00fcr die Nachbearbeitung von Eck-Schwei\u00dfn\u00e4hten bei Aluminium-Werkstoffen, f\u00fcr Fahrzeugbauer oder Metallbauer aller Art\",\"email\":\"christoph.hessler@c-hessler.de\",\"telephone\":\"0527413012080\",\"legalName\":\"Dr. Christoph He\u00dfler Maschinensysteme\",\"foundingDate\":\"2003-06-05\",\"vatID\":\"DE230070107\",\"numberOfEmployees\":{\"@type\":\"QuantitativeValue\",\"minValue\":\"1\",\"maxValue\":\"10\"}}]}<\/script>\n<!-- \/ Yoast SEO Premium plugin. -->","yoast_head_json":{"title":"Holz-Handwerk 2012 \u00e0 Nuremberg - CHM","description":"Lors du salon Holz-Handwerk 2012 \u00e0 Nuremberg, nous avons \u00e0 nouveau pr\u00e9sent\u00e9 nos fraiseuses d'angle, nos fraiseuses de chants et nos d\u00e9fonceuses sp\u00e9ciales, comme l'encocheuse pour angles int\u00e9rieurs et la fraiseuse d'affleurage Allwinkel.","robots":{"index":"index","follow":"follow","max-snippet":"max-snippet:-1","max-image-preview":"max-image-preview:large","max-video-preview":"max-video-preview:-1"},"canonical":"https:\/\/c-hessler.de\/fr\/mesurer\/holz-handwerk-2012-a-nuernberg\/","og_locale":"fr_FR","og_type":"article","og_title":"Holz-Handwerk 2012 in N\u00fcrnberg","og_description":"Auf der Holz-Handwerk 2012 in N\u00fcrnberg haben wir wieder unsere Eckenfr\u00e4sen, Kantenfr\u00e4sen und Spezial Oberfr\u00e4sen vorgestellt, wie den Ausklinker f\u00fcr Innenecken und den Allwinkel B\u00fcndigfr\u00e4ser.","og_url":"https:\/\/c-hessler.de\/fr\/mesurer\/holz-handwerk-2012-a-nuernberg\/","og_site_name":"Dr. Christoph He\u00dfler Maschinensysteme","article_publisher":"https:\/\/www.facebook.com\/DrChristophHesslerMaschinensysteme\/","article_modified_time":"2025-12-11T16:49:52+00:00","og_image":[{"url":"https:\/\/c-hessler.de\/wp-content\/uploads\/2015\/04\/13842b5841f.jpg","type":"","width":"","height":""}],"twitter_misc":{"Dur\u00e9e de lecture estim\u00e9e":"1 minute"},"schema":{"@context":"https:\/\/schema.org","@graph":[{"@type":"WebPage","@id":"https:\/\/c-hessler.de\/messen\/holz-handwerk-2012-in-nuernberg\/","url":"https:\/\/c-hessler.de\/messen\/holz-handwerk-2012-in-nuernberg\/","name":"Holz-Handwerk 2012 \u00e0 Nuremberg - CHM","isPartOf":{"@id":"https:\/\/c-hessler.de\/#website"},"primaryImageOfPage":{"@id":"https:\/\/c-hessler.de\/messen\/holz-handwerk-2012-in-nuernberg\/#primaryimage"},"image":{"@id":"https:\/\/c-hessler.de\/messen\/holz-handwerk-2012-in-nuernberg\/#primaryimage"},"thumbnailUrl":"https:\/\/c-hessler.de\/wp-content\/uploads\/2015\/04\/13842b5841f.jpg","datePublished":"2015-04-23T07:50:55+00:00","dateModified":"2025-12-11T16:49:52+00:00","description":"Lors du salon Holz-Handwerk 2012 \u00e0 Nuremberg, nous avons \u00e0 nouveau pr\u00e9sent\u00e9 nos fraiseuses d'angle, nos fraiseuses de chants et nos d\u00e9fonceuses sp\u00e9ciales, comme l'encocheuse pour angles int\u00e9rieurs et la fraiseuse d'affleurage Allwinkel.","breadcrumb":{"@id":"https:\/\/c-hessler.de\/messen\/holz-handwerk-2012-in-nuernberg\/#breadcrumb"},"inLanguage":"fr-FR","potentialAction":[{"@type":"ReadAction","target":["https:\/\/c-hessler.de\/messen\/holz-handwerk-2012-in-nuernberg\/"]}]},{"@type":"ImageObject","inLanguage":"fr-FR","@id":"https:\/\/c-hessler.de\/messen\/holz-handwerk-2012-in-nuernberg\/#primaryimage","url":"https:\/\/c-hessler.de\/wp-content\/uploads\/2015\/04\/13842b5841f.jpg","contentUrl":"https:\/\/c-hessler.de\/wp-content\/uploads\/2015\/04\/13842b5841f.jpg"},{"@type":"BreadcrumbList","@id":"https:\/\/c-hessler.de\/messen\/holz-handwerk-2012-in-nuernberg\/#breadcrumb","itemListElement":[{"@type":"ListItem","position":1,"name":"Messen","item":"https:\/\/c-hessler.de\/messen\/"},{"@type":"ListItem","position":2,"name":"Holz-Handwerk 2012 in N\u00fcrnberg"}]},{"@type":"WebSite","@id":"https:\/\/c-hessler.de\/#website","url":"https:\/\/c-hessler.de\/","name":"www.c-hessler.de","description":"","publisher":{"@id":"https:\/\/c-hessler.de\/#organization"},"potentialAction":[{"@type":"SearchAction","target":{"@type":"EntryPoint","urlTemplate":"https:\/\/c-hessler.de\/?s={search_term_string}"},"query-input":{"@type":"PropertyValueSpecification","valueRequired":true,"valueName":"search_term_string"}}],"inLanguage":"fr-FR"},{"@type":"Organization","@id":"https:\/\/c-hessler.de\/#organization","name":"Dr. Christoph He\u00dfler Syst\u00e8mes de machines","alternateName":"Dr. Christoph He\u00dfler Maschinensysteme","url":"https:\/\/c-hessler.de\/","logo":{"@type":"ImageObject","inLanguage":"fr-FR","@id":"https:\/\/c-hessler.de\/#\/schema\/logo\/image\/","url":"https:\/\/c-hessler.de\/wp-content\/uploads\/2026\/02\/Draw-03-150312-110115-Ausgeschnitten-I.jpg","contentUrl":"https:\/\/c-hessler.de\/wp-content\/uploads\/2026\/02\/Draw-03-150312-110115-Ausgeschnitten-I.jpg","width":445,"height":394,"caption":"Dr. Christoph He\u00dfler Maschinensysteme"},"image":{"@id":"https:\/\/c-hessler.de\/#\/schema\/logo\/image\/"},"sameAs":["https:\/\/www.facebook.com\/DrChristophHesslerMaschinensysteme\/","https:\/\/www.pinterest.de\/hesstools\/","https:\/\/www.youtube.com\/channel\/UCaNnXDGGF_BiYFQZ2kJgi-A?view_as=subscriber"],"description":"1. Ecken- und Kantenfr\u00e4sen f\u00fcr Tischler und Schreiner, Sonderanfertigungen 2. Auch f\u00fcr die Nachbearbeitung von Eck-Schwei\u00dfn\u00e4hten bei Aluminium-Werkstoffen, f\u00fcr Fahrzeugbauer oder Metallbauer aller Art","email":"christoph.hessler@c-hessler.de","telephone":"0527413012080","legalName":"Dr. Christoph He\u00dfler Maschinensysteme","foundingDate":"2003-06-05","vatID":"DE230070107","numberOfEmployees":{"@type":"QuantitativeValue","minValue":"1","maxValue":"10"}}]}},"_hostinger_reach_plugin_has_subscription_block":false,"_hostinger_reach_plugin_is_elementor":false,"_links":{"self":[{"href":"https:\/\/c-hessler.de\/fr\/wp-json\/wp\/v2\/pages\/8775","targetHints":{"allow":["GET"]}}],"collection":[{"href":"https:\/\/c-hessler.de\/fr\/wp-json\/wp\/v2\/pages"}],"about":[{"href":"https:\/\/c-hessler.de\/fr\/wp-json\/wp\/v2\/types\/page"}],"author":[{"embeddable":true,"href":"https:\/\/c-hessler.de\/fr\/wp-json\/wp\/v2\/users\/5"}],"replies":[{"embeddable":true,"href":"https:\/\/c-hessler.de\/fr\/wp-json\/wp\/v2\/comments?post=8775"}],"version-history":[{"count":3,"href":"https:\/\/c-hessler.de\/fr\/wp-json\/wp\/v2\/pages\/8775\/revisions"}],"predecessor-version":[{"id":208199,"href":"https:\/\/c-hessler.de\/fr\/wp-json\/wp\/v2\/pages\/8775\/revisions\/208199"}],"up":[{"embeddable":true,"href":"https:\/\/c-hessler.de\/fr\/wp-json\/wp\/v2\/pages\/8702"}],"wp:attachment":[{"href":"https:\/\/c-hessler.de\/fr\/wp-json\/wp\/v2\/media?parent=8775"}],"curies":[{"name":"wp","href":"https:\/\/api.w.org\/{rel}","templated":true}]}}