{"id":8945,"date":"2015-04-24T11:44:42","date_gmt":"2015-04-24T09:44:42","guid":{"rendered":"http:\/\/\/?page_id=8945"},"modified":"2025-12-11T16:41:52","modified_gmt":"2025-12-11T15:41:52","slug":"but-et-objectif","status":"publish","type":"page","link":"https:\/\/c-hessler.de\/fr\/ziel-und-zweck\/","title":{"rendered":"Objectif et but"},"content":{"rendered":"<div data-elementor-type=\"wp-page\" data-elementor-id=\"8945\" class=\"elementor elementor-8945\" data-elementor-settings=\"{&quot;ha_cmc_init_switcher&quot;:&quot;no&quot;}\" data-elementor-post-type=\"page\">\n\t\t\t\t<div class=\"elementor-element elementor-element-bd1cf1c e-flex e-con-boxed e-con e-parent\" data-id=\"bd1cf1c\" data-element_type=\"container\" data-e-type=\"container\" data-settings=\"{&quot;_ha_eqh_enable&quot;:false}\">\n\t\t\t\t\t<div class=\"e-con-inner\">\n\t\t\t\t<div class=\"elementor-element elementor-element-730cde4 elementor-widget elementor-widget-heading\" data-id=\"730cde4\" data-element_type=\"widget\" data-e-type=\"widget\" data-widget_type=\"heading.default\">\n\t\t\t\t\t<h2 class=\"elementor-heading-title elementor-size-default\">Objectif et but<\/h2>\t\t\t\t<\/div>\n\t\t\t\t\t<\/div>\n\t\t\t\t<\/div>\n\t\t<div class=\"elementor-element elementor-element-79543a5 e-grid e-con-boxed e-con e-parent\" data-id=\"79543a5\" data-element_type=\"container\" data-e-type=\"container\" data-settings=\"{&quot;_ha_eqh_enable&quot;:false}\">\n\t\t\t\t\t<div class=\"e-con-inner\">\n\t\t\t\t<div class=\"elementor-element elementor-element-5a0f425 elementor-widget elementor-widget-text-editor\" data-id=\"5a0f425\" data-element_type=\"widget\" data-e-type=\"widget\" data-widget_type=\"text-editor.default\">\n\t\t\t\t\t\t\t\t\t<h4>Depuis plus de 10 ans sur le march\u00e9 avec des solutions de cr\u00e9ativit\u00e9 et de personnalisation pour le traitement des chants et des angles<\/h4><p>Programme :<\/p><p>Nous avons des solutions pour les menuisiers et les \u00e9b\u00e9nistes et pour tous ceux qui souhaitent mettre en \u0153uvre de mani\u00e8re productive l'individualisation de meubles de s\u00e9rie et la cr\u00e9ativit\u00e9 dans le design sur des pi\u00e8ces en bois et en plastique.<\/p><p>Pour le traitement des coins, nous proposons une gamme compl\u00e8te de formeurs de coins.<\/p><p>Le terme de formeur d'angle a \u00e9t\u00e9 introduit par nos soins dans l'usinage de meubles. Par formeur d'angle, nous d\u00e9signons les fraiseuses de chants qui ont un guide. L'usinage des angles est ainsi plus simple, plus pr\u00e9cis et plus rapide.<\/p><p>La gamme de formeurs d'angles comprend des appareils de table et des appareils manuels mobiles pour angles aigus, droits et obtus, \u00e0 entra\u00eenement pneumatique ou \u00e9lectrique, pour des angles fixes ou avec un r\u00e9glage angulaire variable, avec ou sans guidage.<\/p><p>Toutes les machines ne sont pas repr\u00e9sent\u00e9es ici, n'h\u00e9sitez pas \u00e0 nous contacter pour votre t\u00e2che d'usinage sp\u00e9cifique. Pour toutes les machines repr\u00e9sent\u00e9es, des droits de protection ont \u00e9t\u00e9 enregistr\u00e9s ou d\u00e9pos\u00e9s aupr\u00e8s de l'Office allemand des brevets et des marques.<\/p>\t\t\t\t\t\t\t\t<\/div>\n\t\t\t\t<div class=\"elementor-element elementor-element-689599c elementor-widget__width-inherit elementor-widget elementor-widget-image\" data-id=\"689599c\" data-element_type=\"widget\" data-e-type=\"widget\" data-widget_type=\"image.default\">\n\t\t\t\t\t\t\t\t\t\t\t\t\t\t\t<img fetchpriority=\"high\" decoding=\"async\" width=\"640\" height=\"480\" src=\"https:\/\/c-hessler.de\/wp-content\/uploads\/2015\/04\/4er_Bild_II.jpg\" class=\"attachment-large size-large wp-image-8933\" alt=\"\" srcset=\"https:\/\/c-hessler.de\/wp-content\/uploads\/2015\/04\/4er_Bild_II.jpg 640w, https:\/\/c-hessler.de\/wp-content\/uploads\/2015\/04\/4er_Bild_II-150x113.jpg 150w, https:\/\/c-hessler.de\/wp-content\/uploads\/2015\/04\/4er_Bild_II-510x383.jpg 510w, https:\/\/c-hessler.de\/wp-content\/uploads\/2015\/04\/4er_Bild_II-300x225.jpg 300w\" sizes=\"(max-width: 640px) 100vw, 640px\" \/>\t\t\t\t\t\t\t\t\t\t\t\t\t\t\t<\/div>\n\t\t\t\t\t<\/div>\n\t\t\t\t<\/div>\n\t\t<div class=\"elementor-element elementor-element-3856bea0 e-con-full e-flex e-con e-parent\" data-id=\"3856bea0\" data-element_type=\"container\" data-e-type=\"container\" data-settings=\"{&quot;background_background&quot;:&quot;classic&quot;,&quot;_ha_eqh_enable&quot;:false}\">\n\t\t\t\t<div class=\"elementor-element elementor-element-758a94af elementor-widget elementor-widget-heading\" data-id=\"758a94af\" data-element_type=\"widget\" data-e-type=\"widget\" data-widget_type=\"heading.default\">\n\t\t\t\t\t<h2 class=\"elementor-heading-title elementor-size-default\">Pourquoi Christoph He\u00dfler Maschinensysteme ?<\/h2>\t\t\t\t<\/div>\n\t\t\t\t<\/div>\n\t\t\t\t<section class=\"elementor-section elementor-top-section elementor-element elementor-element-5677dcdd elementor-section-stretched elementor-section-boxed elementor-section-height-default elementor-section-height-default\" data-id=\"5677dcdd\" data-element_type=\"section\" data-e-type=\"section\" data-settings=\"{&quot;stretch_section&quot;:&quot;section-stretched&quot;,&quot;background_background&quot;:&quot;classic&quot;,&quot;_ha_eqh_enable&quot;:false}\">\n\t\t\t\t\t\t<div class=\"elementor-container elementor-column-gap-extended\">\n\t\t\t\t\t<div class=\"elementor-column elementor-col-33 elementor-top-column elementor-element elementor-element-78abae6b animated-fast elementor-invisible\" data-id=\"78abae6b\" data-element_type=\"column\" data-e-type=\"column\" data-settings=\"{&quot;animation&quot;:&quot;fadeIn&quot;}\">\n\t\t\t<div class=\"elementor-widget-wrap elementor-element-populated\">\n\t\t\t\t\t\t<div class=\"elementor-element elementor-element-5fa3f035 elementor-widget elementor-widget-heading\" data-id=\"5fa3f035\" data-element_type=\"widget\" data-e-type=\"widget\" data-widget_type=\"heading.default\">\n\t\t\t\t\t<h3 class=\"elementor-heading-title elementor-size-default\">On ne trouve cela qu'ici\n<\/h3>\t\t\t\t<\/div>\n\t\t\t\t<div class=\"elementor-element elementor-element-84f4a89 elementor-widget elementor-widget-text-editor\" data-id=\"84f4a89\" data-element_type=\"widget\" data-e-type=\"widget\" data-widget_type=\"text-editor.default\">\n\t\t\t\t\t\t\t\t\t<p style=\"text-align: center;\"><span style=\"color: #ffffff;\">\u2713 Fonction TOP<\/span><br \/><span style=\"color: #ffffff;\">\u2713 TOP manipulation<\/span><br \/><span style=\"color: #ffffff;\">\u2713 TOP de finition<\/span><br \/><span style=\"color: #ffffff;\">\u2713 En direct du fabricant<\/span><br \/><span style=\"color: #ffffff;\">\u2713 Conseil du fabricant<\/span><br \/><span style=\"color: #ffffff;\">\u2713 Test gratuit<\/span><br \/><span style=\"color: #ffffff;\">\u2713 Achat sur facture<\/span><\/p>\t\t\t\t\t\t\t\t<\/div>\n\t\t\t\t\t<\/div>\n\t\t<\/div>\n\t\t\t\t<div class=\"elementor-column elementor-col-33 elementor-top-column elementor-element elementor-element-60630a37 animated-fast elementor-invisible\" data-id=\"60630a37\" data-element_type=\"column\" data-e-type=\"column\" data-settings=\"{&quot;animation&quot;:&quot;fadeIn&quot;,&quot;animation_delay&quot;:200}\">\n\t\t\t<div class=\"elementor-widget-wrap elementor-element-populated\">\n\t\t\t\t\t\t<div class=\"elementor-element elementor-element-1c58e76a elementor-widget elementor-widget-heading\" data-id=\"1c58e76a\" data-element_type=\"widget\" data-e-type=\"widget\" data-widget_type=\"heading.default\">\n\t\t\t\t\t<h3 class=\"elementor-heading-title elementor-size-default\">Tester gratuitement\n<\/h3>\t\t\t\t<\/div>\n\t\t\t\t<div class=\"elementor-element elementor-element-2fc28607 elementor-widget elementor-widget-text-editor\" data-id=\"2fc28607\" data-element_type=\"widget\" data-e-type=\"widget\" data-widget_type=\"text-editor.default\">\n\t\t\t\t\t\t\t\t\t<p style=\"text-align: center;\"><span style=\"color: #ffffff;\">Vous \u00eates professionnel(le) et exercez une activit\u00e9 commerciale ?<\/span><br \/><span style=\"color: #ffffff;\">Vous avez alors la possibilit\u00e9 de tester les machines gratuitement et sans engagement afin de v\u00e9rifier les possibilit\u00e9s d'utilisation dans vos conditions personnelles.<\/span><\/p>\t\t\t\t\t\t\t\t<\/div>\n\t\t\t\t\t<\/div>\n\t\t<\/div>\n\t\t\t\t<div class=\"elementor-column elementor-col-33 elementor-top-column elementor-element elementor-element-434961e8 animated-fast elementor-invisible\" data-id=\"434961e8\" data-element_type=\"column\" data-e-type=\"column\" data-settings=\"{&quot;animation&quot;:&quot;fadeIn&quot;,&quot;animation_delay&quot;:400}\">\n\t\t\t<div class=\"elementor-widget-wrap elementor-element-populated\">\n\t\t\t\t\t\t<div class=\"elementor-element elementor-element-5fb2f3b6 elementor-widget elementor-widget-heading\" data-id=\"5fb2f3b6\" data-element_type=\"widget\" data-e-type=\"widget\" data-widget_type=\"heading.default\">\n\t\t\t\t\t<h3 class=\"elementor-heading-title elementor-size-default\">Un service fiable\n<\/h3>\t\t\t\t<\/div>\n\t\t\t\t<div class=\"elementor-element elementor-element-7651c917 elementor-widget elementor-widget-text-editor\" data-id=\"7651c917\" data-element_type=\"widget\" data-e-type=\"widget\" data-widget_type=\"text-editor.default\">\n\t\t\t\t\t\t\t\t\t<p style=\"text-align: center;\"><span style=\"color: #ffffff;\">En achetant une machine de notre entreprise, vous achetez aussi toujours un service complet. <\/span><br \/><span style=\"color: #ffffff;\">Cela commence par la mise \u00e0 disposition gratuite des machines pour les tester dans vos locaux et ne s'arr\u00eate pas \u00e0 l'\u00e9limination rapide d'\u00e9ventuels d\u00e9fauts et au d\u00e9veloppement constant de nos appareils.<\/span><\/p>\t\t\t\t\t\t\t\t<\/div>\n\t\t\t\t\t<\/div>\n\t\t<\/div>\n\t\t\t\t\t<\/div>\n\t\t<\/section>\n\t\t\t\t<section class=\"elementor-section elementor-top-section elementor-element elementor-element-636d701a elementor-section-stretched elementor-section-boxed elementor-section-height-default elementor-section-height-default\" data-id=\"636d701a\" data-element_type=\"section\" data-e-type=\"section\" data-settings=\"{&quot;stretch_section&quot;:&quot;section-stretched&quot;,&quot;background_background&quot;:&quot;classic&quot;,&quot;_ha_eqh_enable&quot;:false}\">\n\t\t\t\t\t\t<div class=\"elementor-container elementor-column-gap-extended\">\n\t\t\t\t\t<div class=\"elementor-column elementor-col-100 elementor-top-column elementor-element elementor-element-35e9f736\" data-id=\"35e9f736\" data-element_type=\"column\" data-e-type=\"column\">\n\t\t\t<div class=\"elementor-widget-wrap elementor-element-populated\">\n\t\t\t\t\t\t<div class=\"elementor-element elementor-element-159931c0 elementor-widget elementor-widget-heading\" data-id=\"159931c0\" data-element_type=\"widget\" data-e-type=\"widget\" data-widget_type=\"heading.default\">\n\t\t\t\t\t<h2 class=\"elementor-heading-title elementor-size-default\">Conseil personnalis\u00e9<\/h2>\t\t\t\t<\/div>\n\t\t\t\t<div class=\"elementor-element elementor-element-3509e2b elementor-widget elementor-widget-text-editor\" data-id=\"3509e2b\" data-element_type=\"widget\" data-e-type=\"widget\" data-widget_type=\"text-editor.default\">\n\t\t\t\t\t\t\t\t\t<p style=\"text-align: left;\"><span style=\"color: #ffffff;\">Dr. Christoph He\u00dfler Syst\u00e8mes de machines<img decoding=\"async\" class=\"size-full wp-image-207490 alignright\" src=\"https:\/\/c-hessler.de\/wp-content\/uploads\/2025\/12\/ch2.png\" alt=\"\" width=\"260\" height=\"130\" srcset=\"https:\/\/c-hessler.de\/wp-content\/uploads\/2025\/12\/ch2.png 260w, https:\/\/c-hessler.de\/wp-content\/uploads\/2025\/12\/ch2-150x75.png 150w, https:\/\/c-hessler.de\/wp-content\/uploads\/2025\/12\/ch2-18x9.png 18w\" sizes=\"(max-width: 260px) 100vw, 260px\" \/><\/span><\/p><p style=\"text-align: left;\"><span style=\"color: #ffffff;\">Sur la Ronceva 5<\/span><br \/><span style=\"color: #ffffff;\">32312 L\u00fcbbecke<\/span><br \/><span style=\"color: #ffffff;\">T\u00e9l. : +49 (0) 5741 \/ 3012080<\/span><br \/><span style=\"color: #ffffff;\">Courrier \u00e9lectronique : christoph.hessler@c-hessler.de<\/span><\/p>\t\t\t\t\t\t\t\t<\/div>\n\t\t\t\t\t<\/div>\n\t\t<\/div>\n\t\t\t\t\t<\/div>\n\t\t<\/section>\n\t\t\t\t<\/div>","protected":false},"excerpt":{"rendered":"<p>Ziel und Zweck Seit \u00fcber 10 Jahren am Markt mit L\u00f6sungen f\u00fcr Kreativit\u00e4t und Individualisierung bei der Kantenbearbeitung und Eckenbearbeitung Programm: Wir haben L\u00f6sungen f\u00fcr Tischler und Schreiner und f\u00fcr alle, die Individualisierung von Serienm\u00f6beln und Kreativit\u00e4t im Design an Werkst\u00fccken aus Holz und Kunststoff produktiv umsetzen wollen. F\u00fcr die Eckenbearbeitung bieten wir ein umfassendes [&hellip;]<\/p>\n","protected":false},"author":5,"featured_media":0,"parent":0,"menu_order":0,"comment_status":"closed","ping_status":"closed","template":"elementor_header_footer","meta":{"footnotes":""},"class_list":["post-8945","page","type-page","status-publish","hentry"],"yoast_head":"<!-- This site is optimized with the Yoast SEO Premium plugin v27.0 (Yoast SEO v27.4) - https:\/\/yoast.com\/product\/yoast-seo-premium-wordpress\/ -->\n<title>Ziel und Zweck - Handliche L\u00f6sungen f\u00fcr Tischler und Schreiner<\/title>\n<meta name=\"description\" content=\"L\u00f6sungen f\u00fcr Tischler und Schreiner f\u00fcr Kreativit\u00e4t und Individualisierung bei der Kantenbearbeitung und Eckenbearbeitung durch Spezial Oberfr\u00e4se Systeme.\" \/>\n<meta name=\"robots\" content=\"index, follow, max-snippet:-1, max-image-preview:large, max-video-preview:-1\" \/>\n<link rel=\"canonical\" href=\"https:\/\/c-hessler.de\/fr\/but-et-objectif\/\" \/>\n<meta property=\"og:locale\" content=\"fr_FR\" \/>\n<meta property=\"og:type\" content=\"article\" \/>\n<meta property=\"og:title\" content=\"Ziel und Zweck\" \/>\n<meta property=\"og:description\" content=\"L\u00f6sungen f\u00fcr Tischler und Schreiner f\u00fcr Kreativit\u00e4t und Individualisierung bei der Kantenbearbeitung und Eckenbearbeitung durch Spezial Oberfr\u00e4se Systeme.\" \/>\n<meta property=\"og:url\" content=\"https:\/\/c-hessler.de\/fr\/but-et-objectif\/\" \/>\n<meta property=\"og:site_name\" content=\"Dr. Christoph He\u00dfler Maschinensysteme\" \/>\n<meta property=\"article:publisher\" content=\"https:\/\/www.facebook.com\/DrChristophHesslerMaschinensysteme\/\" \/>\n<meta property=\"article:modified_time\" content=\"2025-12-11T15:41:52+00:00\" \/>\n<meta property=\"og:image\" content=\"https:\/\/c-hessler.de\/wp-content\/uploads\/2015\/04\/4er_Bild_II.jpg\" \/>\n\t<meta property=\"og:image:width\" content=\"640\" \/>\n\t<meta property=\"og:image:height\" content=\"480\" \/>\n\t<meta property=\"og:image:type\" content=\"image\/jpeg\" \/>\n<meta name=\"twitter:label1\" content=\"Dur\u00e9e de lecture estim\u00e9e\" \/>\n\t<meta name=\"twitter:data1\" content=\"2 minutes\" \/>\n<script type=\"application\/ld+json\" class=\"yoast-schema-graph\">{\"@context\":\"https:\\\/\\\/schema.org\",\"@graph\":[{\"@type\":\"WebPage\",\"@id\":\"https:\\\/\\\/c-hessler.de\\\/ziel-und-zweck\\\/\",\"url\":\"https:\\\/\\\/c-hessler.de\\\/ziel-und-zweck\\\/\",\"name\":\"Ziel und Zweck - Handliche L\u00f6sungen f\u00fcr Tischler und Schreiner\",\"isPartOf\":{\"@id\":\"https:\\\/\\\/c-hessler.de\\\/#website\"},\"primaryImageOfPage\":{\"@id\":\"https:\\\/\\\/c-hessler.de\\\/ziel-und-zweck\\\/#primaryimage\"},\"image\":{\"@id\":\"https:\\\/\\\/c-hessler.de\\\/ziel-und-zweck\\\/#primaryimage\"},\"thumbnailUrl\":\"https:\\\/\\\/c-hessler.de\\\/wp-content\\\/uploads\\\/2015\\\/04\\\/4er_Bild_II.jpg\",\"datePublished\":\"2015-04-24T09:44:42+00:00\",\"dateModified\":\"2025-12-11T15:41:52+00:00\",\"description\":\"L\u00f6sungen f\u00fcr Tischler und Schreiner f\u00fcr Kreativit\u00e4t und Individualisierung bei der Kantenbearbeitung und Eckenbearbeitung durch Spezial Oberfr\u00e4se Systeme.\",\"inLanguage\":\"fr-FR\",\"potentialAction\":[{\"@type\":\"ReadAction\",\"target\":[\"https:\\\/\\\/c-hessler.de\\\/ziel-und-zweck\\\/\"]}]},{\"@type\":\"ImageObject\",\"inLanguage\":\"fr-FR\",\"@id\":\"https:\\\/\\\/c-hessler.de\\\/ziel-und-zweck\\\/#primaryimage\",\"url\":\"https:\\\/\\\/c-hessler.de\\\/wp-content\\\/uploads\\\/2015\\\/04\\\/4er_Bild_II.jpg\",\"contentUrl\":\"https:\\\/\\\/c-hessler.de\\\/wp-content\\\/uploads\\\/2015\\\/04\\\/4er_Bild_II.jpg\"},{\"@type\":\"WebSite\",\"@id\":\"https:\\\/\\\/c-hessler.de\\\/#website\",\"url\":\"https:\\\/\\\/c-hessler.de\\\/\",\"name\":\"www.c-hessler.de\",\"description\":\"\",\"publisher\":{\"@id\":\"https:\\\/\\\/c-hessler.de\\\/#organization\"},\"potentialAction\":[{\"@type\":\"SearchAction\",\"target\":{\"@type\":\"EntryPoint\",\"urlTemplate\":\"https:\\\/\\\/c-hessler.de\\\/?s={search_term_string}\"},\"query-input\":{\"@type\":\"PropertyValueSpecification\",\"valueRequired\":true,\"valueName\":\"search_term_string\"}}],\"inLanguage\":\"fr-FR\"},{\"@type\":\"Organization\",\"@id\":\"https:\\\/\\\/c-hessler.de\\\/#organization\",\"name\":\"Dr. Christoph He\u00dfler Maschinensysteme\",\"alternateName\":\"Dr. Christoph He\u00dfler Maschinensysteme\",\"url\":\"https:\\\/\\\/c-hessler.de\\\/\",\"logo\":{\"@type\":\"ImageObject\",\"inLanguage\":\"fr-FR\",\"@id\":\"https:\\\/\\\/c-hessler.de\\\/#\\\/schema\\\/logo\\\/image\\\/\",\"url\":\"https:\\\/\\\/c-hessler.de\\\/wp-content\\\/uploads\\\/2026\\\/02\\\/Draw-03-150312-110115-Ausgeschnitten-I.jpg\",\"contentUrl\":\"https:\\\/\\\/c-hessler.de\\\/wp-content\\\/uploads\\\/2026\\\/02\\\/Draw-03-150312-110115-Ausgeschnitten-I.jpg\",\"width\":445,\"height\":394,\"caption\":\"Dr. Christoph He\u00dfler Maschinensysteme\"},\"image\":{\"@id\":\"https:\\\/\\\/c-hessler.de\\\/#\\\/schema\\\/logo\\\/image\\\/\"},\"sameAs\":[\"https:\\\/\\\/www.facebook.com\\\/DrChristophHesslerMaschinensysteme\\\/\",\"https:\\\/\\\/www.pinterest.de\\\/hesstools\\\/\",\"https:\\\/\\\/www.youtube.com\\\/channel\\\/UCaNnXDGGF_BiYFQZ2kJgi-A?view_as=subscriber\"],\"description\":\"1. Ecken- und Kantenfr\u00e4sen f\u00fcr Tischler und Schreiner, Sonderanfertigungen 2. Auch f\u00fcr die Nachbearbeitung von Eck-Schwei\u00dfn\u00e4hten bei Aluminium-Werkstoffen, f\u00fcr Fahrzeugbauer oder Metallbauer aller Art\",\"email\":\"christoph.hessler@c-hessler.de\",\"telephone\":\"0527413012080\",\"legalName\":\"Dr. Christoph He\u00dfler Maschinensysteme\",\"foundingDate\":\"2003-06-05\",\"vatID\":\"DE230070107\",\"numberOfEmployees\":{\"@type\":\"QuantitativeValue\",\"minValue\":\"1\",\"maxValue\":\"10\"}}]}<\/script>\n<!-- \/ Yoast SEO Premium plugin. -->","yoast_head_json":{"title":"Objectif et but - Des solutions maniables pour les menuisiers et les \u00e9b\u00e9nistes","description":"Solutions pour les menuisiers et \u00e9b\u00e9nistes pour la cr\u00e9ativit\u00e9 et la personnalisation lors de l'usinage des chants et des angles gr\u00e2ce \u00e0 des syst\u00e8mes de d\u00e9fon\u00e7age sp\u00e9ciaux.","robots":{"index":"index","follow":"follow","max-snippet":"max-snippet:-1","max-image-preview":"max-image-preview:large","max-video-preview":"max-video-preview:-1"},"canonical":"https:\/\/c-hessler.de\/fr\/but-et-objectif\/","og_locale":"fr_FR","og_type":"article","og_title":"Ziel und Zweck","og_description":"L\u00f6sungen f\u00fcr Tischler und Schreiner f\u00fcr Kreativit\u00e4t und Individualisierung bei der Kantenbearbeitung und Eckenbearbeitung durch Spezial Oberfr\u00e4se Systeme.","og_url":"https:\/\/c-hessler.de\/fr\/but-et-objectif\/","og_site_name":"Dr. Christoph He\u00dfler Maschinensysteme","article_publisher":"https:\/\/www.facebook.com\/DrChristophHesslerMaschinensysteme\/","article_modified_time":"2025-12-11T15:41:52+00:00","og_image":[{"width":640,"height":480,"url":"https:\/\/c-hessler.de\/wp-content\/uploads\/2015\/04\/4er_Bild_II.jpg","type":"image\/jpeg"}],"twitter_misc":{"Dur\u00e9e de lecture estim\u00e9e":"2 minutes"},"schema":{"@context":"https:\/\/schema.org","@graph":[{"@type":"WebPage","@id":"https:\/\/c-hessler.de\/ziel-und-zweck\/","url":"https:\/\/c-hessler.de\/ziel-und-zweck\/","name":"Objectif et but - Des solutions maniables pour les menuisiers et les \u00e9b\u00e9nistes","isPartOf":{"@id":"https:\/\/c-hessler.de\/#website"},"primaryImageOfPage":{"@id":"https:\/\/c-hessler.de\/ziel-und-zweck\/#primaryimage"},"image":{"@id":"https:\/\/c-hessler.de\/ziel-und-zweck\/#primaryimage"},"thumbnailUrl":"https:\/\/c-hessler.de\/wp-content\/uploads\/2015\/04\/4er_Bild_II.jpg","datePublished":"2015-04-24T09:44:42+00:00","dateModified":"2025-12-11T15:41:52+00:00","description":"Solutions pour les menuisiers et \u00e9b\u00e9nistes pour la cr\u00e9ativit\u00e9 et la personnalisation lors de l'usinage des chants et des angles gr\u00e2ce \u00e0 des syst\u00e8mes de d\u00e9fon\u00e7age sp\u00e9ciaux.","inLanguage":"fr-FR","potentialAction":[{"@type":"ReadAction","target":["https:\/\/c-hessler.de\/ziel-und-zweck\/"]}]},{"@type":"ImageObject","inLanguage":"fr-FR","@id":"https:\/\/c-hessler.de\/ziel-und-zweck\/#primaryimage","url":"https:\/\/c-hessler.de\/wp-content\/uploads\/2015\/04\/4er_Bild_II.jpg","contentUrl":"https:\/\/c-hessler.de\/wp-content\/uploads\/2015\/04\/4er_Bild_II.jpg"},{"@type":"WebSite","@id":"https:\/\/c-hessler.de\/#website","url":"https:\/\/c-hessler.de\/","name":"www.c-hessler.de","description":"","publisher":{"@id":"https:\/\/c-hessler.de\/#organization"},"potentialAction":[{"@type":"SearchAction","target":{"@type":"EntryPoint","urlTemplate":"https:\/\/c-hessler.de\/?s={search_term_string}"},"query-input":{"@type":"PropertyValueSpecification","valueRequired":true,"valueName":"search_term_string"}}],"inLanguage":"fr-FR"},{"@type":"Organization","@id":"https:\/\/c-hessler.de\/#organization","name":"Dr. Christoph He\u00dfler Syst\u00e8mes de machines","alternateName":"Dr. Christoph He\u00dfler Maschinensysteme","url":"https:\/\/c-hessler.de\/","logo":{"@type":"ImageObject","inLanguage":"fr-FR","@id":"https:\/\/c-hessler.de\/#\/schema\/logo\/image\/","url":"https:\/\/c-hessler.de\/wp-content\/uploads\/2026\/02\/Draw-03-150312-110115-Ausgeschnitten-I.jpg","contentUrl":"https:\/\/c-hessler.de\/wp-content\/uploads\/2026\/02\/Draw-03-150312-110115-Ausgeschnitten-I.jpg","width":445,"height":394,"caption":"Dr. Christoph He\u00dfler Maschinensysteme"},"image":{"@id":"https:\/\/c-hessler.de\/#\/schema\/logo\/image\/"},"sameAs":["https:\/\/www.facebook.com\/DrChristophHesslerMaschinensysteme\/","https:\/\/www.pinterest.de\/hesstools\/","https:\/\/www.youtube.com\/channel\/UCaNnXDGGF_BiYFQZ2kJgi-A?view_as=subscriber"],"description":"1. Ecken- und Kantenfr\u00e4sen f\u00fcr Tischler und Schreiner, Sonderanfertigungen 2. Auch f\u00fcr die Nachbearbeitung von Eck-Schwei\u00dfn\u00e4hten bei Aluminium-Werkstoffen, f\u00fcr Fahrzeugbauer oder Metallbauer aller Art","email":"christoph.hessler@c-hessler.de","telephone":"0527413012080","legalName":"Dr. Christoph He\u00dfler Maschinensysteme","foundingDate":"2003-06-05","vatID":"DE230070107","numberOfEmployees":{"@type":"QuantitativeValue","minValue":"1","maxValue":"10"}}]}},"_hostinger_reach_plugin_has_subscription_block":false,"_hostinger_reach_plugin_is_elementor":false,"_links":{"self":[{"href":"https:\/\/c-hessler.de\/fr\/wp-json\/wp\/v2\/pages\/8945","targetHints":{"allow":["GET"]}}],"collection":[{"href":"https:\/\/c-hessler.de\/fr\/wp-json\/wp\/v2\/pages"}],"about":[{"href":"https:\/\/c-hessler.de\/fr\/wp-json\/wp\/v2\/types\/page"}],"author":[{"embeddable":true,"href":"https:\/\/c-hessler.de\/fr\/wp-json\/wp\/v2\/users\/5"}],"replies":[{"embeddable":true,"href":"https:\/\/c-hessler.de\/fr\/wp-json\/wp\/v2\/comments?post=8945"}],"version-history":[{"count":10,"href":"https:\/\/c-hessler.de\/fr\/wp-json\/wp\/v2\/pages\/8945\/revisions"}],"predecessor-version":[{"id":208982,"href":"https:\/\/c-hessler.de\/fr\/wp-json\/wp\/v2\/pages\/8945\/revisions\/208982"}],"wp:attachment":[{"href":"https:\/\/c-hessler.de\/fr\/wp-json\/wp\/v2\/media?parent=8945"}],"curies":[{"name":"wp","href":"https:\/\/api.w.org\/{rel}","templated":true}]}}