{"id":9216,"date":"2015-04-28T15:26:06","date_gmt":"2015-04-28T13:26:06","guid":{"rendered":"http:\/\/\/?page_id=9216"},"modified":"2025-12-17T07:44:54","modified_gmt":"2025-12-17T06:44:54","slug":"mentions-legales","status":"publish","type":"page","link":"https:\/\/c-hessler.de\/fr\/impressum\/","title":{"rendered":"Mentions l\u00e9gales"},"content":{"rendered":"<div data-elementor-type=\"wp-page\" data-elementor-id=\"9216\" class=\"elementor elementor-9216\" data-elementor-settings=\"{&quot;ha_cmc_init_switcher&quot;:&quot;no&quot;}\" data-elementor-post-type=\"page\">\n\t\t\t\t<div class=\"elementor-element elementor-element-473ee166 e-flex e-con-boxed e-con e-parent\" data-id=\"473ee166\" data-element_type=\"container\" data-e-type=\"container\" data-settings=\"{&quot;_ha_eqh_enable&quot;:false}\">\n\t\t\t\t\t<div class=\"e-con-inner\">\n\t\t\t\t<div class=\"elementor-element elementor-element-82fdf73 elementor-widget elementor-widget-text-editor\" data-id=\"82fdf73\" data-element_type=\"widget\" data-e-type=\"widget\" data-widget_type=\"text-editor.default\">\n\t\t\t\t\t\t\t\t\t<div class=\"wpb_text_column wpb_content_element\"><div class=\"wpb_wrapper\"><h1>Tout ce qui est droit<\/h1><p>\u00a0<\/p><\/div><\/div><div class=\"ww-gap gap\">\u00a0<\/div><h3><i class=\"fa fa-check\"><\/i><span class=\"title\">Informations selon \u00a7 5 TMG :<\/span><\/h3><div class=\"column_container\"><div class=\"ww-fancy-box wrapper fancy-box-style-1\"><div class=\"ww-fancy-box-content\"><p>Dr. Christoph He\u00dfler<br \/>Dr. Christoph He\u00dfler Syst\u00e8mes de machines<br \/>Sur la Ronceva 5<br \/>32312 L\u00fcbbecke<\/p><p>\u00a0<\/p><\/div><\/div><\/div><div class=\"column_container\"><div class=\"ww-fancy-box wrapper fancy-box-style-1\"><div class=\"ww-fancy-box-title\"><h3><i class=\"fa fa-check\"><\/i><span class=\"title\">Contact :<\/span><\/h3><\/div><div class=\"ww-fancy-box-content\"><p>T\u00e9l\u00e9phone : National 05741 3012080 International 00495741 3012080<br \/>T\u00e9l\u00e9copieur : 05741 296406<br \/>Courrier \u00e9lectronique : christoph.hessler@c-hessler.de<br \/>Num\u00e9ro de TVA intracommunautaire :<\/p><p>Num\u00e9ro d'identification de la taxe sur le chiffre d'affaires conform\u00e9ment au \u00a727 a de la loi sur la taxe sur le chiffre d'affaires :<br \/>FR 230070107<\/p><\/div><\/div><\/div><div class=\"column_container\"><div class=\"ww-fancy-box wrapper fancy-box-style-1\"><div class=\"ww-fancy-box-title\"><h5>\u00a0<\/h5><h5><i class=\"fa fa-check\"><\/i><span class=\"title\">Responsable du contenu selon le \u00a7 55 Abs. 2 RStV :<\/span><\/h5><\/div><div class=\"ww-fancy-box-content\"><p>Dr. Christoph He\u00dfler<br \/>Sur la Ronceva 5<br \/>32312 L\u00fcbbecke<\/p><p>Source : http:\/\/www.e-recht24.de<\/p><p>\u00a0<\/p><\/div><\/div><\/div><div class=\"column_container\"><div class=\"ww-fancy-box wrapper fancy-box-style-1\"><div class=\"ww-fancy-box-title\"><h3><i class=\"fa fa-check\"><\/i><span class=\"title\">Clause de non-responsabilit\u00e9 (Disclaimer)<\/span><\/h3><\/div><div class=\"ww-fancy-box-content\"><p>Responsabilit\u00e9 du contenu<\/p><p>En tant que prestataire de services, nous sommes responsables, conform\u00e9ment au \u00a7 7 alin\u00e9a 1 de la loi allemande sur les t\u00e9l\u00e9m\u00e9dias (TMG), de nos propres contenus sur ces pages selon les lois g\u00e9n\u00e9rales. Selon les \u00a7\u00a7 8 \u00e0 10 de la TMG, nous ne sommes toutefois pas tenus, en tant que prestataire de services, de surveiller les informations externes transmises ou enregistr\u00e9es ou de rechercher les circonstances qui indiquent une activit\u00e9 ill\u00e9gale. Les obligations de supprimer ou de bloquer l'utilisation d'informations conform\u00e9ment aux lois g\u00e9n\u00e9rales ne sont pas affect\u00e9es par cette disposition. Une responsabilit\u00e9 \u00e0 cet \u00e9gard n'est toutefois possible qu'\u00e0 partir du moment o\u00f9 une violation concr\u00e8te de la loi est connue. D\u00e8s la prise de connaissance d'une telle violation, nous supprimerons imm\u00e9diatement les contenus concern\u00e9s.<\/p><p>Responsabilit\u00e9 pour les liens<\/p><p>Notre offre contient des liens vers des sites web externes de tiers, sur le contenu desquels nous n'avons aucune influence. C'est pourquoi nous ne pouvons pas non plus nous porter garants de ces contenus externes. Le fournisseur ou l'exploitant des pages li\u00e9es est toujours responsable des contenus de ces pages. Les pages li\u00e9es ont \u00e9t\u00e9 contr\u00f4l\u00e9es au moment de la cr\u00e9ation du lien afin de v\u00e9rifier qu'elles ne pr\u00e9sentaient pas d'infraction \u00e0 la loi. Aucun contenu ill\u00e9gal n'a \u00e9t\u00e9 identifi\u00e9 au moment de la cr\u00e9ation du lien. Un contr\u00f4le permanent du contenu des pages li\u00e9es n'est cependant pas exigible sans indices concrets d'une violation de la loi. Si nous prenons connaissance d'une violation de la loi, nous supprimerons imm\u00e9diatement les liens concern\u00e9s.<\/p><p>Droit d'auteur<\/p><p>Les contenus et les \u0153uvres cr\u00e9\u00e9s par les exploitants de ces pages sont soumis au droit d'auteur allemand. La reproduction, le traitement, la diffusion et toute forme d'exploitation en dehors des limites du droit d'auteur requi\u00e8rent l'accord \u00e9crit de l'auteur ou du cr\u00e9ateur concern\u00e9. Les t\u00e9l\u00e9chargements et les copies de ce site ne sont autoris\u00e9s que pour un usage priv\u00e9 et non commercial. Dans la mesure o\u00f9 les contenus de ce site n'ont pas \u00e9t\u00e9 cr\u00e9\u00e9s par l'exploitant, les droits d'auteur de tiers sont respect\u00e9s. Les contenus de tiers sont notamment identifi\u00e9s comme tels. Si vous deviez n\u00e9anmoins constater une violation des droits d'auteur, nous vous prions de nous en informer. D\u00e8s la prise de connaissance d'une violation de la loi, nous supprimerons imm\u00e9diatement les contenus concern\u00e9s.<\/p><p>\u00a0<\/p><\/div><h3>Proc\u00e9dure de recours<\/h3><div class=\"woocommerce woocommerce-gzd woocommerce-gzd-complaints-shortcode\"><h4>R\u00e8glement alternatif des litiges conform\u00e9ment \u00e0 l'article 14, paragraphe 1, du r\u00e8glement ODR et au \u00a7 36 de la VSBG :<\/h4><p>La Commission europ\u00e9enne met \u00e0 disposition une plateforme de r\u00e8glement en ligne des litiges (RLL) que tu peux consulter \u00e0 l'adresse suivante\u00a0<a href=\"http:\/\/ec.europa.eu\/consumers\/odr\/\" target=\"_blank\" rel=\"noopener\">http:\/\/ec.europa.eu\/consumers\/odr\/<\/a> sur le site. Nous ne sommes pas tenus de participer \u00e0 une proc\u00e9dure de r\u00e8glement des litiges devant un organisme de conciliation des consommateurs et ne sommes pas dispos\u00e9s \u00e0 le faire.<\/p><\/div><\/div><\/div>\t\t\t\t\t\t\t\t<\/div>\n\t\t\t\t\t<\/div>\n\t\t\t\t<\/div>\n\t\t\t\t<\/div>","protected":false},"excerpt":{"rendered":"<p>Alles was Recht ist \u00a0 \u00a0 Angaben gem\u00e4\u00df \u00a7 5 TMG: Dr. Christoph He\u00dflerDr. Christoph He\u00dfler MaschinensystemeAn der Ronceva 532312 L\u00fcbbecke \u00a0 Kontakt: Telefon: National 05741 3012080 International 00495741 3012080Telefax: 05741 296406E-Mail: christoph.hessler@c-hessler.deUmsatzsteuer-ID: Umsatzsteuer-Identifikationsnummer gem\u00e4\u00df \u00a727 a Umsatzsteuergesetz:DE 230070107 \u00a0 Verantwortlich f\u00fcr den Inhalt nach \u00a7 55 Abs. 2 RStV: Dr. Christoph He\u00dflerAn der Ronceva [&hellip;]<\/p>\n","protected":false},"author":9,"featured_media":0,"parent":0,"menu_order":0,"comment_status":"closed","ping_status":"closed","template":"","meta":{"footnotes":""},"class_list":["post-9216","page","type-page","status-publish","hentry"],"yoast_head":"<!-- This site is optimized with the Yoast SEO Premium plugin v27.0 (Yoast SEO v27.4) - https:\/\/yoast.com\/product\/yoast-seo-premium-wordpress\/ -->\n<title>Impressum - Dr. Christoph He\u00dfler Maschinensysteme<\/title>\n<meta name=\"robots\" content=\"index, follow, max-snippet:-1, max-image-preview:large, max-video-preview:-1\" \/>\n<link rel=\"canonical\" href=\"https:\/\/c-hessler.de\/fr\/mentions-legales\/\" \/>\n<meta property=\"og:locale\" content=\"fr_FR\" \/>\n<meta property=\"og:type\" content=\"article\" \/>\n<meta property=\"og:title\" content=\"Impressum\" \/>\n<meta property=\"og:description\" content=\"Alles was Recht ist \u00a0 \u00a0 Angaben gem\u00e4\u00df \u00a7 5 TMG: Dr. Christoph He\u00dflerDr. Christoph He\u00dfler MaschinensystemeAn der Ronceva 532312 L\u00fcbbecke \u00a0 Kontakt: Telefon: National 05741 3012080 International 00495741 3012080Telefax: 05741 296406E-Mail: christoph.hessler@c-hessler.deUmsatzsteuer-ID: Umsatzsteuer-Identifikationsnummer gem\u00e4\u00df \u00a727 a Umsatzsteuergesetz:DE 230070107 \u00a0 Verantwortlich f\u00fcr den Inhalt nach \u00a7 55 Abs. 2 RStV: Dr. Christoph He\u00dflerAn der Ronceva [&hellip;]\" \/>\n<meta property=\"og:url\" content=\"https:\/\/c-hessler.de\/fr\/mentions-legales\/\" \/>\n<meta property=\"og:site_name\" content=\"Dr. Christoph He\u00dfler Maschinensysteme\" \/>\n<meta property=\"article:publisher\" content=\"https:\/\/www.facebook.com\/DrChristophHesslerMaschinensysteme\/\" \/>\n<meta property=\"article:modified_time\" content=\"2025-12-17T06:44:54+00:00\" \/>\n<meta name=\"twitter:label1\" content=\"Dur\u00e9e de lecture estim\u00e9e\" \/>\n\t<meta name=\"twitter:data1\" content=\"3 minutes\" \/>\n<script type=\"application\/ld+json\" class=\"yoast-schema-graph\">{\"@context\":\"https:\\\/\\\/schema.org\",\"@graph\":[{\"@type\":\"WebPage\",\"@id\":\"https:\\\/\\\/c-hessler.de\\\/impressum\\\/\",\"url\":\"https:\\\/\\\/c-hessler.de\\\/impressum\\\/\",\"name\":\"Impressum - Dr. Christoph He\u00dfler Maschinensysteme\",\"isPartOf\":{\"@id\":\"https:\\\/\\\/c-hessler.de\\\/#website\"},\"datePublished\":\"2015-04-28T13:26:06+00:00\",\"dateModified\":\"2025-12-17T06:44:54+00:00\",\"inLanguage\":\"fr-FR\",\"potentialAction\":[{\"@type\":\"ReadAction\",\"target\":[\"https:\\\/\\\/c-hessler.de\\\/impressum\\\/\"]}]},{\"@type\":\"WebSite\",\"@id\":\"https:\\\/\\\/c-hessler.de\\\/#website\",\"url\":\"https:\\\/\\\/c-hessler.de\\\/\",\"name\":\"www.c-hessler.de\",\"description\":\"\",\"publisher\":{\"@id\":\"https:\\\/\\\/c-hessler.de\\\/#organization\"},\"potentialAction\":[{\"@type\":\"SearchAction\",\"target\":{\"@type\":\"EntryPoint\",\"urlTemplate\":\"https:\\\/\\\/c-hessler.de\\\/?s={search_term_string}\"},\"query-input\":{\"@type\":\"PropertyValueSpecification\",\"valueRequired\":true,\"valueName\":\"search_term_string\"}}],\"inLanguage\":\"fr-FR\"},{\"@type\":\"Organization\",\"@id\":\"https:\\\/\\\/c-hessler.de\\\/#organization\",\"name\":\"Dr. Christoph He\u00dfler Maschinensysteme\",\"alternateName\":\"Dr. Christoph He\u00dfler Maschinensysteme\",\"url\":\"https:\\\/\\\/c-hessler.de\\\/\",\"logo\":{\"@type\":\"ImageObject\",\"inLanguage\":\"fr-FR\",\"@id\":\"https:\\\/\\\/c-hessler.de\\\/#\\\/schema\\\/logo\\\/image\\\/\",\"url\":\"https:\\\/\\\/c-hessler.de\\\/wp-content\\\/uploads\\\/2026\\\/02\\\/Draw-03-150312-110115-Ausgeschnitten-I.jpg\",\"contentUrl\":\"https:\\\/\\\/c-hessler.de\\\/wp-content\\\/uploads\\\/2026\\\/02\\\/Draw-03-150312-110115-Ausgeschnitten-I.jpg\",\"width\":445,\"height\":394,\"caption\":\"Dr. Christoph He\u00dfler Maschinensysteme\"},\"image\":{\"@id\":\"https:\\\/\\\/c-hessler.de\\\/#\\\/schema\\\/logo\\\/image\\\/\"},\"sameAs\":[\"https:\\\/\\\/www.facebook.com\\\/DrChristophHesslerMaschinensysteme\\\/\",\"https:\\\/\\\/www.pinterest.de\\\/hesstools\\\/\",\"https:\\\/\\\/www.youtube.com\\\/channel\\\/UCaNnXDGGF_BiYFQZ2kJgi-A?view_as=subscriber\"],\"description\":\"1. Ecken- und Kantenfr\u00e4sen f\u00fcr Tischler und Schreiner, Sonderanfertigungen 2. Auch f\u00fcr die Nachbearbeitung von Eck-Schwei\u00dfn\u00e4hten bei Aluminium-Werkstoffen, f\u00fcr Fahrzeugbauer oder Metallbauer aller Art\",\"email\":\"christoph.hessler@c-hessler.de\",\"telephone\":\"0527413012080\",\"legalName\":\"Dr. Christoph He\u00dfler Maschinensysteme\",\"foundingDate\":\"2003-06-05\",\"vatID\":\"DE230070107\",\"numberOfEmployees\":{\"@type\":\"QuantitativeValue\",\"minValue\":\"1\",\"maxValue\":\"10\"}}]}<\/script>\n<!-- \/ Yoast SEO Premium plugin. -->","yoast_head_json":{"title":"Mentions l\u00e9gales - Dr. Christoph He\u00dfler Maschinensysteme","robots":{"index":"index","follow":"follow","max-snippet":"max-snippet:-1","max-image-preview":"max-image-preview:large","max-video-preview":"max-video-preview:-1"},"canonical":"https:\/\/c-hessler.de\/fr\/mentions-legales\/","og_locale":"fr_FR","og_type":"article","og_title":"Impressum","og_description":"Alles was Recht ist \u00a0 \u00a0 Angaben gem\u00e4\u00df \u00a7 5 TMG: Dr. Christoph He\u00dflerDr. Christoph He\u00dfler MaschinensystemeAn der Ronceva 532312 L\u00fcbbecke \u00a0 Kontakt: Telefon: National 05741 3012080 International 00495741 3012080Telefax: 05741 296406E-Mail: christoph.hessler@c-hessler.deUmsatzsteuer-ID: Umsatzsteuer-Identifikationsnummer gem\u00e4\u00df \u00a727 a Umsatzsteuergesetz:DE 230070107 \u00a0 Verantwortlich f\u00fcr den Inhalt nach \u00a7 55 Abs. 2 RStV: Dr. Christoph He\u00dflerAn der Ronceva [&hellip;]","og_url":"https:\/\/c-hessler.de\/fr\/mentions-legales\/","og_site_name":"Dr. Christoph He\u00dfler Maschinensysteme","article_publisher":"https:\/\/www.facebook.com\/DrChristophHesslerMaschinensysteme\/","article_modified_time":"2025-12-17T06:44:54+00:00","twitter_misc":{"Dur\u00e9e de lecture estim\u00e9e":"3 minutes"},"schema":{"@context":"https:\/\/schema.org","@graph":[{"@type":"WebPage","@id":"https:\/\/c-hessler.de\/impressum\/","url":"https:\/\/c-hessler.de\/impressum\/","name":"Mentions l\u00e9gales - Dr. Christoph He\u00dfler Maschinensysteme","isPartOf":{"@id":"https:\/\/c-hessler.de\/#website"},"datePublished":"2015-04-28T13:26:06+00:00","dateModified":"2025-12-17T06:44:54+00:00","inLanguage":"fr-FR","potentialAction":[{"@type":"ReadAction","target":["https:\/\/c-hessler.de\/impressum\/"]}]},{"@type":"WebSite","@id":"https:\/\/c-hessler.de\/#website","url":"https:\/\/c-hessler.de\/","name":"www.c-hessler.de","description":"","publisher":{"@id":"https:\/\/c-hessler.de\/#organization"},"potentialAction":[{"@type":"SearchAction","target":{"@type":"EntryPoint","urlTemplate":"https:\/\/c-hessler.de\/?s={search_term_string}"},"query-input":{"@type":"PropertyValueSpecification","valueRequired":true,"valueName":"search_term_string"}}],"inLanguage":"fr-FR"},{"@type":"Organization","@id":"https:\/\/c-hessler.de\/#organization","name":"Dr. Christoph He\u00dfler Syst\u00e8mes de machines","alternateName":"Dr. Christoph He\u00dfler Maschinensysteme","url":"https:\/\/c-hessler.de\/","logo":{"@type":"ImageObject","inLanguage":"fr-FR","@id":"https:\/\/c-hessler.de\/#\/schema\/logo\/image\/","url":"https:\/\/c-hessler.de\/wp-content\/uploads\/2026\/02\/Draw-03-150312-110115-Ausgeschnitten-I.jpg","contentUrl":"https:\/\/c-hessler.de\/wp-content\/uploads\/2026\/02\/Draw-03-150312-110115-Ausgeschnitten-I.jpg","width":445,"height":394,"caption":"Dr. Christoph He\u00dfler Maschinensysteme"},"image":{"@id":"https:\/\/c-hessler.de\/#\/schema\/logo\/image\/"},"sameAs":["https:\/\/www.facebook.com\/DrChristophHesslerMaschinensysteme\/","https:\/\/www.pinterest.de\/hesstools\/","https:\/\/www.youtube.com\/channel\/UCaNnXDGGF_BiYFQZ2kJgi-A?view_as=subscriber"],"description":"1. Ecken- und Kantenfr\u00e4sen f\u00fcr Tischler und Schreiner, Sonderanfertigungen 2. Auch f\u00fcr die Nachbearbeitung von Eck-Schwei\u00dfn\u00e4hten bei Aluminium-Werkstoffen, f\u00fcr Fahrzeugbauer oder Metallbauer aller Art","email":"christoph.hessler@c-hessler.de","telephone":"0527413012080","legalName":"Dr. Christoph He\u00dfler Maschinensysteme","foundingDate":"2003-06-05","vatID":"DE230070107","numberOfEmployees":{"@type":"QuantitativeValue","minValue":"1","maxValue":"10"}}]}},"_hostinger_reach_plugin_has_subscription_block":false,"_hostinger_reach_plugin_is_elementor":false,"_links":{"self":[{"href":"https:\/\/c-hessler.de\/fr\/wp-json\/wp\/v2\/pages\/9216","targetHints":{"allow":["GET"]}}],"collection":[{"href":"https:\/\/c-hessler.de\/fr\/wp-json\/wp\/v2\/pages"}],"about":[{"href":"https:\/\/c-hessler.de\/fr\/wp-json\/wp\/v2\/types\/page"}],"author":[{"embeddable":true,"href":"https:\/\/c-hessler.de\/fr\/wp-json\/wp\/v2\/users\/9"}],"replies":[{"embeddable":true,"href":"https:\/\/c-hessler.de\/fr\/wp-json\/wp\/v2\/comments?post=9216"}],"version-history":[{"count":3,"href":"https:\/\/c-hessler.de\/fr\/wp-json\/wp\/v2\/pages\/9216\/revisions"}],"predecessor-version":[{"id":208813,"href":"https:\/\/c-hessler.de\/fr\/wp-json\/wp\/v2\/pages\/9216\/revisions\/208813"}],"wp:attachment":[{"href":"https:\/\/c-hessler.de\/fr\/wp-json\/wp\/v2\/media?parent=9216"}],"curies":[{"name":"wp","href":"https:\/\/api.w.org\/{rel}","templated":true}]}}