{"id":10347,"date":"2016-02-23T21:04:44","date_gmt":"2016-02-23T20:04:44","guid":{"rendered":"https:\/\/c-hessler.de\/?post_type=product&#038;p=10347"},"modified":"2025-12-15T17:49:11","modified_gmt":"2025-12-15T16:49:11","slug":"fraiseuse-de-bordures-legere-premium-kf-400","status":"publish","type":"product","link":"https:\/\/c-hessler.de\/fr\/shop\/leichte-premium-kantenfraese-kf-400\/","title":{"rendered":"Fraiseuse de chants l\u00e9g\u00e8re haut de gamme KF 400 TOP"},"content":{"rendered":"<div class=\"wp-block-columns are-vertically-aligned-center is-layout-flex wp-container-core-columns-is-layout-28f84493 wp-block-columns-is-layout-flex\">\n<div class=\"wp-block-column is-layout-flow wp-block-column-is-layout-flow\">\n<figure class=\"wp-block-boldblocks-youtube-block\"><div id=\"yb-video-MM6q6c1a8gE\" class=\"yb-player\" data-video-id=\"MM6q6c1a8gE\" data-title=\"Play\" style=\"background-image:url(https:\/\/img.youtube.com\/vi\/MM6q6c1a8gE\/hqdefault.jpg)\"><button type=\"button\" class=\"yb-btn-play\"><span class=\"visually-hidden\">Jouer<\/span><\/button><\/div><figcaption class=\"yb-caption\">Chanfreineuse pneumatique KF 400 TOP<\/figcaption><\/figure>\n<\/div>\n\n\n\n<div class=\"wp-block-column is-vertically-aligned-center is-layout-flow wp-block-column-is-layout-flow\" style=\"flex-basis:60%\">\n<p class=\"title has-text-color\" style=\"color:#131315\"><strong>Fraiseuse de chants l\u00e9g\u00e8re de premi\u00e8re qualit\u00e9 pour un travail pr\u00e9cis du bois et du plastique<\/strong><\/p>\n\n\n\n<p>Leicht und robust, optimal zum Kantenbrechen und f\u00fcr Radius und Fase bis 2 mm.&nbsp; \u00c4hnlich zur fr\u00fcheren Lamellofr\u00e4se. F\u00fcr Schaft 6 mm.&nbsp; M\u00f6chten Sie mehr Leistung und Schaft 8 mm, gibt es die&nbsp;<a href=\"https:\/\/c-hessler.de\/fr\/boutique\/fraiseuse-de-bords-a-air-comprime-kf-400-iii\/\">KF 400 III&nbsp;<\/a>.<\/p>\n\n\n\n<p class=\"title has-text-color\" style=\"color:#131315\">Tr\u00e8s bonne rotation, moteur industriel allemand \u00e0 air comprim\u00e9 de haute qualit\u00e9. La fraiseuse de chants Premium est \u00e9quip\u00e9e d'un tuyau d'arriv\u00e9e et d'\u00e9vacuation d'air int\u00e9gr\u00e9. Elle est livr\u00e9e avec une fraise R2 ou Fase de haute qualit\u00e9, mont\u00e9e et test\u00e9e.<br>Extr\u00eamement l\u00e9ger et maniable : seulement 0,58 kg \u00e0 la t\u00eate de la fraise<\/p>\n<\/div>\n<\/div>\n\n\n\n<div style=\"height:122px\" aria-hidden=\"true\" class=\"wp-block-spacer\"><\/div>\n\n\n\n<div class=\"wp-block-columns are-vertically-aligned-center is-layout-flex wp-container-core-columns-is-layout-28f84493 wp-block-columns-is-layout-flex\">\n<div class=\"wp-block-column is-vertically-aligned-center is-layout-flow wp-block-column-is-layout-flow\">\n<h2 class=\"wp-block-heading title has-text-color\" id=\"h-merkmale-zum-system\" style=\"color:#131315\"><strong>Caract\u00e9ristiques du syst\u00e8me<\/strong><\/h2>\n\n\n\n<h5 class=\"wp-block-heading title has-text-color\" id=\"h-anwendungsgebiet\" style=\"color:#131315\">Domaine d'application<\/h5>\n\n\n\n<p class=\"title has-text-color\" style=\"color:#131315\">La fraiseuse de chants premium l\u00e9g\u00e8re pour un travail pr\u00e9cis du bois est tr\u00e8s facile \u00e0 manier. Son domaine d'application typique est le rompage de chants, le chanfreinage ou l'arrondissement de bandes de chants en plastique d\u00e9j\u00e0 frais\u00e9es \u00e0 fleur ou de panneaux de bois. Son rendement est inf\u00e9rieur \u00e0 celui d'une grande affleureuse. La limite de performance est atteinte pour un chant en plastique ABS de 2 mm d'\u00e9paisseur, lorsque celui-ci est arrondi avec une nouvelle fraise R2.<\/p>\n\n\n\n<h5 class=\"wp-block-heading\" id=\"h-funktion-und-bedienung\">Fonctionnement et utilisation<\/h5>\n\n\n\n<p>Sa maniabilit\u00e9 est in\u00e9gal\u00e9e. Comme la fraiseuse de bords n'a pas besoin de batterie ni de moteur \u00e9lectrique, il n'est pas non plus n\u00e9cessaire de d\u00e9placer leur poids.<\/p>\n\n\n\n<p>Le meilleur moyen de savoir ce que signifie r\u00e9ellement le KF 400 TOP est de le toucher soi-m\u00eame. Pour cela, nous proposons aux utilisateurs professionnels un test gratuit et sans engagement.<\/p>\n\n\n\n<h5 class=\"wp-block-heading\" id=\"h-preis\">Prix<\/h5>\n\n\n\n<ul class=\"wp-block-list\">\n<li>1 semaine d'essai gratuit et sans engagement<\/li>\n\n\n\n<li>Prix voir ci-dessus<\/li>\n<\/ul>\n\n\n\n<h5 class=\"wp-block-heading\" id=\"h-technische-voraussetzungen\">Conditions techniques<\/h5>\n\n\n\n<p>La fraise l\u00e9g\u00e8re peut recevoir des fraises avec une tige de 6 mm.<\/p>\n\n\n\n<p>Pour le fonctionnement, il est n\u00e9cessaire d'ajouter r\u00e9guli\u00e8rement de l'huile pour appareils \u00e0 air comprim\u00e9. En cas d'utilisation sporadique, cela peut se faire en versant l'huile directement dans le r\u00e9servoir.<br>Le nettoyage doit \u00eatre effectu\u00e9 \u00e0 l'aide d'une fiche de raccordement d'air comprim\u00e9 ou, en cas de fonctionnement continu, par une unit\u00e9 d'entretien r\u00e9gl\u00e9e sur 1 goutte d'huile par minute.<\/p>\n\n\n\n<h5 class=\"wp-block-heading\" id=\"h-lieferumfang\">Contenu de la livraison<\/h5>\n\n\n\n<p>Le KF 400 TOP est livr\u00e9 avec un tuyau d'arriv\u00e9e d'air et un tuyau d'\u00e9vacuation d'air. Le tuyau d'\u00e9vacuation d'air entoure le tuyau d'arriv\u00e9e d'air comprim\u00e9 sous forme de gaine flexible et \u00e9vacue l'air du lieu de travail.<\/p>\n\n\n\n<p>Un effet suppl\u00e9mentaire du tuyau d'\u00e9vacuation d'air est la r\u00e9duction du bruit. La fraiseuse de chants premium KF 400 TOP est plus silencieuse qu'une d\u00e9fonceuse \u00e9lectrique ou une fraiseuse de chants \u00e9lectrique.<\/p>\n<\/div>\n\n\n\n<div class=\"wp-block-column is-vertically-aligned-center is-layout-flow wp-block-column-is-layout-flow\" style=\"flex-basis:60%\">\n<figure class=\"wp-block-image size-full is-resized\"><img fetchpriority=\"high\" decoding=\"async\" width=\"573\" height=\"265\" src=\"https:\/\/c-hessler.de\/wp-content\/uploads\/2014\/04\/kf400-produktseite.jpg\" alt=\"Fraises l\u00e9g\u00e8res pour arrondir et chanfreiner les chants KF 400 TOP\" class=\"wp-image-8301\" style=\"width:579px;height:auto\" srcset=\"https:\/\/c-hessler.de\/wp-content\/uploads\/2014\/04\/kf400-produktseite.jpg 573w, https:\/\/c-hessler.de\/wp-content\/uploads\/2014\/04\/kf400-produktseite-150x69.jpg 150w, https:\/\/c-hessler.de\/wp-content\/uploads\/2014\/04\/kf400-produktseite-510x236.jpg 510w, https:\/\/c-hessler.de\/wp-content\/uploads\/2014\/04\/kf400-produktseite-300x139.jpg 300w\" sizes=\"(max-width: 573px) 100vw, 573px\" \/><figcaption class=\"wp-element-caption\">Fraises l\u00e9g\u00e8res pour arrondir et chanfreiner les chants KF 400 TOP<\/figcaption><\/figure>\n\n\n\n<figure class=\"wp-block-image size-full\"><img decoding=\"async\" width=\"577\" height=\"433\" src=\"https:\/\/c-hessler.de\/wp-content\/uploads\/2023\/05\/P1010008.png\" alt=\"\" class=\"wp-image-206540\" srcset=\"https:\/\/c-hessler.de\/wp-content\/uploads\/2023\/05\/P1010008.png 577w, https:\/\/c-hessler.de\/wp-content\/uploads\/2023\/05\/P1010008-300x225.png 300w, https:\/\/c-hessler.de\/wp-content\/uploads\/2023\/05\/P1010008-510x382.png 510w, https:\/\/c-hessler.de\/wp-content\/uploads\/2023\/05\/P1010008-480x360.png 480w, https:\/\/c-hessler.de\/wp-content\/uploads\/2023\/05\/P1010008-150x113.png 150w\" sizes=\"(max-width: 577px) 100vw, 577px\" \/><figcaption class=\"wp-element-caption\">Kantenfr\u00e4se KF 400 TOP Druckluft im Gr\u00f6\u00dfenvergleich mit einer Hand<\/figcaption><\/figure>\n\n\n\n<figure class=\"wp-block-image size-full is-resized\"><img decoding=\"async\" width=\"730\" height=\"547\" src=\"https:\/\/c-hessler.de\/wp-content\/uploads\/2014\/04\/143aae720ac.jpg\" alt=\"Le moteur de la fraiseuse de chants premium est \u00e0 peine plus grand qu&#039;un stylo \u00e0 bille.\" class=\"wp-image-8307\" style=\"width:578px;height:auto\" srcset=\"https:\/\/c-hessler.de\/wp-content\/uploads\/2014\/04\/143aae720ac.jpg 730w, https:\/\/c-hessler.de\/wp-content\/uploads\/2014\/04\/143aae720ac-150x112.jpg 150w, https:\/\/c-hessler.de\/wp-content\/uploads\/2014\/04\/143aae720ac-510x382.jpg 510w, https:\/\/c-hessler.de\/wp-content\/uploads\/2014\/04\/143aae720ac-300x225.jpg 300w\" sizes=\"(max-width: 730px) 100vw, 730px\" \/><figcaption class=\"wp-element-caption\">Le moteur de la fraiseuse de chants premium est \u00e0 peine plus grand qu'un stylo \u00e0 bille.<\/figcaption><\/figure>\n\n\n\n<p><\/p>\n<\/div>\n<\/div>\n\n\n\n<div style=\"height:30px\" aria-hidden=\"true\" class=\"wp-block-spacer\"><\/div>","protected":false},"excerpt":{"rendered":"<p class=\"western\">La fraiseuse de chants compacte KF 400 TOP est dot\u00e9e d'un moteur pneumatique et est particuli\u00e8rement<b> silencieux<\/b> et<b> l\u00e9ger. <\/b>Elle a donc mis en place une <b>tr\u00e8s bonne maniabilit\u00e9<\/b>. Elle convient tr\u00e8s bien pour les travaux l\u00e9gers d'\u00e9bavurage\/de chanfreinage\/d'arrondissement dans le travail du bois et des mati\u00e8res plastiques, par ex. pour le plexiglas. Similaire \u00e0 l'ancienne Lamello Profila Pro, plus l\u00e9g\u00e8re et plus silencieuse. Avec moteur industriel allemand \u00e0 air comprim\u00e9.<\/p>\n<p>Avec le KF 400 TOP, vous obtenez un <strong>Produit phare<\/strong> concernant <strong>Maniabilit\u00e9<\/strong> et <strong>R\u00e9duction du bruit<\/strong>. Nous n'avons pas connaissance d'une affleureuse plus l\u00e9g\u00e8re et plus silencieuse.<\/p>","protected":false},"featured_media":10501,"comment_status":"open","ping_status":"closed","template":"","meta":[],"product_brand":[],"product_cat":[58],"product_tag":[38,45,40],"class_list":{"0":"post-10347","1":"product","2":"type-product","3":"status-publish","4":"has-post-thumbnail","6":"product_cat-handgefuehrte-maschinen","7":"product_tag-handgefuehrt","8":"product_tag-kanten","9":"product_tag-pneumatischer-antrieb","11":"first","12":"instock","13":"taxable","14":"shipping-taxable","15":"purchasable","16":"product-type-simple"},"yoast_head":"<!-- This site is optimized with the Yoast SEO Premium plugin v27.0 (Yoast SEO v27.4) - https:\/\/yoast.com\/product\/yoast-seo-premium-wordpress\/ -->\n<title>Leichte Premium-Kantenfr\u00e4se f\u00fcr pr\u00e4zise Holzbearbeitung<\/title>\n<meta name=\"description\" content=\"Entdecke die leichte Premium-Kantenfr\u00e4se f\u00fcr pr\u00e4zise Holzbearbeitung und Kunststoffbearbeitung. Optimal f\u00fcr Radius und Fase.\" \/>\n<meta name=\"robots\" content=\"index, follow, max-snippet:-1, max-image-preview:large, max-video-preview:-1\" \/>\n<link rel=\"canonical\" href=\"https:\/\/c-hessler.de\/fr\/boutique\/fraiseuse-de-bordures-legere-premium-kf-400\/\" \/>\n<meta property=\"og:locale\" content=\"fr_FR\" \/>\n<meta property=\"og:type\" content=\"article\" \/>\n<meta property=\"og:title\" content=\"Leichte Premium-Kantenfr\u00e4se KF 400 TOP\" \/>\n<meta property=\"og:description\" content=\"Entdecke die leichte Premium-Kantenfr\u00e4se f\u00fcr pr\u00e4zise Holzbearbeitung und Kunststoffbearbeitung. Optimal f\u00fcr Radius und Fase.\" \/>\n<meta property=\"og:url\" content=\"https:\/\/c-hessler.de\/fr\/boutique\/fraiseuse-de-bordures-legere-premium-kf-400\/\" \/>\n<meta property=\"og:site_name\" content=\"Dr. Christoph He\u00dfler Maschinensysteme\" \/>\n<meta property=\"article:publisher\" content=\"https:\/\/www.facebook.com\/DrChristophHesslerMaschinensysteme\/\" \/>\n<meta property=\"article:modified_time\" content=\"2025-12-15T16:49:11+00:00\" \/>\n<meta property=\"og:image\" content=\"https:\/\/c-hessler.de\/wp-content\/uploads\/2016\/02\/IMG_6556_DxO-e1741974693488.jpg\" \/>\n\t<meta property=\"og:image:width\" content=\"1500\" \/>\n\t<meta property=\"og:image:height\" content=\"1199\" \/>\n\t<meta property=\"og:image:type\" content=\"image\/jpeg\" \/>\n<meta name=\"twitter:label1\" content=\"Prix\" \/>\n\t<meta name=\"twitter:data1\" content=\"490,00&nbsp;&euro; ohne MwSt.\" \/>\n\t<meta name=\"twitter:label2\" content=\"Disponibilit\u00e9\" \/>\n\t<meta name=\"twitter:data2\" content=\"En stock\" \/>\n<script type=\"application\/ld+json\" class=\"yoast-schema-graph\">{\"@context\":\"https:\\\/\\\/schema.org\",\"@graph\":[{\"@type\":\"WebPage\",\"@id\":\"https:\\\/\\\/c-hessler.de\\\/shop\\\/leichte-premium-kantenfraese-kf-400\\\/\",\"url\":\"https:\\\/\\\/c-hessler.de\\\/shop\\\/leichte-premium-kantenfraese-kf-400\\\/\",\"name\":\"Leichte Premium-Kantenfr\u00e4se f\u00fcr pr\u00e4zise Holzbearbeitung\",\"isPartOf\":{\"@id\":\"https:\\\/\\\/c-hessler.de\\\/#website\"},\"primaryImageOfPage\":{\"@id\":\"https:\\\/\\\/c-hessler.de\\\/shop\\\/leichte-premium-kantenfraese-kf-400\\\/#primaryimage\"},\"image\":{\"@id\":\"https:\\\/\\\/c-hessler.de\\\/shop\\\/leichte-premium-kantenfraese-kf-400\\\/#primaryimage\"},\"thumbnailUrl\":\"https:\\\/\\\/c-hessler.de\\\/wp-content\\\/uploads\\\/2016\\\/02\\\/IMG_6556_DxO-e1741974693488.jpg\",\"datePublished\":\"2016-02-23T20:04:44+00:00\",\"dateModified\":\"2025-12-15T16:49:11+00:00\",\"description\":\"Entdecke die leichte Premium-Kantenfr\u00e4se f\u00fcr pr\u00e4zise Holzbearbeitung und Kunststoffbearbeitung. Optimal f\u00fcr Radius und Fase.\",\"breadcrumb\":{\"@id\":\"https:\\\/\\\/c-hessler.de\\\/shop\\\/leichte-premium-kantenfraese-kf-400\\\/#breadcrumb\"},\"inLanguage\":\"fr-FR\",\"potentialAction\":[{\"@type\":\"ReadAction\",\"target\":[\"https:\\\/\\\/c-hessler.de\\\/shop\\\/leichte-premium-kantenfraese-kf-400\\\/\"]}]},{\"@type\":\"ImageObject\",\"inLanguage\":\"fr-FR\",\"@id\":\"https:\\\/\\\/c-hessler.de\\\/shop\\\/leichte-premium-kantenfraese-kf-400\\\/#primaryimage\",\"url\":\"https:\\\/\\\/c-hessler.de\\\/wp-content\\\/uploads\\\/2016\\\/02\\\/IMG_6556_DxO-e1741974693488.jpg\",\"contentUrl\":\"https:\\\/\\\/c-hessler.de\\\/wp-content\\\/uploads\\\/2016\\\/02\\\/IMG_6556_DxO-e1741974693488.jpg\",\"width\":1500,\"height\":1199,\"caption\":\"Gewicht ohne Schlauch mit Teller und Fr\u00e4ser wie abgebildet: 0,58 kg\"},{\"@type\":\"BreadcrumbList\",\"@id\":\"https:\\\/\\\/c-hessler.de\\\/shop\\\/leichte-premium-kantenfraese-kf-400\\\/#breadcrumb\",\"itemListElement\":[{\"@type\":\"ListItem\",\"position\":1,\"name\":\"Produkte\",\"item\":\"https:\\\/\\\/c-hessler.de\\\/produkte\\\/\"},{\"@type\":\"ListItem\",\"position\":2,\"name\":\"Leichte Premium-Kantenfr\u00e4se KF 400 TOP\"}]},{\"@type\":\"WebSite\",\"@id\":\"https:\\\/\\\/c-hessler.de\\\/#website\",\"url\":\"https:\\\/\\\/c-hessler.de\\\/\",\"name\":\"www.c-hessler.de\",\"description\":\"\",\"publisher\":{\"@id\":\"https:\\\/\\\/c-hessler.de\\\/#organization\"},\"potentialAction\":[{\"@type\":\"SearchAction\",\"target\":{\"@type\":\"EntryPoint\",\"urlTemplate\":\"https:\\\/\\\/c-hessler.de\\\/?s={search_term_string}\"},\"query-input\":{\"@type\":\"PropertyValueSpecification\",\"valueRequired\":true,\"valueName\":\"search_term_string\"}}],\"inLanguage\":\"fr-FR\"},{\"@type\":\"Organization\",\"@id\":\"https:\\\/\\\/c-hessler.de\\\/#organization\",\"name\":\"Dr. Christoph He\u00dfler Maschinensysteme\",\"alternateName\":\"Dr. Christoph He\u00dfler Maschinensysteme\",\"url\":\"https:\\\/\\\/c-hessler.de\\\/\",\"logo\":{\"@type\":\"ImageObject\",\"inLanguage\":\"fr-FR\",\"@id\":\"https:\\\/\\\/c-hessler.de\\\/#\\\/schema\\\/logo\\\/image\\\/\",\"url\":\"https:\\\/\\\/c-hessler.de\\\/wp-content\\\/uploads\\\/2026\\\/02\\\/Draw-03-150312-110115-Ausgeschnitten-I.jpg\",\"contentUrl\":\"https:\\\/\\\/c-hessler.de\\\/wp-content\\\/uploads\\\/2026\\\/02\\\/Draw-03-150312-110115-Ausgeschnitten-I.jpg\",\"width\":445,\"height\":394,\"caption\":\"Dr. Christoph He\u00dfler Maschinensysteme\"},\"image\":{\"@id\":\"https:\\\/\\\/c-hessler.de\\\/#\\\/schema\\\/logo\\\/image\\\/\"},\"sameAs\":[\"https:\\\/\\\/www.facebook.com\\\/DrChristophHesslerMaschinensysteme\\\/\",\"https:\\\/\\\/www.pinterest.de\\\/hesstools\\\/\",\"https:\\\/\\\/www.youtube.com\\\/channel\\\/UCaNnXDGGF_BiYFQZ2kJgi-A?view_as=subscriber\"],\"description\":\"1. Ecken- und Kantenfr\u00e4sen f\u00fcr Tischler und Schreiner, Sonderanfertigungen 2. Auch f\u00fcr die Nachbearbeitung von Eck-Schwei\u00dfn\u00e4hten bei Aluminium-Werkstoffen, f\u00fcr Fahrzeugbauer oder Metallbauer aller Art\",\"email\":\"christoph.hessler@c-hessler.de\",\"telephone\":\"0527413012080\",\"legalName\":\"Dr. Christoph He\u00dfler Maschinensysteme\",\"foundingDate\":\"2003-06-05\",\"vatID\":\"DE230070107\",\"numberOfEmployees\":{\"@type\":\"QuantitativeValue\",\"minValue\":\"1\",\"maxValue\":\"10\"}}]}<\/script>\n<meta property=\"product:price:amount\" content=\"490.00\" \/>\n<meta property=\"product:price:currency\" content=\"EUR\" \/>\n<meta property=\"og:availability\" content=\"instock\" \/>\n<meta property=\"product:availability\" content=\"instock\" \/>\n<meta property=\"product:retailer_item_id\" content=\"leichte-premium-kantenfraese-kf-400\" \/>\n<meta property=\"product:condition\" content=\"new\" \/>\n<!-- \/ Yoast SEO Premium plugin. -->","yoast_head_json":{"title":"Fraiseuse de chants l\u00e9g\u00e8re et de qualit\u00e9 sup\u00e9rieure pour un travail pr\u00e9cis du bois","description":"D\u00e9couvre la fraiseuse d'ar\u00eates l\u00e9g\u00e8re haut de gamme pour un travail pr\u00e9cis du bois et du plastique. Optimale pour les rayons et les chanfreins.","robots":{"index":"index","follow":"follow","max-snippet":"max-snippet:-1","max-image-preview":"max-image-preview:large","max-video-preview":"max-video-preview:-1"},"canonical":"https:\/\/c-hessler.de\/fr\/boutique\/fraiseuse-de-bordures-legere-premium-kf-400\/","og_locale":"fr_FR","og_type":"article","og_title":"Leichte Premium-Kantenfr\u00e4se KF 400 TOP","og_description":"Entdecke die leichte Premium-Kantenfr\u00e4se f\u00fcr pr\u00e4zise Holzbearbeitung und Kunststoffbearbeitung. Optimal f\u00fcr Radius und Fase.","og_url":"https:\/\/c-hessler.de\/fr\/boutique\/fraiseuse-de-bordures-legere-premium-kf-400\/","og_site_name":"Dr. Christoph He\u00dfler Maschinensysteme","article_publisher":"https:\/\/www.facebook.com\/DrChristophHesslerMaschinensysteme\/","article_modified_time":"2025-12-15T16:49:11+00:00","og_image":[{"width":1500,"height":1199,"url":"https:\/\/c-hessler.de\/wp-content\/uploads\/2016\/02\/IMG_6556_DxO-e1741974693488.jpg","type":"image\/jpeg"}],"twitter_misc":{"Prix":"490,00&nbsp;&euro; ohne MwSt.","Disponibilit\u00e9":"En stock"},"schema":{"@context":"https:\/\/schema.org","@graph":[{"@type":"WebPage","@id":"https:\/\/c-hessler.de\/shop\/leichte-premium-kantenfraese-kf-400\/","url":"https:\/\/c-hessler.de\/shop\/leichte-premium-kantenfraese-kf-400\/","name":"Fraiseuse de chants l\u00e9g\u00e8re et de qualit\u00e9 sup\u00e9rieure pour un travail pr\u00e9cis du bois","isPartOf":{"@id":"https:\/\/c-hessler.de\/#website"},"primaryImageOfPage":{"@id":"https:\/\/c-hessler.de\/shop\/leichte-premium-kantenfraese-kf-400\/#primaryimage"},"image":{"@id":"https:\/\/c-hessler.de\/shop\/leichte-premium-kantenfraese-kf-400\/#primaryimage"},"thumbnailUrl":"https:\/\/c-hessler.de\/wp-content\/uploads\/2016\/02\/IMG_6556_DxO-e1741974693488.jpg","datePublished":"2016-02-23T20:04:44+00:00","dateModified":"2025-12-15T16:49:11+00:00","description":"D\u00e9couvre la fraiseuse d'ar\u00eates l\u00e9g\u00e8re haut de gamme pour un travail pr\u00e9cis du bois et du plastique. Optimale pour les rayons et les chanfreins.","breadcrumb":{"@id":"https:\/\/c-hessler.de\/shop\/leichte-premium-kantenfraese-kf-400\/#breadcrumb"},"inLanguage":"fr-FR","potentialAction":[{"@type":"ReadAction","target":["https:\/\/c-hessler.de\/shop\/leichte-premium-kantenfraese-kf-400\/"]}]},{"@type":"ImageObject","inLanguage":"fr-FR","@id":"https:\/\/c-hessler.de\/shop\/leichte-premium-kantenfraese-kf-400\/#primaryimage","url":"https:\/\/c-hessler.de\/wp-content\/uploads\/2016\/02\/IMG_6556_DxO-e1741974693488.jpg","contentUrl":"https:\/\/c-hessler.de\/wp-content\/uploads\/2016\/02\/IMG_6556_DxO-e1741974693488.jpg","width":1500,"height":1199,"caption":"Gewicht ohne Schlauch mit Teller und Fr\u00e4ser wie abgebildet: 0,58 kg"},{"@type":"BreadcrumbList","@id":"https:\/\/c-hessler.de\/shop\/leichte-premium-kantenfraese-kf-400\/#breadcrumb","itemListElement":[{"@type":"ListItem","position":1,"name":"Produkte","item":"https:\/\/c-hessler.de\/produkte\/"},{"@type":"ListItem","position":2,"name":"Leichte Premium-Kantenfr\u00e4se KF 400 TOP"}]},{"@type":"WebSite","@id":"https:\/\/c-hessler.de\/#website","url":"https:\/\/c-hessler.de\/","name":"www.c-hessler.de","description":"","publisher":{"@id":"https:\/\/c-hessler.de\/#organization"},"potentialAction":[{"@type":"SearchAction","target":{"@type":"EntryPoint","urlTemplate":"https:\/\/c-hessler.de\/?s={search_term_string}"},"query-input":{"@type":"PropertyValueSpecification","valueRequired":true,"valueName":"search_term_string"}}],"inLanguage":"fr-FR"},{"@type":"Organization","@id":"https:\/\/c-hessler.de\/#organization","name":"Dr. Christoph He\u00dfler Syst\u00e8mes de machines","alternateName":"Dr. Christoph He\u00dfler Maschinensysteme","url":"https:\/\/c-hessler.de\/","logo":{"@type":"ImageObject","inLanguage":"fr-FR","@id":"https:\/\/c-hessler.de\/#\/schema\/logo\/image\/","url":"https:\/\/c-hessler.de\/wp-content\/uploads\/2026\/02\/Draw-03-150312-110115-Ausgeschnitten-I.jpg","contentUrl":"https:\/\/c-hessler.de\/wp-content\/uploads\/2026\/02\/Draw-03-150312-110115-Ausgeschnitten-I.jpg","width":445,"height":394,"caption":"Dr. Christoph He\u00dfler Maschinensysteme"},"image":{"@id":"https:\/\/c-hessler.de\/#\/schema\/logo\/image\/"},"sameAs":["https:\/\/www.facebook.com\/DrChristophHesslerMaschinensysteme\/","https:\/\/www.pinterest.de\/hesstools\/","https:\/\/www.youtube.com\/channel\/UCaNnXDGGF_BiYFQZ2kJgi-A?view_as=subscriber"],"description":"1. Ecken- und Kantenfr\u00e4sen f\u00fcr Tischler und Schreiner, Sonderanfertigungen 2. Auch f\u00fcr die Nachbearbeitung von Eck-Schwei\u00dfn\u00e4hten bei Aluminium-Werkstoffen, f\u00fcr Fahrzeugbauer oder Metallbauer aller Art","email":"christoph.hessler@c-hessler.de","telephone":"0527413012080","legalName":"Dr. Christoph He\u00dfler Maschinensysteme","foundingDate":"2003-06-05","vatID":"DE230070107","numberOfEmployees":{"@type":"QuantitativeValue","minValue":"1","maxValue":"10"}}]},"product_price_amount":"490.00","product_price_currency":"EUR","og_availability":"instock","product_availability":"instock","product_retailer_item_id":"leichte-premium-kantenfraese-kf-400","product_condition":"new"},"_links":{"self":[{"href":"https:\/\/c-hessler.de\/fr\/wp-json\/wp\/v2\/product\/10347","targetHints":{"allow":["GET"]}}],"collection":[{"href":"https:\/\/c-hessler.de\/fr\/wp-json\/wp\/v2\/product"}],"about":[{"href":"https:\/\/c-hessler.de\/fr\/wp-json\/wp\/v2\/types\/product"}],"replies":[{"embeddable":true,"href":"https:\/\/c-hessler.de\/fr\/wp-json\/wp\/v2\/comments?post=10347"}],"wp:featuredmedia":[{"embeddable":true,"href":"https:\/\/c-hessler.de\/fr\/wp-json\/wp\/v2\/media\/10501"}],"wp:attachment":[{"href":"https:\/\/c-hessler.de\/fr\/wp-json\/wp\/v2\/media?parent=10347"}],"wp:term":[{"taxonomy":"product_brand","embeddable":true,"href":"https:\/\/c-hessler.de\/fr\/wp-json\/wp\/v2\/product_brand?post=10347"},{"taxonomy":"product_cat","embeddable":true,"href":"https:\/\/c-hessler.de\/fr\/wp-json\/wp\/v2\/product_cat?post=10347"},{"taxonomy":"product_tag","embeddable":true,"href":"https:\/\/c-hessler.de\/fr\/wp-json\/wp\/v2\/product_tag?post=10347"}],"curies":[{"name":"wp","href":"https:\/\/api.w.org\/{rel}","templated":true}]}}