{"id":10900,"date":"2017-12-06T00:43:22","date_gmt":"2017-12-05T23:43:22","guid":{"rendered":"https:\/\/c-hessler.de\/?post_type=product&#038;p=10900"},"modified":"2025-12-10T15:10:02","modified_gmt":"2025-12-10T14:10:02","slug":"systeme-dangle-arrondi-ecko-vz-100-90f-mfk-1","status":"publish","type":"product","link":"https:\/\/c-hessler.de\/fr\/shop\/eckenrunder-system-ecko-vz-100-90f-mfk-1\/","title":{"rendered":"Syst\u00e8me d'arrondissement des angles Ecko VZ 100 90F MFK 1"},"content":{"rendered":"<p><\/p>\n\n\n\n<div class=\"wp-block-columns are-vertically-aligned-center is-layout-flex wp-container-core-columns-is-layout-28f84493 wp-block-columns-is-layout-flex\">\n<div class=\"wp-block-column is-vertically-aligned-center is-layout-flow wp-block-column-is-layout-flow\">\n<p class=\"title has-text-color\" style=\"color:#131315\">R\u00e9ussir l'arrondissement des angles avec le syst\u00e8me Ecko<\/p>\n\n\n\n<ul class=\"wp-block-list\">\n<li>Avec but\u00e9e r\u00e9glable pour \u00e9viter les bosses de pivotement<\/li>\n\n\n\n<li>Fabriqu\u00e9 avec pr\u00e9cision pour un arrondi pr\u00e9cis<\/li>\n\n\n\n<li>protection contre toute intervention dans la fraise autrement ouverte<\/li>\n<\/ul>\n<\/div>\n\n\n\n<div class=\"wp-block-column is-vertically-aligned-center is-layout-flow wp-block-column-is-layout-flow\" style=\"flex-basis:60%\">\n<figure class=\"wp-block-boldblocks-youtube-block\"><div id=\"yb-video-UqnwIqwS_JI\" class=\"yb-player\" data-video-id=\"UqnwIqwS_JI\" data-title=\"Play\" style=\"background-image:url(https:\/\/img.youtube.com\/vi\/UqnwIqwS_JI\/hqdefault.jpg)\"><button type=\"button\" class=\"yb-btn-play\"><span class=\"visually-hidden\">Jouer<\/span><\/button><\/div><\/figure>\n\n\n\n<p><\/p>\n<\/div>\n<\/div>\n\n\n\n<div style=\"height:30px\" aria-hidden=\"true\" class=\"wp-block-spacer\"><\/div>\n\n\n\n<div class=\"wp-block-columns are-vertically-aligned-center is-layout-flex wp-container-core-columns-is-layout-28f84493 wp-block-columns-is-layout-flex\">\n<div class=\"wp-block-column is-layout-flow wp-block-column-is-layout-flow\">\n<div class=\"wp-block-columns is-layout-flex wp-container-core-columns-is-layout-28f84493 wp-block-columns-is-layout-flex\">\n<div class=\"wp-block-column is-layout-flow wp-block-column-is-layout-flow\">\n<figure class=\"wp-block-image size-full is-resized\"><img fetchpriority=\"high\" decoding=\"async\" width=\"585\" height=\"669\" src=\"https:\/\/c-hessler.de\/wp-content\/uploads\/2017\/12\/Werkst\u00fcck-vorher.jpg\" alt=\"Bord 2mm avant l&#039;arrondi\" class=\"wp-image-10895\" style=\"aspect-ratio:0.9716885743174924;width:700px;height:auto\" srcset=\"https:\/\/c-hessler.de\/wp-content\/uploads\/2017\/12\/Werkst\u00fcck-vorher.jpg 585w, https:\/\/c-hessler.de\/wp-content\/uploads\/2017\/12\/Werkst\u00fcck-vorher-150x172.jpg 150w, https:\/\/c-hessler.de\/wp-content\/uploads\/2017\/12\/Werkst\u00fcck-vorher-510x583.jpg 510w, https:\/\/c-hessler.de\/wp-content\/uploads\/2017\/12\/Werkst\u00fcck-vorher-262x300.jpg 262w\" sizes=\"(max-width: 585px) 100vw, 585px\" \/><figcaption class=\"wp-element-caption\">T\u00e2che : Fraiser \u00e0 ras et arrondir le chant exc\u00e9dentaire frontal<br><\/figcaption><\/figure>\n<\/div>\n\n\n\n<div class=\"wp-block-column is-layout-flow wp-block-column-is-layout-flow\">\n<figure class=\"wp-block-image size-full is-resized\"><img decoding=\"async\" width=\"684\" height=\"824\" src=\"https:\/\/c-hessler.de\/wp-content\/uploads\/2017\/12\/Werkst\u00fcck-nachher-III.jpg\" alt=\"Arrondir le bord coll\u00e9 au coin avec R2.\" class=\"wp-image-10898\" style=\"aspect-ratio:0.8301103078038363;width:546px;height:auto\" srcset=\"https:\/\/c-hessler.de\/wp-content\/uploads\/2017\/12\/Werkst\u00fcck-nachher-III.jpg 684w, https:\/\/c-hessler.de\/wp-content\/uploads\/2017\/12\/Werkst\u00fcck-nachher-III-150x181.jpg 150w, https:\/\/c-hessler.de\/wp-content\/uploads\/2017\/12\/Werkst\u00fcck-nachher-III-510x614.jpg 510w, https:\/\/c-hessler.de\/wp-content\/uploads\/2017\/12\/Werkst\u00fcck-nachher-III-249x300.jpg 249w\" sizes=\"(max-width: 684px) 100vw, 684px\" \/><figcaption class=\"wp-element-caption\">Solution : coin arrondi en bas, en haut et sur le c\u00f4t\u00e9<br><\/figcaption><\/figure>\n<\/div>\n<\/div>\n<\/div>\n<\/div>\n\n\n\n<div class=\"wp-block-columns are-vertically-aligned-center is-layout-flex wp-container-core-columns-is-layout-28f84493 wp-block-columns-is-layout-flex\">\n<div class=\"wp-block-column is-vertically-aligned-center is-layout-flow wp-block-column-is-layout-flow\">\n<h2 class=\"wp-block-heading title has-text-color\" id=\"h-merkmale-zum-system\" style=\"color:#131315\"><strong>Caract\u00e9ristiques du syst\u00e8me<\/strong><\/h2>\n\n\n\n<h5 class=\"wp-block-heading title has-text-color\" id=\"h-anwendungsgebiet\" style=\"color:#131315\">Domaine d'application<\/h5>\n\n\n\n<p>Arrondir les bords coll\u00e9s sur la face.<\/p>\n\n\n\n<p>Par rapport \u00e0 un groupe de copiage sur une plaqueuse de chants, un arrondi d'angle tr\u00e8s \u00e9conomique.<\/p>\n\n\n\n<h5 class=\"wp-block-heading\" id=\"h-funktion-und-bedienung\">Fonctionnement et utilisation<\/h5>\n\n\n\n<ul class=\"wp-block-list\">\n<li>La fraiseuse de chants est fix\u00e9e dans le syst\u00e8me d'angle.<\/li>\n\n\n\n<li>Le palier de but\u00e9e de la fraise est guid\u00e9 en sens inverse depuis le premier c\u00f4t\u00e9 jusqu'au c\u00f4t\u00e9 oppos\u00e9 en passant par l'angle.<\/li>\n<\/ul>\n\n\n\n<h5 class=\"wp-block-heading\" id=\"h-preis\">Prix<\/h5>\n\n\n\n<p>Pour que l'arrondi des angles soit r\u00e9ussi, un guidage pr\u00e9cis doit \u00eatre possible, surtout avec une machine \u00e9lectrique relativement lourde.<\/p>\n\n\n\n<p>Par exemple, la but\u00e9e pivotante est rectifi\u00e9e pour obtenir des tol\u00e9rances \u00e9troites.  Prix voir ci-dessus.<\/p>\n\n\n\n<h5 class=\"wp-block-heading\" id=\"h-technische-voraussetzungen\">Conditions techniques<\/h5>\n\n\n\n<ul class=\"wp-block-list\">\n<li>La fraise doit avoir un palier de but\u00e9e.<\/li>\n\n\n\n<li>La machine doit avoir un trou de passage dans la table pour la tige filet\u00e9e M8 de la but\u00e9e pivotante.<\/li>\n\n\n\n<li>La surface d'appui marron de la table doit s'arr\u00eater devant la fraise. Si la surface d'appui entoure la fraise, veuillez nous en faire part. Nous adapterons alors l'Ecko en cons\u00e9quence.<\/li>\n<\/ul>\n\n\n\n<h5 class=\"wp-block-heading\" id=\"h-lieferumfang\">Contenu de la livraison<\/h5>\n\n\n\n<ul class=\"wp-block-list\">\n<li>But\u00e9e pivotante<\/li>\n\n\n\n<li>Table avec protection<\/li>\n\n\n\n<li>Insert de col<\/li>\n\n\n\n<li>Frein de palier de but\u00e9e modifi\u00e9<\/li>\n\n\n\n<li>Mode d'emploi<\/li>\n<\/ul>\n<\/div>\n\n\n\n<div class=\"wp-block-column is-vertically-aligned-center is-layout-flow wp-block-column-is-layout-flow\" style=\"flex-basis:60%\">\n<p>R\u00e9glage facile de la but\u00e9e de chant. Cela permet d'emp\u00eacher le pivotement de la fraise dans le chant.<\/p>\n\n\n\n<figure class=\"wp-block-boldblocks-youtube-block\"><div id=\"yb-video-oT24tX9sZoE\" class=\"yb-player\" data-video-id=\"oT24tX9sZoE\" data-title=\"Play\" style=\"background-image:url(https:\/\/img.youtube.com\/vi\/oT24tX9sZoE\/hqdefault.jpg)\"><button type=\"button\" class=\"yb-btn-play\"><span class=\"visually-hidden\">Jouer<\/span><\/button><\/div><figcaption class=\"yb-caption\">Arrondi d'angle Ecko : r\u00e9glage de la but\u00e9e de chant, partie 4 de 5<\/figcaption><\/figure>\n<\/div>\n<\/div>","protected":false},"excerpt":{"rendered":"<p>Arrondi d'angle Ecko VZ 100 90F MFK 1 pour Festool MFK 700 avec trou de passage dans la table, voir photos. Autres affleurements de chants, nous consulter.<\/p>\n<ul>\n<li>Pour un bord parfait : stable, facile \u00e0 manipuler, pr\u00e9cis, durable<\/li>\n<li>Montage tr\u00e8s simple, r\u00e9glage tr\u00e8s facile et rapide<\/li>\n<li>Contenu de la livraison : Ecko comme illustr\u00e9, la fraiseuse de chants n'est pas comprise dans la livraison.<\/li>\n<li>Alternative : arrondir les angles avec de l'air comprim\u00e9, voir <a href=\"https:\/\/c-hessler.de\/fr\/boutique\/rond-de-coin-mz-02-90f\/\">ici<\/a><\/li>\n<\/ul>\n<p>Apr\u00e8s une commande, nous confirmons la commande et envoyons les coordonn\u00e9es bancaires.<\/p>\n<p>Voir la vid\u00e9o ci-dessous.<\/p>","protected":false},"featured_media":10887,"comment_status":"open","ping_status":"closed","template":"","meta":[],"product_brand":[],"product_cat":[58],"product_tag":[],"class_list":{"0":"post-10900","1":"product","2":"type-product","3":"status-publish","4":"has-post-thumbnail","6":"product_cat-handgefuehrte-maschinen","8":"first","9":"instock","10":"taxable","11":"shipping-taxable","12":"purchasable","13":"product-type-simple"},"yoast_head":"<!-- This site is optimized with the Yoast SEO Premium plugin v27.0 (Yoast SEO v27.3) - https:\/\/yoast.com\/product\/yoast-seo-premium-wordpress\/ -->\n<title>Ecken runden mit Festool-Kantenfr\u00e4se<\/title>\n<meta name=\"description\" content=\"Eine perfekte Kante braucht ein perfektes Eckenrunden. Dies gelingt mit der Festool MFK mit dem Eckenrunder-System Ecko. F\u00fcr Holz und Kunststoff.\" \/>\n<meta name=\"robots\" content=\"index, follow, max-snippet:-1, max-image-preview:large, max-video-preview:-1\" \/>\n<link rel=\"canonical\" href=\"https:\/\/c-hessler.de\/fr\/boutique\/systeme-dangle-arrondi-ecko-vz-100-90f-mfk-1\/\" \/>\n<meta property=\"og:locale\" content=\"fr_FR\" \/>\n<meta property=\"og:type\" content=\"article\" \/>\n<meta property=\"og:title\" content=\"Eckenrunder-System Ecko VZ 100 90F MFK 1\" \/>\n<meta property=\"og:description\" content=\"Eine perfekte Kante braucht ein perfektes Eckenrunden. Dies gelingt mit der Festool MFK mit dem Eckenrunder-System Ecko. F\u00fcr Holz und Kunststoff.\" \/>\n<meta property=\"og:url\" content=\"https:\/\/c-hessler.de\/fr\/boutique\/systeme-dangle-arrondi-ecko-vz-100-90f-mfk-1\/\" \/>\n<meta property=\"og:site_name\" content=\"Dr. Christoph He\u00dfler Maschinensysteme\" \/>\n<meta property=\"article:publisher\" content=\"https:\/\/www.facebook.com\/DrChristophHesslerMaschinensysteme\/\" \/>\n<meta property=\"article:modified_time\" content=\"2025-12-10T14:10:02+00:00\" \/>\n<meta property=\"og:image\" content=\"https:\/\/c-hessler.de\/wp-content\/uploads\/2017\/12\/P1010019-freigestellt-III.png\" \/>\n\t<meta property=\"og:image:width\" content=\"2048\" \/>\n\t<meta property=\"og:image:height\" content=\"1536\" \/>\n\t<meta property=\"og:image:type\" content=\"image\/png\" \/>\n<meta name=\"twitter:label1\" content=\"Prix\" \/>\n\t<meta name=\"twitter:data1\" content=\"320,00&nbsp;&euro; ohne MwSt.\" \/>\n\t<meta name=\"twitter:label2\" content=\"Disponibilit\u00e9\" \/>\n\t<meta name=\"twitter:data2\" content=\"En stock\" \/>\n<script type=\"application\/ld+json\" class=\"yoast-schema-graph\">{\"@context\":\"https:\\\/\\\/schema.org\",\"@graph\":[{\"@type\":\"WebPage\",\"@id\":\"https:\\\/\\\/c-hessler.de\\\/shop\\\/eckenrunder-system-ecko-vz-100-90f-mfk-1\\\/\",\"url\":\"https:\\\/\\\/c-hessler.de\\\/shop\\\/eckenrunder-system-ecko-vz-100-90f-mfk-1\\\/\",\"name\":\"Ecken runden mit Festool-Kantenfr\u00e4se\",\"isPartOf\":{\"@id\":\"https:\\\/\\\/c-hessler.de\\\/#website\"},\"primaryImageOfPage\":{\"@id\":\"https:\\\/\\\/c-hessler.de\\\/shop\\\/eckenrunder-system-ecko-vz-100-90f-mfk-1\\\/#primaryimage\"},\"image\":{\"@id\":\"https:\\\/\\\/c-hessler.de\\\/shop\\\/eckenrunder-system-ecko-vz-100-90f-mfk-1\\\/#primaryimage\"},\"thumbnailUrl\":\"https:\\\/\\\/c-hessler.de\\\/wp-content\\\/uploads\\\/2017\\\/12\\\/P1010019-freigestellt-III.png\",\"datePublished\":\"2017-12-05T23:43:22+00:00\",\"dateModified\":\"2025-12-10T14:10:02+00:00\",\"description\":\"Eine perfekte Kante braucht ein perfektes Eckenrunden. Dies gelingt mit der Festool MFK mit dem Eckenrunder-System Ecko. F\u00fcr Holz und Kunststoff.\",\"breadcrumb\":{\"@id\":\"https:\\\/\\\/c-hessler.de\\\/shop\\\/eckenrunder-system-ecko-vz-100-90f-mfk-1\\\/#breadcrumb\"},\"inLanguage\":\"fr-FR\",\"potentialAction\":[{\"@type\":\"ReadAction\",\"target\":[\"https:\\\/\\\/c-hessler.de\\\/shop\\\/eckenrunder-system-ecko-vz-100-90f-mfk-1\\\/\"]}]},{\"@type\":\"ImageObject\",\"inLanguage\":\"fr-FR\",\"@id\":\"https:\\\/\\\/c-hessler.de\\\/shop\\\/eckenrunder-system-ecko-vz-100-90f-mfk-1\\\/#primaryimage\",\"url\":\"https:\\\/\\\/c-hessler.de\\\/wp-content\\\/uploads\\\/2017\\\/12\\\/P1010019-freigestellt-III.png\",\"contentUrl\":\"https:\\\/\\\/c-hessler.de\\\/wp-content\\\/uploads\\\/2017\\\/12\\\/P1010019-freigestellt-III.png\",\"width\":2048,\"height\":1536,\"caption\":\"Die Komponenten des Eckenrunder-Systems Ecko\"},{\"@type\":\"BreadcrumbList\",\"@id\":\"https:\\\/\\\/c-hessler.de\\\/shop\\\/eckenrunder-system-ecko-vz-100-90f-mfk-1\\\/#breadcrumb\",\"itemListElement\":[{\"@type\":\"ListItem\",\"position\":1,\"name\":\"Produkte\",\"item\":\"https:\\\/\\\/c-hessler.de\\\/produkte\\\/\"},{\"@type\":\"ListItem\",\"position\":2,\"name\":\"Eckenrunder-System Ecko VZ 100 90F MFK 1\"}]},{\"@type\":\"WebSite\",\"@id\":\"https:\\\/\\\/c-hessler.de\\\/#website\",\"url\":\"https:\\\/\\\/c-hessler.de\\\/\",\"name\":\"www.c-hessler.de\",\"description\":\"\",\"publisher\":{\"@id\":\"https:\\\/\\\/c-hessler.de\\\/#organization\"},\"potentialAction\":[{\"@type\":\"SearchAction\",\"target\":{\"@type\":\"EntryPoint\",\"urlTemplate\":\"https:\\\/\\\/c-hessler.de\\\/?s={search_term_string}\"},\"query-input\":{\"@type\":\"PropertyValueSpecification\",\"valueRequired\":true,\"valueName\":\"search_term_string\"}}],\"inLanguage\":\"fr-FR\"},{\"@type\":\"Organization\",\"@id\":\"https:\\\/\\\/c-hessler.de\\\/#organization\",\"name\":\"Dr. Christoph He\u00dfler Maschinensysteme\",\"alternateName\":\"Dr. Christoph He\u00dfler Maschinensysteme\",\"url\":\"https:\\\/\\\/c-hessler.de\\\/\",\"logo\":{\"@type\":\"ImageObject\",\"inLanguage\":\"fr-FR\",\"@id\":\"https:\\\/\\\/c-hessler.de\\\/#\\\/schema\\\/logo\\\/image\\\/\",\"url\":\"https:\\\/\\\/c-hessler.de\\\/wp-content\\\/uploads\\\/2026\\\/02\\\/Draw-03-150312-110115-Ausgeschnitten-I.jpg\",\"contentUrl\":\"https:\\\/\\\/c-hessler.de\\\/wp-content\\\/uploads\\\/2026\\\/02\\\/Draw-03-150312-110115-Ausgeschnitten-I.jpg\",\"width\":445,\"height\":394,\"caption\":\"Dr. Christoph He\u00dfler Maschinensysteme\"},\"image\":{\"@id\":\"https:\\\/\\\/c-hessler.de\\\/#\\\/schema\\\/logo\\\/image\\\/\"},\"sameAs\":[\"https:\\\/\\\/www.facebook.com\\\/DrChristophHesslerMaschinensysteme\\\/\",\"https:\\\/\\\/www.pinterest.de\\\/hesstools\\\/\",\"https:\\\/\\\/www.youtube.com\\\/channel\\\/UCaNnXDGGF_BiYFQZ2kJgi-A?view_as=subscriber\"],\"description\":\"1. Ecken- und Kantenfr\u00e4sen f\u00fcr Tischler und Schreiner, Sonderanfertigungen 2. Auch f\u00fcr die Nachbearbeitung von Eck-Schwei\u00dfn\u00e4hten bei Aluminium-Werkstoffen, f\u00fcr Fahrzeugbauer oder Metallbauer aller Art\",\"email\":\"christoph.hessler@c-hessler.de\",\"telephone\":\"0527413012080\",\"legalName\":\"Dr. Christoph He\u00dfler Maschinensysteme\",\"foundingDate\":\"2003-06-05\",\"vatID\":\"DE230070107\",\"numberOfEmployees\":{\"@type\":\"QuantitativeValue\",\"minValue\":\"1\",\"maxValue\":\"10\"}}]}<\/script>\n<meta property=\"product:price:amount\" content=\"320.00\" \/>\n<meta property=\"product:price:currency\" content=\"EUR\" \/>\n<meta property=\"og:availability\" content=\"instock\" \/>\n<meta property=\"product:availability\" content=\"instock\" \/>\n<meta property=\"product:retailer_item_id\" content=\"eckenrunder-system-ecko-vz-100-90f-mfk-1\" \/>\n<meta property=\"product:condition\" content=\"new\" \/>\n<!-- \/ Yoast SEO Premium plugin. -->","yoast_head_json":{"title":"Arrondir les angles avec une fraiseuse d'ar\u00eates Festool","description":"Une ar\u00eate parfaite n\u00e9cessite un arrondi d'angle parfait. C'est possible avec la Festool MFK \u00e9quip\u00e9e du syst\u00e8me d'arrondi d'angle Ecko. Pour le bois et le plastique.","robots":{"index":"index","follow":"follow","max-snippet":"max-snippet:-1","max-image-preview":"max-image-preview:large","max-video-preview":"max-video-preview:-1"},"canonical":"https:\/\/c-hessler.de\/fr\/boutique\/systeme-dangle-arrondi-ecko-vz-100-90f-mfk-1\/","og_locale":"fr_FR","og_type":"article","og_title":"Eckenrunder-System Ecko VZ 100 90F MFK 1","og_description":"Eine perfekte Kante braucht ein perfektes Eckenrunden. Dies gelingt mit der Festool MFK mit dem Eckenrunder-System Ecko. F\u00fcr Holz und Kunststoff.","og_url":"https:\/\/c-hessler.de\/fr\/boutique\/systeme-dangle-arrondi-ecko-vz-100-90f-mfk-1\/","og_site_name":"Dr. Christoph He\u00dfler Maschinensysteme","article_publisher":"https:\/\/www.facebook.com\/DrChristophHesslerMaschinensysteme\/","article_modified_time":"2025-12-10T14:10:02+00:00","og_image":[{"width":2048,"height":1536,"url":"https:\/\/c-hessler.de\/wp-content\/uploads\/2017\/12\/P1010019-freigestellt-III.png","type":"image\/png"}],"twitter_misc":{"Prix":"320,00&nbsp;&euro; ohne MwSt.","Disponibilit\u00e9":"En stock"},"schema":{"@context":"https:\/\/schema.org","@graph":[{"@type":"WebPage","@id":"https:\/\/c-hessler.de\/shop\/eckenrunder-system-ecko-vz-100-90f-mfk-1\/","url":"https:\/\/c-hessler.de\/shop\/eckenrunder-system-ecko-vz-100-90f-mfk-1\/","name":"Arrondir les angles avec une fraiseuse d'ar\u00eates Festool","isPartOf":{"@id":"https:\/\/c-hessler.de\/#website"},"primaryImageOfPage":{"@id":"https:\/\/c-hessler.de\/shop\/eckenrunder-system-ecko-vz-100-90f-mfk-1\/#primaryimage"},"image":{"@id":"https:\/\/c-hessler.de\/shop\/eckenrunder-system-ecko-vz-100-90f-mfk-1\/#primaryimage"},"thumbnailUrl":"https:\/\/c-hessler.de\/wp-content\/uploads\/2017\/12\/P1010019-freigestellt-III.png","datePublished":"2017-12-05T23:43:22+00:00","dateModified":"2025-12-10T14:10:02+00:00","description":"Une ar\u00eate parfaite n\u00e9cessite un arrondi d'angle parfait. C'est possible avec la Festool MFK \u00e9quip\u00e9e du syst\u00e8me d'arrondi d'angle Ecko. Pour le bois et le plastique.","breadcrumb":{"@id":"https:\/\/c-hessler.de\/shop\/eckenrunder-system-ecko-vz-100-90f-mfk-1\/#breadcrumb"},"inLanguage":"fr-FR","potentialAction":[{"@type":"ReadAction","target":["https:\/\/c-hessler.de\/shop\/eckenrunder-system-ecko-vz-100-90f-mfk-1\/"]}]},{"@type":"ImageObject","inLanguage":"fr-FR","@id":"https:\/\/c-hessler.de\/shop\/eckenrunder-system-ecko-vz-100-90f-mfk-1\/#primaryimage","url":"https:\/\/c-hessler.de\/wp-content\/uploads\/2017\/12\/P1010019-freigestellt-III.png","contentUrl":"https:\/\/c-hessler.de\/wp-content\/uploads\/2017\/12\/P1010019-freigestellt-III.png","width":2048,"height":1536,"caption":"Die Komponenten des Eckenrunder-Systems Ecko"},{"@type":"BreadcrumbList","@id":"https:\/\/c-hessler.de\/shop\/eckenrunder-system-ecko-vz-100-90f-mfk-1\/#breadcrumb","itemListElement":[{"@type":"ListItem","position":1,"name":"Produkte","item":"https:\/\/c-hessler.de\/produkte\/"},{"@type":"ListItem","position":2,"name":"Eckenrunder-System Ecko VZ 100 90F MFK 1"}]},{"@type":"WebSite","@id":"https:\/\/c-hessler.de\/#website","url":"https:\/\/c-hessler.de\/","name":"www.c-hessler.de","description":"","publisher":{"@id":"https:\/\/c-hessler.de\/#organization"},"potentialAction":[{"@type":"SearchAction","target":{"@type":"EntryPoint","urlTemplate":"https:\/\/c-hessler.de\/?s={search_term_string}"},"query-input":{"@type":"PropertyValueSpecification","valueRequired":true,"valueName":"search_term_string"}}],"inLanguage":"fr-FR"},{"@type":"Organization","@id":"https:\/\/c-hessler.de\/#organization","name":"Dr. Christoph He\u00dfler Syst\u00e8mes de machines","alternateName":"Dr. Christoph He\u00dfler Maschinensysteme","url":"https:\/\/c-hessler.de\/","logo":{"@type":"ImageObject","inLanguage":"fr-FR","@id":"https:\/\/c-hessler.de\/#\/schema\/logo\/image\/","url":"https:\/\/c-hessler.de\/wp-content\/uploads\/2026\/02\/Draw-03-150312-110115-Ausgeschnitten-I.jpg","contentUrl":"https:\/\/c-hessler.de\/wp-content\/uploads\/2026\/02\/Draw-03-150312-110115-Ausgeschnitten-I.jpg","width":445,"height":394,"caption":"Dr. Christoph He\u00dfler Maschinensysteme"},"image":{"@id":"https:\/\/c-hessler.de\/#\/schema\/logo\/image\/"},"sameAs":["https:\/\/www.facebook.com\/DrChristophHesslerMaschinensysteme\/","https:\/\/www.pinterest.de\/hesstools\/","https:\/\/www.youtube.com\/channel\/UCaNnXDGGF_BiYFQZ2kJgi-A?view_as=subscriber"],"description":"1. Ecken- und Kantenfr\u00e4sen f\u00fcr Tischler und Schreiner, Sonderanfertigungen 2. Auch f\u00fcr die Nachbearbeitung von Eck-Schwei\u00dfn\u00e4hten bei Aluminium-Werkstoffen, f\u00fcr Fahrzeugbauer oder Metallbauer aller Art","email":"christoph.hessler@c-hessler.de","telephone":"0527413012080","legalName":"Dr. Christoph He\u00dfler Maschinensysteme","foundingDate":"2003-06-05","vatID":"DE230070107","numberOfEmployees":{"@type":"QuantitativeValue","minValue":"1","maxValue":"10"}}]},"product_price_amount":"320.00","product_price_currency":"EUR","og_availability":"instock","product_availability":"instock","product_retailer_item_id":"eckenrunder-system-ecko-vz-100-90f-mfk-1","product_condition":"new"},"_links":{"self":[{"href":"https:\/\/c-hessler.de\/fr\/wp-json\/wp\/v2\/product\/10900","targetHints":{"allow":["GET"]}}],"collection":[{"href":"https:\/\/c-hessler.de\/fr\/wp-json\/wp\/v2\/product"}],"about":[{"href":"https:\/\/c-hessler.de\/fr\/wp-json\/wp\/v2\/types\/product"}],"replies":[{"embeddable":true,"href":"https:\/\/c-hessler.de\/fr\/wp-json\/wp\/v2\/comments?post=10900"}],"wp:featuredmedia":[{"embeddable":true,"href":"https:\/\/c-hessler.de\/fr\/wp-json\/wp\/v2\/media\/10887"}],"wp:attachment":[{"href":"https:\/\/c-hessler.de\/fr\/wp-json\/wp\/v2\/media?parent=10900"}],"wp:term":[{"taxonomy":"product_brand","embeddable":true,"href":"https:\/\/c-hessler.de\/fr\/wp-json\/wp\/v2\/product_brand?post=10900"},{"taxonomy":"product_cat","embeddable":true,"href":"https:\/\/c-hessler.de\/fr\/wp-json\/wp\/v2\/product_cat?post=10900"},{"taxonomy":"product_tag","embeddable":true,"href":"https:\/\/c-hessler.de\/fr\/wp-json\/wp\/v2\/product_tag?post=10900"}],"curies":[{"name":"wp","href":"https:\/\/api.w.org\/{rel}","templated":true}]}}